{"id":1839,"date":"2016-11-02T19:21:44","date_gmt":"2016-11-02T19:21:44","guid":{"rendered":"http:\/\/www.paripari-lingerie.com\/beta_\/?page_id=1839"},"modified":"2024-12-20T00:21:02","modified_gmt":"2024-12-19T23:21:02","slug":"strona-glowna","status":"publish","type":"page","link":"https:\/\/www.paripari-lingerie.com\/de\/","title":{"rendered":"Home"},"content":{"rendered":"<p><\/p>\n<div id=\"MainDivBottomText\">\n<h1>PariPari Dessous<\/h1>\n<p>PariPari ist eine moderne Damenw\u00e4schemarke, die fast 30 Jahre Erfahrung in der W\u00e4schebranche in Polen und im Ausland mit Offenheit f\u00fcr neue Trends, originelle Ideen und innovative L\u00f6sungen verbindet. Die Produkte von PariPari sind von h\u00f6chster Qualit\u00e4t und richten sich sowohl an zierliche Frauen als auch an Damen, die gr\u00f6\u00dfere Gr\u00f6\u00dfen tragen. In unserer Kollektion finden Sie klassische Dessous-Sets, Strumpfhalter, Unterhemden, Nachthemden, Slips, Strings, hochgeschnittene Slips, originelle H\u00f6schen, weiche BHs und Push-up-BHs. Wir bieten auch ein Modell f\u00fcr stillende M\u00fctter mit abnehmbaren Tr\u00e4gern \u2013 Jasmine.<\/p>\n<h2>Polnische Dessous<\/h2>\n<p>Die Dessous von PariPari stehen f\u00fcr h\u00f6chste Qualit\u00e4t. Als W\u00e4schehersteller fertigen wir unsere einzigartigen Designs in Polen aus den besten Materialien, darunter sch\u00f6ne und elegante Spitze, einzigartige Stickereien, weicher T\u00fcll und bequeme Mikrofaser. Jedes Detail unserer Produkte wird mit gr\u00f6\u00dfter Sorgfalt gefertigt. Die Dessous von PariPari, die durch ihren unverwechselbaren Stil bestechen, sind das ideale Geschenk f\u00fcr jede besondere Frau, sowohl f\u00fcr den Alltag als auch f\u00fcr besondere Anl\u00e4sse wie Verlobungen, Geburtstage, Feiertage, Valentinstag oder die sch\u00f6nsten Momente des Lebens wie eine Hochzeit.<\/p>\n<h2>Sinnliche Dessous<\/h2>\n<p>Wir sind \u00fcberzeugt, dass die exklusiven Dessous von PariPari die Tr\u00e4ume der Frauen erf\u00fcllen und die M\u00e4nner mit sinnlichen Designs erfreuen. Um die Sch\u00f6nheit unserer Modelle noch mehr hervorzuheben, haben wir einzigartige Verpackungen entwickelt, die sich zu einer eleganten Pyramide formen lassen. F\u00fcgen Sie einfach ein Band hinzu, und Sie haben ein au\u00dfergew\u00f6hnliches Geschenk \u2013 nicht nur in Bezug auf die Verpackung, sondern vor allem auf das, was sich im Inneren verbirgt.\n<\/p><\/div>\n<p style=\"text-align: right;\"><\/p>\n<p><\/p>","protected":false},"excerpt":{"rendered":"<p>PariPari Dessous PariPari ist eine moderne Damenw\u00e4schemarke, die fast 30 Jahre Erfahrung in der W\u00e4schebranche in Polen und im Ausland mit Offenheit f\u00fcr neue Trends, originelle Ideen und innovative L\u00f6sungen verbindet. Die Produkte von PariPari sind von h\u00f6chster Qualit\u00e4t und richten sich sowohl an zierliche Frauen als auch an Damen, die gr\u00f6\u00dfere Gr\u00f6\u00dfen tragen. In [&hellip;]<\/p>\n","protected":false},"author":1,"featured_media":0,"parent":0,"menu_order":2,"comment_status":"closed","ping_status":"closed","template":"","meta":{"footnotes":""},"class_list":["post-1839","page","type-page","status-publish","czr-hentry"],"_links":{"self":[{"href":"https:\/\/www.paripari-lingerie.com\/de\/wp-json\/wp\/v2\/pages\/1839","targetHints":{"allow":["GET"]}}],"collection":[{"href":"https:\/\/www.paripari-lingerie.com\/de\/wp-json\/wp\/v2\/pages"}],"about":[{"href":"https:\/\/www.paripari-lingerie.com\/de\/wp-json\/wp\/v2\/types\/page"}],"author":[{"embeddable":true,"href":"https:\/\/www.paripari-lingerie.com\/de\/wp-json\/wp\/v2\/users\/1"}],"replies":[{"embeddable":true,"href":"https:\/\/www.paripari-lingerie.com\/de\/wp-json\/wp\/v2\/comments?post=1839"}],"version-history":[{"count":9,"href":"https:\/\/www.paripari-lingerie.com\/de\/wp-json\/wp\/v2\/pages\/1839\/revisions"}],"predecessor-version":[{"id":3729,"href":"https:\/\/www.paripari-lingerie.com\/de\/wp-json\/wp\/v2\/pages\/1839\/revisions\/3729"}],"wp:attachment":[{"href":"https:\/\/www.paripari-lingerie.com\/de\/wp-json\/wp\/v2\/media?parent=1839"}],"curies":[{"name":"wp","href":"https:\/\/api.w.org\/{rel}","templated":true}]}}