{"id":1843,"date":"2016-12-17T09:15:07","date_gmt":"2016-12-17T08:15:07","guid":{"rendered":"http:\/\/www.paripari-lingerie.com\/beta_\/cookie-policy\/"},"modified":"2024-12-20T00:29:12","modified_gmt":"2024-12-19T23:29:12","slug":"cookie-policy","status":"publish","type":"page","link":"https:\/\/www.paripari-lingerie.com\/de\/cookie-policy\/","title":{"rendered":"Cookie-Ratgeber"},"content":{"rendered":"<p>Cookies sind f\u00fcr die optimale Nutzung einer Website grundlegend. Man kann sagen, dass sie tats\u00e4chlich auf fast allen Websites zum Einsatz kommen. Mit Cookies werden Ihre bevorzugten Einstellungen und andere Informationen gespeichert, mit denen wir unsere Website verbessern k\u00f6nnen. Es gibt jedoch keinen Anlass zur Sorge, denn Sie k\u00f6nnen \u00fcber keine der von uns gesammelten Informationen pers\u00f6nlich identifiziert werden.<\/p>\n<h2>PariPari Cookie-Ratgeber<\/h2>\n<p>PariPari nutzt Technologien wie Cookies, Pixel und lokale Speicherung, um die Nutzung seiner Websites zu erleichtern und Ihnen an Ihren Informationsbedarf angepasste Inhalte zu vermitteln. Dieser Ratgeber veranschaulicht die Bedeutung von Cookies, den Zweck der auf den PariPari Websites verwendeten Cookies, sowie Ihre M\u00f6glichkeiten, Cookies zu kontrollieren oder \u2013 wenn Sie dies m\u00f6chten \u2013 zu l\u00f6schen.<\/p>\n<h2>Was ist ein Cookie?<\/h2>\n<p>Fast jede Website nutzt Cookie-Technologie. Ein Cookie ist eine kleine Datei, die Interneteinstellungen speichert. Er wird beim ersten Besuch einer Website \u00fcber einen Browser heruntergeladen. Wenn Sie diese Website das n\u00e4chste Mal mit demselben Ger\u00e4t besuchen, pr\u00fcft der Browser, ob ein entsprechender Cookie vorhanden ist (d. h. den Website-Namen enth\u00e4lt). Er sendet die in dem Cookie gespeicherten Daten zur\u00fcck zur Website. Auf diese Weise k\u00f6nnen Websites erkennen, ob der Browser die Website bereits besucht hat. In einigen F\u00e4llen k\u00f6nnen entsprechend variierende Inhalte angezeigt werden.<\/p>\n<h2>Vorteile von Cookies<\/h2>\n<p>Einige Cookies sind \u00e4u\u00dferst n\u00fctzlich, da sie bei wiederkehrenden Website-Besuchen f\u00fcr mehr Benutzerfreundlichkeit sorgen. Cookies k\u00f6nnen, vorausgesetzt Sie verwenden dasselbe Ger\u00e4t und denselben Browser, Ihre Einstellungen speichern, uns Informationen \u00fcber Ihre Verwendung unserer Website vermitteln und Inhalte anzeigen, die Ihren Interessen und Bed\u00fcrfnissen st\u00e4rker entsprechen. Keine auf unseren Websites verwendeten Cookies sammeln Daten, die Sie pers\u00f6nlich identifizierbar machen.<\/p>\n<h2>Cookies kontrollieren und l\u00f6schen<\/h2>\n<p>Sie k\u00f6nnen die Verwendung von Cookies durch einen Browser, einschlie\u00dflich dem Blockieren und L\u00f6schen von Cookies der PariPari Websites (oder jeder anderen Website) in den Browsereinstellungen \u00e4ndern.<\/p>\n<p>Die meisten Browser gestatten Ihnen, Cookies zu kontrollieren, indem Sie alle Cookies akzeptieren oder zur\u00fcckweisen, nur bestimmte Cookie-Typen akzeptieren, oder festlegen, dass Sie gewarnt werden wollen, wenn eine Website einen Cookie speichern m\u00f6chte. Bereits von einem Browser auf Ihrem Ger\u00e4t gespeicherte Cookies lassen sich einfach l\u00f6schen.<\/p>\n<p>Die Vorgehensweise beim Kontrollieren und L\u00f6schen von Cookies ist von dem verwendeten Browser abh\u00e4ngig. Informationen dazu finden Sie in der Hilfe Ihres Browsers. Alternativ dazu k\u00f6nnen Sie die Website http:\/\/www.aboutcookies.org besuchen. Dort erfahren Sie in Schritt-f\u00fcr-Schritt-Anleitungen, wie Sie die Cookies in den meisten Browsern kontrollieren und l\u00f6schen k\u00f6nnen.<\/p>","protected":false},"excerpt":{"rendered":"<p>Cookies sind f\u00fcr die optimale Nutzung einer Website grundlegend. Man kann sagen, dass sie tats\u00e4chlich auf fast allen Websites zum Einsatz kommen. Mit Cookies werden Ihre bevorzugten Einstellungen und andere Informationen gespeichert, mit denen wir unsere Website verbessern k\u00f6nnen. Es gibt jedoch keinen Anlass zur Sorge, denn Sie k\u00f6nnen \u00fcber keine der von uns gesammelten [&hellip;]<\/p>\n","protected":false},"author":1,"featured_media":0,"parent":0,"menu_order":7,"comment_status":"closed","ping_status":"closed","template":"","meta":{"footnotes":""},"class_list":["post-1843","page","type-page","status-publish","czr-hentry"],"_links":{"self":[{"href":"https:\/\/www.paripari-lingerie.com\/de\/wp-json\/wp\/v2\/pages\/1843","targetHints":{"allow":["GET"]}}],"collection":[{"href":"https:\/\/www.paripari-lingerie.com\/de\/wp-json\/wp\/v2\/pages"}],"about":[{"href":"https:\/\/www.paripari-lingerie.com\/de\/wp-json\/wp\/v2\/types\/page"}],"author":[{"embeddable":true,"href":"https:\/\/www.paripari-lingerie.com\/de\/wp-json\/wp\/v2\/users\/1"}],"replies":[{"embeddable":true,"href":"https:\/\/www.paripari-lingerie.com\/de\/wp-json\/wp\/v2\/comments?post=1843"}],"version-history":[{"count":6,"href":"https:\/\/www.paripari-lingerie.com\/de\/wp-json\/wp\/v2\/pages\/1843\/revisions"}],"predecessor-version":[{"id":3737,"href":"https:\/\/www.paripari-lingerie.com\/de\/wp-json\/wp\/v2\/pages\/1843\/revisions\/3737"}],"wp:attachment":[{"href":"https:\/\/www.paripari-lingerie.com\/de\/wp-json\/wp\/v2\/media?parent=1843"}],"curies":[{"name":"wp","href":"https:\/\/api.w.org\/{rel}","templated":true}]}}