{"id":1885,"date":"2017-11-09T16:58:00","date_gmt":"2017-11-09T15:58:00","guid":{"rendered":"http:\/\/www.paripari-lingerie.com\/beta_\/?page_id=1885"},"modified":"2024-12-20T00:25:15","modified_gmt":"2024-12-19T23:25:15","slug":"paripari-privacy-policy","status":"publish","type":"page","link":"https:\/\/www.paripari-lingerie.com\/de\/paripari-privacy-policy\/","title":{"rendered":"PariPari Cookie-RatgeberPariPari Cookie-Ratgeber"},"content":{"rendered":"<p>PariPari nutzt Technologien wie Cookies, Pixel und lokale Speicherung, um die Nutzung seiner Websites zu erleichtern und Ihnen an Ihren Informationsbedarf angepasste Inhalte zu vermitteln. Dieser Ratgeber veranschaulicht die Bedeutung von Cookies, den Zweck der auf den PariPari Websites verwendeten Cookies, sowie Ihre M\u00f6glichkeiten, Cookies zu kontrollieren oder \u2013 wenn Sie dies m\u00f6chten \u2013 zu l\u00f6schen.<\/p>\n<h2>Was ist ein Cookie?<\/h2>\n<p>Fast jede Website nutzt Cookie-Technologie. Ein Cookie ist eine kleine Datei, die Interneteinstellungen speichert. Er wird beim ersten Besuch einer Website \u00fcber einen Browser heruntergeladen. Wenn Sie diese Website das n\u00e4chste Mal mit demselben Ger\u00e4t besuchen, pr\u00fcft der Browser, ob ein entsprechender Cookie vorhanden ist (d. h. den Website-Namen enth\u00e4lt). Er sendet die in dem Cookie gespeicherten Daten zur\u00fcck zur Website. Auf diese Weise k\u00f6nnen Websites erkennen, ob der Browser die Website bereits besucht hat. In einigen F\u00e4llen k\u00f6nnen entsprechend variierende Inhalte angezeigt werden.<\/p>\n<h2>Vorteile von Cookies<\/h2>\n<p>Einige Cookies sind \u00e4u\u00dferst n\u00fctzlich, da sie bei wiederkehrenden Website-Besuchen f\u00fcr mehr Benutzerfreundlichkeit sorgen. Cookies k\u00f6nnen, vorausgesetzt Sie verwenden dasselbe Ger\u00e4t und denselben Browser, Ihre Einstellungen speichern, uns Informationen \u00fcber Ihre Verwendung unserer Website vermitteln und Inhalte anzeigen, die Ihren Interessen und Bed\u00fcrfnissen st\u00e4rker entsprechen. Keine auf unseren Websites verwendeten Cookies sammeln Daten, die Sie pers\u00f6nlich identifizierbar machen.<\/p>\n<h2>Cookies kontrollieren und l\u00f6schen<\/h2>\n<p>Sie k\u00f6nnen die Verwendung von Cookies durch einen Browser, einschlie\u00dflich dem Blockieren und L\u00f6schen von Cookies der PariPari Websites (oder jeder anderen Website) in den Browsereinstellungen \u00e4ndern.<\/p>\n<p>Die meisten Browser gestatten Ihnen, Cookies zu kontrollieren, indem Sie alle Cookies akzeptieren oder zur\u00fcckweisen, nur bestimmte Cookie-Typen akzeptieren, oder festlegen, dass Sie gewarnt werden wollen, wenn eine Website einen Cookie speichern m\u00f6chte. Bereits von einem Browser auf Ihrem Ger\u00e4t gespeicherte Cookies lassen sich einfach l\u00f6schen.<\/p>\n<p>Die Vorgehensweise beim Kontrollieren und L\u00f6schen von Cookies ist von dem verwendeten Browser abh\u00e4ngig. Informationen dazu finden Sie in der Hilfe Ihres Browsers. Alternativ dazu k\u00f6nnen Sie die Website http:\/\/www.aboutcookies.org besuchen. Dort erfahren Sie in Schritt-f\u00fcr-Schritt-Anleitungen, wie Sie die Cookies in den meisten Browsern kontrollieren und l\u00f6schen k\u00f6nnen.<\/p>\n<h2>GDPR<\/h2>\n<p>25 eine wirksame Regulierung des Europ\u00e4ischen Parlaments 2018. Mai und des Rates (EU) zum Schutz nat\u00fcrlicher Personen bei der Verarbeitung personenbezogener Daten und zum freien Datenverkehr in Bezug, bezeichnet als GDPR.<\/p>\n<p>In diesem Zusammenhang m\u00f6chten wir Sie \u00fcber die Regeln informieren f\u00fcr die Verarbeitung von PariPari Ihre pers\u00f6nlichen Daten und Sie werden im Zusammenhang mit den Rechten berechtigt. Wir m\u00f6chten, dass Sie komplettes Wissen haben und damit Komfort die Dienste und die Zusammenarbeit mit PariPari verwenden.<\/p>\n<p>Wir sorgen daf\u00fcr, dass richtig Ihrer Privatsph\u00e4re k\u00fcmmern und in keiner Weise unsere Rechte erh\u00f6hen. Ihre pers\u00f6nlichen Daten sind bei uns sicher, und der Zustimmung zur Erfassung und Verarbeitung, k\u00f6nnen Sie jederzeit in \u00dcbereinstimmung mit den folgenden entziehen \u201eInformationen \u00fcber den Schutz pers\u00f6nlicher Daten.\u201c<\/p>\n<p><strong>Informationen \u00fcber den Datenschutz<\/strong><\/p>\n<p>PariPari sp. o.o. mit Sitz in ul. 36 Filomat\u00f3w, 42-217 Czestochowa, ( \u201ewir\u201c oder \u201ePariPari\u201c), als Administrator der pers\u00f6nlichen Daten sammelt Ihre pers\u00f6nlichen Daten erhalten, wenn sie mit Ihnen und w\u00e4hrend seiner Dauer ( \u201ePers\u00f6nliche Daten\u201c), insbesondere \u00fcber die Zusammenarbeit:<\/p>\n<p>Name (n) und Nachname, E-Mail-Adresse, Adresse, Firma vertreten Unternehmen, die Telefonnummer, Position,<\/p>\n<p>f\u00fcr Gesch\u00e4ftsprozess zus\u00e4tzlich: NIP, REGON, Adresse, Kontonummer,<\/p>\n<p>Wir sammeln Ihre pers\u00f6nlichen Daten zu folgenden Zwecken:<\/p>\n<p>Festlegung und Durchf\u00fchrung unserer Gesch\u00e4ftsbeziehung verbindet, f\u00fcr Sie die Dienstleistungen bieten wir anbieten, darunter insbesondere der Verkauf und die Lieferung der bestellten Ware und Zahlungsabwicklung, Reklamationsbearbeitung,<\/p>\n<p>PariPari Erf\u00fcllung der Verpflichtungen nach den gesetzlichen Bestimmungen, insbesondere die Emission oder der Aufbewahrung von Rechnungen und Rechnungsunterlagen und f\u00fcr Archivierungszwecke<\/p>\n<p>PariPari Rechtsschutz in \u00dcbereinstimmung mit dem Gesetz, insbesondere die Untersuchung der \u00fcberf\u00e4lligen Zahlungen im Rahmen der Inkassoverfahren und Klagen<\/p>\n<p>Ihre Kreditw\u00fcrdigkeit und Kreditf\u00e4higkeit zu \u00fcberpr\u00fcfen, wenn Sie Kreditlimit sowie zur Sicherung aufgrund PariPari Zahlung (den B\u00fcrgschaftsvertrages und anderer Sicherheiten), das berechtigten Interesses der PariPari im Sinne der Bestimmungen \u00fcber den Schutz personenbezogener Daten, einschlie\u00dflich der Durchf\u00fchrung der Vermarktung von Produkten und Dienstleistungen PariPari (Direktmarketing-Erteilung )<\/p>\n<p>PariPari kann f\u00fcr folgende Zwecke in diesem Dokument angegebenen personenbezogenen Daten an Dritte \u00fcbertragen:<\/p>\n<p>Unternehmen, mit denen PariPari eine Kooperationsvereinbarung ( \u201eData-Prozessor\u201c) zum Zweck der Verbindung mit uns den Vertrag mit Ihnen, der Erf\u00fcllung der Verpflichtungen PariPari gesetzlich vorgesehen, zum Schutz der Rechte PariPari \u00dcbereinstimmung mit dem Gesetz und der Umsetzung der berechtigten Interesse PariPari im Sinne der Bestimmungen \u00fcber den Schutz personenbezogener Daten unterzeichnet hat; insbesondere PariPari k\u00f6nnen Ihre pers\u00f6nlichen Daten an Unternehmen wie Banken, Inkassob\u00fcros, Buchhaltung Dienstleister, Hosting-Dienstleister, Unternehmen, die Post- und Kurierdienste \u00fcbertragen, die Unternehmen, die wir mit Marketing-Dienstleistungen zur Verf\u00fcgung zu stellen arbeiten. Solche Einheiten werden im Rahmen der mit PariPari geschlossenen Vertr\u00e4gen erforderlich sein, um geeignete Sicherheitsma\u00dfnahmen, technische und organisatorische Ma\u00dfnahmen gelten pers\u00f6nliche Daten zu sch\u00fctzen und sie nur in \u00dcbereinstimmung mit den Anweisungen von PariPari zu verarbeiten,<\/p>\n<p>Aufsichtsbeh\u00f6rden, Beh\u00f6rden und andere Dritten; wenn dies erforderlich ist, um die Ziele zu erreichen oben genannten und die Verpflichtungen nach dem Gesetz k\u00f6nnen pers\u00f6nliche Daten \u00fcbertragen werden an Aufsichtsbeh\u00f6rden, Gerichte und anderen Beh\u00f6rden (z. B. die Steuerbeh\u00f6rden und Strafverfolgungsbeh\u00f6rden), unabh\u00e4ngige Berater extern (z. B. die Rechnungspr\u00fcfer) oder Einrichtungen ergeben, zu erf\u00fcllen Gew\u00e4hrung von Vorteilen.<\/p>\n<p>PariPari verpflichtet sich, die entsprechenden Sicherheitsma\u00dfnahmen anzuwenden, sowohl technische als auch organisatorische, Ihre pers\u00f6nlichen Daten zu sch\u00fctzen. Pers\u00f6nliche Daten werden von PariPari und \/ oder Verarbeitung von Daten, nur f\u00fcr die Zeit gespeichert werden, notwendig, um die Ziele zu erreichen, f\u00fcr die die Daten erhoben werden, die Verpflichtungen aus den Bestimmungen des Gesetzes ergeben, ein H\u00f6chstma\u00df an Sicherheit Materialien, die f\u00fcr Gerichtsverfahren (einschlie\u00dflich Steuern) und jede zeitliche Begrenzung f\u00fcr Anspr\u00fcche und Ihre PariPari.<\/p>\n<p>Sie haben die Rechte f\u00fcr den Schutz personenbezogener Daten. In \u00dcbereinstimmung mit dem Gesetz geltenden Datenschutz, sind Sie berechtigt, an die zust\u00e4ndige Aufsichtsbeh\u00f6rde zu beschweren (dh. Der Pr\u00e4sident des Amtes f\u00fcr Schutz von personenbezogenen Daten oder K\u00f6rper seines Nachfolgers).<\/p>\n<p>Dar\u00fcber hinaus haben Sie das Recht auf:<\/p>\n<p>Anfrage vom Administrator Zugriff auf die Dame \/ Herr der pers\u00f6nlichen Daten,<\/p>\n<p>eine Anfrage Berichtigung vom Administrator Frau \/ Herr pers\u00f6nlichen Daten<\/p>\n<p>Anfrage vom Administrator Frau \/ Herrn pers\u00f6nliche Daten l\u00f6schen<\/p>\n<p>Anfrage vom Administrator reduce Verarbeitung Dame \/ Herr personenbezogener Daten,<\/p>\n<p>Objekt der Verarbeitung Sie \/ Ihre pers\u00f6nlichen Daten , \u00dcbertragung Ihrer pers\u00f6nlichen Daten, Einreichung einer Beschwerde bei der Aufsichtsbeh\u00f6rde. Wenn Sie Fragen zu personenbezogenen Daten haben oder Datenschutzrechte aus\u00fcben, wenden Sie sich bitte an PariPari unter: Filomat\u00f3w 36, 42-217 Cz\u0119stochowa, Polen oder per E-Mail: info (at) paripari-lingerie.com<\/p>","protected":false},"excerpt":{"rendered":"<p>PariPari nutzt Technologien wie Cookies, Pixel und lokale Speicherung, um die Nutzung seiner Websites zu erleichtern und Ihnen an Ihren Informationsbedarf angepasste Inhalte zu vermitteln. Dieser Ratgeber veranschaulicht die Bedeutung von Cookies, den Zweck der auf den PariPari Websites verwendeten Cookies, sowie Ihre M\u00f6glichkeiten, Cookies zu kontrollieren oder \u2013 wenn Sie dies m\u00f6chten \u2013 zu [&hellip;]<\/p>\n","protected":false},"author":1,"featured_media":0,"parent":0,"menu_order":8,"comment_status":"closed","ping_status":"closed","template":"","meta":{"footnotes":""},"class_list":["post-1885","page","type-page","status-publish","czr-hentry"],"_links":{"self":[{"href":"https:\/\/www.paripari-lingerie.com\/de\/wp-json\/wp\/v2\/pages\/1885","targetHints":{"allow":["GET"]}}],"collection":[{"href":"https:\/\/www.paripari-lingerie.com\/de\/wp-json\/wp\/v2\/pages"}],"about":[{"href":"https:\/\/www.paripari-lingerie.com\/de\/wp-json\/wp\/v2\/types\/page"}],"author":[{"embeddable":true,"href":"https:\/\/www.paripari-lingerie.com\/de\/wp-json\/wp\/v2\/users\/1"}],"replies":[{"embeddable":true,"href":"https:\/\/www.paripari-lingerie.com\/de\/wp-json\/wp\/v2\/comments?post=1885"}],"version-history":[{"count":9,"href":"https:\/\/www.paripari-lingerie.com\/de\/wp-json\/wp\/v2\/pages\/1885\/revisions"}],"predecessor-version":[{"id":3733,"href":"https:\/\/www.paripari-lingerie.com\/de\/wp-json\/wp\/v2\/pages\/1885\/revisions\/3733"}],"wp:attachment":[{"href":"https:\/\/www.paripari-lingerie.com\/de\/wp-json\/wp\/v2\/media?parent=1885"}],"curies":[{"name":"wp","href":"https:\/\/api.w.org\/{rel}","templated":true}]}}