{"id":2519,"date":"2018-07-10T14:17:49","date_gmt":"2018-07-10T13:17:49","guid":{"rendered":"https:\/\/www.paripari-lingerie.com\/?page_id=2519"},"modified":"2024-12-20T11:52:06","modified_gmt":"2024-12-20T10:52:06","slug":"cassi-black","status":"publish","type":"page","link":"https:\/\/www.paripari-lingerie.com\/de\/collection\/cassi-black\/","title":{"rendered":"CASSI SCHWARZ"},"content":{"rendered":"<p><br \/>\n<\/p>\n<p style=\"text-align: center;\"><style type=\"text\/css\" scoped>.rbs_gallery_69e1c0116c125Spinner{\r\n\t\t\t\tmargin: 50px auto;\r\n\t\t\t\twidth: 50px;\r\n\t\t\t\theight: 40px;\r\n\t\t\t\ttext-align: center;\r\n\t\t\t\tfont-size: 10px;\r\n\t\t\t}\r\n\t\t\t.rbs_gallery_69e1c0116c125Spinner > div{\r\n\t\t\t  background-color: #333;\r\n\t\t\t  height: 100%;\r\n\t\t\t  width: 6px;\r\n\t\t\t  display: inline-block;\r\n\t\t\t  -webkit-animation: rbs_gallery_69e1c0116c125-stretchdelay 1.2s infinite ease-in-out;\r\n\t\t\t  animation: rbs_gallery_69e1c0116c125-stretchdelay 1.2s infinite ease-in-out;\r\n\t\t\t}\r\n\t\t\t.rbs_gallery_69e1c0116c125Spinner .rbs_gallery_69e1c0116c125Rect2 {\r\n\t\t\t  -webkit-animation-delay: -1.1s;\r\n\t\t\t  animation-delay: -1.1s;\r\n\t\t\t}\r\n\t\t\t.rbs_gallery_69e1c0116c125Spinner .rbs_gallery_69e1c0116c125Rect3 {\r\n\t\t\t  -webkit-animation-delay: -1.0s;\r\n\t\t\t  animation-delay: -1.0s;\r\n\t\t\t}\r\n\t\t\t.rbs_gallery_69e1c0116c125Spinner .rbs_gallery_69e1c0116c125Rect4 {\r\n\t\t\t  -webkit-animation-delay: -0.9s;\r\n\t\t\t  animation-delay: -0.9s;\r\n\t\t\t}\r\n\t\t\t.rbs_gallery_69e1c0116c125Spinner .rbs_gallery_69e1c0116c125Rect5 {\r\n\t\t\t  -webkit-animation-delay: -0.8s;\r\n\t\t\t  animation-delay: -0.8s;\r\n\t\t\t}\r\n\t\t\t@-webkit-keyframes rbs_gallery_69e1c0116c125-stretchdelay {\r\n\t\t\t  0%, 40%, 100% { -webkit-transform: scaleY(0.4) }  \r\n\t\t\t  20% { -webkit-transform: scaleY(1.0) }\r\n\t\t\t}\r\n\t\t\t@keyframes rbs_gallery_69e1c0116c125-stretchdelay {\r\n\t\t\t  0%, 40%, 100% { \r\n\t\t\t    transform: scaleY(0.4);\r\n\t\t\t    -webkit-transform: scaleY(0.4);\r\n\t\t\t  }  20% { \r\n\t\t\t    transform: scaleY(1.0);\r\n\t\t\t    -webkit-transform: scaleY(1.0);\r\n\t\t\t  }\r\n\t\t\t}\r\n\t\t<\/style><div class=\"robo-gallery-wrap robo-gallery-wrap-id2504 robo-gallery-\" ><div id=\"rbs_gallery_69e1c0116c125-block-loader\" class=\"rbs_gallery_69e1c0116c125Spinner\"><div class=\"rbs_gallery_69e1c0116c125Rect1\"><\/div> <div class=\"rbs_gallery_69e1c0116c125Rect2\"><\/div> <div class=\"rbs_gallery_69e1c0116c125Rect3\"><\/div> <div class=\"rbs_gallery_69e1c0116c125Rect4\"><\/div> <div class=\"rbs_gallery_69e1c0116c125Rect5\"><\/div><\/div><div id=\"robo_gallery_main_block_rbs_gallery_69e1c0116c125\" class=\"robogallery-gallery-2504\" style=\"width:100%;  display: none;\"><div id=\"rbs_gallery_69e1c0116c125\" data-options=\"rbs_gallery_69e1c0116c125\" style=\"width:100%;\" class=\"robo_gallery  \"><div class=\"rbs-img  category2504 \" ><div class=\"rbs-img-image   rbs-lightbox \" ><div class=\"rbs-img-thumbs\"  data-thumbnail=\"https:\/\/www.paripari-lingerie.com\/wp-content\/uploads\/2018\/07\/CASSI_BLACK_BRAZILIAN-669x1024.jpg\"  title=\"CASSI_BLACK_BRAZILIAN\"  data-width=\"669\"  data-height=\"1024\" ><\/div><div class=\"rbs-img-data-popup\"  data-popup=\"https:\/\/www.paripari-lingerie.com\/wp-content\/uploads\/2018\/07\/CASSI_BLACK_BRAZILIAN.jpg\"  title=\"CASSI_BLACK_BRAZILIAN\" ><\/div><div class=\"thumbnail-overlay\"><div class=\"rbsTitle \">CASSI_BLACK_BRAZILIAN<\/div><div class=\"rbsIcons\"><i class=\"fa fa-search-plus rbsZoomIcon \" ><\/i><\/div><\/div><\/div><\/div><div class=\"rbs-img  category2504 \" ><div class=\"rbs-img-image   rbs-lightbox \" ><div class=\"rbs-img-thumbs\"  data-thumbnail=\"https:\/\/www.paripari-lingerie.com\/wp-content\/uploads\/2018\/07\/CASSI_BLACK_STRING-669x1024.jpg\"  title=\"CASSI_BLACK_STRING\"  data-width=\"669\"  data-height=\"1024\" ><\/div><div class=\"rbs-img-data-popup\"  data-popup=\"https:\/\/www.paripari-lingerie.com\/wp-content\/uploads\/2018\/07\/CASSI_BLACK_STRING.jpg\"  title=\"CASSI_BLACK_STRING\" ><\/div><div class=\"thumbnail-overlay\"><div class=\"rbsTitle \">CASSI_BLACK_STRING<\/div><div class=\"rbsIcons\"><i class=\"fa fa-search-plus rbsZoomIcon \" ><\/i><\/div><\/div><\/div><\/div><div class=\"rbs-img  category2504 \" ><div class=\"rbs-img-image   rbs-lightbox \" ><div class=\"rbs-img-thumbs\"  data-thumbnail=\"https:\/\/www.paripari-lingerie.com\/wp-content\/uploads\/2018\/07\/CASSI_BLACK_BRA_PUSHUP-669x1024.jpg\"  title=\"CASSI_BLACK_BRA_PUSHUP\"  data-width=\"669\"  data-height=\"1024\" ><\/div><div class=\"rbs-img-data-popup\"  data-popup=\"https:\/\/www.paripari-lingerie.com\/wp-content\/uploads\/2018\/07\/CASSI_BLACK_BRA_PUSHUP.jpg\"  title=\"CASSI_BLACK_BRA_PUSHUP\" ><\/div><div class=\"thumbnail-overlay\"><div class=\"rbsTitle \">CASSI_BLACK_BRA_PUSHUP<\/div><div class=\"rbsIcons\"><i class=\"fa fa-search-plus rbsZoomIcon \" ><\/i><\/div><\/div><\/div><\/div><div class=\"rbs-img  category2504 \" ><div class=\"rbs-img-image   rbs-lightbox \" ><div class=\"rbs-img-thumbs\"  data-thumbnail=\"https:\/\/www.paripari-lingerie.com\/wp-content\/uploads\/2022\/04\/CASSI-BLACK-SOFT-and-FULL-HIGH-WAIST-FRONT-683x1024.jpg\"  title=\"CASSI BLACK SOFT and FULL HIGH WAIST FRONT\"  data-width=\"683\"  data-height=\"1024\" ><\/div><div class=\"rbs-img-data-popup\"  data-popup=\"https:\/\/www.paripari-lingerie.com\/wp-content\/uploads\/2022\/04\/CASSI-BLACK-SOFT-and-FULL-HIGH-WAIST-FRONT.jpg\"  title=\"CASSI BLACK SOFT and FULL HIGH WAIST FRONT\" ><\/div><div class=\"thumbnail-overlay\"><div class=\"rbsTitle \">CASSI BLACK SOFT and FULL HIGH WAIST FRONT<\/div><div class=\"rbsIcons\"><i class=\"fa fa-search-plus rbsZoomIcon \" ><\/i><\/div><\/div><\/div><\/div><div class=\"rbs-img  category2504 \" ><div class=\"rbs-img-image   rbs-lightbox \" ><div class=\"rbs-img-thumbs\"  data-thumbnail=\"https:\/\/www.paripari-lingerie.com\/wp-content\/uploads\/2018\/07\/CASSI_BLACK_SHIRT-669x1024.jpg\"  title=\"CASSI_BLACK_SHIRT\"  data-width=\"669\"  data-height=\"1024\" ><\/div><div class=\"rbs-img-data-popup\"  data-popup=\"https:\/\/www.paripari-lingerie.com\/wp-content\/uploads\/2018\/07\/CASSI_BLACK_SHIRT.jpg\"  title=\"CASSI_BLACK_SHIRT\" ><\/div><div class=\"thumbnail-overlay\"><div class=\"rbsTitle \">CASSI_BLACK_SHIRT<\/div><div class=\"rbsIcons\"><i class=\"fa fa-search-plus rbsZoomIcon \" ><\/i><\/div><\/div><\/div><\/div><div class=\"rbs-img  category2504 \" ><div class=\"rbs-img-image   rbs-lightbox \" ><div class=\"rbs-img-thumbs\"  data-thumbnail=\"https:\/\/www.paripari-lingerie.com\/wp-content\/uploads\/2018\/07\/CASSI_BLACK_BRAZILIAN_REAR-669x1024.jpg\"  title=\"CASSI_BLACK_BRAZILIAN_REAR\"  data-width=\"669\"  data-height=\"1024\" ><\/div><div class=\"rbs-img-data-popup\"  data-popup=\"https:\/\/www.paripari-lingerie.com\/wp-content\/uploads\/2018\/07\/CASSI_BLACK_BRAZILIAN_REAR.jpg\"  title=\"CASSI_BLACK_BRAZILIAN_REAR\" ><\/div><div class=\"thumbnail-overlay\"><div class=\"rbsTitle \">CASSI_BLACK_BRAZILIAN_REAR<\/div><div class=\"rbsIcons\"><i class=\"fa fa-search-plus rbsZoomIcon \" ><\/i><\/div><\/div><\/div><\/div><div class=\"rbs-img  category2504 \" ><div class=\"rbs-img-image   rbs-lightbox \" ><div class=\"rbs-img-thumbs\"  data-thumbnail=\"https:\/\/www.paripari-lingerie.com\/wp-content\/uploads\/2018\/07\/CASSI_BLACK_STRING_REAR-669x1024.jpg\"  title=\"CASSI_BLACK_STRING_REAR\"  data-width=\"669\"  data-height=\"1024\" ><\/div><div class=\"rbs-img-data-popup\"  data-popup=\"https:\/\/www.paripari-lingerie.com\/wp-content\/uploads\/2018\/07\/CASSI_BLACK_STRING_REAR.jpg\"  title=\"CASSI_BLACK_STRING_REAR\" ><\/div><div class=\"thumbnail-overlay\"><div class=\"rbsTitle \">CASSI_BLACK_STRING_REAR<\/div><div class=\"rbsIcons\"><i class=\"fa fa-search-plus rbsZoomIcon \" ><\/i><\/div><\/div><\/div><\/div><div class=\"rbs-img  category2504 \" ><div class=\"rbs-img-image   rbs-lightbox \" ><div class=\"rbs-img-thumbs\"  data-thumbnail=\"https:\/\/www.paripari-lingerie.com\/wp-content\/uploads\/2022\/04\/CASSI-BLACK-FULL-HIGH-WAIST-REAR-683x1024.jpg\"  title=\"CASSI BLACK FULL HIGH WAIST REAR\"  data-width=\"683\"  data-height=\"1024\" ><\/div><div class=\"rbs-img-data-popup\"  data-popup=\"https:\/\/www.paripari-lingerie.com\/wp-content\/uploads\/2022\/04\/CASSI-BLACK-FULL-HIGH-WAIST-REAR.jpg\"  title=\"CASSI BLACK FULL HIGH WAIST REAR\" ><\/div><div class=\"thumbnail-overlay\"><div class=\"rbsTitle \">CASSI BLACK FULL HIGH WAIST REAR<\/div><div class=\"rbsIcons\"><i class=\"fa fa-search-plus rbsZoomIcon \" ><\/i><\/div><\/div><\/div><\/div><div class=\"rbs-img  category2504 \" ><div class=\"rbs-img-image   rbs-lightbox \" ><div class=\"rbs-img-thumbs\"  data-thumbnail=\"https:\/\/www.paripari-lingerie.com\/wp-content\/uploads\/2018\/07\/CASSI_BLACK_SHIRT_REAR-669x1024.jpg\"  title=\"CASSI_BLACK_SHIRT_REAR\"  data-width=\"669\"  data-height=\"1024\" ><\/div><div class=\"rbs-img-data-popup\"  data-popup=\"https:\/\/www.paripari-lingerie.com\/wp-content\/uploads\/2018\/07\/CASSI_BLACK_SHIRT_REAR.jpg\"  title=\"CASSI_BLACK_SHIRT_REAR\" ><\/div><div class=\"thumbnail-overlay\"><div class=\"rbsTitle \">CASSI_BLACK_SHIRT_REAR<\/div><div class=\"rbsIcons\"><i class=\"fa fa-search-plus rbsZoomIcon \" ><\/i><\/div><\/div><\/div><\/div><\/div><\/div><\/div><script>var rbs_gallery_69e1c0116c125 = {\"version\":\"5.1.4\",\"id\":2504,\"class\":\"id2504\",\"roboGalleryDelay\":1000,\"mainContainer\":\"#robo_gallery_main_block_rbs_gallery_69e1c0116c125\",\"loadingContainer\":\"#rbs_gallery_69e1c0116c125-block-loader\",\"loadingContainerObj\":\"rbs_gallery_69e1c0116c125-block-loader\",\"columnWidth\":\"auto\",\"columns\":3,\"resolutions\":[{\"columnWidth\":\"auto\",\"columns\":3,\"maxWidth\":960},{\"columnWidth\":\"auto\",\"columns\":2,\"maxWidth\":650},{\"columnWidth\":\"auto\",\"columns\":1,\"maxWidth\":450}],\"lightboxOptions\":{\"gallery\":{\"enabled\":true,\"tCounter\":\"%curr% of %total%\"}},\"overlayEffect\":\"direction-aware-fade\",\"boxesToLoadStart\":14,\"boxesToLoad\":12,\"waitUntilThumbLoads\":1,\"LoadingWord\":\"Loading...\",\"loadMoreWord\":\"Load More\",\"noMoreEntriesWord\":\"No More Entries\",\"horizontalSpaceBetweenBoxes\":15,\"verticalSpaceBetweenBoxes\":15,\"lazyLoad\":0,\"wrapContainer\":\"#robo-gallery-wrap-rbs_gallery_69e1c0116c125\"};<\/script><\/p>\n<p><p><a href=\"\/sizes-table\">Gr\u00f6\u00dfentabelle der <strong>PariPari Unterw\u00e4sche<\/strong><\/a><br \/>\n<\/p><br \/>\n<p><\/p>\n<table class=\"sizeTable\">\n<tbody>\n<tr>\n<td><b>BH PUSH-UP<\/b><br \/>\n65 CDEFGH<br \/>\n70 BCDEFG<br \/>\n75 ABCDEFGH<br \/>\n80 BCDEFG<br \/>\n85 BCDEF<br \/>\n90 BCDE<br \/>\n95 BCD<br \/>\n100 BC<br \/>\n105 B<\/td>\n<td><b>BH SOFT<\/b><br \/>\n65 CDEFGH<br \/>\n70 BCDEFG<br \/>\n75 ABCDEFGH<br \/>\n80 BCDEFG<br \/>\n85 BCDEF<br \/>\n90 BCDE<br \/>\n95 BCD<br \/>\n100 BC<br \/>\n105 B<\/td>\n<\/tr>\n<\/tbody>\n<\/table>\n<p><\/p><br \/>\n<p><\/p>\n<table class=\"sizeTable\">\n<tbody>\n<tr>\n<td><b>PANTY STRING<\/b><br \/>\nS, M, L, XL, XXL<\/td>\n<td><b>PANTY BRAZILIAN<\/b><br \/>\nS, M, L, XL, XXL<\/td>\n<td><b>PANTY FULL HW (hohe Taille)<\/b><br \/>\nS, M, L, XL, XXL, XXXL<\/td>\n<\/tr>\n<\/tbody>\n<\/table>\n<p><\/p><br \/>\n<p><\/p>\n<table class=\"sizeTable\">\n<tbody>\n<tr>\n<td><b>NACHTHEMD<\/b><br \/>\nS, M, L, XL, XXL<\/td>\n<\/tr>\n<\/tbody>\n<\/table>\n<p><\/p><\/p>\n<p><p><\/p>\n<div style=\"display: flex; align-items: center; gap: 15px; margin-top: 20px; width: 100%;\">\n    <img decoding=\"async\" src=\"https:\/\/www.paripari-lingerie.com\/wp-content\/uploads\/2024\/10\/handshake_icon.png\" alt=\"Ikona wsp\u00f3\u0142pracy\" style=\"width: 50px; height: auto;\"\/><\/p>\n<div>\n        <b>M\u00f6chten Sie mit uns zusammenarbeiten und Vertriebspartner f\u00fcr XX Unterw\u00e4sche werden?<br \/>\n        <a href=\"https:\/\/www.paripari-lingerie.com\/cooperation-resell-paripari-lingerie-and-build-your-success-with-our-brand\/\">Hier finden Sie weitere Informationen<\/a>, kontaktieren Sie uns \u2013 wir freuen uns auf Sie!<\/b>\n    <\/div>\n<\/div>\n<p><\/p><br \/>\n<\/p>\n<p><\/p>","protected":false},"excerpt":{"rendered":"","protected":false},"author":1,"featured_media":0,"parent":1564,"menu_order":19,"comment_status":"closed","ping_status":"closed","template":"","meta":{"footnotes":""},"class_list":["post-2519","page","type-page","status-publish","czr-hentry"],"_links":{"self":[{"href":"https:\/\/www.paripari-lingerie.com\/de\/wp-json\/wp\/v2\/pages\/2519","targetHints":{"allow":["GET"]}}],"collection":[{"href":"https:\/\/www.paripari-lingerie.com\/de\/wp-json\/wp\/v2\/pages"}],"about":[{"href":"https:\/\/www.paripari-lingerie.com\/de\/wp-json\/wp\/v2\/types\/page"}],"author":[{"embeddable":true,"href":"https:\/\/www.paripari-lingerie.com\/de\/wp-json\/wp\/v2\/users\/1"}],"replies":[{"embeddable":true,"href":"https:\/\/www.paripari-lingerie.com\/de\/wp-json\/wp\/v2\/comments?post=2519"}],"version-history":[{"count":5,"href":"https:\/\/www.paripari-lingerie.com\/de\/wp-json\/wp\/v2\/pages\/2519\/revisions"}],"predecessor-version":[{"id":3759,"href":"https:\/\/www.paripari-lingerie.com\/de\/wp-json\/wp\/v2\/pages\/2519\/revisions\/3759"}],"up":[{"embeddable":true,"href":"https:\/\/www.paripari-lingerie.com\/de\/wp-json\/wp\/v2\/pages\/1564"}],"wp:attachment":[{"href":"https:\/\/www.paripari-lingerie.com\/de\/wp-json\/wp\/v2\/media?parent=2519"}],"curies":[{"name":"wp","href":"https:\/\/api.w.org\/{rel}","templated":true}]}}