{"id":2675,"date":"2019-05-28T08:04:40","date_gmt":"2019-05-28T07:04:40","guid":{"rendered":"https:\/\/www.paripari-lingerie.com\/?page_id=2675"},"modified":"2024-12-20T13:00:36","modified_gmt":"2024-12-20T12:00:36","slug":"vesta-beige","status":"publish","type":"page","link":"https:\/\/www.paripari-lingerie.com\/de\/collection\/vesta-beige\/","title":{"rendered":"VESTA BEIGE"},"content":{"rendered":"<p><br \/>\n<\/p>\n<p style=\"text-align: center;\"><style type=\"text\/css\" scoped>.rbs_gallery_69e78576b992cSpinner{\r\n\t\t\t\tmargin: 50px auto;\r\n\t\t\t\twidth: 50px;\r\n\t\t\t\theight: 40px;\r\n\t\t\t\ttext-align: center;\r\n\t\t\t\tfont-size: 10px;\r\n\t\t\t}\r\n\t\t\t.rbs_gallery_69e78576b992cSpinner > div{\r\n\t\t\t  background-color: #333;\r\n\t\t\t  height: 100%;\r\n\t\t\t  width: 6px;\r\n\t\t\t  display: inline-block;\r\n\t\t\t  -webkit-animation: rbs_gallery_69e78576b992c-stretchdelay 1.2s infinite ease-in-out;\r\n\t\t\t  animation: rbs_gallery_69e78576b992c-stretchdelay 1.2s infinite ease-in-out;\r\n\t\t\t}\r\n\t\t\t.rbs_gallery_69e78576b992cSpinner .rbs_gallery_69e78576b992cRect2 {\r\n\t\t\t  -webkit-animation-delay: -1.1s;\r\n\t\t\t  animation-delay: -1.1s;\r\n\t\t\t}\r\n\t\t\t.rbs_gallery_69e78576b992cSpinner .rbs_gallery_69e78576b992cRect3 {\r\n\t\t\t  -webkit-animation-delay: -1.0s;\r\n\t\t\t  animation-delay: -1.0s;\r\n\t\t\t}\r\n\t\t\t.rbs_gallery_69e78576b992cSpinner .rbs_gallery_69e78576b992cRect4 {\r\n\t\t\t  -webkit-animation-delay: -0.9s;\r\n\t\t\t  animation-delay: -0.9s;\r\n\t\t\t}\r\n\t\t\t.rbs_gallery_69e78576b992cSpinner .rbs_gallery_69e78576b992cRect5 {\r\n\t\t\t  -webkit-animation-delay: -0.8s;\r\n\t\t\t  animation-delay: -0.8s;\r\n\t\t\t}\r\n\t\t\t@-webkit-keyframes rbs_gallery_69e78576b992c-stretchdelay {\r\n\t\t\t  0%, 40%, 100% { -webkit-transform: scaleY(0.4) }  \r\n\t\t\t  20% { -webkit-transform: scaleY(1.0) }\r\n\t\t\t}\r\n\t\t\t@keyframes rbs_gallery_69e78576b992c-stretchdelay {\r\n\t\t\t  0%, 40%, 100% { \r\n\t\t\t    transform: scaleY(0.4);\r\n\t\t\t    -webkit-transform: scaleY(0.4);\r\n\t\t\t  }  20% { \r\n\t\t\t    transform: scaleY(1.0);\r\n\t\t\t    -webkit-transform: scaleY(1.0);\r\n\t\t\t  }\r\n\t\t\t}\r\n\t\t<\/style><div class=\"robo-gallery-wrap robo-gallery-wrap-id2677 robo-gallery-\" ><div id=\"rbs_gallery_69e78576b992c-block-loader\" class=\"rbs_gallery_69e78576b992cSpinner\"><div class=\"rbs_gallery_69e78576b992cRect1\"><\/div> <div class=\"rbs_gallery_69e78576b992cRect2\"><\/div> <div class=\"rbs_gallery_69e78576b992cRect3\"><\/div> <div class=\"rbs_gallery_69e78576b992cRect4\"><\/div> <div class=\"rbs_gallery_69e78576b992cRect5\"><\/div><\/div><div id=\"robo_gallery_main_block_rbs_gallery_69e78576b992c\" class=\"robogallery-gallery-2677\" style=\"width:100%;  display: none;\"><div id=\"rbs_gallery_69e78576b992c\" data-options=\"rbs_gallery_69e78576b992c\" style=\"width:100%;\" class=\"robo_gallery  \"><div class=\"rbs-img  category2677 \" ><div class=\"rbs-img-image   rbs-lightbox \" ><div class=\"rbs-img-thumbs\"  data-thumbnail=\"https:\/\/www.paripari-lingerie.com\/wp-content\/uploads\/2019\/05\/VESTA_BEIGE_SET_FRONT-669x1024.jpg\"  title=\"VESTA_BEIGE_SET_FRONT\"  data-width=\"669\"  data-height=\"1024\" ><\/div><div class=\"rbs-img-data-popup\"  data-popup=\"https:\/\/www.paripari-lingerie.com\/wp-content\/uploads\/2019\/05\/VESTA_BEIGE_SET_FRONT.jpg\"  title=\"VESTA_BEIGE_SET_FRONT\" ><\/div><div class=\"thumbnail-overlay\"><div class=\"rbsTitle \">VESTA_BEIGE_SET_FRONT<\/div><div class=\"rbsIcons\"><i class=\"fa fa-search-plus rbsZoomIcon \" ><\/i><\/div><\/div><\/div><\/div><div class=\"rbs-img  category2677 \" ><div class=\"rbs-img-image   rbs-lightbox \" ><div class=\"rbs-img-thumbs\"  data-thumbnail=\"https:\/\/www.paripari-lingerie.com\/wp-content\/uploads\/2019\/05\/VESTA_BEIGE_BOXERS-669x1024.jpg\"  title=\"VESTA_BEIGE_BOXERS\"  data-width=\"669\"  data-height=\"1024\" ><\/div><div class=\"rbs-img-data-popup\"  data-popup=\"https:\/\/www.paripari-lingerie.com\/wp-content\/uploads\/2019\/05\/VESTA_BEIGE_BOXERS.jpg\"  title=\"VESTA_BEIGE_BOXERS\" ><\/div><div class=\"thumbnail-overlay\"><div class=\"rbsTitle \">VESTA_BEIGE_BOXERS<\/div><div class=\"rbsIcons\"><i class=\"fa fa-search-plus rbsZoomIcon \" ><\/i><\/div><\/div><\/div><\/div><div class=\"rbs-img  category2677 \" ><div class=\"rbs-img-image   rbs-lightbox \" ><div class=\"rbs-img-thumbs\"  data-thumbnail=\"https:\/\/www.paripari-lingerie.com\/wp-content\/uploads\/2019\/05\/VESTA_BEIGE_SHIRT-669x1024.jpg\"  title=\"VESTA_BEIGE_SHIRT\"  data-width=\"669\"  data-height=\"1024\" ><\/div><div class=\"rbs-img-data-popup\"  data-popup=\"https:\/\/www.paripari-lingerie.com\/wp-content\/uploads\/2019\/05\/VESTA_BEIGE_SHIRT.jpg\"  title=\"VESTA_BEIGE_SHIRT\" ><\/div><div class=\"thumbnail-overlay\"><div class=\"rbsTitle \">VESTA_BEIGE_SHIRT<\/div><div class=\"rbsIcons\"><i class=\"fa fa-search-plus rbsZoomIcon \" ><\/i><\/div><\/div><\/div><\/div><div class=\"rbs-img  category2677 \" ><div class=\"rbs-img-image   rbs-lightbox \" ><div class=\"rbs-img-thumbs\"  data-thumbnail=\"https:\/\/www.paripari-lingerie.com\/wp-content\/uploads\/2019\/05\/VESTA_BEIGE_STRING_REAR.jpg\"  title=\"VESTA_BEIGE_STRING_REAR\"  data-width=\"552\"  data-height=\"844\" ><\/div><div class=\"rbs-img-data-popup\"  data-popup=\"https:\/\/www.paripari-lingerie.com\/wp-content\/uploads\/2019\/05\/VESTA_BEIGE_STRING_REAR.jpg\"  title=\"VESTA_BEIGE_STRING_REAR\" ><\/div><div class=\"thumbnail-overlay\"><div class=\"rbsTitle \">VESTA_BEIGE_STRING_REAR<\/div><div class=\"rbsIcons\"><i class=\"fa fa-search-plus rbsZoomIcon \" ><\/i><\/div><\/div><\/div><\/div><div class=\"rbs-img  category2677 \" ><div class=\"rbs-img-image   rbs-lightbox \" ><div class=\"rbs-img-thumbs\"  data-thumbnail=\"https:\/\/www.paripari-lingerie.com\/wp-content\/uploads\/2019\/05\/VESTA_BEIGE_FULL_REAR-669x1024.jpg\"  title=\"VESTA_BEIGE_FULL_REAR\"  data-width=\"669\"  data-height=\"1024\" ><\/div><div class=\"rbs-img-data-popup\"  data-popup=\"https:\/\/www.paripari-lingerie.com\/wp-content\/uploads\/2019\/05\/VESTA_BEIGE_FULL_REAR.jpg\"  title=\"VESTA_BEIGE_FULL_REAR\" ><\/div><div class=\"thumbnail-overlay\"><div class=\"rbsTitle \">VESTA_BEIGE_FULL_REAR<\/div><div class=\"rbsIcons\"><i class=\"fa fa-search-plus rbsZoomIcon \" ><\/i><\/div><\/div><\/div><\/div><div class=\"rbs-img  category2677 \" ><div class=\"rbs-img-image   rbs-lightbox \" ><div class=\"rbs-img-thumbs\"  data-thumbnail=\"https:\/\/www.paripari-lingerie.com\/wp-content\/uploads\/2019\/05\/VESTA_BEIGE_BOXERS_REAR-669x1024.jpg\"  title=\"VESTA_BEIGE_BOXERS_REAR\"  data-width=\"669\"  data-height=\"1024\" ><\/div><div class=\"rbs-img-data-popup\"  data-popup=\"https:\/\/www.paripari-lingerie.com\/wp-content\/uploads\/2019\/05\/VESTA_BEIGE_BOXERS_REAR.jpg\"  title=\"VESTA_BEIGE_BOXERS_REAR\" ><\/div><div class=\"thumbnail-overlay\"><div class=\"rbsTitle \">VESTA_BEIGE_BOXERS_REAR<\/div><div class=\"rbsIcons\"><i class=\"fa fa-search-plus rbsZoomIcon \" ><\/i><\/div><\/div><\/div><\/div><div class=\"rbs-img  category2677 \" ><div class=\"rbs-img-image   rbs-lightbox \" ><div class=\"rbs-img-thumbs\"  data-thumbnail=\"https:\/\/www.paripari-lingerie.com\/wp-content\/uploads\/2019\/05\/VESTA_BEIGE_SHIRT_REAR-669x1024.jpg\"  title=\"VESTA_BEIGE_SHIRT_REAR\"  data-width=\"669\"  data-height=\"1024\" ><\/div><div class=\"rbs-img-data-popup\"  data-popup=\"https:\/\/www.paripari-lingerie.com\/wp-content\/uploads\/2019\/05\/VESTA_BEIGE_SHIRT_REAR.jpg\"  title=\"VESTA_BEIGE_SHIRT_REAR\" ><\/div><div class=\"thumbnail-overlay\"><div class=\"rbsTitle \">VESTA_BEIGE_SHIRT_REAR<\/div><div class=\"rbsIcons\"><i class=\"fa fa-search-plus rbsZoomIcon \" ><\/i><\/div><\/div><\/div><\/div><\/div><\/div><\/div><script>var rbs_gallery_69e78576b992c = {\"version\":\"5.1.4\",\"id\":2677,\"class\":\"id2677\",\"roboGalleryDelay\":1000,\"mainContainer\":\"#robo_gallery_main_block_rbs_gallery_69e78576b992c\",\"loadingContainer\":\"#rbs_gallery_69e78576b992c-block-loader\",\"loadingContainerObj\":\"rbs_gallery_69e78576b992c-block-loader\",\"columnWidth\":\"auto\",\"columns\":3,\"resolutions\":[{\"columnWidth\":\"auto\",\"columns\":3,\"maxWidth\":960},{\"columnWidth\":\"auto\",\"columns\":2,\"maxWidth\":650},{\"columnWidth\":\"auto\",\"columns\":1,\"maxWidth\":450}],\"lightboxOptions\":{\"gallery\":{\"enabled\":true,\"tCounter\":\"%curr% of %total%\"}},\"overlayEffect\":\"direction-aware-fade\",\"boxesToLoadStart\":12,\"boxesToLoad\":8,\"waitUntilThumbLoads\":1,\"LoadingWord\":\"Loading...\",\"loadMoreWord\":\"Load More\",\"noMoreEntriesWord\":\"No More Entries\",\"horizontalSpaceBetweenBoxes\":15,\"verticalSpaceBetweenBoxes\":15,\"lazyLoad\":0,\"wrapContainer\":\"#robo-gallery-wrap-rbs_gallery_69e78576b992c\"};<\/script><\/p>\n<p><p><b>Vesta BH<\/b> ist ein eleganter Push-up-BH aus zarter Spitze, der seine Leichtigkeit und feminine Ausstrahlung unterstreicht. Ausgestattet mit herausnehmbaren Einlagen und gepolsterten Cups, formt er den Busen perfekt. Zierliche Schleifen zwischen den Cups und an den Tr\u00e4gern verleihen dem Modell eine zus\u00e4tzliche Raffinesse. Der BH verf\u00fcgt \u00fcber verstellbare und abnehmbare Tr\u00e4ger, seitliche B\u00fcgel f\u00fcr eine perfekte Passform und einen R\u00fcckenverschluss mit zwei oder drei Haken (je nach Gr\u00f6\u00dfe) und dreistufiger Weitenregulierung. Er ist die perfekte Wahl f\u00fcr jeden Anlass.<\/p>\n<p>Folgende Artikel aus der Vesta-Kollektion passen perfekt dazu:<\/p>\n<ul>\n<li><b>Vesta Vollslip<\/b>: Klassische Slips, die den raffinierten Charme der Spitze mit dem Komfort von Mikrofaser verbinden. Der bequeme Schnitt betont die Sch\u00f6nheit der weiblichen Silhouette und bietet Eleganz und t\u00e4glichen Tragekomfort.<\/li>\n<li><b>Vesta String<\/b>: Diese wundersch\u00f6nen Strings kombinieren den sinnlichen Charme der Spitze mit der praktischen Mikrofaser und betonen perfekt die weiblichen Kurven. Eine Mischung aus subtiler Eleganz und modernem Komfort.<\/li>\n<li><b>Vesta Boxershorts<\/b>: Charmante Boxershorts, bei denen die zarte Spitze die Figur wunderbar hervorhebt. Eine Satinschleife verleiht zus\u00e4tzlichen Charme, und die R\u00fcckseite aus eleganter Mikrofaser sorgt f\u00fcr Komfort.<\/li>\n<li><b>Vesta Hemdchen<\/b>: Ein zartes und sinnliches Hemdchen, das die Weichheit der Mikrofaser mit dem Reiz der Spitze verbindet. Dank der figurformenden Eigenschaften der Mikrofaser passt sich das Hemdchen perfekt der Silhouette an und unterstreicht die nat\u00fcrliche Sch\u00f6nheit.<\/li>\n<\/ul>\n<p>Das gesamte Set bildet eine harmonische, feminine und sinnliche W\u00e4schelinie, die sowohl Komfort als auch einen atemberaubenden Look in jeder Situation bietet.<\/p>\n<p><\/p><br \/>\n<p><a href=\"\/sizes-table\">Gr\u00f6\u00dfentabelle der <strong>PariPari Unterw\u00e4sche<\/strong><\/a><br \/>\n<\/p><br \/>\n<p><\/p>\n<table class=\"sizeTable\">\n<tbody>\n<tr>\n<td><b>BH PUSH-UP<\/b><br \/>\n65 CDEFGH<br \/>\n70 BCDEFG<br \/>\n75 ABCDEFGH<br \/>\n80 ABCDEFG<br \/>\n85 ABCDEF<br \/>\n90 BCDE<br \/>\n95 BCD<br \/>\n100 BC<br \/>\n105 B<\/td>\n<\/tr>\n<\/tbody>\n<\/table>\n<p><\/p><\/p>\n<p><\/p>\n<table class=\"sizeTable\">\n<tbody>\n<tr>\n<td><b>VOLLSLIPS<\/b><br \/>\nS, M, L, XL, XXL<\/td>\n<td><b>STRING-TANGAS<\/b><br \/>\nS, M, L, XL, XXL<\/td>\n<td><b>BOXERSHORTS<\/b><br \/>\nS, M, L, XL, XXL<\/td>\n<\/tr>\n<\/tbody>\n<\/table>\n<p><\/p>\n<p><\/p>\n<table class=\"sizeTable\">\n<tbody>\n<tr>\n<td><b>NACHTHEMD<\/b><br \/>\nS, M, L, XL, XXL<\/td>\n<\/tr>\n<\/tbody>\n<\/table>\n<p><\/p>\n<p><p><\/p>\n<div style=\"display: flex; align-items: center; gap: 15px; margin-top: 20px; width: 100%;\">\n    <img decoding=\"async\" src=\"https:\/\/www.paripari-lingerie.com\/wp-content\/uploads\/2024\/10\/handshake_icon.png\" alt=\"Ikona wsp\u00f3\u0142pracy\" style=\"width: 50px; height: auto;\"\/><\/p>\n<div>\n        <b>M\u00f6chten Sie mit uns zusammenarbeiten und Vertriebspartner f\u00fcr XX Unterw\u00e4sche werden?<br \/>\n        <a href=\"https:\/\/www.paripari-lingerie.com\/cooperation-resell-paripari-lingerie-and-build-your-success-with-our-brand\/\">Hier finden Sie weitere Informationen<\/a>, kontaktieren Sie uns \u2013 wir freuen uns auf Sie!<\/b>\n    <\/div>\n<\/div>\n<p><\/p><br \/>\n<br \/>\n<\/p>","protected":false},"excerpt":{"rendered":"","protected":false},"author":1,"featured_media":0,"parent":1564,"menu_order":26,"comment_status":"closed","ping_status":"closed","template":"","meta":{"footnotes":""},"class_list":["post-2675","page","type-page","status-publish","czr-hentry"],"_links":{"self":[{"href":"https:\/\/www.paripari-lingerie.com\/de\/wp-json\/wp\/v2\/pages\/2675","targetHints":{"allow":["GET"]}}],"collection":[{"href":"https:\/\/www.paripari-lingerie.com\/de\/wp-json\/wp\/v2\/pages"}],"about":[{"href":"https:\/\/www.paripari-lingerie.com\/de\/wp-json\/wp\/v2\/types\/page"}],"author":[{"embeddable":true,"href":"https:\/\/www.paripari-lingerie.com\/de\/wp-json\/wp\/v2\/users\/1"}],"replies":[{"embeddable":true,"href":"https:\/\/www.paripari-lingerie.com\/de\/wp-json\/wp\/v2\/comments?post=2675"}],"version-history":[{"count":8,"href":"https:\/\/www.paripari-lingerie.com\/de\/wp-json\/wp\/v2\/pages\/2675\/revisions"}],"predecessor-version":[{"id":3816,"href":"https:\/\/www.paripari-lingerie.com\/de\/wp-json\/wp\/v2\/pages\/2675\/revisions\/3816"}],"up":[{"embeddable":true,"href":"https:\/\/www.paripari-lingerie.com\/de\/wp-json\/wp\/v2\/pages\/1564"}],"wp:attachment":[{"href":"https:\/\/www.paripari-lingerie.com\/de\/wp-json\/wp\/v2\/media?parent=2675"}],"curies":[{"name":"wp","href":"https:\/\/api.w.org\/{rel}","templated":true}]}}