{"id":2928,"date":"2021-11-30T19:58:24","date_gmt":"2021-11-30T18:58:24","guid":{"rendered":"https:\/\/www.paripari-lingerie.com\/?page_id=2928"},"modified":"2024-09-30T12:12:11","modified_gmt":"2024-09-30T11:12:11","slug":"where-to-buy-paripari-lingerie","status":"publish","type":"page","link":"https:\/\/www.paripari-lingerie.com\/de\/where-to-buy-paripari-lingerie\/","title":{"rendered":"Wo kann man PariPari Dessous kaufen"},"content":{"rendered":"<p><img loading=\"lazy\" decoding=\"async\" class=\"alignleft wp-image-2940\" src=\"https:\/\/www.paripari-lingerie.com\/wp-content\/uploads\/2021\/11\/where-to-buy-image-239x300.jpg\" alt=\"\" width=\"300\" height=\"377\" srcset=\"https:\/\/www.paripari-lingerie.com\/wp-content\/uploads\/2021\/11\/where-to-buy-image-239x300.jpg 239w, https:\/\/www.paripari-lingerie.com\/wp-content\/uploads\/2021\/11\/where-to-buy-image-768x966.jpg 768w, https:\/\/www.paripari-lingerie.com\/wp-content\/uploads\/2021\/11\/where-to-buy-image.jpg 800w\" sizes=\"auto, (max-width: 300px) 100vw, 300px\" \/>Wir freuen uns sehr, dass Sie sich daf\u00fcr interessieren, wo Sie unsere Dessous kaufen k\u00f6nnen. Es ist uns eine gro\u00dfe Freude.<\/p>\n<p>Wir betreiben jedoch keinen Einzelhandel und haben keinen eigenen Onlineshop, da wir uns auf das Design und die Produktion von PariPari-Dessous sowie auf den Gro\u00dfhandel konzentrieren.<\/p>\n<p>Wir arbeiten jedoch mit vielen Unternehmen zusammen, die sich auf den Einzelhandel mit Damenw\u00e4sche spezialisiert haben und wahre Fachleute auf diesem Gebiet sind. Wir laden Sie ein, den H\u00e4ndler auszuw\u00e4hlen, der am besten zu Ihren Einkaufsgewohnheiten passt. Und wir k\u00f6nnen Ihnen versichern, dass Sie, egal wo Sie PariPari-Dessous kaufen, immer zufrieden sein werden.<\/p>\n<p>Um es Ihnen zu erleichtern, haben wir unten einen Link eingef\u00fcgt, der zu den Ergebnissen der gr\u00f6\u00dften Suchmaschine f\u00fchrt und die aktuellen Online-Angebote unserer Dessous zeigt \u2013 viel Spa\u00df beim Einkaufen!<\/p>\n<p><a href=\"https:\/\/www.paripari-lingerie.com\/linkRedirect.php?linkID=3&amp;utm_campaign=pageWhereToBuyDE\" target=\"_blank\" rel=\"noopener\">https:\/\/www.google.pl\/search?q=PariPari+Dessous<\/a><\/p>\n<p>Wenn Sie an einer gesch\u00e4ftlichen Partnerschaft zum Verkauf unserer Dessous interessiert sind, <a href=\"https:\/\/www.paripari-lingerie.com\/cooperation-resell-paripari-lingerie-and-build-your-success-with-our-brand\/\">laden wir Sie zur Zusammenarbeit ein (hier klicken)<\/a>.<\/p>\n<p>Und wenn Ihr Lieblingsw\u00e4schegesch\u00e4ft noch keine PariPari-Produkte f\u00fchrt und Sie der Meinung sind, dass es Zeit ist, dies zu \u00e4ndern, lassen Sie es uns wissen.<\/p>","protected":false},"excerpt":{"rendered":"<p>Wir freuen uns sehr, dass Sie sich daf\u00fcr interessieren, wo Sie unsere Dessous kaufen k\u00f6nnen. Es ist uns eine gro\u00dfe Freude. Wir betreiben jedoch keinen Einzelhandel und haben keinen eigenen Onlineshop, da wir uns auf das Design und die Produktion von PariPari-Dessous sowie auf den Gro\u00dfhandel konzentrieren. Wir arbeiten jedoch mit vielen Unternehmen zusammen, die [&hellip;]<\/p>\n","protected":false},"author":1,"featured_media":0,"parent":0,"menu_order":0,"comment_status":"closed","ping_status":"closed","template":"","meta":{"footnotes":""},"class_list":["post-2928","page","type-page","status-publish","czr-hentry"],"_links":{"self":[{"href":"https:\/\/www.paripari-lingerie.com\/de\/wp-json\/wp\/v2\/pages\/2928","targetHints":{"allow":["GET"]}}],"collection":[{"href":"https:\/\/www.paripari-lingerie.com\/de\/wp-json\/wp\/v2\/pages"}],"about":[{"href":"https:\/\/www.paripari-lingerie.com\/de\/wp-json\/wp\/v2\/types\/page"}],"author":[{"embeddable":true,"href":"https:\/\/www.paripari-lingerie.com\/de\/wp-json\/wp\/v2\/users\/1"}],"replies":[{"embeddable":true,"href":"https:\/\/www.paripari-lingerie.com\/de\/wp-json\/wp\/v2\/comments?post=2928"}],"version-history":[{"count":23,"href":"https:\/\/www.paripari-lingerie.com\/de\/wp-json\/wp\/v2\/pages\/2928\/revisions"}],"predecessor-version":[{"id":3473,"href":"https:\/\/www.paripari-lingerie.com\/de\/wp-json\/wp\/v2\/pages\/2928\/revisions\/3473"}],"wp:attachment":[{"href":"https:\/\/www.paripari-lingerie.com\/de\/wp-json\/wp\/v2\/media?parent=2928"}],"curies":[{"name":"wp","href":"https:\/\/api.w.org\/{rel}","templated":true}]}}