{"id":3094,"date":"2022-10-28T12:20:51","date_gmt":"2022-10-28T11:20:51","guid":{"rendered":"https:\/\/www.paripari-lingerie.com\/?page_id=3094"},"modified":"2024-12-20T12:14:33","modified_gmt":"2024-12-20T11:14:33","slug":"katia-red","status":"publish","type":"page","link":"https:\/\/www.paripari-lingerie.com\/de\/collection\/katia-red\/","title":{"rendered":"KATIA ROT"},"content":{"rendered":"<p><br \/>\n<\/p>\n<p style=\"text-align: center;\"><style type=\"text\/css\" scoped>.rbs_gallery_69e33eb1e4124Spinner{\r\n\t\t\t\tmargin: 50px auto;\r\n\t\t\t\twidth: 50px;\r\n\t\t\t\theight: 40px;\r\n\t\t\t\ttext-align: center;\r\n\t\t\t\tfont-size: 10px;\r\n\t\t\t}\r\n\t\t\t.rbs_gallery_69e33eb1e4124Spinner > div{\r\n\t\t\t  background-color: #333;\r\n\t\t\t  height: 100%;\r\n\t\t\t  width: 6px;\r\n\t\t\t  display: inline-block;\r\n\t\t\t  -webkit-animation: rbs_gallery_69e33eb1e4124-stretchdelay 1.2s infinite ease-in-out;\r\n\t\t\t  animation: rbs_gallery_69e33eb1e4124-stretchdelay 1.2s infinite ease-in-out;\r\n\t\t\t}\r\n\t\t\t.rbs_gallery_69e33eb1e4124Spinner .rbs_gallery_69e33eb1e4124Rect2 {\r\n\t\t\t  -webkit-animation-delay: -1.1s;\r\n\t\t\t  animation-delay: -1.1s;\r\n\t\t\t}\r\n\t\t\t.rbs_gallery_69e33eb1e4124Spinner .rbs_gallery_69e33eb1e4124Rect3 {\r\n\t\t\t  -webkit-animation-delay: -1.0s;\r\n\t\t\t  animation-delay: -1.0s;\r\n\t\t\t}\r\n\t\t\t.rbs_gallery_69e33eb1e4124Spinner .rbs_gallery_69e33eb1e4124Rect4 {\r\n\t\t\t  -webkit-animation-delay: -0.9s;\r\n\t\t\t  animation-delay: -0.9s;\r\n\t\t\t}\r\n\t\t\t.rbs_gallery_69e33eb1e4124Spinner .rbs_gallery_69e33eb1e4124Rect5 {\r\n\t\t\t  -webkit-animation-delay: -0.8s;\r\n\t\t\t  animation-delay: -0.8s;\r\n\t\t\t}\r\n\t\t\t@-webkit-keyframes rbs_gallery_69e33eb1e4124-stretchdelay {\r\n\t\t\t  0%, 40%, 100% { -webkit-transform: scaleY(0.4) }  \r\n\t\t\t  20% { -webkit-transform: scaleY(1.0) }\r\n\t\t\t}\r\n\t\t\t@keyframes rbs_gallery_69e33eb1e4124-stretchdelay {\r\n\t\t\t  0%, 40%, 100% { \r\n\t\t\t    transform: scaleY(0.4);\r\n\t\t\t    -webkit-transform: scaleY(0.4);\r\n\t\t\t  }  20% { \r\n\t\t\t    transform: scaleY(1.0);\r\n\t\t\t    -webkit-transform: scaleY(1.0);\r\n\t\t\t  }\r\n\t\t\t}\r\n\t\t<\/style><div class=\"robo-gallery-wrap robo-gallery-wrap-id3085 robo-gallery-\" ><div id=\"rbs_gallery_69e33eb1e4124-block-loader\" class=\"rbs_gallery_69e33eb1e4124Spinner\"><div class=\"rbs_gallery_69e33eb1e4124Rect1\"><\/div> <div class=\"rbs_gallery_69e33eb1e4124Rect2\"><\/div> <div class=\"rbs_gallery_69e33eb1e4124Rect3\"><\/div> <div class=\"rbs_gallery_69e33eb1e4124Rect4\"><\/div> <div class=\"rbs_gallery_69e33eb1e4124Rect5\"><\/div><\/div><div class=\"rbs_gallery_button  rbs_gallery_align_left\" id=\"rbs_gallery_69e33eb1e4124filter\" style=\" display: none;\" ><a class=\"button button-border-caution  \" href=\"#\" data-filter=\"*\">All<\/a><\/div><div id=\"robo_gallery_main_block_rbs_gallery_69e33eb1e4124\" class=\"robogallery-gallery-3085\" style=\"width:100%;  display: none;\"><div id=\"rbs_gallery_69e33eb1e4124\" data-options=\"rbs_gallery_69e33eb1e4124\" style=\"width:100%;\" class=\"robo_gallery  \"><div class=\"rbs-img  category3085 \" ><div class=\"rbs-img-image   rbs-lightbox \" ><div class=\"rbs-img-thumbs\"  data-thumbnail=\"https:\/\/www.paripari-lingerie.com\/wp-content\/uploads\/2022\/10\/KATIA-RED-SHIRT-FRONT-683x1024.jpg\"  title=\"KATIA RED SHIRT FRONT\"  data-width=\"683\"  data-height=\"1024\" ><\/div><div class=\"rbs-img-data-popup\"  data-popup=\"https:\/\/www.paripari-lingerie.com\/wp-content\/uploads\/2022\/10\/KATIA-RED-SHIRT-FRONT.jpg\"  title=\"KATIA RED SHIRT FRONT\" ><\/div><div class=\"thumbnail-overlay\"><div class=\"rbsTitle \">KATIA RED SHIRT FRONT<\/div><div class=\"rbsIcons\"><i class=\"fa fa-search-plus rbsZoomIcon \" ><\/i><\/div><\/div><\/div><\/div><div class=\"rbs-img  category3085 \" ><div class=\"rbs-img-image   rbs-lightbox \" ><div class=\"rbs-img-thumbs\"  data-thumbnail=\"https:\/\/www.paripari-lingerie.com\/wp-content\/uploads\/2022\/10\/KATIA-RED-SHIRT-REAR-683x1024.jpg\"  title=\"KATIA RED SHIRT REAR\"  data-width=\"683\"  data-height=\"1024\" ><\/div><div class=\"rbs-img-data-popup\"  data-popup=\"https:\/\/www.paripari-lingerie.com\/wp-content\/uploads\/2022\/10\/KATIA-RED-SHIRT-REAR.jpg\"  title=\"KATIA RED SHIRT REAR\" ><\/div><div class=\"thumbnail-overlay\"><div class=\"rbsTitle \">KATIA RED SHIRT REAR<\/div><div class=\"rbsIcons\"><i class=\"fa fa-search-plus rbsZoomIcon \" ><\/i><\/div><\/div><\/div><\/div><div class=\"rbs-img  category3085 \" ><div class=\"rbs-img-image   rbs-lightbox \" ><div class=\"rbs-img-thumbs\"  data-thumbnail=\"https:\/\/www.paripari-lingerie.com\/wp-content\/uploads\/2022\/10\/KATIA-RED-PUSH-UP-and-BOXERS-FRONT-683x1024.jpg\"  title=\"KATIA RED PUSH-UP and BOXERS FRONT\"  data-width=\"683\"  data-height=\"1024\" ><\/div><div class=\"rbs-img-data-popup\"  data-popup=\"https:\/\/www.paripari-lingerie.com\/wp-content\/uploads\/2022\/10\/KATIA-RED-PUSH-UP-and-BOXERS-FRONT.jpg\"  title=\"KATIA RED PUSH-UP and BOXERS FRONT\" ><\/div><div class=\"thumbnail-overlay\"><div class=\"rbsTitle \">KATIA RED PUSH-UP and BOXERS FRONT<\/div><div class=\"rbsIcons\"><i class=\"fa fa-search-plus rbsZoomIcon \" ><\/i><\/div><\/div><\/div><\/div><div class=\"rbs-img  category3085 \" ><div class=\"rbs-img-image   rbs-lightbox \" ><div class=\"rbs-img-thumbs\"  data-thumbnail=\"https:\/\/www.paripari-lingerie.com\/wp-content\/uploads\/2022\/10\/KATIA-RED-PUSH-UP-and-BOXERS-REAR-683x1024.jpg\"  title=\"KATIA RED PUSH-UP and BOXERS REAR\"  data-width=\"683\"  data-height=\"1024\" ><\/div><div class=\"rbs-img-data-popup\"  data-popup=\"https:\/\/www.paripari-lingerie.com\/wp-content\/uploads\/2022\/10\/KATIA-RED-PUSH-UP-and-BOXERS-REAR.jpg\"  title=\"KATIA RED PUSH-UP and BOXERS REAR\" ><\/div><div class=\"thumbnail-overlay\"><div class=\"rbsTitle \">KATIA RED PUSH-UP and BOXERS REAR<\/div><div class=\"rbsIcons\"><i class=\"fa fa-search-plus rbsZoomIcon \" ><\/i><\/div><\/div><\/div><\/div><div class=\"rbs-img  category3085 \" ><div class=\"rbs-img-image   rbs-lightbox \" ><div class=\"rbs-img-thumbs\"  data-thumbnail=\"https:\/\/www.paripari-lingerie.com\/wp-content\/uploads\/2022\/10\/KATIA-RED-PUSH-UP-and-FULL-FRONT-683x1024.jpg\"  title=\"KATIA RED PUSH-UP and FULL FRONT\"  data-width=\"683\"  data-height=\"1024\" ><\/div><div class=\"rbs-img-data-popup\"  data-popup=\"https:\/\/www.paripari-lingerie.com\/wp-content\/uploads\/2022\/10\/KATIA-RED-PUSH-UP-and-FULL-FRONT.jpg\"  title=\"KATIA RED PUSH-UP and FULL FRONT\" ><\/div><div class=\"thumbnail-overlay\"><div class=\"rbsTitle \">KATIA RED PUSH-UP and FULL FRONT<\/div><div class=\"rbsIcons\"><i class=\"fa fa-search-plus rbsZoomIcon \" ><\/i><\/div><\/div><\/div><\/div><div class=\"rbs-img  category3085 \" ><div class=\"rbs-img-image   rbs-lightbox \" ><div class=\"rbs-img-thumbs\"  data-thumbnail=\"https:\/\/www.paripari-lingerie.com\/wp-content\/uploads\/2022\/10\/KATIA-RED-PUSH-UP-and-FULL-REAR-696x1024.jpg\"  title=\"KATIA RED PUSH-UP and FULL REAR\"  data-width=\"696\"  data-height=\"1024\" ><\/div><div class=\"rbs-img-data-popup\"  data-popup=\"https:\/\/www.paripari-lingerie.com\/wp-content\/uploads\/2022\/10\/KATIA-RED-PUSH-UP-and-FULL-REAR.jpg\"  title=\"KATIA RED PUSH-UP and FULL REAR\" ><\/div><div class=\"thumbnail-overlay\"><div class=\"rbsTitle \">KATIA RED PUSH-UP and FULL REAR<\/div><div class=\"rbsIcons\"><i class=\"fa fa-search-plus rbsZoomIcon \" ><\/i><\/div><\/div><\/div><\/div><div class=\"rbs-img  category3085 \" ><div class=\"rbs-img-image   rbs-lightbox \" ><div class=\"rbs-img-thumbs\"  data-thumbnail=\"https:\/\/www.paripari-lingerie.com\/wp-content\/uploads\/2022\/10\/KATIA-RED-PUSH-UP-and-STRING-FRONT-683x1024.jpg\"  title=\"KATIA RED PUSH-UP and STRING FRONT\"  data-width=\"683\"  data-height=\"1024\" ><\/div><div class=\"rbs-img-data-popup\"  data-popup=\"https:\/\/www.paripari-lingerie.com\/wp-content\/uploads\/2022\/10\/KATIA-RED-PUSH-UP-and-STRING-FRONT.jpg\"  title=\"KATIA RED PUSH-UP and STRING FRONT\" ><\/div><div class=\"thumbnail-overlay\"><div class=\"rbsTitle \">KATIA RED PUSH-UP and STRING FRONT<\/div><div class=\"rbsIcons\"><i class=\"fa fa-search-plus rbsZoomIcon \" ><\/i><\/div><\/div><\/div><\/div><div class=\"rbs-img  category3085 \" ><div class=\"rbs-img-image   rbs-lightbox \" ><div class=\"rbs-img-thumbs\"  data-thumbnail=\"https:\/\/www.paripari-lingerie.com\/wp-content\/uploads\/2022\/10\/KATIA-RED-PUSH-UP-and-STRING-REAR-683x1024.jpg\"  title=\"KATIA RED PUSH-UP and STRING REAR\"  data-width=\"683\"  data-height=\"1024\" ><\/div><div class=\"rbs-img-data-popup\"  data-popup=\"https:\/\/www.paripari-lingerie.com\/wp-content\/uploads\/2022\/10\/KATIA-RED-PUSH-UP-and-STRING-REAR.jpg\"  title=\"KATIA RED PUSH-UP and STRING REAR\" ><\/div><div class=\"thumbnail-overlay\"><div class=\"rbsTitle \">KATIA RED PUSH-UP and STRING REAR<\/div><div class=\"rbsIcons\"><i class=\"fa fa-search-plus rbsZoomIcon \" ><\/i><\/div><\/div><\/div><\/div><\/div><\/div><\/div><script>var rbs_gallery_69e33eb1e4124 = {\"version\":\"5.1.4\",\"id\":3085,\"class\":\"id3085\",\"roboGalleryDelay\":1000,\"mainContainer\":\"#robo_gallery_main_block_rbs_gallery_69e33eb1e4124\",\"loadingContainer\":\"#rbs_gallery_69e33eb1e4124-block-loader\",\"loadingContainerObj\":\"rbs_gallery_69e33eb1e4124-block-loader\",\"columnWidth\":\"auto\",\"columns\":3,\"resolutions\":[{\"columnWidth\":\"auto\",\"columns\":3,\"maxWidth\":960},{\"columnWidth\":\"auto\",\"columns\":2,\"maxWidth\":650},{\"columnWidth\":\"auto\",\"columns\":1,\"maxWidth\":450}],\"lightboxOptions\":{\"gallery\":{\"enabled\":true,\"tCounter\":\"%curr% of %total%\"}},\"overlayEffect\":\"direction-aware-fade\",\"boxesToLoadStart\":12,\"boxesToLoad\":8,\"waitUntilThumbLoads\":1,\"LoadingWord\":\"Loading...\",\"loadMoreWord\":\"Load More\",\"noMoreEntriesWord\":\"No More Entries\",\"horizontalSpaceBetweenBoxes\":15,\"verticalSpaceBetweenBoxes\":15,\"lazyLoad\":1,\"wrapContainer\":\"#robo-gallery-wrap-rbs_gallery_69e33eb1e4124\",\"filterContainer\":\"#rbs_gallery_69e33eb1e4124filter\",\"loadMoreClass\":\"button-border-caution \"};<\/script><\/p>\n<p><p><b>Katia Push-Up BH<\/b> ist ein sinnlicher und eleganter BH, der die Brust perfekt formt. Die gepolsterten Cups, die mit eleganter Blumenstickerei \u00fcberzogen sind, betonen verf\u00fchrerisch den Busen und verleihen ihm dank der diagonalen Schnitte und B\u00fcgel eine runde Form. Sch\u00f6ne Stickereien zieren die gesamten Cups, und die herausnehmbaren Polster erm\u00f6glichen eine individuelle Verst\u00e4rkung des Dekollet\u00e9s. Der BH verf\u00fcgt \u00fcber verstellbare, abnehmbare Tr\u00e4ger sowie einen R\u00fcckenverschluss mit zwei oder drei Haken, je nach Gr\u00f6\u00dfe, und einer dreistufigen Weitenregulierung. Der glatte, schlichte R\u00fccken sorgt f\u00fcr Komfort, w\u00e4hrend das Spitzenband f\u00fcr einen Hauch Raffinesse sorgt. Eine ideale Wahl f\u00fcr den Alltag und besondere Anl\u00e4sse, auch bei tiefen Ausschnitten.<\/p>\n<p>Folgende Artikel aus der Katia-Kollektion passen perfekt dazu:<\/p>\n<ul>\n<li><b>Katia Vollslip<\/b>: Eine wundersch\u00f6ne Kombination aus zarter und bequemer Mikrofaser und Spitze, die die Weiblichkeit subtil unterstreicht. Der bequeme Schnitt formt sanft Bauch und Ges\u00e4\u00df und bietet gleichzeitig Bewegungsfreiheit. Zierliche Schleifen verleihen zus\u00e4tzlichen Charme.<\/li>\n<li><b>Katia String<\/b>: Eine wundersch\u00f6ne Kombination aus Mikrofaser und Spitze, die die Kurven der weiblichen Figur perfekt betont. Sinnlich und elegant, ideal f\u00fcr den Alltag oder besondere Momente.<\/li>\n<li><b>Katia Boxershorts<\/b>: Eine klassisch sch\u00f6ne Form in Kombination mit reicher Spitze schafft ein unwiderstehliches Duo. Diese Boxershorts schmiegen sich sanft an den K\u00f6rper und bieten sowohl Eleganz als auch Komfort.<\/li>\n<li><b>Katia Hemdchen<\/b>: Dieses subtile Hemdchen kombiniert glatten, einfarbigen Stoff mit eleganter Spitze. Die Cups sind mit Blumenstickerei verziert und schaffen einen sinnlichen Ausschnitt, der die Blicke auf sich zieht. Perfekt f\u00fcr besondere Abende, betont es die Sch\u00f6nheit der Silhouette und bietet sowohl Komfort als auch Eleganz.<\/li>\n<\/ul>\n<p>Das gesamte Set bildet eine harmonische und raffinierte W\u00e4schekollektion, die sowohl Komfort als auch einen sinnlichen Look bietet und die Sch\u00f6nheit der weiblichen Figur hervorhebt.<\/p>\n<p><\/p><br \/>\n<p><\/p>\n<table class=\"sizeTable\">\n<tbody>\n<tr>\n<td><b>BH PUSH-UP<\/b><br \/>\n65 CDEFGH<br \/>\n70 BCDEFG<br \/>\n75 ABCDEFGH<br \/>\n80 ABCDEFG<br \/>\n85 ABCDEF<br \/>\n90 BCDE<br \/>\n95 BCD<br \/>\n100 BC<br \/>\n105 B<\/td>\n<\/tr>\n<\/tbody>\n<\/table>\n<p><\/p><\/p>\n<p><\/p>\n<table class=\"sizeTable\">\n<tbody>\n<tr>\n<td><b>VOLLSLIPS<\/b><br \/>\nS, M, L, XL, XXL<\/td>\n<td><b>STRING-TANGAS<\/b><br \/>\nS, M, L, XL, XXL<\/td>\n<td><b>BOXERSHORTS<\/b><br \/>\nS, M, L, XL, XXL<\/td>\n<\/tr>\n<\/tbody>\n<\/table>\n<p><\/p>\n<p><\/p>\n<table class=\"sizeTable\">\n<tbody>\n<tr>\n<td><b>NACHTHEMD<\/b><br \/>\nS, M, L, XL, XXL<\/td>\n<\/tr>\n<\/tbody>\n<\/table>\n<p><\/p>\n<p><p><\/p>\n<div style=\"display: flex; align-items: center; gap: 15px; margin-top: 20px; width: 100%;\">\n    <img decoding=\"async\" src=\"https:\/\/www.paripari-lingerie.com\/wp-content\/uploads\/2024\/10\/handshake_icon.png\" alt=\"Ikona wsp\u00f3\u0142pracy\" style=\"width: 50px; height: auto;\"\/><\/p>\n<div>\n        <b>M\u00f6chten Sie mit uns zusammenarbeiten und Vertriebspartner f\u00fcr XX Unterw\u00e4sche werden?<br \/>\n        <a href=\"https:\/\/www.paripari-lingerie.com\/cooperation-resell-paripari-lingerie-and-build-your-success-with-our-brand\/\">Hier finden Sie weitere Informationen<\/a>, kontaktieren Sie uns \u2013 wir freuen uns auf Sie!<\/b>\n    <\/div>\n<\/div>\n<p><\/p><br \/>\n<\/p>","protected":false},"excerpt":{"rendered":"","protected":false},"author":1,"featured_media":0,"parent":1564,"menu_order":21,"comment_status":"closed","ping_status":"closed","template":"","meta":{"footnotes":""},"class_list":["post-3094","page","type-page","status-publish","czr-hentry"],"_links":{"self":[{"href":"https:\/\/www.paripari-lingerie.com\/de\/wp-json\/wp\/v2\/pages\/3094","targetHints":{"allow":["GET"]}}],"collection":[{"href":"https:\/\/www.paripari-lingerie.com\/de\/wp-json\/wp\/v2\/pages"}],"about":[{"href":"https:\/\/www.paripari-lingerie.com\/de\/wp-json\/wp\/v2\/types\/page"}],"author":[{"embeddable":true,"href":"https:\/\/www.paripari-lingerie.com\/de\/wp-json\/wp\/v2\/users\/1"}],"replies":[{"embeddable":true,"href":"https:\/\/www.paripari-lingerie.com\/de\/wp-json\/wp\/v2\/comments?post=3094"}],"version-history":[{"count":4,"href":"https:\/\/www.paripari-lingerie.com\/de\/wp-json\/wp\/v2\/pages\/3094\/revisions"}],"predecessor-version":[{"id":3791,"href":"https:\/\/www.paripari-lingerie.com\/de\/wp-json\/wp\/v2\/pages\/3094\/revisions\/3791"}],"up":[{"embeddable":true,"href":"https:\/\/www.paripari-lingerie.com\/de\/wp-json\/wp\/v2\/pages\/1564"}],"wp:attachment":[{"href":"https:\/\/www.paripari-lingerie.com\/de\/wp-json\/wp\/v2\/media?parent=3094"}],"curies":[{"name":"wp","href":"https:\/\/api.w.org\/{rel}","templated":true}]}}