{"id":3247,"date":"2023-12-14T17:22:41","date_gmt":"2023-12-14T16:22:41","guid":{"rendered":"https:\/\/www.paripari-lingerie.com\/?page_id=3247"},"modified":"2024-12-20T11:59:25","modified_gmt":"2024-12-20T10:59:25","slug":"cynthia-red","status":"publish","type":"page","link":"https:\/\/www.paripari-lingerie.com\/de\/collection\/cynthia-red\/","title":{"rendered":"CYNTHIA ROT"},"content":{"rendered":"<p><br \/>\n<\/p>\n<p style=\"text-align: center;\"><style type=\"text\/css\" scoped>.rbs_gallery_69e354d411331Spinner{\r\n\t\t\t\tmargin: 50px auto;\r\n\t\t\t\twidth: 50px;\r\n\t\t\t\theight: 40px;\r\n\t\t\t\ttext-align: center;\r\n\t\t\t\tfont-size: 10px;\r\n\t\t\t}\r\n\t\t\t.rbs_gallery_69e354d411331Spinner > div{\r\n\t\t\t  background-color: #333;\r\n\t\t\t  height: 100%;\r\n\t\t\t  width: 6px;\r\n\t\t\t  display: inline-block;\r\n\t\t\t  -webkit-animation: rbs_gallery_69e354d411331-stretchdelay 1.2s infinite ease-in-out;\r\n\t\t\t  animation: rbs_gallery_69e354d411331-stretchdelay 1.2s infinite ease-in-out;\r\n\t\t\t}\r\n\t\t\t.rbs_gallery_69e354d411331Spinner .rbs_gallery_69e354d411331Rect2 {\r\n\t\t\t  -webkit-animation-delay: -1.1s;\r\n\t\t\t  animation-delay: -1.1s;\r\n\t\t\t}\r\n\t\t\t.rbs_gallery_69e354d411331Spinner .rbs_gallery_69e354d411331Rect3 {\r\n\t\t\t  -webkit-animation-delay: -1.0s;\r\n\t\t\t  animation-delay: -1.0s;\r\n\t\t\t}\r\n\t\t\t.rbs_gallery_69e354d411331Spinner .rbs_gallery_69e354d411331Rect4 {\r\n\t\t\t  -webkit-animation-delay: -0.9s;\r\n\t\t\t  animation-delay: -0.9s;\r\n\t\t\t}\r\n\t\t\t.rbs_gallery_69e354d411331Spinner .rbs_gallery_69e354d411331Rect5 {\r\n\t\t\t  -webkit-animation-delay: -0.8s;\r\n\t\t\t  animation-delay: -0.8s;\r\n\t\t\t}\r\n\t\t\t@-webkit-keyframes rbs_gallery_69e354d411331-stretchdelay {\r\n\t\t\t  0%, 40%, 100% { -webkit-transform: scaleY(0.4) }  \r\n\t\t\t  20% { -webkit-transform: scaleY(1.0) }\r\n\t\t\t}\r\n\t\t\t@keyframes rbs_gallery_69e354d411331-stretchdelay {\r\n\t\t\t  0%, 40%, 100% { \r\n\t\t\t    transform: scaleY(0.4);\r\n\t\t\t    -webkit-transform: scaleY(0.4);\r\n\t\t\t  }  20% { \r\n\t\t\t    transform: scaleY(1.0);\r\n\t\t\t    -webkit-transform: scaleY(1.0);\r\n\t\t\t  }\r\n\t\t\t}\r\n\t\t<\/style><div class=\"robo-gallery-wrap robo-gallery-wrap-id3252 robo-gallery-\" ><div id=\"rbs_gallery_69e354d411331-block-loader\" class=\"rbs_gallery_69e354d411331Spinner\"><div class=\"rbs_gallery_69e354d411331Rect1\"><\/div> <div class=\"rbs_gallery_69e354d411331Rect2\"><\/div> <div class=\"rbs_gallery_69e354d411331Rect3\"><\/div> <div class=\"rbs_gallery_69e354d411331Rect4\"><\/div> <div class=\"rbs_gallery_69e354d411331Rect5\"><\/div><\/div><div class=\"rbs_gallery_button  rbs_gallery_align_left\" id=\"rbs_gallery_69e354d411331filter\" style=\" display: none;\" ><a class=\"button button-border-caution  \" href=\"#\" data-filter=\"*\">All<\/a><\/div><div id=\"robo_gallery_main_block_rbs_gallery_69e354d411331\" class=\"robogallery-gallery-3252\" style=\"width:100%;  display: none;\"><div id=\"rbs_gallery_69e354d411331\" data-options=\"rbs_gallery_69e354d411331\" style=\"width:100%;\" class=\"robo_gallery  \"><div class=\"rbs-img  category3252 \" ><div class=\"rbs-img-image   rbs-lightbox \" ><div class=\"rbs-img-thumbs\"  data-thumbnail=\"https:\/\/www.paripari-lingerie.com\/wp-content\/uploads\/2023\/12\/CYNTHIA-RED-SOFT-AND-STRING-FRONT-683x1024.jpg\"  title=\"CYNTHIA RED SOFT AND STRING FRONT\"  data-width=\"683\"  data-height=\"1024\" ><\/div><div class=\"rbs-img-data-popup\"  data-popup=\"https:\/\/www.paripari-lingerie.com\/wp-content\/uploads\/2023\/12\/CYNTHIA-RED-SOFT-AND-STRING-FRONT.jpg\"  title=\"CYNTHIA RED SOFT AND STRING FRONT\" ><\/div><div class=\"thumbnail-overlay\"><div class=\"rbsTitle \">CYNTHIA RED SOFT AND STRING FRONT<\/div><div class=\"rbsIcons\"><i class=\"fa fa-search-plus rbsZoomIcon \" ><\/i><\/div><\/div><\/div><\/div><div class=\"rbs-img  category3252 \" ><div class=\"rbs-img-image   rbs-lightbox \" ><div class=\"rbs-img-thumbs\"  data-thumbnail=\"https:\/\/www.paripari-lingerie.com\/wp-content\/uploads\/2023\/12\/CYNTHIA-RED-SOFT-and-FULL-FRONT-683x1024.jpg\"  title=\"CYNTHIA RED SOFT and FULL FRONT\"  data-width=\"683\"  data-height=\"1024\" ><\/div><div class=\"rbs-img-data-popup\"  data-popup=\"https:\/\/www.paripari-lingerie.com\/wp-content\/uploads\/2023\/12\/CYNTHIA-RED-SOFT-and-FULL-FRONT.jpg\"  title=\"CYNTHIA RED SOFT and FULL FRONT\" ><\/div><div class=\"thumbnail-overlay\"><div class=\"rbsTitle \">CYNTHIA RED SOFT and FULL FRONT<\/div><div class=\"rbsIcons\"><i class=\"fa fa-search-plus rbsZoomIcon \" ><\/i><\/div><\/div><\/div><\/div><div class=\"rbs-img  category3252 \" ><div class=\"rbs-img-image   rbs-lightbox \" ><div class=\"rbs-img-thumbs\"  data-thumbnail=\"https:\/\/www.paripari-lingerie.com\/wp-content\/uploads\/2023\/12\/CYNTHIA-RED-SOFT-and-FULL-HIGH-WAIST-FRONT-683x1024.jpg\"  title=\"CYNTHIA RED SOFT and FULL HIGH WAIST FRONT\"  data-width=\"683\"  data-height=\"1024\" ><\/div><div class=\"rbs-img-data-popup\"  data-popup=\"https:\/\/www.paripari-lingerie.com\/wp-content\/uploads\/2023\/12\/CYNTHIA-RED-SOFT-and-FULL-HIGH-WAIST-FRONT.jpg\"  title=\"CYNTHIA RED SOFT and FULL HIGH WAIST FRONT\" ><\/div><div class=\"thumbnail-overlay\"><div class=\"rbsTitle \">CYNTHIA RED SOFT and FULL HIGH WAIST FRONT<\/div><div class=\"rbsIcons\"><i class=\"fa fa-search-plus rbsZoomIcon \" ><\/i><\/div><\/div><\/div><\/div><div class=\"rbs-img  category3252 \" ><div class=\"rbs-img-image   rbs-lightbox \" ><div class=\"rbs-img-thumbs\"  data-thumbnail=\"https:\/\/www.paripari-lingerie.com\/wp-content\/uploads\/2023\/12\/CYNTHIA-RED-STRING-REAR-683x1024.jpg\"  title=\"CYNTHIA RED STRING REAR\"  data-width=\"683\"  data-height=\"1024\" ><\/div><div class=\"rbs-img-data-popup\"  data-popup=\"https:\/\/www.paripari-lingerie.com\/wp-content\/uploads\/2023\/12\/CYNTHIA-RED-STRING-REAR.jpg\"  title=\"CYNTHIA RED STRING REAR\" ><\/div><div class=\"thumbnail-overlay\"><div class=\"rbsTitle \">CYNTHIA RED STRING REAR<\/div><div class=\"rbsIcons\"><i class=\"fa fa-search-plus rbsZoomIcon \" ><\/i><\/div><\/div><\/div><\/div><div class=\"rbs-img  category3252 \" ><div class=\"rbs-img-image   rbs-lightbox \" ><div class=\"rbs-img-thumbs\"  data-thumbnail=\"https:\/\/www.paripari-lingerie.com\/wp-content\/uploads\/2023\/12\/CYNTHIA-RED-FULL-REAR-683x1024.jpg\"  title=\"CYNTHIA RED FULL REAR\"  data-width=\"683\"  data-height=\"1024\" ><\/div><div class=\"rbs-img-data-popup\"  data-popup=\"https:\/\/www.paripari-lingerie.com\/wp-content\/uploads\/2023\/12\/CYNTHIA-RED-FULL-REAR.jpg\"  title=\"CYNTHIA RED FULL REAR\" ><\/div><div class=\"thumbnail-overlay\"><div class=\"rbsTitle \">CYNTHIA RED FULL REAR<\/div><div class=\"rbsIcons\"><i class=\"fa fa-search-plus rbsZoomIcon \" ><\/i><\/div><\/div><\/div><\/div><div class=\"rbs-img  category3252 \" ><div class=\"rbs-img-image   rbs-lightbox \" ><div class=\"rbs-img-thumbs\"  data-thumbnail=\"https:\/\/www.paripari-lingerie.com\/wp-content\/uploads\/2023\/12\/CYNTHIA-RED-FULL-HIGH-WAIST-REAR-683x1024.jpg\"  title=\"CYNTHIA RED FULL HIGH WAIST REAR\"  data-width=\"683\"  data-height=\"1024\" ><\/div><div class=\"rbs-img-data-popup\"  data-popup=\"https:\/\/www.paripari-lingerie.com\/wp-content\/uploads\/2023\/12\/CYNTHIA-RED-FULL-HIGH-WAIST-REAR.jpg\"  title=\"CYNTHIA RED FULL HIGH WAIST REAR\" ><\/div><div class=\"thumbnail-overlay\"><div class=\"rbsTitle \">CYNTHIA RED FULL HIGH WAIST REAR<\/div><div class=\"rbsIcons\"><i class=\"fa fa-search-plus rbsZoomIcon \" ><\/i><\/div><\/div><\/div><\/div><\/div><\/div><\/div><script>var rbs_gallery_69e354d411331 = {\"version\":\"5.1.4\",\"id\":3252,\"class\":\"id3252\",\"roboGalleryDelay\":1000,\"mainContainer\":\"#robo_gallery_main_block_rbs_gallery_69e354d411331\",\"loadingContainer\":\"#rbs_gallery_69e354d411331-block-loader\",\"loadingContainerObj\":\"rbs_gallery_69e354d411331-block-loader\",\"columnWidth\":\"auto\",\"columns\":3,\"resolutions\":[{\"columnWidth\":\"auto\",\"columns\":3,\"maxWidth\":960},{\"columnWidth\":\"auto\",\"columns\":2,\"maxWidth\":650},{\"columnWidth\":\"auto\",\"columns\":1,\"maxWidth\":450}],\"lightboxOptions\":{\"gallery\":{\"enabled\":true,\"tCounter\":\"%curr% of %total%\"}},\"overlayEffect\":\"direction-aware-fade\",\"boxesToLoadStart\":12,\"boxesToLoad\":8,\"waitUntilThumbLoads\":1,\"LoadingWord\":\"Loading...\",\"loadMoreWord\":\"Load More\",\"noMoreEntriesWord\":\"No More Entries\",\"horizontalSpaceBetweenBoxes\":15,\"verticalSpaceBetweenBoxes\":15,\"lazyLoad\":1,\"wrapContainer\":\"#robo-gallery-wrap-rbs_gallery_69e354d411331\",\"filterContainer\":\"#rbs_gallery_69e354d411331filter\",\"loadMoreClass\":\"button-border-caution \"};<\/script><\/p>\n<p><p><b>Cynthia BH<\/b> ist eine elegante Wahl f\u00fcr Frauen mit mittlerer bis gro\u00dfer Oberweite, gefertigt aus Stoff mit floraler Stickerei, die dem Modell eine sinnliche Note verleiht. Die Cups sind ungepolstert, was eine nat\u00fcrliche Formgebung und einen bequemen Tragekomfort bietet. Der untere Teil der Cups ist mit stabilem Netz verst\u00e4rkt, w\u00e4hrend doppelte vertikale N\u00e4hte die Unterst\u00fctzung des BHs, besonders in gr\u00f6\u00dferen Gr\u00f6\u00dfen, verbessern und somit festen Halt und Komfort gew\u00e4hrleisten. Seitliche St\u00e4bchen und breite Seitenfl\u00fcgel aus doppelter Stofflage stabilisieren zus\u00e4tzlich den Busen, und die verstellbaren Tr\u00e4ger, angepasst an die Gr\u00f6\u00dfe des BHs, sorgen f\u00fcr eine perfekte Passform. Der R\u00fcckenverschluss hat drei Haken zur Umfangsregulierung, wobei die Breite des Verschlusses je nach Gr\u00f6\u00dfe zwei oder drei Reihen Haken umfasst, was dieses Modell besonders komfortabel macht.<\/p>\n<p>Das Modell Cynthia bietet die gr\u00f6\u00dften verf\u00fcgbaren BH-Gr\u00f6\u00dfen in unserer Kollektion \u2013 bis zu 115B \u2013 was es von der Konkurrenz abhebt. Das Design wurde \u00fcber viele Monate hinweg an den anspruchsvollsten B\u00fcsten getestet und garantiert festen Halt, Sch\u00f6nheit und Komfort. Ein so gro\u00dfer Gr\u00f6\u00dfenbereich ist selten, und nur wenige Marken bieten eine so umfangreiche Auswahl.<\/p>\n<p>Andere Teile der Cynthia-Kollektion erg\u00e4nzen das Set perfekt:<\/p>\n<ul>\n<li><b>Cynthia Vollslips mit Hohem Bund<\/b>: Klassische Slips mit hohem Bund aus weicher Mikrofaser und zartem T\u00fcll. Die Vorderseite ist mit einem gro\u00dfen St\u00fcck sch\u00f6ner Spitze verziert, das Sinnlichkeit verleiht. Der glatte R\u00fccken sorgt f\u00fcr optimalen Tragekomfort, und der hohe Schnitt eignet sich hervorragend f\u00fcr Frauen mit volleren Figuren. Erh\u00e4ltlich in Gr\u00f6\u00dfen bis zu 5XL, geh\u00f6ren sie zu den gr\u00f6\u00dften in unserer Kollektion.<\/li>\n<li><b>Cynthia Vollslips<\/b>: Diese klassischen Slips aus weicher Mikrofaser passen sich perfekt dem K\u00f6rper an und bieten t\u00e4glichen Komfort. Die Vorderseite ist mit eleganten, dekorativen Stickereien an den Seiten verziert, was den Slips einen dezenten Charme verleiht. Der glatte R\u00fccken sorgt f\u00fcr Komfort und eine perfekte Passform. Erh\u00e4ltlich in Gr\u00f6\u00dfen bis zu 5XL.<\/li>\n<li><b>Cynthia Strings<\/b>: Diese eleganten Strings kombinieren eine zarte florale Stickerei an der Vorderseite mit weicher Mikrofaser am glatten R\u00fccken. Transparente T\u00fclleins\u00e4tze verleihen eine sinnliche Note, und die vertikalen N\u00e4hte an Vorder- und R\u00fcckseite sorgen f\u00fcr eine perfekte Passform.<\/li>\n<\/ul>\n<p>Die gesamte Cynthia-Kollektion ist eine Dessous-Linie, die nicht nur ein breites Gr\u00f6\u00dfenspektrum bietet, sondern auch au\u00dfergew\u00f6hnlichen Komfort und Eleganz garantiert. Es ist die perfekte Wahl f\u00fcr Frauen, die Dessous suchen, die Sch\u00f6nheit und festen Halt f\u00fcr den t\u00e4glichen Gebrauch verbinden.<\/p>\n<p><\/p><br \/>\n<p><a href=\"\/sizes-table\">Gr\u00f6\u00dfentabelle der <strong>PariPari Unterw\u00e4sche<\/strong><\/a><br \/>\n<\/p><br \/>\n<p><\/p>\n<table class=\"sizeTable\">\n<tbody>\n<tr>\n<td><b>WEICHER BH<\/b><\/td>\n<\/tr>\n<tr>\n<td>65&nbsp;&nbsp;FGH<\/td>\n<\/tr>\n<tr>\n<td>70&nbsp;&nbsp;EFG<\/td>\n<\/tr>\n<tr>\n<td>75&nbsp;&nbsp;DEFGHIJ<\/td>\n<\/tr>\n<tr>\n<td>80&nbsp;&nbsp;CDEFGHI<\/td>\n<\/tr>\n<tr>\n<td>85&nbsp;&nbsp;BCDEFGH<\/td>\n<\/tr>\n<tr>\n<td>90&nbsp;&nbsp;BCDEFG<\/td>\n<\/tr>\n<tr>\n<td>95&nbsp;&nbsp;BCDEF<\/td>\n<\/tr>\n<tr>\n<td>100&nbsp;&nbsp;BCDE<\/td>\n<\/tr>\n<tr>\n<td>105&nbsp;&nbsp;BCD<\/td>\n<\/tr>\n<tr>\n<td>110&nbsp;&nbsp;BC<\/td>\n<\/tr>\n<tr>\n<td>115&nbsp;&nbsp;B<\/td>\n<\/tr>\n<tr>\n<td><b>PANTY VOLL<\/b><\/td>\n<\/tr>\n<tr>\n<td>S&nbsp;&nbsp;M&nbsp;&nbsp;L&nbsp;&nbsp;XL&nbsp;&nbsp;XXL&nbsp;&nbsp;XXXL&nbsp;&nbsp;4XL&nbsp;&nbsp;5XL<\/td>\n<\/tr>\n<tr>\n<td><b>PANTY STRING<\/b><\/td>\n<\/tr>\n<tr>\n<td>S&nbsp;&nbsp;M&nbsp;&nbsp;L&nbsp;&nbsp;XL&nbsp;&nbsp;XXL&nbsp;&nbsp;XXXL&nbsp;&nbsp;4XL&nbsp;&nbsp;5XL<\/td>\n<\/tr>\n<tr>\n<td><b>PANTY VOLL HOHE TAILLE (HW)<\/b><\/td>\n<\/tr>\n<tr>\n<td>S&nbsp;&nbsp;M&nbsp;&nbsp;L&nbsp;&nbsp;XL&nbsp;&nbsp;XXL&nbsp;&nbsp;XXXL&nbsp;&nbsp;4XL&nbsp;&nbsp;5XL<\/td>\n<\/tr>\n<\/tbody>\n<\/table>\n<p><\/p><\/p>\n<p><p><\/p>\n<div style=\"display: flex; align-items: center; gap: 15px; margin-top: 20px; width: 100%;\">\n    <img decoding=\"async\" src=\"https:\/\/www.paripari-lingerie.com\/wp-content\/uploads\/2024\/10\/handshake_icon.png\" alt=\"Ikona wsp\u00f3\u0142pracy\" style=\"width: 50px; height: auto;\"\/><\/p>\n<div>\n        <b>M\u00f6chten Sie mit uns zusammenarbeiten und Vertriebspartner f\u00fcr XX Unterw\u00e4sche werden?<br \/>\n        <a href=\"https:\/\/www.paripari-lingerie.com\/cooperation-resell-paripari-lingerie-and-build-your-success-with-our-brand\/\">Hier finden Sie weitere Informationen<\/a>, kontaktieren Sie uns \u2013 wir freuen uns auf Sie!<\/b>\n    <\/div>\n<\/div>\n<p><\/p><br \/>\n<\/p>","protected":false},"excerpt":{"rendered":"","protected":false},"author":1,"featured_media":0,"parent":1564,"menu_order":19,"comment_status":"closed","ping_status":"closed","template":"","meta":{"footnotes":""},"class_list":["post-3247","page","type-page","status-publish","czr-hentry"],"_links":{"self":[{"href":"https:\/\/www.paripari-lingerie.com\/de\/wp-json\/wp\/v2\/pages\/3247","targetHints":{"allow":["GET"]}}],"collection":[{"href":"https:\/\/www.paripari-lingerie.com\/de\/wp-json\/wp\/v2\/pages"}],"about":[{"href":"https:\/\/www.paripari-lingerie.com\/de\/wp-json\/wp\/v2\/types\/page"}],"author":[{"embeddable":true,"href":"https:\/\/www.paripari-lingerie.com\/de\/wp-json\/wp\/v2\/users\/1"}],"replies":[{"embeddable":true,"href":"https:\/\/www.paripari-lingerie.com\/de\/wp-json\/wp\/v2\/comments?post=3247"}],"version-history":[{"count":7,"href":"https:\/\/www.paripari-lingerie.com\/de\/wp-json\/wp\/v2\/pages\/3247\/revisions"}],"predecessor-version":[{"id":3770,"href":"https:\/\/www.paripari-lingerie.com\/de\/wp-json\/wp\/v2\/pages\/3247\/revisions\/3770"}],"up":[{"embeddable":true,"href":"https:\/\/www.paripari-lingerie.com\/de\/wp-json\/wp\/v2\/pages\/1564"}],"wp:attachment":[{"href":"https:\/\/www.paripari-lingerie.com\/de\/wp-json\/wp\/v2\/media?parent=3247"}],"curies":[{"name":"wp","href":"https:\/\/api.w.org\/{rel}","templated":true}]}}