{"id":3310,"date":"2024-04-24T11:57:36","date_gmt":"2024-04-24T10:57:36","guid":{"rendered":"https:\/\/www.paripari-lingerie.com\/?page_id=3310"},"modified":"2024-12-20T12:02:02","modified_gmt":"2024-12-20T11:02:02","slug":"ellie-black","status":"publish","type":"page","link":"https:\/\/www.paripari-lingerie.com\/de\/collection\/ellie-black\/","title":{"rendered":"ELLIE SCHWARZ"},"content":{"rendered":"<p><br \/>\n<\/p>\n<p style=\"text-align: center;\"><style type=\"text\/css\" scoped>.rbs_gallery_69e74cd1c996eSpinner{\r\n\t\t\t\tmargin: 50px auto;\r\n\t\t\t\twidth: 50px;\r\n\t\t\t\theight: 40px;\r\n\t\t\t\ttext-align: center;\r\n\t\t\t\tfont-size: 10px;\r\n\t\t\t}\r\n\t\t\t.rbs_gallery_69e74cd1c996eSpinner > div{\r\n\t\t\t  background-color: #333;\r\n\t\t\t  height: 100%;\r\n\t\t\t  width: 6px;\r\n\t\t\t  display: inline-block;\r\n\t\t\t  -webkit-animation: rbs_gallery_69e74cd1c996e-stretchdelay 1.2s infinite ease-in-out;\r\n\t\t\t  animation: rbs_gallery_69e74cd1c996e-stretchdelay 1.2s infinite ease-in-out;\r\n\t\t\t}\r\n\t\t\t.rbs_gallery_69e74cd1c996eSpinner .rbs_gallery_69e74cd1c996eRect2 {\r\n\t\t\t  -webkit-animation-delay: -1.1s;\r\n\t\t\t  animation-delay: -1.1s;\r\n\t\t\t}\r\n\t\t\t.rbs_gallery_69e74cd1c996eSpinner .rbs_gallery_69e74cd1c996eRect3 {\r\n\t\t\t  -webkit-animation-delay: -1.0s;\r\n\t\t\t  animation-delay: -1.0s;\r\n\t\t\t}\r\n\t\t\t.rbs_gallery_69e74cd1c996eSpinner .rbs_gallery_69e74cd1c996eRect4 {\r\n\t\t\t  -webkit-animation-delay: -0.9s;\r\n\t\t\t  animation-delay: -0.9s;\r\n\t\t\t}\r\n\t\t\t.rbs_gallery_69e74cd1c996eSpinner .rbs_gallery_69e74cd1c996eRect5 {\r\n\t\t\t  -webkit-animation-delay: -0.8s;\r\n\t\t\t  animation-delay: -0.8s;\r\n\t\t\t}\r\n\t\t\t@-webkit-keyframes rbs_gallery_69e74cd1c996e-stretchdelay {\r\n\t\t\t  0%, 40%, 100% { -webkit-transform: scaleY(0.4) }  \r\n\t\t\t  20% { -webkit-transform: scaleY(1.0) }\r\n\t\t\t}\r\n\t\t\t@keyframes rbs_gallery_69e74cd1c996e-stretchdelay {\r\n\t\t\t  0%, 40%, 100% { \r\n\t\t\t    transform: scaleY(0.4);\r\n\t\t\t    -webkit-transform: scaleY(0.4);\r\n\t\t\t  }  20% { \r\n\t\t\t    transform: scaleY(1.0);\r\n\t\t\t    -webkit-transform: scaleY(1.0);\r\n\t\t\t  }\r\n\t\t\t}\r\n\t\t<\/style><div class=\"robo-gallery-wrap robo-gallery-wrap-id3306 robo-gallery-\" ><div id=\"rbs_gallery_69e74cd1c996e-block-loader\" class=\"rbs_gallery_69e74cd1c996eSpinner\"><div class=\"rbs_gallery_69e74cd1c996eRect1\"><\/div> <div class=\"rbs_gallery_69e74cd1c996eRect2\"><\/div> <div class=\"rbs_gallery_69e74cd1c996eRect3\"><\/div> <div class=\"rbs_gallery_69e74cd1c996eRect4\"><\/div> <div class=\"rbs_gallery_69e74cd1c996eRect5\"><\/div><\/div><div id=\"robo_gallery_main_block_rbs_gallery_69e74cd1c996e\" class=\"robogallery-gallery-3306\" style=\"width:100%;  display: none;\"><div id=\"rbs_gallery_69e74cd1c996e\" data-options=\"rbs_gallery_69e74cd1c996e\" style=\"width:100%;\" class=\"robo_gallery  \"><div class=\"rbs-img  category3306 \" ><div class=\"rbs-img-image   rbs-lightbox \" ><div class=\"rbs-img-thumbs\"  data-thumbnail=\"https:\/\/www.paripari-lingerie.com\/wp-content\/uploads\/2024\/04\/ELLIE-BLACK-PUSH-UP-and-STRING-FRONT-683x1024.jpg\"  title=\"ELLIE BLACK PUSH-UP and STRING FRONT\"  data-width=\"683\"  data-height=\"1024\" ><\/div><div class=\"rbs-img-data-popup\"  data-popup=\"https:\/\/www.paripari-lingerie.com\/wp-content\/uploads\/2024\/04\/ELLIE-BLACK-PUSH-UP-and-STRING-FRONT-scaled.jpg\"  title=\"ELLIE BLACK PUSH-UP and STRING FRONT\" ><\/div><div class=\"thumbnail-overlay\"><div class=\"rbsTitle \">ELLIE BLACK PUSH-UP and STRING FRONT<\/div><div class=\"rbsIcons\"><i class=\"fa fa-search-plus rbsZoomIcon \" ><\/i><\/div><\/div><\/div><\/div><div class=\"rbs-img  category3306 \" ><div class=\"rbs-img-image   rbs-lightbox \" ><div class=\"rbs-img-thumbs\"  data-thumbnail=\"https:\/\/www.paripari-lingerie.com\/wp-content\/uploads\/2024\/04\/ELLIE-BLACK-PUSH-UP-and-FULL-FRONT-683x1024.jpg\"  title=\"ELLIE BLACK PUSH-UP and FULL FRONT\"  data-width=\"683\"  data-height=\"1024\" ><\/div><div class=\"rbs-img-data-popup\"  data-popup=\"https:\/\/www.paripari-lingerie.com\/wp-content\/uploads\/2024\/04\/ELLIE-BLACK-PUSH-UP-and-FULL-FRONT-scaled.jpg\"  title=\"ELLIE BLACK PUSH-UP and FULL FRONT\" ><\/div><div class=\"thumbnail-overlay\"><div class=\"rbsTitle \">ELLIE BLACK PUSH-UP and FULL FRONT<\/div><div class=\"rbsIcons\"><i class=\"fa fa-search-plus rbsZoomIcon \" ><\/i><\/div><\/div><\/div><\/div><div class=\"rbs-img  category3306 \" ><div class=\"rbs-img-image   rbs-lightbox \" ><div class=\"rbs-img-thumbs\"  data-thumbnail=\"https:\/\/www.paripari-lingerie.com\/wp-content\/uploads\/2024\/04\/ELLIE-BLACK-PUSH-UP-and-STRING-REAR-683x1024.jpg\"  title=\"ELLIE BLACK PUSH-UP and STRING REAR\"  data-width=\"683\"  data-height=\"1024\" ><\/div><div class=\"rbs-img-data-popup\"  data-popup=\"https:\/\/www.paripari-lingerie.com\/wp-content\/uploads\/2024\/04\/ELLIE-BLACK-PUSH-UP-and-STRING-REAR-scaled.jpg\"  title=\"ELLIE BLACK PUSH-UP and STRING REAR\" ><\/div><div class=\"thumbnail-overlay\"><div class=\"rbsTitle \">ELLIE BLACK PUSH-UP and STRING REAR<\/div><div class=\"rbsIcons\"><i class=\"fa fa-search-plus rbsZoomIcon \" ><\/i><\/div><\/div><\/div><\/div><div class=\"rbs-img  category3306 \" ><div class=\"rbs-img-image   rbs-lightbox \" ><div class=\"rbs-img-thumbs\"  data-thumbnail=\"https:\/\/www.paripari-lingerie.com\/wp-content\/uploads\/2024\/04\/ELLIE-BLACK-PUSH-UP-and-FULL-REAR-683x1024.jpg\"  title=\"ELLIE BLACK PUSH-UP and FULL REAR\"  data-width=\"683\"  data-height=\"1024\" ><\/div><div class=\"rbs-img-data-popup\"  data-popup=\"https:\/\/www.paripari-lingerie.com\/wp-content\/uploads\/2024\/04\/ELLIE-BLACK-PUSH-UP-and-FULL-REAR-scaled.jpg\"  title=\"ELLIE BLACK PUSH-UP and FULL REAR\" ><\/div><div class=\"thumbnail-overlay\"><div class=\"rbsTitle \">ELLIE BLACK PUSH-UP and FULL REAR<\/div><div class=\"rbsIcons\"><i class=\"fa fa-search-plus rbsZoomIcon \" ><\/i><\/div><\/div><\/div><\/div><\/div><\/div><\/div><script>var rbs_gallery_69e74cd1c996e = {\"version\":\"5.1.4\",\"id\":3306,\"class\":\"id3306\",\"roboGalleryDelay\":1000,\"mainContainer\":\"#robo_gallery_main_block_rbs_gallery_69e74cd1c996e\",\"loadingContainer\":\"#rbs_gallery_69e74cd1c996e-block-loader\",\"loadingContainerObj\":\"rbs_gallery_69e74cd1c996e-block-loader\",\"columnWidth\":\"auto\",\"columns\":3,\"resolutions\":[{\"columnWidth\":\"auto\",\"columns\":3,\"maxWidth\":960},{\"columnWidth\":\"auto\",\"columns\":2,\"maxWidth\":650},{\"columnWidth\":\"auto\",\"columns\":1,\"maxWidth\":450}],\"lightboxOptions\":{\"gallery\":{\"enabled\":true,\"tCounter\":\"%curr% of %total%\"}},\"overlayEffect\":\"direction-aware-fade\",\"boxesToLoadStart\":12,\"boxesToLoad\":8,\"waitUntilThumbLoads\":1,\"LoadingWord\":\"Loading...\",\"loadMoreWord\":\"Load More\",\"noMoreEntriesWord\":\"No More Entries\",\"horizontalSpaceBetweenBoxes\":15,\"verticalSpaceBetweenBoxes\":15,\"lazyLoad\":0,\"wrapContainer\":\"#robo-gallery-wrap-rbs_gallery_69e74cd1c996e\"};<\/script><\/p>\n<p><p><b>Ellie Push-Up BH<\/b> ist ein eleganter, sehr sch\u00f6ner und sinnlicher BH, der Dein Dekollet\u00e9 perfekt betont. Die gepolsterten Cups, die mit weichem, elastischem T\u00fcll \u00fcberzogen sind, setzen die Brust verf\u00fchrerisch in Szene. Eine zarte Satineinfassung an den R\u00e4ndern der Cups verleiht subtile Eleganz, w\u00e4hrend eine charmante Satinschleife zwischen den Cups die Eleganz unterstreicht. Der BH ist nicht nur \u00e4sthetisch, sondern auch sehr unauff\u00e4llig unter der Bluse, wodurch er sich ideal f\u00fcr jede Gelegenheit eignet.<\/p>\n<p>Der BH ist mit herausnehmbaren Einlagen ausgestattet, die es erm\u00f6glichen, den Push-up-Effekt anzupassen. Seitliche und klassische B\u00fcgel sorgen f\u00fcr den richtigen Halt, w\u00e4hrend der glatte, einfarbige R\u00fccken den Tragekomfort bietet. Die Tr\u00e4ger sind verstellbar und nur hinten abnehmbar. Der hintere Verschluss hat immer drei Haken zum Verstellen des Umfangs, wobei die Breite des Verschlusses je nach Gr\u00f6\u00dfe zwei oder drei Reihen Haken umfasst, was dieses Modell besonders bequem macht.<\/p>\n<p>Die weiteren Elemente der Ellie-Kollektion passen perfekt zum Set:<\/p>\n<ul>\n<li><b>Ellie Slips<\/b>: Klassische Slips aus glattem, einfarbigem Stoff und transparentem Mesh. Die Vorderseite ist mit zarten Mesh-Eins\u00e4tzen und gl\u00e4nzender Einfassung verziert. Der R\u00fccken aus weicher Mikrofaser passt sich perfekt der Figur an, und das Baumwollfutter sorgt f\u00fcr ganzt\u00e4gigen Komfort.<\/li>\n<li><b>Ellie Strings<\/b>: Sinnliche Strings aus glattem Stoff, kombiniert mit transparentem Mesh. Die Seiten sind mit doppelten Riemchen verziert, die Leichtigkeit verleihen, und die Vorderseite wird durch eine Satinschleife erg\u00e4nzt. Der R\u00fccken aus weicher Mikrofaser betont die H\u00fcften perfekt. Der Baumwollzwickel sorgt f\u00fcr Komfort, und die leichten Materialien garantieren Bewegungsfreiheit.<\/li>\n<\/ul>\n<p>Das gesamte Set bildet eine zusammenh\u00e4ngende, elegante Kollektion, die Komfort mit raffiniertem Stil vereint und die Sch\u00f6nheit der weiblichen Silhouette betont.<\/p>\n<p><\/p><br \/>\n<p><a href=\"\/sizes-table\">Gr\u00f6\u00dfentabelle der <strong>PariPari Unterw\u00e4sche<\/strong><\/a><br \/>\n<\/p><br \/>\n<p><\/p>\n<table class=\"sizeTable\">\n<tbody>\n<tr>\n<td><b>BH PUSH-UP<\/b><br \/>\n65 CDEFGH<br \/>\n70 BCDEFG<br \/>\n75 ABCDEFGH<br \/>\n80 ABCDEFG<br \/>\n85 ABCDEF<br \/>\n90 BCDE<br \/>\n95 BCD<br \/>\n100 BC<br \/>\n105 B<\/td>\n<\/tr>\n<\/tbody>\n<\/table>\n<p><\/p><br \/>\n<p><\/p>\n<table class=\"sizeTable\">\n<tbody>\n<tr>\n<td><b>VOLLSLIPS<\/b><br \/>\nS, M, L, XL, XXL, XXXL<\/td>\n<td><b>STRING-TANGAS<\/b><br \/>\nS, M, L, XL, XXL, XXXL<\/td>\n<\/tr>\n<\/tbody>\n<\/table>\n<p><\/p><\/p>\n<p><p><\/p>\n<div style=\"display: flex; align-items: center; gap: 15px; margin-top: 20px; width: 100%;\">\n    <img decoding=\"async\" src=\"https:\/\/www.paripari-lingerie.com\/wp-content\/uploads\/2024\/10\/handshake_icon.png\" alt=\"Ikona wsp\u00f3\u0142pracy\" style=\"width: 50px; height: auto;\"\/><\/p>\n<div>\n        <b>M\u00f6chten Sie mit uns zusammenarbeiten und Vertriebspartner f\u00fcr XX Unterw\u00e4sche werden?<br \/>\n        <a href=\"https:\/\/www.paripari-lingerie.com\/cooperation-resell-paripari-lingerie-and-build-your-success-with-our-brand\/\">Hier finden Sie weitere Informationen<\/a>, kontaktieren Sie uns \u2013 wir freuen uns auf Sie!<\/b>\n    <\/div>\n<\/div>\n<p><\/p><br \/>\n<\/p>","protected":false},"excerpt":{"rendered":"","protected":false},"author":1,"featured_media":0,"parent":1564,"menu_order":28,"comment_status":"closed","ping_status":"closed","template":"","meta":{"footnotes":""},"class_list":["post-3310","page","type-page","status-publish","czr-hentry"],"_links":{"self":[{"href":"https:\/\/www.paripari-lingerie.com\/de\/wp-json\/wp\/v2\/pages\/3310","targetHints":{"allow":["GET"]}}],"collection":[{"href":"https:\/\/www.paripari-lingerie.com\/de\/wp-json\/wp\/v2\/pages"}],"about":[{"href":"https:\/\/www.paripari-lingerie.com\/de\/wp-json\/wp\/v2\/types\/page"}],"author":[{"embeddable":true,"href":"https:\/\/www.paripari-lingerie.com\/de\/wp-json\/wp\/v2\/users\/1"}],"replies":[{"embeddable":true,"href":"https:\/\/www.paripari-lingerie.com\/de\/wp-json\/wp\/v2\/comments?post=3310"}],"version-history":[{"count":6,"href":"https:\/\/www.paripari-lingerie.com\/de\/wp-json\/wp\/v2\/pages\/3310\/revisions"}],"predecessor-version":[{"id":3773,"href":"https:\/\/www.paripari-lingerie.com\/de\/wp-json\/wp\/v2\/pages\/3310\/revisions\/3773"}],"up":[{"embeddable":true,"href":"https:\/\/www.paripari-lingerie.com\/de\/wp-json\/wp\/v2\/pages\/1564"}],"wp:attachment":[{"href":"https:\/\/www.paripari-lingerie.com\/de\/wp-json\/wp\/v2\/media?parent=3310"}],"curies":[{"name":"wp","href":"https:\/\/api.w.org\/{rel}","templated":true}]}}