{"id":3633,"date":"2024-12-02T12:52:38","date_gmt":"2024-12-02T11:52:38","guid":{"rendered":"https:\/\/www.paripari-lingerie.com\/?page_id=3633"},"modified":"2024-12-20T12:54:49","modified_gmt":"2024-12-20T11:54:49","slug":"sylvie-black","status":"publish","type":"page","link":"https:\/\/www.paripari-lingerie.com\/de\/collection\/sylvie-black\/","title":{"rendered":"SYLVIE SCHWARZ"},"content":{"rendered":"<p><p><\/p>\n<div class=\"product-description\">\n<p><strong>SYLVIE \u2013 Raffinierte Sinnlichkeit<\/strong><\/p>\n<p>\n        Die SYLVIE-Kollektion verk\u00f6rpert Eleganz und zarte Weiblichkeit. Der Push-up-BH ist so gestaltet, dass er die Brust wundersch\u00f6n betont und ihre nat\u00fcrliche Form hervorhebt.<br \/>\n        Die Spitzenk\u00f6rbchen mit floralen Mustern verleihen Leichtigkeit und romantischen Charme, w\u00e4hrend die Seitenteile aus weicher Mikrofaser f\u00fcr eine perfekte Passform und ganzt\u00e4gigen Tragekomfort sorgen.<br \/>\n        Der BH ist mit einem breiten Haken- und \u00d6senverschluss (3&#215;3) ausgestattet, der f\u00fcr ausgezeichneten Halt und Stabilit\u00e4t sorgt.\n    <\/p>\n<p>\n        Die Kollektion umfasst auch drei Arten von Slips, sodass jede Frau etwas Passendes findet:<\/p>\n<ul>\n<li>Klassische Slips \u2013 eine zeitlose Wahl f\u00fcr alle, die Komfort und Schlichtheit sch\u00e4tzen.<\/li>\n<li>Strings \u2013 ideal f\u00fcr Frauen, die ihre Sinnlichkeit betonen m\u00f6chten.<\/li>\n<li>Hochgeschnittene Slips \u2013 stilvoll und praktisch, mit zus\u00e4tzlichem Halt.<\/li>\n<\/ul>\n<p>\n        Die SYLVIE-Kollektion wurde f\u00fcr Frauen geschaffen, die sich jeden Tag besonders f\u00fchlen m\u00f6chten, unabh\u00e4ngig vom Anlass.<br \/>\n        Die Kombination aus sch\u00f6nen Details und hoher Funktionalit\u00e4t macht sie zur perfekten Wahl f\u00fcr jede Frau.\n    <\/p>\n<p>Entdecken Sie den einzigartigen Charme der SYLVIE-Kollektion, indem Sie ihre Sch\u00f6nheit auf den Bildern betrachten.<\/p>\n<\/div>\n<p><\/p><p><a href=\"https:\/\/www.google.com\/search?q=PariPari+Sylvie&#038;hl=de\" target=\"_blank\">Suchen und kaufen PariPari Sylvie<\/a><\/p><\/p>\n<p style=\"text-align: center;\"><style type=\"text\/css\" scoped>.rbs_gallery_69fa1099e9f2bSpinner{\r\n\t\t\t\tmargin: 50px auto;\r\n\t\t\t\twidth: 50px;\r\n\t\t\t\theight: 40px;\r\n\t\t\t\ttext-align: center;\r\n\t\t\t\tfont-size: 10px;\r\n\t\t\t}\r\n\t\t\t.rbs_gallery_69fa1099e9f2bSpinner > div{\r\n\t\t\t  background-color: #333;\r\n\t\t\t  height: 100%;\r\n\t\t\t  width: 6px;\r\n\t\t\t  display: inline-block;\r\n\t\t\t  -webkit-animation: rbs_gallery_69fa1099e9f2b-stretchdelay 1.2s infinite ease-in-out;\r\n\t\t\t  animation: rbs_gallery_69fa1099e9f2b-stretchdelay 1.2s infinite ease-in-out;\r\n\t\t\t}\r\n\t\t\t.rbs_gallery_69fa1099e9f2bSpinner .rbs_gallery_69fa1099e9f2bRect2 {\r\n\t\t\t  -webkit-animation-delay: -1.1s;\r\n\t\t\t  animation-delay: -1.1s;\r\n\t\t\t}\r\n\t\t\t.rbs_gallery_69fa1099e9f2bSpinner .rbs_gallery_69fa1099e9f2bRect3 {\r\n\t\t\t  -webkit-animation-delay: -1.0s;\r\n\t\t\t  animation-delay: -1.0s;\r\n\t\t\t}\r\n\t\t\t.rbs_gallery_69fa1099e9f2bSpinner .rbs_gallery_69fa1099e9f2bRect4 {\r\n\t\t\t  -webkit-animation-delay: -0.9s;\r\n\t\t\t  animation-delay: -0.9s;\r\n\t\t\t}\r\n\t\t\t.rbs_gallery_69fa1099e9f2bSpinner .rbs_gallery_69fa1099e9f2bRect5 {\r\n\t\t\t  -webkit-animation-delay: -0.8s;\r\n\t\t\t  animation-delay: -0.8s;\r\n\t\t\t}\r\n\t\t\t@-webkit-keyframes rbs_gallery_69fa1099e9f2b-stretchdelay {\r\n\t\t\t  0%, 40%, 100% { -webkit-transform: scaleY(0.4) }  \r\n\t\t\t  20% { -webkit-transform: scaleY(1.0) }\r\n\t\t\t}\r\n\t\t\t@keyframes rbs_gallery_69fa1099e9f2b-stretchdelay {\r\n\t\t\t  0%, 40%, 100% { \r\n\t\t\t    transform: scaleY(0.4);\r\n\t\t\t    -webkit-transform: scaleY(0.4);\r\n\t\t\t  }  20% { \r\n\t\t\t    transform: scaleY(1.0);\r\n\t\t\t    -webkit-transform: scaleY(1.0);\r\n\t\t\t  }\r\n\t\t\t}\r\n\t\t<\/style><div class=\"robo-gallery-wrap robo-gallery-wrap-id3531 robo-gallery-\" ><div id=\"rbs_gallery_69fa1099e9f2b-block-loader\" class=\"rbs_gallery_69fa1099e9f2bSpinner\"><div class=\"rbs_gallery_69fa1099e9f2bRect1\"><\/div> <div class=\"rbs_gallery_69fa1099e9f2bRect2\"><\/div> <div class=\"rbs_gallery_69fa1099e9f2bRect3\"><\/div> <div class=\"rbs_gallery_69fa1099e9f2bRect4\"><\/div> <div class=\"rbs_gallery_69fa1099e9f2bRect5\"><\/div><\/div><div id=\"robo_gallery_main_block_rbs_gallery_69fa1099e9f2b\" class=\"robogallery-gallery-3531\" style=\"width:100%;  display: none;\"><div id=\"rbs_gallery_69fa1099e9f2b\" data-options=\"rbs_gallery_69fa1099e9f2b\" style=\"width:100%;\" class=\"robo_gallery  \"><div class=\"rbs-img  category3531 \" ><div class=\"rbs-img-image   rbs-lightbox \" ><div class=\"rbs-img-thumbs\"  data-thumbnail=\"https:\/\/www.paripari-lingerie.com\/wp-content\/uploads\/2024\/09\/SYLVIE-BLACK-PUSH-UP-and-FULL-HIGH-WAIST-FRONT-683x1024.jpg\"  title=\"SYLVIE BLACK PUSH-UP and FULL HIGH WAIST FRONT\"  data-width=\"683\"  data-height=\"1024\" ><\/div><div class=\"rbs-img-data-popup\"  data-popup=\"https:\/\/www.paripari-lingerie.com\/wp-content\/uploads\/2024\/09\/SYLVIE-BLACK-PUSH-UP-and-FULL-HIGH-WAIST-FRONT-scaled.jpg\"  title=\"SYLVIE BLACK PUSH-UP and FULL HIGH WAIST FRONT\" ><\/div><div class=\"thumbnail-overlay\"><div class=\"rbsTitle \">SYLVIE BLACK PUSH-UP and FULL HIGH WAIST FRONT<\/div><div class=\"rbsIcons\"><i class=\"fa fa-search-plus rbsZoomIcon \" ><\/i><\/div><\/div><\/div><\/div><div class=\"rbs-img  category3531 \" ><div class=\"rbs-img-image   rbs-lightbox \" ><div class=\"rbs-img-thumbs\"  data-thumbnail=\"https:\/\/www.paripari-lingerie.com\/wp-content\/uploads\/2024\/09\/SYLVIE-BLACK-FULL-HIGH-WAIST-REAR-683x1024.jpg\"  title=\"SYLVIE BLACK FULL HIGH WAIST REAR\"  data-width=\"683\"  data-height=\"1024\" ><\/div><div class=\"rbs-img-data-popup\"  data-popup=\"https:\/\/www.paripari-lingerie.com\/wp-content\/uploads\/2024\/09\/SYLVIE-BLACK-FULL-HIGH-WAIST-REAR-scaled.jpg\"  title=\"SYLVIE BLACK FULL HIGH WAIST REAR\" ><\/div><div class=\"thumbnail-overlay\"><div class=\"rbsTitle \">SYLVIE BLACK FULL HIGH WAIST REAR<\/div><div class=\"rbsIcons\"><i class=\"fa fa-search-plus rbsZoomIcon \" ><\/i><\/div><\/div><\/div><\/div><div class=\"rbs-img  category3531 \" ><div class=\"rbs-img-image   rbs-lightbox \" ><div class=\"rbs-img-thumbs\"  data-thumbnail=\"https:\/\/www.paripari-lingerie.com\/wp-content\/uploads\/2024\/09\/SYLVIE-BLACK-PUSH-UP-and-FULL-FRONT-683x1024.jpg\"  title=\"SYLVIE BLACK PUSH-UP and FULL FRONT\"  data-width=\"683\"  data-height=\"1024\" ><\/div><div class=\"rbs-img-data-popup\"  data-popup=\"https:\/\/www.paripari-lingerie.com\/wp-content\/uploads\/2024\/09\/SYLVIE-BLACK-PUSH-UP-and-FULL-FRONT-scaled.jpg\"  title=\"SYLVIE BLACK PUSH-UP and FULL FRONT\" ><\/div><div class=\"thumbnail-overlay\"><div class=\"rbsTitle \">SYLVIE BLACK PUSH-UP and FULL FRONT<\/div><div class=\"rbsIcons\"><i class=\"fa fa-search-plus rbsZoomIcon \" ><\/i><\/div><\/div><\/div><\/div><div class=\"rbs-img  category3531 \" ><div class=\"rbs-img-image   rbs-lightbox \" ><div class=\"rbs-img-thumbs\"  data-thumbnail=\"https:\/\/www.paripari-lingerie.com\/wp-content\/uploads\/2024\/09\/SYLVIE-BLACK-FULL-REAR-683x1024.jpg\"  title=\"SYLVIE BLACK FULL REAR\"  data-width=\"683\"  data-height=\"1024\" ><\/div><div class=\"rbs-img-data-popup\"  data-popup=\"https:\/\/www.paripari-lingerie.com\/wp-content\/uploads\/2024\/09\/SYLVIE-BLACK-FULL-REAR-scaled.jpg\"  title=\"SYLVIE BLACK FULL REAR\" ><\/div><div class=\"thumbnail-overlay\"><div class=\"rbsTitle \">SYLVIE BLACK FULL REAR<\/div><div class=\"rbsIcons\"><i class=\"fa fa-search-plus rbsZoomIcon \" ><\/i><\/div><\/div><\/div><\/div><div class=\"rbs-img  category3531 \" ><div class=\"rbs-img-image   rbs-lightbox \" ><div class=\"rbs-img-thumbs\"  data-thumbnail=\"https:\/\/www.paripari-lingerie.com\/wp-content\/uploads\/2024\/09\/SYLVIE-BLACK-PUSH-UP-and-STRING-FRONT-683x1024.jpg\"  title=\"SYLVIE BLACK PUSH-UP and STRING FRONT\"  data-width=\"683\"  data-height=\"1024\" ><\/div><div class=\"rbs-img-data-popup\"  data-popup=\"https:\/\/www.paripari-lingerie.com\/wp-content\/uploads\/2024\/09\/SYLVIE-BLACK-PUSH-UP-and-STRING-FRONT-scaled.jpg\"  title=\"SYLVIE BLACK PUSH-UP and STRING FRONT\" ><\/div><div class=\"thumbnail-overlay\"><div class=\"rbsTitle \">SYLVIE BLACK PUSH-UP and STRING FRONT<\/div><div class=\"rbsIcons\"><i class=\"fa fa-search-plus rbsZoomIcon \" ><\/i><\/div><\/div><\/div><\/div><div class=\"rbs-img  category3531 \" ><div class=\"rbs-img-image   rbs-lightbox \" ><div class=\"rbs-img-thumbs\"  data-thumbnail=\"https:\/\/www.paripari-lingerie.com\/wp-content\/uploads\/2024\/09\/SYLVIE-BLACK-STRING-REAR-683x1024.jpg\"  title=\"SYLVIE BLACK STRING REAR\"  data-width=\"683\"  data-height=\"1024\" ><\/div><div class=\"rbs-img-data-popup\"  data-popup=\"https:\/\/www.paripari-lingerie.com\/wp-content\/uploads\/2024\/09\/SYLVIE-BLACK-STRING-REAR-scaled.jpg\"  title=\"SYLVIE BLACK STRING REAR\" ><\/div><div class=\"thumbnail-overlay\"><div class=\"rbsTitle \">SYLVIE BLACK STRING REAR<\/div><div class=\"rbsIcons\"><i class=\"fa fa-search-plus rbsZoomIcon \" ><\/i><\/div><\/div><\/div><\/div><\/div><\/div><\/div><script>var rbs_gallery_69fa1099e9f2b = {\"version\":\"5.1.4\",\"id\":3531,\"class\":\"id3531\",\"roboGalleryDelay\":1000,\"mainContainer\":\"#robo_gallery_main_block_rbs_gallery_69fa1099e9f2b\",\"loadingContainer\":\"#rbs_gallery_69fa1099e9f2b-block-loader\",\"loadingContainerObj\":\"rbs_gallery_69fa1099e9f2b-block-loader\",\"columnWidth\":\"auto\",\"columns\":3,\"resolutions\":[{\"columnWidth\":\"auto\",\"columns\":3,\"maxWidth\":960},{\"columnWidth\":\"auto\",\"columns\":2,\"maxWidth\":650},{\"columnWidth\":\"auto\",\"columns\":1,\"maxWidth\":450}],\"lightboxOptions\":{\"gallery\":{\"enabled\":true,\"tCounter\":\"%curr% of %total%\"}},\"overlayEffect\":\"direction-aware-fade\",\"boxesToLoadStart\":12,\"boxesToLoad\":8,\"waitUntilThumbLoads\":1,\"LoadingWord\":\"Loading...\",\"loadMoreWord\":\"Load More\",\"noMoreEntriesWord\":\"No More Entries\",\"horizontalSpaceBetweenBoxes\":15,\"verticalSpaceBetweenBoxes\":15,\"lazyLoad\":0,\"wrapContainer\":\"#robo-gallery-wrap-rbs_gallery_69fa1099e9f2b\"};<\/script><\/p>\n<p><p><a href=\"\/sizes-table\">Gr\u00f6\u00dfentabelle der <strong>PariPari Unterw\u00e4sche<\/strong><\/a><br \/>\n<\/p><br \/>\n<p><\/p>\n<table class=\"sizeTable\">\n<tbody>\n<tr>\n<td><b>PUSH-UP BH<\/b><\/td>\n<\/tr>\n<tr>\n<td>65&nbsp;&nbsp;CDEFGH<\/td>\n<\/tr>\n<tr>\n<td>70&nbsp;&nbsp;BCDEFG<\/td>\n<\/tr>\n<tr>\n<td>75&nbsp;&nbsp;ABCDEFGH<\/td>\n<\/tr>\n<tr>\n<td>80&nbsp;&nbsp;ABCDEFG<\/td>\n<\/tr>\n<tr>\n<td>85&nbsp;&nbsp;ABCDE<\/td>\n<\/tr>\n<tr>\n<td>90&nbsp;&nbsp;BCDE<\/td>\n<\/tr>\n<tr>\n<td>95&nbsp;&nbsp;BCD<\/td>\n<\/tr>\n<tr>\n<td>100&nbsp;&nbsp;BC<\/td>\n<\/tr>\n<tr>\n<td>105&nbsp;&nbsp;B<\/td>\n<\/tr>\n<tr>\n<td><b>KLASSISCHE SLIPS<\/b><\/td>\n<\/tr>\n<tr>\n<td>S&nbsp;&nbsp;M&nbsp;&nbsp;L&nbsp;&nbsp;XL&nbsp;&nbsp;XXL&nbsp;&nbsp;XXXL<\/td>\n<\/tr>\n<tr>\n<td><b>HOCHGESCHNITTENE KLASSISCHE SLIPS (HW)<\/b><\/td>\n<\/tr>\n<tr>\n<td>S&nbsp;&nbsp;M&nbsp;&nbsp;L&nbsp;&nbsp;XL&nbsp;&nbsp;XXL&nbsp;&nbsp;XXXL<\/td>\n<\/tr>\n<tr>\n<td><b>STRING-TANGAS<\/b><\/td>\n<\/tr>\n<tr>\n<td>S&nbsp;&nbsp;M&nbsp;&nbsp;L&nbsp;&nbsp;XL&nbsp;&nbsp;XXL&nbsp;&nbsp;XXXL<\/td>\n<\/tr>\n<\/tbody>\n<\/table>\n<p><\/p><\/p>\n<p><p><\/p>\n<div style=\"display: flex; align-items: center; gap: 15px; margin-top: 20px; width: 100%;\">\n    <img decoding=\"async\" src=\"https:\/\/www.paripari-lingerie.com\/wp-content\/uploads\/2024\/10\/handshake_icon.png\" alt=\"Ikona wsp\u00f3\u0142pracy\" style=\"width: 50px; height: auto;\"\/><\/p>\n<div>\n        <b>M\u00f6chten Sie mit uns zusammenarbeiten und Vertriebspartner f\u00fcr XX Unterw\u00e4sche werden?<br \/>\n        <a href=\"https:\/\/www.paripari-lingerie.com\/cooperation-resell-paripari-lingerie-and-build-your-success-with-our-brand\/\">Hier finden Sie weitere Informationen<\/a>, kontaktieren Sie uns \u2013 wir freuen uns auf Sie!<\/b>\n    <\/div>\n<\/div>\n<p><\/p><br \/>\n<\/p>\n<p><\/p>","protected":false},"excerpt":{"rendered":"","protected":false},"author":1,"featured_media":0,"parent":1564,"menu_order":28,"comment_status":"closed","ping_status":"closed","template":"","meta":{"footnotes":""},"class_list":["post-3633","page","type-page","status-publish","czr-hentry"],"_links":{"self":[{"href":"https:\/\/www.paripari-lingerie.com\/de\/wp-json\/wp\/v2\/pages\/3633","targetHints":{"allow":["GET"]}}],"collection":[{"href":"https:\/\/www.paripari-lingerie.com\/de\/wp-json\/wp\/v2\/pages"}],"about":[{"href":"https:\/\/www.paripari-lingerie.com\/de\/wp-json\/wp\/v2\/types\/page"}],"author":[{"embeddable":true,"href":"https:\/\/www.paripari-lingerie.com\/de\/wp-json\/wp\/v2\/users\/1"}],"replies":[{"embeddable":true,"href":"https:\/\/www.paripari-lingerie.com\/de\/wp-json\/wp\/v2\/comments?post=3633"}],"version-history":[{"count":7,"href":"https:\/\/www.paripari-lingerie.com\/de\/wp-json\/wp\/v2\/pages\/3633\/revisions"}],"predecessor-version":[{"id":3811,"href":"https:\/\/www.paripari-lingerie.com\/de\/wp-json\/wp\/v2\/pages\/3633\/revisions\/3811"}],"up":[{"embeddable":true,"href":"https:\/\/www.paripari-lingerie.com\/de\/wp-json\/wp\/v2\/pages\/1564"}],"wp:attachment":[{"href":"https:\/\/www.paripari-lingerie.com\/de\/wp-json\/wp\/v2\/media?parent=3633"}],"curies":[{"name":"wp","href":"https:\/\/api.w.org\/{rel}","templated":true}]}}