{"id":3834,"date":"2025-05-26T13:17:54","date_gmt":"2025-05-26T12:17:54","guid":{"rendered":"https:\/\/www.paripari-lingerie.com\/?page_id=3834"},"modified":"2025-10-06T11:56:44","modified_gmt":"2025-10-06T10:56:44","slug":"laila-beige","status":"publish","type":"page","link":"https:\/\/www.paripari-lingerie.com\/de\/collection\/laila-beige\/","title":{"rendered":"LAILA BEIGE"},"content":{"rendered":"<p><br \/>\n<\/p>\n<p style=\"text-align: center;\"><style type=\"text\/css\" scoped>.rbs_gallery_69e3551e71596Spinner{\r\n\t\t\t\tmargin: 50px auto;\r\n\t\t\t\twidth: 50px;\r\n\t\t\t\theight: 40px;\r\n\t\t\t\ttext-align: center;\r\n\t\t\t\tfont-size: 10px;\r\n\t\t\t}\r\n\t\t\t.rbs_gallery_69e3551e71596Spinner > div{\r\n\t\t\t  background-color: #333;\r\n\t\t\t  height: 100%;\r\n\t\t\t  width: 6px;\r\n\t\t\t  display: inline-block;\r\n\t\t\t  -webkit-animation: rbs_gallery_69e3551e71596-stretchdelay 1.2s infinite ease-in-out;\r\n\t\t\t  animation: rbs_gallery_69e3551e71596-stretchdelay 1.2s infinite ease-in-out;\r\n\t\t\t}\r\n\t\t\t.rbs_gallery_69e3551e71596Spinner .rbs_gallery_69e3551e71596Rect2 {\r\n\t\t\t  -webkit-animation-delay: -1.1s;\r\n\t\t\t  animation-delay: -1.1s;\r\n\t\t\t}\r\n\t\t\t.rbs_gallery_69e3551e71596Spinner .rbs_gallery_69e3551e71596Rect3 {\r\n\t\t\t  -webkit-animation-delay: -1.0s;\r\n\t\t\t  animation-delay: -1.0s;\r\n\t\t\t}\r\n\t\t\t.rbs_gallery_69e3551e71596Spinner .rbs_gallery_69e3551e71596Rect4 {\r\n\t\t\t  -webkit-animation-delay: -0.9s;\r\n\t\t\t  animation-delay: -0.9s;\r\n\t\t\t}\r\n\t\t\t.rbs_gallery_69e3551e71596Spinner .rbs_gallery_69e3551e71596Rect5 {\r\n\t\t\t  -webkit-animation-delay: -0.8s;\r\n\t\t\t  animation-delay: -0.8s;\r\n\t\t\t}\r\n\t\t\t@-webkit-keyframes rbs_gallery_69e3551e71596-stretchdelay {\r\n\t\t\t  0%, 40%, 100% { -webkit-transform: scaleY(0.4) }  \r\n\t\t\t  20% { -webkit-transform: scaleY(1.0) }\r\n\t\t\t}\r\n\t\t\t@keyframes rbs_gallery_69e3551e71596-stretchdelay {\r\n\t\t\t  0%, 40%, 100% { \r\n\t\t\t    transform: scaleY(0.4);\r\n\t\t\t    -webkit-transform: scaleY(0.4);\r\n\t\t\t  }  20% { \r\n\t\t\t    transform: scaleY(1.0);\r\n\t\t\t    -webkit-transform: scaleY(1.0);\r\n\t\t\t  }\r\n\t\t\t}\r\n\t\t<\/style><div class=\"robo-gallery-wrap robo-gallery-wrap-id3840 robo-gallery-\" ><div id=\"rbs_gallery_69e3551e71596-block-loader\" class=\"rbs_gallery_69e3551e71596Spinner\"><div class=\"rbs_gallery_69e3551e71596Rect1\"><\/div> <div class=\"rbs_gallery_69e3551e71596Rect2\"><\/div> <div class=\"rbs_gallery_69e3551e71596Rect3\"><\/div> <div class=\"rbs_gallery_69e3551e71596Rect4\"><\/div> <div class=\"rbs_gallery_69e3551e71596Rect5\"><\/div><\/div><div class=\"rbs_gallery_button  rbs_gallery_align_left\" id=\"rbs_gallery_69e3551e71596filter\" style=\" display: none;\" ><a class=\"button button-border-caution  \" href=\"#\" data-filter=\"*\">All<\/a><\/div><div id=\"robo_gallery_main_block_rbs_gallery_69e3551e71596\" class=\"robogallery-gallery-3840\" style=\"width:100%;  display: none;\"><div id=\"rbs_gallery_69e3551e71596\" data-options=\"rbs_gallery_69e3551e71596\" style=\"width:100%;\" class=\"robo_gallery  \"><div class=\"rbs-img  category3840 \" ><div class=\"rbs-img-image   rbs-lightbox \" ><div class=\"rbs-img-thumbs\"  data-thumbnail=\"https:\/\/www.paripari-lingerie.com\/wp-content\/uploads\/2025\/10\/LAILA_BEIGE_BRA_SOFT_FRONT-683x1024.jpg\"  title=\"LAILA_BEIGE_BRA_SOFT_FRONT\"  data-width=\"683\"  data-height=\"1024\" ><\/div><div class=\"rbs-img-data-popup\"  data-popup=\"https:\/\/www.paripari-lingerie.com\/wp-content\/uploads\/2025\/10\/LAILA_BEIGE_BRA_SOFT_FRONT.jpg\"  title=\"LAILA_BEIGE_BRA_SOFT_FRONT\" ><\/div><div class=\"thumbnail-overlay\"><div class=\"rbsTitle \">LAILA_BEIGE_BRA_SOFT_FRONT<\/div><div class=\"rbsIcons\"><i class=\"fa fa-search-plus rbsZoomIcon \" ><\/i><\/div><\/div><\/div><\/div><div class=\"rbs-img  category3840 \" ><div class=\"rbs-img-image   rbs-lightbox \" ><div class=\"rbs-img-thumbs\"  data-thumbnail=\"https:\/\/www.paripari-lingerie.com\/wp-content\/uploads\/2025\/05\/LAILA_BEIGE_BRA_PUSH-UP_FRONT-683x1024.jpg\"  title=\"LAILA_BEIGE_BRA_PUSH-UP_FRONT\"  data-width=\"683\"  data-height=\"1024\" ><\/div><div class=\"rbs-img-data-popup\"  data-popup=\"https:\/\/www.paripari-lingerie.com\/wp-content\/uploads\/2025\/05\/LAILA_BEIGE_BRA_PUSH-UP_FRONT.jpg\"  title=\"LAILA_BEIGE_BRA_PUSH-UP_FRONT\" ><\/div><div class=\"thumbnail-overlay\"><div class=\"rbsTitle \">LAILA_BEIGE_BRA_PUSH-UP_FRONT<\/div><div class=\"rbsIcons\"><i class=\"fa fa-search-plus rbsZoomIcon \" ><\/i><\/div><\/div><\/div><\/div><div class=\"rbs-img  category3840 \" ><div class=\"rbs-img-image   rbs-lightbox \" ><div class=\"rbs-img-thumbs\"  data-thumbnail=\"https:\/\/www.paripari-lingerie.com\/wp-content\/uploads\/2025\/10\/LAILA_BEIGE_PANTY_FULL_FRONT-683x1024.jpg\"  title=\"LAILA_BEIGE_PANTY_FULL_FRONT\"  data-width=\"683\"  data-height=\"1024\" ><\/div><div class=\"rbs-img-data-popup\"  data-popup=\"https:\/\/www.paripari-lingerie.com\/wp-content\/uploads\/2025\/10\/LAILA_BEIGE_PANTY_FULL_FRONT.jpg\"  title=\"LAILA_BEIGE_PANTY_FULL_FRONT\" ><\/div><div class=\"thumbnail-overlay\"><div class=\"rbsTitle \">LAILA_BEIGE_PANTY_FULL_FRONT<\/div><div class=\"rbsIcons\"><i class=\"fa fa-search-plus rbsZoomIcon \" ><\/i><\/div><\/div><\/div><\/div><div class=\"rbs-img  category3840 \" ><div class=\"rbs-img-image   rbs-lightbox \" ><div class=\"rbs-img-thumbs\"  data-thumbnail=\"https:\/\/www.paripari-lingerie.com\/wp-content\/uploads\/2025\/10\/LAILA_BEIGE_PANTY_FULL_REAR-683x1024.jpg\"  title=\"LAILA_BEIGE_PANTY_FULL_REAR\"  data-width=\"683\"  data-height=\"1024\" ><\/div><div class=\"rbs-img-data-popup\"  data-popup=\"https:\/\/www.paripari-lingerie.com\/wp-content\/uploads\/2025\/10\/LAILA_BEIGE_PANTY_FULL_REAR.jpg\"  title=\"LAILA_BEIGE_PANTY_FULL_REAR\" ><\/div><div class=\"thumbnail-overlay\"><div class=\"rbsTitle \">LAILA_BEIGE_PANTY_FULL_REAR<\/div><div class=\"rbsIcons\"><i class=\"fa fa-search-plus rbsZoomIcon \" ><\/i><\/div><\/div><\/div><\/div><div class=\"rbs-img  category3840 \" ><div class=\"rbs-img-image   rbs-lightbox \" ><div class=\"rbs-img-thumbs\"  data-thumbnail=\"https:\/\/www.paripari-lingerie.com\/wp-content\/uploads\/2025\/05\/LAILA_BEIGE_PANTY_BRAZIL_HW_FRONT-683x1024.jpg\"  title=\"LAILA_BEIGE_PANTY_BRAZIL_HW_FRONT\"  data-width=\"683\"  data-height=\"1024\" ><\/div><div class=\"rbs-img-data-popup\"  data-popup=\"https:\/\/www.paripari-lingerie.com\/wp-content\/uploads\/2025\/05\/LAILA_BEIGE_PANTY_BRAZIL_HW_FRONT.jpg\"  title=\"LAILA_BEIGE_PANTY_BRAZIL_HW_FRONT\" ><\/div><div class=\"thumbnail-overlay\"><div class=\"rbsTitle \">LAILA_BEIGE_PANTY_BRAZIL_HW_FRONT<\/div><div class=\"rbsIcons\"><i class=\"fa fa-search-plus rbsZoomIcon \" ><\/i><\/div><\/div><\/div><\/div><div class=\"rbs-img  category3840 \" ><div class=\"rbs-img-image   rbs-lightbox \" ><div class=\"rbs-img-thumbs\"  data-thumbnail=\"https:\/\/www.paripari-lingerie.com\/wp-content\/uploads\/2025\/05\/LAILA_BEIGE_PANTY_BRAZIL_HW_REAR-683x1024.jpg\"  title=\"LAILA_BEIGE_PANTY_BRAZIL_HW_REAR\"  data-width=\"683\"  data-height=\"1024\" ><\/div><div class=\"rbs-img-data-popup\"  data-popup=\"https:\/\/www.paripari-lingerie.com\/wp-content\/uploads\/2025\/05\/LAILA_BEIGE_PANTY_BRAZIL_HW_REAR.jpg\"  title=\"LAILA_BEIGE_PANTY_BRAZIL_HW_REAR\" ><\/div><div class=\"thumbnail-overlay\"><div class=\"rbsTitle \">LAILA_BEIGE_PANTY_BRAZIL_HW_REAR<\/div><div class=\"rbsIcons\"><i class=\"fa fa-search-plus rbsZoomIcon \" ><\/i><\/div><\/div><\/div><\/div><div class=\"rbs-img  category3840 \" ><div class=\"rbs-img-image   rbs-lightbox \" ><div class=\"rbs-img-thumbs\"  data-thumbnail=\"https:\/\/www.paripari-lingerie.com\/wp-content\/uploads\/2025\/05\/LAILA_BEIGE_PANTY_FULL_HW_FRONT-683x1024.jpg\"  title=\"LAILA_BEIGE_PANTY_FULL_HW_FRONT\"  data-width=\"683\"  data-height=\"1024\" ><\/div><div class=\"rbs-img-data-popup\"  data-popup=\"https:\/\/www.paripari-lingerie.com\/wp-content\/uploads\/2025\/05\/LAILA_BEIGE_PANTY_FULL_HW_FRONT.jpg\"  title=\"LAILA_BEIGE_PANTY_FULL_HW_FRONT\" ><\/div><div class=\"thumbnail-overlay\"><div class=\"rbsTitle \">LAILA_BEIGE_PANTY_FULL_HW_FRONT<\/div><div class=\"rbsIcons\"><i class=\"fa fa-search-plus rbsZoomIcon \" ><\/i><\/div><\/div><\/div><\/div><div class=\"rbs-img  category3840 \" ><div class=\"rbs-img-image   rbs-lightbox \" ><div class=\"rbs-img-thumbs\"  data-thumbnail=\"https:\/\/www.paripari-lingerie.com\/wp-content\/uploads\/2025\/05\/LAILA_BEIGE_PANTY_FULL_HW_REAR-685x1024.jpg\"  title=\"LAILA_BEIGE_PANTY_FULL_HW_REAR\"  data-width=\"685\"  data-height=\"1024\" ><\/div><div class=\"rbs-img-data-popup\"  data-popup=\"https:\/\/www.paripari-lingerie.com\/wp-content\/uploads\/2025\/05\/LAILA_BEIGE_PANTY_FULL_HW_REAR.jpg\"  title=\"LAILA_BEIGE_PANTY_FULL_HW_REAR\" ><\/div><div class=\"thumbnail-overlay\"><div class=\"rbsTitle \">LAILA_BEIGE_PANTY_FULL_HW_REAR<\/div><div class=\"rbsIcons\"><i class=\"fa fa-search-plus rbsZoomIcon \" ><\/i><\/div><\/div><\/div><\/div><\/div><\/div><\/div><script>var rbs_gallery_69e3551e71596 = {\"version\":\"5.1.4\",\"id\":3840,\"class\":\"id3840\",\"roboGalleryDelay\":1000,\"mainContainer\":\"#robo_gallery_main_block_rbs_gallery_69e3551e71596\",\"loadingContainer\":\"#rbs_gallery_69e3551e71596-block-loader\",\"loadingContainerObj\":\"rbs_gallery_69e3551e71596-block-loader\",\"columnWidth\":\"auto\",\"columns\":3,\"resolutions\":[{\"columnWidth\":\"auto\",\"columns\":3,\"maxWidth\":960},{\"columnWidth\":\"auto\",\"columns\":2,\"maxWidth\":650},{\"columnWidth\":\"auto\",\"columns\":1,\"maxWidth\":450}],\"lightboxOptions\":{\"gallery\":{\"enabled\":true,\"tCounter\":\"%curr% of %total%\"}},\"overlayEffect\":\"direction-aware-fade\",\"boxesToLoadStart\":12,\"boxesToLoad\":8,\"waitUntilThumbLoads\":1,\"LoadingWord\":\"Loading...\",\"loadMoreWord\":\"Load More\",\"noMoreEntriesWord\":\"No More Entries\",\"horizontalSpaceBetweenBoxes\":15,\"verticalSpaceBetweenBoxes\":15,\"lazyLoad\":1,\"wrapContainer\":\"#robo-gallery-wrap-rbs_gallery_69e3551e71596\",\"filterContainer\":\"#rbs_gallery_69e3551e71596filter\",\"loadMoreClass\":\"button-border-caution \"};<\/script><\/p>\n<p><\/p>\n<div class=\"product-description\">\n<p><strong>LAILA \u2013 Eleganz f\u00fcr jeden Tag<\/strong><\/p>\n<p>  <!-- SOFT --><\/p>\n<p><strong>SOFT-BH (ungepolstert)<\/strong><\/p>\n<p>\n    Weicher BH aus floraler Spitze und glatter Mikrofaser \u2013 f\u00fcr eine nat\u00fcrliche Form und h\u00f6chsten Tragekomfort.<br \/>\n    Der obere Teil der Cups besteht aus feinem Netz, der untere aus Spitze, mit Mesh unterlegt f\u00fcr mehr Stabilit\u00e4t.<br \/>\n    Das Design bietet sicheren Halt auch f\u00fcr gr\u00f6\u00dfere Oberweiten. Erh\u00e4ltlich bis Gr\u00f6\u00dfe <strong>115B<\/strong>.\n  <\/p>\n<ul>\n<li>Nat\u00fcrliche Formung und sanfter Halt.<\/li>\n<li>Verstellbare, nicht abnehmbare Tr\u00e4ger.<\/li>\n<li>Glatte Seiten \u2013 unsichtbar unter der Kleidung.<\/li>\n<\/ul>\n<p>  <!-- PUSH --><\/p>\n<p><strong>PUSH-UP-BH<\/strong><\/p>\n<p>\n    Sinnlicher Push-up-BH aus floraler Spitze, entworfen f\u00fcr Frauen, die Komfort und Eleganz sch\u00e4tzen.<br \/>\n    Gepolsterte Cups mit herausnehmbaren Kissen heben und formen die Brust und betonen das Dekollet\u00e9.<br \/>\n    Glatte Seiten schmiegen sich perfekt unter die Kleidung, w\u00e4hrend verstellbare Tr\u00e4ger stabilen Halt bieten.<br \/>\n    Ideal f\u00fcr den Alltag und besondere Anl\u00e4sse.\n  <\/p>\n<p>  <!-- FULL --><\/p>\n<p><strong>SLIP CLASSIC<\/strong><\/p>\n<p>\n    Klassischer Slip, der Komfort und femininen Stil verbindet.<br \/>\n    Hinten aus glatter Mikrofaser, unsichtbar unter der Kleidung,<br \/>\n    vorne mit floraler Spitze und zwei dreieckigen Mesh-Eins\u00e4tzen verziert, die Leichtigkeit verleihen.<br \/>\n    Eine kleine Blume in der Mitte rundet das Design ab. Erh\u00e4ltlich bis Gr\u00f6\u00dfe <strong>5XL<\/strong>.\n  <\/p>\n<p>  <!-- BRAZIL HW --><\/p>\n<p><strong>BRASILSLIP HOCH (High-Waist)<\/strong><\/p>\n<p>\n    Sinnlicher Brasilslip mit hoher Taille \u2013 bequem und verf\u00fchrerisch zugleich.<br \/>\n    Die R\u00fcckseite aus feiner Spitze und Mesh liegt glatt an und zeichnet sich nicht ab,<br \/>\n    w\u00e4hrend die Vorderseite aus Spitze und transparenter Netzoptik die Silhouette optisch verl\u00e4ngert.<br \/>\n    Eine kleine Blume in der Mitte sorgt f\u00fcr ein elegantes Detail.\n  <\/p>\n<p>  <!-- FULL HW --><\/p>\n<p><strong>TAILLENSLIP (High-Waist)<\/strong><\/p>\n<p>\n    Klassischer Slip mit hoher Taille, der Bequemlichkeit und Weiblichkeit vereint.<br \/>\n    Hinten aus glatter Mikrofaser, vorne mit floraler Spitze und zwei transparenten Mesh-Dreiecken verziert.<br \/>\n    Eine feine Blume in der Mitte setzt einen zarten Akzent.\n  <\/p>\n<\/div>\n<p><\/p>\n<p><\/p>\n<table class=\"sizeTable\">\n<tbody>\n<tr>\n<td><b>PUSH-UP-BH<\/b><\/td>\n<\/tr>\n<tr>\n<td>65&nbsp;&nbsp;CDEFGH<\/td>\n<\/tr>\n<tr>\n<td>70&nbsp;&nbsp;BCDEFG<\/td>\n<\/tr>\n<tr>\n<td>75&nbsp;&nbsp;ABCDEFGH<\/td>\n<\/tr>\n<tr>\n<td>80&nbsp;&nbsp;ABCDEFG<\/td>\n<\/tr>\n<tr>\n<td>85&nbsp;&nbsp;ABCDEF<\/td>\n<\/tr>\n<tr>\n<td>90&nbsp;&nbsp;BCDE<\/td>\n<\/tr>\n<tr>\n<td>95&nbsp;&nbsp;BCD<\/td>\n<\/tr>\n<tr>\n<td>100&nbsp;&nbsp;BC<\/td>\n<\/tr>\n<tr>\n<td>105&nbsp;&nbsp;B<\/td>\n<\/tr>\n<tr>\n<td><b>SOFT-BH<\/b><\/td>\n<\/tr>\n<tr>\n<td>65&nbsp;&nbsp;DEFGH<\/td>\n<\/tr>\n<tr>\n<td>70&nbsp;&nbsp;CDEFG<\/td>\n<\/tr>\n<tr>\n<td>75&nbsp;&nbsp;BCDEFGHIJ<\/td>\n<\/tr>\n<tr>\n<td>80&nbsp;&nbsp;ABCDEFGHI<\/td>\n<\/tr>\n<tr>\n<td>85&nbsp;&nbsp;ABCDEFGH<\/td>\n<\/tr>\n<tr>\n<td>90&nbsp;&nbsp;BCDEFG<\/td>\n<\/tr>\n<tr>\n<td>95&nbsp;&nbsp;BCDEF<\/td>\n<\/tr>\n<tr>\n<td>100&nbsp;&nbsp;BCDE<\/td>\n<\/tr>\n<tr>\n<td>105&nbsp;&nbsp;BCD<\/td>\n<\/tr>\n<tr>\n<td>110&nbsp;&nbsp;BC<\/td>\n<\/tr>\n<tr>\n<td>115&nbsp;&nbsp;B<\/td>\n<\/tr>\n<tr>\n<td><b>SLIP CLASSIC<\/b><\/td>\n<\/tr>\n<tr>\n<td>S&nbsp;&nbsp;M&nbsp;&nbsp;L&nbsp;&nbsp;XL&nbsp;&nbsp;XXL&nbsp;&nbsp;XXXL&nbsp;&nbsp;4XL&nbsp;&nbsp;5XL<\/td>\n<\/tr>\n<tr>\n<td><b>TAILLENSLIP (HW)<\/b><\/td>\n<\/tr>\n<tr>\n<td>S&nbsp;&nbsp;M&nbsp;&nbsp;L&nbsp;&nbsp;XL&nbsp;&nbsp;XXL&nbsp;&nbsp;XXXL<\/td>\n<\/tr>\n<tr>\n<td><b>BRASILSLIP HOCH (HW)<\/b><\/td>\n<\/tr>\n<tr>\n<td>S&nbsp;&nbsp;M&nbsp;&nbsp;L&nbsp;&nbsp;XL&nbsp;&nbsp;XXL&nbsp;&nbsp;XXXL<\/td>\n<\/tr>\n<\/tbody>\n<\/table>\n<p><\/p>\n<p><p><\/p>\n<div style=\"display: flex; align-items: center; gap: 15px; margin-top: 20px; width: 100%;\">\n    <img decoding=\"async\" src=\"https:\/\/www.paripari-lingerie.com\/wp-content\/uploads\/2024\/10\/handshake_icon.png\" alt=\"Ikona wsp\u00f3\u0142pracy\" style=\"width: 50px; height: auto;\"\/><\/p>\n<div>\n        <b>M\u00f6chten Sie mit uns zusammenarbeiten und Vertriebspartner f\u00fcr XX Unterw\u00e4sche werden?<br \/>\n        <a href=\"https:\/\/www.paripari-lingerie.com\/cooperation-resell-paripari-lingerie-and-build-your-success-with-our-brand\/\">Hier finden Sie weitere Informationen<\/a>, kontaktieren Sie uns \u2013 wir freuen uns auf Sie!<\/b>\n    <\/div>\n<\/div>\n<p><\/p><br \/>\n <\/p>\n","protected":false},"excerpt":{"rendered":"","protected":false},"author":1,"featured_media":0,"parent":1564,"menu_order":21,"comment_status":"closed","ping_status":"closed","template":"","meta":{"footnotes":""},"class_list":["post-3834","page","type-page","status-publish","czr-hentry"],"_links":{"self":[{"href":"https:\/\/www.paripari-lingerie.com\/de\/wp-json\/wp\/v2\/pages\/3834","targetHints":{"allow":["GET"]}}],"collection":[{"href":"https:\/\/www.paripari-lingerie.com\/de\/wp-json\/wp\/v2\/pages"}],"about":[{"href":"https:\/\/www.paripari-lingerie.com\/de\/wp-json\/wp\/v2\/types\/page"}],"author":[{"embeddable":true,"href":"https:\/\/www.paripari-lingerie.com\/de\/wp-json\/wp\/v2\/users\/1"}],"replies":[{"embeddable":true,"href":"https:\/\/www.paripari-lingerie.com\/de\/wp-json\/wp\/v2\/comments?post=3834"}],"version-history":[{"count":3,"href":"https:\/\/www.paripari-lingerie.com\/de\/wp-json\/wp\/v2\/pages\/3834\/revisions"}],"predecessor-version":[{"id":3921,"href":"https:\/\/www.paripari-lingerie.com\/de\/wp-json\/wp\/v2\/pages\/3834\/revisions\/3921"}],"up":[{"embeddable":true,"href":"https:\/\/www.paripari-lingerie.com\/de\/wp-json\/wp\/v2\/pages\/1564"}],"wp:attachment":[{"href":"https:\/\/www.paripari-lingerie.com\/de\/wp-json\/wp\/v2\/media?parent=3834"}],"curies":[{"name":"wp","href":"https:\/\/api.w.org\/{rel}","templated":true}]}}