{"id":3909,"date":"2025-10-06T10:50:14","date_gmt":"2025-10-06T09:50:14","guid":{"rendered":"https:\/\/www.paripari-lingerie.com\/?page_id=3909"},"modified":"2025-10-06T12:08:55","modified_gmt":"2025-10-06T11:08:55","slug":"blue-sky","status":"publish","type":"page","link":"https:\/\/www.paripari-lingerie.com\/de\/collection\/blue-sky\/","title":{"rendered":"BLUE SKY"},"content":{"rendered":"<p><br \/>\n<\/p>\n<p style=\"text-align: center;\"><style type=\"text\/css\" scoped>.rbs_gallery_69e74cb61fcdbSpinner{\r\n\t\t\t\tmargin: 50px auto;\r\n\t\t\t\twidth: 50px;\r\n\t\t\t\theight: 40px;\r\n\t\t\t\ttext-align: center;\r\n\t\t\t\tfont-size: 10px;\r\n\t\t\t}\r\n\t\t\t.rbs_gallery_69e74cb61fcdbSpinner > div{\r\n\t\t\t  background-color: #333;\r\n\t\t\t  height: 100%;\r\n\t\t\t  width: 6px;\r\n\t\t\t  display: inline-block;\r\n\t\t\t  -webkit-animation: rbs_gallery_69e74cb61fcdb-stretchdelay 1.2s infinite ease-in-out;\r\n\t\t\t  animation: rbs_gallery_69e74cb61fcdb-stretchdelay 1.2s infinite ease-in-out;\r\n\t\t\t}\r\n\t\t\t.rbs_gallery_69e74cb61fcdbSpinner .rbs_gallery_69e74cb61fcdbRect2 {\r\n\t\t\t  -webkit-animation-delay: -1.1s;\r\n\t\t\t  animation-delay: -1.1s;\r\n\t\t\t}\r\n\t\t\t.rbs_gallery_69e74cb61fcdbSpinner .rbs_gallery_69e74cb61fcdbRect3 {\r\n\t\t\t  -webkit-animation-delay: -1.0s;\r\n\t\t\t  animation-delay: -1.0s;\r\n\t\t\t}\r\n\t\t\t.rbs_gallery_69e74cb61fcdbSpinner .rbs_gallery_69e74cb61fcdbRect4 {\r\n\t\t\t  -webkit-animation-delay: -0.9s;\r\n\t\t\t  animation-delay: -0.9s;\r\n\t\t\t}\r\n\t\t\t.rbs_gallery_69e74cb61fcdbSpinner .rbs_gallery_69e74cb61fcdbRect5 {\r\n\t\t\t  -webkit-animation-delay: -0.8s;\r\n\t\t\t  animation-delay: -0.8s;\r\n\t\t\t}\r\n\t\t\t@-webkit-keyframes rbs_gallery_69e74cb61fcdb-stretchdelay {\r\n\t\t\t  0%, 40%, 100% { -webkit-transform: scaleY(0.4) }  \r\n\t\t\t  20% { -webkit-transform: scaleY(1.0) }\r\n\t\t\t}\r\n\t\t\t@keyframes rbs_gallery_69e74cb61fcdb-stretchdelay {\r\n\t\t\t  0%, 40%, 100% { \r\n\t\t\t    transform: scaleY(0.4);\r\n\t\t\t    -webkit-transform: scaleY(0.4);\r\n\t\t\t  }  20% { \r\n\t\t\t    transform: scaleY(1.0);\r\n\t\t\t    -webkit-transform: scaleY(1.0);\r\n\t\t\t  }\r\n\t\t\t}\r\n\t\t<\/style><div class=\"robo-gallery-wrap robo-gallery-wrap-id2524 robo-gallery-\" ><div id=\"rbs_gallery_69e74cb61fcdb-block-loader\" class=\"rbs_gallery_69e74cb61fcdbSpinner\"><div class=\"rbs_gallery_69e74cb61fcdbRect1\"><\/div> <div class=\"rbs_gallery_69e74cb61fcdbRect2\"><\/div> <div class=\"rbs_gallery_69e74cb61fcdbRect3\"><\/div> <div class=\"rbs_gallery_69e74cb61fcdbRect4\"><\/div> <div class=\"rbs_gallery_69e74cb61fcdbRect5\"><\/div><\/div><div id=\"robo_gallery_main_block_rbs_gallery_69e74cb61fcdb\" class=\"robogallery-gallery-2524\" style=\"width:100%;  display: none;\"><div id=\"rbs_gallery_69e74cb61fcdb\" data-options=\"rbs_gallery_69e74cb61fcdb\" style=\"width:100%;\" class=\"robo_gallery  \"><div class=\"rbs-img  category2524 \" ><div class=\"rbs-img-image   rbs-lightbox \" ><div class=\"rbs-img-thumbs\"  data-thumbnail=\"https:\/\/www.paripari-lingerie.com\/wp-content\/uploads\/2025\/10\/BLUE_SKY_BLUE_BRA_PUSH-UP_FRONT-683x1024.jpg\"  title=\"BLUE_SKY_BLUE_BRA_PUSH-UP_FRONT\"  data-width=\"683\"  data-height=\"1024\" ><\/div><div class=\"rbs-img-data-popup\"  data-popup=\"https:\/\/www.paripari-lingerie.com\/wp-content\/uploads\/2025\/10\/BLUE_SKY_BLUE_BRA_PUSH-UP_FRONT.jpg\"  title=\"BLUE_SKY_BLUE_BRA_PUSH-UP_FRONT\" ><\/div><div class=\"thumbnail-overlay\"><div class=\"rbsTitle \">BLUE_SKY_BLUE_BRA_PUSH-UP_FRONT<\/div><div class=\"rbsIcons\"><i class=\"fa fa-search-plus rbsZoomIcon \" ><\/i><\/div><\/div><\/div><\/div><div class=\"rbs-img  category2524 \" ><div class=\"rbs-img-image   rbs-lightbox \" ><div class=\"rbs-img-thumbs\"  data-thumbnail=\"https:\/\/www.paripari-lingerie.com\/wp-content\/uploads\/2025\/10\/BLUE_SKY_BLUE_BRA_PUSH-UP_REAR-683x1024.jpg\"  title=\"BLUE_SKY_BLUE_BRA_PUSH-UP_REAR\"  data-width=\"683\"  data-height=\"1024\" ><\/div><div class=\"rbs-img-data-popup\"  data-popup=\"https:\/\/www.paripari-lingerie.com\/wp-content\/uploads\/2025\/10\/BLUE_SKY_BLUE_BRA_PUSH-UP_REAR.jpg\"  title=\"BLUE_SKY_BLUE_BRA_PUSH-UP_REAR\" ><\/div><div class=\"thumbnail-overlay\"><div class=\"rbsTitle \">BLUE_SKY_BLUE_BRA_PUSH-UP_REAR<\/div><div class=\"rbsIcons\"><i class=\"fa fa-search-plus rbsZoomIcon \" ><\/i><\/div><\/div><\/div><\/div><div class=\"rbs-img  category2524 \" ><div class=\"rbs-img-image   rbs-lightbox \" ><div class=\"rbs-img-thumbs\"  data-thumbnail=\"https:\/\/www.paripari-lingerie.com\/wp-content\/uploads\/2025\/10\/BLUE-SKY-BLUE-PUSH-UP-and-FULL-HIGH-WAIST-FRONT-683x1024.jpg\"  title=\"BLUE SKY BLUE PUSH-UP and FULL HIGH WAIST FRONT\"  data-width=\"683\"  data-height=\"1024\" ><\/div><div class=\"rbs-img-data-popup\"  data-popup=\"https:\/\/www.paripari-lingerie.com\/wp-content\/uploads\/2025\/10\/BLUE-SKY-BLUE-PUSH-UP-and-FULL-HIGH-WAIST-FRONT-scaled.jpg\"  title=\"BLUE SKY BLUE PUSH-UP and FULL HIGH WAIST FRONT\" ><\/div><div class=\"thumbnail-overlay\"><div class=\"rbsTitle \">BLUE SKY BLUE PUSH-UP and FULL HIGH WAIST FRONT<\/div><div class=\"rbsIcons\"><i class=\"fa fa-search-plus rbsZoomIcon \" ><\/i><\/div><\/div><\/div><\/div><div class=\"rbs-img  category2524 \" ><div class=\"rbs-img-image   rbs-lightbox \" ><div class=\"rbs-img-thumbs\"  data-thumbnail=\"https:\/\/www.paripari-lingerie.com\/wp-content\/uploads\/2025\/10\/BLUE-SKY-BLUE-FULL-HIGH-WAIST-REAR-683x1024.jpg\"  title=\"BLUE SKY BLUE FULL HIGH WAIST REAR\"  data-width=\"683\"  data-height=\"1024\" ><\/div><div class=\"rbs-img-data-popup\"  data-popup=\"https:\/\/www.paripari-lingerie.com\/wp-content\/uploads\/2025\/10\/BLUE-SKY-BLUE-FULL-HIGH-WAIST-REAR-scaled.jpg\"  title=\"BLUE SKY BLUE FULL HIGH WAIST REAR\" ><\/div><div class=\"thumbnail-overlay\"><div class=\"rbsTitle \">BLUE SKY BLUE FULL HIGH WAIST REAR<\/div><div class=\"rbsIcons\"><i class=\"fa fa-search-plus rbsZoomIcon \" ><\/i><\/div><\/div><\/div><\/div><div class=\"rbs-img  category2524 \" ><div class=\"rbs-img-image   rbs-lightbox \" ><div class=\"rbs-img-thumbs\"  data-thumbnail=\"https:\/\/www.paripari-lingerie.com\/wp-content\/uploads\/2025\/10\/BLUE-SKY-BLUE-PUSH-UP-and-FULL-FRONT-683x1024.jpg\"  title=\"BLUE SKY BLUE PUSH-UP and FULL FRONT\"  data-width=\"683\"  data-height=\"1024\" ><\/div><div class=\"rbs-img-data-popup\"  data-popup=\"https:\/\/www.paripari-lingerie.com\/wp-content\/uploads\/2025\/10\/BLUE-SKY-BLUE-PUSH-UP-and-FULL-FRONT-scaled.jpg\"  title=\"BLUE SKY BLUE PUSH-UP and FULL FRONT\" ><\/div><div class=\"thumbnail-overlay\"><div class=\"rbsTitle \">BLUE SKY BLUE PUSH-UP and FULL FRONT<\/div><div class=\"rbsIcons\"><i class=\"fa fa-search-plus rbsZoomIcon \" ><\/i><\/div><\/div><\/div><\/div><div class=\"rbs-img  category2524 \" ><div class=\"rbs-img-image   rbs-lightbox \" ><div class=\"rbs-img-thumbs\"  data-thumbnail=\"https:\/\/www.paripari-lingerie.com\/wp-content\/uploads\/2025\/10\/BLUE-SKY-BLUE-FULL-REAR.jpg-683x1024.jpg\"  title=\"BLUE SKY BLUE FULL REAR.jpg\"  data-width=\"683\"  data-height=\"1024\" ><\/div><div class=\"rbs-img-data-popup\"  data-popup=\"https:\/\/www.paripari-lingerie.com\/wp-content\/uploads\/2025\/10\/BLUE-SKY-BLUE-FULL-REAR.jpg-scaled.jpg\"  title=\"BLUE SKY BLUE FULL REAR.jpg\" ><\/div><div class=\"thumbnail-overlay\"><div class=\"rbsTitle \">BLUE SKY BLUE FULL REAR.jpg<\/div><div class=\"rbsIcons\"><i class=\"fa fa-search-plus rbsZoomIcon \" ><\/i><\/div><\/div><\/div><\/div><\/div><\/div><\/div><script>var rbs_gallery_69e74cb61fcdb = {\"version\":\"5.1.4\",\"id\":2524,\"class\":\"id2524\",\"roboGalleryDelay\":1000,\"mainContainer\":\"#robo_gallery_main_block_rbs_gallery_69e74cb61fcdb\",\"loadingContainer\":\"#rbs_gallery_69e74cb61fcdb-block-loader\",\"loadingContainerObj\":\"rbs_gallery_69e74cb61fcdb-block-loader\",\"columnWidth\":\"auto\",\"columns\":3,\"resolutions\":[{\"columnWidth\":\"auto\",\"columns\":3,\"maxWidth\":960},{\"columnWidth\":\"auto\",\"columns\":2,\"maxWidth\":650},{\"columnWidth\":\"auto\",\"columns\":1,\"maxWidth\":450}],\"lightboxOptions\":{\"gallery\":{\"enabled\":true,\"tCounter\":\"%curr% of %total%\"}},\"overlayEffect\":\"direction-aware-fade\",\"boxesToLoadStart\":12,\"boxesToLoad\":8,\"waitUntilThumbLoads\":1,\"LoadingWord\":\"Loading...\",\"loadMoreWord\":\"Load More\",\"noMoreEntriesWord\":\"No More Entries\",\"horizontalSpaceBetweenBoxes\":15,\"verticalSpaceBetweenBoxes\":15,\"lazyLoad\":0,\"wrapContainer\":\"#robo-gallery-wrap-rbs_gallery_69e74cb61fcdb\"};<\/script><\/p>\n<p><\/p>\n<table class=\"sizeTable\">\n<tbody>\n<tr>\n<td><b>PUSH-UP-BH<\/b><\/td>\n<\/tr>\n<tr>\n<td>65&nbsp;&nbsp;CDEFGH<\/td>\n<\/tr>\n<tr>\n<td>70&nbsp;&nbsp;BCDEFG<\/td>\n<\/tr>\n<tr>\n<td>75&nbsp;&nbsp;ABCDEF<\/td>\n<\/tr>\n<tr>\n<td>80&nbsp;&nbsp;ABCDE<\/td>\n<\/tr>\n<tr>\n<td>85&nbsp;&nbsp;ABCD<\/td>\n<\/tr>\n<tr>\n<td>90&nbsp;&nbsp;BC<\/td>\n<\/tr>\n<tr>\n<td>95&nbsp;&nbsp;B<\/td>\n<\/tr>\n<tr>\n<td><b>SLIP CLASSIC<\/b><\/td>\n<\/tr>\n<tr>\n<td>S&nbsp;&nbsp;M&nbsp;&nbsp;L&nbsp;&nbsp;XL&nbsp;&nbsp;XXL<\/td>\n<\/tr>\n<tr>\n<td><b>TAILLENSLIP (HW)<\/b><\/td>\n<\/tr>\n<tr>\n<td>S&nbsp;&nbsp;M&nbsp;&nbsp;L&nbsp;&nbsp;XL&nbsp;&nbsp;XXL<\/td>\n<\/tr>\n<\/tbody>\n<\/table>\n<p><\/p>\n<p><\/p>\n<div class=\"product-description\">\n<p><strong>BLUE SKY \u2013 Sch\u00f6nheit und Vielseitigkeit<\/strong><\/p>\n<p>  <!-- BRA PUSH-UP --><\/p>\n<p><strong>PUSH-UP-BH<\/strong><\/p>\n<p>\n    Blue Sky ist ein einzigartiger Push-up-BH, der feminine Zartheit mit Alltagstauglichkeit verbindet.<br \/>\n    Die thermogeformten Cups sind mit weichem Netz gef\u00fcttert und verf\u00fcgen \u00fcber herausnehmbare Polster,<br \/>\n    wodurch sie sich perfekt der nat\u00fcrlichen Brustform anpassen und ein sch\u00f6nes Dekollet\u00e9 formen.\n  <\/p>\n<p>\n    Ein echtes <em>2-in-1<\/em>-Modell \u2013 ideal f\u00fcr den t\u00e4glichen Gebrauch oder als Bikini-Oberteil.<br \/>\n    Das Design zeigt einen harmonischen Animal-Floraldruck: Auf einem Hintergrund in Blau- und T\u00fcrkist\u00f6nen<br \/>\n    entfalten sich bunte Blumen, Bl\u00e4tter, V\u00f6gel und Schmetterlinge.<br \/>\n    Abnehmbare Tr\u00e4ger am R\u00fccken erm\u00f6glichen flexible Stylingoptionen, w\u00e4hrend eine rosa Schleife zwischen den Cups<br \/>\n    dem BH einen zarten, m\u00e4dchenhaften Akzent verleiht.\n  <\/p>\n<p>  <!-- PANTY FULL --><\/p>\n<p><strong>SLIP CLASSIC<\/strong><\/p>\n<p>\n    Klassischer Slip, entworfen f\u00fcr Komfort und einen stimmigen Sommerlook.<br \/>\n    Gefertigt aus Stoff mit einem gleichm\u00e4\u00dfigen Animal-Floraldruck \u2013 bunte Blumen, Bl\u00e4tter, V\u00f6gel und Schmetterlinge<br \/>\n    zieren den blauen und t\u00fcrkisfarbenen Hintergrund.<br \/>\n    Der klassische Schnitt sorgt f\u00fcr t\u00e4glichen Komfort, w\u00e4hrend der breite, weiche Bund den K\u00f6rper sanft umschlie\u00dft.<br \/>\n    Perfekte Erg\u00e4nzung zum Blue Sky BH.\n  <\/p>\n<p>  <!-- PANTY FULL HW --><\/p>\n<p><strong>TAILLENSLIP (High-Waist)<\/strong><\/p>\n<p>\n    Klassische Linie mit modernem Touch \u2013 entworfen, um die Silhouette sanft zu formen und den Tragekomfort zu erh\u00f6hen.<br \/>\n    Das Vorderteil besteht aus drei pr\u00e4zise geschnittenen Partien, wobei das mittlere Teil mit einem stabilisierenden Netz unterlegt ist,<br \/>\n    was einen leichten Formeffekt und ein elegantes Finish ergibt. Der obere Rand ist mit einem breiten, weichen Gummiband versehen,<br \/>\n    das f\u00fcr sicheren Sitz sorgt und einen modernen Charakter verleiht.<br \/>\n    Abgerundet durch einen harmonischen Animal-Floraldruck in Blau- und T\u00fcrkist\u00f6nen.\n  <\/p>\n<p><em>Blue Sky ist die perfekte Wahl f\u00fcr Frauen, die Weiblichkeit, Komfort und sommerliche Frische in einem Modell suchen \u2013 als Set oder einzeln.<\/em><\/p>\n<\/div>\n<p><\/p>\n<p><p><\/p>\n<div style=\"display: flex; align-items: center; gap: 15px; margin-top: 20px; width: 100%;\">\n    <img decoding=\"async\" src=\"https:\/\/www.paripari-lingerie.com\/wp-content\/uploads\/2024\/10\/handshake_icon.png\" alt=\"Ikona wsp\u00f3\u0142pracy\" style=\"width: 50px; height: auto;\"\/><\/p>\n<div>\n        <b>M\u00f6chten Sie mit uns zusammenarbeiten und Vertriebspartner f\u00fcr XX Unterw\u00e4sche werden?<br \/>\n        <a href=\"https:\/\/www.paripari-lingerie.com\/cooperation-resell-paripari-lingerie-and-build-your-success-with-our-brand\/\">Hier finden Sie weitere Informationen<\/a>, kontaktieren Sie uns \u2013 wir freuen uns auf Sie!<\/b>\n    <\/div>\n<\/div>\n<p><\/p><br \/>\n <\/p>\n","protected":false},"excerpt":{"rendered":"","protected":false},"author":1,"featured_media":0,"parent":1564,"menu_order":20,"comment_status":"closed","ping_status":"closed","template":"","meta":{"footnotes":""},"class_list":["post-3909","page","type-page","status-publish","czr-hentry"],"_links":{"self":[{"href":"https:\/\/www.paripari-lingerie.com\/de\/wp-json\/wp\/v2\/pages\/3909","targetHints":{"allow":["GET"]}}],"collection":[{"href":"https:\/\/www.paripari-lingerie.com\/de\/wp-json\/wp\/v2\/pages"}],"about":[{"href":"https:\/\/www.paripari-lingerie.com\/de\/wp-json\/wp\/v2\/types\/page"}],"author":[{"embeddable":true,"href":"https:\/\/www.paripari-lingerie.com\/de\/wp-json\/wp\/v2\/users\/1"}],"replies":[{"embeddable":true,"href":"https:\/\/www.paripari-lingerie.com\/de\/wp-json\/wp\/v2\/comments?post=3909"}],"version-history":[{"count":2,"href":"https:\/\/www.paripari-lingerie.com\/de\/wp-json\/wp\/v2\/pages\/3909\/revisions"}],"predecessor-version":[{"id":3927,"href":"https:\/\/www.paripari-lingerie.com\/de\/wp-json\/wp\/v2\/pages\/3909\/revisions\/3927"}],"up":[{"embeddable":true,"href":"https:\/\/www.paripari-lingerie.com\/de\/wp-json\/wp\/v2\/pages\/1564"}],"wp:attachment":[{"href":"https:\/\/www.paripari-lingerie.com\/de\/wp-json\/wp\/v2\/media?parent=3909"}],"curies":[{"name":"wp","href":"https:\/\/api.w.org\/{rel}","templated":true}]}}