{"id":1843,"date":"2016-12-17T09:15:07","date_gmt":"2016-12-17T08:15:07","guid":{"rendered":"http:\/\/www.paripari-lingerie.com\/beta_\/cookie-policy\/"},"modified":"2024-12-20T00:29:12","modified_gmt":"2024-12-19T23:29:12","slug":"cookie-policy","status":"publish","type":"page","link":"https:\/\/www.paripari-lingerie.com\/es\/cookie-policy\/","title":{"rendered":"Cookies information"},"content":{"rendered":"<p><\/p>\n<div id=\"CookieInfoHeader\"><\/div>\n<p>En nuestro sitio web utilizamos cookies. Al continuar utilizando nuestro sitio con la configuraci\u00f3n predeterminada de cookies, estas se guardar\u00e1n en tu dispositivo. Para evitarlo, puedes cambiar la configuraci\u00f3n de cookies en tu navegador en cualquier momento. M\u00e1s detalles est\u00e1n disponibles en nuestra Pol\u00edtica de Privacidad.<\/p>\n<h2>Pol\u00edtica de Privacidad del sitio PariPari<\/h2>\n<div id=\"MainDiv\">\n<p>En el sitio web de PariPari, se proporcionan enlaces a servicios externos a los que no se aplica esta pol\u00edtica. PariPari sp. z o.o. (en adelante, \u00abPariPari\u00bb) no se responsabiliza de las pol\u00edticas de privacidad vigentes en esos sitios. Recomendamos que consultes las pol\u00edticas de privacidad de cada sitio.<\/p>\n<p><strong>Datos no personales<\/strong><\/p>\n<p>PariPari se compromete a proteger la privacidad de este sitio. El sitio utiliza un mecanismo denominado \u00abcookies\u00bb. M\u00e1s informaci\u00f3n sobre el mecanismo de \u00abcookies\u00bb est\u00e1 disponible en una pol\u00edtica separada de privacidad y uso de cookies en los sitios web de PariPari sp. z o.o.<\/p>\n<h2>Pol\u00edtica de privacidad y uso de cookies en los sitios web de PariPari sp. z o.o.<\/h2>\n<p>Los datos recopilados en los registros de servidores se utilizan exclusivamente con fines de administraci\u00f3n del sitio. No intentamos identificar a los usuarios de los sitios pertenecientes a PariPari sp. z o.o.<\/p>\n<p><strong>Recopilaci\u00f3n de datos<\/strong><\/p>\n<p>De acuerdo con la pr\u00e1ctica com\u00fan de la mayor\u00eda de los sitios web, almacenamos las solicitudes HTTP enviadas a nuestro servidor. Esto significa que conocemos las direcciones IP p\u00fablicas desde las cuales los usuarios acceden a los contenidos informativos de nuestros servicios. Los recursos visualizados se identifican mediante direcciones URL.<\/p>\n<p>Estos datos no est\u00e1n asociados a personas espec\u00edficas que visitan los sitios de PariPari sp. z o.o.<\/p>\n<p><strong>Uso de datos<\/strong><\/p>\n<p>Los registros recopilados se almacenan con fines administrativos. La informaci\u00f3n contenida en ellos no se divulga a nadie, excepto al personal autorizado para administrar los servidores de PariPari sp. z o.o. A partir de los registros, se pueden generar estad\u00edsticas \u00fatiles para la administraci\u00f3n. Los res\u00famenes agregados en estas estad\u00edsticas no contienen ninguna caracter\u00edstica que identifique a los visitantes del sitio.<\/p>\n<p><strong>Mecanismo de cookies en los sitios web de PariPari sp. z o.o.<\/strong><\/p>\n<p>El mecanismo de cookies no se utiliza para obtener informaci\u00f3n sobre los usuarios del sitio ni para rastrear su navegaci\u00f3n. Las cookies utilizadas en los sitios pertenecientes a PariPari sp. z o.o. no almacenan datos personales de los usuarios. Las cookies se utilizan para mantener una sesi\u00f3n entre el navegador y el servidor (las cookies se eliminan al cerrar el navegador) y para recordar la \u00faltima versi\u00f3n de idioma seleccionada del sitio.<\/p>\n<p><strong>\u00bfQu\u00e9 son las cookies?<\/strong><\/p>\n<p>Las cookies son peque\u00f1os fragmentos de informaci\u00f3n guardados por tu navegador. Gracias a las cookies, los sitios web recuerdan tus preferencias.<\/p>\n<p><strong>C\u00f3mo gestionar las cookies:<\/strong><\/p>\n<p>Si no deseas recibir cookies, puedes cambiar la configuraci\u00f3n de tu navegador. Ten en cuenta que deshabilitar las cookies necesarias para el registro, la seguridad y el mantenimiento de las preferencias del usuario puede dificultar el uso de los sitios de PariPari sp. z o.o., e incluso hacerlo imposible en algunos casos.<\/p>\n<p>Para gestionar la configuraci\u00f3n de las cookies, selecciona tu navegador en la lista a continuaci\u00f3n y sigue las instrucciones:<br \/>\n\u00b7 Internet Explorer &#8211;\u00a0<a href=\"http:\/\/support.microsoft.com\/kb\/196955\" target=\"_blank\" rel=\"noopener\">http:\/\/support.microsoft.com\/kb\/196955<\/a><br \/>\n\u00b7 Chrome &#8211;\u00a0<a href=\"http:\/\/support.google.com\/chrome\/bin\/answer.py?hl=es&amp;answer=95647\" target=\"_blank\" rel=\"noopener\">http:\/\/support.google.com\/chrome\/bin\/answer.py?hl=es&amp;answer=95647<\/a><br \/>\n\u00b7 Safari &#8211;\u00a0<a href=\"http:\/\/support.apple.com\/kb\/PH5042\" target=\"_blank\" rel=\"noopener\">http:\/\/support.apple.com\/kb\/PH5042<\/a><br \/>\n\u00b7 Firefox &#8211;\u00a0<a href=\"http:\/\/support.mozilla.org\/es\/kb\/habilitar-y-deshabilitar-cookies\" target=\"_blank\" rel=\"noopener\">http:\/\/support.mozilla.org\/es\/kb\/habilitar-y-deshabilitar-cookies<\/a><br \/>\n\u00b7 Opera &#8211;\u00a0<a href=\"http:\/\/help.opera.com\/Windows\/12.10\/es\/cookies.html\" target=\"_blank\" rel=\"noopener\">http:\/\/help.opera.com\/Windows\/12.10\/es\/cookies.html<\/a><\/p>\n<p>Dispositivos m\u00f3viles:<br \/>\n\u00b7 Android &#8211;\u00a0<a href=\"http:\/\/support.google.com\/chrome\/bin\/answer.py?hl=es&amp;answer=95647\" target=\"_blank\" rel=\"noopener\">http:\/\/support.google.com\/chrome\/bin\/answer.py?hl=es&amp;answer=95647<\/a><br \/>\n\u00b7 Safari &#8211;\u00a0<a href=\"http:\/\/support.apple.com\/kb\/HT1677?viewlocale=es_ES\" target=\"_blank\" rel=\"noopener\">http:\/\/support.apple.com\/kb\/HT1677?viewlocale=es_ES<\/a><br \/>\n\u00b7 Windows Phone &#8211;\u00a0<a href=\"http:\/\/www.windowsphone.com\/es-es\/how-to\/wp7\/web\/changing-privacy-and-other-browser-settings\" target=\"_blank\" rel=\"noopener\">http:\/\/www.windowsphone.com\/es-es\/how-to\/wp7\/web\/changing-privacy-and-other-browser-settings<\/a><br \/>\n\u00b7 Blackberry &#8211;\u00a0<a href=\"http:\/\/docs.blackberry.com\/en\/smartphone_users\/deliverables\/32004\/Turn_off_cookies_in_the_browser_60_1072866_11.jsp\" target=\"_blank\" rel=\"noopener\">http:\/\/docs.blackberry.com\/en\/smartphone_users\/deliverables\/32004\/Turn_off_cookies_in_the_browser_60_1072866_11.jsp<\/a><\/p>\n<p><strong>Enlaces a otros sitios<\/strong><\/p>\n<p>Los servicios pertenecientes a PariPari sp. z o.o. pueden contener enlaces a otros sitios web. PariPari sp. z o.o. no se responsabiliza de las pol\u00edticas de privacidad vigentes en esos sitios. Te animamos a leer las pol\u00edticas de privacidad definidas por esos sitios despu\u00e9s de acceder a ellos. Esta pol\u00edtica de privacidad se aplica \u00fanicamente a los sitios pertenecientes a PariPari sp. z o.o.<\/p>\n<p><strong>Estad\u00edsticas de Google Analytics<\/strong><\/p>\n<p>El tr\u00e1fico en los sitios se monitorea mediante las estad\u00edsticas de Google Analytics. Esto tiene como objetivo recopilar datos sobre el uso y la popularidad de nuestros sitios. Al utilizar los sitios, aceptas que tus datos sean analizados por Google Analytics para los fines aqu\u00ed descritos.<\/p>\n<\/div>\n<div id=\"topMenuLine\"><\/div>\n<p><\/p>","protected":false},"excerpt":{"rendered":"<p>En nuestro sitio web utilizamos cookies. Al continuar utilizando nuestro sitio con la configuraci\u00f3n predeterminada de cookies, estas se guardar\u00e1n en tu dispositivo. Para evitarlo, puedes cambiar la configuraci\u00f3n de cookies en tu navegador en cualquier momento. M\u00e1s detalles est\u00e1n disponibles en nuestra Pol\u00edtica de Privacidad. Pol\u00edtica de Privacidad del sitio PariPari En el sitio [&hellip;]<\/p>\n","protected":false},"author":1,"featured_media":0,"parent":0,"menu_order":7,"comment_status":"closed","ping_status":"closed","template":"","meta":{"footnotes":""},"class_list":["post-1843","page","type-page","status-publish","czr-hentry"],"_links":{"self":[{"href":"https:\/\/www.paripari-lingerie.com\/es\/wp-json\/wp\/v2\/pages\/1843","targetHints":{"allow":["GET"]}}],"collection":[{"href":"https:\/\/www.paripari-lingerie.com\/es\/wp-json\/wp\/v2\/pages"}],"about":[{"href":"https:\/\/www.paripari-lingerie.com\/es\/wp-json\/wp\/v2\/types\/page"}],"author":[{"embeddable":true,"href":"https:\/\/www.paripari-lingerie.com\/es\/wp-json\/wp\/v2\/users\/1"}],"replies":[{"embeddable":true,"href":"https:\/\/www.paripari-lingerie.com\/es\/wp-json\/wp\/v2\/comments?post=1843"}],"version-history":[{"count":6,"href":"https:\/\/www.paripari-lingerie.com\/es\/wp-json\/wp\/v2\/pages\/1843\/revisions"}],"predecessor-version":[{"id":3737,"href":"https:\/\/www.paripari-lingerie.com\/es\/wp-json\/wp\/v2\/pages\/1843\/revisions\/3737"}],"wp:attachment":[{"href":"https:\/\/www.paripari-lingerie.com\/es\/wp-json\/wp\/v2\/media?parent=1843"}],"curies":[{"name":"wp","href":"https:\/\/api.w.org\/{rel}","templated":true}]}}