{"id":1970,"date":"2017-11-09T20:44:45","date_gmt":"2017-11-09T19:44:45","guid":{"rendered":"http:\/\/www.paripari-lingerie.com\/beta_\/?page_id=1970"},"modified":"2024-12-20T13:02:35","modified_gmt":"2024-12-20T12:02:35","slug":"nadine","status":"publish","type":"page","link":"https:\/\/www.paripari-lingerie.com\/es\/collection\/nadine\/","title":{"rendered":"NADINE"},"content":{"rendered":"<p><br \/>\n<\/p>\n<p style=\"text-align: center;\"><style type=\"text\/css\" scoped>.rbs_gallery_69e35600045b4Spinner{\r\n\t\t\t\tmargin: 50px auto;\r\n\t\t\t\twidth: 50px;\r\n\t\t\t\theight: 40px;\r\n\t\t\t\ttext-align: center;\r\n\t\t\t\tfont-size: 10px;\r\n\t\t\t}\r\n\t\t\t.rbs_gallery_69e35600045b4Spinner > div{\r\n\t\t\t  background-color: #333;\r\n\t\t\t  height: 100%;\r\n\t\t\t  width: 6px;\r\n\t\t\t  display: inline-block;\r\n\t\t\t  -webkit-animation: rbs_gallery_69e35600045b4-stretchdelay 1.2s infinite ease-in-out;\r\n\t\t\t  animation: rbs_gallery_69e35600045b4-stretchdelay 1.2s infinite ease-in-out;\r\n\t\t\t}\r\n\t\t\t.rbs_gallery_69e35600045b4Spinner .rbs_gallery_69e35600045b4Rect2 {\r\n\t\t\t  -webkit-animation-delay: -1.1s;\r\n\t\t\t  animation-delay: -1.1s;\r\n\t\t\t}\r\n\t\t\t.rbs_gallery_69e35600045b4Spinner .rbs_gallery_69e35600045b4Rect3 {\r\n\t\t\t  -webkit-animation-delay: -1.0s;\r\n\t\t\t  animation-delay: -1.0s;\r\n\t\t\t}\r\n\t\t\t.rbs_gallery_69e35600045b4Spinner .rbs_gallery_69e35600045b4Rect4 {\r\n\t\t\t  -webkit-animation-delay: -0.9s;\r\n\t\t\t  animation-delay: -0.9s;\r\n\t\t\t}\r\n\t\t\t.rbs_gallery_69e35600045b4Spinner .rbs_gallery_69e35600045b4Rect5 {\r\n\t\t\t  -webkit-animation-delay: -0.8s;\r\n\t\t\t  animation-delay: -0.8s;\r\n\t\t\t}\r\n\t\t\t@-webkit-keyframes rbs_gallery_69e35600045b4-stretchdelay {\r\n\t\t\t  0%, 40%, 100% { -webkit-transform: scaleY(0.4) }  \r\n\t\t\t  20% { -webkit-transform: scaleY(1.0) }\r\n\t\t\t}\r\n\t\t\t@keyframes rbs_gallery_69e35600045b4-stretchdelay {\r\n\t\t\t  0%, 40%, 100% { \r\n\t\t\t    transform: scaleY(0.4);\r\n\t\t\t    -webkit-transform: scaleY(0.4);\r\n\t\t\t  }  20% { \r\n\t\t\t    transform: scaleY(1.0);\r\n\t\t\t    -webkit-transform: scaleY(1.0);\r\n\t\t\t  }\r\n\t\t\t}\r\n\t\t<\/style><div class=\"robo-gallery-wrap robo-gallery-wrap-id1972 robo-gallery-\" ><div id=\"rbs_gallery_69e35600045b4-block-loader\" class=\"rbs_gallery_69e35600045b4Spinner\"><div class=\"rbs_gallery_69e35600045b4Rect1\"><\/div> <div class=\"rbs_gallery_69e35600045b4Rect2\"><\/div> <div class=\"rbs_gallery_69e35600045b4Rect3\"><\/div> <div class=\"rbs_gallery_69e35600045b4Rect4\"><\/div> <div class=\"rbs_gallery_69e35600045b4Rect5\"><\/div><\/div><div id=\"robo_gallery_main_block_rbs_gallery_69e35600045b4\" class=\"robogallery-gallery-1972\" style=\"width:100%;  display: none;\"><div id=\"rbs_gallery_69e35600045b4\" data-options=\"rbs_gallery_69e35600045b4\" style=\"width:100%;\" class=\"robo_gallery  \"><div class=\"rbs-img  category1972 \" ><div class=\"rbs-img-image   rbs-lightbox \" ><div class=\"rbs-img-thumbs\"  data-thumbnail=\"https:\/\/www.paripari-lingerie.com\/wp-content\/uploads\/2017\/11\/NADINE_BLACK-VIOLET_SET_FRONT-669x1024.jpg\"  title=\"NADINE_BLACK-VIOLET_SET_FRONT\"  data-width=\"669\"  data-height=\"1024\" ><\/div><div class=\"rbs-img-data-popup\"  data-popup=\"https:\/\/www.paripari-lingerie.com\/wp-content\/uploads\/2017\/11\/NADINE_BLACK-VIOLET_SET_FRONT.jpg\"  title=\"NADINE_BLACK-VIOLET_SET_FRONT\" ><\/div><div class=\"thumbnail-overlay\"><div class=\"rbsTitle \">NADINE_BLACK-VIOLET_SET_FRONT<\/div><div class=\"rbsIcons\"><i class=\"fa fa-search-plus rbsZoomIcon \" ><\/i><\/div><\/div><\/div><\/div><div class=\"rbs-img  category1972 \" ><div class=\"rbs-img-image   rbs-lightbox \" ><div class=\"rbs-img-thumbs\"  data-thumbnail=\"https:\/\/www.paripari-lingerie.com\/wp-content\/uploads\/2017\/11\/NADINE_BLACK-VIOLET_BOXERS-669x1024.jpg\"  title=\"NADINE_BLACK-VIOLET_BOXERS\"  data-width=\"669\"  data-height=\"1024\" ><\/div><div class=\"rbs-img-data-popup\"  data-popup=\"https:\/\/www.paripari-lingerie.com\/wp-content\/uploads\/2017\/11\/NADINE_BLACK-VIOLET_BOXERS.jpg\"  title=\"NADINE_BLACK-VIOLET_BOXERS\" ><\/div><div class=\"thumbnail-overlay\"><div class=\"rbsTitle \">NADINE_BLACK-VIOLET_BOXERS<\/div><div class=\"rbsIcons\"><i class=\"fa fa-search-plus rbsZoomIcon \" ><\/i><\/div><\/div><\/div><\/div><div class=\"rbs-img  category1972 \" ><div class=\"rbs-img-image   rbs-lightbox \" ><div class=\"rbs-img-thumbs\"  data-thumbnail=\"https:\/\/www.paripari-lingerie.com\/wp-content\/uploads\/2017\/11\/NADINE_BLACK-VIOLET_BRA-669x1024.jpg\"  title=\"NADINE_BLACK-VIOLET_BRA\"  data-width=\"669\"  data-height=\"1024\" ><\/div><div class=\"rbs-img-data-popup\"  data-popup=\"https:\/\/www.paripari-lingerie.com\/wp-content\/uploads\/2017\/11\/NADINE_BLACK-VIOLET_BRA.jpg\"  title=\"NADINE_BLACK-VIOLET_BRA\" ><\/div><div class=\"thumbnail-overlay\"><div class=\"rbsTitle \">NADINE_BLACK-VIOLET_BRA<\/div><div class=\"rbsIcons\"><i class=\"fa fa-search-plus rbsZoomIcon \" ><\/i><\/div><\/div><\/div><\/div><div class=\"rbs-img  category1972 \" ><div class=\"rbs-img-image   rbs-lightbox \" ><div class=\"rbs-img-thumbs\"  data-thumbnail=\"https:\/\/www.paripari-lingerie.com\/wp-content\/uploads\/2017\/11\/NADINE_BLACK-VIOLET_FULL-669x1024.jpg\"  title=\"NADINE_BLACK-VIOLET_FULL\"  data-width=\"669\"  data-height=\"1024\" ><\/div><div class=\"rbs-img-data-popup\"  data-popup=\"https:\/\/www.paripari-lingerie.com\/wp-content\/uploads\/2017\/11\/NADINE_BLACK-VIOLET_FULL.jpg\"  title=\"NADINE_BLACK-VIOLET_FULL\" ><\/div><div class=\"thumbnail-overlay\"><div class=\"rbsTitle \">NADINE_BLACK-VIOLET_FULL<\/div><div class=\"rbsIcons\"><i class=\"fa fa-search-plus rbsZoomIcon \" ><\/i><\/div><\/div><\/div><\/div><div class=\"rbs-img  category1972 \" ><div class=\"rbs-img-image   rbs-lightbox \" ><div class=\"rbs-img-thumbs\"  data-thumbnail=\"https:\/\/www.paripari-lingerie.com\/wp-content\/uploads\/2017\/11\/NADINE_BLACK-VIOLET_BOXERS_REAR-669x1024.jpg\"  title=\"NADINE_BLACK-VIOLET_BOXERS_REAR\"  data-width=\"669\"  data-height=\"1024\" ><\/div><div class=\"rbs-img-data-popup\"  data-popup=\"https:\/\/www.paripari-lingerie.com\/wp-content\/uploads\/2017\/11\/NADINE_BLACK-VIOLET_BOXERS_REAR.jpg\"  title=\"NADINE_BLACK-VIOLET_BOXERS_REAR\" ><\/div><div class=\"thumbnail-overlay\"><div class=\"rbsTitle \">NADINE_BLACK-VIOLET_BOXERS_REAR<\/div><div class=\"rbsIcons\"><i class=\"fa fa-search-plus rbsZoomIcon \" ><\/i><\/div><\/div><\/div><\/div><div class=\"rbs-img  category1972 \" ><div class=\"rbs-img-image   rbs-lightbox \" ><div class=\"rbs-img-thumbs\"  data-thumbnail=\"https:\/\/www.paripari-lingerie.com\/wp-content\/uploads\/2017\/11\/NADINE_BLACK-VIOLET_FULL_REAR-669x1024.jpg\"  title=\"NADINE_BLACK-VIOLET_FULL_REAR\"  data-width=\"669\"  data-height=\"1024\" ><\/div><div class=\"rbs-img-data-popup\"  data-popup=\"https:\/\/www.paripari-lingerie.com\/wp-content\/uploads\/2017\/11\/NADINE_BLACK-VIOLET_FULL_REAR.jpg\"  title=\"NADINE_BLACK-VIOLET_FULL_REAR\" ><\/div><div class=\"thumbnail-overlay\"><div class=\"rbsTitle \">NADINE_BLACK-VIOLET_FULL_REAR<\/div><div class=\"rbsIcons\"><i class=\"fa fa-search-plus rbsZoomIcon \" ><\/i><\/div><\/div><\/div><\/div><div class=\"rbs-img  category1972 \" ><div class=\"rbs-img-image   rbs-lightbox \" ><div class=\"rbs-img-thumbs\"  data-thumbnail=\"https:\/\/www.paripari-lingerie.com\/wp-content\/uploads\/2017\/11\/NADINE_BLACK-VIOLET_STRING_REAR-669x1024.jpg\"  title=\"NADINE_BLACK-VIOLET_STRING_REAR\"  data-width=\"669\"  data-height=\"1024\" ><\/div><div class=\"rbs-img-data-popup\"  data-popup=\"https:\/\/www.paripari-lingerie.com\/wp-content\/uploads\/2017\/11\/NADINE_BLACK-VIOLET_STRING_REAR.jpg\"  title=\"NADINE_BLACK-VIOLET_STRING_REAR\" ><\/div><div class=\"thumbnail-overlay\"><div class=\"rbsTitle \">NADINE_BLACK-VIOLET_STRING_REAR<\/div><div class=\"rbsIcons\"><i class=\"fa fa-search-plus rbsZoomIcon \" ><\/i><\/div><\/div><\/div><\/div><\/div><\/div><\/div><script>var rbs_gallery_69e35600045b4 = {\"version\":\"5.1.4\",\"id\":1972,\"class\":\"id1972\",\"roboGalleryDelay\":1000,\"mainContainer\":\"#robo_gallery_main_block_rbs_gallery_69e35600045b4\",\"loadingContainer\":\"#rbs_gallery_69e35600045b4-block-loader\",\"loadingContainerObj\":\"rbs_gallery_69e35600045b4-block-loader\",\"columnWidth\":\"auto\",\"columns\":3,\"resolutions\":[{\"columnWidth\":\"auto\",\"columns\":3,\"maxWidth\":960},{\"columnWidth\":\"auto\",\"columns\":2,\"maxWidth\":650},{\"columnWidth\":\"auto\",\"columns\":1,\"maxWidth\":450}],\"lightboxOptions\":{\"gallery\":{\"enabled\":true,\"tCounter\":\"%curr% of %total%\"}},\"overlayEffect\":\"direction-aware-fade\",\"boxesToLoadStart\":12,\"boxesToLoad\":8,\"waitUntilThumbLoads\":1,\"LoadingWord\":\"Loading...\",\"loadMoreWord\":\"Load More\",\"noMoreEntriesWord\":\"No More Entries\",\"horizontalSpaceBetweenBoxes\":15,\"verticalSpaceBetweenBoxes\":15,\"lazyLoad\":0,\"wrapContainer\":\"#robo-gallery-wrap-rbs_gallery_69e35600045b4\"};<\/script><\/p>\n<p><p><a href=\"\/sizes-table\">Tabla de tallas de <strong>lencer\u00eda PariPari<\/strong><\/a><br \/>\n<\/p><br \/>\n<p><\/p>\n<table class=\"sizeTable\">\n<tbody>\n<tr>\n<td><b>SUJETADOR PUSH-UP<\/b><br \/>\n65 CDEFGH<br \/>\n70 BCDEFG<br \/>\n75 ABCDEF<br \/>\n80 ABCDE<br \/>\n85 ABCD<br \/>\n90 BC<br \/>\n95 B<\/td>\n<\/tr>\n<\/tbody>\n<\/table>\n<p><\/p><br \/>\n<p><\/p>\n<table class=\"sizeTable\">\n<tbody>\n<tr>\n<td><b>BRAGAS CL\u00c1SICAS<\/b><br \/>\nS, M, L, XL, XXL<\/td>\n<td><b>TANGAS<\/b><br \/>\nS, M, L, XL, XXL<\/td>\n<td><b>BRAGAS BOXER<\/b><br \/>\nS, M, L, XL, XXL<\/td>\n<\/tr>\n<\/tbody>\n<\/table>\n<p><\/p><\/p>\n<p><p><\/p>\n<div style=\"display: flex; align-items: center; gap: 15px; margin-top: 20px; width: 100%;\">\n    <img decoding=\"async\" src=\"https:\/\/www.paripari-lingerie.com\/wp-content\/uploads\/2024\/10\/handshake_icon.png\" alt=\"Icono de colaboraci\u00f3n\" style=\"width: 50px; height: auto;\"\/><\/p>\n<div>\n        <b>\u00bfEst\u00e1s interesado en colaborar con nosotros y convertirte en distribuidor de lencer\u00eda PariPari?<br \/>\n        <a href=\"https:\/\/www.paripari-lingerie.com\/cooperation-resell-paripari-lingerie-and-build-your-success-with-our-brand\/\">Encuentra m\u00e1s informaci\u00f3n aqu\u00ed<\/a>, cont\u00e1ctanos \u2013 \u00a1esperamos saber de ti!<\/b>\n    <\/div>\n<\/div>\n<p><\/p><br \/>\n<br \/>\n<\/p>","protected":false},"excerpt":{"rendered":"","protected":false},"author":1,"featured_media":0,"parent":1564,"menu_order":34,"comment_status":"closed","ping_status":"closed","template":"","meta":{"footnotes":""},"class_list":["post-1970","page","type-page","status-publish","czr-hentry"],"_links":{"self":[{"href":"https:\/\/www.paripari-lingerie.com\/es\/wp-json\/wp\/v2\/pages\/1970","targetHints":{"allow":["GET"]}}],"collection":[{"href":"https:\/\/www.paripari-lingerie.com\/es\/wp-json\/wp\/v2\/pages"}],"about":[{"href":"https:\/\/www.paripari-lingerie.com\/es\/wp-json\/wp\/v2\/types\/page"}],"author":[{"embeddable":true,"href":"https:\/\/www.paripari-lingerie.com\/es\/wp-json\/wp\/v2\/users\/1"}],"replies":[{"embeddable":true,"href":"https:\/\/www.paripari-lingerie.com\/es\/wp-json\/wp\/v2\/comments?post=1970"}],"version-history":[{"count":6,"href":"https:\/\/www.paripari-lingerie.com\/es\/wp-json\/wp\/v2\/pages\/1970\/revisions"}],"predecessor-version":[{"id":3819,"href":"https:\/\/www.paripari-lingerie.com\/es\/wp-json\/wp\/v2\/pages\/1970\/revisions\/3819"}],"up":[{"embeddable":true,"href":"https:\/\/www.paripari-lingerie.com\/es\/wp-json\/wp\/v2\/pages\/1564"}],"wp:attachment":[{"href":"https:\/\/www.paripari-lingerie.com\/es\/wp-json\/wp\/v2\/media?parent=1970"}],"curies":[{"name":"wp","href":"https:\/\/api.w.org\/{rel}","templated":true}]}}