{"id":2928,"date":"2021-11-30T19:58:24","date_gmt":"2021-11-30T18:58:24","guid":{"rendered":"https:\/\/www.paripari-lingerie.com\/?page_id=2928"},"modified":"2024-09-30T12:12:11","modified_gmt":"2024-09-30T11:12:11","slug":"where-to-buy-paripari-lingerie","status":"publish","type":"page","link":"https:\/\/www.paripari-lingerie.com\/es\/where-to-buy-paripari-lingerie\/","title":{"rendered":"D\u00f3nde comprar lencer\u00eda PariPari"},"content":{"rendered":"<p><img loading=\"lazy\" decoding=\"async\" class=\"alignleft wp-image-2940\" src=\"https:\/\/www.paripari-lingerie.com\/wp-content\/uploads\/2021\/11\/where-to-buy-image-239x300.jpg\" alt=\"\" width=\"300\" height=\"377\" srcset=\"https:\/\/www.paripari-lingerie.com\/wp-content\/uploads\/2021\/11\/where-to-buy-image-239x300.jpg 239w, https:\/\/www.paripari-lingerie.com\/wp-content\/uploads\/2021\/11\/where-to-buy-image-768x966.jpg 768w, https:\/\/www.paripari-lingerie.com\/wp-content\/uploads\/2021\/11\/where-to-buy-image.jpg 800w\" sizes=\"auto, (max-width: 300px) 100vw, 300px\" \/>Nos complace que est\u00e9 interesado en saber d\u00f3nde comprar nuestra lencer\u00eda, y le agradecemos sinceramente.<\/p>\n<p>Sin embargo, no realizamos ventas minoristas ni contamos con una tienda en l\u00ednea propia, ya que nos centramos en el dise\u00f1o, la producci\u00f3n y la distribuci\u00f3n mayorista de lencer\u00eda PariPari.<\/p>\n<p>Trabajamos, sin embargo, con muchas empresas especializadas en la venta al por menor de lencer\u00eda femenina, verdaderas profesionales en este \u00e1mbito. Le invitamos a elegir el minorista que mejor se adapte a sus preferencias de compra, y podemos asegurarle que, dondequiera que compre lencer\u00eda PariPari, quedar\u00e1 plenamente satisfecho(a).<\/p>\n<p>Para facilitarlo, hemos incluido un enlace a continuaci\u00f3n que conduce a los resultados del motor de b\u00fasqueda m\u00e1s grande, mostrando las ofertas actuales de nuestra lencer\u00eda en l\u00ednea \u2013 \u00a1felices compras!<\/p>\n<p><a href=\"https:\/\/www.paripari-lingerie.com\/linkRedirect.php?linkID=6&amp;utm_campaign=pageWhereToBuyES\" target=\"_blank\" rel=\"noopener\">https:\/\/www.google.es\/search?q=PariPari+lingerie<\/a><\/p>\n<p>Si est\u00e1 interesado(a) en una colaboraci\u00f3n comercial para vender nuestra lencer\u00eda, <a href=\"https:\/\/www.paripari-lingerie.com\/cooperation-resell-paripari-lingerie-and-build-your-success-with-our-brand\/\">le invitamos a colaborar con nosotros (haga clic aqu\u00ed)<\/a>.<\/p>\n<p>Y si su tienda de lencer\u00eda favorita a\u00fan no ofrece productos PariPari y cree que es hora de cambiar eso, h\u00e1ganoslo saber.<\/p>","protected":false},"excerpt":{"rendered":"<p>Nos complace que est\u00e9 interesado en saber d\u00f3nde comprar nuestra lencer\u00eda, y le agradecemos sinceramente. Sin embargo, no realizamos ventas minoristas ni contamos con una tienda en l\u00ednea propia, ya que nos centramos en el dise\u00f1o, la producci\u00f3n y la distribuci\u00f3n mayorista de lencer\u00eda PariPari. Trabajamos, sin embargo, con muchas empresas especializadas en la venta [&hellip;]<\/p>\n","protected":false},"author":1,"featured_media":0,"parent":0,"menu_order":0,"comment_status":"closed","ping_status":"closed","template":"","meta":{"footnotes":""},"class_list":["post-2928","page","type-page","status-publish","czr-hentry"],"_links":{"self":[{"href":"https:\/\/www.paripari-lingerie.com\/es\/wp-json\/wp\/v2\/pages\/2928","targetHints":{"allow":["GET"]}}],"collection":[{"href":"https:\/\/www.paripari-lingerie.com\/es\/wp-json\/wp\/v2\/pages"}],"about":[{"href":"https:\/\/www.paripari-lingerie.com\/es\/wp-json\/wp\/v2\/types\/page"}],"author":[{"embeddable":true,"href":"https:\/\/www.paripari-lingerie.com\/es\/wp-json\/wp\/v2\/users\/1"}],"replies":[{"embeddable":true,"href":"https:\/\/www.paripari-lingerie.com\/es\/wp-json\/wp\/v2\/comments?post=2928"}],"version-history":[{"count":23,"href":"https:\/\/www.paripari-lingerie.com\/es\/wp-json\/wp\/v2\/pages\/2928\/revisions"}],"predecessor-version":[{"id":3473,"href":"https:\/\/www.paripari-lingerie.com\/es\/wp-json\/wp\/v2\/pages\/2928\/revisions\/3473"}],"wp:attachment":[{"href":"https:\/\/www.paripari-lingerie.com\/es\/wp-json\/wp\/v2\/media?parent=2928"}],"curies":[{"name":"wp","href":"https:\/\/api.w.org\/{rel}","templated":true}]}}