{"id":3094,"date":"2022-10-28T12:20:51","date_gmt":"2022-10-28T11:20:51","guid":{"rendered":"https:\/\/www.paripari-lingerie.com\/?page_id=3094"},"modified":"2024-12-20T12:14:33","modified_gmt":"2024-12-20T11:14:33","slug":"katia-red","status":"publish","type":"page","link":"https:\/\/www.paripari-lingerie.com\/es\/collection\/katia-red\/","title":{"rendered":"KATIA ROJA"},"content":{"rendered":"<p><br \/>\n<\/p>\n<p style=\"text-align: center;\"><style type=\"text\/css\" scoped>.rbs_gallery_69e3974a22efdSpinner{\r\n\t\t\t\tmargin: 50px auto;\r\n\t\t\t\twidth: 50px;\r\n\t\t\t\theight: 40px;\r\n\t\t\t\ttext-align: center;\r\n\t\t\t\tfont-size: 10px;\r\n\t\t\t}\r\n\t\t\t.rbs_gallery_69e3974a22efdSpinner > div{\r\n\t\t\t  background-color: #333;\r\n\t\t\t  height: 100%;\r\n\t\t\t  width: 6px;\r\n\t\t\t  display: inline-block;\r\n\t\t\t  -webkit-animation: rbs_gallery_69e3974a22efd-stretchdelay 1.2s infinite ease-in-out;\r\n\t\t\t  animation: rbs_gallery_69e3974a22efd-stretchdelay 1.2s infinite ease-in-out;\r\n\t\t\t}\r\n\t\t\t.rbs_gallery_69e3974a22efdSpinner .rbs_gallery_69e3974a22efdRect2 {\r\n\t\t\t  -webkit-animation-delay: -1.1s;\r\n\t\t\t  animation-delay: -1.1s;\r\n\t\t\t}\r\n\t\t\t.rbs_gallery_69e3974a22efdSpinner .rbs_gallery_69e3974a22efdRect3 {\r\n\t\t\t  -webkit-animation-delay: -1.0s;\r\n\t\t\t  animation-delay: -1.0s;\r\n\t\t\t}\r\n\t\t\t.rbs_gallery_69e3974a22efdSpinner .rbs_gallery_69e3974a22efdRect4 {\r\n\t\t\t  -webkit-animation-delay: -0.9s;\r\n\t\t\t  animation-delay: -0.9s;\r\n\t\t\t}\r\n\t\t\t.rbs_gallery_69e3974a22efdSpinner .rbs_gallery_69e3974a22efdRect5 {\r\n\t\t\t  -webkit-animation-delay: -0.8s;\r\n\t\t\t  animation-delay: -0.8s;\r\n\t\t\t}\r\n\t\t\t@-webkit-keyframes rbs_gallery_69e3974a22efd-stretchdelay {\r\n\t\t\t  0%, 40%, 100% { -webkit-transform: scaleY(0.4) }  \r\n\t\t\t  20% { -webkit-transform: scaleY(1.0) }\r\n\t\t\t}\r\n\t\t\t@keyframes rbs_gallery_69e3974a22efd-stretchdelay {\r\n\t\t\t  0%, 40%, 100% { \r\n\t\t\t    transform: scaleY(0.4);\r\n\t\t\t    -webkit-transform: scaleY(0.4);\r\n\t\t\t  }  20% { \r\n\t\t\t    transform: scaleY(1.0);\r\n\t\t\t    -webkit-transform: scaleY(1.0);\r\n\t\t\t  }\r\n\t\t\t}\r\n\t\t<\/style><div class=\"robo-gallery-wrap robo-gallery-wrap-id3085 robo-gallery-\" ><div id=\"rbs_gallery_69e3974a22efd-block-loader\" class=\"rbs_gallery_69e3974a22efdSpinner\"><div class=\"rbs_gallery_69e3974a22efdRect1\"><\/div> <div class=\"rbs_gallery_69e3974a22efdRect2\"><\/div> <div class=\"rbs_gallery_69e3974a22efdRect3\"><\/div> <div class=\"rbs_gallery_69e3974a22efdRect4\"><\/div> <div class=\"rbs_gallery_69e3974a22efdRect5\"><\/div><\/div><div class=\"rbs_gallery_button  rbs_gallery_align_left\" id=\"rbs_gallery_69e3974a22efdfilter\" style=\" display: none;\" ><a class=\"button button-border-caution  \" href=\"#\" data-filter=\"*\">All<\/a><\/div><div id=\"robo_gallery_main_block_rbs_gallery_69e3974a22efd\" class=\"robogallery-gallery-3085\" style=\"width:100%;  display: none;\"><div id=\"rbs_gallery_69e3974a22efd\" data-options=\"rbs_gallery_69e3974a22efd\" style=\"width:100%;\" class=\"robo_gallery  \"><div class=\"rbs-img  category3085 \" ><div class=\"rbs-img-image   rbs-lightbox \" ><div class=\"rbs-img-thumbs\"  data-thumbnail=\"https:\/\/www.paripari-lingerie.com\/wp-content\/uploads\/2022\/10\/KATIA-RED-SHIRT-FRONT-683x1024.jpg\"  title=\"KATIA RED SHIRT FRONT\"  data-width=\"683\"  data-height=\"1024\" ><\/div><div class=\"rbs-img-data-popup\"  data-popup=\"https:\/\/www.paripari-lingerie.com\/wp-content\/uploads\/2022\/10\/KATIA-RED-SHIRT-FRONT.jpg\"  title=\"KATIA RED SHIRT FRONT\" ><\/div><div class=\"thumbnail-overlay\"><div class=\"rbsTitle \">KATIA RED SHIRT FRONT<\/div><div class=\"rbsIcons\"><i class=\"fa fa-search-plus rbsZoomIcon \" ><\/i><\/div><\/div><\/div><\/div><div class=\"rbs-img  category3085 \" ><div class=\"rbs-img-image   rbs-lightbox \" ><div class=\"rbs-img-thumbs\"  data-thumbnail=\"https:\/\/www.paripari-lingerie.com\/wp-content\/uploads\/2022\/10\/KATIA-RED-SHIRT-REAR-683x1024.jpg\"  title=\"KATIA RED SHIRT REAR\"  data-width=\"683\"  data-height=\"1024\" ><\/div><div class=\"rbs-img-data-popup\"  data-popup=\"https:\/\/www.paripari-lingerie.com\/wp-content\/uploads\/2022\/10\/KATIA-RED-SHIRT-REAR.jpg\"  title=\"KATIA RED SHIRT REAR\" ><\/div><div class=\"thumbnail-overlay\"><div class=\"rbsTitle \">KATIA RED SHIRT REAR<\/div><div class=\"rbsIcons\"><i class=\"fa fa-search-plus rbsZoomIcon \" ><\/i><\/div><\/div><\/div><\/div><div class=\"rbs-img  category3085 \" ><div class=\"rbs-img-image   rbs-lightbox \" ><div class=\"rbs-img-thumbs\"  data-thumbnail=\"https:\/\/www.paripari-lingerie.com\/wp-content\/uploads\/2022\/10\/KATIA-RED-PUSH-UP-and-BOXERS-FRONT-683x1024.jpg\"  title=\"KATIA RED PUSH-UP and BOXERS FRONT\"  data-width=\"683\"  data-height=\"1024\" ><\/div><div class=\"rbs-img-data-popup\"  data-popup=\"https:\/\/www.paripari-lingerie.com\/wp-content\/uploads\/2022\/10\/KATIA-RED-PUSH-UP-and-BOXERS-FRONT.jpg\"  title=\"KATIA RED PUSH-UP and BOXERS FRONT\" ><\/div><div class=\"thumbnail-overlay\"><div class=\"rbsTitle \">KATIA RED PUSH-UP and BOXERS FRONT<\/div><div class=\"rbsIcons\"><i class=\"fa fa-search-plus rbsZoomIcon \" ><\/i><\/div><\/div><\/div><\/div><div class=\"rbs-img  category3085 \" ><div class=\"rbs-img-image   rbs-lightbox \" ><div class=\"rbs-img-thumbs\"  data-thumbnail=\"https:\/\/www.paripari-lingerie.com\/wp-content\/uploads\/2022\/10\/KATIA-RED-PUSH-UP-and-BOXERS-REAR-683x1024.jpg\"  title=\"KATIA RED PUSH-UP and BOXERS REAR\"  data-width=\"683\"  data-height=\"1024\" ><\/div><div class=\"rbs-img-data-popup\"  data-popup=\"https:\/\/www.paripari-lingerie.com\/wp-content\/uploads\/2022\/10\/KATIA-RED-PUSH-UP-and-BOXERS-REAR.jpg\"  title=\"KATIA RED PUSH-UP and BOXERS REAR\" ><\/div><div class=\"thumbnail-overlay\"><div class=\"rbsTitle \">KATIA RED PUSH-UP and BOXERS REAR<\/div><div class=\"rbsIcons\"><i class=\"fa fa-search-plus rbsZoomIcon \" ><\/i><\/div><\/div><\/div><\/div><div class=\"rbs-img  category3085 \" ><div class=\"rbs-img-image   rbs-lightbox \" ><div class=\"rbs-img-thumbs\"  data-thumbnail=\"https:\/\/www.paripari-lingerie.com\/wp-content\/uploads\/2022\/10\/KATIA-RED-PUSH-UP-and-FULL-FRONT-683x1024.jpg\"  title=\"KATIA RED PUSH-UP and FULL FRONT\"  data-width=\"683\"  data-height=\"1024\" ><\/div><div class=\"rbs-img-data-popup\"  data-popup=\"https:\/\/www.paripari-lingerie.com\/wp-content\/uploads\/2022\/10\/KATIA-RED-PUSH-UP-and-FULL-FRONT.jpg\"  title=\"KATIA RED PUSH-UP and FULL FRONT\" ><\/div><div class=\"thumbnail-overlay\"><div class=\"rbsTitle \">KATIA RED PUSH-UP and FULL FRONT<\/div><div class=\"rbsIcons\"><i class=\"fa fa-search-plus rbsZoomIcon \" ><\/i><\/div><\/div><\/div><\/div><div class=\"rbs-img  category3085 \" ><div class=\"rbs-img-image   rbs-lightbox \" ><div class=\"rbs-img-thumbs\"  data-thumbnail=\"https:\/\/www.paripari-lingerie.com\/wp-content\/uploads\/2022\/10\/KATIA-RED-PUSH-UP-and-FULL-REAR-696x1024.jpg\"  title=\"KATIA RED PUSH-UP and FULL REAR\"  data-width=\"696\"  data-height=\"1024\" ><\/div><div class=\"rbs-img-data-popup\"  data-popup=\"https:\/\/www.paripari-lingerie.com\/wp-content\/uploads\/2022\/10\/KATIA-RED-PUSH-UP-and-FULL-REAR.jpg\"  title=\"KATIA RED PUSH-UP and FULL REAR\" ><\/div><div class=\"thumbnail-overlay\"><div class=\"rbsTitle \">KATIA RED PUSH-UP and FULL REAR<\/div><div class=\"rbsIcons\"><i class=\"fa fa-search-plus rbsZoomIcon \" ><\/i><\/div><\/div><\/div><\/div><div class=\"rbs-img  category3085 \" ><div class=\"rbs-img-image   rbs-lightbox \" ><div class=\"rbs-img-thumbs\"  data-thumbnail=\"https:\/\/www.paripari-lingerie.com\/wp-content\/uploads\/2022\/10\/KATIA-RED-PUSH-UP-and-STRING-FRONT-683x1024.jpg\"  title=\"KATIA RED PUSH-UP and STRING FRONT\"  data-width=\"683\"  data-height=\"1024\" ><\/div><div class=\"rbs-img-data-popup\"  data-popup=\"https:\/\/www.paripari-lingerie.com\/wp-content\/uploads\/2022\/10\/KATIA-RED-PUSH-UP-and-STRING-FRONT.jpg\"  title=\"KATIA RED PUSH-UP and STRING FRONT\" ><\/div><div class=\"thumbnail-overlay\"><div class=\"rbsTitle \">KATIA RED PUSH-UP and STRING FRONT<\/div><div class=\"rbsIcons\"><i class=\"fa fa-search-plus rbsZoomIcon \" ><\/i><\/div><\/div><\/div><\/div><div class=\"rbs-img  category3085 \" ><div class=\"rbs-img-image   rbs-lightbox \" ><div class=\"rbs-img-thumbs\"  data-thumbnail=\"https:\/\/www.paripari-lingerie.com\/wp-content\/uploads\/2022\/10\/KATIA-RED-PUSH-UP-and-STRING-REAR-683x1024.jpg\"  title=\"KATIA RED PUSH-UP and STRING REAR\"  data-width=\"683\"  data-height=\"1024\" ><\/div><div class=\"rbs-img-data-popup\"  data-popup=\"https:\/\/www.paripari-lingerie.com\/wp-content\/uploads\/2022\/10\/KATIA-RED-PUSH-UP-and-STRING-REAR.jpg\"  title=\"KATIA RED PUSH-UP and STRING REAR\" ><\/div><div class=\"thumbnail-overlay\"><div class=\"rbsTitle \">KATIA RED PUSH-UP and STRING REAR<\/div><div class=\"rbsIcons\"><i class=\"fa fa-search-plus rbsZoomIcon \" ><\/i><\/div><\/div><\/div><\/div><\/div><\/div><\/div><script>var rbs_gallery_69e3974a22efd = {\"version\":\"5.1.4\",\"id\":3085,\"class\":\"id3085\",\"roboGalleryDelay\":1000,\"mainContainer\":\"#robo_gallery_main_block_rbs_gallery_69e3974a22efd\",\"loadingContainer\":\"#rbs_gallery_69e3974a22efd-block-loader\",\"loadingContainerObj\":\"rbs_gallery_69e3974a22efd-block-loader\",\"columnWidth\":\"auto\",\"columns\":3,\"resolutions\":[{\"columnWidth\":\"auto\",\"columns\":3,\"maxWidth\":960},{\"columnWidth\":\"auto\",\"columns\":2,\"maxWidth\":650},{\"columnWidth\":\"auto\",\"columns\":1,\"maxWidth\":450}],\"lightboxOptions\":{\"gallery\":{\"enabled\":true,\"tCounter\":\"%curr% of %total%\"}},\"overlayEffect\":\"direction-aware-fade\",\"boxesToLoadStart\":12,\"boxesToLoad\":8,\"waitUntilThumbLoads\":1,\"LoadingWord\":\"Loading...\",\"loadMoreWord\":\"Load More\",\"noMoreEntriesWord\":\"No More Entries\",\"horizontalSpaceBetweenBoxes\":15,\"verticalSpaceBetweenBoxes\":15,\"lazyLoad\":1,\"wrapContainer\":\"#robo-gallery-wrap-rbs_gallery_69e3974a22efd\",\"filterContainer\":\"#rbs_gallery_69e3974a22efdfilter\",\"loadMoreClass\":\"button-border-caution \"};<\/script><\/p>\n<p><p><b>Sujetador Push-Up Katia<\/b> es un sujetador sensual y elegante que moldea perfectamente el busto. Las copas acolchadas, cubiertas con un delicado encaje floral, resaltan de manera seductora los pechos, d\u00e1ndoles una forma redondeada gracias a los cortes diagonales y las varillas. Hermosos bordados adornan todas las copas, y el relleno removible permite ajustar el realce del busto. El sujetador cuenta con tirantes ajustables y desmontables, as\u00ed como un cierre trasero con dos o tres ganchos, dependiendo del tama\u00f1o, con un ajuste de tres niveles. La parte trasera lisa y uniforme garantiza comodidad, mientras que la banda de encaje agrega un toque de sofisticaci\u00f3n. Una elecci\u00f3n ideal para el uso diario y ocasiones especiales, incluso con escotes profundos.<\/p>\n<p>Los siguientes art\u00edculos de la colecci\u00f3n Katia combinan perfectamente:<\/p>\n<ul>\n<li><b>Braga Full Katia<\/b>: Una hermosa combinaci\u00f3n de microfibra delicada y c\u00f3moda con encaje que resalta sutilmente la feminidad. El corte c\u00f3modo moldea suavemente el abdomen y los gl\u00fateos, asegurando libertad de movimiento. Los lazos decorativos a\u00f1aden un toque encantador.<\/li>\n<li><b>String Katia<\/b>: Una hermosa combinaci\u00f3n de microfibra y encaje que resalta perfectamente las curvas de la figura femenina. Sensual y elegante, ideal para el uso diario o momentos especiales.<\/li>\n<li><b>Boxer Katia<\/b>: Un dise\u00f1o cl\u00e1sico combinado con un encaje rico crea un d\u00fao irresistible. Estos boxers abrazan delicadamente el cuerpo, ofreciendo un aspecto elegante y comodidad.<\/li>\n<li><b>Camiseta Katia<\/b>: Esta camiseta sutil combina un tejido liso y uniforme con elegante encaje. Las copas adornadas con encaje floral crean un escote sensual que atrae miradas. Perfecta para noches especiales, resalta la belleza de la silueta, ofreciendo comodidad y elegancia.<\/li>\n<\/ul>\n<p>El conjunto completo forma una colecci\u00f3n de lencer\u00eda armoniosa y sofisticada que combina comodidad y sensualidad, destacando la belleza de la figura femenina.<\/p>\n<p><\/p><br \/>\n<p><\/p>\n<table class=\"sizeTable\">\n<tbody>\n<tr>\n<td><b>SUJETADOR PUSH-UP<\/b><br \/>\n65 CDEFGH<br \/>\n70 BCDEFG<br \/>\n75 ABCDEFGH<br \/>\n80 ABCDEFG<br \/>\n85 ABCDEF<br \/>\n90 BCDE<br \/>\n95 BCD<br \/>\n100 BC<br \/>\n105 B<\/td>\n<\/tr>\n<\/tbody>\n<\/table>\n<p><\/p><\/p>\n<p><\/p>\n<table class=\"sizeTable\">\n<tbody>\n<tr>\n<td><b>BRAGAS CL\u00c1SICAS<\/b><br \/>\nS, M, L, XL, XXL<\/td>\n<td><b>STRING<\/b><br \/>\nS, M, L, XL, XXL<\/td>\n<td><b>BOXERS<\/b><br \/>\nS, M, L, XL, XXL<\/td>\n<\/tr>\n<\/tbody>\n<\/table>\n<p><\/p>\n<p><\/p>\n<table class=\"sizeTable\">\n<tbody>\n<tr>\n<td><b>CAMIS\u00d3N<\/b><br \/>\nS, M, L, XL, XXL<\/td>\n<\/tr>\n<\/tbody>\n<\/table>\n<p><\/p>\n<p><p><\/p>\n<div style=\"display: flex; align-items: center; gap: 15px; margin-top: 20px; width: 100%;\">\n    <img decoding=\"async\" src=\"https:\/\/www.paripari-lingerie.com\/wp-content\/uploads\/2024\/10\/handshake_icon.png\" alt=\"Icono de colaboraci\u00f3n\" style=\"width: 50px; height: auto;\"\/><\/p>\n<div>\n        <b>\u00bfEst\u00e1s interesado en colaborar con nosotros y convertirte en distribuidor de lencer\u00eda PariPari?<br \/>\n        <a href=\"https:\/\/www.paripari-lingerie.com\/cooperation-resell-paripari-lingerie-and-build-your-success-with-our-brand\/\">Encuentra m\u00e1s informaci\u00f3n aqu\u00ed<\/a>, cont\u00e1ctanos \u2013 \u00a1esperamos saber de ti!<\/b>\n    <\/div>\n<\/div>\n<p><\/p><br \/>\n<\/p>","protected":false},"excerpt":{"rendered":"","protected":false},"author":1,"featured_media":0,"parent":1564,"menu_order":21,"comment_status":"closed","ping_status":"closed","template":"","meta":{"footnotes":""},"class_list":["post-3094","page","type-page","status-publish","czr-hentry"],"_links":{"self":[{"href":"https:\/\/www.paripari-lingerie.com\/es\/wp-json\/wp\/v2\/pages\/3094","targetHints":{"allow":["GET"]}}],"collection":[{"href":"https:\/\/www.paripari-lingerie.com\/es\/wp-json\/wp\/v2\/pages"}],"about":[{"href":"https:\/\/www.paripari-lingerie.com\/es\/wp-json\/wp\/v2\/types\/page"}],"author":[{"embeddable":true,"href":"https:\/\/www.paripari-lingerie.com\/es\/wp-json\/wp\/v2\/users\/1"}],"replies":[{"embeddable":true,"href":"https:\/\/www.paripari-lingerie.com\/es\/wp-json\/wp\/v2\/comments?post=3094"}],"version-history":[{"count":4,"href":"https:\/\/www.paripari-lingerie.com\/es\/wp-json\/wp\/v2\/pages\/3094\/revisions"}],"predecessor-version":[{"id":3791,"href":"https:\/\/www.paripari-lingerie.com\/es\/wp-json\/wp\/v2\/pages\/3094\/revisions\/3791"}],"up":[{"embeddable":true,"href":"https:\/\/www.paripari-lingerie.com\/es\/wp-json\/wp\/v2\/pages\/1564"}],"wp:attachment":[{"href":"https:\/\/www.paripari-lingerie.com\/es\/wp-json\/wp\/v2\/media?parent=3094"}],"curies":[{"name":"wp","href":"https:\/\/api.w.org\/{rel}","templated":true}]}}