{"id":3312,"date":"2024-04-24T11:58:23","date_gmt":"2024-04-24T10:58:23","guid":{"rendered":"https:\/\/www.paripari-lingerie.com\/?page_id=3312"},"modified":"2024-12-20T12:02:07","modified_gmt":"2024-12-20T11:02:07","slug":"ellie-red","status":"publish","type":"page","link":"https:\/\/www.paripari-lingerie.com\/es\/collection\/ellie-red\/","title":{"rendered":"ELLIE ROJA"},"content":{"rendered":"<p><br \/>\n<\/p>\n<p style=\"text-align: center;\"><style type=\"text\/css\" scoped>.rbs_gallery_69e3553fe5652Spinner{\r\n\t\t\t\tmargin: 50px auto;\r\n\t\t\t\twidth: 50px;\r\n\t\t\t\theight: 40px;\r\n\t\t\t\ttext-align: center;\r\n\t\t\t\tfont-size: 10px;\r\n\t\t\t}\r\n\t\t\t.rbs_gallery_69e3553fe5652Spinner > div{\r\n\t\t\t  background-color: #333;\r\n\t\t\t  height: 100%;\r\n\t\t\t  width: 6px;\r\n\t\t\t  display: inline-block;\r\n\t\t\t  -webkit-animation: rbs_gallery_69e3553fe5652-stretchdelay 1.2s infinite ease-in-out;\r\n\t\t\t  animation: rbs_gallery_69e3553fe5652-stretchdelay 1.2s infinite ease-in-out;\r\n\t\t\t}\r\n\t\t\t.rbs_gallery_69e3553fe5652Spinner .rbs_gallery_69e3553fe5652Rect2 {\r\n\t\t\t  -webkit-animation-delay: -1.1s;\r\n\t\t\t  animation-delay: -1.1s;\r\n\t\t\t}\r\n\t\t\t.rbs_gallery_69e3553fe5652Spinner .rbs_gallery_69e3553fe5652Rect3 {\r\n\t\t\t  -webkit-animation-delay: -1.0s;\r\n\t\t\t  animation-delay: -1.0s;\r\n\t\t\t}\r\n\t\t\t.rbs_gallery_69e3553fe5652Spinner .rbs_gallery_69e3553fe5652Rect4 {\r\n\t\t\t  -webkit-animation-delay: -0.9s;\r\n\t\t\t  animation-delay: -0.9s;\r\n\t\t\t}\r\n\t\t\t.rbs_gallery_69e3553fe5652Spinner .rbs_gallery_69e3553fe5652Rect5 {\r\n\t\t\t  -webkit-animation-delay: -0.8s;\r\n\t\t\t  animation-delay: -0.8s;\r\n\t\t\t}\r\n\t\t\t@-webkit-keyframes rbs_gallery_69e3553fe5652-stretchdelay {\r\n\t\t\t  0%, 40%, 100% { -webkit-transform: scaleY(0.4) }  \r\n\t\t\t  20% { -webkit-transform: scaleY(1.0) }\r\n\t\t\t}\r\n\t\t\t@keyframes rbs_gallery_69e3553fe5652-stretchdelay {\r\n\t\t\t  0%, 40%, 100% { \r\n\t\t\t    transform: scaleY(0.4);\r\n\t\t\t    -webkit-transform: scaleY(0.4);\r\n\t\t\t  }  20% { \r\n\t\t\t    transform: scaleY(1.0);\r\n\t\t\t    -webkit-transform: scaleY(1.0);\r\n\t\t\t  }\r\n\t\t\t}\r\n\t\t<\/style><div class=\"robo-gallery-wrap robo-gallery-wrap-id3308 robo-gallery-\" ><div id=\"rbs_gallery_69e3553fe5652-block-loader\" class=\"rbs_gallery_69e3553fe5652Spinner\"><div class=\"rbs_gallery_69e3553fe5652Rect1\"><\/div> <div class=\"rbs_gallery_69e3553fe5652Rect2\"><\/div> <div class=\"rbs_gallery_69e3553fe5652Rect3\"><\/div> <div class=\"rbs_gallery_69e3553fe5652Rect4\"><\/div> <div class=\"rbs_gallery_69e3553fe5652Rect5\"><\/div><\/div><div class=\"rbs_gallery_button  rbs_gallery_align_left\" id=\"rbs_gallery_69e3553fe5652filter\" style=\" display: none;\" ><a class=\"button button-border-caution  \" href=\"#\" data-filter=\"*\">All<\/a><\/div><div id=\"robo_gallery_main_block_rbs_gallery_69e3553fe5652\" class=\"robogallery-gallery-3308\" style=\"width:100%;  display: none;\"><div id=\"rbs_gallery_69e3553fe5652\" data-options=\"rbs_gallery_69e3553fe5652\" style=\"width:100%;\" class=\"robo_gallery  \"><div class=\"rbs-img  category3308 \" ><div class=\"rbs-img-image   rbs-lightbox \" ><div class=\"rbs-img-thumbs\"  data-thumbnail=\"https:\/\/www.paripari-lingerie.com\/wp-content\/uploads\/2024\/04\/ELLIE-RED-PUSH-UP-and-STRING-FRONT-683x1024.jpg\"  title=\"ELLIE RED PUSH-UP and STRING FRONT\"  data-width=\"683\"  data-height=\"1024\" ><\/div><div class=\"rbs-img-data-popup\"  data-popup=\"https:\/\/www.paripari-lingerie.com\/wp-content\/uploads\/2024\/04\/ELLIE-RED-PUSH-UP-and-STRING-FRONT-scaled.jpg\"  title=\"ELLIE RED PUSH-UP and STRING FRONT\" ><\/div><div class=\"thumbnail-overlay\"><div class=\"rbsTitle \">ELLIE RED PUSH-UP and STRING FRONT<\/div><div class=\"rbsIcons\"><i class=\"fa fa-search-plus rbsZoomIcon \" ><\/i><\/div><\/div><\/div><\/div><div class=\"rbs-img  category3308 \" ><div class=\"rbs-img-image   rbs-lightbox \" ><div class=\"rbs-img-thumbs\"  data-thumbnail=\"https:\/\/www.paripari-lingerie.com\/wp-content\/uploads\/2024\/04\/ELLIE-RED-PUSH-UP-and-FULL-FRONT-683x1024.jpg\"  title=\"ELLIE RED PUSH-UP and FULL FRONT\"  data-width=\"683\"  data-height=\"1024\" ><\/div><div class=\"rbs-img-data-popup\"  data-popup=\"https:\/\/www.paripari-lingerie.com\/wp-content\/uploads\/2024\/04\/ELLIE-RED-PUSH-UP-and-FULL-FRONT-scaled.jpg\"  title=\"ELLIE RED PUSH-UP and FULL FRONT\" ><\/div><div class=\"thumbnail-overlay\"><div class=\"rbsTitle \">ELLIE RED PUSH-UP and FULL FRONT<\/div><div class=\"rbsIcons\"><i class=\"fa fa-search-plus rbsZoomIcon \" ><\/i><\/div><\/div><\/div><\/div><div class=\"rbs-img  category3308 \" ><div class=\"rbs-img-image   rbs-lightbox \" ><div class=\"rbs-img-thumbs\"  data-thumbnail=\"https:\/\/www.paripari-lingerie.com\/wp-content\/uploads\/2024\/04\/ELLIE-RED-PUSH-UP-and-STRING-REAR-696x1024.jpg\"  title=\"ELLIE RED PUSH-UP and STRING REAR\"  data-width=\"696\"  data-height=\"1024\" ><\/div><div class=\"rbs-img-data-popup\"  data-popup=\"https:\/\/www.paripari-lingerie.com\/wp-content\/uploads\/2024\/04\/ELLIE-RED-PUSH-UP-and-STRING-REAR-scaled.jpg\"  title=\"ELLIE RED PUSH-UP and STRING REAR\" ><\/div><div class=\"thumbnail-overlay\"><div class=\"rbsTitle \">ELLIE RED PUSH-UP and STRING REAR<\/div><div class=\"rbsIcons\"><i class=\"fa fa-search-plus rbsZoomIcon \" ><\/i><\/div><\/div><\/div><\/div><div class=\"rbs-img  category3308 \" ><div class=\"rbs-img-image   rbs-lightbox \" ><div class=\"rbs-img-thumbs\"  data-thumbnail=\"https:\/\/www.paripari-lingerie.com\/wp-content\/uploads\/2024\/04\/ELLIE-RED-PUSH-UP-and-FULL-REAR-696x1024.jpg\"  title=\"ELLIE RED PUSH-UP and FULL REAR\"  data-width=\"696\"  data-height=\"1024\" ><\/div><div class=\"rbs-img-data-popup\"  data-popup=\"https:\/\/www.paripari-lingerie.com\/wp-content\/uploads\/2024\/04\/ELLIE-RED-PUSH-UP-and-FULL-REAR-scaled.jpg\"  title=\"ELLIE RED PUSH-UP and FULL REAR\" ><\/div><div class=\"thumbnail-overlay\"><div class=\"rbsTitle \">ELLIE RED PUSH-UP and FULL REAR<\/div><div class=\"rbsIcons\"><i class=\"fa fa-search-plus rbsZoomIcon \" ><\/i><\/div><\/div><\/div><\/div><\/div><\/div><\/div><script>var rbs_gallery_69e3553fe5652 = {\"version\":\"5.1.4\",\"id\":3308,\"class\":\"id3308\",\"roboGalleryDelay\":1000,\"mainContainer\":\"#robo_gallery_main_block_rbs_gallery_69e3553fe5652\",\"loadingContainer\":\"#rbs_gallery_69e3553fe5652-block-loader\",\"loadingContainerObj\":\"rbs_gallery_69e3553fe5652-block-loader\",\"columnWidth\":\"auto\",\"columns\":3,\"resolutions\":[{\"columnWidth\":\"auto\",\"columns\":3,\"maxWidth\":960},{\"columnWidth\":\"auto\",\"columns\":2,\"maxWidth\":650},{\"columnWidth\":\"auto\",\"columns\":1,\"maxWidth\":450}],\"lightboxOptions\":{\"gallery\":{\"enabled\":true,\"tCounter\":\"%curr% of %total%\"}},\"overlayEffect\":\"direction-aware-fade\",\"boxesToLoadStart\":12,\"boxesToLoad\":8,\"waitUntilThumbLoads\":1,\"LoadingWord\":\"Loading...\",\"loadMoreWord\":\"Load More\",\"noMoreEntriesWord\":\"No More Entries\",\"horizontalSpaceBetweenBoxes\":15,\"verticalSpaceBetweenBoxes\":15,\"lazyLoad\":1,\"wrapContainer\":\"#robo-gallery-wrap-rbs_gallery_69e3553fe5652\",\"filterContainer\":\"#rbs_gallery_69e3553fe5652filter\",\"loadMoreClass\":\"button-border-caution \"};<\/script><\/p>\n<p><p><b>Sujetador Push-Up Ellie<\/b> es un sujetador elegante, hermoso y sensual que realza perfectamente tu escote. Las copas acolchadas, cubiertas con tul suave y el\u00e1stico, destacan el busto de manera seductora. Un delicado ribete de sat\u00e9n en los bordes de las copas aporta sutileza, mientras que un encantador lazo de sat\u00e9n entre las copas resalta la elegancia. Este sujetador no solo es est\u00e9ticamente atractivo, sino tambi\u00e9n muy discreto bajo una blusa, lo que lo hace ideal para cualquier ocasi\u00f3n.<\/p>\n<p>Incluye inserciones extra\u00edbles que permiten ajustar el efecto push-up. Las varillas laterales y cl\u00e1sicas brindan el soporte adecuado, mientras que la parte trasera lisa y s\u00f3lida garantiza comodidad. Los tirantes son ajustables y desmontables solo en la parte trasera. El cierre trasero siempre tiene tres ganchos para ajustar la circunferencia, pero dependiendo del tama\u00f1o, la anchura del cierre consta de dos o tres filas de ganchos, lo que hace que este modelo sea excepcionalmente c\u00f3modo.<\/p>\n<p>Los dem\u00e1s art\u00edculos de la colecci\u00f3n Ellie complementan perfectamente el conjunto:<\/p>\n<ul>\n<li><b>Bragas Ellie<\/b>: Bragas cl\u00e1sicas hechas de tela lisa y s\u00f3lida combinada con malla transparente. La parte delantera est\u00e1 adornada con delicados insertos de malla y un ribete brillante. La parte trasera, hecha de microfibra suave, se adapta perfectamente al cuerpo, y la entrepierna de algod\u00f3n asegura comodidad durante todo el d\u00eda.<\/li>\n<li><b>Tanga Ellie<\/b>: Tangas sensuales hechos de tela lisa combinada con malla transparente. Los lados est\u00e1n decorados con tiras dobles que aportan ligereza, y la parte delantera est\u00e1 adornada con un lazo de sat\u00e9n. La parte trasera, hecha de microfibra delicada, resalta hermosamente las nalgas. La entrepierna de algod\u00f3n asegura comodidad, y los materiales ligeros garantizan libertad de movimiento.<\/li>\n<\/ul>\n<p>Todo el conjunto forma una colecci\u00f3n elegante y coherente que combina comodidad y estilo refinado, resaltando la belleza de la silueta femenina.<\/p>\n<p><\/p><br \/>\n<p><a href=\"\/sizes-table\">Tabla de tallas de <strong>lencer\u00eda PariPari<\/strong><\/a><br \/>\n<\/p><br \/>\n<p><\/p>\n<table class=\"sizeTable\">\n<tbody>\n<tr>\n<td><b>SUJETADOR PUSH-UP<\/b><br \/>\n65 CDEFGH<br \/>\n70 BCDEFG<br \/>\n75 ABCDEFGH<br \/>\n80 ABCDEFG<br \/>\n85 ABCDEF<br \/>\n90 BCDE<br \/>\n95 BCD<br \/>\n100 BC<br \/>\n105 B<\/td>\n<\/tr>\n<\/tbody>\n<\/table>\n<p><\/p><br \/>\n<p><\/p>\n<table class=\"sizeTable\">\n<tbody>\n<tr>\n<td><b>BRAGAS CL\u00c1SICAS<\/b><br \/>\nS, M, L, XL, XXL, XXXL<\/td>\n<td><b>STRING<\/b><br \/>\nS, M, L, XL, XXL, XXXL<\/td>\n<\/tr>\n<\/tbody>\n<\/table>\n<p><\/p><\/p>\n<p><p><\/p>\n<div style=\"display: flex; align-items: center; gap: 15px; margin-top: 20px; width: 100%;\">\n    <img decoding=\"async\" src=\"https:\/\/www.paripari-lingerie.com\/wp-content\/uploads\/2024\/10\/handshake_icon.png\" alt=\"Icono de colaboraci\u00f3n\" style=\"width: 50px; height: auto;\"\/><\/p>\n<div>\n        <b>\u00bfEst\u00e1s interesado en colaborar con nosotros y convertirte en distribuidor de lencer\u00eda PariPari?<br \/>\n        <a href=\"https:\/\/www.paripari-lingerie.com\/cooperation-resell-paripari-lingerie-and-build-your-success-with-our-brand\/\">Encuentra m\u00e1s informaci\u00f3n aqu\u00ed<\/a>, cont\u00e1ctanos \u2013 \u00a1esperamos saber de ti!<\/b>\n    <\/div>\n<\/div>\n<p><\/p><br \/>\n<\/p>","protected":false},"excerpt":{"rendered":"","protected":false},"author":1,"featured_media":0,"parent":1564,"menu_order":29,"comment_status":"closed","ping_status":"closed","template":"","meta":{"footnotes":""},"class_list":["post-3312","page","type-page","status-publish","czr-hentry"],"_links":{"self":[{"href":"https:\/\/www.paripari-lingerie.com\/es\/wp-json\/wp\/v2\/pages\/3312","targetHints":{"allow":["GET"]}}],"collection":[{"href":"https:\/\/www.paripari-lingerie.com\/es\/wp-json\/wp\/v2\/pages"}],"about":[{"href":"https:\/\/www.paripari-lingerie.com\/es\/wp-json\/wp\/v2\/types\/page"}],"author":[{"embeddable":true,"href":"https:\/\/www.paripari-lingerie.com\/es\/wp-json\/wp\/v2\/users\/1"}],"replies":[{"embeddable":true,"href":"https:\/\/www.paripari-lingerie.com\/es\/wp-json\/wp\/v2\/comments?post=3312"}],"version-history":[{"count":6,"href":"https:\/\/www.paripari-lingerie.com\/es\/wp-json\/wp\/v2\/pages\/3312\/revisions"}],"predecessor-version":[{"id":3774,"href":"https:\/\/www.paripari-lingerie.com\/es\/wp-json\/wp\/v2\/pages\/3312\/revisions\/3774"}],"up":[{"embeddable":true,"href":"https:\/\/www.paripari-lingerie.com\/es\/wp-json\/wp\/v2\/pages\/1564"}],"wp:attachment":[{"href":"https:\/\/www.paripari-lingerie.com\/es\/wp-json\/wp\/v2\/media?parent=3312"}],"curies":[{"name":"wp","href":"https:\/\/api.w.org\/{rel}","templated":true}]}}