{"id":3553,"date":"2024-09-30T13:38:13","date_gmt":"2024-09-30T12:38:13","guid":{"rendered":"https:\/\/www.paripari-lingerie.com\/?page_id=3553"},"modified":"2024-12-20T12:53:47","modified_gmt":"2024-12-20T11:53:47","slug":"sophia-beige","status":"publish","type":"page","link":"https:\/\/www.paripari-lingerie.com\/es\/collection\/sophia-beige\/","title":{"rendered":"SOPHIA BEIGE"},"content":{"rendered":"<p><p><\/p>\n<div class=\"product-description\">\n<p><strong>SOPHIA \u2013 Elegancia y Sofisticaci\u00f3n<\/strong><\/p>\n<p>\n        La colecci\u00f3n SOPHIA representa el equilibrio perfecto entre estilo y sensualidad, dise\u00f1ada para mujeres que valoran la belleza y la comodidad.<br \/>\n        El sujetador balconette push-up est\u00e1 confeccionado en un delicado tejido decorado con sutiles lunares brillantes.<br \/>\n        Los paneles laterales lisos y el elegante encaje en las copas y los tirantes aportan un toque de refinamiento.<br \/>\n        Este sujetador realza bellamente el busto, proporcionando un excelente soporte y una forma favorecedora.\n    <\/p>\n<p>\n        La colecci\u00f3n tambi\u00e9n presenta un sujetador suave, sin relleno, que combina la suave microfibra con el delicado encaje.<br \/>\n        Las copas de este modelo ofrecen una forma natural y un soporte suave, convirti\u00e9ndolo en la elecci\u00f3n ideal para el uso diario.<br \/>\n        Esta opci\u00f3n tambi\u00e9n es perfecta para mujeres con un busto m\u00e1s peque\u00f1o, garantizando comodidad y una elegancia sutil.\n    <\/p>\n<p>\n        Para completar el conjunto, la colecci\u00f3n SOPHIA ofrece dos tipos de braguitas:<\/p>\n<ul>\n<li>Braguitas cl\u00e1sicas \u2013 atemporales, c\u00f3modas y perfectas para el d\u00eda a d\u00eda.<\/li>\n<li>Braguitas brasile\u00f1as de cintura alta \u2013 elegantes y sensuales, destacando bellamente las curvas femeninas.<\/li>\n<\/ul>\n<p>\n        La colecci\u00f3n SOPHIA est\u00e1 dedicada a las mujeres que buscan la combinaci\u00f3n ideal de elegancia, funcionalidad y estilo refinado.<br \/>\n        Cada pieza se dise\u00f1a con cuidado para asegurar tanto la comodidad como la belleza, convirtiendo a SOPHIA en la elecci\u00f3n perfecta para cualquier ocasi\u00f3n.\n    <\/p>\n<p>Descubre el encanto de la colecci\u00f3n SOPHIA y si\u00e9ntete extraordinaria cada d\u00eda.<\/p>\n<\/div>\n<p><\/p><p><a href=\"https:\/\/www.google.com\/search?q=PariPari+Sophia&#038;hl=es\" target=\"_blank\">Busca y compra PariPari Sophia<\/a><\/p><\/p>\n<p style=\"text-align: center;\"><style type=\"text\/css\" scoped>.rbs_gallery_69e38c6d88d87Spinner{\r\n\t\t\t\tmargin: 50px auto;\r\n\t\t\t\twidth: 50px;\r\n\t\t\t\theight: 40px;\r\n\t\t\t\ttext-align: center;\r\n\t\t\t\tfont-size: 10px;\r\n\t\t\t}\r\n\t\t\t.rbs_gallery_69e38c6d88d87Spinner > div{\r\n\t\t\t  background-color: #333;\r\n\t\t\t  height: 100%;\r\n\t\t\t  width: 6px;\r\n\t\t\t  display: inline-block;\r\n\t\t\t  -webkit-animation: rbs_gallery_69e38c6d88d87-stretchdelay 1.2s infinite ease-in-out;\r\n\t\t\t  animation: rbs_gallery_69e38c6d88d87-stretchdelay 1.2s infinite ease-in-out;\r\n\t\t\t}\r\n\t\t\t.rbs_gallery_69e38c6d88d87Spinner .rbs_gallery_69e38c6d88d87Rect2 {\r\n\t\t\t  -webkit-animation-delay: -1.1s;\r\n\t\t\t  animation-delay: -1.1s;\r\n\t\t\t}\r\n\t\t\t.rbs_gallery_69e38c6d88d87Spinner .rbs_gallery_69e38c6d88d87Rect3 {\r\n\t\t\t  -webkit-animation-delay: -1.0s;\r\n\t\t\t  animation-delay: -1.0s;\r\n\t\t\t}\r\n\t\t\t.rbs_gallery_69e38c6d88d87Spinner .rbs_gallery_69e38c6d88d87Rect4 {\r\n\t\t\t  -webkit-animation-delay: -0.9s;\r\n\t\t\t  animation-delay: -0.9s;\r\n\t\t\t}\r\n\t\t\t.rbs_gallery_69e38c6d88d87Spinner .rbs_gallery_69e38c6d88d87Rect5 {\r\n\t\t\t  -webkit-animation-delay: -0.8s;\r\n\t\t\t  animation-delay: -0.8s;\r\n\t\t\t}\r\n\t\t\t@-webkit-keyframes rbs_gallery_69e38c6d88d87-stretchdelay {\r\n\t\t\t  0%, 40%, 100% { -webkit-transform: scaleY(0.4) }  \r\n\t\t\t  20% { -webkit-transform: scaleY(1.0) }\r\n\t\t\t}\r\n\t\t\t@keyframes rbs_gallery_69e38c6d88d87-stretchdelay {\r\n\t\t\t  0%, 40%, 100% { \r\n\t\t\t    transform: scaleY(0.4);\r\n\t\t\t    -webkit-transform: scaleY(0.4);\r\n\t\t\t  }  20% { \r\n\t\t\t    transform: scaleY(1.0);\r\n\t\t\t    -webkit-transform: scaleY(1.0);\r\n\t\t\t  }\r\n\t\t\t}\r\n\t\t<\/style><div class=\"robo-gallery-wrap robo-gallery-wrap-id3506 robo-gallery-\" ><div id=\"rbs_gallery_69e38c6d88d87-block-loader\" class=\"rbs_gallery_69e38c6d88d87Spinner\"><div class=\"rbs_gallery_69e38c6d88d87Rect1\"><\/div> <div class=\"rbs_gallery_69e38c6d88d87Rect2\"><\/div> <div class=\"rbs_gallery_69e38c6d88d87Rect3\"><\/div> <div class=\"rbs_gallery_69e38c6d88d87Rect4\"><\/div> <div class=\"rbs_gallery_69e38c6d88d87Rect5\"><\/div><\/div><div class=\"rbs_gallery_button  rbs_gallery_align_left\" id=\"rbs_gallery_69e38c6d88d87filter\" style=\" display: none;\" ><a class=\"button button-border-caution  \" href=\"#\" data-filter=\"*\">All<\/a><\/div><div id=\"robo_gallery_main_block_rbs_gallery_69e38c6d88d87\" class=\"robogallery-gallery-3506\" style=\"width:100%;  display: none;\"><div id=\"rbs_gallery_69e38c6d88d87\" data-options=\"rbs_gallery_69e38c6d88d87\" style=\"width:100%;\" class=\"robo_gallery  \"><div class=\"rbs-img  category3506 \" ><div class=\"rbs-img-image   rbs-lightbox \" ><div class=\"rbs-img-thumbs\"  data-thumbnail=\"https:\/\/www.paripari-lingerie.com\/wp-content\/uploads\/2024\/09\/SOPHIA-BEIGE-PUSH-UP-and-FULL-FRONT-683x1024.jpg\"  title=\"SOPHIA BEIGE PUSH-UP and FULL FRONT\"  data-width=\"683\"  data-height=\"1024\" ><\/div><div class=\"rbs-img-data-popup\"  data-popup=\"https:\/\/www.paripari-lingerie.com\/wp-content\/uploads\/2024\/09\/SOPHIA-BEIGE-PUSH-UP-and-FULL-FRONT-scaled.jpg\"  title=\"SOPHIA BEIGE PUSH-UP and FULL FRONT\" ><\/div><div class=\"thumbnail-overlay\"><div class=\"rbsTitle \">SOPHIA BEIGE PUSH-UP and FULL FRONT<\/div><div class=\"rbsIcons\"><i class=\"fa fa-search-plus rbsZoomIcon \" ><\/i><\/div><\/div><\/div><\/div><div class=\"rbs-img  category3506 \" ><div class=\"rbs-img-image   rbs-lightbox \" ><div class=\"rbs-img-thumbs\"  data-thumbnail=\"https:\/\/www.paripari-lingerie.com\/wp-content\/uploads\/2024\/09\/SOPHIA-BEIGE-PUSH-UP-and-FULL-REAR-683x1024.jpg\"  title=\"SOPHIA BEIGE PUSH-UP and FULL REAR\"  data-width=\"683\"  data-height=\"1024\" ><\/div><div class=\"rbs-img-data-popup\"  data-popup=\"https:\/\/www.paripari-lingerie.com\/wp-content\/uploads\/2024\/09\/SOPHIA-BEIGE-PUSH-UP-and-FULL-REAR-scaled.jpg\"  title=\"SOPHIA BEIGE PUSH-UP and FULL REAR\" ><\/div><div class=\"thumbnail-overlay\"><div class=\"rbsTitle \">SOPHIA BEIGE PUSH-UP and FULL REAR<\/div><div class=\"rbsIcons\"><i class=\"fa fa-search-plus rbsZoomIcon \" ><\/i><\/div><\/div><\/div><\/div><div class=\"rbs-img  category3506 \" ><div class=\"rbs-img-image   rbs-lightbox \" ><div class=\"rbs-img-thumbs\"  data-thumbnail=\"https:\/\/www.paripari-lingerie.com\/wp-content\/uploads\/2024\/09\/SOPHIA-BEIGE-PUSH-UP-and-BRAZILIAN-HIGH-WAIST-FRONT-683x1024.jpg\"  title=\"SOPHIA BEIGE PUSH-UP and BRAZILIAN HIGH WAIST FRONT\"  data-width=\"683\"  data-height=\"1024\" ><\/div><div class=\"rbs-img-data-popup\"  data-popup=\"https:\/\/www.paripari-lingerie.com\/wp-content\/uploads\/2024\/09\/SOPHIA-BEIGE-PUSH-UP-and-BRAZILIAN-HIGH-WAIST-FRONT-scaled.jpg\"  title=\"SOPHIA BEIGE PUSH-UP and BRAZILIAN HIGH WAIST FRONT\" ><\/div><div class=\"thumbnail-overlay\"><div class=\"rbsTitle \">SOPHIA BEIGE PUSH-UP and BRAZILIAN HIGH WAIST FRONT<\/div><div class=\"rbsIcons\"><i class=\"fa fa-search-plus rbsZoomIcon \" ><\/i><\/div><\/div><\/div><\/div><div class=\"rbs-img  category3506 \" ><div class=\"rbs-img-image   rbs-lightbox \" ><div class=\"rbs-img-thumbs\"  data-thumbnail=\"https:\/\/www.paripari-lingerie.com\/wp-content\/uploads\/2024\/09\/SOPHIA-BEIGE-PUSH-UP-and-BRAZILIAN-HIGH-WAIST-REAR-683x1024.jpg\"  title=\"SOPHIA BEIGE PUSH-UP and BRAZILIAN HIGH WAIST REAR\"  data-width=\"683\"  data-height=\"1024\" ><\/div><div class=\"rbs-img-data-popup\"  data-popup=\"https:\/\/www.paripari-lingerie.com\/wp-content\/uploads\/2024\/09\/SOPHIA-BEIGE-PUSH-UP-and-BRAZILIAN-HIGH-WAIST-REAR-scaled.jpg\"  title=\"SOPHIA BEIGE PUSH-UP and BRAZILIAN HIGH WAIST REAR\" ><\/div><div class=\"thumbnail-overlay\"><div class=\"rbsTitle \">SOPHIA BEIGE PUSH-UP and BRAZILIAN HIGH WAIST REAR<\/div><div class=\"rbsIcons\"><i class=\"fa fa-search-plus rbsZoomIcon \" ><\/i><\/div><\/div><\/div><\/div><div class=\"rbs-img  category3506 \" ><div class=\"rbs-img-image   rbs-lightbox \" ><div class=\"rbs-img-thumbs\"  data-thumbnail=\"https:\/\/www.paripari-lingerie.com\/wp-content\/uploads\/2024\/09\/SOPHIA-BEIGE-SOFT-and-BRAZILIAN-FRONT-683x1024.jpg\"  title=\"SOPHIA BEIGE SOFT and BRAZILIAN FRONT\"  data-width=\"683\"  data-height=\"1024\" ><\/div><div class=\"rbs-img-data-popup\"  data-popup=\"https:\/\/www.paripari-lingerie.com\/wp-content\/uploads\/2024\/09\/SOPHIA-BEIGE-SOFT-and-BRAZILIAN-FRONT-scaled.jpg\"  title=\"SOPHIA BEIGE SOFT and BRAZILIAN FRONT\" ><\/div><div class=\"thumbnail-overlay\"><div class=\"rbsTitle \">SOPHIA BEIGE SOFT and BRAZILIAN FRONT<\/div><div class=\"rbsIcons\"><i class=\"fa fa-search-plus rbsZoomIcon \" ><\/i><\/div><\/div><\/div><\/div><div class=\"rbs-img  category3506 \" ><div class=\"rbs-img-image   rbs-lightbox \" ><div class=\"rbs-img-thumbs\"  data-thumbnail=\"https:\/\/www.paripari-lingerie.com\/wp-content\/uploads\/2024\/09\/SOPHIA-BEIGE-SOFT-and-BRAZILIAN-REAR-683x1024.jpg\"  title=\"SOPHIA BEIGE SOFT and BRAZILIAN REAR\"  data-width=\"683\"  data-height=\"1024\" ><\/div><div class=\"rbs-img-data-popup\"  data-popup=\"https:\/\/www.paripari-lingerie.com\/wp-content\/uploads\/2024\/09\/SOPHIA-BEIGE-SOFT-and-BRAZILIAN-REAR-scaled.jpg\"  title=\"SOPHIA BEIGE SOFT and BRAZILIAN REAR\" ><\/div><div class=\"thumbnail-overlay\"><div class=\"rbsTitle \">SOPHIA BEIGE SOFT and BRAZILIAN REAR<\/div><div class=\"rbsIcons\"><i class=\"fa fa-search-plus rbsZoomIcon \" ><\/i><\/div><\/div><\/div><\/div><\/div><\/div><\/div><script>var rbs_gallery_69e38c6d88d87 = {\"version\":\"5.1.4\",\"id\":3506,\"class\":\"id3506\",\"roboGalleryDelay\":1000,\"mainContainer\":\"#robo_gallery_main_block_rbs_gallery_69e38c6d88d87\",\"loadingContainer\":\"#rbs_gallery_69e38c6d88d87-block-loader\",\"loadingContainerObj\":\"rbs_gallery_69e38c6d88d87-block-loader\",\"columnWidth\":\"auto\",\"columns\":3,\"resolutions\":[{\"columnWidth\":\"auto\",\"columns\":3,\"maxWidth\":960},{\"columnWidth\":\"auto\",\"columns\":2,\"maxWidth\":650},{\"columnWidth\":\"auto\",\"columns\":1,\"maxWidth\":450}],\"lightboxOptions\":{\"gallery\":{\"enabled\":true,\"tCounter\":\"%curr% of %total%\"}},\"overlayEffect\":\"direction-aware-fade\",\"boxesToLoadStart\":12,\"boxesToLoad\":8,\"waitUntilThumbLoads\":1,\"LoadingWord\":\"Loading...\",\"loadMoreWord\":\"Load More\",\"noMoreEntriesWord\":\"No More Entries\",\"horizontalSpaceBetweenBoxes\":15,\"verticalSpaceBetweenBoxes\":15,\"lazyLoad\":1,\"wrapContainer\":\"#robo-gallery-wrap-rbs_gallery_69e38c6d88d87\",\"filterContainer\":\"#rbs_gallery_69e38c6d88d87filter\",\"loadMoreClass\":\"button-border-caution \"};<\/script><\/p>\n<p><p><a href=\"\/sizes-table\">Tabla de tallas de <strong>lencer\u00eda PariPari<\/strong><\/a><br \/>\n<\/p><br \/>\n<p><\/p>\n<table class=\"sizeTable\">\n<tbody>\n<tr>\n<td><b>SUJETADOR PUSH-UP<\/b><\/td>\n<\/tr>\n<tr>\n<td>65&nbsp;&nbsp;CDEFGH<\/td>\n<\/tr>\n<tr>\n<td>70&nbsp;&nbsp;BCDEFG<\/td>\n<\/tr>\n<tr>\n<td>75&nbsp;&nbsp;ABCDEFGH<\/td>\n<\/tr>\n<tr>\n<td>80&nbsp;&nbsp;ABCDEFG<\/td>\n<\/tr>\n<tr>\n<td>85&nbsp;&nbsp;ABCDE<\/td>\n<\/tr>\n<tr>\n<td>90&nbsp;&nbsp;BCDE<\/td>\n<\/tr>\n<tr>\n<td>95&nbsp;&nbsp;BCD<\/td>\n<\/tr>\n<tr>\n<td>100&nbsp;&nbsp;BC<\/td>\n<\/tr>\n<tr>\n<td>105&nbsp;&nbsp;B<\/td>\n<\/tr>\n<tr>\n<td><b>SUJET ADOR SOFT<\/b><\/td>\n<\/tr>\n<tr>\n<td>65&nbsp;&nbsp;CDEFGH<\/td>\n<\/tr>\n<tr>\n<td>70&nbsp;&nbsp;BCDEFG<\/td>\n<\/tr>\n<tr>\n<td>75&nbsp;&nbsp;ABCDE<\/td>\n<\/tr>\n<tr>\n<td>80&nbsp;&nbsp;ABCDE<\/td>\n<\/tr>\n<tr>\n<td>85&nbsp;&nbsp;ABCD<\/td>\n<\/tr>\n<tr>\n<td>90&nbsp;&nbsp;BC<\/td>\n<\/tr>\n<tr>\n<td>95&nbsp;&nbsp;B<\/td>\n<\/tr>\n<tr>\n<td><b>BRAGAS CL\u00c1SICAS<\/b><\/td>\n<\/tr>\n<tr>\n<td>S&nbsp;&nbsp;M&nbsp;&nbsp;L&nbsp;&nbsp;XL&nbsp;&nbsp;XXL&nbsp;&nbsp;XXXL<\/td>\n<\/tr>\n<tr>\n<td><b>BRAGAS BRASILE\u00d1AS<\/b><\/td>\n<\/tr>\n<tr>\n<td>S&nbsp;&nbsp;M&nbsp;&nbsp;L&nbsp;&nbsp;XL&nbsp;&nbsp;XXL&nbsp;&nbsp;XXXL<\/td>\n<\/tr>\n<tr>\n<td><b>BRAGAS BRASILE\u00d1AS DE CINTURA ALTA (HW)<\/b><\/td>\n<\/tr>\n<tr>\n<td>S&nbsp;&nbsp;M&nbsp;&nbsp;L&nbsp;&nbsp;XL&nbsp;&nbsp;XXL&nbsp;&nbsp;XXXL<\/td>\n<\/tr>\n<\/tbody>\n<\/table>\n<p><\/p><\/p>\n<p><p><\/p>\n<div style=\"display: flex; align-items: center; gap: 15px; margin-top: 20px; width: 100%;\">\n    <img decoding=\"async\" src=\"https:\/\/www.paripari-lingerie.com\/wp-content\/uploads\/2024\/10\/handshake_icon.png\" alt=\"Icono de colaboraci\u00f3n\" style=\"width: 50px; height: auto;\"\/><\/p>\n<div>\n        <b>\u00bfEst\u00e1s interesado en colaborar con nosotros y convertirte en distribuidor de lencer\u00eda PariPari?<br \/>\n        <a href=\"https:\/\/www.paripari-lingerie.com\/cooperation-resell-paripari-lingerie-and-build-your-success-with-our-brand\/\">Encuentra m\u00e1s informaci\u00f3n aqu\u00ed<\/a>, cont\u00e1ctanos \u2013 \u00a1esperamos saber de ti!<\/b>\n    <\/div>\n<\/div>\n<p><\/p><br \/>\n<\/p>","protected":false},"excerpt":{"rendered":"","protected":false},"author":1,"featured_media":0,"parent":1564,"menu_order":26,"comment_status":"closed","ping_status":"closed","template":"","meta":{"footnotes":""},"class_list":["post-3553","page","type-page","status-publish","czr-hentry"],"_links":{"self":[{"href":"https:\/\/www.paripari-lingerie.com\/es\/wp-json\/wp\/v2\/pages\/3553","targetHints":{"allow":["GET"]}}],"collection":[{"href":"https:\/\/www.paripari-lingerie.com\/es\/wp-json\/wp\/v2\/pages"}],"about":[{"href":"https:\/\/www.paripari-lingerie.com\/es\/wp-json\/wp\/v2\/types\/page"}],"author":[{"embeddable":true,"href":"https:\/\/www.paripari-lingerie.com\/es\/wp-json\/wp\/v2\/users\/1"}],"replies":[{"embeddable":true,"href":"https:\/\/www.paripari-lingerie.com\/es\/wp-json\/wp\/v2\/comments?post=3553"}],"version-history":[{"count":4,"href":"https:\/\/www.paripari-lingerie.com\/es\/wp-json\/wp\/v2\/pages\/3553\/revisions"}],"predecessor-version":[{"id":3806,"href":"https:\/\/www.paripari-lingerie.com\/es\/wp-json\/wp\/v2\/pages\/3553\/revisions\/3806"}],"up":[{"embeddable":true,"href":"https:\/\/www.paripari-lingerie.com\/es\/wp-json\/wp\/v2\/pages\/1564"}],"wp:attachment":[{"href":"https:\/\/www.paripari-lingerie.com\/es\/wp-json\/wp\/v2\/media?parent=3553"}],"curies":[{"name":"wp","href":"https:\/\/api.w.org\/{rel}","templated":true}]}}