{"id":1586,"date":"2016-11-02T11:29:01","date_gmt":"2016-11-02T11:29:01","guid":{"rendered":"http:\/\/192.168.0.111\/pp2016\/?page_id=1586"},"modified":"2024-12-20T10:54:14","modified_gmt":"2024-12-20T09:54:14","slug":"about-us","status":"publish","type":"page","link":"https:\/\/www.paripari-lingerie.com\/fr\/about-us\/","title":{"rendered":"\u00c0 propos de nous"},"content":{"rendered":"<p><img loading=\"lazy\" decoding=\"async\" class=\"alignleft wp-image-1588 size-full\" src=\"http:\/\/www.paripari-lingerie.com\/wp-content\/uploads\/2016\/05\/paripari_logo_aboutus.png\" alt=\"paripari_logo_aboutus\" width=\"350\" height=\"177\" srcset=\"https:\/\/www.paripari-lingerie.com\/wp-content\/uploads\/2016\/05\/paripari_logo_aboutus.png 350w, https:\/\/www.paripari-lingerie.com\/wp-content\/uploads\/2016\/05\/paripari_logo_aboutus-300x152.png 300w\" sizes=\"auto, (max-width: 350px) 100vw, 350px\" \/><br \/>\nPariPari (de l&rsquo;italien \u00ab\u00a0pari pari\u00a0\u00bb \u2013 litt\u00e9ralement \u00ab\u00a0mot pour mot\u00a0\u00bb) est une marque de lingerie f\u00e9minine moderne qui, depuis 2013, conquiert avec succ\u00e8s de nouveaux march\u00e9s tout en maintenant les normes de qualit\u00e9 les plus \u00e9lev\u00e9es. Plus important encore, nous b\u00e2tissons une confiance durable avec nos clients, dont la grande majorit\u00e9 nous accompagne depuis le d\u00e9but de notre activit\u00e9. Nos r\u00e9ussites sont le fruit de pr\u00e8s de 30 ans d&rsquo;exp\u00e9rience de notre \u00e9quipe dans l&rsquo;industrie de la lingerie f\u00e9minine. PariPari est une marque ouverte aux nouvelles tendances et aux id\u00e9es fra\u00eeches, toujours \u00e0 l&rsquo;\u00e9coute des attentes changeantes de nos clientes.<\/p>\n<p><img loading=\"lazy\" decoding=\"async\" class=\"wp-image-1589 size-full alignright\" src=\"http:\/\/www.paripari-lingerie.com\/wp-content\/uploads\/2016\/05\/tavia-about-us.jpg\" alt=\"\" width=\"267\" height=\"400\" srcset=\"https:\/\/www.paripari-lingerie.com\/wp-content\/uploads\/2016\/05\/tavia-about-us.jpg 267w, https:\/\/www.paripari-lingerie.com\/wp-content\/uploads\/2016\/05\/tavia-about-us-200x300.jpg 200w\" sizes=\"auto, (max-width: 267px) 100vw, 267px\" \/><\/p>\n<p>Notre lingerie est choisie par les femmes pour sa qualit\u00e9 exceptionnelle, son confort et sa durabilit\u00e9. Elles reviennent souvent pour de nouveaux mod\u00e8les, ce qui repr\u00e9sente une immense valeur pour nous. La satisfaction des femmes portant une lingerie bien ajust\u00e9e, en particulier un soutien-gorge, est un \u00e9l\u00e9ment cl\u00e9 qui nous distingue de la concurrence. Une lingerie bien ajust\u00e9e ne met pas seulement en valeur la beaut\u00e9, mais assure \u00e9galement un confort quotidien, ce qui est notre priorit\u00e9.<\/p>\n<p>Notre pr\u00e9sence sur de nombreux march\u00e9s internationaux et le d\u00e9veloppement dynamique de notre r\u00e9seau de distribution nous permettent de croire que la lingerie exclusive PariPari r\u00e9alise les r\u00eaves des femmes du monde entier. Nous proposons des produits qui renforcent la confiance en soi de chaque femme, tout en charmant par leur esth\u00e9tique. Notre lingerie, qui se distingue par son \u00e9l\u00e9gance et son attrait sensuel, est non seulement appr\u00e9ci\u00e9e par les femmes, mais constitue \u00e9galement un excellent choix pour les hommes \u00e0 la recherche de cadeaux exceptionnels pour leurs proches.<\/p>\n<p>La lingerie PariPari est le cadeau id\u00e9al pour toute femme exceptionnelle. Pour souligner l&rsquo;unicit\u00e9 de nos mod\u00e8les, nous avons con\u00e7u des emballages \u00e9l\u00e9gants et stylis\u00e9s qui se pr\u00e9sentent sous la forme d&rsquo;une pyramide raffin\u00e9e. Il suffit d&rsquo;ajouter un ruban pour obtenir un cadeau de luxe pr\u00eat \u00e0 offrir \u2013 non seulement beau en apparence, mais surtout sp\u00e9cial pour ce qu&rsquo;il contient. Cette combinaison d&rsquo;esth\u00e9tique et de style raffin\u00e9 fait de chacun de nos produits bien plus qu&rsquo;une simple lingerie \u2013 c&rsquo;est une petite \u0153uvre d&rsquo;art qui apporte sourire et joie.<\/p>\n<p>Nous vous invitons chaleureusement \u00e0 entamer un voyage dans l&rsquo;univers de la lingerie de luxe PariPari. Notre offre s&rsquo;adresse aux femmes qui souhaitent se sentir sp\u00e9ciales chaque jour, ainsi qu&rsquo;aux hommes qui veulent offrir quelque chose d&rsquo;unique et d&rsquo;\u00e9l\u00e9gant. Notre lingerie combine design raffin\u00e9, qualit\u00e9 exceptionnelle et confort, permettant \u00e0 chaque femme de se sentir confiante et s\u00e9duisante. D\u00e9couvrez par vous-m\u00eame \u00e0 quel point la lingerie PariPari peut \u00eatre sp\u00e9ciale \u2013 non seulement pour des occasions sp\u00e9ciales, mais aussi au quotidien, car chaque femme m\u00e9rite une touche de luxe.<\/p>\n<div class=\"product-info\">\n<h3>Informations sur la lingerie f\u00e9minine PariPari<\/h3>\n<h4 style=\"font-weight: normal;\">1. Nom complet, adresse et contact du fabricant :<\/h4>\n<p>\n        Entreprise responsable : PariPari Sp. z o.o.<br \/>\n        Adresse : ul. Filomat\u00f3w 36,<br \/>\n        42-217 Cz\u0119stochowa, Pologne<br \/>\n        E-mail : <a href=\"mailto:info@paripari-lingerie.com\">info@paripari-lingerie.com<\/a><br \/>\n        T\u00e9l\u00e9phone : <a href=\"tel:+48796616400\">+48 796 616 400<\/a>\n    <\/p>\n<h4 style=\"font-weight: normal;\">2. Avertissements et pr\u00e9cautions :<\/h4>\n<p>\n        Lingerie destin\u00e9e aux adultes. \u00c0 utiliser conform\u00e9ment \u00e0 sa finalit\u00e9. Les produits usag\u00e9s doivent \u00eatre \u00e9limin\u00e9s conform\u00e9ment aux r\u00e8gles de recyclage.\n    <\/p>\n<h4 style=\"font-weight: normal;\">3. Instructions d&rsquo;utilisation :<\/h4>\n<p>\n        Lingerie f\u00e9minine destin\u00e9e \u00e0 \u00eatre port\u00e9e sur le corps. Un stockage et un entretien appropri\u00e9s, conform\u00e9ment aux recommandations de l&rsquo;\u00e9tiquette, prolongent la durabilit\u00e9 du produit.\n    <\/p>\n<h4 style=\"font-weight: normal;\">4. Informations sur la durabilit\u00e9 et l&rsquo;entretien :<\/h4>\n<ul>\n<li>Laver \u00e0 la main \u00e0 une temp\u00e9rature maximale de 40&#176;C.<\/li>\n<li>Laver avec des couleurs similaires.<\/li>\n<li>Le lavage \u00e0 la main est recommand\u00e9.<\/li>\n<li>Ne pas s\u00e9cher en s\u00e8che-linge.<\/li>\n<li>Ne pas utiliser de chlore.<\/li>\n<li>Ne pas repasser.<\/li>\n<li>Ne pas nettoyer \u00e0 sec.<\/li>\n<li>Utiliser conform\u00e9ment aux indications de l&rsquo;\u00e9tiquette.<\/li>\n<\/ul>\n<h4 style=\"font-weight: normal;\">5. Garantie :<\/h4>\n<p>La garantie de nos produits est de 2 ans.<\/p>\n<h4 style=\"font-weight: normal;\">6. Certifications et conformit\u00e9 :<\/h4>\n<p>Nos produits sont fabriqu\u00e9s en Pologne. Tous les \u00e9l\u00e9ments m\u00e9talliques des produits sont sans nickel.<\/p>\n<h4 style=\"font-weight: normal;\">7. Risques possibles et informations suppl\u00e9mentaires :<\/h4>\n<p>Aucun risque suppl\u00e9mentaire associ\u00e9 \u00e0 l&rsquo;utilisation de nos produits n&rsquo;a \u00e9t\u00e9 constat\u00e9.<\/p>\n<h4 style=\"font-weight: normal;\">8. Identifiant produit :<\/h4>\n<p>\n        Chaque produit poss\u00e8de un identifiant unique compos\u00e9 de la combinaison MOD\u00c8LE TYPE COULEUR TAILLE, par exemple : VESTA BRA PUSH-UP WHITE 75D. Chaque combinaison est associ\u00e9e \u00e0 un num\u00e9ro unique EAN-13.<br \/>\n        La s\u00e9rie (ann\u00e9e et mois de production) est inscrite sous forme de deux nombres binaires s\u00e9par\u00e9s par une barre verticale (par exemple : 1011|1100 correspond \u00e0 d\u00e9cembre 2024). Le code se trouve sous le code-barres, \u00e0 la fois sur l&#8217;emballage et sur l&rsquo;\u00e9tiquette du produit.\n    <\/p>\n<h4 style=\"font-weight: normal;\">9. Sp\u00e9cifications techniques :<\/h4>\n<p>\n        Les compositions des mat\u00e9riaux sont indiqu\u00e9es sur l&rsquo;\u00e9tiquette de chaque produit. La plupart des produits se composent de :\n    <\/p>\n<ul>\n<li>Polyamide 78%<\/li>\n<li>\u00c9lasthanne 17%<\/li>\n<li>Coton 5%<\/li>\n<\/ul>\n<p>Les soutiens-gorge souples sont une exception, car ils ne contiennent pas de coton :<\/p>\n<ul>\n<li>Polyamide 80%<\/li>\n<li>\u00c9lasthanne 20%<\/li>\n<\/ul>\n<\/div>\n<p><\/p>","protected":false},"excerpt":{"rendered":"<p>PariPari (de l&rsquo;italien \u00ab\u00a0pari pari\u00a0\u00bb \u2013 litt\u00e9ralement \u00ab\u00a0mot pour mot\u00a0\u00bb) est une marque de lingerie f\u00e9minine moderne qui, depuis 2013, conquiert avec succ\u00e8s de nouveaux march\u00e9s tout en maintenant les normes de qualit\u00e9 les plus \u00e9lev\u00e9es. Plus important encore, nous b\u00e2tissons une confiance durable avec nos clients, dont la grande majorit\u00e9 nous accompagne depuis le [&hellip;]<\/p>\n","protected":false},"author":1,"featured_media":3089,"parent":0,"menu_order":1,"comment_status":"closed","ping_status":"closed","template":"","meta":{"footnotes":""},"class_list":["post-1586","page","type-page","status-publish","has-post-thumbnail","czr-hentry"],"_links":{"self":[{"href":"https:\/\/www.paripari-lingerie.com\/fr\/wp-json\/wp\/v2\/pages\/1586","targetHints":{"allow":["GET"]}}],"collection":[{"href":"https:\/\/www.paripari-lingerie.com\/fr\/wp-json\/wp\/v2\/pages"}],"about":[{"href":"https:\/\/www.paripari-lingerie.com\/fr\/wp-json\/wp\/v2\/types\/page"}],"author":[{"embeddable":true,"href":"https:\/\/www.paripari-lingerie.com\/fr\/wp-json\/wp\/v2\/users\/1"}],"replies":[{"embeddable":true,"href":"https:\/\/www.paripari-lingerie.com\/fr\/wp-json\/wp\/v2\/comments?post=1586"}],"version-history":[{"count":28,"href":"https:\/\/www.paripari-lingerie.com\/fr\/wp-json\/wp\/v2\/pages\/1586\/revisions"}],"predecessor-version":[{"id":3743,"href":"https:\/\/www.paripari-lingerie.com\/fr\/wp-json\/wp\/v2\/pages\/1586\/revisions\/3743"}],"wp:featuredmedia":[{"embeddable":true,"href":"https:\/\/www.paripari-lingerie.com\/fr\/wp-json\/wp\/v2\/media\/3089"}],"wp:attachment":[{"href":"https:\/\/www.paripari-lingerie.com\/fr\/wp-json\/wp\/v2\/media?parent=1586"}],"curies":[{"name":"wp","href":"https:\/\/api.w.org\/{rel}","templated":true}]}}