{"id":1843,"date":"2016-12-17T09:15:07","date_gmt":"2016-12-17T08:15:07","guid":{"rendered":"http:\/\/www.paripari-lingerie.com\/beta_\/cookie-policy\/"},"modified":"2024-12-20T00:29:12","modified_gmt":"2024-12-19T23:29:12","slug":"cookie-policy","status":"publish","type":"page","link":"https:\/\/www.paripari-lingerie.com\/fr\/cookie-policy\/","title":{"rendered":"Cookies information"},"content":{"rendered":"<p><\/p>\n<div id=\"CookieInfoHeader\"><\/div>\n<p>Sur notre site, nous utilisons des cookies. En continuant \u00e0 utiliser notre site avec les param\u00e8tres par d\u00e9faut des cookies, cela signifie qu&rsquo;ils seront plac\u00e9s sur votre appareil. Pour \u00e9viter cela, vous pouvez \u00e0 tout moment modifier les param\u00e8tres des cookies dans votre navigateur. Plus de d\u00e9tails sont disponibles dans notre Politique de Confidentialit\u00e9.<\/p>\n<h2>Politique de Confidentialit\u00e9 du site PariPari<\/h2>\n<div id=\"MainDiv\">\n<p>Sur le site internet de PariPari, des liens vers des services externes sont disponibles, auxquels cette politique ne s&rsquo;applique pas. PariPari sp. z o.o. (ci-apr\u00e8s d\u00e9nomm\u00e9e \u00ab PariPari \u00bb) n&rsquo;est pas responsable des r\u00e8gles de confidentialit\u00e9 appliqu\u00e9es sur ces sites. Nous vous recommandons de consulter les politiques de confidentialit\u00e9 de ces diff\u00e9rents sites.<\/p>\n<p><strong>Donn\u00e9es non personnelles<\/strong><\/p>\n<p>PariPari s&rsquo;engage \u00e0 prot\u00e9ger la confidentialit\u00e9 de ce site. Le site utilise un m\u00e9canisme appel\u00e9 \u00ab cookies \u00bb. Plus d&rsquo;informations sur le m\u00e9canisme des \u00ab cookies \u00bb sont disponibles dans une politique distincte de confidentialit\u00e9 et d&rsquo;utilisation des cookies sur les sites internet de PariPari sp. z o.o.<\/p>\n<h2>Politique de confidentialit\u00e9 et d&rsquo;utilisation des cookies sur les sites internet de PariPari sp. z o.o.<\/h2>\n<p>Les donn\u00e9es collect\u00e9es dans les journaux de connexion sont utilis\u00e9es exclusivement \u00e0 des fins d&rsquo;administration du site. Nous ne cherchons pas \u00e0 identifier les utilisateurs des sites appartenant \u00e0 PariPari sp. z o.o.<\/p>\n<p><strong>Collecte des donn\u00e9es<\/strong><\/p>\n<p>Conform\u00e9ment \u00e0 la pratique commune de la plupart des sites web, nous stockons les requ\u00eates HTTP adress\u00e9es \u00e0 notre serveur. Cela signifie que nous connaissons les adresses IP publiques \u00e0 partir desquelles les utilisateurs consultent le contenu informatif de nos services. Les ressources consult\u00e9es sont identifi\u00e9es par des adresses URL.<\/p>\n<p>Ces donn\u00e9es ne sont pas associ\u00e9es \u00e0 des personnes sp\u00e9cifiques visitant les sites de PariPari sp. z o.o.<\/p>\n<p><strong>Utilisation des donn\u00e9es<\/strong><\/p>\n<p>Les journaux collect\u00e9s sont stock\u00e9s pour des fins d&rsquo;administration du site. Les informations qu&rsquo;ils contiennent ne sont divulgu\u00e9es \u00e0 personne en dehors des personnes autoris\u00e9es \u00e0 administrer les serveurs de PariPari sp. z o.o. Sur la base des journaux de connexion, des statistiques peuvent \u00eatre g\u00e9n\u00e9r\u00e9es pour faciliter l&rsquo;administration. Les r\u00e9sum\u00e9s agr\u00e9g\u00e9s dans ces statistiques ne contiennent aucune caract\u00e9ristique permettant d&rsquo;identifier les visiteurs du site.<\/p>\n<p><strong>M\u00e9canisme des cookies sur les sites internet de PariPari sp. z o.o.<\/strong><\/p>\n<p>Le m\u00e9canisme des cookies n&rsquo;est pas utilis\u00e9 pour obtenir des informations sur les utilisateurs du site ni pour suivre leur navigation. Les cookies utilis\u00e9s sur les sites appartenant \u00e0 PariPari sp. z o.o. ne stockent aucune donn\u00e9e personnelle des utilisateurs. Les cookies sont utilis\u00e9s pour maintenir une session entre le navigateur et le serveur (les cookies sont supprim\u00e9s apr\u00e8s la fermeture du navigateur) et pour m\u00e9moriser la derni\u00e8re version linguistique s\u00e9lectionn\u00e9e du site.<\/p>\n<p><strong>Qu&rsquo;est-ce que les cookies ?<\/strong><\/p>\n<p>Les cookies sont de petites portions d&rsquo;information enregistr\u00e9es par votre navigateur. Gr\u00e2ce aux cookies, les sites internet m\u00e9morisent vos pr\u00e9f\u00e9rences.<\/p>\n<p><strong>Comment g\u00e9rer les cookies :<\/strong><\/p>\n<p>Si vous ne souhaitez pas recevoir de cookies, vous pouvez modifier les param\u00e8tres de votre navigateur. Veuillez noter que d\u00e9sactiver les cookies n\u00e9cessaires pour l&rsquo;enregistrement, la s\u00e9curit\u00e9 et le maintien des pr\u00e9f\u00e9rences de l&rsquo;utilisateur peut rendre l&rsquo;utilisation des sites PariPari sp. z o.o. difficile, voire impossible dans certains cas.<\/p>\n<p>Pour g\u00e9rer les param\u00e8tres des cookies, choisissez votre navigateur dans la liste ci-dessous et suivez les instructions :<br \/>\n\u00b7 Internet Explorer &#8211;\u00a0<a href=\"http:\/\/support.microsoft.com\/kb\/196955\" target=\"_blank\" rel=\"noopener\">http:\/\/support.microsoft.com\/kb\/196955<\/a><br \/>\n\u00b7 Chrome &#8211;\u00a0<a href=\"http:\/\/support.google.com\/chrome\/bin\/answer.py?hl=fr&amp;answer=95647\" target=\"_blank\" rel=\"noopener\">http:\/\/support.google.com\/chrome\/bin\/answer.py?hl=fr&amp;answer=95647<\/a><br \/>\n\u00b7 Safari &#8211;\u00a0<a href=\"http:\/\/support.apple.com\/kb\/PH5042\" target=\"_blank\" rel=\"noopener\">http:\/\/support.apple.com\/kb\/PH5042<\/a><br \/>\n\u00b7 Firefox &#8211;\u00a0<a href=\"http:\/\/support.mozilla.org\/fr\/kb\/activer-desactiver-cookies\" target=\"_blank\" rel=\"noopener\">http:\/\/support.mozilla.org\/fr\/kb\/activer-desactiver-cookies<\/a><br \/>\n\u00b7 Opera &#8211;\u00a0<a href=\"http:\/\/help.opera.com\/Windows\/12.10\/fr\/cookies.html\" target=\"_blank\" rel=\"noopener\">http:\/\/help.opera.com\/Windows\/12.10\/fr\/cookies.html<\/a><\/p>\n<p>Appareils mobiles :<br \/>\n\u00b7 Android &#8211;\u00a0<a href=\"http:\/\/support.google.com\/chrome\/bin\/answer.py?hl=fr&amp;answer=95647\" target=\"_blank\" rel=\"noopener\">http:\/\/support.google.com\/chrome\/bin\/answer.py?hl=fr&amp;answer=95647<\/a><br \/>\n\u00b7 Safari &#8211;\u00a0<a href=\"http:\/\/support.apple.com\/kb\/HT1677?viewlocale=fr_FR\" target=\"_blank\" rel=\"noopener\">http:\/\/support.apple.com\/kb\/HT1677?viewlocale=fr_FR<\/a><br \/>\n\u00b7 Windows Phone &#8211;\u00a0<a href=\"http:\/\/www.windowsphone.com\/fr-fr\/how-to\/wp7\/web\/changing-privacy-and-other-browser-settings\" target=\"_blank\" rel=\"noopener\">http:\/\/www.windowsphone.com\/fr-fr\/how-to\/wp7\/web\/changing-privacy-and-other-browser-settings<\/a><br \/>\n\u00b7 Blackberry &#8211;\u00a0<a href=\"http:\/\/docs.blackberry.com\/en\/smartphone_users\/deliverables\/32004\/Turn_off_cookies_in_the_browser_60_1072866_11.jsp\" target=\"_blank\" rel=\"noopener\">http:\/\/docs.blackberry.com\/en\/smartphone_users\/deliverables\/32004\/Turn_off_cookies_in_the_browser_60_1072866_11.jsp<\/a><\/p>\n<p><strong>Liens vers d&rsquo;autres sites<\/strong><\/p>\n<p>Les services appartenant \u00e0 PariPari sp. z o.o. peuvent contenir des liens vers d&rsquo;autres sites web. PariPari sp. z o.o. n&rsquo;est pas responsable des politiques de confidentialit\u00e9 en vigueur sur ces sites. Nous vous encourageons \u00e0 lire les politiques de confidentialit\u00e9 d\u00e9finies par ces sites apr\u00e8s y avoir acc\u00e9d\u00e9. Cette politique de confidentialit\u00e9 s&rsquo;applique uniquement aux sites appartenant \u00e0 PariPari sp. z o.o.<\/p>\n<p><strong>Statistiques Google Analytics<\/strong><\/p>\n<p>Le trafic sur les sites est surveill\u00e9 \u00e0 l&rsquo;aide des statistiques de Google Analytics. Cela permet de collecter des donn\u00e9es sur l&rsquo;utilisation et la popularit\u00e9 de nos sites. En utilisant les sites, vous acceptez que vos donn\u00e9es soient analys\u00e9es par Google Analytics \u00e0 des fins d\u00e9crites ici.<\/p>\n<\/div>\n<div id=\"topMenuLine\"><\/div>\n<p><\/p>","protected":false},"excerpt":{"rendered":"<p>Sur notre site, nous utilisons des cookies. En continuant \u00e0 utiliser notre site avec les param\u00e8tres par d\u00e9faut des cookies, cela signifie qu&rsquo;ils seront plac\u00e9s sur votre appareil. Pour \u00e9viter cela, vous pouvez \u00e0 tout moment modifier les param\u00e8tres des cookies dans votre navigateur. Plus de d\u00e9tails sont disponibles dans notre Politique de Confidentialit\u00e9. Politique [&hellip;]<\/p>\n","protected":false},"author":1,"featured_media":0,"parent":0,"menu_order":7,"comment_status":"closed","ping_status":"closed","template":"","meta":{"footnotes":""},"class_list":["post-1843","page","type-page","status-publish","czr-hentry"],"_links":{"self":[{"href":"https:\/\/www.paripari-lingerie.com\/fr\/wp-json\/wp\/v2\/pages\/1843","targetHints":{"allow":["GET"]}}],"collection":[{"href":"https:\/\/www.paripari-lingerie.com\/fr\/wp-json\/wp\/v2\/pages"}],"about":[{"href":"https:\/\/www.paripari-lingerie.com\/fr\/wp-json\/wp\/v2\/types\/page"}],"author":[{"embeddable":true,"href":"https:\/\/www.paripari-lingerie.com\/fr\/wp-json\/wp\/v2\/users\/1"}],"replies":[{"embeddable":true,"href":"https:\/\/www.paripari-lingerie.com\/fr\/wp-json\/wp\/v2\/comments?post=1843"}],"version-history":[{"count":6,"href":"https:\/\/www.paripari-lingerie.com\/fr\/wp-json\/wp\/v2\/pages\/1843\/revisions"}],"predecessor-version":[{"id":3737,"href":"https:\/\/www.paripari-lingerie.com\/fr\/wp-json\/wp\/v2\/pages\/1843\/revisions\/3737"}],"wp:attachment":[{"href":"https:\/\/www.paripari-lingerie.com\/fr\/wp-json\/wp\/v2\/media?parent=1843"}],"curies":[{"name":"wp","href":"https:\/\/api.w.org\/{rel}","templated":true}]}}