{"id":2378,"date":"2017-11-17T23:30:20","date_gmt":"2017-11-17T22:30:20","guid":{"rendered":"https:\/\/www.paripari-lingerie.com\/?page_id=2378"},"modified":"2024-10-05T12:53:53","modified_gmt":"2024-10-05T11:53:53","slug":"cooperation-resell-paripari-lingerie-and-build-your-success-with-our-brand","status":"publish","type":"page","link":"https:\/\/www.paripari-lingerie.com\/fr\/cooperation-resell-paripari-lingerie-and-build-your-success-with-our-brand\/","title":{"rendered":"Coop\u00e9ration &#8211; revendez la lingerie PariPari et construisez votre succ\u00e8s avec notre marque"},"content":{"rendered":"<p><img loading=\"lazy\" decoding=\"async\" class=\"wp-image-2381 alignleft\" src=\"https:\/\/www.paripari-lingerie.com\/wp-content\/uploads\/2017\/11\/ATHINA-glamour-2-e1510958085787.jpg\" alt=\"\" width=\"224\" height=\"302\" srcset=\"https:\/\/www.paripari-lingerie.com\/wp-content\/uploads\/2017\/11\/ATHINA-glamour-2-e1510958085787.jpg 1237w, https:\/\/www.paripari-lingerie.com\/wp-content\/uploads\/2017\/11\/ATHINA-glamour-2-e1510958085787-222x300.jpg 222w, https:\/\/www.paripari-lingerie.com\/wp-content\/uploads\/2017\/11\/ATHINA-glamour-2-e1510958085787-759x1024.jpg 759w, https:\/\/www.paripari-lingerie.com\/wp-content\/uploads\/2017\/11\/ATHINA-glamour-2-e1510958085787-768x1036.jpg 768w, https:\/\/www.paripari-lingerie.com\/wp-content\/uploads\/2017\/11\/ATHINA-glamour-2-e1510958085787-1139x1536.jpg 1139w\" sizes=\"auto, (max-width: 224px) 100vw, 224px\" \/><\/p>\n<p>Si vous \u00eates impliqu\u00e9 dans la vente de lingerie, que ce soit en gros ou au d\u00e9tail, de mani\u00e8re traditionnelle ou en ligne, nous vous invitons chaleureusement \u00e0 collaborer avec la marque PariPari. Notre gamme de lingerie f\u00e9minine exclusive, r\u00e9put\u00e9e pour sa qualit\u00e9 exceptionnelle, son confort et son style original, constitue une solution id\u00e9ale pour toute entreprise souhaitant enrichir son offre avec des produits uniques tr\u00e8s appr\u00e9ci\u00e9s des clients.<\/p>\n<p>Nos produits sont choisis par les femmes pour leur haute qualit\u00e9, leur confort et leur durabilit\u00e9. De nombreuses clientes reviennent r\u00e9guli\u00e8rement vers nous, ce qui t\u00e9moigne de leur satisfaction, en particulier lorsqu&rsquo;il s&rsquo;agit de lingerie bien ajust\u00e9e, notamment de soutiens-gorge. Nous proposons des soutiens-gorge dans des tailles allant de 65C \u00e0 115B et des culottes dans des tailles de S \u00e0 5XL, vous permettant ainsi de r\u00e9pondre \u00e0 un large public et d&rsquo;\u00e9largir votre gamme de produits.<\/p>\n<p>Collaborer avec PariPari, c&rsquo;est non seulement acc\u00e9der \u00e0 une lingerie exclusive, mais \u00e9galement b\u00e9n\u00e9ficier d&rsquo;un soutien \u00e0 chaque \u00e9tape de notre partenariat. Nous offrons des conditions de coop\u00e9ration flexibles, adapt\u00e9es aux besoins sp\u00e9cifiques de votre entreprise. Nous valorisons les relations \u00e0 long terme bas\u00e9es sur la confiance et le succ\u00e8s partag\u00e9.<\/p>\n<p>Nous serions ravis de vous pr\u00e9senter les d\u00e9tails de notre offre et les termes de la coop\u00e9ration. N&rsquo;h\u00e9sitez pas \u00e0 nous contacter par e-mail \u00e0 l&rsquo;adresse <a href=\"mailto:info@paripari-lingerie.com\">info@paripari-lingerie.com<\/a> ou par t\u00e9l\u00e9phone au <span class=\"contact-text\"><a href=\"tel:+48796616400\">+48 796 616 400<\/a><\/span>. Nos sp\u00e9cialistes se feront un plaisir de r\u00e9pondre \u00e0 vos questions et de vous aider \u00e0 trouver les meilleures solutions.<\/p>\n<p>Rejoignez notre r\u00e9seau de partenaires et construisez le succ\u00e8s avec nous, en offrant \u00e0 vos clients une lingerie qui r\u00e9pond aux normes les plus \u00e9lev\u00e9es et apporte un sourire aux femmes du monde entier.<\/p>\n<p>L&rsquo;\u00e9quipe PariPari<\/p>\n<p><\/p>\n<p><b>Nous vous invitons \u00e0 contacter notre entreprise ! Nous ferons de notre mieux pour r\u00e9pondre \u00e0 votre demande dans les plus brefs d\u00e9lais. Nous sommes heureux de r\u00e9pondre \u00e0 toutes vos questions.<\/b><br \/>\n<br \/>\n\n<div class=\"wpcf7 no-js\" id=\"wpcf7-f3701-o25\" lang=\"pl-PL\" dir=\"ltr\" data-wpcf7-id=\"3701\">\n<div class=\"screen-reader-response\"><p role=\"status\" aria-live=\"polite\" aria-atomic=\"true\"><\/p> <ul><\/ul><\/div>\n<form action=\"\/fr\/wp-json\/wp\/v2\/pages\/2378#wpcf7-f3701-o25\" method=\"post\" class=\"wpcf7-form init\" aria-label=\"Formularz kontaktowy\" novalidate=\"novalidate\" data-status=\"init\">\n<fieldset class=\"hidden-fields-container\"><input type=\"hidden\" name=\"_wpcf7\" value=\"3701\" \/><input type=\"hidden\" name=\"_wpcf7_version\" value=\"6.1.5\" \/><input type=\"hidden\" name=\"_wpcf7_locale\" value=\"pl_PL\" \/><input type=\"hidden\" name=\"_wpcf7_unit_tag\" value=\"wpcf7-f3701-o25\" \/><input type=\"hidden\" name=\"_wpcf7_container_post\" value=\"0\" \/><input type=\"hidden\" name=\"_wpcf7_posted_data_hash\" value=\"\" \/><input type=\"hidden\" name=\"_wpcf7_recaptcha_response\" value=\"\" \/>\n<\/fieldset>\n<p><label> Votre nom et pr\u00e9nom<br \/>\n<span class=\"wpcf7-form-control-wrap\" data-name=\"your-name\"><input size=\"40\" maxlength=\"400\" class=\"wpcf7-form-control wpcf7-text wpcf7-validates-as-required\" autocomplete=\"name\" aria-required=\"true\" aria-invalid=\"false\" value=\"\" type=\"text\" name=\"your-name\" \/><\/span> <\/label>\n<\/p>\n<p><label> Votre adresse e-mail<br \/>\n<span class=\"wpcf7-form-control-wrap\" data-name=\"your-email\"><input size=\"40\" maxlength=\"400\" class=\"wpcf7-form-control wpcf7-email wpcf7-validates-as-required wpcf7-text wpcf7-validates-as-email\" autocomplete=\"email\" aria-required=\"true\" aria-invalid=\"false\" value=\"\" type=\"email\" name=\"your-email\" \/><\/span> <\/label>\n<\/p>\n<p><label> Sujet<br \/>\n<span class=\"wpcf7-form-control-wrap\" data-name=\"your-subject\"><input size=\"40\" maxlength=\"400\" class=\"wpcf7-form-control wpcf7-text wpcf7-validates-as-required\" aria-required=\"true\" aria-invalid=\"false\" value=\"\" type=\"text\" name=\"your-subject\" \/><\/span> <\/label>\n<\/p>\n<p><label> Votre message (optionnel)<br \/>\n<span class=\"wpcf7-form-control-wrap\" data-name=\"your-message\"><textarea cols=\"40\" rows=\"10\" maxlength=\"2000\" class=\"wpcf7-form-control wpcf7-textarea\" aria-invalid=\"false\" name=\"your-message\"><\/textarea><\/span> <\/label>\n<\/p>\n<p><input class=\"wpcf7-form-control wpcf7-submit has-spinner\" type=\"submit\" value=\"Envoyer\" \/>\n<\/p><div class=\"wpcf7-response-output\" aria-hidden=\"true\"><\/div>\n<\/form>\n<\/div>\n<br \/>\n<p><br \/>\n<\/p>","protected":false},"excerpt":{"rendered":"<p>Si vous \u00eates impliqu\u00e9 dans la vente de lingerie, que ce soit en gros ou au d\u00e9tail, de mani\u00e8re traditionnelle ou en ligne, nous vous invitons chaleureusement \u00e0 collaborer avec la marque PariPari. Notre gamme de lingerie f\u00e9minine exclusive, r\u00e9put\u00e9e pour sa qualit\u00e9 exceptionnelle, son confort et son style original, constitue une solution id\u00e9ale pour [&hellip;]<\/p>\n","protected":false},"author":1,"featured_media":0,"parent":0,"menu_order":0,"comment_status":"closed","ping_status":"closed","template":"","meta":{"footnotes":""},"class_list":["post-2378","page","type-page","status-publish","czr-hentry"],"_links":{"self":[{"href":"https:\/\/www.paripari-lingerie.com\/fr\/wp-json\/wp\/v2\/pages\/2378","targetHints":{"allow":["GET"]}}],"collection":[{"href":"https:\/\/www.paripari-lingerie.com\/fr\/wp-json\/wp\/v2\/pages"}],"about":[{"href":"https:\/\/www.paripari-lingerie.com\/fr\/wp-json\/wp\/v2\/types\/page"}],"author":[{"embeddable":true,"href":"https:\/\/www.paripari-lingerie.com\/fr\/wp-json\/wp\/v2\/users\/1"}],"replies":[{"embeddable":true,"href":"https:\/\/www.paripari-lingerie.com\/fr\/wp-json\/wp\/v2\/comments?post=2378"}],"version-history":[{"count":12,"href":"https:\/\/www.paripari-lingerie.com\/fr\/wp-json\/wp\/v2\/pages\/2378\/revisions"}],"predecessor-version":[{"id":3604,"href":"https:\/\/www.paripari-lingerie.com\/fr\/wp-json\/wp\/v2\/pages\/2378\/revisions\/3604"}],"wp:attachment":[{"href":"https:\/\/www.paripari-lingerie.com\/fr\/wp-json\/wp\/v2\/media?parent=2378"}],"curies":[{"name":"wp","href":"https:\/\/api.w.org\/{rel}","templated":true}]}}