{"id":2727,"date":"2021-11-23T20:08:20","date_gmt":"2021-11-23T19:08:20","guid":{"rendered":"https:\/\/www.paripari-lingerie.com\/?page_id=2727"},"modified":"2024-12-20T13:00:26","modified_gmt":"2024-12-20T12:00:26","slug":"vesta-red","status":"publish","type":"page","link":"https:\/\/www.paripari-lingerie.com\/fr\/collection\/vesta-red\/","title":{"rendered":"VESTA ROUGE"},"content":{"rendered":"<p><br \/>\n<\/p>\n<p style=\"text-align: center;\"><style type=\"text\/css\" scoped>.rbs_gallery_69e74d6995a49Spinner{\r\n\t\t\t\tmargin: 50px auto;\r\n\t\t\t\twidth: 50px;\r\n\t\t\t\theight: 40px;\r\n\t\t\t\ttext-align: center;\r\n\t\t\t\tfont-size: 10px;\r\n\t\t\t}\r\n\t\t\t.rbs_gallery_69e74d6995a49Spinner > div{\r\n\t\t\t  background-color: #333;\r\n\t\t\t  height: 100%;\r\n\t\t\t  width: 6px;\r\n\t\t\t  display: inline-block;\r\n\t\t\t  -webkit-animation: rbs_gallery_69e74d6995a49-stretchdelay 1.2s infinite ease-in-out;\r\n\t\t\t  animation: rbs_gallery_69e74d6995a49-stretchdelay 1.2s infinite ease-in-out;\r\n\t\t\t}\r\n\t\t\t.rbs_gallery_69e74d6995a49Spinner .rbs_gallery_69e74d6995a49Rect2 {\r\n\t\t\t  -webkit-animation-delay: -1.1s;\r\n\t\t\t  animation-delay: -1.1s;\r\n\t\t\t}\r\n\t\t\t.rbs_gallery_69e74d6995a49Spinner .rbs_gallery_69e74d6995a49Rect3 {\r\n\t\t\t  -webkit-animation-delay: -1.0s;\r\n\t\t\t  animation-delay: -1.0s;\r\n\t\t\t}\r\n\t\t\t.rbs_gallery_69e74d6995a49Spinner .rbs_gallery_69e74d6995a49Rect4 {\r\n\t\t\t  -webkit-animation-delay: -0.9s;\r\n\t\t\t  animation-delay: -0.9s;\r\n\t\t\t}\r\n\t\t\t.rbs_gallery_69e74d6995a49Spinner .rbs_gallery_69e74d6995a49Rect5 {\r\n\t\t\t  -webkit-animation-delay: -0.8s;\r\n\t\t\t  animation-delay: -0.8s;\r\n\t\t\t}\r\n\t\t\t@-webkit-keyframes rbs_gallery_69e74d6995a49-stretchdelay {\r\n\t\t\t  0%, 40%, 100% { -webkit-transform: scaleY(0.4) }  \r\n\t\t\t  20% { -webkit-transform: scaleY(1.0) }\r\n\t\t\t}\r\n\t\t\t@keyframes rbs_gallery_69e74d6995a49-stretchdelay {\r\n\t\t\t  0%, 40%, 100% { \r\n\t\t\t    transform: scaleY(0.4);\r\n\t\t\t    -webkit-transform: scaleY(0.4);\r\n\t\t\t  }  20% { \r\n\t\t\t    transform: scaleY(1.0);\r\n\t\t\t    -webkit-transform: scaleY(1.0);\r\n\t\t\t  }\r\n\t\t\t}\r\n\t\t<\/style><div class=\"robo-gallery-wrap robo-gallery-wrap-id2750 robo-gallery-\" ><div id=\"rbs_gallery_69e74d6995a49-block-loader\" class=\"rbs_gallery_69e74d6995a49Spinner\"><div class=\"rbs_gallery_69e74d6995a49Rect1\"><\/div> <div class=\"rbs_gallery_69e74d6995a49Rect2\"><\/div> <div class=\"rbs_gallery_69e74d6995a49Rect3\"><\/div> <div class=\"rbs_gallery_69e74d6995a49Rect4\"><\/div> <div class=\"rbs_gallery_69e74d6995a49Rect5\"><\/div><\/div><div id=\"robo_gallery_main_block_rbs_gallery_69e74d6995a49\" class=\"robogallery-gallery-2750\" style=\"width:100%;  display: none;\"><div id=\"rbs_gallery_69e74d6995a49\" data-options=\"rbs_gallery_69e74d6995a49\" style=\"width:100%;\" class=\"robo_gallery  \"><div class=\"rbs-img  category2750 \" ><div class=\"rbs-img-image   rbs-lightbox \" ><div class=\"rbs-img-thumbs\"  data-thumbnail=\"https:\/\/www.paripari-lingerie.com\/wp-content\/uploads\/2021\/11\/VESTA-RED-PUSH-UP-and-FULL-FRONT-683x1024.jpg\"  title=\"VESTA RED PUSH-UP and FULL FRONT\"  data-width=\"683\"  data-height=\"1024\" ><\/div><div class=\"rbs-img-data-popup\"  data-popup=\"https:\/\/www.paripari-lingerie.com\/wp-content\/uploads\/2021\/11\/VESTA-RED-PUSH-UP-and-FULL-FRONT.jpg\"  title=\"VESTA RED PUSH-UP and FULL FRONT\" ><\/div><div class=\"thumbnail-overlay\"><div class=\"rbsTitle \">VESTA RED PUSH-UP and FULL FRONT<\/div><div class=\"rbsIcons\"><i class=\"fa fa-search-plus rbsZoomIcon \" ><\/i><\/div><\/div><\/div><\/div><div class=\"rbs-img  category2750 \" ><div class=\"rbs-img-image   rbs-lightbox \" ><div class=\"rbs-img-thumbs\"  data-thumbnail=\"https:\/\/www.paripari-lingerie.com\/wp-content\/uploads\/2021\/11\/VESTA-RED-PUSH-UP-and-FULL-REAR-683x1024.jpg\"  title=\"VESTA RED PUSH-UP and FULL REAR\"  data-width=\"683\"  data-height=\"1024\" ><\/div><div class=\"rbs-img-data-popup\"  data-popup=\"https:\/\/www.paripari-lingerie.com\/wp-content\/uploads\/2021\/11\/VESTA-RED-PUSH-UP-and-FULL-REAR.jpg\"  title=\"VESTA RED PUSH-UP and FULL REAR\" ><\/div><div class=\"thumbnail-overlay\"><div class=\"rbsTitle \">VESTA RED PUSH-UP and FULL REAR<\/div><div class=\"rbsIcons\"><i class=\"fa fa-search-plus rbsZoomIcon \" ><\/i><\/div><\/div><\/div><\/div><div class=\"rbs-img  category2750 \" ><div class=\"rbs-img-image   rbs-lightbox \" ><div class=\"rbs-img-thumbs\"  data-thumbnail=\"https:\/\/www.paripari-lingerie.com\/wp-content\/uploads\/2021\/11\/VESTA-RED-PUSH-UP-and-BOXERS-FRONT-683x1024.jpg\"  title=\"VESTA RED PUSH-UP and BOXERS FRONT\"  data-width=\"683\"  data-height=\"1024\" ><\/div><div class=\"rbs-img-data-popup\"  data-popup=\"https:\/\/www.paripari-lingerie.com\/wp-content\/uploads\/2021\/11\/VESTA-RED-PUSH-UP-and-BOXERS-FRONT.jpg\"  title=\"VESTA RED PUSH-UP and BOXERS FRONT\" ><\/div><div class=\"thumbnail-overlay\"><div class=\"rbsTitle \">VESTA RED PUSH-UP and BOXERS FRONT<\/div><div class=\"rbsIcons\"><i class=\"fa fa-search-plus rbsZoomIcon \" ><\/i><\/div><\/div><\/div><\/div><div class=\"rbs-img  category2750 \" ><div class=\"rbs-img-image   rbs-lightbox \" ><div class=\"rbs-img-thumbs\"  data-thumbnail=\"https:\/\/www.paripari-lingerie.com\/wp-content\/uploads\/2021\/11\/VESTA-RED-SHIRT-FRONT-683x1024.jpg\"  title=\"VESTA RED SHIRT FRONT\"  data-width=\"683\"  data-height=\"1024\" ><\/div><div class=\"rbs-img-data-popup\"  data-popup=\"https:\/\/www.paripari-lingerie.com\/wp-content\/uploads\/2021\/11\/VESTA-RED-SHIRT-FRONT.jpg\"  title=\"VESTA RED SHIRT FRONT\" ><\/div><div class=\"thumbnail-overlay\"><div class=\"rbsTitle \">VESTA RED SHIRT FRONT<\/div><div class=\"rbsIcons\"><i class=\"fa fa-search-plus rbsZoomIcon \" ><\/i><\/div><\/div><\/div><\/div><div class=\"rbs-img  category2750 \" ><div class=\"rbs-img-image   rbs-lightbox \" ><div class=\"rbs-img-thumbs\"  data-thumbnail=\"https:\/\/www.paripari-lingerie.com\/wp-content\/uploads\/2021\/11\/VESTA-RED-PUSH-UP-and-BOXERS-REAR-683x1024.jpg\"  title=\"VESTA RED PUSH-UP and BOXERS REAR\"  data-width=\"683\"  data-height=\"1024\" ><\/div><div class=\"rbs-img-data-popup\"  data-popup=\"https:\/\/www.paripari-lingerie.com\/wp-content\/uploads\/2021\/11\/VESTA-RED-PUSH-UP-and-BOXERS-REAR.jpg\"  title=\"VESTA RED PUSH-UP and BOXERS REAR\" ><\/div><div class=\"thumbnail-overlay\"><div class=\"rbsTitle \">VESTA RED PUSH-UP and BOXERS REAR<\/div><div class=\"rbsIcons\"><i class=\"fa fa-search-plus rbsZoomIcon \" ><\/i><\/div><\/div><\/div><\/div><div class=\"rbs-img  category2750 \" ><div class=\"rbs-img-image   rbs-lightbox \" ><div class=\"rbs-img-thumbs\"  data-thumbnail=\"https:\/\/www.paripari-lingerie.com\/wp-content\/uploads\/2021\/11\/VESTA-RED-PUSH-UP-and-STRING-FRONT-683x1024.jpg\"  title=\"VESTA RED PUSH-UP and STRING FRONT\"  data-width=\"683\"  data-height=\"1024\" ><\/div><div class=\"rbs-img-data-popup\"  data-popup=\"https:\/\/www.paripari-lingerie.com\/wp-content\/uploads\/2021\/11\/VESTA-RED-PUSH-UP-and-STRING-FRONT.jpg\"  title=\"VESTA RED PUSH-UP and STRING FRONT\" ><\/div><div class=\"thumbnail-overlay\"><div class=\"rbsTitle \">VESTA RED PUSH-UP and STRING FRONT<\/div><div class=\"rbsIcons\"><i class=\"fa fa-search-plus rbsZoomIcon \" ><\/i><\/div><\/div><\/div><\/div><div class=\"rbs-img  category2750 \" ><div class=\"rbs-img-image   rbs-lightbox \" ><div class=\"rbs-img-thumbs\"  data-thumbnail=\"https:\/\/www.paripari-lingerie.com\/wp-content\/uploads\/2021\/11\/VESTA-RED-PUSH-UP-and-STRING-REAR-683x1024.jpg\"  title=\"VESTA RED PUSH-UP and STRING REAR\"  data-width=\"683\"  data-height=\"1024\" ><\/div><div class=\"rbs-img-data-popup\"  data-popup=\"https:\/\/www.paripari-lingerie.com\/wp-content\/uploads\/2021\/11\/VESTA-RED-PUSH-UP-and-STRING-REAR.jpg\"  title=\"VESTA RED PUSH-UP and STRING REAR\" ><\/div><div class=\"thumbnail-overlay\"><div class=\"rbsTitle \">VESTA RED PUSH-UP and STRING REAR<\/div><div class=\"rbsIcons\"><i class=\"fa fa-search-plus rbsZoomIcon \" ><\/i><\/div><\/div><\/div><\/div><div class=\"rbs-img  category2750 \" ><div class=\"rbs-img-image   rbs-lightbox \" ><div class=\"rbs-img-thumbs\"  data-thumbnail=\"https:\/\/www.paripari-lingerie.com\/wp-content\/uploads\/2021\/11\/VESTA-RED-SHIRT-REAR-683x1024.jpg\"  title=\"VESTA RED SHIRT REAR\"  data-width=\"683\"  data-height=\"1024\" ><\/div><div class=\"rbs-img-data-popup\"  data-popup=\"https:\/\/www.paripari-lingerie.com\/wp-content\/uploads\/2021\/11\/VESTA-RED-SHIRT-REAR.jpg\"  title=\"VESTA RED SHIRT REAR\" ><\/div><div class=\"thumbnail-overlay\"><div class=\"rbsTitle \">VESTA RED SHIRT REAR<\/div><div class=\"rbsIcons\"><i class=\"fa fa-search-plus rbsZoomIcon \" ><\/i><\/div><\/div><\/div><\/div><\/div><\/div><\/div><script>var rbs_gallery_69e74d6995a49 = {\"version\":\"5.1.4\",\"id\":2750,\"class\":\"id2750\",\"roboGalleryDelay\":1000,\"mainContainer\":\"#robo_gallery_main_block_rbs_gallery_69e74d6995a49\",\"loadingContainer\":\"#rbs_gallery_69e74d6995a49-block-loader\",\"loadingContainerObj\":\"rbs_gallery_69e74d6995a49-block-loader\",\"columnWidth\":\"auto\",\"columns\":3,\"resolutions\":[{\"columnWidth\":\"auto\",\"columns\":3,\"maxWidth\":960},{\"columnWidth\":\"auto\",\"columns\":2,\"maxWidth\":650},{\"columnWidth\":\"auto\",\"columns\":1,\"maxWidth\":450}],\"lightboxOptions\":{\"gallery\":{\"enabled\":true,\"tCounter\":\"%curr% of %total%\"}},\"overlayEffect\":\"direction-aware-fade\",\"boxesToLoadStart\":12,\"boxesToLoad\":8,\"waitUntilThumbLoads\":1,\"LoadingWord\":\"Loading...\",\"loadMoreWord\":\"Load More\",\"noMoreEntriesWord\":\"No More Entries\",\"horizontalSpaceBetweenBoxes\":15,\"verticalSpaceBetweenBoxes\":15,\"lazyLoad\":0,\"wrapContainer\":\"#robo-gallery-wrap-rbs_gallery_69e74d6995a49\"};<\/script><\/p>\n<p><p><b>Soutien-gorge Vesta<\/b> est un \u00e9l\u00e9gant push-up en dentelle d\u00e9licate, mettant en valeur sa l\u00e9g\u00e8ret\u00e9 et son charme f\u00e9minin. Dot\u00e9 de coussinets amovibles et de bonnets rembourr\u00e9s, il mod\u00e8le parfaitement la poitrine. De subtils n\u0153uds entre les bonnets et sur les bretelles ajoutent une touche de gr\u00e2ce. Le soutien-gorge dispose de bretelles r\u00e9glables et d\u00e9tachables, de baleines lat\u00e9rales pour un ajustement parfait, et d\u2019une fermeture arri\u00e8re avec deux ou trois crochets (selon la taille) avec trois niveaux de r\u00e9glage. C\u2019est un choix id\u00e9al pour toutes les occasions.<\/p>\n<p>Les \u00e9l\u00e9ments suivants de la collection Vesta s&rsquo;accordent parfaitement :<\/p>\n<ul>\n<li><b>Culotte Vesta<\/b> : Une culotte classique qui combine le charme raffin\u00e9 de la dentelle avec le confort de la microfibre. La coupe confortable met en valeur la silhouette f\u00e9minine, offrant \u00e9l\u00e9gance et confort au quotidien.<\/li>\n<li><b>String Vesta<\/b> : Ces magnifiques strings associent le charme sensuel de la dentelle \u00e0 la praticit\u00e9 de la microfibre, soulignant parfaitement les courbes f\u00e9minines. Un m\u00e9lange d&rsquo;\u00e9l\u00e9gance subtile et de confort moderne.<\/li>\n<li><b>Shorty Vesta<\/b> : Charmants shortys o\u00f9 la dentelle d\u00e9licate met magnifiquement en valeur la silhouette. Un n\u0153ud en satin ajoute une touche de charme unique, et le dos en microfibre \u00e9l\u00e9gante garantit un confort optimal.<\/li>\n<li><b>Haut Vesta<\/b> : Un haut subtil et sensuel alliant la douceur de la microfibre au charme de la dentelle. Gr\u00e2ce aux propri\u00e9t\u00e9s modelantes de la microfibre, il s\u2019ajuste parfaitement \u00e0 la silhouette, mettant en valeur sa beaut\u00e9 naturelle.<\/li>\n<\/ul>\n<p>L&rsquo;ensemble complet cr\u00e9e une ligne de lingerie f\u00e9minine, sensuelle et coh\u00e9rente, offrant \u00e0 la fois confort et une allure \u00e9poustouflante en toute circonstance.<\/p>\n<p><\/p><br \/>\n<p><a href=\"\/sizes-table\">Tableau des tailles de <strong>lingerie PariPari<\/strong><\/a><br \/>\n<\/p><br \/>\n<p><\/p>\n<table class=\"sizeTable\">\n<tbody>\n<tr>\n<td><b>SOUTIEN-GORGE PUSH-UP<\/b><br \/>\n65 CDEFGH<br \/>\n70 BCDEFG<br \/>\n75 ABCDEFGH<br \/>\n80 ABCDEFG<br \/>\n85 ABCDEF<br \/>\n90 BCDE<br \/>\n95 BCD<br \/>\n100 BC<br \/>\n105 B<\/td>\n<\/tr>\n<\/tbody>\n<\/table>\n<p><\/p><\/p>\n<p><\/p>\n<table class=\"sizeTable\">\n<tbody>\n<tr>\n<td><b>CULOTTES CLASSIQUES<\/b><br \/>\nS, M, L, XL, XXL<\/td>\n<td><b>STRING<\/b><br \/>\nS, M, L, XL, XXL<\/td>\n<td><b>BOXERS<\/b><br \/>\nS, M, L, XL, XXL<\/td>\n<\/tr>\n<\/tbody>\n<\/table>\n<p><\/p>\n<p><\/p>\n<table class=\"sizeTable\">\n<tbody>\n<tr>\n<td><b>CHEMISE DE NUIT<\/b><br \/>\nS, M, L, XL, XXL<\/td>\n<\/tr>\n<\/tbody>\n<\/table>\n<p><\/p>\n<p><p><\/p>\n<div style=\"display: flex; align-items: center; gap: 15px; margin-top: 20px; width: 100%;\">\n    <img decoding=\"async\" src=\"https:\/\/www.paripari-lingerie.com\/wp-content\/uploads\/2024\/10\/handshake_icon.png\" alt=\"Ic\u00f4ne de collaboration\" style=\"width: 50px; height: auto;\"\/><\/p>\n<div>\n        <b>Souhaitez-vous collaborer avec nous et devenir distributeur de la lingerie PariPari ?<br \/>\n        <a href=\"https:\/\/www.paripari-lingerie.com\/cooperation-resell-paripari-lingerie-and-build-your-success-with-our-brand\/\">Trouvez plus d&rsquo;informations ici<\/a>, contactez-nous \u2013 nous sommes impatients de vous entendre\u00a0!<\/b>\n    <\/div>\n<\/div>\n<p><\/p><br \/>\n<br \/>\n<\/p>","protected":false},"excerpt":{"rendered":"","protected":false},"author":1,"featured_media":0,"parent":1564,"menu_order":29,"comment_status":"closed","ping_status":"closed","template":"","meta":{"footnotes":""},"class_list":["post-2727","page","type-page","status-publish","czr-hentry"],"_links":{"self":[{"href":"https:\/\/www.paripari-lingerie.com\/fr\/wp-json\/wp\/v2\/pages\/2727","targetHints":{"allow":["GET"]}}],"collection":[{"href":"https:\/\/www.paripari-lingerie.com\/fr\/wp-json\/wp\/v2\/pages"}],"about":[{"href":"https:\/\/www.paripari-lingerie.com\/fr\/wp-json\/wp\/v2\/types\/page"}],"author":[{"embeddable":true,"href":"https:\/\/www.paripari-lingerie.com\/fr\/wp-json\/wp\/v2\/users\/1"}],"replies":[{"embeddable":true,"href":"https:\/\/www.paripari-lingerie.com\/fr\/wp-json\/wp\/v2\/comments?post=2727"}],"version-history":[{"count":14,"href":"https:\/\/www.paripari-lingerie.com\/fr\/wp-json\/wp\/v2\/pages\/2727\/revisions"}],"predecessor-version":[{"id":3814,"href":"https:\/\/www.paripari-lingerie.com\/fr\/wp-json\/wp\/v2\/pages\/2727\/revisions\/3814"}],"up":[{"embeddable":true,"href":"https:\/\/www.paripari-lingerie.com\/fr\/wp-json\/wp\/v2\/pages\/1564"}],"wp:attachment":[{"href":"https:\/\/www.paripari-lingerie.com\/fr\/wp-json\/wp\/v2\/media?parent=2727"}],"curies":[{"name":"wp","href":"https:\/\/api.w.org\/{rel}","templated":true}]}}