{"id":2928,"date":"2021-11-30T19:58:24","date_gmt":"2021-11-30T18:58:24","guid":{"rendered":"https:\/\/www.paripari-lingerie.com\/?page_id=2928"},"modified":"2024-09-30T12:12:11","modified_gmt":"2024-09-30T11:12:11","slug":"where-to-buy-paripari-lingerie","status":"publish","type":"page","link":"https:\/\/www.paripari-lingerie.com\/fr\/where-to-buy-paripari-lingerie\/","title":{"rendered":"O\u00f9 acheter de la lingerie PariPari"},"content":{"rendered":"<p><img loading=\"lazy\" decoding=\"async\" class=\"alignleft wp-image-2940\" src=\"https:\/\/www.paripari-lingerie.com\/wp-content\/uploads\/2021\/11\/where-to-buy-image-239x300.jpg\" alt=\"\" width=\"300\" height=\"377\" srcset=\"https:\/\/www.paripari-lingerie.com\/wp-content\/uploads\/2021\/11\/where-to-buy-image-239x300.jpg 239w, https:\/\/www.paripari-lingerie.com\/wp-content\/uploads\/2021\/11\/where-to-buy-image-768x966.jpg 768w, https:\/\/www.paripari-lingerie.com\/wp-content\/uploads\/2021\/11\/where-to-buy-image.jpg 800w\" sizes=\"auto, (max-width: 300px) 100vw, 300px\" \/>Nous sommes ravis que vous vous int\u00e9ressiez \u00e0 savoir o\u00f9 acheter notre lingerie, et nous vous en remercions sinc\u00e8rement.<\/p>\n<p>Cependant, nous ne r\u00e9alisons pas de ventes au d\u00e9tail et ne disposons pas de boutique en ligne propre, car nous nous concentrons sur la conception, la production et la distribution en gros de lingerie PariPari.<\/p>\n<p>Nous collaborons toutefois avec de nombreuses entreprises sp\u00e9cialis\u00e9es dans la vente de lingerie f\u00e9minine, v\u00e9ritables professionnelles dans ce domaine. Nous vous invitons \u00e0 choisir le d\u00e9taillant qui correspond le mieux \u00e0 vos pr\u00e9f\u00e9rences d&rsquo;achat, et nous pouvons vous garantir que, o\u00f9 que vous achetiez de la lingerie PariPari, vous en serez pleinement satisfait(e).<\/p>\n<p>Pour vous faciliter la t\u00e2che, nous avons inclus un lien ci-dessous qui m\u00e8ne aux r\u00e9sultats du plus grand moteur de recherche, affichant les offres actuelles de notre lingerie en ligne \u2013 bons achats\u00a0!<\/p>\n<p><a href=\"https:\/\/www.paripari-lingerie.com\/linkRedirect.php?linkID=4&amp;utm_campaign=pageWhereToBuyFR\" target=\"_blank\" rel=\"noopener\">https:\/\/www.google.fr\/search?q=PariPari+lingerie<\/a><\/p>\n<p>Si vous \u00eates int\u00e9ress\u00e9(e) par un partenariat commercial pour vendre notre lingerie, <a href=\"https:\/\/www.paripari-lingerie.com\/cooperation-resell-paripari-lingerie-and-build-your-success-with-our-brand\/\">nous vous invitons \u00e0 collaborer avec nous (cliquez ici)<\/a>.<\/p>\n<p>Et si votre magasin de lingerie pr\u00e9f\u00e9r\u00e9 ne propose pas encore de produits PariPari et que vous pensez qu\u2019il est temps de changer cela, veuillez nous en informer.<\/p>","protected":false},"excerpt":{"rendered":"<p>Nous sommes ravis que vous vous int\u00e9ressiez \u00e0 savoir o\u00f9 acheter notre lingerie, et nous vous en remercions sinc\u00e8rement. Cependant, nous ne r\u00e9alisons pas de ventes au d\u00e9tail et ne disposons pas de boutique en ligne propre, car nous nous concentrons sur la conception, la production et la distribution en gros de lingerie PariPari. Nous [&hellip;]<\/p>\n","protected":false},"author":1,"featured_media":0,"parent":0,"menu_order":0,"comment_status":"closed","ping_status":"closed","template":"","meta":{"footnotes":""},"class_list":["post-2928","page","type-page","status-publish","czr-hentry"],"_links":{"self":[{"href":"https:\/\/www.paripari-lingerie.com\/fr\/wp-json\/wp\/v2\/pages\/2928","targetHints":{"allow":["GET"]}}],"collection":[{"href":"https:\/\/www.paripari-lingerie.com\/fr\/wp-json\/wp\/v2\/pages"}],"about":[{"href":"https:\/\/www.paripari-lingerie.com\/fr\/wp-json\/wp\/v2\/types\/page"}],"author":[{"embeddable":true,"href":"https:\/\/www.paripari-lingerie.com\/fr\/wp-json\/wp\/v2\/users\/1"}],"replies":[{"embeddable":true,"href":"https:\/\/www.paripari-lingerie.com\/fr\/wp-json\/wp\/v2\/comments?post=2928"}],"version-history":[{"count":23,"href":"https:\/\/www.paripari-lingerie.com\/fr\/wp-json\/wp\/v2\/pages\/2928\/revisions"}],"predecessor-version":[{"id":3473,"href":"https:\/\/www.paripari-lingerie.com\/fr\/wp-json\/wp\/v2\/pages\/2928\/revisions\/3473"}],"wp:attachment":[{"href":"https:\/\/www.paripari-lingerie.com\/fr\/wp-json\/wp\/v2\/media?parent=2928"}],"curies":[{"name":"wp","href":"https:\/\/api.w.org\/{rel}","templated":true}]}}