{"id":30,"date":"2016-11-02T13:49:40","date_gmt":"2016-11-02T13:49:40","guid":{"rendered":"http:\/\/wp.crx\/?page_id=30"},"modified":"2024-10-05T12:37:48","modified_gmt":"2024-10-05T11:37:48","slug":"contact","status":"publish","type":"page","link":"https:\/\/www.paripari-lingerie.com\/fr\/contact\/","title":{"rendered":"Contact"},"content":{"rendered":"<p><\/p>\n<div>PariPari Sp. z o.o.<\/div>\n<div>ul. Filomat\u00f3w 36,<br \/>\n42-217 Cz\u0119stochowa<br \/>\nPologne<\/div>\n<div><\/div>\n<div>T\u00e9l\u00e9phone : <span class=\"contact-text\"><a href=\"tel:+48796616400\">+48 796 616 400<\/a><\/span><br \/>\n<a href=\"mailto:info@paripari-lingerie.com\">info@paripari-lingerie.com<\/a><\/div>\n<div><\/div>\n<div>Num\u00e9ro fiscal (NIP) : PL5732845544<br \/>\nNum\u00e9ro statistique (REGON) : 243249381<br \/>\nRegistre national judiciaire (KRS) : 0000463787<\/div>\n<div>17e Division commerciale du Registre national judiciaire.<br \/>\nLe capital social s&rsquo;\u00e9l\u00e8ve \u00e0 10.000,00 PLN<\/div>\n<p><p><\/p>\n<p><b>Nous vous invitons \u00e0 contacter notre entreprise ! Nous ferons de notre mieux pour r\u00e9pondre \u00e0 votre demande dans les plus brefs d\u00e9lais. Nous sommes heureux de r\u00e9pondre \u00e0 toutes vos questions.<\/b><br \/>\n<br \/>\n\n<div class=\"wpcf7 no-js\" id=\"wpcf7-f3701-o25\" lang=\"pl-PL\" dir=\"ltr\" data-wpcf7-id=\"3701\">\n<div class=\"screen-reader-response\"><p role=\"status\" aria-live=\"polite\" aria-atomic=\"true\"><\/p> <ul><\/ul><\/div>\n<form action=\"\/fr\/wp-json\/wp\/v2\/pages\/30#wpcf7-f3701-o25\" method=\"post\" class=\"wpcf7-form init\" aria-label=\"Formularz kontaktowy\" novalidate=\"novalidate\" data-status=\"init\">\n<fieldset class=\"hidden-fields-container\"><input type=\"hidden\" name=\"_wpcf7\" value=\"3701\" \/><input type=\"hidden\" name=\"_wpcf7_version\" value=\"6.1.5\" \/><input type=\"hidden\" name=\"_wpcf7_locale\" value=\"pl_PL\" \/><input type=\"hidden\" name=\"_wpcf7_unit_tag\" value=\"wpcf7-f3701-o25\" \/><input type=\"hidden\" name=\"_wpcf7_container_post\" value=\"0\" \/><input type=\"hidden\" name=\"_wpcf7_posted_data_hash\" value=\"\" \/><input type=\"hidden\" name=\"_wpcf7_recaptcha_response\" value=\"\" \/>\n<\/fieldset>\n<p><label> Votre nom et pr\u00e9nom<br \/>\n<span class=\"wpcf7-form-control-wrap\" data-name=\"your-name\"><input size=\"40\" maxlength=\"400\" class=\"wpcf7-form-control wpcf7-text wpcf7-validates-as-required\" autocomplete=\"name\" aria-required=\"true\" aria-invalid=\"false\" value=\"\" type=\"text\" name=\"your-name\" \/><\/span> <\/label>\n<\/p>\n<p><label> Votre adresse e-mail<br \/>\n<span class=\"wpcf7-form-control-wrap\" data-name=\"your-email\"><input size=\"40\" maxlength=\"400\" class=\"wpcf7-form-control wpcf7-email wpcf7-validates-as-required wpcf7-text wpcf7-validates-as-email\" autocomplete=\"email\" aria-required=\"true\" aria-invalid=\"false\" value=\"\" type=\"email\" name=\"your-email\" \/><\/span> <\/label>\n<\/p>\n<p><label> Sujet<br \/>\n<span class=\"wpcf7-form-control-wrap\" data-name=\"your-subject\"><input size=\"40\" maxlength=\"400\" class=\"wpcf7-form-control wpcf7-text wpcf7-validates-as-required\" aria-required=\"true\" aria-invalid=\"false\" value=\"\" type=\"text\" name=\"your-subject\" \/><\/span> <\/label>\n<\/p>\n<p><label> Votre message (optionnel)<br \/>\n<span class=\"wpcf7-form-control-wrap\" data-name=\"your-message\"><textarea cols=\"40\" rows=\"10\" maxlength=\"2000\" class=\"wpcf7-form-control wpcf7-textarea\" aria-invalid=\"false\" name=\"your-message\"><\/textarea><\/span> <\/label>\n<\/p>\n<p><input class=\"wpcf7-form-control wpcf7-submit has-spinner\" type=\"submit\" value=\"Envoyer\" \/>\n<\/p><div class=\"wpcf7-response-output\" aria-hidden=\"true\"><\/div>\n<\/form>\n<\/div>\n<br \/><\/p>","protected":false},"excerpt":{"rendered":"<p>PariPari Sp. z o.o. ul. Filomat\u00f3w 36, 42-217 Cz\u0119stochowa Pologne T\u00e9l\u00e9phone : +48 796 616 400 info@paripari-lingerie.com Num\u00e9ro fiscal (NIP) : PL5732845544 Num\u00e9ro statistique (REGON) : 243249381 Registre national judiciaire (KRS) : 0000463787 17e Division commerciale du Registre national judiciaire. Le capital social s&rsquo;\u00e9l\u00e8ve \u00e0 10.000,00 PLN<\/p>\n","protected":false},"author":1,"featured_media":3368,"parent":0,"menu_order":6,"comment_status":"closed","ping_status":"closed","template":"","meta":{"footnotes":""},"class_list":["post-30","page","type-page","status-publish","has-post-thumbnail","czr-hentry"],"_links":{"self":[{"href":"https:\/\/www.paripari-lingerie.com\/fr\/wp-json\/wp\/v2\/pages\/30","targetHints":{"allow":["GET"]}}],"collection":[{"href":"https:\/\/www.paripari-lingerie.com\/fr\/wp-json\/wp\/v2\/pages"}],"about":[{"href":"https:\/\/www.paripari-lingerie.com\/fr\/wp-json\/wp\/v2\/types\/page"}],"author":[{"embeddable":true,"href":"https:\/\/www.paripari-lingerie.com\/fr\/wp-json\/wp\/v2\/users\/1"}],"replies":[{"embeddable":true,"href":"https:\/\/www.paripari-lingerie.com\/fr\/wp-json\/wp\/v2\/comments?post=30"}],"version-history":[{"count":46,"href":"https:\/\/www.paripari-lingerie.com\/fr\/wp-json\/wp\/v2\/pages\/30\/revisions"}],"predecessor-version":[{"id":3598,"href":"https:\/\/www.paripari-lingerie.com\/fr\/wp-json\/wp\/v2\/pages\/30\/revisions\/3598"}],"wp:featuredmedia":[{"embeddable":true,"href":"https:\/\/www.paripari-lingerie.com\/fr\/wp-json\/wp\/v2\/media\/3368"}],"wp:attachment":[{"href":"https:\/\/www.paripari-lingerie.com\/fr\/wp-json\/wp\/v2\/media?parent=30"}],"curies":[{"name":"wp","href":"https:\/\/api.w.org\/{rel}","templated":true}]}}