{"id":3096,"date":"2022-10-28T12:23:16","date_gmt":"2022-10-28T11:23:16","guid":{"rendered":"https:\/\/www.paripari-lingerie.com\/?page_id=3096"},"modified":"2024-12-20T12:14:23","modified_gmt":"2024-12-20T11:14:23","slug":"katia-beige","status":"publish","type":"page","link":"https:\/\/www.paripari-lingerie.com\/fr\/collection\/katia-beige\/","title":{"rendered":"KATIA BEIGE"},"content":{"rendered":"<p><br \/>\n<\/p>\n<p style=\"text-align: center;\"><style type=\"text\/css\" scoped>.rbs_gallery_69e74a2407a90Spinner{\r\n\t\t\t\tmargin: 50px auto;\r\n\t\t\t\twidth: 50px;\r\n\t\t\t\theight: 40px;\r\n\t\t\t\ttext-align: center;\r\n\t\t\t\tfont-size: 10px;\r\n\t\t\t}\r\n\t\t\t.rbs_gallery_69e74a2407a90Spinner > div{\r\n\t\t\t  background-color: #333;\r\n\t\t\t  height: 100%;\r\n\t\t\t  width: 6px;\r\n\t\t\t  display: inline-block;\r\n\t\t\t  -webkit-animation: rbs_gallery_69e74a2407a90-stretchdelay 1.2s infinite ease-in-out;\r\n\t\t\t  animation: rbs_gallery_69e74a2407a90-stretchdelay 1.2s infinite ease-in-out;\r\n\t\t\t}\r\n\t\t\t.rbs_gallery_69e74a2407a90Spinner .rbs_gallery_69e74a2407a90Rect2 {\r\n\t\t\t  -webkit-animation-delay: -1.1s;\r\n\t\t\t  animation-delay: -1.1s;\r\n\t\t\t}\r\n\t\t\t.rbs_gallery_69e74a2407a90Spinner .rbs_gallery_69e74a2407a90Rect3 {\r\n\t\t\t  -webkit-animation-delay: -1.0s;\r\n\t\t\t  animation-delay: -1.0s;\r\n\t\t\t}\r\n\t\t\t.rbs_gallery_69e74a2407a90Spinner .rbs_gallery_69e74a2407a90Rect4 {\r\n\t\t\t  -webkit-animation-delay: -0.9s;\r\n\t\t\t  animation-delay: -0.9s;\r\n\t\t\t}\r\n\t\t\t.rbs_gallery_69e74a2407a90Spinner .rbs_gallery_69e74a2407a90Rect5 {\r\n\t\t\t  -webkit-animation-delay: -0.8s;\r\n\t\t\t  animation-delay: -0.8s;\r\n\t\t\t}\r\n\t\t\t@-webkit-keyframes rbs_gallery_69e74a2407a90-stretchdelay {\r\n\t\t\t  0%, 40%, 100% { -webkit-transform: scaleY(0.4) }  \r\n\t\t\t  20% { -webkit-transform: scaleY(1.0) }\r\n\t\t\t}\r\n\t\t\t@keyframes rbs_gallery_69e74a2407a90-stretchdelay {\r\n\t\t\t  0%, 40%, 100% { \r\n\t\t\t    transform: scaleY(0.4);\r\n\t\t\t    -webkit-transform: scaleY(0.4);\r\n\t\t\t  }  20% { \r\n\t\t\t    transform: scaleY(1.0);\r\n\t\t\t    -webkit-transform: scaleY(1.0);\r\n\t\t\t  }\r\n\t\t\t}\r\n\t\t<\/style><div class=\"robo-gallery-wrap robo-gallery-wrap-id3097 robo-gallery-\" ><div id=\"rbs_gallery_69e74a2407a90-block-loader\" class=\"rbs_gallery_69e74a2407a90Spinner\"><div class=\"rbs_gallery_69e74a2407a90Rect1\"><\/div> <div class=\"rbs_gallery_69e74a2407a90Rect2\"><\/div> <div class=\"rbs_gallery_69e74a2407a90Rect3\"><\/div> <div class=\"rbs_gallery_69e74a2407a90Rect4\"><\/div> <div class=\"rbs_gallery_69e74a2407a90Rect5\"><\/div><\/div><div class=\"rbs_gallery_button  rbs_gallery_align_left\" id=\"rbs_gallery_69e74a2407a90filter\" style=\" display: none;\" ><a class=\"button button-border-caution  \" href=\"#\" data-filter=\"*\">All<\/a><\/div><div id=\"robo_gallery_main_block_rbs_gallery_69e74a2407a90\" class=\"robogallery-gallery-3097\" style=\"width:100%;  display: none;\"><div id=\"rbs_gallery_69e74a2407a90\" data-options=\"rbs_gallery_69e74a2407a90\" style=\"width:100%;\" class=\"robo_gallery  \"><div class=\"rbs-img  category3097 \" ><div class=\"rbs-img-image   rbs-lightbox \" ><div class=\"rbs-img-thumbs\"  data-thumbnail=\"https:\/\/www.paripari-lingerie.com\/wp-content\/uploads\/2022\/10\/KATIA-BEIGE-SHIRT-FRONT-683x1024.jpg\"  title=\"KATIA BEIGE SHIRT FRONT\"  data-width=\"683\"  data-height=\"1024\" ><\/div><div class=\"rbs-img-data-popup\"  data-popup=\"https:\/\/www.paripari-lingerie.com\/wp-content\/uploads\/2022\/10\/KATIA-BEIGE-SHIRT-FRONT.jpg\"  title=\"KATIA BEIGE SHIRT FRONT\" ><\/div><div class=\"thumbnail-overlay\"><div class=\"rbsTitle \">KATIA BEIGE SHIRT FRONT<\/div><div class=\"rbsIcons\"><i class=\"fa fa-search-plus rbsZoomIcon \" ><\/i><\/div><\/div><\/div><\/div><div class=\"rbs-img  category3097 \" ><div class=\"rbs-img-image   rbs-lightbox \" ><div class=\"rbs-img-thumbs\"  data-thumbnail=\"https:\/\/www.paripari-lingerie.com\/wp-content\/uploads\/2022\/10\/KATIA-BEIGE-SHIRT-REAR-683x1024.jpg\"  title=\"KATIA BEIGE SHIRT REAR\"  data-width=\"683\"  data-height=\"1024\" ><\/div><div class=\"rbs-img-data-popup\"  data-popup=\"https:\/\/www.paripari-lingerie.com\/wp-content\/uploads\/2022\/10\/KATIA-BEIGE-SHIRT-REAR.jpg\"  title=\"KATIA BEIGE SHIRT REAR\" ><\/div><div class=\"thumbnail-overlay\"><div class=\"rbsTitle \">KATIA BEIGE SHIRT REAR<\/div><div class=\"rbsIcons\"><i class=\"fa fa-search-plus rbsZoomIcon \" ><\/i><\/div><\/div><\/div><\/div><div class=\"rbs-img  category3097 \" ><div class=\"rbs-img-image   rbs-lightbox \" ><div class=\"rbs-img-thumbs\"  data-thumbnail=\"https:\/\/www.paripari-lingerie.com\/wp-content\/uploads\/2022\/10\/KATIA-BEIGE-PUSH-UP-and-BOXERS-FRONT-683x1024.jpg\"  title=\"KATIA BEIGE PUSH-UP and BOXERS FRONT\"  data-width=\"683\"  data-height=\"1024\" ><\/div><div class=\"rbs-img-data-popup\"  data-popup=\"https:\/\/www.paripari-lingerie.com\/wp-content\/uploads\/2022\/10\/KATIA-BEIGE-PUSH-UP-and-BOXERS-FRONT.jpg\"  title=\"KATIA BEIGE PUSH-UP and BOXERS FRONT\" ><\/div><div class=\"thumbnail-overlay\"><div class=\"rbsTitle \">KATIA BEIGE PUSH-UP and BOXERS FRONT<\/div><div class=\"rbsIcons\"><i class=\"fa fa-search-plus rbsZoomIcon \" ><\/i><\/div><\/div><\/div><\/div><div class=\"rbs-img  category3097 \" ><div class=\"rbs-img-image   rbs-lightbox \" ><div class=\"rbs-img-thumbs\"  data-thumbnail=\"https:\/\/www.paripari-lingerie.com\/wp-content\/uploads\/2022\/10\/KATIA-BEIGE-PUSH-UP-and-BOXERS-REAR-696x1024.jpg\"  title=\"KATIA BEIGE PUSH-UP and BOXERS REAR\"  data-width=\"696\"  data-height=\"1024\" ><\/div><div class=\"rbs-img-data-popup\"  data-popup=\"https:\/\/www.paripari-lingerie.com\/wp-content\/uploads\/2022\/10\/KATIA-BEIGE-PUSH-UP-and-BOXERS-REAR.jpg\"  title=\"KATIA BEIGE PUSH-UP and BOXERS REAR\" ><\/div><div class=\"thumbnail-overlay\"><div class=\"rbsTitle \">KATIA BEIGE PUSH-UP and BOXERS REAR<\/div><div class=\"rbsIcons\"><i class=\"fa fa-search-plus rbsZoomIcon \" ><\/i><\/div><\/div><\/div><\/div><div class=\"rbs-img  category3097 \" ><div class=\"rbs-img-image   rbs-lightbox \" ><div class=\"rbs-img-thumbs\"  data-thumbnail=\"https:\/\/www.paripari-lingerie.com\/wp-content\/uploads\/2022\/10\/KATIA-BEIGE-PUSH-UP-and-FULL-FRONT-683x1024.jpg\"  title=\"KATIA BEIGE PUSH-UP and FULL FRONT\"  data-width=\"683\"  data-height=\"1024\" ><\/div><div class=\"rbs-img-data-popup\"  data-popup=\"https:\/\/www.paripari-lingerie.com\/wp-content\/uploads\/2022\/10\/KATIA-BEIGE-PUSH-UP-and-FULL-FRONT.jpg\"  title=\"KATIA BEIGE PUSH-UP and FULL FRONT\" ><\/div><div class=\"thumbnail-overlay\"><div class=\"rbsTitle \">KATIA BEIGE PUSH-UP and FULL FRONT<\/div><div class=\"rbsIcons\"><i class=\"fa fa-search-plus rbsZoomIcon \" ><\/i><\/div><\/div><\/div><\/div><div class=\"rbs-img  category3097 \" ><div class=\"rbs-img-image   rbs-lightbox \" ><div class=\"rbs-img-thumbs\"  data-thumbnail=\"https:\/\/www.paripari-lingerie.com\/wp-content\/uploads\/2022\/10\/KATIA-BEIGE-PUSH-UP-and-FULL-REAR-696x1024.jpg\"  title=\"KATIA BEIGE PUSH-UP and FULL REAR\"  data-width=\"696\"  data-height=\"1024\" ><\/div><div class=\"rbs-img-data-popup\"  data-popup=\"https:\/\/www.paripari-lingerie.com\/wp-content\/uploads\/2022\/10\/KATIA-BEIGE-PUSH-UP-and-FULL-REAR.jpg\"  title=\"KATIA BEIGE PUSH-UP and FULL REAR\" ><\/div><div class=\"thumbnail-overlay\"><div class=\"rbsTitle \">KATIA BEIGE PUSH-UP and FULL REAR<\/div><div class=\"rbsIcons\"><i class=\"fa fa-search-plus rbsZoomIcon \" ><\/i><\/div><\/div><\/div><\/div><div class=\"rbs-img  category3097 \" ><div class=\"rbs-img-image   rbs-lightbox \" ><div class=\"rbs-img-thumbs\"  data-thumbnail=\"https:\/\/www.paripari-lingerie.com\/wp-content\/uploads\/2022\/10\/KATIA-BEIGE-PUSH-UP-and-STRING-FRONT-683x1024.jpg\"  title=\"KATIA BEIGE PUSH-UP and STRING FRONT\"  data-width=\"683\"  data-height=\"1024\" ><\/div><div class=\"rbs-img-data-popup\"  data-popup=\"https:\/\/www.paripari-lingerie.com\/wp-content\/uploads\/2022\/10\/KATIA-BEIGE-PUSH-UP-and-STRING-FRONT.jpg\"  title=\"KATIA BEIGE PUSH-UP and STRING FRONT\" ><\/div><div class=\"thumbnail-overlay\"><div class=\"rbsTitle \">KATIA BEIGE PUSH-UP and STRING FRONT<\/div><div class=\"rbsIcons\"><i class=\"fa fa-search-plus rbsZoomIcon \" ><\/i><\/div><\/div><\/div><\/div><div class=\"rbs-img  category3097 \" ><div class=\"rbs-img-image   rbs-lightbox \" ><div class=\"rbs-img-thumbs\"  data-thumbnail=\"https:\/\/www.paripari-lingerie.com\/wp-content\/uploads\/2022\/10\/KATIA-BEIGE-PUSH-UP-and-STRING-REAR-683x1024.jpg\"  title=\"KATIA BEIGE PUSH-UP and STRING REAR\"  data-width=\"683\"  data-height=\"1024\" ><\/div><div class=\"rbs-img-data-popup\"  data-popup=\"https:\/\/www.paripari-lingerie.com\/wp-content\/uploads\/2022\/10\/KATIA-BEIGE-PUSH-UP-and-STRING-REAR.jpg\"  title=\"KATIA BEIGE PUSH-UP and STRING REAR\" ><\/div><div class=\"thumbnail-overlay\"><div class=\"rbsTitle \">KATIA BEIGE PUSH-UP and STRING REAR<\/div><div class=\"rbsIcons\"><i class=\"fa fa-search-plus rbsZoomIcon \" ><\/i><\/div><\/div><\/div><\/div><\/div><\/div><\/div><script>var rbs_gallery_69e74a2407a90 = {\"version\":\"5.1.4\",\"id\":3097,\"class\":\"id3097\",\"roboGalleryDelay\":1000,\"mainContainer\":\"#robo_gallery_main_block_rbs_gallery_69e74a2407a90\",\"loadingContainer\":\"#rbs_gallery_69e74a2407a90-block-loader\",\"loadingContainerObj\":\"rbs_gallery_69e74a2407a90-block-loader\",\"columnWidth\":\"auto\",\"columns\":3,\"resolutions\":[{\"columnWidth\":\"auto\",\"columns\":3,\"maxWidth\":960},{\"columnWidth\":\"auto\",\"columns\":2,\"maxWidth\":650},{\"columnWidth\":\"auto\",\"columns\":1,\"maxWidth\":450}],\"lightboxOptions\":{\"gallery\":{\"enabled\":true,\"tCounter\":\"%curr% of %total%\"}},\"overlayEffect\":\"direction-aware-fade\",\"boxesToLoadStart\":12,\"boxesToLoad\":8,\"waitUntilThumbLoads\":1,\"LoadingWord\":\"Loading...\",\"loadMoreWord\":\"Load More\",\"noMoreEntriesWord\":\"No More Entries\",\"horizontalSpaceBetweenBoxes\":15,\"verticalSpaceBetweenBoxes\":15,\"lazyLoad\":1,\"wrapContainer\":\"#robo-gallery-wrap-rbs_gallery_69e74a2407a90\",\"filterContainer\":\"#rbs_gallery_69e74a2407a90filter\",\"loadMoreClass\":\"button-border-caution \"};<\/script><\/p>\n<p><p><b>Soutien-gorge Push-Up Katia<\/b> est un soutien-gorge sensuel et \u00e9l\u00e9gant qui fa\u00e7onne parfaitement la poitrine. Les bonnets rembourr\u00e9s, recouverts de dentelle florale \u00e9l\u00e9gante, mettent en valeur la poitrine de mani\u00e8re s\u00e9duisante, en lui donnant une forme arrondie gr\u00e2ce aux d\u00e9coupes diagonales et aux armatures. Une belle broderie orne l&rsquo;ensemble des bonnets, et les coussinets amovibles permettent d&rsquo;ajuster l&rsquo;effet push-up. Le soutien-gorge dispose de bretelles r\u00e9glables et amovibles, ainsi que d&rsquo;une fermeture au dos avec deux ou trois crochets selon la taille, et un ajustement sur trois niveaux. Le dos lisse et uni garantit un grand confort, tandis que la bande en dentelle ajoute une touche de raffinement. Un choix id\u00e9al pour un usage quotidien et des occasions sp\u00e9ciales, m\u00eame avec des d\u00e9collet\u00e9s profonds.<\/p>\n<p>Les articles suivants de la collection Katia s&rsquo;accordent parfaitement :<\/p>\n<ul>\n<li><b>Culotte pleine Katia<\/b> : Une belle combinaison de microfibre d\u00e9licate et confortable avec de la dentelle qui met subtilement en valeur la f\u00e9minit\u00e9. La coupe confortable fa\u00e7onne doucement le ventre et les fesses, tout en assurant une libert\u00e9 de mouvement. Les n\u0153uds d\u00e9coratifs ajoutent une touche charmante.<\/li>\n<li><b>String Katia<\/b> : Une belle combinaison de microfibre et de dentelle qui met parfaitement en valeur les courbes de la silhouette f\u00e9minine. Sensuel et \u00e9l\u00e9gant, il est parfait pour un usage quotidien ou des moments sp\u00e9ciaux.<\/li>\n<li><b>Boxers Katia<\/b> : Un design classique et \u00e9l\u00e9gant associ\u00e9 \u00e0 une dentelle riche cr\u00e9e un duo irr\u00e9sistible. Ces boxers \u00e9pousent d\u00e9licatement le corps, offrant \u00e0 la fois un look \u00e9l\u00e9gant et un confort optimal.<\/li>\n<li><b>D\u00e9bardeur Katia<\/b> : Ce d\u00e9bardeur subtil associe un tissu uni et lisse \u00e0 une dentelle \u00e9l\u00e9gante. Les bonnets sont orn\u00e9s de dentelle florale, cr\u00e9ant un d\u00e9collet\u00e9 sensuel qui attire le regard. Parfait pour des soir\u00e9es sp\u00e9ciales, il met en valeur la beaut\u00e9 de la silhouette, tout en offrant confort et \u00e9l\u00e9gance.<\/li>\n<\/ul>\n<p>L&rsquo;ensemble cr\u00e9e une collection de lingerie harmonieuse et sophistiqu\u00e9e qui allie confort et apparence sensuelle, mettant en valeur la beaut\u00e9 de la silhouette f\u00e9minine.<\/p>\n<p><\/p><br \/>\n<p><\/p>\n<table class=\"sizeTable\">\n<tbody>\n<tr>\n<td><b>SOUTIEN-GORGE PUSH-UP<\/b><br \/>\n65 CDEFGH<br \/>\n70 BCDEFG<br \/>\n75 ABCDEFGH<br \/>\n80 ABCDEFG<br \/>\n85 ABCDEF<br \/>\n90 BCDE<br \/>\n95 BCD<br \/>\n100 BC<br \/>\n105 B<\/td>\n<\/tr>\n<\/tbody>\n<\/table>\n<p><\/p><\/p>\n<p><\/p>\n<table class=\"sizeTable\">\n<tbody>\n<tr>\n<td><b>CULOTTES CLASSIQUES<\/b><br \/>\nS, M, L, XL, XXL<\/td>\n<td><b>STRING<\/b><br \/>\nS, M, L, XL, XXL<\/td>\n<td><b>BOXERS<\/b><br \/>\nS, M, L, XL, XXL<\/td>\n<\/tr>\n<\/tbody>\n<\/table>\n<p><\/p>\n<p><\/p>\n<table class=\"sizeTable\">\n<tbody>\n<tr>\n<td><b>CHEMISE DE NUIT<\/b><br \/>\nS, M, L, XL, XXL<\/td>\n<\/tr>\n<\/tbody>\n<\/table>\n<p><\/p>\n<p><p><\/p>\n<div style=\"display: flex; align-items: center; gap: 15px; margin-top: 20px; width: 100%;\">\n    <img decoding=\"async\" src=\"https:\/\/www.paripari-lingerie.com\/wp-content\/uploads\/2024\/10\/handshake_icon.png\" alt=\"Ic\u00f4ne de collaboration\" style=\"width: 50px; height: auto;\"\/><\/p>\n<div>\n        <b>Souhaitez-vous collaborer avec nous et devenir distributeur de la lingerie PariPari ?<br \/>\n        <a href=\"https:\/\/www.paripari-lingerie.com\/cooperation-resell-paripari-lingerie-and-build-your-success-with-our-brand\/\">Trouvez plus d&rsquo;informations ici<\/a>, contactez-nous \u2013 nous sommes impatients de vous entendre\u00a0!<\/b>\n    <\/div>\n<\/div>\n<p><\/p><br \/>\n<\/p>","protected":false},"excerpt":{"rendered":"","protected":false},"author":1,"featured_media":0,"parent":1564,"menu_order":21,"comment_status":"closed","ping_status":"closed","template":"","meta":{"footnotes":""},"class_list":["post-3096","page","type-page","status-publish","czr-hentry"],"_links":{"self":[{"href":"https:\/\/www.paripari-lingerie.com\/fr\/wp-json\/wp\/v2\/pages\/3096","targetHints":{"allow":["GET"]}}],"collection":[{"href":"https:\/\/www.paripari-lingerie.com\/fr\/wp-json\/wp\/v2\/pages"}],"about":[{"href":"https:\/\/www.paripari-lingerie.com\/fr\/wp-json\/wp\/v2\/types\/page"}],"author":[{"embeddable":true,"href":"https:\/\/www.paripari-lingerie.com\/fr\/wp-json\/wp\/v2\/users\/1"}],"replies":[{"embeddable":true,"href":"https:\/\/www.paripari-lingerie.com\/fr\/wp-json\/wp\/v2\/comments?post=3096"}],"version-history":[{"count":4,"href":"https:\/\/www.paripari-lingerie.com\/fr\/wp-json\/wp\/v2\/pages\/3096\/revisions"}],"predecessor-version":[{"id":3789,"href":"https:\/\/www.paripari-lingerie.com\/fr\/wp-json\/wp\/v2\/pages\/3096\/revisions\/3789"}],"up":[{"embeddable":true,"href":"https:\/\/www.paripari-lingerie.com\/fr\/wp-json\/wp\/v2\/pages\/1564"}],"wp:attachment":[{"href":"https:\/\/www.paripari-lingerie.com\/fr\/wp-json\/wp\/v2\/media?parent=3096"}],"curies":[{"name":"wp","href":"https:\/\/api.w.org\/{rel}","templated":true}]}}