{"id":3245,"date":"2023-12-14T17:21:47","date_gmt":"2023-12-14T16:21:47","guid":{"rendered":"https:\/\/www.paripari-lingerie.com\/?page_id=3245"},"modified":"2024-12-20T11:59:21","modified_gmt":"2024-12-20T10:59:21","slug":"cynthia-black","status":"publish","type":"page","link":"https:\/\/www.paripari-lingerie.com\/fr\/collection\/cynthia-black\/","title":{"rendered":"CYNTHIA NOIRE"},"content":{"rendered":"<p><br \/>\n<\/p>\n<p style=\"text-align: center;\"><style type=\"text\/css\" scoped>.rbs_gallery_69e75103c4d3cSpinner{\r\n\t\t\t\tmargin: 50px auto;\r\n\t\t\t\twidth: 50px;\r\n\t\t\t\theight: 40px;\r\n\t\t\t\ttext-align: center;\r\n\t\t\t\tfont-size: 10px;\r\n\t\t\t}\r\n\t\t\t.rbs_gallery_69e75103c4d3cSpinner > div{\r\n\t\t\t  background-color: #333;\r\n\t\t\t  height: 100%;\r\n\t\t\t  width: 6px;\r\n\t\t\t  display: inline-block;\r\n\t\t\t  -webkit-animation: rbs_gallery_69e75103c4d3c-stretchdelay 1.2s infinite ease-in-out;\r\n\t\t\t  animation: rbs_gallery_69e75103c4d3c-stretchdelay 1.2s infinite ease-in-out;\r\n\t\t\t}\r\n\t\t\t.rbs_gallery_69e75103c4d3cSpinner .rbs_gallery_69e75103c4d3cRect2 {\r\n\t\t\t  -webkit-animation-delay: -1.1s;\r\n\t\t\t  animation-delay: -1.1s;\r\n\t\t\t}\r\n\t\t\t.rbs_gallery_69e75103c4d3cSpinner .rbs_gallery_69e75103c4d3cRect3 {\r\n\t\t\t  -webkit-animation-delay: -1.0s;\r\n\t\t\t  animation-delay: -1.0s;\r\n\t\t\t}\r\n\t\t\t.rbs_gallery_69e75103c4d3cSpinner .rbs_gallery_69e75103c4d3cRect4 {\r\n\t\t\t  -webkit-animation-delay: -0.9s;\r\n\t\t\t  animation-delay: -0.9s;\r\n\t\t\t}\r\n\t\t\t.rbs_gallery_69e75103c4d3cSpinner .rbs_gallery_69e75103c4d3cRect5 {\r\n\t\t\t  -webkit-animation-delay: -0.8s;\r\n\t\t\t  animation-delay: -0.8s;\r\n\t\t\t}\r\n\t\t\t@-webkit-keyframes rbs_gallery_69e75103c4d3c-stretchdelay {\r\n\t\t\t  0%, 40%, 100% { -webkit-transform: scaleY(0.4) }  \r\n\t\t\t  20% { -webkit-transform: scaleY(1.0) }\r\n\t\t\t}\r\n\t\t\t@keyframes rbs_gallery_69e75103c4d3c-stretchdelay {\r\n\t\t\t  0%, 40%, 100% { \r\n\t\t\t    transform: scaleY(0.4);\r\n\t\t\t    -webkit-transform: scaleY(0.4);\r\n\t\t\t  }  20% { \r\n\t\t\t    transform: scaleY(1.0);\r\n\t\t\t    -webkit-transform: scaleY(1.0);\r\n\t\t\t  }\r\n\t\t\t}\r\n\t\t<\/style><div class=\"robo-gallery-wrap robo-gallery-wrap-id3253 robo-gallery-\" ><div id=\"rbs_gallery_69e75103c4d3c-block-loader\" class=\"rbs_gallery_69e75103c4d3cSpinner\"><div class=\"rbs_gallery_69e75103c4d3cRect1\"><\/div> <div class=\"rbs_gallery_69e75103c4d3cRect2\"><\/div> <div class=\"rbs_gallery_69e75103c4d3cRect3\"><\/div> <div class=\"rbs_gallery_69e75103c4d3cRect4\"><\/div> <div class=\"rbs_gallery_69e75103c4d3cRect5\"><\/div><\/div><div id=\"robo_gallery_main_block_rbs_gallery_69e75103c4d3c\" class=\"robogallery-gallery-3253\" style=\"width:100%;  display: none;\"><div id=\"rbs_gallery_69e75103c4d3c\" data-options=\"rbs_gallery_69e75103c4d3c\" style=\"width:100%;\" class=\"robo_gallery  \"><div class=\"rbs-img  category3253 \" ><div class=\"rbs-img-image   rbs-lightbox \" ><div class=\"rbs-img-thumbs\"  data-thumbnail=\"https:\/\/www.paripari-lingerie.com\/wp-content\/uploads\/2023\/12\/CYNTHIA-BLACK-SOFT-AND-STRING-FRONT-683x1024.jpg\"  title=\"CYNTHIA BLACK SOFT AND STRING FRONT\"  data-width=\"683\"  data-height=\"1024\" ><\/div><div class=\"rbs-img-data-popup\"  data-popup=\"https:\/\/www.paripari-lingerie.com\/wp-content\/uploads\/2023\/12\/CYNTHIA-BLACK-SOFT-AND-STRING-FRONT.jpg\"  title=\"CYNTHIA BLACK SOFT AND STRING FRONT\" ><\/div><div class=\"thumbnail-overlay\"><div class=\"rbsTitle \">CYNTHIA BLACK SOFT AND STRING FRONT<\/div><div class=\"rbsIcons\"><i class=\"fa fa-search-plus rbsZoomIcon \" ><\/i><\/div><\/div><\/div><\/div><div class=\"rbs-img  category3253 \" ><div class=\"rbs-img-image   rbs-lightbox \" ><div class=\"rbs-img-thumbs\"  data-thumbnail=\"https:\/\/www.paripari-lingerie.com\/wp-content\/uploads\/2023\/12\/CYNTHIA-BLACK-SOFT-and-FULL-FRONT-683x1024.jpg\"  title=\"CYNTHIA BLACK SOFT and FULL FRONT\"  data-width=\"683\"  data-height=\"1024\" ><\/div><div class=\"rbs-img-data-popup\"  data-popup=\"https:\/\/www.paripari-lingerie.com\/wp-content\/uploads\/2023\/12\/CYNTHIA-BLACK-SOFT-and-FULL-FRONT.jpg\"  title=\"CYNTHIA BLACK SOFT and FULL FRONT\" ><\/div><div class=\"thumbnail-overlay\"><div class=\"rbsTitle \">CYNTHIA BLACK SOFT and FULL FRONT<\/div><div class=\"rbsIcons\"><i class=\"fa fa-search-plus rbsZoomIcon \" ><\/i><\/div><\/div><\/div><\/div><div class=\"rbs-img  category3253 \" ><div class=\"rbs-img-image   rbs-lightbox \" ><div class=\"rbs-img-thumbs\"  data-thumbnail=\"https:\/\/www.paripari-lingerie.com\/wp-content\/uploads\/2023\/12\/CYNTHIA-BLACK-SOFT-and-FULL-HIGH-WAIST-FRONT-683x1024.jpg\"  title=\"CYNTHIA BLACK SOFT and FULL HIGH WAIST FRONT\"  data-width=\"683\"  data-height=\"1024\" ><\/div><div class=\"rbs-img-data-popup\"  data-popup=\"https:\/\/www.paripari-lingerie.com\/wp-content\/uploads\/2023\/12\/CYNTHIA-BLACK-SOFT-and-FULL-HIGH-WAIST-FRONT.jpg\"  title=\"CYNTHIA BLACK SOFT and FULL HIGH WAIST FRONT\" ><\/div><div class=\"thumbnail-overlay\"><div class=\"rbsTitle \">CYNTHIA BLACK SOFT and FULL HIGH WAIST FRONT<\/div><div class=\"rbsIcons\"><i class=\"fa fa-search-plus rbsZoomIcon \" ><\/i><\/div><\/div><\/div><\/div><div class=\"rbs-img  category3253 \" ><div class=\"rbs-img-image   rbs-lightbox \" ><div class=\"rbs-img-thumbs\"  data-thumbnail=\"https:\/\/www.paripari-lingerie.com\/wp-content\/uploads\/2023\/12\/CYNTHIA-BLACK-STRING-REAR-683x1024.jpg\"  title=\"CYNTHIA BLACK STRING REAR\"  data-width=\"683\"  data-height=\"1024\" ><\/div><div class=\"rbs-img-data-popup\"  data-popup=\"https:\/\/www.paripari-lingerie.com\/wp-content\/uploads\/2023\/12\/CYNTHIA-BLACK-STRING-REAR.jpg\"  title=\"CYNTHIA BLACK STRING REAR\" ><\/div><div class=\"thumbnail-overlay\"><div class=\"rbsTitle \">CYNTHIA BLACK STRING REAR<\/div><div class=\"rbsIcons\"><i class=\"fa fa-search-plus rbsZoomIcon \" ><\/i><\/div><\/div><\/div><\/div><div class=\"rbs-img  category3253 \" ><div class=\"rbs-img-image   rbs-lightbox \" ><div class=\"rbs-img-thumbs\"  data-thumbnail=\"https:\/\/www.paripari-lingerie.com\/wp-content\/uploads\/2023\/12\/CYNTHIA-BLACK-FULL-REAR-683x1024.jpg\"  title=\"CYNTHIA BLACK FULL REAR\"  data-width=\"683\"  data-height=\"1024\" ><\/div><div class=\"rbs-img-data-popup\"  data-popup=\"https:\/\/www.paripari-lingerie.com\/wp-content\/uploads\/2023\/12\/CYNTHIA-BLACK-FULL-REAR.jpg\"  title=\"CYNTHIA BLACK FULL REAR\" ><\/div><div class=\"thumbnail-overlay\"><div class=\"rbsTitle \">CYNTHIA BLACK FULL REAR<\/div><div class=\"rbsIcons\"><i class=\"fa fa-search-plus rbsZoomIcon \" ><\/i><\/div><\/div><\/div><\/div><div class=\"rbs-img  category3253 \" ><div class=\"rbs-img-image   rbs-lightbox \" ><div class=\"rbs-img-thumbs\"  data-thumbnail=\"https:\/\/www.paripari-lingerie.com\/wp-content\/uploads\/2023\/12\/CYNTHIA-BLACK-FULL-HIGH-WAIST-REAR-683x1024.jpg\"  title=\"CYNTHIA BLACK FULL HIGH WAIST REAR\"  data-width=\"683\"  data-height=\"1024\" ><\/div><div class=\"rbs-img-data-popup\"  data-popup=\"https:\/\/www.paripari-lingerie.com\/wp-content\/uploads\/2023\/12\/CYNTHIA-BLACK-FULL-HIGH-WAIST-REAR.jpg\"  title=\"CYNTHIA BLACK FULL HIGH WAIST REAR\" ><\/div><div class=\"thumbnail-overlay\"><div class=\"rbsTitle \">CYNTHIA BLACK FULL HIGH WAIST REAR<\/div><div class=\"rbsIcons\"><i class=\"fa fa-search-plus rbsZoomIcon \" ><\/i><\/div><\/div><\/div><\/div><\/div><\/div><\/div><script>var rbs_gallery_69e75103c4d3c = {\"version\":\"5.1.4\",\"id\":3253,\"class\":\"id3253\",\"roboGalleryDelay\":1000,\"mainContainer\":\"#robo_gallery_main_block_rbs_gallery_69e75103c4d3c\",\"loadingContainer\":\"#rbs_gallery_69e75103c4d3c-block-loader\",\"loadingContainerObj\":\"rbs_gallery_69e75103c4d3c-block-loader\",\"columnWidth\":\"auto\",\"columns\":3,\"resolutions\":[{\"columnWidth\":\"auto\",\"columns\":3,\"maxWidth\":960},{\"columnWidth\":\"auto\",\"columns\":2,\"maxWidth\":650},{\"columnWidth\":\"auto\",\"columns\":1,\"maxWidth\":450}],\"lightboxOptions\":{\"gallery\":{\"enabled\":true,\"tCounter\":\"%curr% of %total%\"}},\"overlayEffect\":\"direction-aware-fade\",\"boxesToLoadStart\":12,\"boxesToLoad\":8,\"waitUntilThumbLoads\":1,\"LoadingWord\":\"Loading...\",\"loadMoreWord\":\"Load More\",\"noMoreEntriesWord\":\"No More Entries\",\"horizontalSpaceBetweenBoxes\":15,\"verticalSpaceBetweenBoxes\":15,\"lazyLoad\":0,\"wrapContainer\":\"#robo-gallery-wrap-rbs_gallery_69e75103c4d3c\"};<\/script><\/p>\n<p><p><b>Soutien-gorge Cynthia<\/b> est un choix \u00e9l\u00e9gant pour les femmes \u00e0 poitrine moyenne ou g\u00e9n\u00e9reuse, fabriqu\u00e9 dans un tissu brod\u00e9 floral qui apporte une touche sensuelle. Les bonnets non rembourr\u00e9s offrent un galbe naturel et un confort optimal. La partie inf\u00e9rieure des bonnets est renforc\u00e9e par un tissu en maille stable, tandis que les coutures verticales doubles am\u00e9liorent le maintien, en particulier pour les grandes tailles, garantissant un soutien solide et confortable. Les baleines lat\u00e9rales et les larges panneaux en tissu double couche stabilisent davantage la poitrine, et les bretelles r\u00e9glables adapt\u00e9es \u00e0 la taille du soutien-gorge assurent un ajustement parfait. La fermeture \u00e0 l&rsquo;arri\u00e8re comporte trois crochets pour ajuster la circonf\u00e9rence, mais en fonction de la taille, la largeur de la fermeture comprend deux ou trois rang\u00e9es de crochets, rendant ce mod\u00e8le particuli\u00e8rement confortable.<\/p>\n<p>Le mod\u00e8le Cynthia propose les plus grandes tailles de soutien-gorge de notre collection \u2013 jusqu&rsquo;\u00e0 115B \u2013 ce qui le distingue de la concurrence. Sa conception a \u00e9t\u00e9 test\u00e9e pendant plusieurs mois sur les poitrines les plus exigeantes, garantissant un soutien solide, une esth\u00e9tique raffin\u00e9e et un confort optimal. Une telle gamme de tailles est rare, et peu de marques offrent une disponibilit\u00e9 aussi \u00e9tendue.<\/p>\n<p>D&rsquo;autres pi\u00e8ces de la collection Cynthia compl\u00e8tent parfaitement l&rsquo;ensemble :<\/p>\n<ul>\n<li><b>Culottes Cynthia taille haute<\/b> : Culottes classiques taille haute en microfibre douce et tulle d\u00e9licat. Le devant est orn\u00e9 d&rsquo;une grande pi\u00e8ce de dentelle \u00e9l\u00e9gante qui ajoute une touche de sensualit\u00e9. Le dos lisse assure un confort total, et la coupe haute est id\u00e9ale pour les femmes aux formes g\u00e9n\u00e9reuses. Disponibles jusqu&rsquo;\u00e0 la taille 5XL, elles font partie des plus grandes de notre collection.<\/li>\n<li><b>Culottes Cynthia classiques<\/b> : Ces culottes classiques en microfibre douce s&rsquo;adaptent parfaitement au corps, offrant un confort quotidien. La partie avant pr\u00e9sente des broderies \u00e9l\u00e9gantes et d\u00e9coratives plac\u00e9es sur les c\u00f4t\u00e9s, ajoutant un charme subtil. Le dos lisse garantit confort et ajustement parfait. Disponibles jusqu&rsquo;\u00e0 la taille 5XL.<\/li>\n<li><b>String Cynthia<\/b> : Ces strings \u00e9l\u00e9gants associent une broderie florale d\u00e9licate \u00e0 l&rsquo;avant \u00e0 une microfibre douce sur le dos lisse. Des inserts en tulle transparent ajoutent une touche de sensualit\u00e9, et les coutures verticales \u00e0 l&rsquo;avant et \u00e0 l&rsquo;arri\u00e8re assurent un ajustement parfait au corps.<\/li>\n<\/ul>\n<p>La collection Cynthia est une ligne de lingerie qui offre non seulement une large gamme de tailles, mais garantit \u00e9galement un confort et une \u00e9l\u00e9gance exceptionnels. C&rsquo;est le choix parfait pour les femmes recherchant une lingerie qui allie beaut\u00e9 et maintien solide au quotidien.<\/p>\n<p><\/p><br \/>\n<p><a href=\"\/sizes-table\">Tableau des tailles de <strong>lingerie PariPari<\/strong><\/a><br \/>\n<\/p><br \/>\n<p><\/p>\n<table class=\"sizeTable\">\n<tbody>\n<tr>\n<td><b>SOUTIEN-GORGE SOFT<\/b><\/td>\n<\/tr>\n<tr>\n<td>65&nbsp;&nbsp;FGH<\/td>\n<\/tr>\n<tr>\n<td>70&nbsp;&nbsp;EFG<\/td>\n<\/tr>\n<tr>\n<td>75&nbsp;&nbsp;DEFGHIJ<\/td>\n<\/tr>\n<tr>\n<td>80&nbsp;&nbsp;CDEFGHI<\/td>\n<\/tr>\n<tr>\n<td>85&nbsp;&nbsp;BCDEFGH<\/td>\n<\/tr>\n<tr>\n<td>90&nbsp;&nbsp;BCDEFG<\/td>\n<\/tr>\n<tr>\n<td>95&nbsp;&nbsp;BCDEF<\/td>\n<\/tr>\n<tr>\n<td>100&nbsp;&nbsp;BCDE<\/td>\n<\/tr>\n<tr>\n<td>105&nbsp;&nbsp;BCD<\/td>\n<\/tr>\n<tr>\n<td>110&nbsp;&nbsp;BC<\/td>\n<\/tr>\n<tr>\n<td>115&nbsp;&nbsp;B<\/td>\n<\/tr>\n<tr>\n<td><b>CULOTTE CLASSIQUE<\/b><\/td>\n<\/tr>\n<tr>\n<td>S&nbsp;&nbsp;M&nbsp;&nbsp;L&nbsp;&nbsp;XL&nbsp;&nbsp;XXL&nbsp;&nbsp;XXXL&nbsp;&nbsp;4XL&nbsp;&nbsp;5XL<\/td>\n<\/tr>\n<tr>\n<td><b>STRING<\/b><\/td>\n<\/tr>\n<tr>\n<td>S&nbsp;&nbsp;M&nbsp;&nbsp;L&nbsp;&nbsp;XL&nbsp;&nbsp;XXL&nbsp;&nbsp;XXXL&nbsp;&nbsp;4XL&nbsp;&nbsp;5XL<\/td>\n<\/tr>\n<tr>\n<td><b>CULOTTE TAILLE HAUTE (HW)<\/b><\/td>\n<\/tr>\n<tr>\n<td>S&nbsp;&nbsp;M&nbsp;&nbsp;L&nbsp;&nbsp;XL&nbsp;&nbsp;XXL&nbsp;&nbsp;XXXL&nbsp;&nbsp;4XL&nbsp;&nbsp;5XL<\/td>\n<\/tr>\n<\/tbody>\n<\/table>\n<p><\/p><\/p>\n<p><p><\/p>\n<div style=\"display: flex; align-items: center; gap: 15px; margin-top: 20px; width: 100%;\">\n    <img decoding=\"async\" src=\"https:\/\/www.paripari-lingerie.com\/wp-content\/uploads\/2024\/10\/handshake_icon.png\" alt=\"Ic\u00f4ne de collaboration\" style=\"width: 50px; height: auto;\"\/><\/p>\n<div>\n        <b>Souhaitez-vous collaborer avec nous et devenir distributeur de la lingerie PariPari ?<br \/>\n        <a href=\"https:\/\/www.paripari-lingerie.com\/cooperation-resell-paripari-lingerie-and-build-your-success-with-our-brand\/\">Trouvez plus d&rsquo;informations ici<\/a>, contactez-nous \u2013 nous sommes impatients de vous entendre\u00a0!<\/b>\n    <\/div>\n<\/div>\n<p><\/p><br \/>\n<\/p>","protected":false},"excerpt":{"rendered":"","protected":false},"author":1,"featured_media":0,"parent":1564,"menu_order":19,"comment_status":"closed","ping_status":"closed","template":"","meta":{"footnotes":""},"class_list":["post-3245","page","type-page","status-publish","czr-hentry"],"_links":{"self":[{"href":"https:\/\/www.paripari-lingerie.com\/fr\/wp-json\/wp\/v2\/pages\/3245","targetHints":{"allow":["GET"]}}],"collection":[{"href":"https:\/\/www.paripari-lingerie.com\/fr\/wp-json\/wp\/v2\/pages"}],"about":[{"href":"https:\/\/www.paripari-lingerie.com\/fr\/wp-json\/wp\/v2\/types\/page"}],"author":[{"embeddable":true,"href":"https:\/\/www.paripari-lingerie.com\/fr\/wp-json\/wp\/v2\/users\/1"}],"replies":[{"embeddable":true,"href":"https:\/\/www.paripari-lingerie.com\/fr\/wp-json\/wp\/v2\/comments?post=3245"}],"version-history":[{"count":7,"href":"https:\/\/www.paripari-lingerie.com\/fr\/wp-json\/wp\/v2\/pages\/3245\/revisions"}],"predecessor-version":[{"id":3769,"href":"https:\/\/www.paripari-lingerie.com\/fr\/wp-json\/wp\/v2\/pages\/3245\/revisions\/3769"}],"up":[{"embeddable":true,"href":"https:\/\/www.paripari-lingerie.com\/fr\/wp-json\/wp\/v2\/pages\/1564"}],"wp:attachment":[{"href":"https:\/\/www.paripari-lingerie.com\/fr\/wp-json\/wp\/v2\/media?parent=3245"}],"curies":[{"name":"wp","href":"https:\/\/api.w.org\/{rel}","templated":true}]}}