{"id":3310,"date":"2024-04-24T11:57:36","date_gmt":"2024-04-24T10:57:36","guid":{"rendered":"https:\/\/www.paripari-lingerie.com\/?page_id=3310"},"modified":"2024-12-20T12:02:02","modified_gmt":"2024-12-20T11:02:02","slug":"ellie-black","status":"publish","type":"page","link":"https:\/\/www.paripari-lingerie.com\/fr\/collection\/ellie-black\/","title":{"rendered":"ELLIE NOIRE"},"content":{"rendered":"<p><br \/>\n<\/p>\n<p style=\"text-align: center;\"><style type=\"text\/css\" scoped>.rbs_gallery_69e74d0abff04Spinner{\r\n\t\t\t\tmargin: 50px auto;\r\n\t\t\t\twidth: 50px;\r\n\t\t\t\theight: 40px;\r\n\t\t\t\ttext-align: center;\r\n\t\t\t\tfont-size: 10px;\r\n\t\t\t}\r\n\t\t\t.rbs_gallery_69e74d0abff04Spinner > div{\r\n\t\t\t  background-color: #333;\r\n\t\t\t  height: 100%;\r\n\t\t\t  width: 6px;\r\n\t\t\t  display: inline-block;\r\n\t\t\t  -webkit-animation: rbs_gallery_69e74d0abff04-stretchdelay 1.2s infinite ease-in-out;\r\n\t\t\t  animation: rbs_gallery_69e74d0abff04-stretchdelay 1.2s infinite ease-in-out;\r\n\t\t\t}\r\n\t\t\t.rbs_gallery_69e74d0abff04Spinner .rbs_gallery_69e74d0abff04Rect2 {\r\n\t\t\t  -webkit-animation-delay: -1.1s;\r\n\t\t\t  animation-delay: -1.1s;\r\n\t\t\t}\r\n\t\t\t.rbs_gallery_69e74d0abff04Spinner .rbs_gallery_69e74d0abff04Rect3 {\r\n\t\t\t  -webkit-animation-delay: -1.0s;\r\n\t\t\t  animation-delay: -1.0s;\r\n\t\t\t}\r\n\t\t\t.rbs_gallery_69e74d0abff04Spinner .rbs_gallery_69e74d0abff04Rect4 {\r\n\t\t\t  -webkit-animation-delay: -0.9s;\r\n\t\t\t  animation-delay: -0.9s;\r\n\t\t\t}\r\n\t\t\t.rbs_gallery_69e74d0abff04Spinner .rbs_gallery_69e74d0abff04Rect5 {\r\n\t\t\t  -webkit-animation-delay: -0.8s;\r\n\t\t\t  animation-delay: -0.8s;\r\n\t\t\t}\r\n\t\t\t@-webkit-keyframes rbs_gallery_69e74d0abff04-stretchdelay {\r\n\t\t\t  0%, 40%, 100% { -webkit-transform: scaleY(0.4) }  \r\n\t\t\t  20% { -webkit-transform: scaleY(1.0) }\r\n\t\t\t}\r\n\t\t\t@keyframes rbs_gallery_69e74d0abff04-stretchdelay {\r\n\t\t\t  0%, 40%, 100% { \r\n\t\t\t    transform: scaleY(0.4);\r\n\t\t\t    -webkit-transform: scaleY(0.4);\r\n\t\t\t  }  20% { \r\n\t\t\t    transform: scaleY(1.0);\r\n\t\t\t    -webkit-transform: scaleY(1.0);\r\n\t\t\t  }\r\n\t\t\t}\r\n\t\t<\/style><div class=\"robo-gallery-wrap robo-gallery-wrap-id3306 robo-gallery-\" ><div id=\"rbs_gallery_69e74d0abff04-block-loader\" class=\"rbs_gallery_69e74d0abff04Spinner\"><div class=\"rbs_gallery_69e74d0abff04Rect1\"><\/div> <div class=\"rbs_gallery_69e74d0abff04Rect2\"><\/div> <div class=\"rbs_gallery_69e74d0abff04Rect3\"><\/div> <div class=\"rbs_gallery_69e74d0abff04Rect4\"><\/div> <div class=\"rbs_gallery_69e74d0abff04Rect5\"><\/div><\/div><div id=\"robo_gallery_main_block_rbs_gallery_69e74d0abff04\" class=\"robogallery-gallery-3306\" style=\"width:100%;  display: none;\"><div id=\"rbs_gallery_69e74d0abff04\" data-options=\"rbs_gallery_69e74d0abff04\" style=\"width:100%;\" class=\"robo_gallery  \"><div class=\"rbs-img  category3306 \" ><div class=\"rbs-img-image   rbs-lightbox \" ><div class=\"rbs-img-thumbs\"  data-thumbnail=\"https:\/\/www.paripari-lingerie.com\/wp-content\/uploads\/2024\/04\/ELLIE-BLACK-PUSH-UP-and-STRING-FRONT-683x1024.jpg\"  title=\"ELLIE BLACK PUSH-UP and STRING FRONT\"  data-width=\"683\"  data-height=\"1024\" ><\/div><div class=\"rbs-img-data-popup\"  data-popup=\"https:\/\/www.paripari-lingerie.com\/wp-content\/uploads\/2024\/04\/ELLIE-BLACK-PUSH-UP-and-STRING-FRONT-scaled.jpg\"  title=\"ELLIE BLACK PUSH-UP and STRING FRONT\" ><\/div><div class=\"thumbnail-overlay\"><div class=\"rbsTitle \">ELLIE BLACK PUSH-UP and STRING FRONT<\/div><div class=\"rbsIcons\"><i class=\"fa fa-search-plus rbsZoomIcon \" ><\/i><\/div><\/div><\/div><\/div><div class=\"rbs-img  category3306 \" ><div class=\"rbs-img-image   rbs-lightbox \" ><div class=\"rbs-img-thumbs\"  data-thumbnail=\"https:\/\/www.paripari-lingerie.com\/wp-content\/uploads\/2024\/04\/ELLIE-BLACK-PUSH-UP-and-FULL-FRONT-683x1024.jpg\"  title=\"ELLIE BLACK PUSH-UP and FULL FRONT\"  data-width=\"683\"  data-height=\"1024\" ><\/div><div class=\"rbs-img-data-popup\"  data-popup=\"https:\/\/www.paripari-lingerie.com\/wp-content\/uploads\/2024\/04\/ELLIE-BLACK-PUSH-UP-and-FULL-FRONT-scaled.jpg\"  title=\"ELLIE BLACK PUSH-UP and FULL FRONT\" ><\/div><div class=\"thumbnail-overlay\"><div class=\"rbsTitle \">ELLIE BLACK PUSH-UP and FULL FRONT<\/div><div class=\"rbsIcons\"><i class=\"fa fa-search-plus rbsZoomIcon \" ><\/i><\/div><\/div><\/div><\/div><div class=\"rbs-img  category3306 \" ><div class=\"rbs-img-image   rbs-lightbox \" ><div class=\"rbs-img-thumbs\"  data-thumbnail=\"https:\/\/www.paripari-lingerie.com\/wp-content\/uploads\/2024\/04\/ELLIE-BLACK-PUSH-UP-and-STRING-REAR-683x1024.jpg\"  title=\"ELLIE BLACK PUSH-UP and STRING REAR\"  data-width=\"683\"  data-height=\"1024\" ><\/div><div class=\"rbs-img-data-popup\"  data-popup=\"https:\/\/www.paripari-lingerie.com\/wp-content\/uploads\/2024\/04\/ELLIE-BLACK-PUSH-UP-and-STRING-REAR-scaled.jpg\"  title=\"ELLIE BLACK PUSH-UP and STRING REAR\" ><\/div><div class=\"thumbnail-overlay\"><div class=\"rbsTitle \">ELLIE BLACK PUSH-UP and STRING REAR<\/div><div class=\"rbsIcons\"><i class=\"fa fa-search-plus rbsZoomIcon \" ><\/i><\/div><\/div><\/div><\/div><div class=\"rbs-img  category3306 \" ><div class=\"rbs-img-image   rbs-lightbox \" ><div class=\"rbs-img-thumbs\"  data-thumbnail=\"https:\/\/www.paripari-lingerie.com\/wp-content\/uploads\/2024\/04\/ELLIE-BLACK-PUSH-UP-and-FULL-REAR-683x1024.jpg\"  title=\"ELLIE BLACK PUSH-UP and FULL REAR\"  data-width=\"683\"  data-height=\"1024\" ><\/div><div class=\"rbs-img-data-popup\"  data-popup=\"https:\/\/www.paripari-lingerie.com\/wp-content\/uploads\/2024\/04\/ELLIE-BLACK-PUSH-UP-and-FULL-REAR-scaled.jpg\"  title=\"ELLIE BLACK PUSH-UP and FULL REAR\" ><\/div><div class=\"thumbnail-overlay\"><div class=\"rbsTitle \">ELLIE BLACK PUSH-UP and FULL REAR<\/div><div class=\"rbsIcons\"><i class=\"fa fa-search-plus rbsZoomIcon \" ><\/i><\/div><\/div><\/div><\/div><\/div><\/div><\/div><script>var rbs_gallery_69e74d0abff04 = {\"version\":\"5.1.4\",\"id\":3306,\"class\":\"id3306\",\"roboGalleryDelay\":1000,\"mainContainer\":\"#robo_gallery_main_block_rbs_gallery_69e74d0abff04\",\"loadingContainer\":\"#rbs_gallery_69e74d0abff04-block-loader\",\"loadingContainerObj\":\"rbs_gallery_69e74d0abff04-block-loader\",\"columnWidth\":\"auto\",\"columns\":3,\"resolutions\":[{\"columnWidth\":\"auto\",\"columns\":3,\"maxWidth\":960},{\"columnWidth\":\"auto\",\"columns\":2,\"maxWidth\":650},{\"columnWidth\":\"auto\",\"columns\":1,\"maxWidth\":450}],\"lightboxOptions\":{\"gallery\":{\"enabled\":true,\"tCounter\":\"%curr% of %total%\"}},\"overlayEffect\":\"direction-aware-fade\",\"boxesToLoadStart\":12,\"boxesToLoad\":8,\"waitUntilThumbLoads\":1,\"LoadingWord\":\"Loading...\",\"loadMoreWord\":\"Load More\",\"noMoreEntriesWord\":\"No More Entries\",\"horizontalSpaceBetweenBoxes\":15,\"verticalSpaceBetweenBoxes\":15,\"lazyLoad\":0,\"wrapContainer\":\"#robo-gallery-wrap-rbs_gallery_69e74d0abff04\"};<\/script><\/p>\n<p><p><b>Soutien-gorge Push-Up Ellie<\/b> est un soutien-gorge \u00e9l\u00e9gant, beau et sensuel qui mettra parfaitement en valeur votre d\u00e9collet\u00e9. Les bonnets rembourr\u00e9s, recouverts de tulle doux et extensible, subliment le buste de mani\u00e8re s\u00e9duisante. Une d\u00e9licate bordure en satin sur les bords des bonnets ajoute une touche subtile, tandis qu&rsquo;un charmant n\u0153ud en satin entre les bonnets souligne l&rsquo;\u00e9l\u00e9gance. Ce soutien-gorge n&rsquo;est pas seulement esth\u00e9tique, mais aussi tr\u00e8s discret sous une blouse, ce qui le rend id\u00e9al pour toutes les occasions.<\/p>\n<p>Il est \u00e9quip\u00e9 d&rsquo;inserts amovibles permettant d&rsquo;ajuster l&rsquo;effet push-up. Les armatures lat\u00e9rales et classiques assurent un maintien ad\u00e9quat, tandis que le dos lisse et uni garantit un confort optimal. Les bretelles sont r\u00e9glables et d\u00e9tachables uniquement \u00e0 l&rsquo;arri\u00e8re. Le fermoir arri\u00e8re est toujours dot\u00e9 de trois agrafes pour ajuster la circonf\u00e9rence, mais selon la taille, la largeur du fermoir comprend deux ou trois rang\u00e9es de crochets, rendant ce mod\u00e8le exceptionnellement confortable.<\/p>\n<p>Les autres articles de la collection Ellie compl\u00e8tent parfaitement l&rsquo;ensemble :<\/p>\n<ul>\n<li><b>Slips Ellie<\/b> : Slips classiques en tissu uni lisse et en maille transparente. Le devant est orn\u00e9 d&rsquo;inserts d\u00e9licats en maille et d&rsquo;une bordure scintillante. L&rsquo;arri\u00e8re, en microfibre douce, s&rsquo;ajuste parfaitement au corps, et le gousset en coton garantit un confort tout au long de la journ\u00e9e.<\/li>\n<li><b>Strings Ellie<\/b> : Strings sensuels en tissu lisse associ\u00e9 \u00e0 une maille transparente. Les c\u00f4t\u00e9s sont d\u00e9cor\u00e9s de doubles lani\u00e8res qui ajoutent de la l\u00e9g\u00e8ret\u00e9, et le devant est orn\u00e9 d&rsquo;un n\u0153ud en satin. L&rsquo;arri\u00e8re, en microfibre d\u00e9licate, met magnifiquement en valeur les fesses. Le gousset en coton assure le confort, et les mat\u00e9riaux l\u00e9gers garantissent une libert\u00e9 de mouvement.<\/li>\n<\/ul>\n<p>L&rsquo;ensemble forme une collection \u00e9l\u00e9gante et coh\u00e9rente qui allie confort et style raffin\u00e9, sublimant la silhouette f\u00e9minine.<\/p>\n<p><\/p><br \/>\n<p><a href=\"\/sizes-table\">Tableau des tailles de <strong>lingerie PariPari<\/strong><\/a><br \/>\n<\/p><br \/>\n<p><\/p>\n<table class=\"sizeTable\">\n<tbody>\n<tr>\n<td><b>SOUTIEN-GORGE PUSH-UP<\/b><br \/>\n65 CDEFGH<br \/>\n70 BCDEFG<br \/>\n75 ABCDEFGH<br \/>\n80 ABCDEFG<br \/>\n85 ABCDEF<br \/>\n90 BCDE<br \/>\n95 BCD<br \/>\n100 BC<br \/>\n105 B<\/td>\n<\/tr>\n<\/tbody>\n<\/table>\n<p><\/p><br \/>\n<p><\/p>\n<table class=\"sizeTable\">\n<tbody>\n<tr>\n<td><b>CULOTTES CLASSIQUES<\/b><br \/>\nS, M, L, XL, XXL, XXXL<\/td>\n<td><b>STRING<\/b><br \/>\nS, M, L, XL, XXL, XXXL<\/td>\n<\/tr>\n<\/tbody>\n<\/table>\n<p><\/p><\/p>\n<p><p><\/p>\n<div style=\"display: flex; align-items: center; gap: 15px; margin-top: 20px; width: 100%;\">\n    <img decoding=\"async\" src=\"https:\/\/www.paripari-lingerie.com\/wp-content\/uploads\/2024\/10\/handshake_icon.png\" alt=\"Ic\u00f4ne de collaboration\" style=\"width: 50px; height: auto;\"\/><\/p>\n<div>\n        <b>Souhaitez-vous collaborer avec nous et devenir distributeur de la lingerie PariPari ?<br \/>\n        <a href=\"https:\/\/www.paripari-lingerie.com\/cooperation-resell-paripari-lingerie-and-build-your-success-with-our-brand\/\">Trouvez plus d&rsquo;informations ici<\/a>, contactez-nous \u2013 nous sommes impatients de vous entendre\u00a0!<\/b>\n    <\/div>\n<\/div>\n<p><\/p><br \/>\n<\/p>","protected":false},"excerpt":{"rendered":"","protected":false},"author":1,"featured_media":0,"parent":1564,"menu_order":28,"comment_status":"closed","ping_status":"closed","template":"","meta":{"footnotes":""},"class_list":["post-3310","page","type-page","status-publish","czr-hentry"],"_links":{"self":[{"href":"https:\/\/www.paripari-lingerie.com\/fr\/wp-json\/wp\/v2\/pages\/3310","targetHints":{"allow":["GET"]}}],"collection":[{"href":"https:\/\/www.paripari-lingerie.com\/fr\/wp-json\/wp\/v2\/pages"}],"about":[{"href":"https:\/\/www.paripari-lingerie.com\/fr\/wp-json\/wp\/v2\/types\/page"}],"author":[{"embeddable":true,"href":"https:\/\/www.paripari-lingerie.com\/fr\/wp-json\/wp\/v2\/users\/1"}],"replies":[{"embeddable":true,"href":"https:\/\/www.paripari-lingerie.com\/fr\/wp-json\/wp\/v2\/comments?post=3310"}],"version-history":[{"count":6,"href":"https:\/\/www.paripari-lingerie.com\/fr\/wp-json\/wp\/v2\/pages\/3310\/revisions"}],"predecessor-version":[{"id":3773,"href":"https:\/\/www.paripari-lingerie.com\/fr\/wp-json\/wp\/v2\/pages\/3310\/revisions\/3773"}],"up":[{"embeddable":true,"href":"https:\/\/www.paripari-lingerie.com\/fr\/wp-json\/wp\/v2\/pages\/1564"}],"wp:attachment":[{"href":"https:\/\/www.paripari-lingerie.com\/fr\/wp-json\/wp\/v2\/media?parent=3310"}],"curies":[{"name":"wp","href":"https:\/\/api.w.org\/{rel}","templated":true}]}}