{"id":3552,"date":"2024-09-30T13:38:33","date_gmt":"2024-09-30T12:38:33","guid":{"rendered":"https:\/\/www.paripari-lingerie.com\/?page_id=3552"},"modified":"2024-12-20T12:53:57","modified_gmt":"2024-12-20T11:53:57","slug":"sophia-red","status":"publish","type":"page","link":"https:\/\/www.paripari-lingerie.com\/fr\/collection\/sophia-red\/","title":{"rendered":"SOPHIA ROUGE"},"content":{"rendered":"<p><p><\/p>\n<div class=\"product-description\">\n<p><strong>SOPHIA \u2013 \u00c9l\u00e9gance et Raffinement<\/strong><\/p>\n<p>\n        La collection SOPHIA incarne l\u2019\u00e9quilibre parfait entre style et sensualit\u00e9, con\u00e7ue pour les femmes qui appr\u00e9cient la beaut\u00e9 et le confort.<br \/>\n        Le soutien-gorge balconnet push-up est confectionn\u00e9 dans un tissu d\u00e9licat orn\u00e9 de subtils pois scintillants.<br \/>\n        Les panneaux lat\u00e9raux lisses et la dentelle \u00e9l\u00e9gante sur les bonnets et les bretelles ajoutent une touche de raffinement.<br \/>\n        Ce soutien-gorge met magnifiquement la poitrine en valeur, offrant \u00e0 la fois un excellent maintien et une forme flatteuse.\n    <\/p>\n<p>\n        La collection propose \u00e9galement un soutien-gorge souple, non rembourr\u00e9, qui allie la douceur de la microfibre \u00e0 la d\u00e9licatesse de la dentelle.<br \/>\n        Les bonnets de ce mod\u00e8le assurent une forme naturelle et un soutien doux, ce qui en fait un choix id\u00e9al pour un usage quotidien.<br \/>\n        Cette option est \u00e9galement parfaite pour les femmes ayant une poitrine plus petite, garantissant confort et \u00e9l\u00e9gance subtile.\n    <\/p>\n<p>\n        Pour compl\u00e9ter l\u2019ensemble, la collection SOPHIA offre deux types de culottes :<\/p>\n<ul>\n<li>Culottes classiques \u2013 intemporelles, confortables et parfaites au quotidien.<\/li>\n<li>Culottes br\u00e9siliennes taille haute \u2013 \u00e9l\u00e9gantes et sensuelles, mettant merveilleusement en valeur les courbes f\u00e9minines.<\/li>\n<\/ul>\n<p>\n        La collection SOPHIA s\u2019adresse aux femmes qui recherchent la combinaison id\u00e9ale d\u2019\u00e9l\u00e9gance, de fonctionnalit\u00e9 et de style raffin\u00e9.<br \/>\n        Chaque pi\u00e8ce est con\u00e7ue avec soin pour assurer \u00e0 la fois confort et beaut\u00e9, faisant de SOPHIA un choix parfait pour toute occasion.\n    <\/p>\n<p>D\u00e9couvrez le charme de la collection SOPHIA et sentez-vous exceptionnelle chaque jour.<\/p>\n<\/div>\n<p><\/p><p><a href=\"https:\/\/www.google.com\/search?q=PariPari+Sophia&#038;hl=fr\" target=\"_blank\">Recherchez et achetez PariPari Sophia<\/a><\/p><\/p>\n<p style=\"text-align: center;\"><style type=\"text\/css\" scoped>.rbs_gallery_69e74cd153358Spinner{\r\n\t\t\t\tmargin: 50px auto;\r\n\t\t\t\twidth: 50px;\r\n\t\t\t\theight: 40px;\r\n\t\t\t\ttext-align: center;\r\n\t\t\t\tfont-size: 10px;\r\n\t\t\t}\r\n\t\t\t.rbs_gallery_69e74cd153358Spinner > div{\r\n\t\t\t  background-color: #333;\r\n\t\t\t  height: 100%;\r\n\t\t\t  width: 6px;\r\n\t\t\t  display: inline-block;\r\n\t\t\t  -webkit-animation: rbs_gallery_69e74cd153358-stretchdelay 1.2s infinite ease-in-out;\r\n\t\t\t  animation: rbs_gallery_69e74cd153358-stretchdelay 1.2s infinite ease-in-out;\r\n\t\t\t}\r\n\t\t\t.rbs_gallery_69e74cd153358Spinner .rbs_gallery_69e74cd153358Rect2 {\r\n\t\t\t  -webkit-animation-delay: -1.1s;\r\n\t\t\t  animation-delay: -1.1s;\r\n\t\t\t}\r\n\t\t\t.rbs_gallery_69e74cd153358Spinner .rbs_gallery_69e74cd153358Rect3 {\r\n\t\t\t  -webkit-animation-delay: -1.0s;\r\n\t\t\t  animation-delay: -1.0s;\r\n\t\t\t}\r\n\t\t\t.rbs_gallery_69e74cd153358Spinner .rbs_gallery_69e74cd153358Rect4 {\r\n\t\t\t  -webkit-animation-delay: -0.9s;\r\n\t\t\t  animation-delay: -0.9s;\r\n\t\t\t}\r\n\t\t\t.rbs_gallery_69e74cd153358Spinner .rbs_gallery_69e74cd153358Rect5 {\r\n\t\t\t  -webkit-animation-delay: -0.8s;\r\n\t\t\t  animation-delay: -0.8s;\r\n\t\t\t}\r\n\t\t\t@-webkit-keyframes rbs_gallery_69e74cd153358-stretchdelay {\r\n\t\t\t  0%, 40%, 100% { -webkit-transform: scaleY(0.4) }  \r\n\t\t\t  20% { -webkit-transform: scaleY(1.0) }\r\n\t\t\t}\r\n\t\t\t@keyframes rbs_gallery_69e74cd153358-stretchdelay {\r\n\t\t\t  0%, 40%, 100% { \r\n\t\t\t    transform: scaleY(0.4);\r\n\t\t\t    -webkit-transform: scaleY(0.4);\r\n\t\t\t  }  20% { \r\n\t\t\t    transform: scaleY(1.0);\r\n\t\t\t    -webkit-transform: scaleY(1.0);\r\n\t\t\t  }\r\n\t\t\t}\r\n\t\t<\/style><div class=\"robo-gallery-wrap robo-gallery-wrap-id3504 robo-gallery-\" ><div id=\"rbs_gallery_69e74cd153358-block-loader\" class=\"rbs_gallery_69e74cd153358Spinner\"><div class=\"rbs_gallery_69e74cd153358Rect1\"><\/div> <div class=\"rbs_gallery_69e74cd153358Rect2\"><\/div> <div class=\"rbs_gallery_69e74cd153358Rect3\"><\/div> <div class=\"rbs_gallery_69e74cd153358Rect4\"><\/div> <div class=\"rbs_gallery_69e74cd153358Rect5\"><\/div><\/div><div class=\"rbs_gallery_button  rbs_gallery_align_left\" id=\"rbs_gallery_69e74cd153358filter\" style=\" display: none;\" ><a class=\"button button-border-caution  \" href=\"#\" data-filter=\"*\">All<\/a><\/div><div id=\"robo_gallery_main_block_rbs_gallery_69e74cd153358\" class=\"robogallery-gallery-3504\" style=\"width:100%;  display: none;\"><div id=\"rbs_gallery_69e74cd153358\" data-options=\"rbs_gallery_69e74cd153358\" style=\"width:100%;\" class=\"robo_gallery  \"><div class=\"rbs-img  category3504 \" ><div class=\"rbs-img-image   rbs-lightbox \" ><div class=\"rbs-img-thumbs\"  data-thumbnail=\"https:\/\/www.paripari-lingerie.com\/wp-content\/uploads\/2024\/09\/SOPHIA-RED-PUSH-UP-and-FULL-FRONT-683x1024.jpg\"  title=\"SOPHIA RED PUSH-UP and FULL FRONT\"  data-width=\"683\"  data-height=\"1024\" ><\/div><div class=\"rbs-img-data-popup\"  data-popup=\"https:\/\/www.paripari-lingerie.com\/wp-content\/uploads\/2024\/09\/SOPHIA-RED-PUSH-UP-and-FULL-FRONT-scaled.jpg\"  title=\"SOPHIA RED PUSH-UP and FULL FRONT\" ><\/div><div class=\"thumbnail-overlay\"><div class=\"rbsTitle \">SOPHIA RED PUSH-UP and FULL FRONT<\/div><div class=\"rbsIcons\"><i class=\"fa fa-search-plus rbsZoomIcon \" ><\/i><\/div><\/div><\/div><\/div><div class=\"rbs-img  category3504 \" ><div class=\"rbs-img-image   rbs-lightbox \" ><div class=\"rbs-img-thumbs\"  data-thumbnail=\"https:\/\/www.paripari-lingerie.com\/wp-content\/uploads\/2024\/09\/SOPHIA-RED-PUSH-UP-and-FULL-REAR-683x1024.jpg\"  title=\"SOPHIA RED PUSH-UP and FULL REAR\"  data-width=\"683\"  data-height=\"1024\" ><\/div><div class=\"rbs-img-data-popup\"  data-popup=\"https:\/\/www.paripari-lingerie.com\/wp-content\/uploads\/2024\/09\/SOPHIA-RED-PUSH-UP-and-FULL-REAR-scaled.jpg\"  title=\"SOPHIA RED PUSH-UP and FULL REAR\" ><\/div><div class=\"thumbnail-overlay\"><div class=\"rbsTitle \">SOPHIA RED PUSH-UP and FULL REAR<\/div><div class=\"rbsIcons\"><i class=\"fa fa-search-plus rbsZoomIcon \" ><\/i><\/div><\/div><\/div><\/div><div class=\"rbs-img  category3504 \" ><div class=\"rbs-img-image   rbs-lightbox \" ><div class=\"rbs-img-thumbs\"  data-thumbnail=\"https:\/\/www.paripari-lingerie.com\/wp-content\/uploads\/2024\/09\/SOPHIA-RED-PUSH-UP-and-BRAZILIAN-HIGH-WAIST-FRONT-683x1024.jpg\"  title=\"SOPHIA RED PUSH-UP and BRAZILIAN HIGH WAIST FRONT\"  data-width=\"683\"  data-height=\"1024\" ><\/div><div class=\"rbs-img-data-popup\"  data-popup=\"https:\/\/www.paripari-lingerie.com\/wp-content\/uploads\/2024\/09\/SOPHIA-RED-PUSH-UP-and-BRAZILIAN-HIGH-WAIST-FRONT-scaled.jpg\"  title=\"SOPHIA RED PUSH-UP and BRAZILIAN HIGH WAIST FRONT\" ><\/div><div class=\"thumbnail-overlay\"><div class=\"rbsTitle \">SOPHIA RED PUSH-UP and BRAZILIAN HIGH WAIST FRONT<\/div><div class=\"rbsIcons\"><i class=\"fa fa-search-plus rbsZoomIcon \" ><\/i><\/div><\/div><\/div><\/div><div class=\"rbs-img  category3504 \" ><div class=\"rbs-img-image   rbs-lightbox \" ><div class=\"rbs-img-thumbs\"  data-thumbnail=\"https:\/\/www.paripari-lingerie.com\/wp-content\/uploads\/2024\/09\/SOPHIA-RED-PUSH-UP-and-BRAZILIAN-HIGH-WAIST-REAR-683x1024.jpg\"  title=\"SOPHIA RED PUSH-UP and BRAZILIAN HIGH WAIST REAR\"  data-width=\"683\"  data-height=\"1024\" ><\/div><div class=\"rbs-img-data-popup\"  data-popup=\"https:\/\/www.paripari-lingerie.com\/wp-content\/uploads\/2024\/09\/SOPHIA-RED-PUSH-UP-and-BRAZILIAN-HIGH-WAIST-REAR-scaled.jpg\"  title=\"SOPHIA RED PUSH-UP and BRAZILIAN HIGH WAIST REAR\" ><\/div><div class=\"thumbnail-overlay\"><div class=\"rbsTitle \">SOPHIA RED PUSH-UP and BRAZILIAN HIGH WAIST REAR<\/div><div class=\"rbsIcons\"><i class=\"fa fa-search-plus rbsZoomIcon \" ><\/i><\/div><\/div><\/div><\/div><div class=\"rbs-img  category3504 \" ><div class=\"rbs-img-image   rbs-lightbox \" ><div class=\"rbs-img-thumbs\"  data-thumbnail=\"https:\/\/www.paripari-lingerie.com\/wp-content\/uploads\/2024\/09\/SOPHIA-RED-SOFT-and-BRAZILIAN-FRONT-683x1024.jpg\"  title=\"SOPHIA RED SOFT and BRAZILIAN FRONT\"  data-width=\"683\"  data-height=\"1024\" ><\/div><div class=\"rbs-img-data-popup\"  data-popup=\"https:\/\/www.paripari-lingerie.com\/wp-content\/uploads\/2024\/09\/SOPHIA-RED-SOFT-and-BRAZILIAN-FRONT-scaled.jpg\"  title=\"SOPHIA RED SOFT and BRAZILIAN FRONT\" ><\/div><div class=\"thumbnail-overlay\"><div class=\"rbsTitle \">SOPHIA RED SOFT and BRAZILIAN FRONT<\/div><div class=\"rbsIcons\"><i class=\"fa fa-search-plus rbsZoomIcon \" ><\/i><\/div><\/div><\/div><\/div><div class=\"rbs-img  category3504 \" ><div class=\"rbs-img-image   rbs-lightbox \" ><div class=\"rbs-img-thumbs\"  data-thumbnail=\"https:\/\/www.paripari-lingerie.com\/wp-content\/uploads\/2024\/09\/SOPHIA-RED-SOFT-and-BRAZILIAN-REAR-683x1024.jpg\"  title=\"SOPHIA RED SOFT and BRAZILIAN REAR\"  data-width=\"683\"  data-height=\"1024\" ><\/div><div class=\"rbs-img-data-popup\"  data-popup=\"https:\/\/www.paripari-lingerie.com\/wp-content\/uploads\/2024\/09\/SOPHIA-RED-SOFT-and-BRAZILIAN-REAR-scaled.jpg\"  title=\"SOPHIA RED SOFT and BRAZILIAN REAR\" ><\/div><div class=\"thumbnail-overlay\"><div class=\"rbsTitle \">SOPHIA RED SOFT and BRAZILIAN REAR<\/div><div class=\"rbsIcons\"><i class=\"fa fa-search-plus rbsZoomIcon \" ><\/i><\/div><\/div><\/div><\/div><\/div><\/div><\/div><script>var rbs_gallery_69e74cd153358 = {\"version\":\"5.1.4\",\"id\":3504,\"class\":\"id3504\",\"roboGalleryDelay\":1000,\"mainContainer\":\"#robo_gallery_main_block_rbs_gallery_69e74cd153358\",\"loadingContainer\":\"#rbs_gallery_69e74cd153358-block-loader\",\"loadingContainerObj\":\"rbs_gallery_69e74cd153358-block-loader\",\"columnWidth\":\"auto\",\"columns\":3,\"resolutions\":[{\"columnWidth\":\"auto\",\"columns\":3,\"maxWidth\":960},{\"columnWidth\":\"auto\",\"columns\":2,\"maxWidth\":650},{\"columnWidth\":\"auto\",\"columns\":1,\"maxWidth\":450}],\"lightboxOptions\":{\"gallery\":{\"enabled\":true,\"tCounter\":\"%curr% of %total%\"}},\"overlayEffect\":\"direction-aware-fade\",\"boxesToLoadStart\":12,\"boxesToLoad\":8,\"waitUntilThumbLoads\":1,\"LoadingWord\":\"Loading...\",\"loadMoreWord\":\"Load More\",\"noMoreEntriesWord\":\"No More Entries\",\"horizontalSpaceBetweenBoxes\":15,\"verticalSpaceBetweenBoxes\":15,\"lazyLoad\":1,\"wrapContainer\":\"#robo-gallery-wrap-rbs_gallery_69e74cd153358\",\"filterContainer\":\"#rbs_gallery_69e74cd153358filter\",\"loadMoreClass\":\"button-border-caution \"};<\/script><\/p>\n<p><p><a href=\"\/sizes-table\">Tableau des tailles de <strong>lingerie PariPari<\/strong><\/a><br \/>\n<\/p><br \/>\n<p><\/p>\n<table class=\"sizeTable\">\n<tbody>\n<tr>\n<td><b>SOUTIEN-GORGE PUSH-UP<\/b><\/td>\n<\/tr>\n<tr>\n<td>65&nbsp;&nbsp;CDEFGH<\/td>\n<\/tr>\n<tr>\n<td>70&nbsp;&nbsp;BCDEFG<\/td>\n<\/tr>\n<tr>\n<td>75&nbsp;&nbsp;ABCDEFGH<\/td>\n<\/tr>\n<tr>\n<td>80&nbsp;&nbsp;ABCDEFG<\/td>\n<\/tr>\n<tr>\n<td>85&nbsp;&nbsp;ABCDE<\/td>\n<\/tr>\n<tr>\n<td>90&nbsp;&nbsp;BCDE<\/td>\n<\/tr>\n<tr>\n<td>95&nbsp;&nbsp;BCD<\/td>\n<\/tr>\n<tr>\n<td>100&nbsp;&nbsp;BC<\/td>\n<\/tr>\n<tr>\n<td>105&nbsp;&nbsp;B<\/td>\n<\/tr>\n<tr>\n<td><b>SOUTIEN-GORGE SOFT<\/b><\/td>\n<\/tr>\n<tr>\n<td>65&nbsp;&nbsp;CDEFGH<\/td>\n<\/tr>\n<tr>\n<td>70&nbsp;&nbsp;BCDEFG<\/td>\n<\/tr>\n<tr>\n<td>75&nbsp;&nbsp;ABCDE<\/td>\n<\/tr>\n<tr>\n<td>80&nbsp;&nbsp;ABCDE<\/td>\n<\/tr>\n<tr>\n<td>85&nbsp;&nbsp;ABCD<\/td>\n<\/tr>\n<tr>\n<td>90&nbsp;&nbsp;BC<\/td>\n<\/tr>\n<tr>\n<td>95&nbsp;&nbsp;B<\/td>\n<\/tr>\n<tr>\n<td><b>CULOTTES CLASSIQUES<\/b><\/td>\n<\/tr>\n<tr>\n<td>S&nbsp;&nbsp;M&nbsp;&nbsp;L&nbsp;&nbsp;XL&nbsp;&nbsp;XXL&nbsp;&nbsp;XXXL<\/td>\n<\/tr>\n<tr>\n<td><b>CULOTTES BR\u00c9SILIENNES<\/b><\/td>\n<\/tr>\n<tr>\n<td>S&nbsp;&nbsp;M&nbsp;&nbsp;L&nbsp;&nbsp;XL&nbsp;&nbsp;XXL&nbsp;&nbsp;XXXL<\/td>\n<\/tr>\n<tr>\n<td><b>CULOTTES BR\u00c9SILIENNES TAILLE HAUTE (HW)<\/b><\/td>\n<\/tr>\n<tr>\n<td>S&nbsp;&nbsp;M&nbsp;&nbsp;L&nbsp;&nbsp;XL&nbsp;&nbsp;XXL&nbsp;&nbsp;XXXL<\/td>\n<\/tr>\n<\/tbody>\n<\/table>\n<p><\/p><\/p>\n<p><p><\/p>\n<div style=\"display: flex; align-items: center; gap: 15px; margin-top: 20px; width: 100%;\">\n    <img decoding=\"async\" src=\"https:\/\/www.paripari-lingerie.com\/wp-content\/uploads\/2024\/10\/handshake_icon.png\" alt=\"Ic\u00f4ne de collaboration\" style=\"width: 50px; height: auto;\"\/><\/p>\n<div>\n        <b>Souhaitez-vous collaborer avec nous et devenir distributeur de la lingerie PariPari ?<br \/>\n        <a href=\"https:\/\/www.paripari-lingerie.com\/cooperation-resell-paripari-lingerie-and-build-your-success-with-our-brand\/\">Trouvez plus d&rsquo;informations ici<\/a>, contactez-nous \u2013 nous sommes impatients de vous entendre\u00a0!<\/b>\n    <\/div>\n<\/div>\n<p><\/p><br \/>\n<\/p>","protected":false},"excerpt":{"rendered":"","protected":false},"author":1,"featured_media":0,"parent":1564,"menu_order":29,"comment_status":"closed","ping_status":"closed","template":"","meta":{"footnotes":""},"class_list":["post-3552","page","type-page","status-publish","czr-hentry"],"_links":{"self":[{"href":"https:\/\/www.paripari-lingerie.com\/fr\/wp-json\/wp\/v2\/pages\/3552","targetHints":{"allow":["GET"]}}],"collection":[{"href":"https:\/\/www.paripari-lingerie.com\/fr\/wp-json\/wp\/v2\/pages"}],"about":[{"href":"https:\/\/www.paripari-lingerie.com\/fr\/wp-json\/wp\/v2\/types\/page"}],"author":[{"embeddable":true,"href":"https:\/\/www.paripari-lingerie.com\/fr\/wp-json\/wp\/v2\/users\/1"}],"replies":[{"embeddable":true,"href":"https:\/\/www.paripari-lingerie.com\/fr\/wp-json\/wp\/v2\/comments?post=3552"}],"version-history":[{"count":4,"href":"https:\/\/www.paripari-lingerie.com\/fr\/wp-json\/wp\/v2\/pages\/3552\/revisions"}],"predecessor-version":[{"id":3808,"href":"https:\/\/www.paripari-lingerie.com\/fr\/wp-json\/wp\/v2\/pages\/3552\/revisions\/3808"}],"up":[{"embeddable":true,"href":"https:\/\/www.paripari-lingerie.com\/fr\/wp-json\/wp\/v2\/pages\/1564"}],"wp:attachment":[{"href":"https:\/\/www.paripari-lingerie.com\/fr\/wp-json\/wp\/v2\/media?parent=3552"}],"curies":[{"name":"wp","href":"https:\/\/api.w.org\/{rel}","templated":true}]}}