{"id":3623,"date":"2024-12-01T21:56:34","date_gmt":"2024-12-01T20:56:34","guid":{"rendered":"https:\/\/www.paripari-lingerie.com\/?page_id=3623"},"modified":"2025-02-03T11:58:06","modified_gmt":"2025-02-03T10:58:06","slug":"candice-red-pink","status":"publish","type":"page","link":"https:\/\/www.paripari-lingerie.com\/fr\/collection\/candice-red-pink\/","title":{"rendered":"CANDICE ROSE-ROUGE"},"content":{"rendered":"<p><br \/>\n<\/p>\n<div class=\"product-description\">\n<p><strong>CANDICE \u2013 \u00c9l\u00e9gance Sensuelle<\/strong><\/p>\n<p>\n        CANDICE est un ensemble unique qui combine f\u00e9minit\u00e9 et d\u00e9licatesse.<br \/>\n        Le soutien-gorge de type soft, fabriqu\u00e9 en broderie d\u00e9licate avec un motif floral,<br \/>\n        met en valeur les formes naturelles tout en offrant un confort optimal gr\u00e2ce \u00e0 la microfibre \u00e9lastique.<br \/>\n        Une coupe pr\u00e9cise garantit un d\u00e9collet\u00e9 \u00e9blouissant.\n    <\/p>\n<p>\n        La collection CANDICE comprend un soutien-gorge ainsi que deux types de culottes \u2013 br\u00e9siliennes et strings \u2013 pour cr\u00e9er un ensemble parfaitement assorti.\n    <\/p>\n<\/div>\n<p><a href=\"https:\/\/www.google.com\/search?q=PariPari+Candice&#038;hl=fr\" target=\"_blank\">Recherchez et achetez le mod\u00e8le PariPari Candice<\/a><\/p>\n<p style=\"text-align: center;\"><style type=\"text\/css\" scoped>.rbs_gallery_69e74d337debeSpinner{\r\n\t\t\t\tmargin: 50px auto;\r\n\t\t\t\twidth: 50px;\r\n\t\t\t\theight: 40px;\r\n\t\t\t\ttext-align: center;\r\n\t\t\t\tfont-size: 10px;\r\n\t\t\t}\r\n\t\t\t.rbs_gallery_69e74d337debeSpinner > div{\r\n\t\t\t  background-color: #333;\r\n\t\t\t  height: 100%;\r\n\t\t\t  width: 6px;\r\n\t\t\t  display: inline-block;\r\n\t\t\t  -webkit-animation: rbs_gallery_69e74d337debe-stretchdelay 1.2s infinite ease-in-out;\r\n\t\t\t  animation: rbs_gallery_69e74d337debe-stretchdelay 1.2s infinite ease-in-out;\r\n\t\t\t}\r\n\t\t\t.rbs_gallery_69e74d337debeSpinner .rbs_gallery_69e74d337debeRect2 {\r\n\t\t\t  -webkit-animation-delay: -1.1s;\r\n\t\t\t  animation-delay: -1.1s;\r\n\t\t\t}\r\n\t\t\t.rbs_gallery_69e74d337debeSpinner .rbs_gallery_69e74d337debeRect3 {\r\n\t\t\t  -webkit-animation-delay: -1.0s;\r\n\t\t\t  animation-delay: -1.0s;\r\n\t\t\t}\r\n\t\t\t.rbs_gallery_69e74d337debeSpinner .rbs_gallery_69e74d337debeRect4 {\r\n\t\t\t  -webkit-animation-delay: -0.9s;\r\n\t\t\t  animation-delay: -0.9s;\r\n\t\t\t}\r\n\t\t\t.rbs_gallery_69e74d337debeSpinner .rbs_gallery_69e74d337debeRect5 {\r\n\t\t\t  -webkit-animation-delay: -0.8s;\r\n\t\t\t  animation-delay: -0.8s;\r\n\t\t\t}\r\n\t\t\t@-webkit-keyframes rbs_gallery_69e74d337debe-stretchdelay {\r\n\t\t\t  0%, 40%, 100% { -webkit-transform: scaleY(0.4) }  \r\n\t\t\t  20% { -webkit-transform: scaleY(1.0) }\r\n\t\t\t}\r\n\t\t\t@keyframes rbs_gallery_69e74d337debe-stretchdelay {\r\n\t\t\t  0%, 40%, 100% { \r\n\t\t\t    transform: scaleY(0.4);\r\n\t\t\t    -webkit-transform: scaleY(0.4);\r\n\t\t\t  }  20% { \r\n\t\t\t    transform: scaleY(1.0);\r\n\t\t\t    -webkit-transform: scaleY(1.0);\r\n\t\t\t  }\r\n\t\t\t}\r\n\t\t<\/style><div class=\"robo-gallery-wrap robo-gallery-wrap-id3618 robo-gallery-\" ><div id=\"rbs_gallery_69e74d337debe-block-loader\" class=\"rbs_gallery_69e74d337debeSpinner\"><div class=\"rbs_gallery_69e74d337debeRect1\"><\/div> <div class=\"rbs_gallery_69e74d337debeRect2\"><\/div> <div class=\"rbs_gallery_69e74d337debeRect3\"><\/div> <div class=\"rbs_gallery_69e74d337debeRect4\"><\/div> <div class=\"rbs_gallery_69e74d337debeRect5\"><\/div><\/div><div class=\"rbs_gallery_button  rbs_gallery_align_left\" id=\"rbs_gallery_69e74d337debefilter\" style=\" display: none;\" ><a class=\"button button-border-caution  \" href=\"#\" data-filter=\"*\">All<\/a><\/div><div id=\"robo_gallery_main_block_rbs_gallery_69e74d337debe\" class=\"robogallery-gallery-3618\" style=\"width:100%;  display: none;\"><div id=\"rbs_gallery_69e74d337debe\" data-options=\"rbs_gallery_69e74d337debe\" style=\"width:100%;\" class=\"robo_gallery  \"><div class=\"rbs-img  category3618 \" ><div class=\"rbs-img-image   rbs-lightbox \" ><div class=\"rbs-img-thumbs\"  data-thumbnail=\"https:\/\/www.paripari-lingerie.com\/wp-content\/uploads\/2025\/02\/CANDICE-PINK-RED-SOFT-and-BRAZIL-FRONT-683x1024.jpg\"  title=\"CANDICE PINK-RED SOFT and BRAZIL FRONT\"  data-width=\"683\"  data-height=\"1024\" ><\/div><div class=\"rbs-img-data-popup\"  data-popup=\"https:\/\/www.paripari-lingerie.com\/wp-content\/uploads\/2025\/02\/CANDICE-PINK-RED-SOFT-and-BRAZIL-FRONT-scaled.jpg\"  title=\"CANDICE PINK-RED SOFT and BRAZIL FRONT\" ><\/div><div class=\"thumbnail-overlay\"><div class=\"rbsTitle \">CANDICE PINK-RED SOFT and BRAZIL FRONT<\/div><div class=\"rbsIcons\"><i class=\"fa fa-search-plus rbsZoomIcon \" ><\/i><\/div><\/div><\/div><\/div><div class=\"rbs-img  category3618 \" ><div class=\"rbs-img-image   rbs-lightbox \" ><div class=\"rbs-img-thumbs\"  data-thumbnail=\"https:\/\/www.paripari-lingerie.com\/wp-content\/uploads\/2025\/02\/CANDICE-PINK-RED-SOFT-SOFT-and-BRAZIL-REAR-683x1024.jpg\"  title=\"CANDICE PINK-RED SOFT SOFT and BRAZIL REAR\"  data-width=\"683\"  data-height=\"1024\" ><\/div><div class=\"rbs-img-data-popup\"  data-popup=\"https:\/\/www.paripari-lingerie.com\/wp-content\/uploads\/2025\/02\/CANDICE-PINK-RED-SOFT-SOFT-and-BRAZIL-REAR-scaled.jpg\"  title=\"CANDICE PINK-RED SOFT SOFT and BRAZIL REAR\" ><\/div><div class=\"thumbnail-overlay\"><div class=\"rbsTitle \">CANDICE PINK-RED SOFT SOFT and BRAZIL REAR<\/div><div class=\"rbsIcons\"><i class=\"fa fa-search-plus rbsZoomIcon \" ><\/i><\/div><\/div><\/div><\/div><div class=\"rbs-img  category3618 \" ><div class=\"rbs-img-image   rbs-lightbox \" ><div class=\"rbs-img-thumbs\"  data-thumbnail=\"https:\/\/www.paripari-lingerie.com\/wp-content\/uploads\/2025\/02\/CANDICE-PINK-RED-SOFT-and-STRING-FRONT-683x1024.jpg\"  title=\"CANDICE PINK-RED SOFT and STRING FRONT\"  data-width=\"683\"  data-height=\"1024\" ><\/div><div class=\"rbs-img-data-popup\"  data-popup=\"https:\/\/www.paripari-lingerie.com\/wp-content\/uploads\/2025\/02\/CANDICE-PINK-RED-SOFT-and-STRING-FRONT-scaled.jpg\"  title=\"CANDICE PINK-RED SOFT and STRING FRONT\" ><\/div><div class=\"thumbnail-overlay\"><div class=\"rbsTitle \">CANDICE PINK-RED SOFT and STRING FRONT<\/div><div class=\"rbsIcons\"><i class=\"fa fa-search-plus rbsZoomIcon \" ><\/i><\/div><\/div><\/div><\/div><div class=\"rbs-img  category3618 \" ><div class=\"rbs-img-image   rbs-lightbox \" ><div class=\"rbs-img-thumbs\"  data-thumbnail=\"https:\/\/www.paripari-lingerie.com\/wp-content\/uploads\/2025\/02\/CANDICE-PINK-RED-SOFT-SOFT-and-STRING-REAR-683x1024.jpg\"  title=\"CANDICE PINK-RED SOFT SOFT and STRING REAR\"  data-width=\"683\"  data-height=\"1024\" ><\/div><div class=\"rbs-img-data-popup\"  data-popup=\"https:\/\/www.paripari-lingerie.com\/wp-content\/uploads\/2025\/02\/CANDICE-PINK-RED-SOFT-SOFT-and-STRING-REAR-scaled.jpg\"  title=\"CANDICE PINK-RED SOFT SOFT and STRING REAR\" ><\/div><div class=\"thumbnail-overlay\"><div class=\"rbsTitle \">CANDICE PINK-RED SOFT SOFT and STRING REAR<\/div><div class=\"rbsIcons\"><i class=\"fa fa-search-plus rbsZoomIcon \" ><\/i><\/div><\/div><\/div><\/div><\/div><\/div><\/div><script>var rbs_gallery_69e74d337debe = {\"version\":\"5.1.4\",\"id\":3618,\"class\":\"id3618\",\"roboGalleryDelay\":1000,\"mainContainer\":\"#robo_gallery_main_block_rbs_gallery_69e74d337debe\",\"loadingContainer\":\"#rbs_gallery_69e74d337debe-block-loader\",\"loadingContainerObj\":\"rbs_gallery_69e74d337debe-block-loader\",\"columnWidth\":\"auto\",\"columns\":3,\"resolutions\":[{\"columnWidth\":\"auto\",\"columns\":3,\"maxWidth\":960},{\"columnWidth\":\"auto\",\"columns\":2,\"maxWidth\":650},{\"columnWidth\":\"auto\",\"columns\":1,\"maxWidth\":450}],\"lightboxOptions\":{\"gallery\":{\"enabled\":true,\"tCounter\":\"%curr% of %total%\"}},\"overlayEffect\":\"direction-aware-fade\",\"boxesToLoadStart\":12,\"boxesToLoad\":8,\"waitUntilThumbLoads\":1,\"LoadingWord\":\"Loading...\",\"loadMoreWord\":\"Load More\",\"noMoreEntriesWord\":\"No More Entries\",\"horizontalSpaceBetweenBoxes\":15,\"verticalSpaceBetweenBoxes\":15,\"lazyLoad\":1,\"wrapContainer\":\"#robo-gallery-wrap-rbs_gallery_69e74d337debe\",\"filterContainer\":\"#rbs_gallery_69e74d337debefilter\",\"loadMoreClass\":\"button-border-caution \"};<\/script><\/p>\n<p><p><a href=\"\/sizes-table\">Tableau des tailles de <strong>lingerie PariPari<\/strong><\/a><br \/>\n<\/p><br \/>\n<p><\/p>\n<table class=\"sizeTable\">\n<tbody>\n<tr>\n<td><b>SOUTIEN-GORGE SOFT<\/b><br \/>\n65 CDEFGH<br \/>\n70 BCDEFG<br \/>\n75 ABCDEF<br \/>\n80 ABCDE<br \/>\n85 ABCD<br \/>\n90 BC<br \/>\n95 B<\/td>\n<\/tr>\n<\/tbody>\n<\/table>\n<p><\/p><br \/>\n<p><\/p>\n<table class=\"sizeTable\">\n<tbody>\n<tr>\n<td><b>STRING<\/b><br \/>\nS, M, L, XL, XXL<\/td>\n<td><b>CULOTTE BR\u00c9SILIENNE<\/b><br \/>\nS, M, L, XL, XXL<\/td>\n<\/tr>\n<\/tbody>\n<\/table>\n<p><\/p><\/p>\n<p><p><\/p>\n<div style=\"display: flex; align-items: center; gap: 15px; margin-top: 20px; width: 100%;\">\n    <img decoding=\"async\" src=\"https:\/\/www.paripari-lingerie.com\/wp-content\/uploads\/2024\/10\/handshake_icon.png\" alt=\"Ic\u00f4ne de collaboration\" style=\"width: 50px; height: auto;\"\/><\/p>\n<div>\n        <b>Souhaitez-vous collaborer avec nous et devenir distributeur de la lingerie PariPari ?<br \/>\n        <a href=\"https:\/\/www.paripari-lingerie.com\/cooperation-resell-paripari-lingerie-and-build-your-success-with-our-brand\/\">Trouvez plus d&rsquo;informations ici<\/a>, contactez-nous \u2013 nous sommes impatients de vous entendre\u00a0!<\/b>\n    <\/div>\n<\/div>\n<p><\/p><br \/>\n<br \/>\n<\/p>","protected":false},"excerpt":{"rendered":"<p>CANDICE \u2013 \u00c9l\u00e9gance Sensuelle CANDICE est un ensemble unique qui combine f\u00e9minit\u00e9 et d\u00e9licatesse. Le soutien-gorge de type soft, fabriqu\u00e9 en broderie d\u00e9licate avec un motif floral, met en valeur les formes naturelles tout en offrant un confort optimal gr\u00e2ce \u00e0 la microfibre \u00e9lastique. Une coupe pr\u00e9cise garantit un d\u00e9collet\u00e9 \u00e9blouissant. La collection CANDICE comprend [&hellip;]<\/p>\n","protected":false},"author":1,"featured_media":0,"parent":1564,"menu_order":29,"comment_status":"closed","ping_status":"closed","template":"","meta":{"footnotes":""},"class_list":["post-3623","page","type-page","status-publish","czr-hentry"],"_links":{"self":[{"href":"https:\/\/www.paripari-lingerie.com\/fr\/wp-json\/wp\/v2\/pages\/3623","targetHints":{"allow":["GET"]}}],"collection":[{"href":"https:\/\/www.paripari-lingerie.com\/fr\/wp-json\/wp\/v2\/pages"}],"about":[{"href":"https:\/\/www.paripari-lingerie.com\/fr\/wp-json\/wp\/v2\/types\/page"}],"author":[{"embeddable":true,"href":"https:\/\/www.paripari-lingerie.com\/fr\/wp-json\/wp\/v2\/users\/1"}],"replies":[{"embeddable":true,"href":"https:\/\/www.paripari-lingerie.com\/fr\/wp-json\/wp\/v2\/comments?post=3623"}],"version-history":[{"count":11,"href":"https:\/\/www.paripari-lingerie.com\/fr\/wp-json\/wp\/v2\/pages\/3623\/revisions"}],"predecessor-version":[{"id":3824,"href":"https:\/\/www.paripari-lingerie.com\/fr\/wp-json\/wp\/v2\/pages\/3623\/revisions\/3824"}],"up":[{"embeddable":true,"href":"https:\/\/www.paripari-lingerie.com\/fr\/wp-json\/wp\/v2\/pages\/1564"}],"wp:attachment":[{"href":"https:\/\/www.paripari-lingerie.com\/fr\/wp-json\/wp\/v2\/media?parent=3623"}],"curies":[{"name":"wp","href":"https:\/\/api.w.org\/{rel}","templated":true}]}}