{"id":3634,"date":"2024-12-02T12:52:17","date_gmt":"2024-12-02T11:52:17","guid":{"rendered":"https:\/\/www.paripari-lingerie.com\/?page_id=3634"},"modified":"2024-12-20T12:54:43","modified_gmt":"2024-12-20T11:54:43","slug":"sylvie-beige","status":"publish","type":"page","link":"https:\/\/www.paripari-lingerie.com\/fr\/collection\/sylvie-beige\/","title":{"rendered":"SYLVIE BEIGE"},"content":{"rendered":"<p><p><\/p>\n<div class=\"product-description\">\n<p><strong>SYLVIE \u2013 Sensualit\u00e9 Raffin\u00e9e<\/strong><\/p>\n<p>\n        La collection SYLVIE incarne l&rsquo;\u00e9l\u00e9gance et la d\u00e9licatesse f\u00e9minine. Le soutien-gorge push-up est con\u00e7u pour sublimer la poitrine en mettant en valeur sa forme naturelle.<br \/>\n        Les bonnets en dentelle avec un motif floral apportent l\u00e9g\u00e8ret\u00e9 et charme romantique, tandis que les panneaux lat\u00e9raux en microfibre douce assurent un ajustement parfait et un confort tout au long de la journ\u00e9e.<br \/>\n        Le soutien-gorge est dot\u00e9 d&rsquo;une fermeture \u00e0 agrafes large (3&#215;3) pour un maintien et une stabilit\u00e9 exceptionnels.\n    <\/p>\n<p>\n        La collection comprend \u00e9galement trois types de culottes, offrant une option pour chaque femme :<\/p>\n<ul>\n<li>Culottes classiques \u2013 un choix intemporel pour celles qui appr\u00e9cient le confort et la simplicit\u00e9.<\/li>\n<li>Strings \u2013 id\u00e9aux pour les femmes qui souhaitent mettre en avant leur sensualit\u00e9.<\/li>\n<li>Culottes taille haute \u2013 \u00e9l\u00e9gantes et pratiques, offrant un soutien suppl\u00e9mentaire.<\/li>\n<\/ul>\n<p>\n        La collection SYLVIE a \u00e9t\u00e9 cr\u00e9\u00e9e pour les femmes qui veulent se sentir sp\u00e9ciales chaque jour, quelles que soient les occasions.<br \/>\n        Sa combinaison de d\u00e9tails magnifiques et de haute fonctionnalit\u00e9 en fait le choix parfait pour toutes les femmes.\n    <\/p>\n<p>D\u00e9couvrez le charme unique de la collection SYLVIE en explorant sa beaut\u00e9 \u00e0 travers les photos.<\/p>\n<\/div>\n<p><\/p><\/p>\n<p style=\"text-align: center;\"><p><a href=\"https:\/\/www.google.com\/search?q=PariPari+Sylvie&#038;hl=fr\" target=\"_blank\">Recherchez et achetez PariPari Sylvie<\/a><\/p><style type=\"text\/css\" scoped>.rbs_gallery_69e3a2f5dc28aSpinner{\r\n\t\t\t\tmargin: 50px auto;\r\n\t\t\t\twidth: 50px;\r\n\t\t\t\theight: 40px;\r\n\t\t\t\ttext-align: center;\r\n\t\t\t\tfont-size: 10px;\r\n\t\t\t}\r\n\t\t\t.rbs_gallery_69e3a2f5dc28aSpinner > div{\r\n\t\t\t  background-color: #333;\r\n\t\t\t  height: 100%;\r\n\t\t\t  width: 6px;\r\n\t\t\t  display: inline-block;\r\n\t\t\t  -webkit-animation: rbs_gallery_69e3a2f5dc28a-stretchdelay 1.2s infinite ease-in-out;\r\n\t\t\t  animation: rbs_gallery_69e3a2f5dc28a-stretchdelay 1.2s infinite ease-in-out;\r\n\t\t\t}\r\n\t\t\t.rbs_gallery_69e3a2f5dc28aSpinner .rbs_gallery_69e3a2f5dc28aRect2 {\r\n\t\t\t  -webkit-animation-delay: -1.1s;\r\n\t\t\t  animation-delay: -1.1s;\r\n\t\t\t}\r\n\t\t\t.rbs_gallery_69e3a2f5dc28aSpinner .rbs_gallery_69e3a2f5dc28aRect3 {\r\n\t\t\t  -webkit-animation-delay: -1.0s;\r\n\t\t\t  animation-delay: -1.0s;\r\n\t\t\t}\r\n\t\t\t.rbs_gallery_69e3a2f5dc28aSpinner .rbs_gallery_69e3a2f5dc28aRect4 {\r\n\t\t\t  -webkit-animation-delay: -0.9s;\r\n\t\t\t  animation-delay: -0.9s;\r\n\t\t\t}\r\n\t\t\t.rbs_gallery_69e3a2f5dc28aSpinner .rbs_gallery_69e3a2f5dc28aRect5 {\r\n\t\t\t  -webkit-animation-delay: -0.8s;\r\n\t\t\t  animation-delay: -0.8s;\r\n\t\t\t}\r\n\t\t\t@-webkit-keyframes rbs_gallery_69e3a2f5dc28a-stretchdelay {\r\n\t\t\t  0%, 40%, 100% { -webkit-transform: scaleY(0.4) }  \r\n\t\t\t  20% { -webkit-transform: scaleY(1.0) }\r\n\t\t\t}\r\n\t\t\t@keyframes rbs_gallery_69e3a2f5dc28a-stretchdelay {\r\n\t\t\t  0%, 40%, 100% { \r\n\t\t\t    transform: scaleY(0.4);\r\n\t\t\t    -webkit-transform: scaleY(0.4);\r\n\t\t\t  }  20% { \r\n\t\t\t    transform: scaleY(1.0);\r\n\t\t\t    -webkit-transform: scaleY(1.0);\r\n\t\t\t  }\r\n\t\t\t}\r\n\t\t<\/style><div class=\"robo-gallery-wrap robo-gallery-wrap-id3533 robo-gallery-\" ><div id=\"rbs_gallery_69e3a2f5dc28a-block-loader\" class=\"rbs_gallery_69e3a2f5dc28aSpinner\"><div class=\"rbs_gallery_69e3a2f5dc28aRect1\"><\/div> <div class=\"rbs_gallery_69e3a2f5dc28aRect2\"><\/div> <div class=\"rbs_gallery_69e3a2f5dc28aRect3\"><\/div> <div class=\"rbs_gallery_69e3a2f5dc28aRect4\"><\/div> <div class=\"rbs_gallery_69e3a2f5dc28aRect5\"><\/div><\/div><div class=\"rbs_gallery_button  rbs_gallery_align_left\" id=\"rbs_gallery_69e3a2f5dc28afilter\" style=\" display: none;\" ><a class=\"button button-border-caution  \" href=\"#\" data-filter=\"*\">All<\/a><\/div><div id=\"robo_gallery_main_block_rbs_gallery_69e3a2f5dc28a\" class=\"robogallery-gallery-3533\" style=\"width:100%;  display: none;\"><div id=\"rbs_gallery_69e3a2f5dc28a\" data-options=\"rbs_gallery_69e3a2f5dc28a\" style=\"width:100%;\" class=\"robo_gallery  \"><div class=\"rbs-img  category3533 \" ><div class=\"rbs-img-image   rbs-lightbox \" ><div class=\"rbs-img-thumbs\"  data-thumbnail=\"https:\/\/www.paripari-lingerie.com\/wp-content\/uploads\/2024\/09\/SYLVIE-BEIGE-PUSH-UP-and-FULL-HIGH-WAIST-FRONT-683x1024.jpg\"  title=\"SYLVIE BEIGE PUSH-UP and FULL HIGH WAIST FRONT\"  data-width=\"683\"  data-height=\"1024\" ><\/div><div class=\"rbs-img-data-popup\"  data-popup=\"https:\/\/www.paripari-lingerie.com\/wp-content\/uploads\/2024\/09\/SYLVIE-BEIGE-PUSH-UP-and-FULL-HIGH-WAIST-FRONT-scaled.jpg\"  title=\"SYLVIE BEIGE PUSH-UP and FULL HIGH WAIST FRONT\" ><\/div><div class=\"thumbnail-overlay\"><div class=\"rbsTitle \">SYLVIE BEIGE PUSH-UP and FULL HIGH WAIST FRONT<\/div><div class=\"rbsIcons\"><i class=\"fa fa-search-plus rbsZoomIcon \" ><\/i><\/div><\/div><\/div><\/div><div class=\"rbs-img  category3533 \" ><div class=\"rbs-img-image   rbs-lightbox \" ><div class=\"rbs-img-thumbs\"  data-thumbnail=\"https:\/\/www.paripari-lingerie.com\/wp-content\/uploads\/2024\/09\/SYLVIE-BEIGE-FULL-HIGH-WAIST-REAR-683x1024.jpg\"  title=\"SYLVIE BEIGE FULL HIGH WAIST REAR\"  data-width=\"683\"  data-height=\"1024\" ><\/div><div class=\"rbs-img-data-popup\"  data-popup=\"https:\/\/www.paripari-lingerie.com\/wp-content\/uploads\/2024\/09\/SYLVIE-BEIGE-FULL-HIGH-WAIST-REAR-scaled.jpg\"  title=\"SYLVIE BEIGE FULL HIGH WAIST REAR\" ><\/div><div class=\"thumbnail-overlay\"><div class=\"rbsTitle \">SYLVIE BEIGE FULL HIGH WAIST REAR<\/div><div class=\"rbsIcons\"><i class=\"fa fa-search-plus rbsZoomIcon \" ><\/i><\/div><\/div><\/div><\/div><div class=\"rbs-img  category3533 \" ><div class=\"rbs-img-image   rbs-lightbox \" ><div class=\"rbs-img-thumbs\"  data-thumbnail=\"https:\/\/www.paripari-lingerie.com\/wp-content\/uploads\/2024\/09\/SYLVIE-BEIGE-PUSH-UP-and-FULL-FRONT-683x1024.jpg\"  title=\"SYLVIE BEIGE PUSH-UP and FULL FRONT\"  data-width=\"683\"  data-height=\"1024\" ><\/div><div class=\"rbs-img-data-popup\"  data-popup=\"https:\/\/www.paripari-lingerie.com\/wp-content\/uploads\/2024\/09\/SYLVIE-BEIGE-PUSH-UP-and-FULL-FRONT-scaled.jpg\"  title=\"SYLVIE BEIGE PUSH-UP and FULL FRONT\" ><\/div><div class=\"thumbnail-overlay\"><div class=\"rbsTitle \">SYLVIE BEIGE PUSH-UP and FULL FRONT<\/div><div class=\"rbsIcons\"><i class=\"fa fa-search-plus rbsZoomIcon \" ><\/i><\/div><\/div><\/div><\/div><div class=\"rbs-img  category3533 \" ><div class=\"rbs-img-image   rbs-lightbox \" ><div class=\"rbs-img-thumbs\"  data-thumbnail=\"https:\/\/www.paripari-lingerie.com\/wp-content\/uploads\/2024\/09\/SYLVIE-BEIGE-FULL-REAR-683x1024.jpg\"  title=\"SYLVIE BEIGE FULL REAR\"  data-width=\"683\"  data-height=\"1024\" ><\/div><div class=\"rbs-img-data-popup\"  data-popup=\"https:\/\/www.paripari-lingerie.com\/wp-content\/uploads\/2024\/09\/SYLVIE-BEIGE-FULL-REAR-scaled.jpg\"  title=\"SYLVIE BEIGE FULL REAR\" ><\/div><div class=\"thumbnail-overlay\"><div class=\"rbsTitle \">SYLVIE BEIGE FULL REAR<\/div><div class=\"rbsIcons\"><i class=\"fa fa-search-plus rbsZoomIcon \" ><\/i><\/div><\/div><\/div><\/div><div class=\"rbs-img  category3533 \" ><div class=\"rbs-img-image   rbs-lightbox \" ><div class=\"rbs-img-thumbs\"  data-thumbnail=\"https:\/\/www.paripari-lingerie.com\/wp-content\/uploads\/2024\/09\/SYLVIE-BEIGE-PUSH-UP-and-STRING-FRONT-683x1024.jpg\"  title=\"SYLVIE BEIGE PUSH-UP and STRING FRONT\"  data-width=\"683\"  data-height=\"1024\" ><\/div><div class=\"rbs-img-data-popup\"  data-popup=\"https:\/\/www.paripari-lingerie.com\/wp-content\/uploads\/2024\/09\/SYLVIE-BEIGE-PUSH-UP-and-STRING-FRONT-scaled.jpg\"  title=\"SYLVIE BEIGE PUSH-UP and STRING FRONT\" ><\/div><div class=\"thumbnail-overlay\"><div class=\"rbsTitle \">SYLVIE BEIGE PUSH-UP and STRING FRONT<\/div><div class=\"rbsIcons\"><i class=\"fa fa-search-plus rbsZoomIcon \" ><\/i><\/div><\/div><\/div><\/div><div class=\"rbs-img  category3533 \" ><div class=\"rbs-img-image   rbs-lightbox \" ><div class=\"rbs-img-thumbs\"  data-thumbnail=\"https:\/\/www.paripari-lingerie.com\/wp-content\/uploads\/2024\/09\/SYLVIE-BEIGE-STRING-REAR-683x1024.jpg\"  title=\"SYLVIE BEIGE STRING REAR\"  data-width=\"683\"  data-height=\"1024\" ><\/div><div class=\"rbs-img-data-popup\"  data-popup=\"https:\/\/www.paripari-lingerie.com\/wp-content\/uploads\/2024\/09\/SYLVIE-BEIGE-STRING-REAR-scaled.jpg\"  title=\"SYLVIE BEIGE STRING REAR\" ><\/div><div class=\"thumbnail-overlay\"><div class=\"rbsTitle \">SYLVIE BEIGE STRING REAR<\/div><div class=\"rbsIcons\"><i class=\"fa fa-search-plus rbsZoomIcon \" ><\/i><\/div><\/div><\/div><\/div><\/div><\/div><\/div><script>var rbs_gallery_69e3a2f5dc28a = {\"version\":\"5.1.4\",\"id\":3533,\"class\":\"id3533\",\"roboGalleryDelay\":1000,\"mainContainer\":\"#robo_gallery_main_block_rbs_gallery_69e3a2f5dc28a\",\"loadingContainer\":\"#rbs_gallery_69e3a2f5dc28a-block-loader\",\"loadingContainerObj\":\"rbs_gallery_69e3a2f5dc28a-block-loader\",\"columnWidth\":\"auto\",\"columns\":3,\"resolutions\":[{\"columnWidth\":\"auto\",\"columns\":3,\"maxWidth\":960},{\"columnWidth\":\"auto\",\"columns\":2,\"maxWidth\":650},{\"columnWidth\":\"auto\",\"columns\":1,\"maxWidth\":450}],\"lightboxOptions\":{\"gallery\":{\"enabled\":true,\"tCounter\":\"%curr% of %total%\"}},\"overlayEffect\":\"direction-aware-fade\",\"boxesToLoadStart\":12,\"boxesToLoad\":8,\"waitUntilThumbLoads\":1,\"LoadingWord\":\"Loading...\",\"loadMoreWord\":\"Load More\",\"noMoreEntriesWord\":\"No More Entries\",\"horizontalSpaceBetweenBoxes\":15,\"verticalSpaceBetweenBoxes\":15,\"lazyLoad\":1,\"wrapContainer\":\"#robo-gallery-wrap-rbs_gallery_69e3a2f5dc28a\",\"filterContainer\":\"#rbs_gallery_69e3a2f5dc28afilter\",\"loadMoreClass\":\"button-border-caution \"};<\/script><\/p>\n<p><p><a href=\"\/sizes-table\">Tableau des tailles de <strong>lingerie PariPari<\/strong><\/a><br \/>\n<\/p><br \/>\n<p><\/p>\n<table class=\"sizeTable\">\n<tbody>\n<tr>\n<td><b>SOUTIEN-GORGE PUSH-UP<\/b><\/td>\n<\/tr>\n<tr>\n<td>65&nbsp;&nbsp;CDEFGH<\/td>\n<\/tr>\n<tr>\n<td>70&nbsp;&nbsp;BCDEFG<\/td>\n<\/tr>\n<tr>\n<td>75&nbsp;&nbsp;ABCDEFGH<\/td>\n<\/tr>\n<tr>\n<td>80&nbsp;&nbsp;ABCDEFG<\/td>\n<\/tr>\n<tr>\n<td>85&nbsp;&nbsp;ABCDE<\/td>\n<\/tr>\n<tr>\n<td>90&nbsp;&nbsp;BCDE<\/td>\n<\/tr>\n<tr>\n<td>95&nbsp;&nbsp;BCD<\/td>\n<\/tr>\n<tr>\n<td>100&nbsp;&nbsp;BC<\/td>\n<\/tr>\n<tr>\n<td>105&nbsp;&nbsp;B<\/td>\n<\/tr>\n<tr>\n<td><b>CULOTTES CLASSIQUES<\/b><\/td>\n<\/tr>\n<tr>\n<td>S&nbsp;&nbsp;M&nbsp;&nbsp;L&nbsp;&nbsp;XL&nbsp;&nbsp;XXL&nbsp;&nbsp;XXXL<\/td>\n<\/tr>\n<tr>\n<td><b>CULOTTES TAILLE HAUTE (HW)<\/b><\/td>\n<\/tr>\n<tr>\n<td>S&nbsp;&nbsp;M&nbsp;&nbsp;L&nbsp;&nbsp;XL&nbsp;&nbsp;XXL&nbsp;&nbsp;XXXL<\/td>\n<\/tr>\n<tr>\n<td><b>STRINGS<\/b><\/td>\n<\/tr>\n<tr>\n<td>S&nbsp;&nbsp;M&nbsp;&nbsp;L&nbsp;&nbsp;XL&nbsp;&nbsp;XXL&nbsp;&nbsp;XXXL<\/td>\n<\/tr>\n<\/tbody>\n<\/table>\n<p><\/p><\/p>\n<p><p><\/p>\n<div style=\"display: flex; align-items: center; gap: 15px; margin-top: 20px; width: 100%;\">\n    <img decoding=\"async\" src=\"https:\/\/www.paripari-lingerie.com\/wp-content\/uploads\/2024\/10\/handshake_icon.png\" alt=\"Ic\u00f4ne de collaboration\" style=\"width: 50px; height: auto;\"\/><\/p>\n<div>\n        <b>Souhaitez-vous collaborer avec nous et devenir distributeur de la lingerie PariPari ?<br \/>\n        <a href=\"https:\/\/www.paripari-lingerie.com\/cooperation-resell-paripari-lingerie-and-build-your-success-with-our-brand\/\">Trouvez plus d&rsquo;informations ici<\/a>, contactez-nous \u2013 nous sommes impatients de vous entendre\u00a0!<\/b>\n    <\/div>\n<\/div>\n<p><\/p><br \/>\n<\/p>\n<p><\/p>","protected":false},"excerpt":{"rendered":"","protected":false},"author":1,"featured_media":0,"parent":1564,"menu_order":26,"comment_status":"closed","ping_status":"closed","template":"","meta":{"footnotes":""},"class_list":["post-3634","page","type-page","status-publish","czr-hentry"],"_links":{"self":[{"href":"https:\/\/www.paripari-lingerie.com\/fr\/wp-json\/wp\/v2\/pages\/3634","targetHints":{"allow":["GET"]}}],"collection":[{"href":"https:\/\/www.paripari-lingerie.com\/fr\/wp-json\/wp\/v2\/pages"}],"about":[{"href":"https:\/\/www.paripari-lingerie.com\/fr\/wp-json\/wp\/v2\/types\/page"}],"author":[{"embeddable":true,"href":"https:\/\/www.paripari-lingerie.com\/fr\/wp-json\/wp\/v2\/users\/1"}],"replies":[{"embeddable":true,"href":"https:\/\/www.paripari-lingerie.com\/fr\/wp-json\/wp\/v2\/comments?post=3634"}],"version-history":[{"count":11,"href":"https:\/\/www.paripari-lingerie.com\/fr\/wp-json\/wp\/v2\/pages\/3634\/revisions"}],"predecessor-version":[{"id":3810,"href":"https:\/\/www.paripari-lingerie.com\/fr\/wp-json\/wp\/v2\/pages\/3634\/revisions\/3810"}],"up":[{"embeddable":true,"href":"https:\/\/www.paripari-lingerie.com\/fr\/wp-json\/wp\/v2\/pages\/1564"}],"wp:attachment":[{"href":"https:\/\/www.paripari-lingerie.com\/fr\/wp-json\/wp\/v2\/media?parent=3634"}],"curies":[{"name":"wp","href":"https:\/\/api.w.org\/{rel}","templated":true}]}}