{"id":3833,"date":"2025-05-26T13:17:31","date_gmt":"2025-05-26T12:17:31","guid":{"rendered":"https:\/\/www.paripari-lingerie.com\/?page_id=3833"},"modified":"2025-10-06T11:56:10","modified_gmt":"2025-10-06T10:56:10","slug":"laila-black","status":"publish","type":"page","link":"https:\/\/www.paripari-lingerie.com\/fr\/collection\/laila-black\/","title":{"rendered":"LAILA NOIRE"},"content":{"rendered":"<p><br \/>\n<\/p>\n<p style=\"text-align: center;\"><style type=\"text\/css\" scoped>.rbs_gallery_69e74d1083f73Spinner{\r\n\t\t\t\tmargin: 50px auto;\r\n\t\t\t\twidth: 50px;\r\n\t\t\t\theight: 40px;\r\n\t\t\t\ttext-align: center;\r\n\t\t\t\tfont-size: 10px;\r\n\t\t\t}\r\n\t\t\t.rbs_gallery_69e74d1083f73Spinner > div{\r\n\t\t\t  background-color: #333;\r\n\t\t\t  height: 100%;\r\n\t\t\t  width: 6px;\r\n\t\t\t  display: inline-block;\r\n\t\t\t  -webkit-animation: rbs_gallery_69e74d1083f73-stretchdelay 1.2s infinite ease-in-out;\r\n\t\t\t  animation: rbs_gallery_69e74d1083f73-stretchdelay 1.2s infinite ease-in-out;\r\n\t\t\t}\r\n\t\t\t.rbs_gallery_69e74d1083f73Spinner .rbs_gallery_69e74d1083f73Rect2 {\r\n\t\t\t  -webkit-animation-delay: -1.1s;\r\n\t\t\t  animation-delay: -1.1s;\r\n\t\t\t}\r\n\t\t\t.rbs_gallery_69e74d1083f73Spinner .rbs_gallery_69e74d1083f73Rect3 {\r\n\t\t\t  -webkit-animation-delay: -1.0s;\r\n\t\t\t  animation-delay: -1.0s;\r\n\t\t\t}\r\n\t\t\t.rbs_gallery_69e74d1083f73Spinner .rbs_gallery_69e74d1083f73Rect4 {\r\n\t\t\t  -webkit-animation-delay: -0.9s;\r\n\t\t\t  animation-delay: -0.9s;\r\n\t\t\t}\r\n\t\t\t.rbs_gallery_69e74d1083f73Spinner .rbs_gallery_69e74d1083f73Rect5 {\r\n\t\t\t  -webkit-animation-delay: -0.8s;\r\n\t\t\t  animation-delay: -0.8s;\r\n\t\t\t}\r\n\t\t\t@-webkit-keyframes rbs_gallery_69e74d1083f73-stretchdelay {\r\n\t\t\t  0%, 40%, 100% { -webkit-transform: scaleY(0.4) }  \r\n\t\t\t  20% { -webkit-transform: scaleY(1.0) }\r\n\t\t\t}\r\n\t\t\t@keyframes rbs_gallery_69e74d1083f73-stretchdelay {\r\n\t\t\t  0%, 40%, 100% { \r\n\t\t\t    transform: scaleY(0.4);\r\n\t\t\t    -webkit-transform: scaleY(0.4);\r\n\t\t\t  }  20% { \r\n\t\t\t    transform: scaleY(1.0);\r\n\t\t\t    -webkit-transform: scaleY(1.0);\r\n\t\t\t  }\r\n\t\t\t}\r\n\t\t<\/style><div class=\"robo-gallery-wrap robo-gallery-wrap-id3841 robo-gallery-\" ><div id=\"rbs_gallery_69e74d1083f73-block-loader\" class=\"rbs_gallery_69e74d1083f73Spinner\"><div class=\"rbs_gallery_69e74d1083f73Rect1\"><\/div> <div class=\"rbs_gallery_69e74d1083f73Rect2\"><\/div> <div class=\"rbs_gallery_69e74d1083f73Rect3\"><\/div> <div class=\"rbs_gallery_69e74d1083f73Rect4\"><\/div> <div class=\"rbs_gallery_69e74d1083f73Rect5\"><\/div><\/div><div id=\"robo_gallery_main_block_rbs_gallery_69e74d1083f73\" class=\"robogallery-gallery-3841\" style=\"width:100%;  display: none;\"><div id=\"rbs_gallery_69e74d1083f73\" data-options=\"rbs_gallery_69e74d1083f73\" style=\"width:100%;\" class=\"robo_gallery  \"><div class=\"rbs-img  category3841 \" ><div class=\"rbs-img-image   rbs-lightbox \" ><div class=\"rbs-img-thumbs\"  data-thumbnail=\"https:\/\/www.paripari-lingerie.com\/wp-content\/uploads\/2025\/05\/LAILA_BLACK_BRA_PUSH-UP_FRONT-683x1024.jpg\"  title=\"LAILA_BLACK_BRA_PUSH-UP_FRONT\"  data-width=\"683\"  data-height=\"1024\" ><\/div><div class=\"rbs-img-data-popup\"  data-popup=\"https:\/\/www.paripari-lingerie.com\/wp-content\/uploads\/2025\/05\/LAILA_BLACK_BRA_PUSH-UP_FRONT.jpg\"  title=\"LAILA_BLACK_BRA_PUSH-UP_FRONT\" ><\/div><div class=\"thumbnail-overlay\"><div class=\"rbsTitle \">LAILA_BLACK_BRA_PUSH-UP_FRONT<\/div><div class=\"rbsIcons\"><i class=\"fa fa-search-plus rbsZoomIcon \" ><\/i><\/div><\/div><\/div><\/div><div class=\"rbs-img  category3841 \" ><div class=\"rbs-img-image   rbs-lightbox \" ><div class=\"rbs-img-thumbs\"  data-thumbnail=\"https:\/\/www.paripari-lingerie.com\/wp-content\/uploads\/2025\/10\/LAILA_BLACK_BRA_SOFT_FRONT-683x1024.jpg\"  title=\"LAILA_BLACK_BRA_SOFT_FRONT\"  data-width=\"683\"  data-height=\"1024\" ><\/div><div class=\"rbs-img-data-popup\"  data-popup=\"https:\/\/www.paripari-lingerie.com\/wp-content\/uploads\/2025\/10\/LAILA_BLACK_BRA_SOFT_FRONT.jpg\"  title=\"LAILA_BLACK_BRA_SOFT_FRONT\" ><\/div><div class=\"thumbnail-overlay\"><div class=\"rbsTitle \">LAILA_BLACK_BRA_SOFT_FRONT<\/div><div class=\"rbsIcons\"><i class=\"fa fa-search-plus rbsZoomIcon \" ><\/i><\/div><\/div><\/div><\/div><div class=\"rbs-img  category3841 \" ><div class=\"rbs-img-image   rbs-lightbox \" ><div class=\"rbs-img-thumbs\"  data-thumbnail=\"https:\/\/www.paripari-lingerie.com\/wp-content\/uploads\/2025\/10\/LAILA_BLACK_PANTY_FULL_FRONT-683x1024.jpg\"  title=\"LAILA_BLACK_PANTY_FULL_FRONT\"  data-width=\"683\"  data-height=\"1024\" ><\/div><div class=\"rbs-img-data-popup\"  data-popup=\"https:\/\/www.paripari-lingerie.com\/wp-content\/uploads\/2025\/10\/LAILA_BLACK_PANTY_FULL_FRONT.jpg\"  title=\"LAILA_BLACK_PANTY_FULL_FRONT\" ><\/div><div class=\"thumbnail-overlay\"><div class=\"rbsTitle \">LAILA_BLACK_PANTY_FULL_FRONT<\/div><div class=\"rbsIcons\"><i class=\"fa fa-search-plus rbsZoomIcon \" ><\/i><\/div><\/div><\/div><\/div><div class=\"rbs-img  category3841 \" ><div class=\"rbs-img-image   rbs-lightbox \" ><div class=\"rbs-img-thumbs\"  data-thumbnail=\"https:\/\/www.paripari-lingerie.com\/wp-content\/uploads\/2025\/10\/LAILA_BLACK_PANTY_FULL_REAR-683x1024.jpg\"  title=\"LAILA_BLACK_PANTY_FULL_REAR\"  data-width=\"683\"  data-height=\"1024\" ><\/div><div class=\"rbs-img-data-popup\"  data-popup=\"https:\/\/www.paripari-lingerie.com\/wp-content\/uploads\/2025\/10\/LAILA_BLACK_PANTY_FULL_REAR.jpg\"  title=\"LAILA_BLACK_PANTY_FULL_REAR\" ><\/div><div class=\"thumbnail-overlay\"><div class=\"rbsTitle \">LAILA_BLACK_PANTY_FULL_REAR<\/div><div class=\"rbsIcons\"><i class=\"fa fa-search-plus rbsZoomIcon \" ><\/i><\/div><\/div><\/div><\/div><div class=\"rbs-img  category3841 \" ><div class=\"rbs-img-image   rbs-lightbox \" ><div class=\"rbs-img-thumbs\"  data-thumbnail=\"https:\/\/www.paripari-lingerie.com\/wp-content\/uploads\/2025\/05\/LAILA_BLACK_PANTY_BRAZIL_HW_FRONT-683x1024.jpg\"  title=\"LAILA_BLACK_PANTY_BRAZIL_HW_FRONT\"  data-width=\"683\"  data-height=\"1024\" ><\/div><div class=\"rbs-img-data-popup\"  data-popup=\"https:\/\/www.paripari-lingerie.com\/wp-content\/uploads\/2025\/05\/LAILA_BLACK_PANTY_BRAZIL_HW_FRONT.jpg\"  title=\"LAILA_BLACK_PANTY_BRAZIL_HW_FRONT\" ><\/div><div class=\"thumbnail-overlay\"><div class=\"rbsTitle \">LAILA_BLACK_PANTY_BRAZIL_HW_FRONT<\/div><div class=\"rbsIcons\"><i class=\"fa fa-search-plus rbsZoomIcon \" ><\/i><\/div><\/div><\/div><\/div><div class=\"rbs-img  category3841 \" ><div class=\"rbs-img-image   rbs-lightbox \" ><div class=\"rbs-img-thumbs\"  data-thumbnail=\"https:\/\/www.paripari-lingerie.com\/wp-content\/uploads\/2025\/05\/LAILA_BLACK_PANTY_BRAZIL_HW_REAR-683x1024.jpg\"  title=\"LAILA_BLACK_PANTY_BRAZIL_HW_REAR\"  data-width=\"683\"  data-height=\"1024\" ><\/div><div class=\"rbs-img-data-popup\"  data-popup=\"https:\/\/www.paripari-lingerie.com\/wp-content\/uploads\/2025\/05\/LAILA_BLACK_PANTY_BRAZIL_HW_REAR.jpg\"  title=\"LAILA_BLACK_PANTY_BRAZIL_HW_REAR\" ><\/div><div class=\"thumbnail-overlay\"><div class=\"rbsTitle \">LAILA_BLACK_PANTY_BRAZIL_HW_REAR<\/div><div class=\"rbsIcons\"><i class=\"fa fa-search-plus rbsZoomIcon \" ><\/i><\/div><\/div><\/div><\/div><div class=\"rbs-img  category3841 \" ><div class=\"rbs-img-image   rbs-lightbox \" ><div class=\"rbs-img-thumbs\"  data-thumbnail=\"https:\/\/www.paripari-lingerie.com\/wp-content\/uploads\/2025\/05\/LAILA_BLACK_PANTY_FULL_HW_FRONT-683x1024.jpg\"  title=\"LAILA_BLACK_PANTY_FULL_HW_FRONT\"  data-width=\"683\"  data-height=\"1024\" ><\/div><div class=\"rbs-img-data-popup\"  data-popup=\"https:\/\/www.paripari-lingerie.com\/wp-content\/uploads\/2025\/05\/LAILA_BLACK_PANTY_FULL_HW_FRONT.jpg\"  title=\"LAILA_BLACK_PANTY_FULL_HW_FRONT\" ><\/div><div class=\"thumbnail-overlay\"><div class=\"rbsTitle \">LAILA_BLACK_PANTY_FULL_HW_FRONT<\/div><div class=\"rbsIcons\"><i class=\"fa fa-search-plus rbsZoomIcon \" ><\/i><\/div><\/div><\/div><\/div><div class=\"rbs-img  category3841 \" ><div class=\"rbs-img-image   rbs-lightbox \" ><div class=\"rbs-img-thumbs\"  data-thumbnail=\"https:\/\/www.paripari-lingerie.com\/wp-content\/uploads\/2025\/05\/LAILA_BLACK_PANTY_FULL_HW_REAR-683x1024.jpg\"  title=\"LAILA_BLACK_PANTY_FULL_HW_REAR\"  data-width=\"683\"  data-height=\"1024\" ><\/div><div class=\"rbs-img-data-popup\"  data-popup=\"https:\/\/www.paripari-lingerie.com\/wp-content\/uploads\/2025\/05\/LAILA_BLACK_PANTY_FULL_HW_REAR.jpg\"  title=\"LAILA_BLACK_PANTY_FULL_HW_REAR\" ><\/div><div class=\"thumbnail-overlay\"><div class=\"rbsTitle \">LAILA_BLACK_PANTY_FULL_HW_REAR<\/div><div class=\"rbsIcons\"><i class=\"fa fa-search-plus rbsZoomIcon \" ><\/i><\/div><\/div><\/div><\/div><\/div><\/div><\/div><script>var rbs_gallery_69e74d1083f73 = {\"version\":\"5.1.4\",\"id\":3841,\"class\":\"id3841\",\"roboGalleryDelay\":1000,\"mainContainer\":\"#robo_gallery_main_block_rbs_gallery_69e74d1083f73\",\"loadingContainer\":\"#rbs_gallery_69e74d1083f73-block-loader\",\"loadingContainerObj\":\"rbs_gallery_69e74d1083f73-block-loader\",\"columnWidth\":\"auto\",\"columns\":3,\"resolutions\":[{\"columnWidth\":\"auto\",\"columns\":3,\"maxWidth\":960},{\"columnWidth\":\"auto\",\"columns\":2,\"maxWidth\":650},{\"columnWidth\":\"auto\",\"columns\":1,\"maxWidth\":450}],\"lightboxOptions\":{\"gallery\":{\"enabled\":true,\"tCounter\":\"%curr% of %total%\"}},\"overlayEffect\":\"direction-aware-fade\",\"boxesToLoadStart\":12,\"boxesToLoad\":8,\"waitUntilThumbLoads\":1,\"LoadingWord\":\"Loading...\",\"loadMoreWord\":\"Load More\",\"noMoreEntriesWord\":\"No More Entries\",\"horizontalSpaceBetweenBoxes\":15,\"verticalSpaceBetweenBoxes\":15,\"lazyLoad\":0,\"wrapContainer\":\"#robo-gallery-wrap-rbs_gallery_69e74d1083f73\"};<\/script><\/p>\n<p><\/p>\n<div class=\"product-description\">\n<p><strong>LAILA \u2013 \u00e9l\u00e9gance au quotidien<\/strong><\/p>\n<p>  <!-- SOFT --><\/p>\n<p><strong>SOUTIEN-GORGE SOFT (non rembourr\u00e9)<\/strong><\/p>\n<p>\n    Soutien-gorge doux en dentelle florale et microfibre lisse, offrant une forme naturelle et un confort exceptionnel.<br \/>\n    La partie sup\u00e9rieure des bonnets est en tulle d\u00e9licat, la partie inf\u00e9rieure en dentelle doubl\u00e9e pour plus de stabilit\u00e9.<br \/>\n    Une construction qui soutient parfaitement m\u00eame les poitrines g\u00e9n\u00e9reuses. Disponible jusqu\u2019\u00e0 la taille <strong>115B<\/strong>.\n  <\/p>\n<ul>\n<li>Galbe naturel et maintien doux.<\/li>\n<li>Bretelles r\u00e9glables et non amovibles.<\/li>\n<li>C\u00f4t\u00e9s lisses \u2013 invisibles sous les v\u00eatements.<\/li>\n<\/ul>\n<p>  <!-- PUSH --><\/p>\n<p><strong>SOUTIEN-GORGE PUSH-UP<\/strong><\/p>\n<p>\n    Soutien-gorge push-up sensuel en dentelle florale, con\u00e7u pour les femmes alliant confort et \u00e9l\u00e9gance.<br \/>\n    Bonnets rembourr\u00e9s avec coussinets amovibles pour soulever et galber la poitrine.<br \/>\n    C\u00f4t\u00e9s lisses et bretelles r\u00e9glables garantissent un maintien parfait. Id\u00e9al au quotidien comme pour les occasions sp\u00e9ciales.\n  <\/p>\n<p>  <!-- FULL --><\/p>\n<p><strong>CULOTTE CLASSIQUE<\/strong><\/p>\n<p>\n    Culotte classique alliant confort et f\u00e9minit\u00e9.<br \/>\n    Le dos en microfibre lisse reste invisible sous les v\u00eatements,<br \/>\n    tandis que le devant, orn\u00e9 de dentelle florale et de deux inserts en tulle transparent, ajoute l\u00e9g\u00e8ret\u00e9 et \u00e9l\u00e9gance.<br \/>\n    Une petite fleur au centre compl\u00e8te le look. Disponible jusqu\u2019\u00e0 la taille <strong>5XL<\/strong>.\n  <\/p>\n<p>  <!-- BRAZIL HW --><\/p>\n<p><strong>BR\u00c9SILIENNE TAILLE HAUTE<\/strong><\/p>\n<p>\n    Culotte br\u00e9silienne \u00e0 taille haute, sensuelle et confortable.<br \/>\n    Le dos en dentelle et tulle \u00e9pouse les formes sans marquer, le devant en dentelle florale affine la silhouette.<br \/>\n    D\u00e9tail floral d\u00e9licat au centre pour une touche raffin\u00e9e.\n  <\/p>\n<p>  <!-- FULL HW --><\/p>\n<p><strong>CULOTTE TAILLE HAUTE<\/strong><\/p>\n<p>\n    Culotte \u00e0 taille haute combinant confort et \u00e9l\u00e9gance.<br \/>\n    Dos en microfibre lisse, devant en dentelle florale avec deux inserts triangulaires en tulle transparent.<br \/>\n    Une petite fleur au centre pour une touche subtile et f\u00e9minine.\n  <\/p>\n<\/div>\n<p><\/p>\n<p><\/p>\n<table class=\"sizeTable\">\n<tbody>\n<tr>\n<td><b>SOUTIEN-GORGE PUSH-UP<\/b><\/td>\n<\/tr>\n<tr>\n<td>65&nbsp;&nbsp;CDEFGH<\/td>\n<\/tr>\n<tr>\n<td>70&nbsp;&nbsp;BCDEFG<\/td>\n<\/tr>\n<tr>\n<td>75&nbsp;&nbsp;ABCDEFGH<\/td>\n<\/tr>\n<tr>\n<td>80&nbsp;&nbsp;ABCDEFG<\/td>\n<\/tr>\n<tr>\n<td>85&nbsp;&nbsp;ABCDEF<\/td>\n<\/tr>\n<tr>\n<td>90&nbsp;&nbsp;BCDE<\/td>\n<\/tr>\n<tr>\n<td>95&nbsp;&nbsp;BCD<\/td>\n<\/tr>\n<tr>\n<td>100&nbsp;&nbsp;BC<\/td>\n<\/tr>\n<tr>\n<td>105&nbsp;&nbsp;B<\/td>\n<\/tr>\n<tr>\n<td><b>SOUTIEN-GORGE SOFT<\/b><\/td>\n<\/tr>\n<tr>\n<td>65&nbsp;&nbsp;DEFGH<\/td>\n<\/tr>\n<tr>\n<td>70&nbsp;&nbsp;CDEFG<\/td>\n<\/tr>\n<tr>\n<td>75&nbsp;&nbsp;BCDEFGHIJ<\/td>\n<\/tr>\n<tr>\n<td>80&nbsp;&nbsp;ABCDEFGHI<\/td>\n<\/tr>\n<tr>\n<td>85&nbsp;&nbsp;ABCDEFGH<\/td>\n<\/tr>\n<tr>\n<td>90&nbsp;&nbsp;BCDEFG<\/td>\n<\/tr>\n<tr>\n<td>95&nbsp;&nbsp;BCDEF<\/td>\n<\/tr>\n<tr>\n<td>100&nbsp;&nbsp;BCDE<\/td>\n<\/tr>\n<tr>\n<td>105&nbsp;&nbsp;BCD<\/td>\n<\/tr>\n<tr>\n<td>110&nbsp;&nbsp;BC<\/td>\n<\/tr>\n<tr>\n<td>115&nbsp;&nbsp;B<\/td>\n<\/tr>\n<tr>\n<td><b>CULOTTE CLASSIQUE<\/b><\/td>\n<\/tr>\n<tr>\n<td>S&nbsp;&nbsp;M&nbsp;&nbsp;L&nbsp;&nbsp;XL&nbsp;&nbsp;XXL&nbsp;&nbsp;XXXL&nbsp;&nbsp;4XL&nbsp;&nbsp;5XL<\/td>\n<\/tr>\n<tr>\n<td><b>CULOTTE TAILLE HAUTE (HW)<\/b><\/td>\n<\/tr>\n<tr>\n<td>S&nbsp;&nbsp;M&nbsp;&nbsp;L&nbsp;&nbsp;XL&nbsp;&nbsp;XXL&nbsp;&nbsp;XXXL<\/td>\n<\/tr>\n<tr>\n<td><b>BR\u00c9SILIENNE TAILLE HAUTE (HW)<\/b><\/td>\n<\/tr>\n<tr>\n<td>S&nbsp;&nbsp;M&nbsp;&nbsp;L&nbsp;&nbsp;XL&nbsp;&nbsp;XXL&nbsp;&nbsp;XXXL<\/td>\n<\/tr>\n<\/tbody>\n<\/table>\n<p><\/p>\n<p><p><\/p>\n<div style=\"display: flex; align-items: center; gap: 15px; margin-top: 20px; width: 100%;\">\n    <img decoding=\"async\" src=\"https:\/\/www.paripari-lingerie.com\/wp-content\/uploads\/2024\/10\/handshake_icon.png\" alt=\"Ic\u00f4ne de collaboration\" style=\"width: 50px; height: auto;\"\/><\/p>\n<div>\n        <b>Souhaitez-vous collaborer avec nous et devenir distributeur de la lingerie PariPari ?<br \/>\n        <a href=\"https:\/\/www.paripari-lingerie.com\/cooperation-resell-paripari-lingerie-and-build-your-success-with-our-brand\/\">Trouvez plus d&rsquo;informations ici<\/a>, contactez-nous \u2013 nous sommes impatients de vous entendre\u00a0!<\/b>\n    <\/div>\n<\/div>\n<p><\/p><br \/>\n <\/p>\n","protected":false},"excerpt":{"rendered":"","protected":false},"author":1,"featured_media":0,"parent":1564,"menu_order":20,"comment_status":"closed","ping_status":"closed","template":"","meta":{"footnotes":""},"class_list":["post-3833","page","type-page","status-publish","czr-hentry"],"_links":{"self":[{"href":"https:\/\/www.paripari-lingerie.com\/fr\/wp-json\/wp\/v2\/pages\/3833","targetHints":{"allow":["GET"]}}],"collection":[{"href":"https:\/\/www.paripari-lingerie.com\/fr\/wp-json\/wp\/v2\/pages"}],"about":[{"href":"https:\/\/www.paripari-lingerie.com\/fr\/wp-json\/wp\/v2\/types\/page"}],"author":[{"embeddable":true,"href":"https:\/\/www.paripari-lingerie.com\/fr\/wp-json\/wp\/v2\/users\/1"}],"replies":[{"embeddable":true,"href":"https:\/\/www.paripari-lingerie.com\/fr\/wp-json\/wp\/v2\/comments?post=3833"}],"version-history":[{"count":3,"href":"https:\/\/www.paripari-lingerie.com\/fr\/wp-json\/wp\/v2\/pages\/3833\/revisions"}],"predecessor-version":[{"id":3920,"href":"https:\/\/www.paripari-lingerie.com\/fr\/wp-json\/wp\/v2\/pages\/3833\/revisions\/3920"}],"up":[{"embeddable":true,"href":"https:\/\/www.paripari-lingerie.com\/fr\/wp-json\/wp\/v2\/pages\/1564"}],"wp:attachment":[{"href":"https:\/\/www.paripari-lingerie.com\/fr\/wp-json\/wp\/v2\/media?parent=3833"}],"curies":[{"name":"wp","href":"https:\/\/api.w.org\/{rel}","templated":true}]}}