{"id":3909,"date":"2025-10-06T10:50:14","date_gmt":"2025-10-06T09:50:14","guid":{"rendered":"https:\/\/www.paripari-lingerie.com\/?page_id=3909"},"modified":"2025-10-06T12:08:55","modified_gmt":"2025-10-06T11:08:55","slug":"blue-sky","status":"publish","type":"page","link":"https:\/\/www.paripari-lingerie.com\/fr\/collection\/blue-sky\/","title":{"rendered":"BLUE SKY"},"content":{"rendered":"<p><br \/>\n<\/p>\n<p style=\"text-align: center;\"><style type=\"text\/css\" scoped>.rbs_gallery_69e749fdcba5fSpinner{\r\n\t\t\t\tmargin: 50px auto;\r\n\t\t\t\twidth: 50px;\r\n\t\t\t\theight: 40px;\r\n\t\t\t\ttext-align: center;\r\n\t\t\t\tfont-size: 10px;\r\n\t\t\t}\r\n\t\t\t.rbs_gallery_69e749fdcba5fSpinner > div{\r\n\t\t\t  background-color: #333;\r\n\t\t\t  height: 100%;\r\n\t\t\t  width: 6px;\r\n\t\t\t  display: inline-block;\r\n\t\t\t  -webkit-animation: rbs_gallery_69e749fdcba5f-stretchdelay 1.2s infinite ease-in-out;\r\n\t\t\t  animation: rbs_gallery_69e749fdcba5f-stretchdelay 1.2s infinite ease-in-out;\r\n\t\t\t}\r\n\t\t\t.rbs_gallery_69e749fdcba5fSpinner .rbs_gallery_69e749fdcba5fRect2 {\r\n\t\t\t  -webkit-animation-delay: -1.1s;\r\n\t\t\t  animation-delay: -1.1s;\r\n\t\t\t}\r\n\t\t\t.rbs_gallery_69e749fdcba5fSpinner .rbs_gallery_69e749fdcba5fRect3 {\r\n\t\t\t  -webkit-animation-delay: -1.0s;\r\n\t\t\t  animation-delay: -1.0s;\r\n\t\t\t}\r\n\t\t\t.rbs_gallery_69e749fdcba5fSpinner .rbs_gallery_69e749fdcba5fRect4 {\r\n\t\t\t  -webkit-animation-delay: -0.9s;\r\n\t\t\t  animation-delay: -0.9s;\r\n\t\t\t}\r\n\t\t\t.rbs_gallery_69e749fdcba5fSpinner .rbs_gallery_69e749fdcba5fRect5 {\r\n\t\t\t  -webkit-animation-delay: -0.8s;\r\n\t\t\t  animation-delay: -0.8s;\r\n\t\t\t}\r\n\t\t\t@-webkit-keyframes rbs_gallery_69e749fdcba5f-stretchdelay {\r\n\t\t\t  0%, 40%, 100% { -webkit-transform: scaleY(0.4) }  \r\n\t\t\t  20% { -webkit-transform: scaleY(1.0) }\r\n\t\t\t}\r\n\t\t\t@keyframes rbs_gallery_69e749fdcba5f-stretchdelay {\r\n\t\t\t  0%, 40%, 100% { \r\n\t\t\t    transform: scaleY(0.4);\r\n\t\t\t    -webkit-transform: scaleY(0.4);\r\n\t\t\t  }  20% { \r\n\t\t\t    transform: scaleY(1.0);\r\n\t\t\t    -webkit-transform: scaleY(1.0);\r\n\t\t\t  }\r\n\t\t\t}\r\n\t\t<\/style><div class=\"robo-gallery-wrap robo-gallery-wrap-id2524 robo-gallery-\" ><div id=\"rbs_gallery_69e749fdcba5f-block-loader\" class=\"rbs_gallery_69e749fdcba5fSpinner\"><div class=\"rbs_gallery_69e749fdcba5fRect1\"><\/div> <div class=\"rbs_gallery_69e749fdcba5fRect2\"><\/div> <div class=\"rbs_gallery_69e749fdcba5fRect3\"><\/div> <div class=\"rbs_gallery_69e749fdcba5fRect4\"><\/div> <div class=\"rbs_gallery_69e749fdcba5fRect5\"><\/div><\/div><div id=\"robo_gallery_main_block_rbs_gallery_69e749fdcba5f\" class=\"robogallery-gallery-2524\" style=\"width:100%;  display: none;\"><div id=\"rbs_gallery_69e749fdcba5f\" data-options=\"rbs_gallery_69e749fdcba5f\" style=\"width:100%;\" class=\"robo_gallery  \"><div class=\"rbs-img  category2524 \" ><div class=\"rbs-img-image   rbs-lightbox \" ><div class=\"rbs-img-thumbs\"  data-thumbnail=\"https:\/\/www.paripari-lingerie.com\/wp-content\/uploads\/2025\/10\/BLUE_SKY_BLUE_BRA_PUSH-UP_FRONT-683x1024.jpg\"  title=\"BLUE_SKY_BLUE_BRA_PUSH-UP_FRONT\"  data-width=\"683\"  data-height=\"1024\" ><\/div><div class=\"rbs-img-data-popup\"  data-popup=\"https:\/\/www.paripari-lingerie.com\/wp-content\/uploads\/2025\/10\/BLUE_SKY_BLUE_BRA_PUSH-UP_FRONT.jpg\"  title=\"BLUE_SKY_BLUE_BRA_PUSH-UP_FRONT\" ><\/div><div class=\"thumbnail-overlay\"><div class=\"rbsTitle \">BLUE_SKY_BLUE_BRA_PUSH-UP_FRONT<\/div><div class=\"rbsIcons\"><i class=\"fa fa-search-plus rbsZoomIcon \" ><\/i><\/div><\/div><\/div><\/div><div class=\"rbs-img  category2524 \" ><div class=\"rbs-img-image   rbs-lightbox \" ><div class=\"rbs-img-thumbs\"  data-thumbnail=\"https:\/\/www.paripari-lingerie.com\/wp-content\/uploads\/2025\/10\/BLUE_SKY_BLUE_BRA_PUSH-UP_REAR-683x1024.jpg\"  title=\"BLUE_SKY_BLUE_BRA_PUSH-UP_REAR\"  data-width=\"683\"  data-height=\"1024\" ><\/div><div class=\"rbs-img-data-popup\"  data-popup=\"https:\/\/www.paripari-lingerie.com\/wp-content\/uploads\/2025\/10\/BLUE_SKY_BLUE_BRA_PUSH-UP_REAR.jpg\"  title=\"BLUE_SKY_BLUE_BRA_PUSH-UP_REAR\" ><\/div><div class=\"thumbnail-overlay\"><div class=\"rbsTitle \">BLUE_SKY_BLUE_BRA_PUSH-UP_REAR<\/div><div class=\"rbsIcons\"><i class=\"fa fa-search-plus rbsZoomIcon \" ><\/i><\/div><\/div><\/div><\/div><div class=\"rbs-img  category2524 \" ><div class=\"rbs-img-image   rbs-lightbox \" ><div class=\"rbs-img-thumbs\"  data-thumbnail=\"https:\/\/www.paripari-lingerie.com\/wp-content\/uploads\/2025\/10\/BLUE-SKY-BLUE-PUSH-UP-and-FULL-HIGH-WAIST-FRONT-683x1024.jpg\"  title=\"BLUE SKY BLUE PUSH-UP and FULL HIGH WAIST FRONT\"  data-width=\"683\"  data-height=\"1024\" ><\/div><div class=\"rbs-img-data-popup\"  data-popup=\"https:\/\/www.paripari-lingerie.com\/wp-content\/uploads\/2025\/10\/BLUE-SKY-BLUE-PUSH-UP-and-FULL-HIGH-WAIST-FRONT-scaled.jpg\"  title=\"BLUE SKY BLUE PUSH-UP and FULL HIGH WAIST FRONT\" ><\/div><div class=\"thumbnail-overlay\"><div class=\"rbsTitle \">BLUE SKY BLUE PUSH-UP and FULL HIGH WAIST FRONT<\/div><div class=\"rbsIcons\"><i class=\"fa fa-search-plus rbsZoomIcon \" ><\/i><\/div><\/div><\/div><\/div><div class=\"rbs-img  category2524 \" ><div class=\"rbs-img-image   rbs-lightbox \" ><div class=\"rbs-img-thumbs\"  data-thumbnail=\"https:\/\/www.paripari-lingerie.com\/wp-content\/uploads\/2025\/10\/BLUE-SKY-BLUE-FULL-HIGH-WAIST-REAR-683x1024.jpg\"  title=\"BLUE SKY BLUE FULL HIGH WAIST REAR\"  data-width=\"683\"  data-height=\"1024\" ><\/div><div class=\"rbs-img-data-popup\"  data-popup=\"https:\/\/www.paripari-lingerie.com\/wp-content\/uploads\/2025\/10\/BLUE-SKY-BLUE-FULL-HIGH-WAIST-REAR-scaled.jpg\"  title=\"BLUE SKY BLUE FULL HIGH WAIST REAR\" ><\/div><div class=\"thumbnail-overlay\"><div class=\"rbsTitle \">BLUE SKY BLUE FULL HIGH WAIST REAR<\/div><div class=\"rbsIcons\"><i class=\"fa fa-search-plus rbsZoomIcon \" ><\/i><\/div><\/div><\/div><\/div><div class=\"rbs-img  category2524 \" ><div class=\"rbs-img-image   rbs-lightbox \" ><div class=\"rbs-img-thumbs\"  data-thumbnail=\"https:\/\/www.paripari-lingerie.com\/wp-content\/uploads\/2025\/10\/BLUE-SKY-BLUE-PUSH-UP-and-FULL-FRONT-683x1024.jpg\"  title=\"BLUE SKY BLUE PUSH-UP and FULL FRONT\"  data-width=\"683\"  data-height=\"1024\" ><\/div><div class=\"rbs-img-data-popup\"  data-popup=\"https:\/\/www.paripari-lingerie.com\/wp-content\/uploads\/2025\/10\/BLUE-SKY-BLUE-PUSH-UP-and-FULL-FRONT-scaled.jpg\"  title=\"BLUE SKY BLUE PUSH-UP and FULL FRONT\" ><\/div><div class=\"thumbnail-overlay\"><div class=\"rbsTitle \">BLUE SKY BLUE PUSH-UP and FULL FRONT<\/div><div class=\"rbsIcons\"><i class=\"fa fa-search-plus rbsZoomIcon \" ><\/i><\/div><\/div><\/div><\/div><div class=\"rbs-img  category2524 \" ><div class=\"rbs-img-image   rbs-lightbox \" ><div class=\"rbs-img-thumbs\"  data-thumbnail=\"https:\/\/www.paripari-lingerie.com\/wp-content\/uploads\/2025\/10\/BLUE-SKY-BLUE-FULL-REAR.jpg-683x1024.jpg\"  title=\"BLUE SKY BLUE FULL REAR.jpg\"  data-width=\"683\"  data-height=\"1024\" ><\/div><div class=\"rbs-img-data-popup\"  data-popup=\"https:\/\/www.paripari-lingerie.com\/wp-content\/uploads\/2025\/10\/BLUE-SKY-BLUE-FULL-REAR.jpg-scaled.jpg\"  title=\"BLUE SKY BLUE FULL REAR.jpg\" ><\/div><div class=\"thumbnail-overlay\"><div class=\"rbsTitle \">BLUE SKY BLUE FULL REAR.jpg<\/div><div class=\"rbsIcons\"><i class=\"fa fa-search-plus rbsZoomIcon \" ><\/i><\/div><\/div><\/div><\/div><\/div><\/div><\/div><script>var rbs_gallery_69e749fdcba5f = {\"version\":\"5.1.4\",\"id\":2524,\"class\":\"id2524\",\"roboGalleryDelay\":1000,\"mainContainer\":\"#robo_gallery_main_block_rbs_gallery_69e749fdcba5f\",\"loadingContainer\":\"#rbs_gallery_69e749fdcba5f-block-loader\",\"loadingContainerObj\":\"rbs_gallery_69e749fdcba5f-block-loader\",\"columnWidth\":\"auto\",\"columns\":3,\"resolutions\":[{\"columnWidth\":\"auto\",\"columns\":3,\"maxWidth\":960},{\"columnWidth\":\"auto\",\"columns\":2,\"maxWidth\":650},{\"columnWidth\":\"auto\",\"columns\":1,\"maxWidth\":450}],\"lightboxOptions\":{\"gallery\":{\"enabled\":true,\"tCounter\":\"%curr% of %total%\"}},\"overlayEffect\":\"direction-aware-fade\",\"boxesToLoadStart\":12,\"boxesToLoad\":8,\"waitUntilThumbLoads\":1,\"LoadingWord\":\"Loading...\",\"loadMoreWord\":\"Load More\",\"noMoreEntriesWord\":\"No More Entries\",\"horizontalSpaceBetweenBoxes\":15,\"verticalSpaceBetweenBoxes\":15,\"lazyLoad\":0,\"wrapContainer\":\"#robo-gallery-wrap-rbs_gallery_69e749fdcba5f\"};<\/script><\/p>\n<p><\/p>\n<table class=\"sizeTable\">\n<tbody>\n<tr>\n<td><b>SOUTIEN-GORGE PUSH-UP<\/b><\/td>\n<\/tr>\n<tr>\n<td>65&nbsp;&nbsp;CDEFGH<\/td>\n<\/tr>\n<tr>\n<td>70&nbsp;&nbsp;BCDEFG<\/td>\n<\/tr>\n<tr>\n<td>75&nbsp;&nbsp;ABCDEF<\/td>\n<\/tr>\n<tr>\n<td>80&nbsp;&nbsp;ABCDE<\/td>\n<\/tr>\n<tr>\n<td>85&nbsp;&nbsp;ABCD<\/td>\n<\/tr>\n<tr>\n<td>90&nbsp;&nbsp;BC<\/td>\n<\/tr>\n<tr>\n<td>95&nbsp;&nbsp;B<\/td>\n<\/tr>\n<tr>\n<td><b>CULOTTE CLASSIQUE<\/b><\/td>\n<\/tr>\n<tr>\n<td>S&nbsp;&nbsp;M&nbsp;&nbsp;L&nbsp;&nbsp;XL&nbsp;&nbsp;XXL<\/td>\n<\/tr>\n<tr>\n<td><b>CULOTTE TAILLE HAUTE (HW)<\/b><\/td>\n<\/tr>\n<tr>\n<td>S&nbsp;&nbsp;M&nbsp;&nbsp;L&nbsp;&nbsp;XL&nbsp;&nbsp;XXL<\/td>\n<\/tr>\n<\/tbody>\n<\/table>\n<p><\/p>\n<p><\/p>\n<div class=\"product-description\">\n<p><strong>BLUE SKY \u2013 beaut\u00e9 et polyvalence<\/strong><\/p>\n<p>  <!-- BRA PUSH-UP --><\/p>\n<p><strong>SOUTIEN-GORGE PUSH-UP<\/strong><\/p>\n<p>\n    Blue Sky est un soutien-gorge push-up unique qui allie d\u00e9licatesse f\u00e9minine et fonctionnalit\u00e9 au quotidien.<br \/>\n    Les bonnets thermoform\u00e9s sont doubl\u00e9s d\u2019une maille douce et \u00e9quip\u00e9s de coussinets amovibles,<br \/>\n    s\u2019adaptant parfaitement \u00e0 la forme naturelle de la poitrine tout en offrant un galbe harmonieux et un d\u00e9collet\u00e9 sublim\u00e9.\n  <\/p>\n<p>\n    Un v\u00e9ritable mod\u00e8le <em>2-en-1<\/em> \u2013 id\u00e9al pour un usage quotidien ou comme haut de maillot de bain.<br \/>\n    Le design pr\u00e9sente un imprim\u00e9 animalo-floral harmonieux : sur un fond bleu et turquoise<br \/>\n    s\u2019\u00e9panouissent fleurs, feuilles, oiseaux et papillons color\u00e9s.<br \/>\n    Les bretelles d\u00e9tachables \u00e0 l\u2019arri\u00e8re permettent de varier le style, tandis qu\u2019un petit n\u0153ud rose entre les bonnets<br \/>\n    ajoute une touche d\u00e9licate et f\u00e9minine.\n  <\/p>\n<p>  <!-- PANTY FULL --><\/p>\n<p><strong>CULOTTE CLASSIQUE<\/strong><\/p>\n<p>\n    Culotte classique con\u00e7ue pour le confort et un style estival coh\u00e9rent.<br \/>\n    Confectionn\u00e9e dans un tissu \u00e0 imprim\u00e9 animalo-floral \u2013 fleurs, feuilles, oiseaux et papillons<br \/>\n    sur un fond bleu et turquoise.<br \/>\n    La coupe classique assure un confort quotidien, tandis que la ceinture large et douce<br \/>\n    \u00e9pouse le corps sans comprimer. Parfaite en ensemble avec le soutien-gorge Blue Sky.\n  <\/p>\n<p>  <!-- PANTY FULL HW --><\/p>\n<p><strong>CULOTTE TAILLE HAUTE<\/strong><\/p>\n<p>\n    Ligne classique avec une touche moderne \u2013 con\u00e7ue pour galber subtilement la silhouette et offrir un confort optimal.<br \/>\n    Le panneau avant est compos\u00e9 de trois parties d\u00e9coup\u00e9es avec pr\u00e9cision, dont la partie centrale est doubl\u00e9e d\u2019un tulle stabilisant,<br \/>\n    pour un effet l\u00e9g\u00e8rement gainant et une finition \u00e9l\u00e9gante. La bordure sup\u00e9rieure est orn\u00e9e d\u2019un large \u00e9lastique doux<br \/>\n    qui maintient la forme et ajoute une touche contemporaine.<br \/>\n    Le tout compl\u00e9t\u00e9 par un imprim\u00e9 animalo-floral bleu et turquoise.\n  <\/p>\n<p><em>Blue Sky \u2013 le choix id\u00e9al pour les femmes recherchant f\u00e9minit\u00e9, confort et fra\u00eecheur estivale \u2013 en ensemble ou seul.<\/em><\/p>\n<\/div>\n<p><\/p>\n<p><p><\/p>\n<div style=\"display: flex; align-items: center; gap: 15px; margin-top: 20px; width: 100%;\">\n    <img decoding=\"async\" src=\"https:\/\/www.paripari-lingerie.com\/wp-content\/uploads\/2024\/10\/handshake_icon.png\" alt=\"Ic\u00f4ne de collaboration\" style=\"width: 50px; height: auto;\"\/><\/p>\n<div>\n        <b>Souhaitez-vous collaborer avec nous et devenir distributeur de la lingerie PariPari ?<br \/>\n        <a href=\"https:\/\/www.paripari-lingerie.com\/cooperation-resell-paripari-lingerie-and-build-your-success-with-our-brand\/\">Trouvez plus d&rsquo;informations ici<\/a>, contactez-nous \u2013 nous sommes impatients de vous entendre\u00a0!<\/b>\n    <\/div>\n<\/div>\n<p><\/p><br \/>\n <\/p>\n","protected":false},"excerpt":{"rendered":"","protected":false},"author":1,"featured_media":0,"parent":1564,"menu_order":20,"comment_status":"closed","ping_status":"closed","template":"","meta":{"footnotes":""},"class_list":["post-3909","page","type-page","status-publish","czr-hentry"],"_links":{"self":[{"href":"https:\/\/www.paripari-lingerie.com\/fr\/wp-json\/wp\/v2\/pages\/3909","targetHints":{"allow":["GET"]}}],"collection":[{"href":"https:\/\/www.paripari-lingerie.com\/fr\/wp-json\/wp\/v2\/pages"}],"about":[{"href":"https:\/\/www.paripari-lingerie.com\/fr\/wp-json\/wp\/v2\/types\/page"}],"author":[{"embeddable":true,"href":"https:\/\/www.paripari-lingerie.com\/fr\/wp-json\/wp\/v2\/users\/1"}],"replies":[{"embeddable":true,"href":"https:\/\/www.paripari-lingerie.com\/fr\/wp-json\/wp\/v2\/comments?post=3909"}],"version-history":[{"count":2,"href":"https:\/\/www.paripari-lingerie.com\/fr\/wp-json\/wp\/v2\/pages\/3909\/revisions"}],"predecessor-version":[{"id":3927,"href":"https:\/\/www.paripari-lingerie.com\/fr\/wp-json\/wp\/v2\/pages\/3909\/revisions\/3927"}],"up":[{"embeddable":true,"href":"https:\/\/www.paripari-lingerie.com\/fr\/wp-json\/wp\/v2\/pages\/1564"}],"wp:attachment":[{"href":"https:\/\/www.paripari-lingerie.com\/fr\/wp-json\/wp\/v2\/media?parent=3909"}],"curies":[{"name":"wp","href":"https:\/\/api.w.org\/{rel}","templated":true}]}}