{"id":3247,"date":"2023-12-14T17:22:41","date_gmt":"2023-12-14T16:22:41","guid":{"rendered":"https:\/\/www.paripari-lingerie.com\/?page_id=3247"},"modified":"2024-12-20T11:59:25","modified_gmt":"2024-12-20T10:59:25","slug":"cynthia-red","status":"publish","type":"page","link":"https:\/\/www.paripari-lingerie.com\/it\/collection\/cynthia-red\/","title":{"rendered":"CYNTHIA ROSSA"},"content":{"rendered":"<p><br \/>\n<\/p>\n<p style=\"text-align: center;\"><style type=\"text\/css\" scoped>.rbs_gallery_69e37697aa8e3Spinner{\r\n\t\t\t\tmargin: 50px auto;\r\n\t\t\t\twidth: 50px;\r\n\t\t\t\theight: 40px;\r\n\t\t\t\ttext-align: center;\r\n\t\t\t\tfont-size: 10px;\r\n\t\t\t}\r\n\t\t\t.rbs_gallery_69e37697aa8e3Spinner > div{\r\n\t\t\t  background-color: #333;\r\n\t\t\t  height: 100%;\r\n\t\t\t  width: 6px;\r\n\t\t\t  display: inline-block;\r\n\t\t\t  -webkit-animation: rbs_gallery_69e37697aa8e3-stretchdelay 1.2s infinite ease-in-out;\r\n\t\t\t  animation: rbs_gallery_69e37697aa8e3-stretchdelay 1.2s infinite ease-in-out;\r\n\t\t\t}\r\n\t\t\t.rbs_gallery_69e37697aa8e3Spinner .rbs_gallery_69e37697aa8e3Rect2 {\r\n\t\t\t  -webkit-animation-delay: -1.1s;\r\n\t\t\t  animation-delay: -1.1s;\r\n\t\t\t}\r\n\t\t\t.rbs_gallery_69e37697aa8e3Spinner .rbs_gallery_69e37697aa8e3Rect3 {\r\n\t\t\t  -webkit-animation-delay: -1.0s;\r\n\t\t\t  animation-delay: -1.0s;\r\n\t\t\t}\r\n\t\t\t.rbs_gallery_69e37697aa8e3Spinner .rbs_gallery_69e37697aa8e3Rect4 {\r\n\t\t\t  -webkit-animation-delay: -0.9s;\r\n\t\t\t  animation-delay: -0.9s;\r\n\t\t\t}\r\n\t\t\t.rbs_gallery_69e37697aa8e3Spinner .rbs_gallery_69e37697aa8e3Rect5 {\r\n\t\t\t  -webkit-animation-delay: -0.8s;\r\n\t\t\t  animation-delay: -0.8s;\r\n\t\t\t}\r\n\t\t\t@-webkit-keyframes rbs_gallery_69e37697aa8e3-stretchdelay {\r\n\t\t\t  0%, 40%, 100% { -webkit-transform: scaleY(0.4) }  \r\n\t\t\t  20% { -webkit-transform: scaleY(1.0) }\r\n\t\t\t}\r\n\t\t\t@keyframes rbs_gallery_69e37697aa8e3-stretchdelay {\r\n\t\t\t  0%, 40%, 100% { \r\n\t\t\t    transform: scaleY(0.4);\r\n\t\t\t    -webkit-transform: scaleY(0.4);\r\n\t\t\t  }  20% { \r\n\t\t\t    transform: scaleY(1.0);\r\n\t\t\t    -webkit-transform: scaleY(1.0);\r\n\t\t\t  }\r\n\t\t\t}\r\n\t\t<\/style><div class=\"robo-gallery-wrap robo-gallery-wrap-id3252 robo-gallery-\" ><div id=\"rbs_gallery_69e37697aa8e3-block-loader\" class=\"rbs_gallery_69e37697aa8e3Spinner\"><div class=\"rbs_gallery_69e37697aa8e3Rect1\"><\/div> <div class=\"rbs_gallery_69e37697aa8e3Rect2\"><\/div> <div class=\"rbs_gallery_69e37697aa8e3Rect3\"><\/div> <div class=\"rbs_gallery_69e37697aa8e3Rect4\"><\/div> <div class=\"rbs_gallery_69e37697aa8e3Rect5\"><\/div><\/div><div class=\"rbs_gallery_button  rbs_gallery_align_left\" id=\"rbs_gallery_69e37697aa8e3filter\" style=\" display: none;\" ><a class=\"button button-border-caution  \" href=\"#\" data-filter=\"*\">All<\/a><\/div><div id=\"robo_gallery_main_block_rbs_gallery_69e37697aa8e3\" class=\"robogallery-gallery-3252\" style=\"width:100%;  display: none;\"><div id=\"rbs_gallery_69e37697aa8e3\" data-options=\"rbs_gallery_69e37697aa8e3\" style=\"width:100%;\" class=\"robo_gallery  \"><div class=\"rbs-img  category3252 \" ><div class=\"rbs-img-image   rbs-lightbox \" ><div class=\"rbs-img-thumbs\"  data-thumbnail=\"https:\/\/www.paripari-lingerie.com\/wp-content\/uploads\/2023\/12\/CYNTHIA-RED-SOFT-AND-STRING-FRONT-683x1024.jpg\"  title=\"CYNTHIA RED SOFT AND STRING FRONT\"  data-width=\"683\"  data-height=\"1024\" ><\/div><div class=\"rbs-img-data-popup\"  data-popup=\"https:\/\/www.paripari-lingerie.com\/wp-content\/uploads\/2023\/12\/CYNTHIA-RED-SOFT-AND-STRING-FRONT.jpg\"  title=\"CYNTHIA RED SOFT AND STRING FRONT\" ><\/div><div class=\"thumbnail-overlay\"><div class=\"rbsTitle \">CYNTHIA RED SOFT AND STRING FRONT<\/div><div class=\"rbsIcons\"><i class=\"fa fa-search-plus rbsZoomIcon \" ><\/i><\/div><\/div><\/div><\/div><div class=\"rbs-img  category3252 \" ><div class=\"rbs-img-image   rbs-lightbox \" ><div class=\"rbs-img-thumbs\"  data-thumbnail=\"https:\/\/www.paripari-lingerie.com\/wp-content\/uploads\/2023\/12\/CYNTHIA-RED-SOFT-and-FULL-FRONT-683x1024.jpg\"  title=\"CYNTHIA RED SOFT and FULL FRONT\"  data-width=\"683\"  data-height=\"1024\" ><\/div><div class=\"rbs-img-data-popup\"  data-popup=\"https:\/\/www.paripari-lingerie.com\/wp-content\/uploads\/2023\/12\/CYNTHIA-RED-SOFT-and-FULL-FRONT.jpg\"  title=\"CYNTHIA RED SOFT and FULL FRONT\" ><\/div><div class=\"thumbnail-overlay\"><div class=\"rbsTitle \">CYNTHIA RED SOFT and FULL FRONT<\/div><div class=\"rbsIcons\"><i class=\"fa fa-search-plus rbsZoomIcon \" ><\/i><\/div><\/div><\/div><\/div><div class=\"rbs-img  category3252 \" ><div class=\"rbs-img-image   rbs-lightbox \" ><div class=\"rbs-img-thumbs\"  data-thumbnail=\"https:\/\/www.paripari-lingerie.com\/wp-content\/uploads\/2023\/12\/CYNTHIA-RED-SOFT-and-FULL-HIGH-WAIST-FRONT-683x1024.jpg\"  title=\"CYNTHIA RED SOFT and FULL HIGH WAIST FRONT\"  data-width=\"683\"  data-height=\"1024\" ><\/div><div class=\"rbs-img-data-popup\"  data-popup=\"https:\/\/www.paripari-lingerie.com\/wp-content\/uploads\/2023\/12\/CYNTHIA-RED-SOFT-and-FULL-HIGH-WAIST-FRONT.jpg\"  title=\"CYNTHIA RED SOFT and FULL HIGH WAIST FRONT\" ><\/div><div class=\"thumbnail-overlay\"><div class=\"rbsTitle \">CYNTHIA RED SOFT and FULL HIGH WAIST FRONT<\/div><div class=\"rbsIcons\"><i class=\"fa fa-search-plus rbsZoomIcon \" ><\/i><\/div><\/div><\/div><\/div><div class=\"rbs-img  category3252 \" ><div class=\"rbs-img-image   rbs-lightbox \" ><div class=\"rbs-img-thumbs\"  data-thumbnail=\"https:\/\/www.paripari-lingerie.com\/wp-content\/uploads\/2023\/12\/CYNTHIA-RED-STRING-REAR-683x1024.jpg\"  title=\"CYNTHIA RED STRING REAR\"  data-width=\"683\"  data-height=\"1024\" ><\/div><div class=\"rbs-img-data-popup\"  data-popup=\"https:\/\/www.paripari-lingerie.com\/wp-content\/uploads\/2023\/12\/CYNTHIA-RED-STRING-REAR.jpg\"  title=\"CYNTHIA RED STRING REAR\" ><\/div><div class=\"thumbnail-overlay\"><div class=\"rbsTitle \">CYNTHIA RED STRING REAR<\/div><div class=\"rbsIcons\"><i class=\"fa fa-search-plus rbsZoomIcon \" ><\/i><\/div><\/div><\/div><\/div><div class=\"rbs-img  category3252 \" ><div class=\"rbs-img-image   rbs-lightbox \" ><div class=\"rbs-img-thumbs\"  data-thumbnail=\"https:\/\/www.paripari-lingerie.com\/wp-content\/uploads\/2023\/12\/CYNTHIA-RED-FULL-REAR-683x1024.jpg\"  title=\"CYNTHIA RED FULL REAR\"  data-width=\"683\"  data-height=\"1024\" ><\/div><div class=\"rbs-img-data-popup\"  data-popup=\"https:\/\/www.paripari-lingerie.com\/wp-content\/uploads\/2023\/12\/CYNTHIA-RED-FULL-REAR.jpg\"  title=\"CYNTHIA RED FULL REAR\" ><\/div><div class=\"thumbnail-overlay\"><div class=\"rbsTitle \">CYNTHIA RED FULL REAR<\/div><div class=\"rbsIcons\"><i class=\"fa fa-search-plus rbsZoomIcon \" ><\/i><\/div><\/div><\/div><\/div><div class=\"rbs-img  category3252 \" ><div class=\"rbs-img-image   rbs-lightbox \" ><div class=\"rbs-img-thumbs\"  data-thumbnail=\"https:\/\/www.paripari-lingerie.com\/wp-content\/uploads\/2023\/12\/CYNTHIA-RED-FULL-HIGH-WAIST-REAR-683x1024.jpg\"  title=\"CYNTHIA RED FULL HIGH WAIST REAR\"  data-width=\"683\"  data-height=\"1024\" ><\/div><div class=\"rbs-img-data-popup\"  data-popup=\"https:\/\/www.paripari-lingerie.com\/wp-content\/uploads\/2023\/12\/CYNTHIA-RED-FULL-HIGH-WAIST-REAR.jpg\"  title=\"CYNTHIA RED FULL HIGH WAIST REAR\" ><\/div><div class=\"thumbnail-overlay\"><div class=\"rbsTitle \">CYNTHIA RED FULL HIGH WAIST REAR<\/div><div class=\"rbsIcons\"><i class=\"fa fa-search-plus rbsZoomIcon \" ><\/i><\/div><\/div><\/div><\/div><\/div><\/div><\/div><script>var rbs_gallery_69e37697aa8e3 = {\"version\":\"5.1.4\",\"id\":3252,\"class\":\"id3252\",\"roboGalleryDelay\":1000,\"mainContainer\":\"#robo_gallery_main_block_rbs_gallery_69e37697aa8e3\",\"loadingContainer\":\"#rbs_gallery_69e37697aa8e3-block-loader\",\"loadingContainerObj\":\"rbs_gallery_69e37697aa8e3-block-loader\",\"columnWidth\":\"auto\",\"columns\":3,\"resolutions\":[{\"columnWidth\":\"auto\",\"columns\":3,\"maxWidth\":960},{\"columnWidth\":\"auto\",\"columns\":2,\"maxWidth\":650},{\"columnWidth\":\"auto\",\"columns\":1,\"maxWidth\":450}],\"lightboxOptions\":{\"gallery\":{\"enabled\":true,\"tCounter\":\"%curr% of %total%\"}},\"overlayEffect\":\"direction-aware-fade\",\"boxesToLoadStart\":12,\"boxesToLoad\":8,\"waitUntilThumbLoads\":1,\"LoadingWord\":\"Loading...\",\"loadMoreWord\":\"Load More\",\"noMoreEntriesWord\":\"No More Entries\",\"horizontalSpaceBetweenBoxes\":15,\"verticalSpaceBetweenBoxes\":15,\"lazyLoad\":1,\"wrapContainer\":\"#robo-gallery-wrap-rbs_gallery_69e37697aa8e3\",\"filterContainer\":\"#rbs_gallery_69e37697aa8e3filter\",\"loadMoreClass\":\"button-border-caution \"};<\/script><\/p>\n<p><p><b>Reggiseno Cynthia<\/b> \u00e8 una scelta elegante per donne con seno medio o grande, realizzato in un tessuto ricamato floreale che dona un tocco sensuale. Le coppe non imbottite garantiscono una forma naturale e un comfort ottimale. La parte inferiore delle coppe \u00e8 rinforzata con una rete stabile, mentre le doppie cuciture verticali migliorano il supporto, soprattutto per le taglie pi\u00f9 grandi, assicurando un sostegno solido e confortevole. Le stecche laterali e i pannelli larghi in tessuto a doppio strato stabilizzano ulteriormente il seno, e le spalline regolabili, adattate alla taglia del reggiseno, assicurano una vestibilit\u00e0 perfetta. La chiusura posteriore ha tre ganci per regolare la circonferenza, ma in base alla taglia, la larghezza della chiusura comprende due o tre file di ganci, rendendo questo modello particolarmente comodo.<\/p>\n<p>Il modello Cynthia offre le taglie di reggiseno pi\u00f9 grandi disponibili nella nostra collezione \u2013 fino alla 115B \u2013 distinguendosi dalla concorrenza. Il design \u00e8 stato testato per molti mesi sui seni pi\u00f9 esigenti, garantendo un forte sostegno, bellezza e comfort. Una gamma di taglie cos\u00ec ampia \u00e8 rara, e pochi marchi offrono una disponibilit\u00e0 cos\u00ec estesa.<\/p>\n<p>Altri articoli della collezione Cynthia completano perfettamente il set:<\/p>\n<ul>\n<li><b>Slip alti Cynthia<\/b>: Slip classici a vita alta in morbida microfibra e tulle delicato. La parte anteriore \u00e8 decorata con un grande pezzo di elegante pizzo che dona sensualit\u00e0. Il retro liscio garantisce un comfort totale, e il taglio alto \u00e8 ideale per donne con forme pi\u00f9 generose. Disponibili fino alla taglia 5XL, sono tra i pi\u00f9 grandi della nostra collezione.<\/li>\n<li><b>Slip classici Cynthia<\/b>: Questi slip classici in morbida microfibra si adattano perfettamente al corpo, offrendo comfort quotidiano. La parte anteriore presenta eleganti ricami decorativi posizionati sui lati, aggiungendo un tocco di fascino. Il retro liscio garantisce comfort e una vestibilit\u00e0 perfetta. Disponibili fino alla taglia 5XL.<\/li>\n<li><b>Perizoma Cynthia<\/b>: Questi eleganti perizoma combinano un delicato ricamo floreale sulla parte anteriore con una morbida microfibra sul retro liscio. Gli inserti in tulle trasparente aggiungono un tocco di sensualit\u00e0, e le cuciture verticali anteriori e posteriori assicurano una vestibilit\u00e0 perfetta al corpo.<\/li>\n<\/ul>\n<p>L&#8217;intera collezione Cynthia \u00e8 una linea di lingerie che offre non solo una vasta gamma di taglie, ma garantisce anche comfort ed eleganza eccezionali. \u00c8 la scelta perfetta per le donne che cercano lingerie che unisca bellezza e sostegno solido per l&#8217;uso quotidiano.<\/p>\n<p><\/p><br \/>\n<p><a href=\"\/sizes-table\">Tabella taglie <strong>lingerie PariPari<\/strong><\/a><br \/>\n<\/p><br \/>\n<p><\/p>\n<table class=\"sizeTable\">\n<tbody>\n<tr>\n<td><b>REGGISENO SOFT<\/b><\/td>\n<\/tr>\n<tr>\n<td>65&nbsp;&nbsp;FGH<\/td>\n<\/tr>\n<tr>\n<td>70&nbsp;&nbsp;EFG<\/td>\n<\/tr>\n<tr>\n<td>75&nbsp;&nbsp;DEFGHIJ<\/td>\n<\/tr>\n<tr>\n<td>80&nbsp;&nbsp;CDEFGHI<\/td>\n<\/tr>\n<tr>\n<td>85&nbsp;&nbsp;BCDEFGH<\/td>\n<\/tr>\n<tr>\n<td>90&nbsp;&nbsp;BCDEFG<\/td>\n<\/tr>\n<tr>\n<td>95&nbsp;&nbsp;BCDEF<\/td>\n<\/tr>\n<tr>\n<td>100&nbsp;&nbsp;BCDE<\/td>\n<\/tr>\n<tr>\n<td>105&nbsp;&nbsp;BCD<\/td>\n<\/tr>\n<tr>\n<td>110&nbsp;&nbsp;BC<\/td>\n<\/tr>\n<tr>\n<td>115&nbsp;&nbsp;B<\/td>\n<\/tr>\n<tr>\n<td><b>MUTANDINE CLASSICHE<\/b><\/td>\n<\/tr>\n<tr>\n<td>S&nbsp;&nbsp;M&nbsp;&nbsp;L&nbsp;&nbsp;XL&nbsp;&nbsp;XXL&nbsp;&nbsp;XXXL&nbsp;&nbsp;4XL&nbsp;&nbsp;5XL<\/td>\n<\/tr>\n<tr>\n<td><b>STRING<\/b><\/td>\n<\/tr>\n<tr>\n<td>S&nbsp;&nbsp;M&nbsp;&nbsp;L&nbsp;&nbsp;XL&nbsp;&nbsp;XXL&nbsp;&nbsp;XXXL&nbsp;&nbsp;4XL&nbsp;&nbsp;5XL<\/td>\n<\/tr>\n<tr>\n<td><b>MUTANDINE A VITA ALTA (HW)<\/b><\/td>\n<\/tr>\n<tr>\n<td>S&nbsp;&nbsp;M&nbsp;&nbsp;L&nbsp;&nbsp;XL&nbsp;&nbsp;XXL&nbsp;&nbsp;XXXL&nbsp;&nbsp;4XL&nbsp;&nbsp;5XL<\/td>\n<\/tr>\n<\/tbody>\n<\/table>\n<p><\/p><\/p>\n<p><p><\/p>\n<div style=\"display: flex; align-items: center; gap: 15px; margin-top: 20px; width: 100%;\">\n    <img decoding=\"async\" src=\"https:\/\/www.paripari-lingerie.com\/wp-content\/uploads\/2024\/10\/handshake_icon.png\" alt=\"Icona collaborazione\" style=\"width: 50px; height: auto;\"\/><\/p>\n<div>\n        <b>Vuoi collaborare con noi e diventare un distributore di lingerie PariPari?<br \/>\n        <a href=\"https:\/\/www.paripari-lingerie.com\/cooperation-resell-paripari-lingerie-and-build-your-success-with-our-brand\/\">Trova maggiori informazioni qui<\/a>, contattaci \u2013 non vediamo l&#8217;ora di sentirti!<\/b>\n    <\/div>\n<\/div>\n<p><\/p><br \/>\n<\/p>","protected":false},"excerpt":{"rendered":"","protected":false},"author":1,"featured_media":0,"parent":1564,"menu_order":19,"comment_status":"closed","ping_status":"closed","template":"","meta":{"footnotes":""},"class_list":["post-3247","page","type-page","status-publish","czr-hentry"],"_links":{"self":[{"href":"https:\/\/www.paripari-lingerie.com\/it\/wp-json\/wp\/v2\/pages\/3247","targetHints":{"allow":["GET"]}}],"collection":[{"href":"https:\/\/www.paripari-lingerie.com\/it\/wp-json\/wp\/v2\/pages"}],"about":[{"href":"https:\/\/www.paripari-lingerie.com\/it\/wp-json\/wp\/v2\/types\/page"}],"author":[{"embeddable":true,"href":"https:\/\/www.paripari-lingerie.com\/it\/wp-json\/wp\/v2\/users\/1"}],"replies":[{"embeddable":true,"href":"https:\/\/www.paripari-lingerie.com\/it\/wp-json\/wp\/v2\/comments?post=3247"}],"version-history":[{"count":7,"href":"https:\/\/www.paripari-lingerie.com\/it\/wp-json\/wp\/v2\/pages\/3247\/revisions"}],"predecessor-version":[{"id":3770,"href":"https:\/\/www.paripari-lingerie.com\/it\/wp-json\/wp\/v2\/pages\/3247\/revisions\/3770"}],"up":[{"embeddable":true,"href":"https:\/\/www.paripari-lingerie.com\/it\/wp-json\/wp\/v2\/pages\/1564"}],"wp:attachment":[{"href":"https:\/\/www.paripari-lingerie.com\/it\/wp-json\/wp\/v2\/media?parent=3247"}],"curies":[{"name":"wp","href":"https:\/\/api.w.org\/{rel}","templated":true}]}}