{"id":3309,"date":"2024-04-24T11:57:18","date_gmt":"2024-04-24T10:57:18","guid":{"rendered":"https:\/\/www.paripari-lingerie.com\/?page_id=3309"},"modified":"2024-12-20T12:02:12","modified_gmt":"2024-12-20T11:02:12","slug":"ellie-white","status":"publish","type":"page","link":"https:\/\/www.paripari-lingerie.com\/it\/collection\/ellie-white\/","title":{"rendered":"ELLIE BIANCA"},"content":{"rendered":"<p><br \/>\n<\/p>\n<p style=\"text-align: center;\"><style type=\"text\/css\" scoped>.rbs_gallery_69e33ed755934Spinner{\r\n\t\t\t\tmargin: 50px auto;\r\n\t\t\t\twidth: 50px;\r\n\t\t\t\theight: 40px;\r\n\t\t\t\ttext-align: center;\r\n\t\t\t\tfont-size: 10px;\r\n\t\t\t}\r\n\t\t\t.rbs_gallery_69e33ed755934Spinner > div{\r\n\t\t\t  background-color: #333;\r\n\t\t\t  height: 100%;\r\n\t\t\t  width: 6px;\r\n\t\t\t  display: inline-block;\r\n\t\t\t  -webkit-animation: rbs_gallery_69e33ed755934-stretchdelay 1.2s infinite ease-in-out;\r\n\t\t\t  animation: rbs_gallery_69e33ed755934-stretchdelay 1.2s infinite ease-in-out;\r\n\t\t\t}\r\n\t\t\t.rbs_gallery_69e33ed755934Spinner .rbs_gallery_69e33ed755934Rect2 {\r\n\t\t\t  -webkit-animation-delay: -1.1s;\r\n\t\t\t  animation-delay: -1.1s;\r\n\t\t\t}\r\n\t\t\t.rbs_gallery_69e33ed755934Spinner .rbs_gallery_69e33ed755934Rect3 {\r\n\t\t\t  -webkit-animation-delay: -1.0s;\r\n\t\t\t  animation-delay: -1.0s;\r\n\t\t\t}\r\n\t\t\t.rbs_gallery_69e33ed755934Spinner .rbs_gallery_69e33ed755934Rect4 {\r\n\t\t\t  -webkit-animation-delay: -0.9s;\r\n\t\t\t  animation-delay: -0.9s;\r\n\t\t\t}\r\n\t\t\t.rbs_gallery_69e33ed755934Spinner .rbs_gallery_69e33ed755934Rect5 {\r\n\t\t\t  -webkit-animation-delay: -0.8s;\r\n\t\t\t  animation-delay: -0.8s;\r\n\t\t\t}\r\n\t\t\t@-webkit-keyframes rbs_gallery_69e33ed755934-stretchdelay {\r\n\t\t\t  0%, 40%, 100% { -webkit-transform: scaleY(0.4) }  \r\n\t\t\t  20% { -webkit-transform: scaleY(1.0) }\r\n\t\t\t}\r\n\t\t\t@keyframes rbs_gallery_69e33ed755934-stretchdelay {\r\n\t\t\t  0%, 40%, 100% { \r\n\t\t\t    transform: scaleY(0.4);\r\n\t\t\t    -webkit-transform: scaleY(0.4);\r\n\t\t\t  }  20% { \r\n\t\t\t    transform: scaleY(1.0);\r\n\t\t\t    -webkit-transform: scaleY(1.0);\r\n\t\t\t  }\r\n\t\t\t}\r\n\t\t<\/style><div class=\"robo-gallery-wrap robo-gallery-wrap-id3305 robo-gallery-\" ><div id=\"rbs_gallery_69e33ed755934-block-loader\" class=\"rbs_gallery_69e33ed755934Spinner\"><div class=\"rbs_gallery_69e33ed755934Rect1\"><\/div> <div class=\"rbs_gallery_69e33ed755934Rect2\"><\/div> <div class=\"rbs_gallery_69e33ed755934Rect3\"><\/div> <div class=\"rbs_gallery_69e33ed755934Rect4\"><\/div> <div class=\"rbs_gallery_69e33ed755934Rect5\"><\/div><\/div><div class=\"rbs_gallery_button  rbs_gallery_align_left\" id=\"rbs_gallery_69e33ed755934filter\" style=\" display: none;\" ><a class=\"button button-border-caution  \" href=\"#\" data-filter=\"*\">All<\/a><\/div><div id=\"robo_gallery_main_block_rbs_gallery_69e33ed755934\" class=\"robogallery-gallery-3305\" style=\"width:100%;  display: none;\"><div id=\"rbs_gallery_69e33ed755934\" data-options=\"rbs_gallery_69e33ed755934\" style=\"width:100%;\" class=\"robo_gallery  \"><div class=\"rbs-img  category3305 \" ><div class=\"rbs-img-image   rbs-lightbox \" ><div class=\"rbs-img-thumbs\"  data-thumbnail=\"https:\/\/www.paripari-lingerie.com\/wp-content\/uploads\/2024\/04\/ELLIE-WHITE-PUSH-UP-and-STRING-FRONT-696x1024.jpg\"  title=\"ELLIE WHITE PUSH-UP and STRING FRONT\"  data-width=\"696\"  data-height=\"1024\" ><\/div><div class=\"rbs-img-data-popup\"  data-popup=\"https:\/\/www.paripari-lingerie.com\/wp-content\/uploads\/2024\/04\/ELLIE-WHITE-PUSH-UP-and-STRING-FRONT-scaled.jpg\"  title=\"ELLIE WHITE PUSH-UP and STRING FRONT\" ><\/div><div class=\"thumbnail-overlay\"><div class=\"rbsTitle \">ELLIE WHITE PUSH-UP and STRING FRONT<\/div><div class=\"rbsIcons\"><i class=\"fa fa-search-plus rbsZoomIcon \" ><\/i><\/div><\/div><\/div><\/div><div class=\"rbs-img  category3305 \" ><div class=\"rbs-img-image   rbs-lightbox \" ><div class=\"rbs-img-thumbs\"  data-thumbnail=\"https:\/\/www.paripari-lingerie.com\/wp-content\/uploads\/2024\/04\/ELLIE-WHITE-PUSH-UP-and-FULL-FRONT-696x1024.jpg\"  title=\"ELLIE WHITE PUSH-UP and FULL FRONT\"  data-width=\"696\"  data-height=\"1024\" ><\/div><div class=\"rbs-img-data-popup\"  data-popup=\"https:\/\/www.paripari-lingerie.com\/wp-content\/uploads\/2024\/04\/ELLIE-WHITE-PUSH-UP-and-FULL-FRONT-scaled.jpg\"  title=\"ELLIE WHITE PUSH-UP and FULL FRONT\" ><\/div><div class=\"thumbnail-overlay\"><div class=\"rbsTitle \">ELLIE WHITE PUSH-UP and FULL FRONT<\/div><div class=\"rbsIcons\"><i class=\"fa fa-search-plus rbsZoomIcon \" ><\/i><\/div><\/div><\/div><\/div><div class=\"rbs-img  category3305 \" ><div class=\"rbs-img-image   rbs-lightbox \" ><div class=\"rbs-img-thumbs\"  data-thumbnail=\"https:\/\/www.paripari-lingerie.com\/wp-content\/uploads\/2024\/04\/ELLIE-WHITE-PUSH-UP-and-STRING-REAR-683x1024.jpg\"  title=\"ELLIE WHITE PUSH-UP and STRING REAR\"  data-width=\"683\"  data-height=\"1024\" ><\/div><div class=\"rbs-img-data-popup\"  data-popup=\"https:\/\/www.paripari-lingerie.com\/wp-content\/uploads\/2024\/04\/ELLIE-WHITE-PUSH-UP-and-STRING-REAR-scaled.jpg\"  title=\"ELLIE WHITE PUSH-UP and STRING REAR\" ><\/div><div class=\"thumbnail-overlay\"><div class=\"rbsTitle \">ELLIE WHITE PUSH-UP and STRING REAR<\/div><div class=\"rbsIcons\"><i class=\"fa fa-search-plus rbsZoomIcon \" ><\/i><\/div><\/div><\/div><\/div><div class=\"rbs-img  category3305 \" ><div class=\"rbs-img-image   rbs-lightbox \" ><div class=\"rbs-img-thumbs\"  data-thumbnail=\"https:\/\/www.paripari-lingerie.com\/wp-content\/uploads\/2024\/04\/ELLIE-WHITE-PUSH-UP-and-FULL-REAR-683x1024.jpg\"  title=\"ELLIE WHITE PUSH-UP and FULL REAR\"  data-width=\"683\"  data-height=\"1024\" ><\/div><div class=\"rbs-img-data-popup\"  data-popup=\"https:\/\/www.paripari-lingerie.com\/wp-content\/uploads\/2024\/04\/ELLIE-WHITE-PUSH-UP-and-FULL-REAR-scaled.jpg\"  title=\"ELLIE WHITE PUSH-UP and FULL REAR\" ><\/div><div class=\"thumbnail-overlay\"><div class=\"rbsTitle \">ELLIE WHITE PUSH-UP and FULL REAR<\/div><div class=\"rbsIcons\"><i class=\"fa fa-search-plus rbsZoomIcon \" ><\/i><\/div><\/div><\/div><\/div><\/div><\/div><\/div><script>var rbs_gallery_69e33ed755934 = {\"version\":\"5.1.4\",\"id\":3305,\"class\":\"id3305\",\"roboGalleryDelay\":1000,\"mainContainer\":\"#robo_gallery_main_block_rbs_gallery_69e33ed755934\",\"loadingContainer\":\"#rbs_gallery_69e33ed755934-block-loader\",\"loadingContainerObj\":\"rbs_gallery_69e33ed755934-block-loader\",\"columnWidth\":\"auto\",\"columns\":3,\"resolutions\":[{\"columnWidth\":\"auto\",\"columns\":3,\"maxWidth\":960},{\"columnWidth\":\"auto\",\"columns\":2,\"maxWidth\":650},{\"columnWidth\":\"auto\",\"columns\":1,\"maxWidth\":450}],\"lightboxOptions\":{\"gallery\":{\"enabled\":true,\"tCounter\":\"%curr% of %total%\"}},\"overlayEffect\":\"direction-aware-fade\",\"boxesToLoadStart\":12,\"boxesToLoad\":8,\"waitUntilThumbLoads\":1,\"LoadingWord\":\"Loading...\",\"loadMoreWord\":\"Load More\",\"noMoreEntriesWord\":\"No More Entries\",\"horizontalSpaceBetweenBoxes\":15,\"verticalSpaceBetweenBoxes\":15,\"lazyLoad\":1,\"wrapContainer\":\"#robo-gallery-wrap-rbs_gallery_69e33ed755934\",\"filterContainer\":\"#rbs_gallery_69e33ed755934filter\",\"loadMoreClass\":\"button-border-caution \"};<\/script><\/p>\n<p><p><b>Reggiseno Push-Up Ellie<\/b> \u00e8 un reggiseno elegante, bello e sensuale che valorizza perfettamente il tuo d\u00e9collet\u00e9. Le coppe imbottite, ricoperte da un morbido tulle elasticizzato, mettono in risalto il seno in modo seducente. Un delicato bordo in raso sui bordi delle coppe aggiunge un tocco di raffinatezza, mentre un grazioso fiocco in raso tra le coppe sottolinea l&#8217;eleganza. Questo reggiseno \u00e8 non solo estetico ma anche molto discreto sotto una camicetta, rendendolo ideale per ogni occasione.<\/p>\n<p>Dispone di inserti removibili che permettono di regolare l&#8217;effetto push-up. Le stecche laterali e classiche offrono un adeguato supporto, mentre il retro liscio e uniforme garantisce comfort. Le spalline sono regolabili e rimovibili solo nella parte posteriore. La chiusura posteriore ha sempre tre ganci per regolare la circonferenza, ma a seconda della taglia, la larghezza della chiusura \u00e8 composta da due o tre file di ganci, rendendo questo modello eccezionalmente confortevole.<\/p>\n<p>Gli altri articoli della collezione Ellie completano perfettamente il set:<\/p>\n<ul>\n<li><b>Slip Ellie<\/b>: Slip classici in tessuto liscio e uniforme e mesh trasparente. La parte anteriore \u00e8 decorata con inserti in mesh delicati e un bordo lucido. La parte posteriore, in morbida microfibra, si adatta perfettamente al corpo, e il tassello in cotone garantisce comfort per tutto il giorno.<\/li>\n<li><b>String Ellie<\/b>: String sensuali in tessuto liscio combinato con mesh trasparente. I lati sono decorati con doppi cinturini che aggiungono leggerezza, e la parte anteriore \u00e8 arricchita da un fiocco in raso. La parte posteriore, in microfibra delicata, sottolinea splendidamente i glutei. Il tassello in cotone assicura comfort, e i materiali leggeri garantiscono libert\u00e0 di movimento.<\/li>\n<\/ul>\n<p>L&#8217;intero set forma una collezione elegante e coerente che combina comfort e stile raffinato, esaltando la bellezza della silhouette femminile.<\/p>\n<p><\/p><br \/>\n<p><a href=\"\/sizes-table\">Tabella taglie <strong>lingerie PariPari<\/strong><\/a><br \/>\n<\/p><br \/>\n<p><\/p>\n<table class=\"sizeTable\">\n<tbody>\n<tr>\n<td><b>REGGISENO PUSH-UP<\/b><br \/>\n65 CDEFGH<br \/>\n70 BCDEFG<br \/>\n75 ABCDEFGH<br \/>\n80 ABCDEFG<br \/>\n85 ABCDEF<br \/>\n90 BCDE<br \/>\n95 BCD<br \/>\n100 BC<br \/>\n105 B<\/td>\n<\/tr>\n<\/tbody>\n<\/table>\n<p><\/p><br \/>\n<p><\/p>\n<table class=\"sizeTable\">\n<tbody>\n<tr>\n<td><b>MUTANDINE CLASSICHE<\/b><br \/>\nS, M, L, XL, XXL, XXXL<\/td>\n<td><b>PERIZOMA<\/b><br \/>\nS, M, L, XL, XXL, XXXL<\/td>\n<\/tr>\n<\/tbody>\n<\/table>\n<p><\/p><\/p>\n<p><p><\/p>\n<div style=\"display: flex; align-items: center; gap: 15px; margin-top: 20px; width: 100%;\">\n    <img decoding=\"async\" src=\"https:\/\/www.paripari-lingerie.com\/wp-content\/uploads\/2024\/10\/handshake_icon.png\" alt=\"Icona collaborazione\" style=\"width: 50px; height: auto;\"\/><\/p>\n<div>\n        <b>Vuoi collaborare con noi e diventare un distributore di lingerie PariPari?<br \/>\n        <a href=\"https:\/\/www.paripari-lingerie.com\/cooperation-resell-paripari-lingerie-and-build-your-success-with-our-brand\/\">Trova maggiori informazioni qui<\/a>, contattaci \u2013 non vediamo l&#8217;ora di sentirti!<\/b>\n    <\/div>\n<\/div>\n<p><\/p><br \/>\n<\/p>\n<p><\/p>","protected":false},"excerpt":{"rendered":"","protected":false},"author":1,"featured_media":0,"parent":1564,"menu_order":29,"comment_status":"closed","ping_status":"closed","template":"","meta":{"footnotes":""},"class_list":["post-3309","page","type-page","status-publish","czr-hentry"],"_links":{"self":[{"href":"https:\/\/www.paripari-lingerie.com\/it\/wp-json\/wp\/v2\/pages\/3309","targetHints":{"allow":["GET"]}}],"collection":[{"href":"https:\/\/www.paripari-lingerie.com\/it\/wp-json\/wp\/v2\/pages"}],"about":[{"href":"https:\/\/www.paripari-lingerie.com\/it\/wp-json\/wp\/v2\/types\/page"}],"author":[{"embeddable":true,"href":"https:\/\/www.paripari-lingerie.com\/it\/wp-json\/wp\/v2\/users\/1"}],"replies":[{"embeddable":true,"href":"https:\/\/www.paripari-lingerie.com\/it\/wp-json\/wp\/v2\/comments?post=3309"}],"version-history":[{"count":6,"href":"https:\/\/www.paripari-lingerie.com\/it\/wp-json\/wp\/v2\/pages\/3309\/revisions"}],"predecessor-version":[{"id":3775,"href":"https:\/\/www.paripari-lingerie.com\/it\/wp-json\/wp\/v2\/pages\/3309\/revisions\/3775"}],"up":[{"embeddable":true,"href":"https:\/\/www.paripari-lingerie.com\/it\/wp-json\/wp\/v2\/pages\/1564"}],"wp:attachment":[{"href":"https:\/\/www.paripari-lingerie.com\/it\/wp-json\/wp\/v2\/media?parent=3309"}],"curies":[{"name":"wp","href":"https:\/\/api.w.org\/{rel}","templated":true}]}}