{"id":3553,"date":"2024-09-30T13:38:13","date_gmt":"2024-09-30T12:38:13","guid":{"rendered":"https:\/\/www.paripari-lingerie.com\/?page_id=3553"},"modified":"2024-12-20T12:53:47","modified_gmt":"2024-12-20T11:53:47","slug":"sophia-beige","status":"publish","type":"page","link":"https:\/\/www.paripari-lingerie.com\/it\/collection\/sophia-beige\/","title":{"rendered":"SOPHIA BEIGE"},"content":{"rendered":"<p><p><\/p>\n<div class=\"product-description\">\n<p><strong>SOPHIA \u2013 Eleganza e Raffinatezza<\/strong><\/p>\n<p>\n        La collezione SOPHIA rappresenta il perfetto equilibrio tra stile e sensualit\u00e0, pensata per donne che apprezzano la bellezza e il comfort.<br \/>\n        Il reggiseno balconcino push-up \u00e8 realizzato in un delicato tessuto decorato con sottili pois scintillanti.<br \/>\n        I pannelli laterali lisci e il pizzo elegante sulle coppe e sulle spalline aggiungono un tocco di raffinatezza.<br \/>\n        Questo reggiseno esalta magnificamente il d\u00e9collet\u00e9, offrendo un eccellente sostegno e una forma lusinghiera.\n    <\/p>\n<p>\n        La collezione comprende anche un reggiseno morbido, non imbottito, che combina la microfibra liscia con il delicato pizzo.<br \/>\n        Le coppe di questo modello offrono una forma naturale e un supporto delicato, rendendolo la scelta ideale per l\u2019uso quotidiano.<br \/>\n        Questa opzione \u00e8 perfetta anche per le donne con un d\u00e9collet\u00e9 pi\u00f9 piccolo, garantendo comfort ed eleganza discreta.\n    <\/p>\n<p>\n        Per completare il set, la collezione SOPHIA offre due tipi di slip:<\/p>\n<ul>\n<li>Slip classici \u2013 senza tempo, comodi e perfetti per l\u2019uso quotidiano.<\/li>\n<li>Brasiliani a vita alta \u2013 eleganti e sensuali, che esaltano magnificamente le curve femminili.<\/li>\n<\/ul>\n<p>\n        La collezione SOPHIA \u00e8 dedicata alle donne che cercano la combinazione ideale di eleganza, funzionalit\u00e0 e stile raffinato.<br \/>\n        Ogni pezzo \u00e8 progettato con cura per garantire sia comfort che bellezza, rendendo SOPHIA la scelta perfetta per ogni occasione.\n    <\/p>\n<p>Scopri il fascino della collezione SOPHIA e senti ogni giorno straordinaria.<\/p>\n<\/div>\n<p><\/p><p><a href=\"https:\/\/www.google.com\/search?q=PariPari+Sophia&#038;hl=it\" target=\"_blank\">Cerca e acquista PariPari Sophia<\/a><\/p><\/p>\n<p style=\"text-align: center;\"><style type=\"text\/css\" scoped>.rbs_gallery_69e3414ef109eSpinner{\r\n\t\t\t\tmargin: 50px auto;\r\n\t\t\t\twidth: 50px;\r\n\t\t\t\theight: 40px;\r\n\t\t\t\ttext-align: center;\r\n\t\t\t\tfont-size: 10px;\r\n\t\t\t}\r\n\t\t\t.rbs_gallery_69e3414ef109eSpinner > div{\r\n\t\t\t  background-color: #333;\r\n\t\t\t  height: 100%;\r\n\t\t\t  width: 6px;\r\n\t\t\t  display: inline-block;\r\n\t\t\t  -webkit-animation: rbs_gallery_69e3414ef109e-stretchdelay 1.2s infinite ease-in-out;\r\n\t\t\t  animation: rbs_gallery_69e3414ef109e-stretchdelay 1.2s infinite ease-in-out;\r\n\t\t\t}\r\n\t\t\t.rbs_gallery_69e3414ef109eSpinner .rbs_gallery_69e3414ef109eRect2 {\r\n\t\t\t  -webkit-animation-delay: -1.1s;\r\n\t\t\t  animation-delay: -1.1s;\r\n\t\t\t}\r\n\t\t\t.rbs_gallery_69e3414ef109eSpinner .rbs_gallery_69e3414ef109eRect3 {\r\n\t\t\t  -webkit-animation-delay: -1.0s;\r\n\t\t\t  animation-delay: -1.0s;\r\n\t\t\t}\r\n\t\t\t.rbs_gallery_69e3414ef109eSpinner .rbs_gallery_69e3414ef109eRect4 {\r\n\t\t\t  -webkit-animation-delay: -0.9s;\r\n\t\t\t  animation-delay: -0.9s;\r\n\t\t\t}\r\n\t\t\t.rbs_gallery_69e3414ef109eSpinner .rbs_gallery_69e3414ef109eRect5 {\r\n\t\t\t  -webkit-animation-delay: -0.8s;\r\n\t\t\t  animation-delay: -0.8s;\r\n\t\t\t}\r\n\t\t\t@-webkit-keyframes rbs_gallery_69e3414ef109e-stretchdelay {\r\n\t\t\t  0%, 40%, 100% { -webkit-transform: scaleY(0.4) }  \r\n\t\t\t  20% { -webkit-transform: scaleY(1.0) }\r\n\t\t\t}\r\n\t\t\t@keyframes rbs_gallery_69e3414ef109e-stretchdelay {\r\n\t\t\t  0%, 40%, 100% { \r\n\t\t\t    transform: scaleY(0.4);\r\n\t\t\t    -webkit-transform: scaleY(0.4);\r\n\t\t\t  }  20% { \r\n\t\t\t    transform: scaleY(1.0);\r\n\t\t\t    -webkit-transform: scaleY(1.0);\r\n\t\t\t  }\r\n\t\t\t}\r\n\t\t<\/style><div class=\"robo-gallery-wrap robo-gallery-wrap-id3506 robo-gallery-\" ><div id=\"rbs_gallery_69e3414ef109e-block-loader\" class=\"rbs_gallery_69e3414ef109eSpinner\"><div class=\"rbs_gallery_69e3414ef109eRect1\"><\/div> <div class=\"rbs_gallery_69e3414ef109eRect2\"><\/div> <div class=\"rbs_gallery_69e3414ef109eRect3\"><\/div> <div class=\"rbs_gallery_69e3414ef109eRect4\"><\/div> <div class=\"rbs_gallery_69e3414ef109eRect5\"><\/div><\/div><div class=\"rbs_gallery_button  rbs_gallery_align_left\" id=\"rbs_gallery_69e3414ef109efilter\" style=\" display: none;\" ><a class=\"button button-border-caution  \" href=\"#\" data-filter=\"*\">All<\/a><\/div><div id=\"robo_gallery_main_block_rbs_gallery_69e3414ef109e\" class=\"robogallery-gallery-3506\" style=\"width:100%;  display: none;\"><div id=\"rbs_gallery_69e3414ef109e\" data-options=\"rbs_gallery_69e3414ef109e\" style=\"width:100%;\" class=\"robo_gallery  \"><div class=\"rbs-img  category3506 \" ><div class=\"rbs-img-image   rbs-lightbox \" ><div class=\"rbs-img-thumbs\"  data-thumbnail=\"https:\/\/www.paripari-lingerie.com\/wp-content\/uploads\/2024\/09\/SOPHIA-BEIGE-PUSH-UP-and-FULL-FRONT-683x1024.jpg\"  title=\"SOPHIA BEIGE PUSH-UP and FULL FRONT\"  data-width=\"683\"  data-height=\"1024\" ><\/div><div class=\"rbs-img-data-popup\"  data-popup=\"https:\/\/www.paripari-lingerie.com\/wp-content\/uploads\/2024\/09\/SOPHIA-BEIGE-PUSH-UP-and-FULL-FRONT-scaled.jpg\"  title=\"SOPHIA BEIGE PUSH-UP and FULL FRONT\" ><\/div><div class=\"thumbnail-overlay\"><div class=\"rbsTitle \">SOPHIA BEIGE PUSH-UP and FULL FRONT<\/div><div class=\"rbsIcons\"><i class=\"fa fa-search-plus rbsZoomIcon \" ><\/i><\/div><\/div><\/div><\/div><div class=\"rbs-img  category3506 \" ><div class=\"rbs-img-image   rbs-lightbox \" ><div class=\"rbs-img-thumbs\"  data-thumbnail=\"https:\/\/www.paripari-lingerie.com\/wp-content\/uploads\/2024\/09\/SOPHIA-BEIGE-PUSH-UP-and-FULL-REAR-683x1024.jpg\"  title=\"SOPHIA BEIGE PUSH-UP and FULL REAR\"  data-width=\"683\"  data-height=\"1024\" ><\/div><div class=\"rbs-img-data-popup\"  data-popup=\"https:\/\/www.paripari-lingerie.com\/wp-content\/uploads\/2024\/09\/SOPHIA-BEIGE-PUSH-UP-and-FULL-REAR-scaled.jpg\"  title=\"SOPHIA BEIGE PUSH-UP and FULL REAR\" ><\/div><div class=\"thumbnail-overlay\"><div class=\"rbsTitle \">SOPHIA BEIGE PUSH-UP and FULL REAR<\/div><div class=\"rbsIcons\"><i class=\"fa fa-search-plus rbsZoomIcon \" ><\/i><\/div><\/div><\/div><\/div><div class=\"rbs-img  category3506 \" ><div class=\"rbs-img-image   rbs-lightbox \" ><div class=\"rbs-img-thumbs\"  data-thumbnail=\"https:\/\/www.paripari-lingerie.com\/wp-content\/uploads\/2024\/09\/SOPHIA-BEIGE-PUSH-UP-and-BRAZILIAN-HIGH-WAIST-FRONT-683x1024.jpg\"  title=\"SOPHIA BEIGE PUSH-UP and BRAZILIAN HIGH WAIST FRONT\"  data-width=\"683\"  data-height=\"1024\" ><\/div><div class=\"rbs-img-data-popup\"  data-popup=\"https:\/\/www.paripari-lingerie.com\/wp-content\/uploads\/2024\/09\/SOPHIA-BEIGE-PUSH-UP-and-BRAZILIAN-HIGH-WAIST-FRONT-scaled.jpg\"  title=\"SOPHIA BEIGE PUSH-UP and BRAZILIAN HIGH WAIST FRONT\" ><\/div><div class=\"thumbnail-overlay\"><div class=\"rbsTitle \">SOPHIA BEIGE PUSH-UP and BRAZILIAN HIGH WAIST FRONT<\/div><div class=\"rbsIcons\"><i class=\"fa fa-search-plus rbsZoomIcon \" ><\/i><\/div><\/div><\/div><\/div><div class=\"rbs-img  category3506 \" ><div class=\"rbs-img-image   rbs-lightbox \" ><div class=\"rbs-img-thumbs\"  data-thumbnail=\"https:\/\/www.paripari-lingerie.com\/wp-content\/uploads\/2024\/09\/SOPHIA-BEIGE-PUSH-UP-and-BRAZILIAN-HIGH-WAIST-REAR-683x1024.jpg\"  title=\"SOPHIA BEIGE PUSH-UP and BRAZILIAN HIGH WAIST REAR\"  data-width=\"683\"  data-height=\"1024\" ><\/div><div class=\"rbs-img-data-popup\"  data-popup=\"https:\/\/www.paripari-lingerie.com\/wp-content\/uploads\/2024\/09\/SOPHIA-BEIGE-PUSH-UP-and-BRAZILIAN-HIGH-WAIST-REAR-scaled.jpg\"  title=\"SOPHIA BEIGE PUSH-UP and BRAZILIAN HIGH WAIST REAR\" ><\/div><div class=\"thumbnail-overlay\"><div class=\"rbsTitle \">SOPHIA BEIGE PUSH-UP and BRAZILIAN HIGH WAIST REAR<\/div><div class=\"rbsIcons\"><i class=\"fa fa-search-plus rbsZoomIcon \" ><\/i><\/div><\/div><\/div><\/div><div class=\"rbs-img  category3506 \" ><div class=\"rbs-img-image   rbs-lightbox \" ><div class=\"rbs-img-thumbs\"  data-thumbnail=\"https:\/\/www.paripari-lingerie.com\/wp-content\/uploads\/2024\/09\/SOPHIA-BEIGE-SOFT-and-BRAZILIAN-FRONT-683x1024.jpg\"  title=\"SOPHIA BEIGE SOFT and BRAZILIAN FRONT\"  data-width=\"683\"  data-height=\"1024\" ><\/div><div class=\"rbs-img-data-popup\"  data-popup=\"https:\/\/www.paripari-lingerie.com\/wp-content\/uploads\/2024\/09\/SOPHIA-BEIGE-SOFT-and-BRAZILIAN-FRONT-scaled.jpg\"  title=\"SOPHIA BEIGE SOFT and BRAZILIAN FRONT\" ><\/div><div class=\"thumbnail-overlay\"><div class=\"rbsTitle \">SOPHIA BEIGE SOFT and BRAZILIAN FRONT<\/div><div class=\"rbsIcons\"><i class=\"fa fa-search-plus rbsZoomIcon \" ><\/i><\/div><\/div><\/div><\/div><div class=\"rbs-img  category3506 \" ><div class=\"rbs-img-image   rbs-lightbox \" ><div class=\"rbs-img-thumbs\"  data-thumbnail=\"https:\/\/www.paripari-lingerie.com\/wp-content\/uploads\/2024\/09\/SOPHIA-BEIGE-SOFT-and-BRAZILIAN-REAR-683x1024.jpg\"  title=\"SOPHIA BEIGE SOFT and BRAZILIAN REAR\"  data-width=\"683\"  data-height=\"1024\" ><\/div><div class=\"rbs-img-data-popup\"  data-popup=\"https:\/\/www.paripari-lingerie.com\/wp-content\/uploads\/2024\/09\/SOPHIA-BEIGE-SOFT-and-BRAZILIAN-REAR-scaled.jpg\"  title=\"SOPHIA BEIGE SOFT and BRAZILIAN REAR\" ><\/div><div class=\"thumbnail-overlay\"><div class=\"rbsTitle \">SOPHIA BEIGE SOFT and BRAZILIAN REAR<\/div><div class=\"rbsIcons\"><i class=\"fa fa-search-plus rbsZoomIcon \" ><\/i><\/div><\/div><\/div><\/div><\/div><\/div><\/div><script>var rbs_gallery_69e3414ef109e = {\"version\":\"5.1.4\",\"id\":3506,\"class\":\"id3506\",\"roboGalleryDelay\":1000,\"mainContainer\":\"#robo_gallery_main_block_rbs_gallery_69e3414ef109e\",\"loadingContainer\":\"#rbs_gallery_69e3414ef109e-block-loader\",\"loadingContainerObj\":\"rbs_gallery_69e3414ef109e-block-loader\",\"columnWidth\":\"auto\",\"columns\":3,\"resolutions\":[{\"columnWidth\":\"auto\",\"columns\":3,\"maxWidth\":960},{\"columnWidth\":\"auto\",\"columns\":2,\"maxWidth\":650},{\"columnWidth\":\"auto\",\"columns\":1,\"maxWidth\":450}],\"lightboxOptions\":{\"gallery\":{\"enabled\":true,\"tCounter\":\"%curr% of %total%\"}},\"overlayEffect\":\"direction-aware-fade\",\"boxesToLoadStart\":12,\"boxesToLoad\":8,\"waitUntilThumbLoads\":1,\"LoadingWord\":\"Loading...\",\"loadMoreWord\":\"Load More\",\"noMoreEntriesWord\":\"No More Entries\",\"horizontalSpaceBetweenBoxes\":15,\"verticalSpaceBetweenBoxes\":15,\"lazyLoad\":1,\"wrapContainer\":\"#robo-gallery-wrap-rbs_gallery_69e3414ef109e\",\"filterContainer\":\"#rbs_gallery_69e3414ef109efilter\",\"loadMoreClass\":\"button-border-caution \"};<\/script><\/p>\n<p><p><a href=\"\/sizes-table\">Tabella taglie <strong>lingerie PariPari<\/strong><\/a><br \/>\n<\/p><br \/>\n<p><\/p>\n<table class=\"sizeTable\">\n<tbody>\n<tr>\n<td><b>REGGISENO PUSH-UP<\/b><\/td>\n<\/tr>\n<tr>\n<td>65&nbsp;&nbsp;CDEFGH<\/td>\n<\/tr>\n<tr>\n<td>70&nbsp;&nbsp;BCDEFG<\/td>\n<\/tr>\n<tr>\n<td>75&nbsp;&nbsp;ABCDEFGH<\/td>\n<\/tr>\n<tr>\n<td>80&nbsp;&nbsp;ABCDEFG<\/td>\n<\/tr>\n<tr>\n<td>85&nbsp;&nbsp;ABCDE<\/td>\n<\/tr>\n<tr>\n<td>90&nbsp;&nbsp;BCDE<\/td>\n<\/tr>\n<tr>\n<td>95&nbsp;&nbsp;BCD<\/td>\n<\/tr>\n<tr>\n<td>100&nbsp;&nbsp;BC<\/td>\n<\/tr>\n<tr>\n<td>105&nbsp;&nbsp;B<\/td>\n<\/tr>\n<tr>\n<td><b>REGGISENO SOFT<\/b><\/td>\n<\/tr>\n<tr>\n<td>65&nbsp;&nbsp;CDEFGH<\/td>\n<\/tr>\n<tr>\n<td>70&nbsp;&nbsp;BCDEFG<\/td>\n<\/tr>\n<tr>\n<td>75&nbsp;&nbsp;ABCDE<\/td>\n<\/tr>\n<tr>\n<td>80&nbsp;&nbsp;ABCDE<\/td>\n<\/tr>\n<tr>\n<td>85&nbsp;&nbsp;ABCD<\/td>\n<\/tr>\n<tr>\n<td>90&nbsp;&nbsp;BC<\/td>\n<\/tr>\n<tr>\n<td>95&nbsp;&nbsp;B<\/td>\n<\/tr>\n<tr>\n<td><b>MUTANDINE CLASSICHE<\/b><\/td>\n<\/tr>\n<tr>\n<td>S&nbsp;&nbsp;M&nbsp;&nbsp;L&nbsp;&nbsp;XL&nbsp;&nbsp;XXL&nbsp;&nbsp;XXXL<\/td>\n<\/tr>\n<tr>\n<td><b>BRASILIANE<\/b><\/td>\n<\/tr>\n<tr>\n<td>S&nbsp;&nbsp;M&nbsp;&nbsp;L&nbsp;&nbsp;XL&nbsp;&nbsp;XXL&nbsp;&nbsp;XXXL<\/td>\n<\/tr>\n<tr>\n<td><b>BRASILIANE A VITA ALTA (HW)<\/b><\/td>\n<\/tr>\n<tr>\n<td>S&nbsp;&nbsp;M&nbsp;&nbsp;L&nbsp;&nbsp;XL&nbsp;&nbsp;XXL&nbsp;&nbsp;XXXL<\/td>\n<\/tr>\n<\/tbody>\n<\/table>\n<p><\/p><\/p>\n<p><p><\/p>\n<div style=\"display: flex; align-items: center; gap: 15px; margin-top: 20px; width: 100%;\">\n    <img decoding=\"async\" src=\"https:\/\/www.paripari-lingerie.com\/wp-content\/uploads\/2024\/10\/handshake_icon.png\" alt=\"Icona collaborazione\" style=\"width: 50px; height: auto;\"\/><\/p>\n<div>\n        <b>Vuoi collaborare con noi e diventare un distributore di lingerie PariPari?<br \/>\n        <a href=\"https:\/\/www.paripari-lingerie.com\/cooperation-resell-paripari-lingerie-and-build-your-success-with-our-brand\/\">Trova maggiori informazioni qui<\/a>, contattaci \u2013 non vediamo l&#8217;ora di sentirti!<\/b>\n    <\/div>\n<\/div>\n<p><\/p><br \/>\n<\/p>","protected":false},"excerpt":{"rendered":"","protected":false},"author":1,"featured_media":0,"parent":1564,"menu_order":26,"comment_status":"closed","ping_status":"closed","template":"","meta":{"footnotes":""},"class_list":["post-3553","page","type-page","status-publish","czr-hentry"],"_links":{"self":[{"href":"https:\/\/www.paripari-lingerie.com\/it\/wp-json\/wp\/v2\/pages\/3553","targetHints":{"allow":["GET"]}}],"collection":[{"href":"https:\/\/www.paripari-lingerie.com\/it\/wp-json\/wp\/v2\/pages"}],"about":[{"href":"https:\/\/www.paripari-lingerie.com\/it\/wp-json\/wp\/v2\/types\/page"}],"author":[{"embeddable":true,"href":"https:\/\/www.paripari-lingerie.com\/it\/wp-json\/wp\/v2\/users\/1"}],"replies":[{"embeddable":true,"href":"https:\/\/www.paripari-lingerie.com\/it\/wp-json\/wp\/v2\/comments?post=3553"}],"version-history":[{"count":4,"href":"https:\/\/www.paripari-lingerie.com\/it\/wp-json\/wp\/v2\/pages\/3553\/revisions"}],"predecessor-version":[{"id":3806,"href":"https:\/\/www.paripari-lingerie.com\/it\/wp-json\/wp\/v2\/pages\/3553\/revisions\/3806"}],"up":[{"embeddable":true,"href":"https:\/\/www.paripari-lingerie.com\/it\/wp-json\/wp\/v2\/pages\/1564"}],"wp:attachment":[{"href":"https:\/\/www.paripari-lingerie.com\/it\/wp-json\/wp\/v2\/media?parent=3553"}],"curies":[{"name":"wp","href":"https:\/\/api.w.org\/{rel}","templated":true}]}}