{"id":3835,"date":"2025-05-26T13:20:03","date_gmt":"2025-05-26T12:20:03","guid":{"rendered":"https:\/\/www.paripari-lingerie.com\/?page_id=3835"},"modified":"2025-10-06T11:57:58","modified_gmt":"2025-10-06T10:57:58","slug":"laila-black-red","status":"publish","type":"page","link":"https:\/\/www.paripari-lingerie.com\/it\/collection\/laila-black-red\/","title":{"rendered":"LAILA NERO-ROSSO"},"content":{"rendered":"<p><br \/>\n<\/p>\n<p style=\"text-align: center;\"><style type=\"text\/css\" scoped>.rbs_gallery_69e2bacf66557Spinner{\r\n\t\t\t\tmargin: 50px auto;\r\n\t\t\t\twidth: 50px;\r\n\t\t\t\theight: 40px;\r\n\t\t\t\ttext-align: center;\r\n\t\t\t\tfont-size: 10px;\r\n\t\t\t}\r\n\t\t\t.rbs_gallery_69e2bacf66557Spinner > div{\r\n\t\t\t  background-color: #333;\r\n\t\t\t  height: 100%;\r\n\t\t\t  width: 6px;\r\n\t\t\t  display: inline-block;\r\n\t\t\t  -webkit-animation: rbs_gallery_69e2bacf66557-stretchdelay 1.2s infinite ease-in-out;\r\n\t\t\t  animation: rbs_gallery_69e2bacf66557-stretchdelay 1.2s infinite ease-in-out;\r\n\t\t\t}\r\n\t\t\t.rbs_gallery_69e2bacf66557Spinner .rbs_gallery_69e2bacf66557Rect2 {\r\n\t\t\t  -webkit-animation-delay: -1.1s;\r\n\t\t\t  animation-delay: -1.1s;\r\n\t\t\t}\r\n\t\t\t.rbs_gallery_69e2bacf66557Spinner .rbs_gallery_69e2bacf66557Rect3 {\r\n\t\t\t  -webkit-animation-delay: -1.0s;\r\n\t\t\t  animation-delay: -1.0s;\r\n\t\t\t}\r\n\t\t\t.rbs_gallery_69e2bacf66557Spinner .rbs_gallery_69e2bacf66557Rect4 {\r\n\t\t\t  -webkit-animation-delay: -0.9s;\r\n\t\t\t  animation-delay: -0.9s;\r\n\t\t\t}\r\n\t\t\t.rbs_gallery_69e2bacf66557Spinner .rbs_gallery_69e2bacf66557Rect5 {\r\n\t\t\t  -webkit-animation-delay: -0.8s;\r\n\t\t\t  animation-delay: -0.8s;\r\n\t\t\t}\r\n\t\t\t@-webkit-keyframes rbs_gallery_69e2bacf66557-stretchdelay {\r\n\t\t\t  0%, 40%, 100% { -webkit-transform: scaleY(0.4) }  \r\n\t\t\t  20% { -webkit-transform: scaleY(1.0) }\r\n\t\t\t}\r\n\t\t\t@keyframes rbs_gallery_69e2bacf66557-stretchdelay {\r\n\t\t\t  0%, 40%, 100% { \r\n\t\t\t    transform: scaleY(0.4);\r\n\t\t\t    -webkit-transform: scaleY(0.4);\r\n\t\t\t  }  20% { \r\n\t\t\t    transform: scaleY(1.0);\r\n\t\t\t    -webkit-transform: scaleY(1.0);\r\n\t\t\t  }\r\n\t\t\t}\r\n\t\t<\/style><div class=\"robo-gallery-wrap robo-gallery-wrap-id3842 robo-gallery-\" ><div id=\"rbs_gallery_69e2bacf66557-block-loader\" class=\"rbs_gallery_69e2bacf66557Spinner\"><div class=\"rbs_gallery_69e2bacf66557Rect1\"><\/div> <div class=\"rbs_gallery_69e2bacf66557Rect2\"><\/div> <div class=\"rbs_gallery_69e2bacf66557Rect3\"><\/div> <div class=\"rbs_gallery_69e2bacf66557Rect4\"><\/div> <div class=\"rbs_gallery_69e2bacf66557Rect5\"><\/div><\/div><div class=\"rbs_gallery_button  rbs_gallery_align_left\" id=\"rbs_gallery_69e2bacf66557filter\" style=\" display: none;\" ><a class=\"button button-border-caution  \" href=\"#\" data-filter=\"*\">All<\/a><\/div><div id=\"robo_gallery_main_block_rbs_gallery_69e2bacf66557\" class=\"robogallery-gallery-3842\" style=\"width:100%;  display: none;\"><div id=\"rbs_gallery_69e2bacf66557\" data-options=\"rbs_gallery_69e2bacf66557\" style=\"width:100%;\" class=\"robo_gallery  \"><div class=\"rbs-img  category3842 \" ><div class=\"rbs-img-image   rbs-lightbox \" ><div class=\"rbs-img-thumbs\"  data-thumbnail=\"https:\/\/www.paripari-lingerie.com\/wp-content\/uploads\/2025\/10\/LAILA_BLACK-RED_BRA_SOFT_FRONT-1-683x1024.jpg\"  title=\"LAILA_BLACK-RED_BRA_SOFT_FRONT\"  data-width=\"683\"  data-height=\"1024\" ><\/div><div class=\"rbs-img-data-popup\"  data-popup=\"https:\/\/www.paripari-lingerie.com\/wp-content\/uploads\/2025\/10\/LAILA_BLACK-RED_BRA_SOFT_FRONT-1.jpg\"  title=\"LAILA_BLACK-RED_BRA_SOFT_FRONT\" ><\/div><div class=\"thumbnail-overlay\"><div class=\"rbsTitle \">LAILA_BLACK-RED_BRA_SOFT_FRONT<\/div><div class=\"rbsIcons\"><i class=\"fa fa-search-plus rbsZoomIcon \" ><\/i><\/div><\/div><\/div><\/div><div class=\"rbs-img  category3842 \" ><div class=\"rbs-img-image   rbs-lightbox \" ><div class=\"rbs-img-thumbs\"  data-thumbnail=\"https:\/\/www.paripari-lingerie.com\/wp-content\/uploads\/2025\/05\/LAILA_BLACK-RED_BRA_PUSH-UP_FRONT-684x1024.jpg\"  title=\"LAILA_BLACK-RED_BRA_PUSH-UP_FRONT\"  data-width=\"684\"  data-height=\"1024\" ><\/div><div class=\"rbs-img-data-popup\"  data-popup=\"https:\/\/www.paripari-lingerie.com\/wp-content\/uploads\/2025\/05\/LAILA_BLACK-RED_BRA_PUSH-UP_FRONT.jpg\"  title=\"LAILA_BLACK-RED_BRA_PUSH-UP_FRONT\" ><\/div><div class=\"thumbnail-overlay\"><div class=\"rbsTitle \">LAILA_BLACK-RED_BRA_PUSH-UP_FRONT<\/div><div class=\"rbsIcons\"><i class=\"fa fa-search-plus rbsZoomIcon \" ><\/i><\/div><\/div><\/div><\/div><div class=\"rbs-img  category3842 \" ><div class=\"rbs-img-image   rbs-lightbox \" ><div class=\"rbs-img-thumbs\"  data-thumbnail=\"https:\/\/www.paripari-lingerie.com\/wp-content\/uploads\/2025\/10\/LAILA_BLACK-RED_PANTY_FULL_FRONT-1-683x1024.jpg\"  title=\"LAILA_BLACK-RED_PANTY_FULL_FRONT\"  data-width=\"683\"  data-height=\"1024\" ><\/div><div class=\"rbs-img-data-popup\"  data-popup=\"https:\/\/www.paripari-lingerie.com\/wp-content\/uploads\/2025\/10\/LAILA_BLACK-RED_PANTY_FULL_FRONT-1.jpg\"  title=\"LAILA_BLACK-RED_PANTY_FULL_FRONT\" ><\/div><div class=\"thumbnail-overlay\"><div class=\"rbsTitle \">LAILA_BLACK-RED_PANTY_FULL_FRONT<\/div><div class=\"rbsIcons\"><i class=\"fa fa-search-plus rbsZoomIcon \" ><\/i><\/div><\/div><\/div><\/div><div class=\"rbs-img  category3842 \" ><div class=\"rbs-img-image   rbs-lightbox \" ><div class=\"rbs-img-thumbs\"  data-thumbnail=\"https:\/\/www.paripari-lingerie.com\/wp-content\/uploads\/2025\/10\/LAILA_BLACK-RED_PANTY_FULL_REAR-1-683x1024.jpg\"  title=\"LAILA_BLACK-RED_PANTY_FULL_REAR\"  data-width=\"683\"  data-height=\"1024\" ><\/div><div class=\"rbs-img-data-popup\"  data-popup=\"https:\/\/www.paripari-lingerie.com\/wp-content\/uploads\/2025\/10\/LAILA_BLACK-RED_PANTY_FULL_REAR-1.jpg\"  title=\"LAILA_BLACK-RED_PANTY_FULL_REAR\" ><\/div><div class=\"thumbnail-overlay\"><div class=\"rbsTitle \">LAILA_BLACK-RED_PANTY_FULL_REAR<\/div><div class=\"rbsIcons\"><i class=\"fa fa-search-plus rbsZoomIcon \" ><\/i><\/div><\/div><\/div><\/div><div class=\"rbs-img  category3842 \" ><div class=\"rbs-img-image   rbs-lightbox \" ><div class=\"rbs-img-thumbs\"  data-thumbnail=\"https:\/\/www.paripari-lingerie.com\/wp-content\/uploads\/2025\/05\/LAILA_BLACK-RED_PANTY_BRAZIL_HW_FRONT-684x1024.jpg\"  title=\"LAILA_BLACK-RED_PANTY_BRAZIL_HW_FRONT\"  data-width=\"684\"  data-height=\"1024\" ><\/div><div class=\"rbs-img-data-popup\"  data-popup=\"https:\/\/www.paripari-lingerie.com\/wp-content\/uploads\/2025\/05\/LAILA_BLACK-RED_PANTY_BRAZIL_HW_FRONT.jpg\"  title=\"LAILA_BLACK-RED_PANTY_BRAZIL_HW_FRONT\" ><\/div><div class=\"thumbnail-overlay\"><div class=\"rbsTitle \">LAILA_BLACK-RED_PANTY_BRAZIL_HW_FRONT<\/div><div class=\"rbsIcons\"><i class=\"fa fa-search-plus rbsZoomIcon \" ><\/i><\/div><\/div><\/div><\/div><div class=\"rbs-img  category3842 \" ><div class=\"rbs-img-image   rbs-lightbox \" ><div class=\"rbs-img-thumbs\"  data-thumbnail=\"https:\/\/www.paripari-lingerie.com\/wp-content\/uploads\/2025\/05\/LAILA_BLACK-RED_PANTY_BRAZIL_HW_REAR-683x1024.jpg\"  title=\"LAILA_BLACK-RED_PANTY_BRAZIL_HW_REAR\"  data-width=\"683\"  data-height=\"1024\" ><\/div><div class=\"rbs-img-data-popup\"  data-popup=\"https:\/\/www.paripari-lingerie.com\/wp-content\/uploads\/2025\/05\/LAILA_BLACK-RED_PANTY_BRAZIL_HW_REAR.jpg\"  title=\"LAILA_BLACK-RED_PANTY_BRAZIL_HW_REAR\" ><\/div><div class=\"thumbnail-overlay\"><div class=\"rbsTitle \">LAILA_BLACK-RED_PANTY_BRAZIL_HW_REAR<\/div><div class=\"rbsIcons\"><i class=\"fa fa-search-plus rbsZoomIcon \" ><\/i><\/div><\/div><\/div><\/div><div class=\"rbs-img  category3842 \" ><div class=\"rbs-img-image   rbs-lightbox \" ><div class=\"rbs-img-thumbs\"  data-thumbnail=\"https:\/\/www.paripari-lingerie.com\/wp-content\/uploads\/2025\/05\/LAILA_BLACK-RED_PANTY_FULL_HW_FRONT-683x1024.jpg\"  title=\"LAILA_BLACK-RED_PANTY_FULL_HW_FRONT\"  data-width=\"683\"  data-height=\"1024\" ><\/div><div class=\"rbs-img-data-popup\"  data-popup=\"https:\/\/www.paripari-lingerie.com\/wp-content\/uploads\/2025\/05\/LAILA_BLACK-RED_PANTY_FULL_HW_FRONT.jpg\"  title=\"LAILA_BLACK-RED_PANTY_FULL_HW_FRONT\" ><\/div><div class=\"thumbnail-overlay\"><div class=\"rbsTitle \">LAILA_BLACK-RED_PANTY_FULL_HW_FRONT<\/div><div class=\"rbsIcons\"><i class=\"fa fa-search-plus rbsZoomIcon \" ><\/i><\/div><\/div><\/div><\/div><div class=\"rbs-img  category3842 \" ><div class=\"rbs-img-image   rbs-lightbox \" ><div class=\"rbs-img-thumbs\"  data-thumbnail=\"https:\/\/www.paripari-lingerie.com\/wp-content\/uploads\/2025\/05\/LAILA_BLACK-RED_PANTY_FULL_HW_REAR-683x1024.jpg\"  title=\"LAILA_BLACK-RED_PANTY_FULL_HW_REAR\"  data-width=\"683\"  data-height=\"1024\" ><\/div><div class=\"rbs-img-data-popup\"  data-popup=\"https:\/\/www.paripari-lingerie.com\/wp-content\/uploads\/2025\/05\/LAILA_BLACK-RED_PANTY_FULL_HW_REAR.jpg\"  title=\"LAILA_BLACK-RED_PANTY_FULL_HW_REAR\" ><\/div><div class=\"thumbnail-overlay\"><div class=\"rbsTitle \">LAILA_BLACK-RED_PANTY_FULL_HW_REAR<\/div><div class=\"rbsIcons\"><i class=\"fa fa-search-plus rbsZoomIcon \" ><\/i><\/div><\/div><\/div><\/div><\/div><\/div><\/div><script>var rbs_gallery_69e2bacf66557 = {\"version\":\"5.1.4\",\"id\":3842,\"class\":\"id3842\",\"roboGalleryDelay\":1000,\"mainContainer\":\"#robo_gallery_main_block_rbs_gallery_69e2bacf66557\",\"loadingContainer\":\"#rbs_gallery_69e2bacf66557-block-loader\",\"loadingContainerObj\":\"rbs_gallery_69e2bacf66557-block-loader\",\"columnWidth\":\"auto\",\"columns\":3,\"resolutions\":[{\"columnWidth\":\"auto\",\"columns\":3,\"maxWidth\":960},{\"columnWidth\":\"auto\",\"columns\":2,\"maxWidth\":650},{\"columnWidth\":\"auto\",\"columns\":1,\"maxWidth\":450}],\"lightboxOptions\":{\"gallery\":{\"enabled\":true,\"tCounter\":\"%curr% of %total%\"}},\"overlayEffect\":\"direction-aware-fade\",\"boxesToLoadStart\":12,\"boxesToLoad\":8,\"waitUntilThumbLoads\":1,\"LoadingWord\":\"Loading...\",\"loadMoreWord\":\"Load More\",\"noMoreEntriesWord\":\"No More Entries\",\"horizontalSpaceBetweenBoxes\":15,\"verticalSpaceBetweenBoxes\":15,\"lazyLoad\":1,\"wrapContainer\":\"#robo-gallery-wrap-rbs_gallery_69e2bacf66557\",\"filterContainer\":\"#rbs_gallery_69e2bacf66557filter\",\"loadMoreClass\":\"button-border-caution \"};<\/script><\/p>\n<p><\/p>\n<div class=\"product-description\">\n<p><strong>LAILA \u2013 eleganza per ogni giorno<\/strong><\/p>\n<p>  <!-- SOFT --><\/p>\n<p><strong>Reggiseno SOFT (non imbottito)<\/strong><\/p>\n<p>\n    Reggiseno morbido in pizzo floreale e microfibra liscia, per una forma naturale e un comfort eccezionale.<br \/>\n    La parte superiore della coppa \u00e8 in tulle trasparente, mentre la parte inferiore \u00e8 in pizzo foderato con tulle per maggiore stabilit\u00e0.<br \/>\n    La struttura garantisce un ottimo sostegno anche per seni pi\u00f9 grandi. Disponibile fino alla taglia <strong>115B<\/strong>.\n  <\/p>\n<ul>\n<li>Sagomatura naturale e supporto delicato.<\/li>\n<li>Spalline regolabili e non rimovibili.<\/li>\n<li>Fianchi lisci \u2013 invisibili sotto i vestiti.<\/li>\n<\/ul>\n<p>  <!-- PUSH --><\/p>\n<p><strong>Reggiseno PUSH-UP<\/strong><\/p>\n<p>\n    Reggiseno push-up sensuale in pizzo floreale, pensato per le donne che amano il comfort e l\u2019eleganza.<br \/>\n    Coppe leggermente imbottite con inserti rimovibili sollevano e modellano il seno, valorizzando la scollatura.<br \/>\n    I lati lisci si adattano perfettamente sotto gli abiti, mentre le spalline regolabili assicurano un sostegno stabile.<br \/>\n    Perfetto sia per l\u2019uso quotidiano che per le occasioni speciali.\n  <\/p>\n<p>  <!-- FULL --><\/p>\n<p><strong>Slip FULL (classico)<\/strong><\/p>\n<p>\n    Slip classico che combina comfort e stile femminile.<br \/>\n    Il retro in microfibra liscia rimane invisibile sotto i vestiti,<br \/>\n    mentre il davanti \u00e8 decorato con pizzo floreale e due inserti triangolari in tulle trasparente per un tocco di leggerezza.<br \/>\n    Un piccolo fiore al centro completa il design. Disponibile fino alla taglia <strong>5XL<\/strong>.\n  <\/p>\n<p>  <!-- BRAZIL HW --><\/p>\n<p><strong>Slip BRAZIL HW (brasiliano a vita alta)<\/strong><\/p>\n<p>\n    Slip brasiliano a vita alta sensuale e confortevole.<br \/>\n    Il retro in pizzo e tulle avvolge delicatamente le curve senza segnare,<br \/>\n    mentre il davanti in pizzo floreale e tulle trasparente snellisce visivamente la figura.<br \/>\n    Completato da un piccolo fiore al centro per un tocco raffinato.\n  <\/p>\n<p>  <!-- FULL HW --><\/p>\n<p><strong>Slip FULL HW (a vita alta)<\/strong><\/p>\n<p>\n    Slip a vita alta che unisce comodit\u00e0 e femminilit\u00e0.<br \/>\n    Il retro in microfibra liscia e il davanti in pizzo floreale con due inserti triangolari in tulle trasparente donano leggerezza e grazia.<br \/>\n    Un delicato fiore al centro aggiunge un dettaglio elegante e discreto.\n  <\/p>\n<\/div>\n<p><\/p>\n<p><\/p>\n<table class=\"sizeTable\">\n<tbody>\n<tr>\n<td><b>REGGISENO PUSH-UP<\/b><\/td>\n<\/tr>\n<tr>\n<td>65&nbsp;&nbsp;CDEFGH<\/td>\n<\/tr>\n<tr>\n<td>70&nbsp;&nbsp;BCDEFG<\/td>\n<\/tr>\n<tr>\n<td>75&nbsp;&nbsp;ABCDEFGH<\/td>\n<\/tr>\n<tr>\n<td>80&nbsp;&nbsp;ABCDEFG<\/td>\n<\/tr>\n<tr>\n<td>85&nbsp;&nbsp;ABCDEF<\/td>\n<\/tr>\n<tr>\n<td>90&nbsp;&nbsp;BCDE<\/td>\n<\/tr>\n<tr>\n<td>95&nbsp;&nbsp;BCD<\/td>\n<\/tr>\n<tr>\n<td>100&nbsp;&nbsp;BC<\/td>\n<\/tr>\n<tr>\n<td>105&nbsp;&nbsp;B<\/td>\n<\/tr>\n<tr>\n<td><b>REGGISENO MORBIDO<\/b><\/td>\n<\/tr>\n<tr>\n<td>65&nbsp;&nbsp;DEFGH<\/td>\n<\/tr>\n<tr>\n<td>70&nbsp;&nbsp;CDEFG<\/td>\n<\/tr>\n<tr>\n<td>75&nbsp;&nbsp;BCDEFGHIJ<\/td>\n<\/tr>\n<tr>\n<td>80&nbsp;&nbsp;ABCDEFGHI<\/td>\n<\/tr>\n<tr>\n<td>85&nbsp;&nbsp;ABCDEFGH<\/td>\n<\/tr>\n<tr>\n<td>90&nbsp;&nbsp;BCDEFG<\/td>\n<\/tr>\n<tr>\n<td>95&nbsp;&nbsp;BCDEF<\/td>\n<\/tr>\n<tr>\n<td>100&nbsp;&nbsp;BCDE<\/td>\n<\/tr>\n<tr>\n<td>105&nbsp;&nbsp;BCD<\/td>\n<\/tr>\n<tr>\n<td>110&nbsp;&nbsp;BC<\/td>\n<\/tr>\n<tr>\n<td>115&nbsp;&nbsp;B<\/td>\n<\/tr>\n<tr>\n<td><b>SLIP CLASSICO<\/b><\/td>\n<\/tr>\n<tr>\n<td>S&nbsp;&nbsp;M&nbsp;&nbsp;L&nbsp;&nbsp;XL&nbsp;&nbsp;XXL&nbsp;&nbsp;XXXL&nbsp;&nbsp;4XL&nbsp;&nbsp;5XL<\/td>\n<\/tr>\n<tr>\n<td><b>SLIP A VITA ALTA (HW)<\/b><\/td>\n<\/tr>\n<tr>\n<td>S&nbsp;&nbsp;M&nbsp;&nbsp;L&nbsp;&nbsp;XL&nbsp;&nbsp;XXL&nbsp;&nbsp;XXXL<\/td>\n<\/tr>\n<tr>\n<td><b>BRASILIANA A VITA ALTA (HW)<\/b><\/td>\n<\/tr>\n<tr>\n<td>S&nbsp;&nbsp;M&nbsp;&nbsp;L&nbsp;&nbsp;XL&nbsp;&nbsp;XXL&nbsp;&nbsp;XXXL<\/td>\n<\/tr>\n<\/tbody>\n<\/table>\n<p><\/p>\n<p><p><\/p>\n<div style=\"display: flex; align-items: center; gap: 15px; margin-top: 20px; width: 100%;\">\n    <img decoding=\"async\" src=\"https:\/\/www.paripari-lingerie.com\/wp-content\/uploads\/2024\/10\/handshake_icon.png\" alt=\"Icona collaborazione\" style=\"width: 50px; height: auto;\"\/><\/p>\n<div>\n        <b>Vuoi collaborare con noi e diventare un distributore di lingerie PariPari?<br \/>\n        <a href=\"https:\/\/www.paripari-lingerie.com\/cooperation-resell-paripari-lingerie-and-build-your-success-with-our-brand\/\">Trova maggiori informazioni qui<\/a>, contattaci \u2013 non vediamo l&#8217;ora di sentirti!<\/b>\n    <\/div>\n<\/div>\n<p><\/p><br \/>\n <\/p>\n","protected":false},"excerpt":{"rendered":"","protected":false},"author":1,"featured_media":0,"parent":1564,"menu_order":21,"comment_status":"closed","ping_status":"closed","template":"","meta":{"footnotes":""},"class_list":["post-3835","page","type-page","status-publish","czr-hentry"],"_links":{"self":[{"href":"https:\/\/www.paripari-lingerie.com\/it\/wp-json\/wp\/v2\/pages\/3835","targetHints":{"allow":["GET"]}}],"collection":[{"href":"https:\/\/www.paripari-lingerie.com\/it\/wp-json\/wp\/v2\/pages"}],"about":[{"href":"https:\/\/www.paripari-lingerie.com\/it\/wp-json\/wp\/v2\/types\/page"}],"author":[{"embeddable":true,"href":"https:\/\/www.paripari-lingerie.com\/it\/wp-json\/wp\/v2\/users\/1"}],"replies":[{"embeddable":true,"href":"https:\/\/www.paripari-lingerie.com\/it\/wp-json\/wp\/v2\/comments?post=3835"}],"version-history":[{"count":3,"href":"https:\/\/www.paripari-lingerie.com\/it\/wp-json\/wp\/v2\/pages\/3835\/revisions"}],"predecessor-version":[{"id":3922,"href":"https:\/\/www.paripari-lingerie.com\/it\/wp-json\/wp\/v2\/pages\/3835\/revisions\/3922"}],"up":[{"embeddable":true,"href":"https:\/\/www.paripari-lingerie.com\/it\/wp-json\/wp\/v2\/pages\/1564"}],"wp:attachment":[{"href":"https:\/\/www.paripari-lingerie.com\/it\/wp-json\/wp\/v2\/media?parent=3835"}],"curies":[{"name":"wp","href":"https:\/\/api.w.org\/{rel}","templated":true}]}}