{"id":1839,"date":"2016-11-02T19:21:44","date_gmt":"2016-11-02T19:21:44","guid":{"rendered":"http:\/\/www.paripari-lingerie.com\/beta_\/?page_id=1839"},"modified":"2024-12-20T00:21:02","modified_gmt":"2024-12-19T23:21:02","slug":"strona-glowna","status":"publish","type":"page","link":"https:\/\/www.paripari-lingerie.com\/pl\/","title":{"rendered":"Strona g\u0142\u00f3wna"},"content":{"rendered":"<p><\/p>\n<div id=\"MainDivBottomText\">\n<h1>Bielizna PariPari<\/h1>\n<p>PariPari to nowoczesna marka bielizny damskiej, \u0142\u0105cz\u0105ca blisko 30-letnie do\u015bwiadczenie w bran\u017cy bieli\u017aniarskiej w Polsce i za granic\u0105 z otwarto\u015bci\u0105 na nowe trendy, oryginalne pomys\u0142y i ciekawe rozwi\u0105zania. Produkty PariPari to najwy\u017cszej jako\u015bci propozycja zar\u00f3wno dla drobnych kobiet, jak i pa\u0144 nosz\u0105cych wi\u0119ksze rozmiary. W naszej kolekcji znajdziecie Pa\u0144stwo klasyczne komplety bielizny, pasy do po\u0144czoch, koszulki, koszulki nocne, figi, stringi, figi z wysokim stanem, oryginalne majtki oraz biustonosze mi\u0119kkie i push-up. Dla mam karmi\u0105cych oferujemy r\u00f3wnie\u017c model z odpinanym rami\u0105czkiem \u2013 Jasmine.<\/p>\n<h2>Polska bielizna<\/h2>\n<p>Bielizna PariPari to synonim wysokiej jako\u015bci. Jako producent bielizny, nasze unikalne wzory szyjemy w Polsce, korzystaj\u0105c z najlepszych materia\u0142\u00f3w, takich jak pi\u0119kne i eleganckie koronki, unikalne hafty, mi\u0119kki tiul oraz wygodna, komfortowa mikrofibra. Ka\u017cdy detal naszych produkt\u00f3w powstaje z dba\u0142o\u015bci\u0105 o najwy\u017csz\u0105 jako\u015b\u0107. Bielizna PariPari, dzi\u0119ki swojemu niepowtarzalnemu stylowi, jest idealnym prezentem dla ka\u017cdej wyj\u0105tkowej kobiety, zar\u00f3wno na co dzie\u0144, jak i na szczeg\u00f3lne okazje, takie jak zar\u0119czyny, urodziny, \u015bwi\u0119ta, walentynki czy \u015blub.<\/p>\n<h2>Seksowna bielizna<\/h2>\n<p>Jeste\u015bmy przekonani, \u017ce ekskluzywna bielizna PariPari spe\u0142nia marzenia kobiet i cieszy m\u0119\u017cczyzn jako seksowna bielizna damska. Aby dodatkowo podkre\u015bli\u0107 pi\u0119kno naszych modeli, opracowali\u015bmy unikalne opakowania, kt\u00f3re uk\u0142adaj\u0105 si\u0119 w eleganck\u0105 piramid\u0119. Wystarczy doda\u0107 wst\u0105\u017ck\u0119, aby stworzy\u0107 wyj\u0105tkowy prezent, kt\u00f3ry zachwyca zar\u00f3wno swoj\u0105 form\u0105, jak i \u2013 co najwa\u017cniejsze \u2013 tym, co kryje si\u0119 w \u015brodku.\n<\/p><\/div>\n<p style=\"text-align: right;\"><p><a href=\"https:\/\/www.paripari-lingerie.com\/paripari-privacy-policy\/\">Polityka prywatno\u015bci, RODO<\/a><br \/>\n<\/p><\/p>\n<p><\/p>","protected":false},"excerpt":{"rendered":"<p>Bielizna PariPari PariPari to nowoczesna marka bielizny damskiej, \u0142\u0105cz\u0105ca blisko 30-letnie do\u015bwiadczenie w bran\u017cy bieli\u017aniarskiej w Polsce i za granic\u0105 z otwarto\u015bci\u0105 na nowe trendy, oryginalne pomys\u0142y i ciekawe rozwi\u0105zania. Produkty PariPari to najwy\u017cszej jako\u015bci propozycja zar\u00f3wno dla drobnych kobiet, jak i pa\u0144 nosz\u0105cych wi\u0119ksze rozmiary. W naszej kolekcji znajdziecie Pa\u0144stwo klasyczne komplety bielizny, pasy [&hellip;]<\/p>\n","protected":false},"author":1,"featured_media":0,"parent":0,"menu_order":2,"comment_status":"closed","ping_status":"closed","template":"","meta":{"footnotes":""},"class_list":["post-1839","page","type-page","status-publish","czr-hentry"],"_links":{"self":[{"href":"https:\/\/www.paripari-lingerie.com\/pl\/wp-json\/wp\/v2\/pages\/1839","targetHints":{"allow":["GET"]}}],"collection":[{"href":"https:\/\/www.paripari-lingerie.com\/pl\/wp-json\/wp\/v2\/pages"}],"about":[{"href":"https:\/\/www.paripari-lingerie.com\/pl\/wp-json\/wp\/v2\/types\/page"}],"author":[{"embeddable":true,"href":"https:\/\/www.paripari-lingerie.com\/pl\/wp-json\/wp\/v2\/users\/1"}],"replies":[{"embeddable":true,"href":"https:\/\/www.paripari-lingerie.com\/pl\/wp-json\/wp\/v2\/comments?post=1839"}],"version-history":[{"count":9,"href":"https:\/\/www.paripari-lingerie.com\/pl\/wp-json\/wp\/v2\/pages\/1839\/revisions"}],"predecessor-version":[{"id":3729,"href":"https:\/\/www.paripari-lingerie.com\/pl\/wp-json\/wp\/v2\/pages\/1839\/revisions\/3729"}],"wp:attachment":[{"href":"https:\/\/www.paripari-lingerie.com\/pl\/wp-json\/wp\/v2\/media?parent=1839"}],"curies":[{"name":"wp","href":"https:\/\/api.w.org\/{rel}","templated":true}]}}