{"id":1885,"date":"2017-11-09T16:58:00","date_gmt":"2017-11-09T15:58:00","guid":{"rendered":"http:\/\/www.paripari-lingerie.com\/beta_\/?page_id=1885"},"modified":"2024-12-20T00:25:15","modified_gmt":"2024-12-19T23:25:15","slug":"paripari-privacy-policy","status":"publish","type":"page","link":"https:\/\/www.paripari-lingerie.com\/pl\/paripari-privacy-policy\/","title":{"rendered":"Polityka prywatno\u015bci witryny PariPariPolityka prywatno\u015bci witryny PariPari"},"content":{"rendered":"<p><\/p>\n<div id=\"MainDiv\">\n<p>Na stronie internetowej PariPari udost\u0119pnione s\u0105 odno\u015bniki (linki) do serwis\u00f3w zewn\u0119trznych, na kt\u00f3rych nie obowi\u0105zuje niniejsza polityka. Firma PariPari sp. z o.o. (dalej \u201ePariPari\u201d) nie ponosi odpowiedzialno\u015bci za zasady przestrzegania prywatno\u015bci obowi\u0105zuj\u0105ce na tych stronach. Zalecamy zapoznanie si\u0119 z tre\u015bci\u0105 zasad na poszczeg\u00f3lnych serwisach www.<\/p>\n<p><strong>Dane o charakterze nieosobowym<\/strong><\/p>\n<p>Firma PariPari jest zobowi\u0105zana do ochrony prywatno\u015bci tego serwisu. Serwis internetowy wykorzystuje mechanizm tzw. \u201ecookies\u201d (ciasteczka). Wi\u0119cej informacji na temat mechanizmu \u201ecookies\u201d znajduje si\u0119 w odr\u0119bnej polityce prywatno\u015bci i wykorzystania plik\u00f3w \u201ecookies\u201d w serwisach internetowych PariPari sp. z o.o.<\/p>\n<h2>Polityka prywatno\u015bci i wykorzystania plik\u00f3w cookies w serwisach internetowych PariPari sp. z o.o.<\/h2>\n<p>Gromadzone, w dziennikach log\u00f3w, dane s\u0105 wykorzystywane tylko i wy\u0142\u0105cznie do cel\u00f3w administrowania serwisem. Nie zabiegamy o identyfikacj\u0119 u\u017cytkownik\u00f3w stron nale\u017c\u0105cych do PariPari sp. z o.o.<\/p>\n<p><strong>Gromadzenie danych<\/strong><\/p>\n<p>Zgodnie z przyj\u0119t\u0105 praktyk\u0105 wi\u0119kszo\u015bci serwis\u00f3w WWW, przechowujemy zapytania HTTP kierowane do naszego serwera. Oznacza to, \u017ce znamy publiczne adresy IP, z kt\u00f3rych u\u017cytkownicy przegl\u0105daj\u0105 tre\u015bci informacyjne naszych serwis\u00f3w. Przegl\u0105dane zasoby identyfikowane s\u0105 poprzez adresy URL.<\/p>\n<p>Dane te nie s\u0105 kojarzone z konkretnymi osobami przegl\u0105daj\u0105cymi serwisy firmy PariPari sp. z o.o.<\/p>\n<p><strong>Wykorzystywanie danych<\/strong><\/p>\n<p>Zebrane logi przechowywane s\u0105 w celu administrowania serwisem. Informacje w nich zawarte nie s\u0105 ujawniane nikomu poza osobami upowa\u017cnionymi do administrowania serwerami firmy PariPari sp. z o.o. Na podstawie plik\u00f3w log\u00f3w mog\u0105 by\u0107 generowane statystyki stanowi\u0105ce pomoc w administrowaniu. Zbiorcze podsumowania w postaci takich statystyk nie zawieraj\u0105 \u017cadnych cech identyfikuj\u0105cych osoby odwiedzaj\u0105ce serwis.<\/p>\n<p><strong>Mechanizm Cookies na stronach internetowych PariPari sp. z o.o.<\/strong><\/p>\n<p>Mechanizm Cookies nie jest wykorzystywany do pozyskiwania jakichkolwiek informacji o u\u017cytkownikach serwisu ani \u015bledzenia ich nawigacji. Pliki Cookies stosowane w serwisach nale\u017c\u0105cych do PariPari sp. z o.o. nie przechowuj\u0105 \u017cadnych danych osobowych u\u017cytkownik\u00f3w. Pliki Cookies wykorzystywane s\u0105 do podtrzymania sesji mi\u0119dzy przegl\u0105dark\u0105 a serwerem (pliki Cookies usuwane s\u0105 po zamkni\u0119ciu przegl\u0105darki) oraz do zapami\u0119tania ostatniej wybranej wersji j\u0119zykowej serwisu.<\/p>\n<p><strong>Czym s\u0105 pliki Cookies?\u00a0<\/strong><\/p>\n<p>Cookies to niewielkie \u0091porcje\u0092 informacji, zapisywane przez Twoj\u0105 przegl\u0105dark\u0119. Dzi\u0119ki cookies strony internetowe pami\u0119taj\u0105 Twoje preferencje.<\/p>\n<p><strong>W jaki spos\u00f3b mo\u017cna zarz\u0105dza\u0107 plikami Cookies:<\/strong><\/p>\n<p>Je\u015bli u\u017cytkownik nie chce otrzymywa\u0107 plik\u00f3w cookie, mo\u017ce zmieni\u0107 ustawienia przegl\u0105darki. Nale\u017cy zwr\u00f3ci\u0107 uwag\u0119 i\u017c wy\u0142\u0105czenie obs\u0142ugi plik\u00f3w cookies niezb\u0119dnych dla Rejestracji, Bezpiecze\u0144stwa, utrzymania Preferencji U\u017cytkownika, utrudni korzystanie z witryn PariPari sp. z o.o., w skrajnych przypadkach mo\u017ce uniemo\u017cliwi\u0107 korzystanie ze stron www.<\/p>\n<p>W celu zarz\u0105dzania ustawienia cookies nale\u017cy wybra\u0107 z listy poni\u017cej u\u017cywan\u0105 przegl\u0105dark\u0119 internetow\u0105 i post\u0119powa\u0107 zgodnie z instrukcjami:<br \/>\n\u00b7 Internet Explorer &#8211;\u00a0<a href=\"http:\/\/support.microsoft.com\/kb\/196955\" target=\"_blank\" rel=\"noopener noreferrer\">http:\/\/support.microsoft.com\/kb\/196955<\/a><br \/>\n\u00b7 Chrome &#8211;\u00a0<a href=\"http:\/\/support.google.com\/chrome\/bin\/answer.py?hl=pl&amp;answer=95647\" target=\"_blank\" rel=\"noopener noreferrer\">http:\/\/support.google.com\/chrome\/bin\/answer.py?hl=pl&amp;answer=95647<\/a><br \/>\n\u00b7 Safari &#8211;\u00a0<a href=\"http:\/\/support.apple.com\/kb\/PH5042\" target=\"_blank\" rel=\"noopener noreferrer\">http:\/\/support.apple.com\/kb\/PH5042<\/a><br \/>\n\u00b7 Firefox &#8211;\u00a0<a href=\"http:\/\/support.mozilla.org\/pl\/kb\/W%C5%82%C4%85czanie%20i%20wy%C5%82%C4%85czanie%20obs%C5%82ugi%20ciasteczek\" target=\"_blank\" rel=\"noopener noreferrer\">http:\/\/support.mozilla.org\/pl\/kb\/W%C5%82%C4%85czanie%20i%20wy%C5%82%C4%85czanie%20obs%C5%82ugi%20ciasteczek<\/a><br \/>\n\u00b7 Opera &#8211;\u00a0<a href=\"http:\/\/help.opera.com\/Windows\/12.10\/pl\/cookies.html\" target=\"_blank\" rel=\"noopener noreferrer\">http:\/\/help.opera.com\/Windows\/12.10\/pl\/cookies.html<\/a><\/p>\n<p>Urz\u0105dzenia przeno\u015bne:<br \/>\n\u00b7 Android &#8211;\u00a0<a href=\"http:\/\/support.google.com\/chrome\/bin\/answer.py?hl=pl&amp;answer=95647\" target=\"_blank\" rel=\"noopener noreferrer\">http:\/\/support.google.com\/chrome\/bin\/answer.py?hl=pl&amp;answer=95647<\/a><br \/>\n\u00b7 Safari &#8211;\u00a0<a href=\"http:\/\/support.apple.com\/kb\/HT1677?viewlocale=pl_PL\" target=\"_blank\" rel=\"noopener noreferrer\">http:\/\/support.apple.com\/kb\/HT1677?viewlocale=pl_PL<\/a><br \/>\n\u00b7 Windows Phone &#8211;\u00a0<a href=\"http:\/\/www.windowsphone.com\/pl-pl\/how-to\/wp7\/web\/changing-privacy-and-other-browser-settings\" target=\"_blank\" rel=\"noopener noreferrer\">http:\/\/www.windowsphone.com\/pl-pl\/how-to\/wp7\/web\/changing-privacy-and-other-browser-settings<\/a><br \/>\n\u00b7 Blackberry &#8211;\u00a0<a href=\"http:\/\/docs.blackberry.com\/en\/smartphone_users\/deliverables\/32004\/Turn_off_cookies_in_the_browser_60_1072866_11.jsp\" target=\"_blank\" rel=\"noopener noreferrer\">http:\/\/docs.blackberry.com\/en\/smartphone_users\/deliverables\/32004\/Turn_off_cookies_in_the_browser_60_1072866_11.jsp<\/a><\/p>\n<p><strong>Odno\u015bniki do innych stron<\/strong><\/p>\n<p>Serwisy nale\u017c\u0105ce do PariPari sp. z o.o. mog\u0105 zawiera\u0107 odno\u015bniki do innych stron WWW. PariPari sp. z o.o. nie ponosi odpowiedzialno\u015bci za zasady zachowania prywatno\u015bci obowi\u0105zuj\u0105ce na tych stronach. Namawiamy, by po przej\u015bciu na inne strony, zapozna\u0107 si\u0119 z polityka prywatno\u015bci ustalon\u0105 na nich. Niniejsza polityka prywatno\u015bci dotyczy tylko serwis\u00f3w WWW nale\u017c\u0105cych do PariPari sp. z o.o.<\/p>\n<p><strong>Statystyki Google Analytics<\/strong><\/p>\n<p>Ruch na stronach serwisu jest monitorowany przez statystyki Google Analytics. Ma to na celu gromadzenie danych o sposobie i popularno\u015bci korzystania z naszych stron. Korzystaj\u0105c ze stron serwisu zgadzasz si\u0119 na analizowanie Twoich danych przez Google Analytics w celach tu opisanych.<\/p>\n<\/div>\n<div id=\"topMenuLine\">\n<p><strong>RODO<\/strong><\/p>\n<p>od dnia 25 maja 2018 r. obowi\u0105zuje Rozporz\u0105dzenie Parlamentu Europejskiego i Rady (UE) w sprawie ochrony os\u00f3b fizycznych w zwi\u0105zku z przetwarzaniem danych osobowych i w sprawie swobodnego przep\u0142ywu takich danych, okre\u015blane jako RODO.<\/p>\n<p>W zwi\u0105zku z tym, chcemy poinformowa\u0107 Ci\u0119 o zasadach przetwarzania przez PariPari Twoich danych osobowych oraz o przys\u0142uguj\u0105cych Ci w zwi\u0105zku z tym prawach. Zale\u017cy nam, aby\u015b mia\u0142 kompletn\u0105 wiedz\u0119, a tym samym pe\u0142en komfort korzystania z serwis\u00f3w i wsp\u00f3\u0142pracy z firm\u0105 PariPari.<\/p>\n<p>Zapewniamy, \u017ce nale\u017cycie dbamy o Twoj\u0105 prywatno\u015b\u0107 i w \u017caden spos\u00f3b nie zwi\u0119kszamy naszych uprawnie\u0144. Twoje dane osobowe s\u0105 u nas bezpieczne, a zgod\u0119 na ich zbieranie i przetwarzanie mo\u017cesz wycofa\u0107 w ka\u017cdej chwili, zgodnie z postanowieniami poni\u017cszej \u201dInformacji o ochronie danych osobowych\u201d.<\/p>\n<p><strong>Informacja o ochronie danych osobowych<\/strong><\/p>\n<p>PariPari sp. z o.o. z siedzib\u0105 pod adresem ul. Filomat\u00f3w 36, 42-217 Cz\u0119stochowa, (\u201e\u00a0<strong>My<\/strong>\u201c lub \u201e\u00a0<strong>PariPari<\/strong>\u201c), jako administrator danych osobowych, gromadzi Pa\u0144stwa dane osobowe uzyskane podczas nawi\u0105zywania \u00a0z Pa\u0144stwem wsp\u00f3\u0142pracy oraz w trakcie jej trwania (\u201e\u00a0<strong>Dane osobowe<\/strong>\u201d), w szczeg\u00f3lno\u015bci:<\/p>\n<ul>\n<li>imi\u0119 (imiona) i nazwisko, adres e-mail, adres do kontaktu, firma reprezentowanego podmiotu, numer telefonu, stanowisko,<\/li>\n<li>w przypadku przedsi\u0119biorc\u00f3w przetwarzamy dodatkowo: NIP, REGON, adres siedziby, numer rachunku bankowego,<\/li>\n<\/ul>\n<p>Gromadzimy Pa\u0144stwa Dane osobowe w nast\u0119puj\u0105cych celach:<\/p>\n<ul>\n<li>nawi\u0105zywania i realizacji \u0142\u0105cz\u0105cej nas relacji handlowej, \u015bwiadczenia dla Pa\u0144stwa oferowanych przez nas us\u0142ug, w tym w szczeg\u00f3lno\u015bci sprzeda\u017cy i wysy\u0142ki zam\u00f3wionych towar\u00f3w i realizacji p\u0142atno\u015bci, obs\u0142ugi reklamacji,<\/li>\n<li>realizacji\u00a0obowi\u0105zk\u00f3w\u00a0PariPari przewidzianych prawem, w tym w szczeg\u00f3lno\u015bci wystawiania i przechowywania faktur oraz dokument\u00f3w ksi\u0119gowych, oraz dla cel\u00f3w archiwizacyjnych<\/li>\n<li>ochrony praw PariPari zgodnie z przepisami prawa, w tym w szczeg\u00f3lno\u015bci dochodzenia zaleg\u0142ych p\u0142atno\u015bci w ramach proces\u00f3w windykacyjnych i proces\u00f3w s\u0105dowych,<\/li>\n<li>weryfikacji Pa\u0144stwa wiarygodno\u015bci p\u0142atniczej i zdolno\u015bci kredytowej przy udzielaniu Pa\u0144stwu limitu kredytowego jak r\u00f3wnie\u017c w celu zabezpieczenia nale\u017cnych PariPari p\u0142atno\u015bci (umowy por\u0119czenia oraz inne zabezpieczenia),uzasadnionego interesu PariPari w rozumieniu przepis\u00f3w o ochronie danych osobowych, \u00a0w tym prowadzenia marketingu produkt\u00f3w i us\u0142ug PariPari (marketing bezpo\u015bredni)<\/li>\n<\/ul>\n<p>PariPari mo\u017ce przekazywa\u0107 Dane osobowe nast\u0119puj\u0105cym osobom trzecim dla cel\u00f3w wskazanych w niniejszym dokumencie:<\/p>\n<ol>\n<li>podmiotom, z kt\u00f3rymi PariPari ma zawart\u0105 umow\u0119 wsp\u00f3\u0142pracy (&#8221;\u00a0Przetwarzaj\u0105cy dane\u00a0&#8222;) w celu realizacji \u0142\u0105cz\u0105cej nas z Pa\u0144stwem umowy, realizacji\u00a0obowi\u0105zk\u00f3w\u00a0PariPari przewidzianych prawem, ochrony praw PariPari zgodnie z przepisami prawa oraz realizacji uzasadnionego interesu PariPari w rozumieniu przepis\u00f3w o ochronie danych osobowych; w szczeg\u00f3lno\u015bci PariPari mo\u017ce przekazywa\u0107 Pa\u0144stwa Dane osobowe podmiotom takim jak: banki, firmy windykacyjne, podmioty \u015bwiadcz\u0105ce us\u0142ugi ksi\u0119gowe, podmioty \u015bwiadcz\u0105ce us\u0142ugi hostingowe, sp\u00f3\u0142ki \u015bwiadcz\u0105ce us\u0142ugi pocztowe i kurierskie, firmy, z kt\u00f3rymi wsp\u00f3\u0142pracujemy w celu \u015bwiadczenia us\u0142ug marketingowych. \u00a0Podmioty takie b\u0119d\u0105 zobowi\u0105zane na mocy zawartych z PariPari um\u00f3w do stosowania odpowiednich \u015brodk\u00f3w bezpiecze\u0144stwa, technicznych i organizacyjnych, aby chroni\u0107 Dane osobowe oraz przetwarza\u0107 je wy\u0142\u0105cznie zgodnie z instrukcjami przekazanymi przez PariPari,<\/li>\n<li>organom nadzoruj\u0105cym, organom w\u0142adzy i innym osobom trzecim; w przypadku gdy jest to niezb\u0119dne dla realizacji cel\u00f3w wskazanych powy\u017cej \u00a0oraz wype\u0142nienia\u00a0obowi\u0105zk\u00f3w na\u0142o\u017conych prawem, Dane osobowe mog\u0105 by\u0107 przekazywane organom nadzoruj\u0105cym, s\u0105dom i innym organom w\u0142adzy (np. organom podatkowym i organom \u015bcigania), niezale\u017cnym doradcom zewn\u0119trznym (np. audytorom) lub podmiotom udzielaj\u0105cym \u015bwiadcze\u0144.<\/li>\n<\/ol>\n<p>PariPari zobowi\u0105zuje si\u0119 stosowa\u0107 odpowiednie \u015brodki bezpiecze\u0144stwa, zar\u00f3wno techniczne jak i organizacyjne, aby chroni\u0107 Pa\u0144stwa Dane osobowe. Dane osobowe b\u0119d\u0105 przechowywane przez PariPari i \/ lub Przetwarzaj\u0105cych dane, wy\u0142\u0105cznie przez czas niezb\u0119dny do osi\u0105gni\u0119cia cel\u00f3w, dla kt\u00f3rych dane te s\u0105 gromadzone, wykonania\u00a0obowi\u0105zk\u00f3w\u00a0wynikaj\u0105cych z przepis\u00f3w prawa, maksymalnie przez okres zabezpieczenia materia\u0142\u00f3w niezb\u0119dnych dla post\u0119powa\u0144 prawnych (w tym podatkowych) oraz do czasu ewentualnego przedawnienia roszcze\u0144 Pa\u0144stwa i PariPari.<\/p>\n<p>Przys\u0142uguj\u0105 Pa\u0144stwu prawa w zakresie ochrony Danych osobowych. Zgodnie z obowi\u0105zuj\u0105cym prawem o ochronie danych, jeste\u015bcie Pa\u0144stwo uprawnieni do wniesienia skargi do w\u0142a\u015bciwego organu nadzorczego (tj. do Prezesa Urz\u0119du Ochrony Danych Osobowych lub organu b\u0119d\u0105cego jego nast\u0119pc\u0105).<\/p>\n<p>Ponadto, macie Pa\u0144stwo prawo do:<\/p>\n<ol>\n<li>\u017c\u0105dania od Administratora dost\u0119pu do Pani\/Pana danych osobowych,<\/li>\n<li>\u017c\u0105dania od Administratora sprostowania Pani\/Pana danych osobowych,<\/li>\n<li>\u017c\u0105dania od Administratora usuni\u0119cia Pani\/Pana danych osobowych,<\/li>\n<li>\u017c\u0105dania od Administratora ograniczenia przetwarzania Pani\/Pana danych osobowych,<\/li>\n<li>wniesienia sprzeciwu wobec przetwarzania Pani\/pana danych osobowych,<\/li>\n<li>przenoszenia Pani\/Pana danych osobowych,<\/li>\n<li>wniesienia skargi do organu nadzorczego.<\/li>\n<\/ol>\n<p>W przypadku jakichkolwiek pyta\u0144 dotycz\u0105cych Danych osobowych lub wykonywania praw w zakresie prywatno\u015bci, prosimy o kontakt z PariPari pod adresem: ul. Filomat\u00f3w 36, 42-217 Cz\u0119stochowa lub poprzez poczt\u0119 elektroniczn\u0105: info (at) paripari-lingerie.com<\/p>\n<p>&nbsp;<\/p>\n<\/div>\n<p><\/p>","protected":false},"excerpt":{"rendered":"<p>Na stronie internetowej PariPari udost\u0119pnione s\u0105 odno\u015bniki (linki) do serwis\u00f3w zewn\u0119trznych, na kt\u00f3rych nie obowi\u0105zuje niniejsza polityka. Firma PariPari sp. z o.o. (dalej \u201ePariPari\u201d) nie ponosi odpowiedzialno\u015bci za zasady przestrzegania prywatno\u015bci obowi\u0105zuj\u0105ce na tych stronach. Zalecamy zapoznanie si\u0119 z tre\u015bci\u0105 zasad na poszczeg\u00f3lnych serwisach www. Dane o charakterze nieosobowym Firma PariPari jest zobowi\u0105zana do ochrony [&hellip;]<\/p>\n","protected":false},"author":1,"featured_media":0,"parent":0,"menu_order":8,"comment_status":"closed","ping_status":"closed","template":"","meta":{"footnotes":""},"class_list":["post-1885","page","type-page","status-publish","czr-hentry"],"_links":{"self":[{"href":"https:\/\/www.paripari-lingerie.com\/pl\/wp-json\/wp\/v2\/pages\/1885","targetHints":{"allow":["GET"]}}],"collection":[{"href":"https:\/\/www.paripari-lingerie.com\/pl\/wp-json\/wp\/v2\/pages"}],"about":[{"href":"https:\/\/www.paripari-lingerie.com\/pl\/wp-json\/wp\/v2\/types\/page"}],"author":[{"embeddable":true,"href":"https:\/\/www.paripari-lingerie.com\/pl\/wp-json\/wp\/v2\/users\/1"}],"replies":[{"embeddable":true,"href":"https:\/\/www.paripari-lingerie.com\/pl\/wp-json\/wp\/v2\/comments?post=1885"}],"version-history":[{"count":9,"href":"https:\/\/www.paripari-lingerie.com\/pl\/wp-json\/wp\/v2\/pages\/1885\/revisions"}],"predecessor-version":[{"id":3733,"href":"https:\/\/www.paripari-lingerie.com\/pl\/wp-json\/wp\/v2\/pages\/1885\/revisions\/3733"}],"wp:attachment":[{"href":"https:\/\/www.paripari-lingerie.com\/pl\/wp-json\/wp\/v2\/media?parent=1885"}],"curies":[{"name":"wp","href":"https:\/\/api.w.org\/{rel}","templated":true}]}}