{"id":2378,"date":"2017-11-17T23:30:20","date_gmt":"2017-11-17T22:30:20","guid":{"rendered":"https:\/\/www.paripari-lingerie.com\/?page_id=2378"},"modified":"2024-10-05T12:53:53","modified_gmt":"2024-10-05T11:53:53","slug":"cooperation-resell-paripari-lingerie-and-build-your-success-with-our-brand","status":"publish","type":"page","link":"https:\/\/www.paripari-lingerie.com\/pl\/cooperation-resell-paripari-lingerie-and-build-your-success-with-our-brand\/","title":{"rendered":"Wsp\u00f3\u0142praca &#8211; sprzedawaj produkty PariPari i buduj sw\u00f3j sukces z nasz\u0105 mark\u0105"},"content":{"rendered":"<p><img loading=\"lazy\" decoding=\"async\" class=\"wp-image-2381 alignleft\" src=\"https:\/\/www.paripari-lingerie.com\/wp-content\/uploads\/2017\/11\/ATHINA-glamour-2-e1510958085787.jpg\" alt=\"\" width=\"224\" height=\"302\" srcset=\"https:\/\/www.paripari-lingerie.com\/wp-content\/uploads\/2017\/11\/ATHINA-glamour-2-e1510958085787.jpg 1237w, https:\/\/www.paripari-lingerie.com\/wp-content\/uploads\/2017\/11\/ATHINA-glamour-2-e1510958085787-222x300.jpg 222w, https:\/\/www.paripari-lingerie.com\/wp-content\/uploads\/2017\/11\/ATHINA-glamour-2-e1510958085787-759x1024.jpg 759w, https:\/\/www.paripari-lingerie.com\/wp-content\/uploads\/2017\/11\/ATHINA-glamour-2-e1510958085787-768x1036.jpg 768w, https:\/\/www.paripari-lingerie.com\/wp-content\/uploads\/2017\/11\/ATHINA-glamour-2-e1510958085787-1139x1536.jpg 1139w\" sizes=\"auto, (max-width: 224px) 100vw, 224px\" \/><\/p>\n<p>Je\u017celi prowadzicie Pa\u0144stwo sprzeda\u017c bielizny, hurtow\u0105 lub detaliczn\u0105, tradycyjnie lub online, serdecznie zapraszamy do wsp\u00f3\u0142pracy z mark\u0105 PariPari. Nasza oferta ekskluzywnej bielizny damskiej, wyr\u00f3\u017cniaj\u0105cej si\u0119 doskona\u0142\u0105 jako\u015bci\u0105, komfortem i oryginalnym stylem, jest idealnym rozwi\u0105zaniem dla ka\u017cdej firmy, kt\u00f3ra pragnie wzbogaci\u0107 swoj\u0105 ofert\u0119 o wyj\u0105tkowe produkty, ciesz\u0105ce si\u0119 uznaniem klient\u00f3w.<\/p>\n<p>Nasze produkty s\u0105 wybierane przez kobiety ze wzgl\u0119du na swoj\u0105 wysok\u0105 jako\u015b\u0107, wygod\u0119 oraz trwa\u0142o\u015b\u0107. Klientki wielokrotnie do nas wracaj\u0105, co \u015bwiadczy o ich zadowoleniu, szczeg\u00f3lnie w kontek\u015bcie dobrze dopasowanej bielizny, a zw\u0142aszcza biustonoszy. Oferujemy biustonosze w rozmiarach od 65C do 115B oraz figi w rozmiarach od S do 5XL, co pozwala na dopasowanie asortymentu do szerokiego grona odbiorc\u00f3w i wzbogacenie Pa\u0144stwa oferty.<\/p>\n<p>Wsp\u00f3\u0142praca z PariPari to nie tylko dost\u0119p do ekskluzywnej bielizny, ale r\u00f3wnie\u017c wsparcie na ka\u017cdym etapie wsp\u00f3\u0142dzia\u0142ania. Oferujemy elastyczne warunki wsp\u00f3\u0142pracy, kt\u00f3re dostosujemy do indywidualnych potrzeb Pa\u0144stwa biznesu. Zale\u017cy nam na d\u0142ugofalowych relacjach, opartych na zaufaniu i wsp\u00f3lnym d\u0105\u017ceniu do sukcesu.<\/p>\n<p>Ch\u0119tnie przedstawimy szczeg\u00f3\u0142y naszej oferty oraz warunki wsp\u00f3\u0142pracy. Zach\u0119camy do kontaktu mailowego pod adresem <a href=\"mailto:info@paripari-lingerie.com\">info@paripari-lingerie.com<\/a> lub telefonicznie pod numerem <span class=\"contact-text\"><a href=\"tel:+48796616400\">+48 796 616 400<\/a><\/span>. Nasi specjali\u015bci z przyjemno\u015bci\u0105 odpowiedz\u0105 na wszystkie pytania oraz pomog\u0105 w doborze najlepszych rozwi\u0105za\u0144.<\/p>\n<p>Do\u0142\u0105cz do grona naszych partner\u00f3w i razem z nami buduj sukces, oferuj\u0105c swoim klientom bielizn\u0119, kt\u00f3ra spe\u0142nia najwy\u017csze standardy i wywo\u0142uje u\u015bmiech na twarzach kobiet na ca\u0142ym \u015bwiecie.<\/p>\n<p>Zesp\u00f3\u0142 PariPari<\/p>\n<p><p><\/p>\n<p><b>Zapraszamy do kontaktu z nasz\u0105 firm\u0105! Postaramy si\u0119 odpowiedzie\u0107 na Twoje zapytanie tak szybko, jak to mo\u017cliwe. Z przyjemno\u015bci\u0105 odpowiemy na wszelkie pytania.<\/b><br \/>\n<br \/>\n\n<div class=\"wpcf7 no-js\" id=\"wpcf7-f3404-o17\" lang=\"pl-PL\" dir=\"ltr\" data-wpcf7-id=\"3404\">\n<div class=\"screen-reader-response\"><p role=\"status\" aria-live=\"polite\" aria-atomic=\"true\"><\/p> <ul><\/ul><\/div>\n<form action=\"\/pl\/wp-json\/wp\/v2\/pages\/2378#wpcf7-f3404-o17\" method=\"post\" class=\"wpcf7-form init\" aria-label=\"Formularz kontaktowy\" novalidate=\"novalidate\" data-status=\"init\">\n<fieldset class=\"hidden-fields-container\"><input type=\"hidden\" name=\"_wpcf7\" value=\"3404\" \/><input type=\"hidden\" name=\"_wpcf7_version\" value=\"6.1.5\" \/><input type=\"hidden\" name=\"_wpcf7_locale\" value=\"pl_PL\" \/><input type=\"hidden\" name=\"_wpcf7_unit_tag\" value=\"wpcf7-f3404-o17\" \/><input type=\"hidden\" name=\"_wpcf7_container_post\" value=\"0\" \/><input type=\"hidden\" name=\"_wpcf7_posted_data_hash\" value=\"\" \/><input type=\"hidden\" name=\"_wpcf7_recaptcha_response\" value=\"\" \/>\n<\/fieldset>\n<p><label> Twoje imi\u0119 i nazwisko<br \/>\n<span class=\"wpcf7-form-control-wrap\" data-name=\"your-name\"><input size=\"40\" maxlength=\"400\" class=\"wpcf7-form-control wpcf7-text wpcf7-validates-as-required\" autocomplete=\"name\" aria-required=\"true\" aria-invalid=\"false\" value=\"\" type=\"text\" name=\"your-name\" \/><\/span> <\/label>\n<\/p>\n<p><label> Tw\u00f3j adres e-mail<br \/>\n<span class=\"wpcf7-form-control-wrap\" data-name=\"your-email\"><input size=\"40\" maxlength=\"400\" class=\"wpcf7-form-control wpcf7-email wpcf7-validates-as-required wpcf7-text wpcf7-validates-as-email\" autocomplete=\"email\" aria-required=\"true\" aria-invalid=\"false\" value=\"\" type=\"email\" name=\"your-email\" \/><\/span> <\/label>\n<\/p>\n<p><label> Temat<br \/>\n<span class=\"wpcf7-form-control-wrap\" data-name=\"your-subject\"><input size=\"40\" maxlength=\"400\" class=\"wpcf7-form-control wpcf7-text wpcf7-validates-as-required\" aria-required=\"true\" aria-invalid=\"false\" value=\"\" type=\"text\" name=\"your-subject\" \/><\/span> <\/label>\n<\/p>\n<p><label> Twoja wiadomo\u015bci (opcjonalne)<br \/>\n<span class=\"wpcf7-form-control-wrap\" data-name=\"your-message\"><textarea cols=\"40\" rows=\"10\" maxlength=\"2000\" class=\"wpcf7-form-control wpcf7-textarea\" aria-invalid=\"false\" name=\"your-message\"><\/textarea><\/span> <\/label>\n<\/p>\n<p><input class=\"wpcf7-form-control wpcf7-submit has-spinner\" type=\"submit\" value=\"Wy\u015blij\" \/>\n<\/p><div class=\"wpcf7-response-output\" aria-hidden=\"true\"><\/div>\n<\/form>\n<\/div>\n<br \/><br \/>\n<\/p>","protected":false},"excerpt":{"rendered":"<p>Je\u017celi prowadzicie Pa\u0144stwo sprzeda\u017c bielizny, hurtow\u0105 lub detaliczn\u0105, tradycyjnie lub online, serdecznie zapraszamy do wsp\u00f3\u0142pracy z mark\u0105 PariPari. Nasza oferta ekskluzywnej bielizny damskiej, wyr\u00f3\u017cniaj\u0105cej si\u0119 doskona\u0142\u0105 jako\u015bci\u0105, komfortem i oryginalnym stylem, jest idealnym rozwi\u0105zaniem dla ka\u017cdej firmy, kt\u00f3ra pragnie wzbogaci\u0107 swoj\u0105 ofert\u0119 o wyj\u0105tkowe produkty, ciesz\u0105ce si\u0119 uznaniem klient\u00f3w. Nasze produkty s\u0105 wybierane przez kobiety [&hellip;]<\/p>\n","protected":false},"author":1,"featured_media":0,"parent":0,"menu_order":0,"comment_status":"closed","ping_status":"closed","template":"","meta":{"footnotes":""},"class_list":["post-2378","page","type-page","status-publish","czr-hentry"],"_links":{"self":[{"href":"https:\/\/www.paripari-lingerie.com\/pl\/wp-json\/wp\/v2\/pages\/2378","targetHints":{"allow":["GET"]}}],"collection":[{"href":"https:\/\/www.paripari-lingerie.com\/pl\/wp-json\/wp\/v2\/pages"}],"about":[{"href":"https:\/\/www.paripari-lingerie.com\/pl\/wp-json\/wp\/v2\/types\/page"}],"author":[{"embeddable":true,"href":"https:\/\/www.paripari-lingerie.com\/pl\/wp-json\/wp\/v2\/users\/1"}],"replies":[{"embeddable":true,"href":"https:\/\/www.paripari-lingerie.com\/pl\/wp-json\/wp\/v2\/comments?post=2378"}],"version-history":[{"count":12,"href":"https:\/\/www.paripari-lingerie.com\/pl\/wp-json\/wp\/v2\/pages\/2378\/revisions"}],"predecessor-version":[{"id":3604,"href":"https:\/\/www.paripari-lingerie.com\/pl\/wp-json\/wp\/v2\/pages\/2378\/revisions\/3604"}],"wp:attachment":[{"href":"https:\/\/www.paripari-lingerie.com\/pl\/wp-json\/wp\/v2\/media?parent=2378"}],"curies":[{"name":"wp","href":"https:\/\/api.w.org\/{rel}","templated":true}]}}