{"id":2727,"date":"2021-11-23T20:08:20","date_gmt":"2021-11-23T19:08:20","guid":{"rendered":"https:\/\/www.paripari-lingerie.com\/?page_id=2727"},"modified":"2024-12-20T13:00:26","modified_gmt":"2024-12-20T12:00:26","slug":"vesta-red","status":"publish","type":"page","link":"https:\/\/www.paripari-lingerie.com\/pl\/collection\/vesta-red\/","title":{"rendered":"VESTA CZERWONA"},"content":{"rendered":"<p><br \/>\n<\/p>\n<p style=\"text-align: center;\"><style type=\"text\/css\" scoped>.rbs_gallery_69e357c2e4f8dSpinner{\r\n\t\t\t\tmargin: 50px auto;\r\n\t\t\t\twidth: 50px;\r\n\t\t\t\theight: 40px;\r\n\t\t\t\ttext-align: center;\r\n\t\t\t\tfont-size: 10px;\r\n\t\t\t}\r\n\t\t\t.rbs_gallery_69e357c2e4f8dSpinner > div{\r\n\t\t\t  background-color: #333;\r\n\t\t\t  height: 100%;\r\n\t\t\t  width: 6px;\r\n\t\t\t  display: inline-block;\r\n\t\t\t  -webkit-animation: rbs_gallery_69e357c2e4f8d-stretchdelay 1.2s infinite ease-in-out;\r\n\t\t\t  animation: rbs_gallery_69e357c2e4f8d-stretchdelay 1.2s infinite ease-in-out;\r\n\t\t\t}\r\n\t\t\t.rbs_gallery_69e357c2e4f8dSpinner .rbs_gallery_69e357c2e4f8dRect2 {\r\n\t\t\t  -webkit-animation-delay: -1.1s;\r\n\t\t\t  animation-delay: -1.1s;\r\n\t\t\t}\r\n\t\t\t.rbs_gallery_69e357c2e4f8dSpinner .rbs_gallery_69e357c2e4f8dRect3 {\r\n\t\t\t  -webkit-animation-delay: -1.0s;\r\n\t\t\t  animation-delay: -1.0s;\r\n\t\t\t}\r\n\t\t\t.rbs_gallery_69e357c2e4f8dSpinner .rbs_gallery_69e357c2e4f8dRect4 {\r\n\t\t\t  -webkit-animation-delay: -0.9s;\r\n\t\t\t  animation-delay: -0.9s;\r\n\t\t\t}\r\n\t\t\t.rbs_gallery_69e357c2e4f8dSpinner .rbs_gallery_69e357c2e4f8dRect5 {\r\n\t\t\t  -webkit-animation-delay: -0.8s;\r\n\t\t\t  animation-delay: -0.8s;\r\n\t\t\t}\r\n\t\t\t@-webkit-keyframes rbs_gallery_69e357c2e4f8d-stretchdelay {\r\n\t\t\t  0%, 40%, 100% { -webkit-transform: scaleY(0.4) }  \r\n\t\t\t  20% { -webkit-transform: scaleY(1.0) }\r\n\t\t\t}\r\n\t\t\t@keyframes rbs_gallery_69e357c2e4f8d-stretchdelay {\r\n\t\t\t  0%, 40%, 100% { \r\n\t\t\t    transform: scaleY(0.4);\r\n\t\t\t    -webkit-transform: scaleY(0.4);\r\n\t\t\t  }  20% { \r\n\t\t\t    transform: scaleY(1.0);\r\n\t\t\t    -webkit-transform: scaleY(1.0);\r\n\t\t\t  }\r\n\t\t\t}\r\n\t\t<\/style><div class=\"robo-gallery-wrap robo-gallery-wrap-id2750 robo-gallery-\" ><div id=\"rbs_gallery_69e357c2e4f8d-block-loader\" class=\"rbs_gallery_69e357c2e4f8dSpinner\"><div class=\"rbs_gallery_69e357c2e4f8dRect1\"><\/div> <div class=\"rbs_gallery_69e357c2e4f8dRect2\"><\/div> <div class=\"rbs_gallery_69e357c2e4f8dRect3\"><\/div> <div class=\"rbs_gallery_69e357c2e4f8dRect4\"><\/div> <div class=\"rbs_gallery_69e357c2e4f8dRect5\"><\/div><\/div><div id=\"robo_gallery_main_block_rbs_gallery_69e357c2e4f8d\" class=\"robogallery-gallery-2750\" style=\"width:100%;  display: none;\"><div id=\"rbs_gallery_69e357c2e4f8d\" data-options=\"rbs_gallery_69e357c2e4f8d\" style=\"width:100%;\" class=\"robo_gallery  \"><div class=\"rbs-img  category2750 \" ><div class=\"rbs-img-image   rbs-lightbox \" ><div class=\"rbs-img-thumbs\"  data-thumbnail=\"https:\/\/www.paripari-lingerie.com\/wp-content\/uploads\/2021\/11\/VESTA-RED-PUSH-UP-and-FULL-FRONT-683x1024.jpg\"  title=\"VESTA RED PUSH-UP and FULL FRONT\"  data-width=\"683\"  data-height=\"1024\" ><\/div><div class=\"rbs-img-data-popup\"  data-popup=\"https:\/\/www.paripari-lingerie.com\/wp-content\/uploads\/2021\/11\/VESTA-RED-PUSH-UP-and-FULL-FRONT.jpg\"  title=\"VESTA RED PUSH-UP and FULL FRONT\" ><\/div><div class=\"thumbnail-overlay\"><div class=\"rbsTitle \">VESTA RED PUSH-UP and FULL FRONT<\/div><div class=\"rbsIcons\"><i class=\"fa fa-search-plus rbsZoomIcon \" ><\/i><\/div><\/div><\/div><\/div><div class=\"rbs-img  category2750 \" ><div class=\"rbs-img-image   rbs-lightbox \" ><div class=\"rbs-img-thumbs\"  data-thumbnail=\"https:\/\/www.paripari-lingerie.com\/wp-content\/uploads\/2021\/11\/VESTA-RED-PUSH-UP-and-FULL-REAR-683x1024.jpg\"  title=\"VESTA RED PUSH-UP and FULL REAR\"  data-width=\"683\"  data-height=\"1024\" ><\/div><div class=\"rbs-img-data-popup\"  data-popup=\"https:\/\/www.paripari-lingerie.com\/wp-content\/uploads\/2021\/11\/VESTA-RED-PUSH-UP-and-FULL-REAR.jpg\"  title=\"VESTA RED PUSH-UP and FULL REAR\" ><\/div><div class=\"thumbnail-overlay\"><div class=\"rbsTitle \">VESTA RED PUSH-UP and FULL REAR<\/div><div class=\"rbsIcons\"><i class=\"fa fa-search-plus rbsZoomIcon \" ><\/i><\/div><\/div><\/div><\/div><div class=\"rbs-img  category2750 \" ><div class=\"rbs-img-image   rbs-lightbox \" ><div class=\"rbs-img-thumbs\"  data-thumbnail=\"https:\/\/www.paripari-lingerie.com\/wp-content\/uploads\/2021\/11\/VESTA-RED-PUSH-UP-and-BOXERS-FRONT-683x1024.jpg\"  title=\"VESTA RED PUSH-UP and BOXERS FRONT\"  data-width=\"683\"  data-height=\"1024\" ><\/div><div class=\"rbs-img-data-popup\"  data-popup=\"https:\/\/www.paripari-lingerie.com\/wp-content\/uploads\/2021\/11\/VESTA-RED-PUSH-UP-and-BOXERS-FRONT.jpg\"  title=\"VESTA RED PUSH-UP and BOXERS FRONT\" ><\/div><div class=\"thumbnail-overlay\"><div class=\"rbsTitle \">VESTA RED PUSH-UP and BOXERS FRONT<\/div><div class=\"rbsIcons\"><i class=\"fa fa-search-plus rbsZoomIcon \" ><\/i><\/div><\/div><\/div><\/div><div class=\"rbs-img  category2750 \" ><div class=\"rbs-img-image   rbs-lightbox \" ><div class=\"rbs-img-thumbs\"  data-thumbnail=\"https:\/\/www.paripari-lingerie.com\/wp-content\/uploads\/2021\/11\/VESTA-RED-SHIRT-FRONT-683x1024.jpg\"  title=\"VESTA RED SHIRT FRONT\"  data-width=\"683\"  data-height=\"1024\" ><\/div><div class=\"rbs-img-data-popup\"  data-popup=\"https:\/\/www.paripari-lingerie.com\/wp-content\/uploads\/2021\/11\/VESTA-RED-SHIRT-FRONT.jpg\"  title=\"VESTA RED SHIRT FRONT\" ><\/div><div class=\"thumbnail-overlay\"><div class=\"rbsTitle \">VESTA RED SHIRT FRONT<\/div><div class=\"rbsIcons\"><i class=\"fa fa-search-plus rbsZoomIcon \" ><\/i><\/div><\/div><\/div><\/div><div class=\"rbs-img  category2750 \" ><div class=\"rbs-img-image   rbs-lightbox \" ><div class=\"rbs-img-thumbs\"  data-thumbnail=\"https:\/\/www.paripari-lingerie.com\/wp-content\/uploads\/2021\/11\/VESTA-RED-PUSH-UP-and-BOXERS-REAR-683x1024.jpg\"  title=\"VESTA RED PUSH-UP and BOXERS REAR\"  data-width=\"683\"  data-height=\"1024\" ><\/div><div class=\"rbs-img-data-popup\"  data-popup=\"https:\/\/www.paripari-lingerie.com\/wp-content\/uploads\/2021\/11\/VESTA-RED-PUSH-UP-and-BOXERS-REAR.jpg\"  title=\"VESTA RED PUSH-UP and BOXERS REAR\" ><\/div><div class=\"thumbnail-overlay\"><div class=\"rbsTitle \">VESTA RED PUSH-UP and BOXERS REAR<\/div><div class=\"rbsIcons\"><i class=\"fa fa-search-plus rbsZoomIcon \" ><\/i><\/div><\/div><\/div><\/div><div class=\"rbs-img  category2750 \" ><div class=\"rbs-img-image   rbs-lightbox \" ><div class=\"rbs-img-thumbs\"  data-thumbnail=\"https:\/\/www.paripari-lingerie.com\/wp-content\/uploads\/2021\/11\/VESTA-RED-PUSH-UP-and-STRING-FRONT-683x1024.jpg\"  title=\"VESTA RED PUSH-UP and STRING FRONT\"  data-width=\"683\"  data-height=\"1024\" ><\/div><div class=\"rbs-img-data-popup\"  data-popup=\"https:\/\/www.paripari-lingerie.com\/wp-content\/uploads\/2021\/11\/VESTA-RED-PUSH-UP-and-STRING-FRONT.jpg\"  title=\"VESTA RED PUSH-UP and STRING FRONT\" ><\/div><div class=\"thumbnail-overlay\"><div class=\"rbsTitle \">VESTA RED PUSH-UP and STRING FRONT<\/div><div class=\"rbsIcons\"><i class=\"fa fa-search-plus rbsZoomIcon \" ><\/i><\/div><\/div><\/div><\/div><div class=\"rbs-img  category2750 \" ><div class=\"rbs-img-image   rbs-lightbox \" ><div class=\"rbs-img-thumbs\"  data-thumbnail=\"https:\/\/www.paripari-lingerie.com\/wp-content\/uploads\/2021\/11\/VESTA-RED-PUSH-UP-and-STRING-REAR-683x1024.jpg\"  title=\"VESTA RED PUSH-UP and STRING REAR\"  data-width=\"683\"  data-height=\"1024\" ><\/div><div class=\"rbs-img-data-popup\"  data-popup=\"https:\/\/www.paripari-lingerie.com\/wp-content\/uploads\/2021\/11\/VESTA-RED-PUSH-UP-and-STRING-REAR.jpg\"  title=\"VESTA RED PUSH-UP and STRING REAR\" ><\/div><div class=\"thumbnail-overlay\"><div class=\"rbsTitle \">VESTA RED PUSH-UP and STRING REAR<\/div><div class=\"rbsIcons\"><i class=\"fa fa-search-plus rbsZoomIcon \" ><\/i><\/div><\/div><\/div><\/div><div class=\"rbs-img  category2750 \" ><div class=\"rbs-img-image   rbs-lightbox \" ><div class=\"rbs-img-thumbs\"  data-thumbnail=\"https:\/\/www.paripari-lingerie.com\/wp-content\/uploads\/2021\/11\/VESTA-RED-SHIRT-REAR-683x1024.jpg\"  title=\"VESTA RED SHIRT REAR\"  data-width=\"683\"  data-height=\"1024\" ><\/div><div class=\"rbs-img-data-popup\"  data-popup=\"https:\/\/www.paripari-lingerie.com\/wp-content\/uploads\/2021\/11\/VESTA-RED-SHIRT-REAR.jpg\"  title=\"VESTA RED SHIRT REAR\" ><\/div><div class=\"thumbnail-overlay\"><div class=\"rbsTitle \">VESTA RED SHIRT REAR<\/div><div class=\"rbsIcons\"><i class=\"fa fa-search-plus rbsZoomIcon \" ><\/i><\/div><\/div><\/div><\/div><\/div><\/div><\/div><script>var rbs_gallery_69e357c2e4f8d = {\"version\":\"5.1.4\",\"id\":2750,\"class\":\"id2750\",\"roboGalleryDelay\":1000,\"mainContainer\":\"#robo_gallery_main_block_rbs_gallery_69e357c2e4f8d\",\"loadingContainer\":\"#rbs_gallery_69e357c2e4f8d-block-loader\",\"loadingContainerObj\":\"rbs_gallery_69e357c2e4f8d-block-loader\",\"columnWidth\":\"auto\",\"columns\":3,\"resolutions\":[{\"columnWidth\":\"auto\",\"columns\":3,\"maxWidth\":960},{\"columnWidth\":\"auto\",\"columns\":2,\"maxWidth\":650},{\"columnWidth\":\"auto\",\"columns\":1,\"maxWidth\":450}],\"lightboxOptions\":{\"gallery\":{\"enabled\":true,\"tCounter\":\"%curr% of %total%\"}},\"overlayEffect\":\"direction-aware-fade\",\"boxesToLoadStart\":12,\"boxesToLoad\":8,\"waitUntilThumbLoads\":1,\"LoadingWord\":\"Loading...\",\"loadMoreWord\":\"Load More\",\"noMoreEntriesWord\":\"No More Entries\",\"horizontalSpaceBetweenBoxes\":15,\"verticalSpaceBetweenBoxes\":15,\"lazyLoad\":0,\"wrapContainer\":\"#robo-gallery-wrap-rbs_gallery_69e357c2e4f8d\"};<\/script><\/p>\n<p><p><b>Biustonosz Vesta<\/b> to elegancki push-up, wykonany z delikatnej koronki, kt\u00f3ra podkre\u015bla jego lekko\u015b\u0107 i kobiecy urok. Wyposa\u017cony w wyjmowane wk\u0142adki oraz usztywniane miseczki, doskonale modeluje biust. Subtelne kokardki mi\u0119dzy miseczkami i przy rami\u0105czkach dodaj\u0105 ca\u0142o\u015bci wdzi\u0119ku. Biustonosz posiada regulowane i odpinane rami\u0105czka, boczne fiszbiny dla idealnego dopasowania oraz tylne zapi\u0119cie na dwie lub trzy haftki (w zale\u017cno\u015bci od rozmiaru), z trzystopniow\u0105 regulacj\u0105 obwodu. To doskona\u0142y wyb\u00f3r na ka\u017cd\u0105 okazj\u0119.<\/p>\n<p>Do kompletu idealnie pasuj\u0105 pozosta\u0142e elementy kolekcji Vesta:<\/p>\n<ul>\n<li><b>Vesta Figi Pe\u0142ne<\/b>: Klasyczne figi, \u0142\u0105cz\u0105ce wyrafinowany urok koronki z wygod\u0105 mikrofibry. Wygodny kr\u00f3j podkre\u015bla pi\u0119kno kobiecej sylwetki, oferuj\u0105c komfort i elegancj\u0119 na co dzie\u0144.<\/li>\n<li><b>Vesta Stringi<\/b>: Te pi\u0119kne stringi \u0142\u0105cz\u0105 zmys\u0142owy urok koronki z praktyczno\u015bci\u0105 mikrofibry, doskonale akcentuj\u0105c kobiece kszta\u0142ty. To po\u0142\u0105czenie subtelnej elegancji i nowoczesnego komfortu.<\/li>\n<li><b>Vesta Bokserki<\/b>: Urocze bokserki, w kt\u00f3rych delikatna koronka pi\u0119knie podkre\u015bla kszta\u0142ty. Satynowa kokardka dodaje wyj\u0105tkowego uroku, a ty\u0142 wykonany z eleganckiej mikrofibry zapewnia wygod\u0119.<\/li>\n<li><b>Vesta Koszulka<\/b>: Subtelna i zmys\u0142owa koszulka, \u0142\u0105cz\u0105ca zalety mi\u0119kkiej mikrofibry z urokiem koronki. Dzi\u0119ki modeluj\u0105cym w\u0142a\u015bciwo\u015bciom mikrofibry, koszulka idealnie dopasowuje si\u0119 do sylwetki, podkre\u015blaj\u0105c jej naturalne pi\u0119kno.<\/li>\n<\/ul>\n<p>Ca\u0142y zestaw tworzy sp\u00f3jn\u0105, kobiec\u0105 i zmys\u0142ow\u0105 lini\u0119 bielizny, kt\u00f3ra zapewnia zar\u00f3wno komfort, jak i wyj\u0105tkowy wygl\u0105d w ka\u017cdej sytuacji.<\/p>\n<p><\/p><br \/>\n<p><a href=\"\/sizes-table\">Tabela rozmiar\u00f3w <strong>bielizny PariPari<\/strong><\/a><br \/>\n<\/p><br \/>\n<p><\/p>\n<table class=\"sizeTable\">\n<tbody>\n<tr>\n<td><b>BIUSTONOSZ USZTYWNIANY (PUSH-UP)<\/b><br \/>\n65 CDEFGH<br \/>\n70 BCDEFG<br \/>\n75 ABCDEFGH<br \/>\n80 ABCDEFG<br \/>\n85 ABCDEF<br \/>\n90 BCDE<br \/>\n95 BCD<br \/>\n100 BC<br \/>\n105 B<\/td>\n<\/tr>\n<\/tbody>\n<\/table>\n<p><\/p><\/p>\n<p><\/p>\n<table class=\"sizeTable\">\n<tbody>\n<tr>\n<td><b>FIGI PE\u0141NE<\/b><br \/>\nS, M, L, XL, XXL<\/td>\n<td><b>STRINGI<\/b><br \/>\nS, M, L, XL, XXL<\/td>\n<td><b>BOKSERKI<\/b><br \/>\nS, M, L, XL, XXL<\/td>\n<\/tr>\n<\/tbody>\n<\/table>\n<p><\/p>\n<p><\/p>\n<table class=\"sizeTable\">\n<tbody>\n<tr>\n<td><b>KOSZULKA<\/b><br \/>\nS, M, L, XL, XXL<\/td>\n<\/tr>\n<\/tbody>\n<\/table>\n<p><\/p>\n<p><p><\/p>\n<div style=\"display: flex; align-items: center; gap: 15px; margin-top: 20px; width: 100%;\">\n    <img decoding=\"async\" src=\"https:\/\/www.paripari-lingerie.com\/wp-content\/uploads\/2024\/10\/handshake_icon.png\" alt=\"Ikona wsp\u00f3\u0142pracy\" style=\"width: 50px; height: auto;\"\/><\/p>\n<div>\n        <b>Chcesz nawi\u0105za\u0107 wsp\u00f3\u0142prac\u0119 i zosta\u0107 dystrybutorem bielizny PariPari?<br \/>\n        <a href=\"https:\/\/www.paripari-lingerie.com\/cooperation-resell-paripari-lingerie-and-build-your-success-with-our-brand\/\">Tu znajdziesz wi\u0119cej informacji<\/a>, skontaktuj si\u0119 z nami \u2013 zapraszamy!<\/b>\n    <\/div>\n<\/div>\n<p><\/p><br \/>\n<br \/>\n<\/p>","protected":false},"excerpt":{"rendered":"","protected":false},"author":1,"featured_media":0,"parent":1564,"menu_order":29,"comment_status":"closed","ping_status":"closed","template":"","meta":{"footnotes":""},"class_list":["post-2727","page","type-page","status-publish","czr-hentry"],"_links":{"self":[{"href":"https:\/\/www.paripari-lingerie.com\/pl\/wp-json\/wp\/v2\/pages\/2727","targetHints":{"allow":["GET"]}}],"collection":[{"href":"https:\/\/www.paripari-lingerie.com\/pl\/wp-json\/wp\/v2\/pages"}],"about":[{"href":"https:\/\/www.paripari-lingerie.com\/pl\/wp-json\/wp\/v2\/types\/page"}],"author":[{"embeddable":true,"href":"https:\/\/www.paripari-lingerie.com\/pl\/wp-json\/wp\/v2\/users\/1"}],"replies":[{"embeddable":true,"href":"https:\/\/www.paripari-lingerie.com\/pl\/wp-json\/wp\/v2\/comments?post=2727"}],"version-history":[{"count":14,"href":"https:\/\/www.paripari-lingerie.com\/pl\/wp-json\/wp\/v2\/pages\/2727\/revisions"}],"predecessor-version":[{"id":3814,"href":"https:\/\/www.paripari-lingerie.com\/pl\/wp-json\/wp\/v2\/pages\/2727\/revisions\/3814"}],"up":[{"embeddable":true,"href":"https:\/\/www.paripari-lingerie.com\/pl\/wp-json\/wp\/v2\/pages\/1564"}],"wp:attachment":[{"href":"https:\/\/www.paripari-lingerie.com\/pl\/wp-json\/wp\/v2\/media?parent=2727"}],"curies":[{"name":"wp","href":"https:\/\/api.w.org\/{rel}","templated":true}]}}