{"id":2887,"date":"2021-11-27T14:53:29","date_gmt":"2021-11-27T13:53:29","guid":{"rendered":"https:\/\/www.paripari-lingerie.com\/?page_id=2887"},"modified":"2024-12-20T12:14:28","modified_gmt":"2024-12-20T11:14:28","slug":"katia-black","status":"publish","type":"page","link":"https:\/\/www.paripari-lingerie.com\/pl\/collection\/katia-black\/","title":{"rendered":"KATIA CZARNA"},"content":{"rendered":"<p><br \/>\n<\/p>\n<p style=\"text-align: center;\"><style type=\"text\/css\" scoped>.rbs_gallery_69fa0fc226a8aSpinner{\r\n\t\t\t\tmargin: 50px auto;\r\n\t\t\t\twidth: 50px;\r\n\t\t\t\theight: 40px;\r\n\t\t\t\ttext-align: center;\r\n\t\t\t\tfont-size: 10px;\r\n\t\t\t}\r\n\t\t\t.rbs_gallery_69fa0fc226a8aSpinner > div{\r\n\t\t\t  background-color: #333;\r\n\t\t\t  height: 100%;\r\n\t\t\t  width: 6px;\r\n\t\t\t  display: inline-block;\r\n\t\t\t  -webkit-animation: rbs_gallery_69fa0fc226a8a-stretchdelay 1.2s infinite ease-in-out;\r\n\t\t\t  animation: rbs_gallery_69fa0fc226a8a-stretchdelay 1.2s infinite ease-in-out;\r\n\t\t\t}\r\n\t\t\t.rbs_gallery_69fa0fc226a8aSpinner .rbs_gallery_69fa0fc226a8aRect2 {\r\n\t\t\t  -webkit-animation-delay: -1.1s;\r\n\t\t\t  animation-delay: -1.1s;\r\n\t\t\t}\r\n\t\t\t.rbs_gallery_69fa0fc226a8aSpinner .rbs_gallery_69fa0fc226a8aRect3 {\r\n\t\t\t  -webkit-animation-delay: -1.0s;\r\n\t\t\t  animation-delay: -1.0s;\r\n\t\t\t}\r\n\t\t\t.rbs_gallery_69fa0fc226a8aSpinner .rbs_gallery_69fa0fc226a8aRect4 {\r\n\t\t\t  -webkit-animation-delay: -0.9s;\r\n\t\t\t  animation-delay: -0.9s;\r\n\t\t\t}\r\n\t\t\t.rbs_gallery_69fa0fc226a8aSpinner .rbs_gallery_69fa0fc226a8aRect5 {\r\n\t\t\t  -webkit-animation-delay: -0.8s;\r\n\t\t\t  animation-delay: -0.8s;\r\n\t\t\t}\r\n\t\t\t@-webkit-keyframes rbs_gallery_69fa0fc226a8a-stretchdelay {\r\n\t\t\t  0%, 40%, 100% { -webkit-transform: scaleY(0.4) }  \r\n\t\t\t  20% { -webkit-transform: scaleY(1.0) }\r\n\t\t\t}\r\n\t\t\t@keyframes rbs_gallery_69fa0fc226a8a-stretchdelay {\r\n\t\t\t  0%, 40%, 100% { \r\n\t\t\t    transform: scaleY(0.4);\r\n\t\t\t    -webkit-transform: scaleY(0.4);\r\n\t\t\t  }  20% { \r\n\t\t\t    transform: scaleY(1.0);\r\n\t\t\t    -webkit-transform: scaleY(1.0);\r\n\t\t\t  }\r\n\t\t\t}\r\n\t\t<\/style><div class=\"robo-gallery-wrap robo-gallery-wrap-id2876 robo-gallery-\" ><div id=\"rbs_gallery_69fa0fc226a8a-block-loader\" class=\"rbs_gallery_69fa0fc226a8aSpinner\"><div class=\"rbs_gallery_69fa0fc226a8aRect1\"><\/div> <div class=\"rbs_gallery_69fa0fc226a8aRect2\"><\/div> <div class=\"rbs_gallery_69fa0fc226a8aRect3\"><\/div> <div class=\"rbs_gallery_69fa0fc226a8aRect4\"><\/div> <div class=\"rbs_gallery_69fa0fc226a8aRect5\"><\/div><\/div><div id=\"robo_gallery_main_block_rbs_gallery_69fa0fc226a8a\" class=\"robogallery-gallery-2876\" style=\"width:100%;  display: none;\"><div id=\"rbs_gallery_69fa0fc226a8a\" data-options=\"rbs_gallery_69fa0fc226a8a\" style=\"width:100%;\" class=\"robo_gallery  \"><div class=\"rbs-img  category2876 \" ><div class=\"rbs-img-image   rbs-lightbox \" ><div class=\"rbs-img-thumbs\"  data-thumbnail=\"https:\/\/www.paripari-lingerie.com\/wp-content\/uploads\/2021\/11\/KATIA-BLACK-SHIRT-FRONT-683x1024.jpg\"  title=\"KATIA BLACK SHIRT FRONT\"  data-width=\"683\"  data-height=\"1024\" ><\/div><div class=\"rbs-img-data-popup\"  data-popup=\"https:\/\/www.paripari-lingerie.com\/wp-content\/uploads\/2021\/11\/KATIA-BLACK-SHIRT-FRONT.jpg\"  title=\"KATIA BLACK SHIRT FRONT\" ><\/div><div class=\"thumbnail-overlay\"><div class=\"rbsTitle \">KATIA BLACK SHIRT FRONT<\/div><div class=\"rbsIcons\"><i class=\"fa fa-search-plus rbsZoomIcon \" ><\/i><\/div><\/div><\/div><\/div><div class=\"rbs-img  category2876 \" ><div class=\"rbs-img-image   rbs-lightbox \" ><div class=\"rbs-img-thumbs\"  data-thumbnail=\"https:\/\/www.paripari-lingerie.com\/wp-content\/uploads\/2021\/11\/KATIA-BLACK-SHIRT-REAR-683x1024.jpg\"  title=\"KATIA BLACK SHIRT REAR\"  data-width=\"683\"  data-height=\"1024\" ><\/div><div class=\"rbs-img-data-popup\"  data-popup=\"https:\/\/www.paripari-lingerie.com\/wp-content\/uploads\/2021\/11\/KATIA-BLACK-SHIRT-REAR.jpg\"  title=\"KATIA BLACK SHIRT REAR\" ><\/div><div class=\"thumbnail-overlay\"><div class=\"rbsTitle \">KATIA BLACK SHIRT REAR<\/div><div class=\"rbsIcons\"><i class=\"fa fa-search-plus rbsZoomIcon \" ><\/i><\/div><\/div><\/div><\/div><div class=\"rbs-img  category2876 \" ><div class=\"rbs-img-image   rbs-lightbox \" ><div class=\"rbs-img-thumbs\"  data-thumbnail=\"https:\/\/www.paripari-lingerie.com\/wp-content\/uploads\/2021\/11\/KATIA-BLACK-PUSH-UP-and-BOXERS-FRONT-683x1024.jpg\"  title=\"KATIA BLACK PUSH-UP and BOXERS FRONT\"  data-width=\"683\"  data-height=\"1024\" ><\/div><div class=\"rbs-img-data-popup\"  data-popup=\"https:\/\/www.paripari-lingerie.com\/wp-content\/uploads\/2021\/11\/KATIA-BLACK-PUSH-UP-and-BOXERS-FRONT.jpg\"  title=\"KATIA BLACK PUSH-UP and BOXERS FRONT\" ><\/div><div class=\"thumbnail-overlay\"><div class=\"rbsTitle \">KATIA BLACK PUSH-UP and BOXERS FRONT<\/div><div class=\"rbsIcons\"><i class=\"fa fa-search-plus rbsZoomIcon \" ><\/i><\/div><\/div><\/div><\/div><div class=\"rbs-img  category2876 \" ><div class=\"rbs-img-image   rbs-lightbox \" ><div class=\"rbs-img-thumbs\"  data-thumbnail=\"https:\/\/www.paripari-lingerie.com\/wp-content\/uploads\/2021\/11\/KATIA-BLACK-PUSH-UP-and-BOXERS-REAR-696x1024.jpg\"  title=\"KATIA BLACK PUSH-UP and BOXERS REAR\"  data-width=\"696\"  data-height=\"1024\" ><\/div><div class=\"rbs-img-data-popup\"  data-popup=\"https:\/\/www.paripari-lingerie.com\/wp-content\/uploads\/2021\/11\/KATIA-BLACK-PUSH-UP-and-BOXERS-REAR.jpg\"  title=\"KATIA BLACK PUSH-UP and BOXERS REAR\" ><\/div><div class=\"thumbnail-overlay\"><div class=\"rbsTitle \">KATIA BLACK PUSH-UP and BOXERS REAR<\/div><div class=\"rbsIcons\"><i class=\"fa fa-search-plus rbsZoomIcon \" ><\/i><\/div><\/div><\/div><\/div><div class=\"rbs-img  category2876 \" ><div class=\"rbs-img-image   rbs-lightbox \" ><div class=\"rbs-img-thumbs\"  data-thumbnail=\"https:\/\/www.paripari-lingerie.com\/wp-content\/uploads\/2021\/11\/KATIA-BLACK-PUSH-UP-and-FULL-FRONT-683x1024.jpg\"  title=\"KATIA BLACK PUSH-UP and FULL FRONT\"  data-width=\"683\"  data-height=\"1024\" ><\/div><div class=\"rbs-img-data-popup\"  data-popup=\"https:\/\/www.paripari-lingerie.com\/wp-content\/uploads\/2021\/11\/KATIA-BLACK-PUSH-UP-and-FULL-FRONT.jpg\"  title=\"KATIA BLACK PUSH-UP and FULL FRONT\" ><\/div><div class=\"thumbnail-overlay\"><div class=\"rbsTitle \">KATIA BLACK PUSH-UP and FULL FRONT<\/div><div class=\"rbsIcons\"><i class=\"fa fa-search-plus rbsZoomIcon \" ><\/i><\/div><\/div><\/div><\/div><div class=\"rbs-img  category2876 \" ><div class=\"rbs-img-image   rbs-lightbox \" ><div class=\"rbs-img-thumbs\"  data-thumbnail=\"https:\/\/www.paripari-lingerie.com\/wp-content\/uploads\/2021\/11\/KATIA-BLACK-PUSH-UP-and-FULL-REAR-696x1024.jpg\"  title=\"KATIA BLACK PUSH-UP and FULL REAR\"  data-width=\"696\"  data-height=\"1024\" ><\/div><div class=\"rbs-img-data-popup\"  data-popup=\"https:\/\/www.paripari-lingerie.com\/wp-content\/uploads\/2021\/11\/KATIA-BLACK-PUSH-UP-and-FULL-REAR.jpg\"  title=\"KATIA BLACK PUSH-UP and FULL REAR\" ><\/div><div class=\"thumbnail-overlay\"><div class=\"rbsTitle \">KATIA BLACK PUSH-UP and FULL REAR<\/div><div class=\"rbsIcons\"><i class=\"fa fa-search-plus rbsZoomIcon \" ><\/i><\/div><\/div><\/div><\/div><div class=\"rbs-img  category2876 \" ><div class=\"rbs-img-image   rbs-lightbox \" ><div class=\"rbs-img-thumbs\"  data-thumbnail=\"https:\/\/www.paripari-lingerie.com\/wp-content\/uploads\/2021\/11\/KATIA-BLACK-PUSH-UP-and-STRING-FRONT-683x1024.jpg\"  title=\"KATIA BLACK PUSH-UP and STRING FRONT\"  data-width=\"683\"  data-height=\"1024\" ><\/div><div class=\"rbs-img-data-popup\"  data-popup=\"https:\/\/www.paripari-lingerie.com\/wp-content\/uploads\/2021\/11\/KATIA-BLACK-PUSH-UP-and-STRING-FRONT.jpg\"  title=\"KATIA BLACK PUSH-UP and STRING FRONT\" ><\/div><div class=\"thumbnail-overlay\"><div class=\"rbsTitle \">KATIA BLACK PUSH-UP and STRING FRONT<\/div><div class=\"rbsIcons\"><i class=\"fa fa-search-plus rbsZoomIcon \" ><\/i><\/div><\/div><\/div><\/div><div class=\"rbs-img  category2876 \" ><div class=\"rbs-img-image   rbs-lightbox \" ><div class=\"rbs-img-thumbs\"  data-thumbnail=\"https:\/\/www.paripari-lingerie.com\/wp-content\/uploads\/2021\/11\/KATIA-BLACK-PUSH-UP-and-STRING-REAR-683x1024.jpg\"  title=\"KATIA BLACK PUSH-UP and STRING REAR\"  data-width=\"683\"  data-height=\"1024\" ><\/div><div class=\"rbs-img-data-popup\"  data-popup=\"https:\/\/www.paripari-lingerie.com\/wp-content\/uploads\/2021\/11\/KATIA-BLACK-PUSH-UP-and-STRING-REAR.jpg\"  title=\"KATIA BLACK PUSH-UP and STRING REAR\" ><\/div><div class=\"thumbnail-overlay\"><div class=\"rbsTitle \">KATIA BLACK PUSH-UP and STRING REAR<\/div><div class=\"rbsIcons\"><i class=\"fa fa-search-plus rbsZoomIcon \" ><\/i><\/div><\/div><\/div><\/div><\/div><\/div><\/div><script>var rbs_gallery_69fa0fc226a8a = {\"version\":\"5.1.4\",\"id\":2876,\"class\":\"id2876\",\"roboGalleryDelay\":1000,\"mainContainer\":\"#robo_gallery_main_block_rbs_gallery_69fa0fc226a8a\",\"loadingContainer\":\"#rbs_gallery_69fa0fc226a8a-block-loader\",\"loadingContainerObj\":\"rbs_gallery_69fa0fc226a8a-block-loader\",\"columnWidth\":\"auto\",\"columns\":3,\"resolutions\":[{\"columnWidth\":\"auto\",\"columns\":3,\"maxWidth\":960},{\"columnWidth\":\"auto\",\"columns\":2,\"maxWidth\":650},{\"columnWidth\":\"auto\",\"columns\":1,\"maxWidth\":450}],\"lightboxOptions\":{\"gallery\":{\"enabled\":true,\"tCounter\":\"%curr% of %total%\"}},\"overlayEffect\":\"direction-aware-fade\",\"boxesToLoadStart\":12,\"boxesToLoad\":8,\"waitUntilThumbLoads\":1,\"LoadingWord\":\"Loading...\",\"loadMoreWord\":\"Load More\",\"noMoreEntriesWord\":\"No More Entries\",\"horizontalSpaceBetweenBoxes\":15,\"verticalSpaceBetweenBoxes\":15,\"lazyLoad\":0,\"wrapContainer\":\"#robo-gallery-wrap-rbs_gallery_69fa0fc226a8a\"};<\/script><\/p>\n<p><p><b>Biustonosz Katia Push-Up<\/b> to zmys\u0142owy i elegancki biustonosz, kt\u00f3ry doskonale modeluje biust. Usztywniane miseczki, pokryte eleganck\u0105 koronk\u0105 z kwiatowym wzorem, uwodzicielsko eksponuj\u0105 piersi, nadaj\u0105c im zaokr\u0105glony kszta\u0142t dzi\u0119ki uko\u015bnym ci\u0119ciom i fiszbinom. Pi\u0119kny haft otula ca\u0142e miski, a wyjmowane wk\u0142adki powi\u0119kszaj\u0105ce pozwalaj\u0105 na dostosowanie wygl\u0105du biustu. Biustonosz posiada regulowane, odpinane rami\u0105czka oraz tylne zapi\u0119cie na dwie lub trzy haftki, w zale\u017cno\u015bci od rozmiaru, z trzystopniow\u0105 regulacj\u0105 obwodu. G\u0142adki, jednolity ty\u0142 zapewnia komfort, a koronkowy obw\u00f3d dodaje elegancji. Doskona\u0142y wyb\u00f3r na co dzie\u0144 oraz na specjalne okazje, nawet do stroj\u00f3w z g\u0142\u0119bokim dekoltem.<\/p>\n<p>Do kompletu idealnie pasuj\u0105 pozosta\u0142e elementy kolekcji Katia:<\/p>\n<ul>\n<li><b>Katia Figi Pe\u0142ne<\/b>: Przepi\u0119kne po\u0142\u0105czenie delikatnej i wygodnej mikrofibry z koronk\u0105, kt\u00f3ra subtelnie podkre\u015bla kobieco\u015b\u0107. Wygodny kr\u00f3j delikatnie modeluje brzuch i po\u015bladki, zapewniaj\u0105c swobod\u0119 noszenia. Ozdobne kokardki dodaj\u0105 ca\u0142o\u015bci uroku.<\/li>\n<li><b>Katia Stringi<\/b>: Przepi\u0119kne po\u0142\u0105czenie mikrofibry i koronki, kt\u00f3re idealnie podkre\u015bla kr\u0105g\u0142o\u015bci damskiej sylwetki. Zmys\u0142owa i elegancka forma, doskona\u0142a na co dzie\u0144 i na wyj\u0105tkowe chwile.<\/li>\n<li><b>Katia Bokserki<\/b>: Klasycznie pi\u0119kna forma w po\u0142\u0105czeniu z bogat\u0105 koronk\u0105 tworzy duet, kt\u00f3remu nikt si\u0119 nie oprze. Delikatnie otulaj\u0105 cia\u0142o, zapewniaj\u0105c jednocze\u015bnie elegancki wygl\u0105d i wygod\u0119.<\/li>\n<li><b>Katia Koszulka<\/b>: Ta subtelna koszulka \u0142\u0105czy w sobie g\u0142adk\u0105, jednolit\u0105 tkanin\u0119 z eleganck\u0105 koronk\u0105. Miseczki ozdobione kwiatow\u0105 koronk\u0105 tworz\u0105 zmys\u0142owy dekolt, kt\u00f3ry przyci\u0105ga uwag\u0119. Idealna na wyj\u0105tkowe wieczory, podkre\u015bla pi\u0119kno sylwetki, oferuj\u0105c zar\u00f3wno komfort, jak i elegancj\u0119.<\/li>\n<\/ul>\n<p>Ca\u0142y zestaw tworzy sp\u00f3jn\u0105 i wyrafinowan\u0105 lini\u0119 bielizny, kt\u00f3ra zapewnia komfort i zmys\u0142owy wygl\u0105d, podkre\u015blaj\u0105c pi\u0119kno kobiecej sylwetki.<\/p>\n<p><\/p><br \/>\n<p><\/p>\n<table class=\"sizeTable\">\n<tbody>\n<tr>\n<td><b>BIUSTONOSZ USZTYWNIANY (PUSH-UP)<\/b><br \/>\n65 CDEFGH<br \/>\n70 BCDEFG<br \/>\n75 ABCDEFGH<br \/>\n80 ABCDEFG<br \/>\n85 ABCDEF<br \/>\n90 BCDE<br \/>\n95 BCD<br \/>\n100 BC<br \/>\n105 B<\/td>\n<\/tr>\n<\/tbody>\n<\/table>\n<p><\/p><\/p>\n<p><\/p>\n<table class=\"sizeTable\">\n<tbody>\n<tr>\n<td><b>FIGI PE\u0141NE<\/b><br \/>\nS, M, L, XL, XXL<\/td>\n<td><b>STRINGI<\/b><br \/>\nS, M, L, XL, XXL<\/td>\n<td><b>BOKSERKI<\/b><br \/>\nS, M, L, XL, XXL<\/td>\n<\/tr>\n<\/tbody>\n<\/table>\n<p><\/p>\n<p><\/p>\n<table class=\"sizeTable\">\n<tbody>\n<tr>\n<td><b>KOSZULKA<\/b><br \/>\nS, M, L, XL, XXL<\/td>\n<\/tr>\n<\/tbody>\n<\/table>\n<p><\/p>\n<p><p><\/p>\n<div style=\"display: flex; align-items: center; gap: 15px; margin-top: 20px; width: 100%;\">\n    <img decoding=\"async\" src=\"https:\/\/www.paripari-lingerie.com\/wp-content\/uploads\/2024\/10\/handshake_icon.png\" alt=\"Ikona wsp\u00f3\u0142pracy\" style=\"width: 50px; height: auto;\"\/><\/p>\n<div>\n        <b>Chcesz nawi\u0105za\u0107 wsp\u00f3\u0142prac\u0119 i zosta\u0107 dystrybutorem bielizny PariPari?<br \/>\n        <a href=\"https:\/\/www.paripari-lingerie.com\/cooperation-resell-paripari-lingerie-and-build-your-success-with-our-brand\/\">Tu znajdziesz wi\u0119cej informacji<\/a>, skontaktuj si\u0119 z nami \u2013 zapraszamy!<\/b>\n    <\/div>\n<\/div>\n<p><\/p><br \/>\n<\/p>","protected":false},"excerpt":{"rendered":"","protected":false},"author":1,"featured_media":0,"parent":1564,"menu_order":20,"comment_status":"closed","ping_status":"closed","template":"","meta":{"footnotes":""},"class_list":["post-2887","page","type-page","status-publish","czr-hentry"],"_links":{"self":[{"href":"https:\/\/www.paripari-lingerie.com\/pl\/wp-json\/wp\/v2\/pages\/2887","targetHints":{"allow":["GET"]}}],"collection":[{"href":"https:\/\/www.paripari-lingerie.com\/pl\/wp-json\/wp\/v2\/pages"}],"about":[{"href":"https:\/\/www.paripari-lingerie.com\/pl\/wp-json\/wp\/v2\/types\/page"}],"author":[{"embeddable":true,"href":"https:\/\/www.paripari-lingerie.com\/pl\/wp-json\/wp\/v2\/users\/1"}],"replies":[{"embeddable":true,"href":"https:\/\/www.paripari-lingerie.com\/pl\/wp-json\/wp\/v2\/comments?post=2887"}],"version-history":[{"count":5,"href":"https:\/\/www.paripari-lingerie.com\/pl\/wp-json\/wp\/v2\/pages\/2887\/revisions"}],"predecessor-version":[{"id":3790,"href":"https:\/\/www.paripari-lingerie.com\/pl\/wp-json\/wp\/v2\/pages\/2887\/revisions\/3790"}],"up":[{"embeddable":true,"href":"https:\/\/www.paripari-lingerie.com\/pl\/wp-json\/wp\/v2\/pages\/1564"}],"wp:attachment":[{"href":"https:\/\/www.paripari-lingerie.com\/pl\/wp-json\/wp\/v2\/media?parent=2887"}],"curies":[{"name":"wp","href":"https:\/\/api.w.org\/{rel}","templated":true}]}}