{"id":3246,"date":"2023-12-14T17:22:18","date_gmt":"2023-12-14T16:22:18","guid":{"rendered":"https:\/\/www.paripari-lingerie.com\/?page_id=3246"},"modified":"2024-12-20T11:59:15","modified_gmt":"2024-12-20T10:59:15","slug":"cynthia-beige","status":"publish","type":"page","link":"https:\/\/www.paripari-lingerie.com\/pl\/collection\/cynthia-beige\/","title":{"rendered":"CYNTHIA BE\u017bOWA"},"content":{"rendered":"<p><br \/>\n<\/p>\n<p style=\"text-align: center;\"><style type=\"text\/css\" scoped>.rbs_gallery_69fa10a6dcdcdSpinner{\r\n\t\t\t\tmargin: 50px auto;\r\n\t\t\t\twidth: 50px;\r\n\t\t\t\theight: 40px;\r\n\t\t\t\ttext-align: center;\r\n\t\t\t\tfont-size: 10px;\r\n\t\t\t}\r\n\t\t\t.rbs_gallery_69fa10a6dcdcdSpinner > div{\r\n\t\t\t  background-color: #333;\r\n\t\t\t  height: 100%;\r\n\t\t\t  width: 6px;\r\n\t\t\t  display: inline-block;\r\n\t\t\t  -webkit-animation: rbs_gallery_69fa10a6dcdcd-stretchdelay 1.2s infinite ease-in-out;\r\n\t\t\t  animation: rbs_gallery_69fa10a6dcdcd-stretchdelay 1.2s infinite ease-in-out;\r\n\t\t\t}\r\n\t\t\t.rbs_gallery_69fa10a6dcdcdSpinner .rbs_gallery_69fa10a6dcdcdRect2 {\r\n\t\t\t  -webkit-animation-delay: -1.1s;\r\n\t\t\t  animation-delay: -1.1s;\r\n\t\t\t}\r\n\t\t\t.rbs_gallery_69fa10a6dcdcdSpinner .rbs_gallery_69fa10a6dcdcdRect3 {\r\n\t\t\t  -webkit-animation-delay: -1.0s;\r\n\t\t\t  animation-delay: -1.0s;\r\n\t\t\t}\r\n\t\t\t.rbs_gallery_69fa10a6dcdcdSpinner .rbs_gallery_69fa10a6dcdcdRect4 {\r\n\t\t\t  -webkit-animation-delay: -0.9s;\r\n\t\t\t  animation-delay: -0.9s;\r\n\t\t\t}\r\n\t\t\t.rbs_gallery_69fa10a6dcdcdSpinner .rbs_gallery_69fa10a6dcdcdRect5 {\r\n\t\t\t  -webkit-animation-delay: -0.8s;\r\n\t\t\t  animation-delay: -0.8s;\r\n\t\t\t}\r\n\t\t\t@-webkit-keyframes rbs_gallery_69fa10a6dcdcd-stretchdelay {\r\n\t\t\t  0%, 40%, 100% { -webkit-transform: scaleY(0.4) }  \r\n\t\t\t  20% { -webkit-transform: scaleY(1.0) }\r\n\t\t\t}\r\n\t\t\t@keyframes rbs_gallery_69fa10a6dcdcd-stretchdelay {\r\n\t\t\t  0%, 40%, 100% { \r\n\t\t\t    transform: scaleY(0.4);\r\n\t\t\t    -webkit-transform: scaleY(0.4);\r\n\t\t\t  }  20% { \r\n\t\t\t    transform: scaleY(1.0);\r\n\t\t\t    -webkit-transform: scaleY(1.0);\r\n\t\t\t  }\r\n\t\t\t}\r\n\t\t<\/style><div class=\"robo-gallery-wrap robo-gallery-wrap-id3254 robo-gallery-\" ><div id=\"rbs_gallery_69fa10a6dcdcd-block-loader\" class=\"rbs_gallery_69fa10a6dcdcdSpinner\"><div class=\"rbs_gallery_69fa10a6dcdcdRect1\"><\/div> <div class=\"rbs_gallery_69fa10a6dcdcdRect2\"><\/div> <div class=\"rbs_gallery_69fa10a6dcdcdRect3\"><\/div> <div class=\"rbs_gallery_69fa10a6dcdcdRect4\"><\/div> <div class=\"rbs_gallery_69fa10a6dcdcdRect5\"><\/div><\/div><div class=\"rbs_gallery_button  rbs_gallery_align_left\" id=\"rbs_gallery_69fa10a6dcdcdfilter\" style=\" display: none;\" ><a class=\"button button-border-caution  \" href=\"#\" data-filter=\"*\">All<\/a><\/div><div id=\"robo_gallery_main_block_rbs_gallery_69fa10a6dcdcd\" class=\"robogallery-gallery-3254\" style=\"width:100%;  display: none;\"><div id=\"rbs_gallery_69fa10a6dcdcd\" data-options=\"rbs_gallery_69fa10a6dcdcd\" style=\"width:100%;\" class=\"robo_gallery  \"><div class=\"rbs-img  category3254 \" ><div class=\"rbs-img-image   rbs-lightbox \" ><div class=\"rbs-img-thumbs\"  data-thumbnail=\"https:\/\/www.paripari-lingerie.com\/wp-content\/uploads\/2023\/12\/CYNTHIA-BEIGE-SOFT-AND-STRING-FRONT-683x1024.jpg\"  title=\"CYNTHIA BEIGE SOFT AND STRING FRONT\"  data-width=\"683\"  data-height=\"1024\" ><\/div><div class=\"rbs-img-data-popup\"  data-popup=\"https:\/\/www.paripari-lingerie.com\/wp-content\/uploads\/2023\/12\/CYNTHIA-BEIGE-SOFT-AND-STRING-FRONT.jpg\"  title=\"CYNTHIA BEIGE SOFT AND STRING FRONT\" ><\/div><div class=\"thumbnail-overlay\"><div class=\"rbsTitle \">CYNTHIA BEIGE SOFT AND STRING FRONT<\/div><div class=\"rbsIcons\"><i class=\"fa fa-search-plus rbsZoomIcon \" ><\/i><\/div><\/div><\/div><\/div><div class=\"rbs-img  category3254 \" ><div class=\"rbs-img-image   rbs-lightbox \" ><div class=\"rbs-img-thumbs\"  data-thumbnail=\"https:\/\/www.paripari-lingerie.com\/wp-content\/uploads\/2023\/12\/CYNTHIA-BEIGE-SOFT-and-FULL-FRONT-683x1024.jpg\"  title=\"CYNTHIA BEIGE SOFT and FULL FRONT\"  data-width=\"683\"  data-height=\"1024\" ><\/div><div class=\"rbs-img-data-popup\"  data-popup=\"https:\/\/www.paripari-lingerie.com\/wp-content\/uploads\/2023\/12\/CYNTHIA-BEIGE-SOFT-and-FULL-FRONT.jpg\"  title=\"CYNTHIA BEIGE SOFT and FULL FRONT\" ><\/div><div class=\"thumbnail-overlay\"><div class=\"rbsTitle \">CYNTHIA BEIGE SOFT and FULL FRONT<\/div><div class=\"rbsIcons\"><i class=\"fa fa-search-plus rbsZoomIcon \" ><\/i><\/div><\/div><\/div><\/div><div class=\"rbs-img  category3254 \" ><div class=\"rbs-img-image   rbs-lightbox \" ><div class=\"rbs-img-thumbs\"  data-thumbnail=\"https:\/\/www.paripari-lingerie.com\/wp-content\/uploads\/2023\/12\/CYNTHIA-BEIGE-SOFT-and-FULL-HIGH-WAIST-FRONT-683x1024.jpg\"  title=\"CYNTHIA BEIGE SOFT and FULL HIGH WAIST FRONT\"  data-width=\"683\"  data-height=\"1024\" ><\/div><div class=\"rbs-img-data-popup\"  data-popup=\"https:\/\/www.paripari-lingerie.com\/wp-content\/uploads\/2023\/12\/CYNTHIA-BEIGE-SOFT-and-FULL-HIGH-WAIST-FRONT.jpg\"  title=\"CYNTHIA BEIGE SOFT and FULL HIGH WAIST FRONT\" ><\/div><div class=\"thumbnail-overlay\"><div class=\"rbsTitle \">CYNTHIA BEIGE SOFT and FULL HIGH WAIST FRONT<\/div><div class=\"rbsIcons\"><i class=\"fa fa-search-plus rbsZoomIcon \" ><\/i><\/div><\/div><\/div><\/div><div class=\"rbs-img  category3254 \" ><div class=\"rbs-img-image   rbs-lightbox \" ><div class=\"rbs-img-thumbs\"  data-thumbnail=\"https:\/\/www.paripari-lingerie.com\/wp-content\/uploads\/2023\/12\/CYNTHIA-BEIGE-STRING-REAR-683x1024.jpg\"  title=\"CYNTHIA BEIGE STRING REAR\"  data-width=\"683\"  data-height=\"1024\" ><\/div><div class=\"rbs-img-data-popup\"  data-popup=\"https:\/\/www.paripari-lingerie.com\/wp-content\/uploads\/2023\/12\/CYNTHIA-BEIGE-STRING-REAR.jpg\"  title=\"CYNTHIA BEIGE STRING REAR\" ><\/div><div class=\"thumbnail-overlay\"><div class=\"rbsTitle \">CYNTHIA BEIGE STRING REAR<\/div><div class=\"rbsIcons\"><i class=\"fa fa-search-plus rbsZoomIcon \" ><\/i><\/div><\/div><\/div><\/div><div class=\"rbs-img  category3254 \" ><div class=\"rbs-img-image   rbs-lightbox \" ><div class=\"rbs-img-thumbs\"  data-thumbnail=\"https:\/\/www.paripari-lingerie.com\/wp-content\/uploads\/2023\/12\/CYNTHIA-BEIGE-FULL-REAR-683x1024.jpg\"  title=\"CYNTHIA BEIGE FULL REAR\"  data-width=\"683\"  data-height=\"1024\" ><\/div><div class=\"rbs-img-data-popup\"  data-popup=\"https:\/\/www.paripari-lingerie.com\/wp-content\/uploads\/2023\/12\/CYNTHIA-BEIGE-FULL-REAR.jpg\"  title=\"CYNTHIA BEIGE FULL REAR\" ><\/div><div class=\"thumbnail-overlay\"><div class=\"rbsTitle \">CYNTHIA BEIGE FULL REAR<\/div><div class=\"rbsIcons\"><i class=\"fa fa-search-plus rbsZoomIcon \" ><\/i><\/div><\/div><\/div><\/div><div class=\"rbs-img  category3254 \" ><div class=\"rbs-img-image   rbs-lightbox \" ><div class=\"rbs-img-thumbs\"  data-thumbnail=\"https:\/\/www.paripari-lingerie.com\/wp-content\/uploads\/2023\/12\/CYNTHIA-BEIGE-FULL-HIGH-WAIST-REAR-683x1024.jpg\"  title=\"CYNTHIA BEIGE FULL HIGH WAIST REAR\"  data-width=\"683\"  data-height=\"1024\" ><\/div><div class=\"rbs-img-data-popup\"  data-popup=\"https:\/\/www.paripari-lingerie.com\/wp-content\/uploads\/2023\/12\/CYNTHIA-BEIGE-FULL-HIGH-WAIST-REAR.jpg\"  title=\"CYNTHIA BEIGE FULL HIGH WAIST REAR\" ><\/div><div class=\"thumbnail-overlay\"><div class=\"rbsTitle \">CYNTHIA BEIGE FULL HIGH WAIST REAR<\/div><div class=\"rbsIcons\"><i class=\"fa fa-search-plus rbsZoomIcon \" ><\/i><\/div><\/div><\/div><\/div><\/div><\/div><\/div><script>var rbs_gallery_69fa10a6dcdcd = {\"version\":\"5.1.4\",\"id\":3254,\"class\":\"id3254\",\"roboGalleryDelay\":1000,\"mainContainer\":\"#robo_gallery_main_block_rbs_gallery_69fa10a6dcdcd\",\"loadingContainer\":\"#rbs_gallery_69fa10a6dcdcd-block-loader\",\"loadingContainerObj\":\"rbs_gallery_69fa10a6dcdcd-block-loader\",\"columnWidth\":\"auto\",\"columns\":3,\"resolutions\":[{\"columnWidth\":\"auto\",\"columns\":3,\"maxWidth\":960},{\"columnWidth\":\"auto\",\"columns\":2,\"maxWidth\":650},{\"columnWidth\":\"auto\",\"columns\":1,\"maxWidth\":450}],\"lightboxOptions\":{\"gallery\":{\"enabled\":true,\"tCounter\":\"%curr% of %total%\"}},\"overlayEffect\":\"direction-aware-fade\",\"boxesToLoadStart\":12,\"boxesToLoad\":8,\"waitUntilThumbLoads\":1,\"LoadingWord\":\"Loading...\",\"loadMoreWord\":\"Load More\",\"noMoreEntriesWord\":\"No More Entries\",\"horizontalSpaceBetweenBoxes\":15,\"verticalSpaceBetweenBoxes\":15,\"lazyLoad\":1,\"wrapContainer\":\"#robo-gallery-wrap-rbs_gallery_69fa10a6dcdcd\",\"filterContainer\":\"#rbs_gallery_69fa10a6dcdcdfilter\",\"loadMoreClass\":\"button-border-caution \"};<\/script><\/p>\n<p><p><b>Biustonosz Cynthia<\/b> to elegancka propozycja dla kobiet o \u015brednim i du\u017cym biu\u015bcie, wykonana z haftu o kwiatowym wzorze, kt\u00f3ry dodaje ca\u0142o\u015bci zmys\u0142owego charakteru. Miseczki s\u0105 nieusztywniane, zapewniaj\u0105c naturalne u\u0142o\u017cenie piersi i komfort noszenia. Dolna cz\u0119\u015b\u0107 miseczek zosta\u0142a wzmocniona stabiln\u0105 siateczk\u0105, a podw\u00f3jne pionowe przeszycia poprawiaj\u0105 trzymanie biustonosza, szczeg\u00f3lnie w wi\u0119kszych rozmiarach, co zapewnia solidne wsparcie i wygod\u0119. Boczne fiszbiny oraz szerokie panele z podw\u00f3jnej warstwy dzianiny dodatkowo stabilizuj\u0105 biust, a regulowane rami\u0105czka dostosowane do rozmiaru biustonosza gwarantuj\u0105 idealne dopasowanie. Tylne zapi\u0119cie ma trzy zapinki umo\u017cliwiaj\u0105ce regulacj\u0119 obwodu, jednak w zale\u017cno\u015bci od rozmiaru, szeroko\u015b\u0107 zapi\u0119cia wynosi dwa lub trzy rz\u0119dy haftek, co czyni ten model wyj\u0105tkowo komfortowym.<\/p>\n<p>Model Cynthia oferuje najwi\u0119ksze rozmiary biustonoszy dost\u0119pne w naszej ofercie \u2013 do 115B \u2013 co czyni go wyj\u0105tkowym na tle konkurencji. Konstrukcja zosta\u0142a przetestowana przez wiele miesi\u0119cy na najbardziej wymagaj\u0105cych biustach, co gwarantuje solidne wsparcie, pi\u0119kno i komfort noszenia. Taki zakres rozmiar\u00f3w to rzadko\u015b\u0107, a niewiele firm oferuje tak szerok\u0105 dost\u0119pno\u015b\u0107.<\/p>\n<p>Do kompletu idealnie pasuj\u0105 pozosta\u0142e elementy kolekcji Cynthia:<\/p>\n<ul>\n<li><b>Cynthia Figi Pe\u0142ne z Wysokim Stanem<\/b>: Klasyczne figi z wysokim stanem, wykonane z mi\u0119kkiej mikrofibry i delikatnego tiulu. Prz\u00f3d zdobi du\u017cy kawa\u0142ek pi\u0119knej koronki, kt\u00f3ra dodaje zmys\u0142owo\u015bci. G\u0142adki ty\u0142 zapewnia pe\u0142en komfort noszenia, a wysoki kr\u00f3j doskonale sprawdzi si\u0119 r\u00f3wnie\u017c u pa\u0144 o pe\u0142niejszych kszta\u0142tach. Figi s\u0105 dost\u0119pne w rozmiarach do 5XL, co czyni je jednymi z najwi\u0119kszych w naszej ofercie.<\/li>\n<li><b>Cynthia Figi Pe\u0142ne<\/b>: Te klasyczne figi wykonane z mi\u0119kkiej mikrofibry idealnie dopasowuj\u0105 si\u0119 do sylwetki, zapewniaj\u0105c wygod\u0119 na co dzie\u0144. Przedni\u0105 cz\u0119\u015b\u0107 zdobi\u0105 eleganckie, ozdobne hafty umieszczone po bokach, co dodaje figom subtelnego uroku. Ty\u0142 jest g\u0142adki, co gwarantuje komfort i doskona\u0142e dopasowanie. Figi dost\u0119pne s\u0105 w rozmiarach do 5XL.<\/li>\n<li><b>Cynthia Stringi<\/b>: Te eleganckie stringi \u0142\u0105cz\u0105 delikatny haft z kwiatowym wzorem z przodu oraz mi\u0119kk\u0105 mikrofibr\u0119 na g\u0142adkim tyle. Subtelne, transparentne wstawki z tiulu dodaj\u0105 zmys\u0142owo\u015bci, a pionowe szwy z przodu i z ty\u0142u zapewniaj\u0105 idealne dopasowanie do cia\u0142a.<\/li>\n<\/ul>\n<p>Ca\u0142a kolekcja Cynthia to linia bielizny, kt\u00f3ra oferuje nie tylko szeroki zakres rozmiar\u00f3w, ale r\u00f3wnie\u017c gwarantuje wyj\u0105tkowy komfort i elegancj\u0119. To doskona\u0142y wyb\u00f3r dla kobiet poszukuj\u0105cych bielizny, kt\u00f3ra \u0142\u0105czy pi\u0119kno i solidne wsparcie w codziennym u\u017cytkowaniu.<\/p><br \/>\n<p><a href=\"\/sizes-table\">Tabela rozmiar\u00f3w <strong>bielizny PariPari<\/strong><\/a><br \/>\n<\/p><br \/>\n<p><\/p>\n<table class=\"sizeTable\">\n<tbody>\n<tr>\n<td><b>BIUSTONOSZ MI\u0118KKI<\/b><\/td>\n<\/tr>\n<tr>\n<td>65&nbsp;&nbsp;FGH<\/td>\n<\/tr>\n<tr>\n<td>70&nbsp;&nbsp;EFG<\/td>\n<\/tr>\n<tr>\n<td>75&nbsp;&nbsp;DEFGHIJ<\/td>\n<\/tr>\n<tr>\n<td>80&nbsp;&nbsp;CDEFGHI<\/td>\n<\/tr>\n<tr>\n<td>85&nbsp;&nbsp;BCDEFGH<\/td>\n<\/tr>\n<tr>\n<td>90&nbsp;&nbsp;BCDEFG<\/td>\n<\/tr>\n<tr>\n<td>95&nbsp;&nbsp;BCDEF<\/td>\n<\/tr>\n<tr>\n<td>100&nbsp;&nbsp;BCDE<\/td>\n<\/tr>\n<tr>\n<td>105&nbsp;&nbsp;BCD<\/td>\n<\/tr>\n<tr>\n<td>110&nbsp;&nbsp;BC<\/td>\n<\/tr>\n<tr>\n<td>115&nbsp;&nbsp;B<\/td>\n<\/tr>\n<tr>\n<td><b>FIGI PE\u0141NE<\/b><\/td>\n<\/tr>\n<tr>\n<td>S&nbsp;&nbsp;M&nbsp;&nbsp;L&nbsp;&nbsp;XL&nbsp;&nbsp;XXL&nbsp;&nbsp;XXXL&nbsp;&nbsp;4XL&nbsp;&nbsp;5XL<\/td>\n<\/tr>\n<tr>\n<td><b>STRINGI<\/b><\/td>\n<\/tr>\n<tr>\n<td>S&nbsp;&nbsp;M&nbsp;&nbsp;L&nbsp;&nbsp;XL&nbsp;&nbsp;XXL&nbsp;&nbsp;XXXL&nbsp;&nbsp;4XL&nbsp;&nbsp;5XL<\/td>\n<\/tr>\n<tr>\n<td><b>FIGI PE\u0141NE WYSOKI STAN (HW)<\/b><\/td>\n<\/tr>\n<tr>\n<td>S&nbsp;&nbsp;M&nbsp;&nbsp;L&nbsp;&nbsp;XL&nbsp;&nbsp;XXL&nbsp;&nbsp;XXXL&nbsp;&nbsp;4XL&nbsp;&nbsp;5XL<\/td>\n<\/tr>\n<\/tbody>\n<\/table>\n<p><\/p><\/p>\n<p><p><\/p>\n<div style=\"display: flex; align-items: center; gap: 15px; margin-top: 20px; width: 100%;\">\n    <img decoding=\"async\" src=\"https:\/\/www.paripari-lingerie.com\/wp-content\/uploads\/2024\/10\/handshake_icon.png\" alt=\"Ikona wsp\u00f3\u0142pracy\" style=\"width: 50px; height: auto;\"\/><\/p>\n<div>\n        <b>Chcesz nawi\u0105za\u0107 wsp\u00f3\u0142prac\u0119 i zosta\u0107 dystrybutorem bielizny PariPari?<br \/>\n        <a href=\"https:\/\/www.paripari-lingerie.com\/cooperation-resell-paripari-lingerie-and-build-your-success-with-our-brand\/\">Tu znajdziesz wi\u0119cej informacji<\/a>, skontaktuj si\u0119 z nami \u2013 zapraszamy!<\/b>\n    <\/div>\n<\/div>\n<p><\/p><br \/>\n<\/p>","protected":false},"excerpt":{"rendered":"","protected":false},"author":1,"featured_media":0,"parent":1564,"menu_order":19,"comment_status":"closed","ping_status":"closed","template":"","meta":{"footnotes":""},"class_list":["post-3246","page","type-page","status-publish","czr-hentry"],"_links":{"self":[{"href":"https:\/\/www.paripari-lingerie.com\/pl\/wp-json\/wp\/v2\/pages\/3246","targetHints":{"allow":["GET"]}}],"collection":[{"href":"https:\/\/www.paripari-lingerie.com\/pl\/wp-json\/wp\/v2\/pages"}],"about":[{"href":"https:\/\/www.paripari-lingerie.com\/pl\/wp-json\/wp\/v2\/types\/page"}],"author":[{"embeddable":true,"href":"https:\/\/www.paripari-lingerie.com\/pl\/wp-json\/wp\/v2\/users\/1"}],"replies":[{"embeddable":true,"href":"https:\/\/www.paripari-lingerie.com\/pl\/wp-json\/wp\/v2\/comments?post=3246"}],"version-history":[{"count":7,"href":"https:\/\/www.paripari-lingerie.com\/pl\/wp-json\/wp\/v2\/pages\/3246\/revisions"}],"predecessor-version":[{"id":3768,"href":"https:\/\/www.paripari-lingerie.com\/pl\/wp-json\/wp\/v2\/pages\/3246\/revisions\/3768"}],"up":[{"embeddable":true,"href":"https:\/\/www.paripari-lingerie.com\/pl\/wp-json\/wp\/v2\/pages\/1564"}],"wp:attachment":[{"href":"https:\/\/www.paripari-lingerie.com\/pl\/wp-json\/wp\/v2\/media?parent=3246"}],"curies":[{"name":"wp","href":"https:\/\/api.w.org\/{rel}","templated":true}]}}