{"id":3311,"date":"2024-04-24T11:57:54","date_gmt":"2024-04-24T10:57:54","guid":{"rendered":"https:\/\/www.paripari-lingerie.com\/?page_id=3311"},"modified":"2024-12-20T12:01:54","modified_gmt":"2024-12-20T11:01:54","slug":"ellie-beige","status":"publish","type":"page","link":"https:\/\/www.paripari-lingerie.com\/pl\/collection\/ellie-beige\/","title":{"rendered":"ELLIE BE\u017bOWA"},"content":{"rendered":"<p><br \/>\n<\/p>\n<p style=\"text-align: center;\"><style type=\"text\/css\" scoped>.rbs_gallery_69f9ff664d9bcSpinner{\r\n\t\t\t\tmargin: 50px auto;\r\n\t\t\t\twidth: 50px;\r\n\t\t\t\theight: 40px;\r\n\t\t\t\ttext-align: center;\r\n\t\t\t\tfont-size: 10px;\r\n\t\t\t}\r\n\t\t\t.rbs_gallery_69f9ff664d9bcSpinner > div{\r\n\t\t\t  background-color: #333;\r\n\t\t\t  height: 100%;\r\n\t\t\t  width: 6px;\r\n\t\t\t  display: inline-block;\r\n\t\t\t  -webkit-animation: rbs_gallery_69f9ff664d9bc-stretchdelay 1.2s infinite ease-in-out;\r\n\t\t\t  animation: rbs_gallery_69f9ff664d9bc-stretchdelay 1.2s infinite ease-in-out;\r\n\t\t\t}\r\n\t\t\t.rbs_gallery_69f9ff664d9bcSpinner .rbs_gallery_69f9ff664d9bcRect2 {\r\n\t\t\t  -webkit-animation-delay: -1.1s;\r\n\t\t\t  animation-delay: -1.1s;\r\n\t\t\t}\r\n\t\t\t.rbs_gallery_69f9ff664d9bcSpinner .rbs_gallery_69f9ff664d9bcRect3 {\r\n\t\t\t  -webkit-animation-delay: -1.0s;\r\n\t\t\t  animation-delay: -1.0s;\r\n\t\t\t}\r\n\t\t\t.rbs_gallery_69f9ff664d9bcSpinner .rbs_gallery_69f9ff664d9bcRect4 {\r\n\t\t\t  -webkit-animation-delay: -0.9s;\r\n\t\t\t  animation-delay: -0.9s;\r\n\t\t\t}\r\n\t\t\t.rbs_gallery_69f9ff664d9bcSpinner .rbs_gallery_69f9ff664d9bcRect5 {\r\n\t\t\t  -webkit-animation-delay: -0.8s;\r\n\t\t\t  animation-delay: -0.8s;\r\n\t\t\t}\r\n\t\t\t@-webkit-keyframes rbs_gallery_69f9ff664d9bc-stretchdelay {\r\n\t\t\t  0%, 40%, 100% { -webkit-transform: scaleY(0.4) }  \r\n\t\t\t  20% { -webkit-transform: scaleY(1.0) }\r\n\t\t\t}\r\n\t\t\t@keyframes rbs_gallery_69f9ff664d9bc-stretchdelay {\r\n\t\t\t  0%, 40%, 100% { \r\n\t\t\t    transform: scaleY(0.4);\r\n\t\t\t    -webkit-transform: scaleY(0.4);\r\n\t\t\t  }  20% { \r\n\t\t\t    transform: scaleY(1.0);\r\n\t\t\t    -webkit-transform: scaleY(1.0);\r\n\t\t\t  }\r\n\t\t\t}\r\n\t\t<\/style><div class=\"robo-gallery-wrap robo-gallery-wrap-id3307 robo-gallery-\" ><div id=\"rbs_gallery_69f9ff664d9bc-block-loader\" class=\"rbs_gallery_69f9ff664d9bcSpinner\"><div class=\"rbs_gallery_69f9ff664d9bcRect1\"><\/div> <div class=\"rbs_gallery_69f9ff664d9bcRect2\"><\/div> <div class=\"rbs_gallery_69f9ff664d9bcRect3\"><\/div> <div class=\"rbs_gallery_69f9ff664d9bcRect4\"><\/div> <div class=\"rbs_gallery_69f9ff664d9bcRect5\"><\/div><\/div><div class=\"rbs_gallery_button  rbs_gallery_align_left\" id=\"rbs_gallery_69f9ff664d9bcfilter\" style=\" display: none;\" ><a class=\"button button-border-caution  \" href=\"#\" data-filter=\"*\">All<\/a><\/div><div id=\"robo_gallery_main_block_rbs_gallery_69f9ff664d9bc\" class=\"robogallery-gallery-3307\" style=\"width:100%;  display: none;\"><div id=\"rbs_gallery_69f9ff664d9bc\" data-options=\"rbs_gallery_69f9ff664d9bc\" style=\"width:100%;\" class=\"robo_gallery  \"><div class=\"rbs-img  category3307 \" ><div class=\"rbs-img-image   rbs-lightbox \" ><div class=\"rbs-img-thumbs\"  data-thumbnail=\"https:\/\/www.paripari-lingerie.com\/wp-content\/uploads\/2024\/04\/ELLIE-BEIGE-PUSH-UP-and-STRING-FRONT-683x1024.jpg\"  title=\"ELLIE BEIGE PUSH-UP and STRING FRONT\"  data-width=\"683\"  data-height=\"1024\" ><\/div><div class=\"rbs-img-data-popup\"  data-popup=\"https:\/\/www.paripari-lingerie.com\/wp-content\/uploads\/2024\/04\/ELLIE-BEIGE-PUSH-UP-and-STRING-FRONT-scaled.jpg\"  title=\"ELLIE BEIGE PUSH-UP and STRING FRONT\" ><\/div><div class=\"thumbnail-overlay\"><div class=\"rbsTitle \">ELLIE BEIGE PUSH-UP and STRING FRONT<\/div><div class=\"rbsIcons\"><i class=\"fa fa-search-plus rbsZoomIcon \" ><\/i><\/div><\/div><\/div><\/div><div class=\"rbs-img  category3307 \" ><div class=\"rbs-img-image   rbs-lightbox \" ><div class=\"rbs-img-thumbs\"  data-thumbnail=\"https:\/\/www.paripari-lingerie.com\/wp-content\/uploads\/2024\/04\/ELLIE-BEIGE-PUSH-UP-and-FULL-FRONT-683x1024.jpg\"  title=\"ELLIE BEIGE PUSH-UP and FULL FRONT\"  data-width=\"683\"  data-height=\"1024\" ><\/div><div class=\"rbs-img-data-popup\"  data-popup=\"https:\/\/www.paripari-lingerie.com\/wp-content\/uploads\/2024\/04\/ELLIE-BEIGE-PUSH-UP-and-FULL-FRONT-scaled.jpg\"  title=\"ELLIE BEIGE PUSH-UP and FULL FRONT\" ><\/div><div class=\"thumbnail-overlay\"><div class=\"rbsTitle \">ELLIE BEIGE PUSH-UP and FULL FRONT<\/div><div class=\"rbsIcons\"><i class=\"fa fa-search-plus rbsZoomIcon \" ><\/i><\/div><\/div><\/div><\/div><div class=\"rbs-img  category3307 \" ><div class=\"rbs-img-image   rbs-lightbox \" ><div class=\"rbs-img-thumbs\"  data-thumbnail=\"https:\/\/www.paripari-lingerie.com\/wp-content\/uploads\/2024\/04\/ELLIE-BEIGE-PUSH-UP-and-STRING-REAR-683x1024.jpg\"  title=\"ELLIE BEIGE PUSH-UP and STRING REAR\"  data-width=\"683\"  data-height=\"1024\" ><\/div><div class=\"rbs-img-data-popup\"  data-popup=\"https:\/\/www.paripari-lingerie.com\/wp-content\/uploads\/2024\/04\/ELLIE-BEIGE-PUSH-UP-and-STRING-REAR-scaled.jpg\"  title=\"ELLIE BEIGE PUSH-UP and STRING REAR\" ><\/div><div class=\"thumbnail-overlay\"><div class=\"rbsTitle \">ELLIE BEIGE PUSH-UP and STRING REAR<\/div><div class=\"rbsIcons\"><i class=\"fa fa-search-plus rbsZoomIcon \" ><\/i><\/div><\/div><\/div><\/div><div class=\"rbs-img  category3307 \" ><div class=\"rbs-img-image   rbs-lightbox \" ><div class=\"rbs-img-thumbs\"  data-thumbnail=\"https:\/\/www.paripari-lingerie.com\/wp-content\/uploads\/2024\/04\/ELLIE-BEIGE-PUSH-UP-and-FULL-REAR-683x1024.jpg\"  title=\"ELLIE BEIGE PUSH-UP and FULL REAR\"  data-width=\"683\"  data-height=\"1024\" ><\/div><div class=\"rbs-img-data-popup\"  data-popup=\"https:\/\/www.paripari-lingerie.com\/wp-content\/uploads\/2024\/04\/ELLIE-BEIGE-PUSH-UP-and-FULL-REAR-scaled.jpg\"  title=\"ELLIE BEIGE PUSH-UP and FULL REAR\" ><\/div><div class=\"thumbnail-overlay\"><div class=\"rbsTitle \">ELLIE BEIGE PUSH-UP and FULL REAR<\/div><div class=\"rbsIcons\"><i class=\"fa fa-search-plus rbsZoomIcon \" ><\/i><\/div><\/div><\/div><\/div><\/div><\/div><\/div><script>var rbs_gallery_69f9ff664d9bc = {\"version\":\"5.1.4\",\"id\":3307,\"class\":\"id3307\",\"roboGalleryDelay\":1000,\"mainContainer\":\"#robo_gallery_main_block_rbs_gallery_69f9ff664d9bc\",\"loadingContainer\":\"#rbs_gallery_69f9ff664d9bc-block-loader\",\"loadingContainerObj\":\"rbs_gallery_69f9ff664d9bc-block-loader\",\"columnWidth\":\"auto\",\"columns\":3,\"resolutions\":[{\"columnWidth\":\"auto\",\"columns\":3,\"maxWidth\":960},{\"columnWidth\":\"auto\",\"columns\":2,\"maxWidth\":650},{\"columnWidth\":\"auto\",\"columns\":1,\"maxWidth\":450}],\"lightboxOptions\":{\"gallery\":{\"enabled\":true,\"tCounter\":\"%curr% of %total%\"}},\"overlayEffect\":\"direction-aware-fade\",\"boxesToLoadStart\":12,\"boxesToLoad\":8,\"waitUntilThumbLoads\":1,\"LoadingWord\":\"Loading...\",\"loadMoreWord\":\"Load More\",\"noMoreEntriesWord\":\"No More Entries\",\"horizontalSpaceBetweenBoxes\":15,\"verticalSpaceBetweenBoxes\":15,\"lazyLoad\":1,\"wrapContainer\":\"#robo-gallery-wrap-rbs_gallery_69f9ff664d9bc\",\"filterContainer\":\"#rbs_gallery_69f9ff664d9bcfilter\",\"loadMoreClass\":\"button-border-caution \"};<\/script><\/p>\n<p><p><b>Biustonosz Ellie Push-Up<\/b> to elegancki, bardzo \u0142adny i zmys\u0142owy biustonosz, kt\u00f3ry doskonale podkre\u015bli Tw\u00f3j dekolt. Usztywniane miseczki, pokryte mi\u0119kkim, elastycznym tiulem, uwodzicielsko eksponuj\u0105 piersi. Delikatna satynowa lam\u00f3wka na kraw\u0119dziach miseczek dodaje subtelno\u015bci, a urocza satynowa kokardka mi\u0119dzy piersiami podkre\u015bla elegancj\u0119. Biustonosz jest nie tylko estetyczny, ale tak\u017ce bardzo dyskretny pod bluzk\u0105, dzi\u0119ki czemu idealnie nadaje si\u0119 na ka\u017cd\u0105 okazj\u0119.<\/p>\n<p>Wyposa\u017cony jest w wyjmowane wk\u0142adki, kt\u00f3re pozwalaj\u0105 dostosowa\u0107 efekt push-up. Boczne fiszbiny i klasyczne fiszbiny zapewniaj\u0105 odpowiednie wsparcie, a g\u0142adki, jednolity ty\u0142 oferuje komfort noszenia. Rami\u0105czka s\u0105 regulowane i odpinane wy\u0142\u0105cznie z ty\u0142u. Tylne zapi\u0119cie zawsze ma trzy zapinki umo\u017cliwiaj\u0105ce regulacj\u0119 obwodu, jednak w zale\u017cno\u015bci od rozmiaru, szeroko\u015b\u0107 zapi\u0119cia wynosi dwa lub trzy rz\u0119dy haftek, co czyni ten model wyj\u0105tkowo komfortowym.<\/p>\n<p>Do kompletu idealnie pasuj\u0105 pozosta\u0142e elementy kolekcji Ellie:<\/p>\n<ul>\n<li><b>Figi Ellie<\/b>: Klasyczne figi wykonane z g\u0142adkiej, jednolitej tkaniny i transparentnej siateczki. Prz\u00f3d zdobiony delikatnymi wstawkami z siateczki i po\u0142yskuj\u0105c\u0105 lam\u00f3wk\u0105. Ty\u0142 z mi\u0119kkiej mikrofibry idealnie dopasowuje si\u0119 do sylwetki, a bawe\u0142niany klin zapewnia komfort noszenia przez ca\u0142y dzie\u0144.<\/li>\n<li><b>Stringi Ellie<\/b>: Zmys\u0142owe stringi z g\u0142adkiej tkaniny po\u0142\u0105czonej z transparentn\u0105 siateczk\u0105. Boki ozdobione s\u0105 podw\u00f3jnymi paseczkami, kt\u00f3re dodaj\u0105 lekko\u015bci, a prz\u00f3d zdobi satynowa kokardka. Ty\u0142 wykonany z delikatnej mikrofibry idealnie podkre\u015bla po\u015bladki. Bawe\u0142niany klin zapewnia wygod\u0119 i komfort, a lekkie materia\u0142y gwarantuj\u0105 swobod\u0119 ruch\u00f3w.<\/li>\n<\/ul>\n<p>Ca\u0142y zestaw tworzy sp\u00f3jn\u0105, eleganck\u0105 kolekcj\u0119, kt\u00f3ra \u0142\u0105czy komfort z wyrafinowanym stylem, podkre\u015blaj\u0105c pi\u0119kno kobiecej sylwetki.<\/p>\n<p><\/p><br \/>\n<p><a href=\"\/sizes-table\">Tabela rozmiar\u00f3w <strong>bielizny PariPari<\/strong><\/a><br \/>\n<\/p><br \/>\n<p><\/p>\n<table class=\"sizeTable\">\n<tbody>\n<tr>\n<td><b>BIUSTONOSZ USZTYWNIANY (PUSH-UP)<\/b><br \/>\n65 CDEFGH<br \/>\n70 BCDEFG<br \/>\n75 ABCDEFGH<br \/>\n80 ABCDEFG<br \/>\n85 ABCDEF<br \/>\n90 BCDE<br \/>\n95 BCD<br \/>\n100 BC<br \/>\n105 B<\/td>\n<\/tr>\n<\/tbody>\n<\/table>\n<p><\/p><br \/>\n<p><\/p>\n<table class=\"sizeTable\">\n<tbody>\n<tr>\n<td><b>FIGI PE\u0141NE<\/b><br \/>\nS, M, L, XL, XXL, XXXL<\/td>\n<td><b>STRINGI<\/b><br \/>\nS, M, L, XL, XXL, XXXL<\/td>\n<\/tr>\n<\/tbody>\n<\/table>\n<p><\/p><\/p>\n<p><p><\/p>\n<div style=\"display: flex; align-items: center; gap: 15px; margin-top: 20px; width: 100%;\">\n    <img decoding=\"async\" src=\"https:\/\/www.paripari-lingerie.com\/wp-content\/uploads\/2024\/10\/handshake_icon.png\" alt=\"Ikona wsp\u00f3\u0142pracy\" style=\"width: 50px; height: auto;\"\/><\/p>\n<div>\n        <b>Chcesz nawi\u0105za\u0107 wsp\u00f3\u0142prac\u0119 i zosta\u0107 dystrybutorem bielizny PariPari?<br \/>\n        <a href=\"https:\/\/www.paripari-lingerie.com\/cooperation-resell-paripari-lingerie-and-build-your-success-with-our-brand\/\">Tu znajdziesz wi\u0119cej informacji<\/a>, skontaktuj si\u0119 z nami \u2013 zapraszamy!<\/b>\n    <\/div>\n<\/div>\n<p><\/p><br \/>\n<\/p>","protected":false},"excerpt":{"rendered":"","protected":false},"author":1,"featured_media":0,"parent":1564,"menu_order":26,"comment_status":"closed","ping_status":"closed","template":"","meta":{"footnotes":""},"class_list":["post-3311","page","type-page","status-publish","czr-hentry"],"_links":{"self":[{"href":"https:\/\/www.paripari-lingerie.com\/pl\/wp-json\/wp\/v2\/pages\/3311","targetHints":{"allow":["GET"]}}],"collection":[{"href":"https:\/\/www.paripari-lingerie.com\/pl\/wp-json\/wp\/v2\/pages"}],"about":[{"href":"https:\/\/www.paripari-lingerie.com\/pl\/wp-json\/wp\/v2\/types\/page"}],"author":[{"embeddable":true,"href":"https:\/\/www.paripari-lingerie.com\/pl\/wp-json\/wp\/v2\/users\/1"}],"replies":[{"embeddable":true,"href":"https:\/\/www.paripari-lingerie.com\/pl\/wp-json\/wp\/v2\/comments?post=3311"}],"version-history":[{"count":6,"href":"https:\/\/www.paripari-lingerie.com\/pl\/wp-json\/wp\/v2\/pages\/3311\/revisions"}],"predecessor-version":[{"id":3772,"href":"https:\/\/www.paripari-lingerie.com\/pl\/wp-json\/wp\/v2\/pages\/3311\/revisions\/3772"}],"up":[{"embeddable":true,"href":"https:\/\/www.paripari-lingerie.com\/pl\/wp-json\/wp\/v2\/pages\/1564"}],"wp:attachment":[{"href":"https:\/\/www.paripari-lingerie.com\/pl\/wp-json\/wp\/v2\/media?parent=3311"}],"curies":[{"name":"wp","href":"https:\/\/api.w.org\/{rel}","templated":true}]}}