{"id":3552,"date":"2024-09-30T13:38:33","date_gmt":"2024-09-30T12:38:33","guid":{"rendered":"https:\/\/www.paripari-lingerie.com\/?page_id=3552"},"modified":"2024-12-20T12:53:57","modified_gmt":"2024-12-20T11:53:57","slug":"sophia-red","status":"publish","type":"page","link":"https:\/\/www.paripari-lingerie.com\/pl\/collection\/sophia-red\/","title":{"rendered":"SOPHIA CZERWONA"},"content":{"rendered":"<p><p><\/p>\n<div class=\"product-description\">\n<p><strong>SOPHIA \u2013 Elegancja i Wyrafinowanie<\/strong><\/p>\n<p>\n        Kolekcja SOPHIA to kwintesencja stylu i zmys\u0142owo\u015bci, zaprojektowana z my\u015bl\u0105 o kobietach, kt\u00f3re ceni\u0105 pi\u0119kno i wygod\u0119.<br \/>\n        Biustonosz typu balkonetka push-up zosta\u0142 wykonany z delikatnego materia\u0142u ozdobionego subtelnymi, po\u0142yskuj\u0105cymi kropeczkami.<br \/>\n        G\u0142adkie boczki i elegancka koronka na miseczkach oraz rami\u0105czkach dodaj\u0105 ca\u0142o\u015bci wyj\u0105tkowego uroku.<br \/>\n        Konstrukcja biustonosza doskonale eksponuje biust, podkre\u015blaj\u0105c jego kszta\u0142t i zapewniaj\u0105c jednocze\u015bnie idealne podparcie.\n    <\/p>\n<p>\n        Kolekcja SOPHIA oferuje tak\u017ce nieusztywniany biustonosz, kt\u00f3ry \u0142\u0105czy mi\u0119kk\u0105 mikrofibr\u0119 z delikatn\u0105 koronk\u0105.<br \/>\n        Miseczki w tym modelu gwarantuj\u0105 naturalny kszta\u0142t biustu, sprawiaj\u0105c, \u017ce jest to idealny wyb\u00f3r na co dzie\u0144.<br \/>\n        Model ten \u015bwietnie sprawdzi si\u0119 r\u00f3wnie\u017c u pa\u0144 z mniejszym biustem, zapewniaj\u0105c komfort i subtelne podparcie.\n    <\/p>\n<p>\n        Do kompletu dost\u0119pne s\u0105 dwa rodzaje majtek:<\/p>\n<ul>\n<li>Pe\u0142ne figi \u2013 klasyczne, wygodne i idealne na co dzie\u0144.<\/li>\n<li>Brazyliany z wysokim stanem \u2013 stylowe i zmys\u0142owe, podkre\u015blaj\u0105ce kobiece kszta\u0142ty.<\/li>\n<\/ul>\n<p>\n        Kolekcja SOPHIA jest dedykowana kobietom, kt\u00f3re szukaj\u0105 idealnego po\u0142\u0105czenia elegancji, funkcjonalno\u015bci i wyrafinowanego stylu.<br \/>\n        Ka\u017cdy element kolekcji zosta\u0142 zaprojektowany z my\u015bl\u0105 o komforcie i pi\u0119knie, co sprawia, \u017ce SOPHIA to doskona\u0142y wyb\u00f3r na ka\u017cd\u0105 okazj\u0119.\n    <\/p>\n<p>Odkryj magi\u0119 kolekcji SOPHIA i poczuj si\u0119 wyj\u0105tkowo ka\u017cdego dnia.<\/p>\n<\/div>\n<p><\/p><p><a href=\"https:\/\/www.google.com\/search?q=PariPari+Sophia&#038;hl=pl\" target=\"_blank\">Wyszukaj i kup model PariPari Sophia<\/a><\/p><\/p>\n<p style=\"text-align: center;\"><style type=\"text\/css\" scoped>.rbs_gallery_69fa0fa53bfe8Spinner{\r\n\t\t\t\tmargin: 50px auto;\r\n\t\t\t\twidth: 50px;\r\n\t\t\t\theight: 40px;\r\n\t\t\t\ttext-align: center;\r\n\t\t\t\tfont-size: 10px;\r\n\t\t\t}\r\n\t\t\t.rbs_gallery_69fa0fa53bfe8Spinner > div{\r\n\t\t\t  background-color: #333;\r\n\t\t\t  height: 100%;\r\n\t\t\t  width: 6px;\r\n\t\t\t  display: inline-block;\r\n\t\t\t  -webkit-animation: rbs_gallery_69fa0fa53bfe8-stretchdelay 1.2s infinite ease-in-out;\r\n\t\t\t  animation: rbs_gallery_69fa0fa53bfe8-stretchdelay 1.2s infinite ease-in-out;\r\n\t\t\t}\r\n\t\t\t.rbs_gallery_69fa0fa53bfe8Spinner .rbs_gallery_69fa0fa53bfe8Rect2 {\r\n\t\t\t  -webkit-animation-delay: -1.1s;\r\n\t\t\t  animation-delay: -1.1s;\r\n\t\t\t}\r\n\t\t\t.rbs_gallery_69fa0fa53bfe8Spinner .rbs_gallery_69fa0fa53bfe8Rect3 {\r\n\t\t\t  -webkit-animation-delay: -1.0s;\r\n\t\t\t  animation-delay: -1.0s;\r\n\t\t\t}\r\n\t\t\t.rbs_gallery_69fa0fa53bfe8Spinner .rbs_gallery_69fa0fa53bfe8Rect4 {\r\n\t\t\t  -webkit-animation-delay: -0.9s;\r\n\t\t\t  animation-delay: -0.9s;\r\n\t\t\t}\r\n\t\t\t.rbs_gallery_69fa0fa53bfe8Spinner .rbs_gallery_69fa0fa53bfe8Rect5 {\r\n\t\t\t  -webkit-animation-delay: -0.8s;\r\n\t\t\t  animation-delay: -0.8s;\r\n\t\t\t}\r\n\t\t\t@-webkit-keyframes rbs_gallery_69fa0fa53bfe8-stretchdelay {\r\n\t\t\t  0%, 40%, 100% { -webkit-transform: scaleY(0.4) }  \r\n\t\t\t  20% { -webkit-transform: scaleY(1.0) }\r\n\t\t\t}\r\n\t\t\t@keyframes rbs_gallery_69fa0fa53bfe8-stretchdelay {\r\n\t\t\t  0%, 40%, 100% { \r\n\t\t\t    transform: scaleY(0.4);\r\n\t\t\t    -webkit-transform: scaleY(0.4);\r\n\t\t\t  }  20% { \r\n\t\t\t    transform: scaleY(1.0);\r\n\t\t\t    -webkit-transform: scaleY(1.0);\r\n\t\t\t  }\r\n\t\t\t}\r\n\t\t<\/style><div class=\"robo-gallery-wrap robo-gallery-wrap-id3504 robo-gallery-\" ><div id=\"rbs_gallery_69fa0fa53bfe8-block-loader\" class=\"rbs_gallery_69fa0fa53bfe8Spinner\"><div class=\"rbs_gallery_69fa0fa53bfe8Rect1\"><\/div> <div class=\"rbs_gallery_69fa0fa53bfe8Rect2\"><\/div> <div class=\"rbs_gallery_69fa0fa53bfe8Rect3\"><\/div> <div class=\"rbs_gallery_69fa0fa53bfe8Rect4\"><\/div> <div class=\"rbs_gallery_69fa0fa53bfe8Rect5\"><\/div><\/div><div class=\"rbs_gallery_button  rbs_gallery_align_left\" id=\"rbs_gallery_69fa0fa53bfe8filter\" style=\" display: none;\" ><a class=\"button button-border-caution  \" href=\"#\" data-filter=\"*\">All<\/a><\/div><div id=\"robo_gallery_main_block_rbs_gallery_69fa0fa53bfe8\" class=\"robogallery-gallery-3504\" style=\"width:100%;  display: none;\"><div id=\"rbs_gallery_69fa0fa53bfe8\" data-options=\"rbs_gallery_69fa0fa53bfe8\" style=\"width:100%;\" class=\"robo_gallery  \"><div class=\"rbs-img  category3504 \" ><div class=\"rbs-img-image   rbs-lightbox \" ><div class=\"rbs-img-thumbs\"  data-thumbnail=\"https:\/\/www.paripari-lingerie.com\/wp-content\/uploads\/2024\/09\/SOPHIA-RED-PUSH-UP-and-FULL-FRONT-683x1024.jpg\"  title=\"SOPHIA RED PUSH-UP and FULL FRONT\"  data-width=\"683\"  data-height=\"1024\" ><\/div><div class=\"rbs-img-data-popup\"  data-popup=\"https:\/\/www.paripari-lingerie.com\/wp-content\/uploads\/2024\/09\/SOPHIA-RED-PUSH-UP-and-FULL-FRONT-scaled.jpg\"  title=\"SOPHIA RED PUSH-UP and FULL FRONT\" ><\/div><div class=\"thumbnail-overlay\"><div class=\"rbsTitle \">SOPHIA RED PUSH-UP and FULL FRONT<\/div><div class=\"rbsIcons\"><i class=\"fa fa-search-plus rbsZoomIcon \" ><\/i><\/div><\/div><\/div><\/div><div class=\"rbs-img  category3504 \" ><div class=\"rbs-img-image   rbs-lightbox \" ><div class=\"rbs-img-thumbs\"  data-thumbnail=\"https:\/\/www.paripari-lingerie.com\/wp-content\/uploads\/2024\/09\/SOPHIA-RED-PUSH-UP-and-FULL-REAR-683x1024.jpg\"  title=\"SOPHIA RED PUSH-UP and FULL REAR\"  data-width=\"683\"  data-height=\"1024\" ><\/div><div class=\"rbs-img-data-popup\"  data-popup=\"https:\/\/www.paripari-lingerie.com\/wp-content\/uploads\/2024\/09\/SOPHIA-RED-PUSH-UP-and-FULL-REAR-scaled.jpg\"  title=\"SOPHIA RED PUSH-UP and FULL REAR\" ><\/div><div class=\"thumbnail-overlay\"><div class=\"rbsTitle \">SOPHIA RED PUSH-UP and FULL REAR<\/div><div class=\"rbsIcons\"><i class=\"fa fa-search-plus rbsZoomIcon \" ><\/i><\/div><\/div><\/div><\/div><div class=\"rbs-img  category3504 \" ><div class=\"rbs-img-image   rbs-lightbox \" ><div class=\"rbs-img-thumbs\"  data-thumbnail=\"https:\/\/www.paripari-lingerie.com\/wp-content\/uploads\/2024\/09\/SOPHIA-RED-PUSH-UP-and-BRAZILIAN-HIGH-WAIST-FRONT-683x1024.jpg\"  title=\"SOPHIA RED PUSH-UP and BRAZILIAN HIGH WAIST FRONT\"  data-width=\"683\"  data-height=\"1024\" ><\/div><div class=\"rbs-img-data-popup\"  data-popup=\"https:\/\/www.paripari-lingerie.com\/wp-content\/uploads\/2024\/09\/SOPHIA-RED-PUSH-UP-and-BRAZILIAN-HIGH-WAIST-FRONT-scaled.jpg\"  title=\"SOPHIA RED PUSH-UP and BRAZILIAN HIGH WAIST FRONT\" ><\/div><div class=\"thumbnail-overlay\"><div class=\"rbsTitle \">SOPHIA RED PUSH-UP and BRAZILIAN HIGH WAIST FRONT<\/div><div class=\"rbsIcons\"><i class=\"fa fa-search-plus rbsZoomIcon \" ><\/i><\/div><\/div><\/div><\/div><div class=\"rbs-img  category3504 \" ><div class=\"rbs-img-image   rbs-lightbox \" ><div class=\"rbs-img-thumbs\"  data-thumbnail=\"https:\/\/www.paripari-lingerie.com\/wp-content\/uploads\/2024\/09\/SOPHIA-RED-PUSH-UP-and-BRAZILIAN-HIGH-WAIST-REAR-683x1024.jpg\"  title=\"SOPHIA RED PUSH-UP and BRAZILIAN HIGH WAIST REAR\"  data-width=\"683\"  data-height=\"1024\" ><\/div><div class=\"rbs-img-data-popup\"  data-popup=\"https:\/\/www.paripari-lingerie.com\/wp-content\/uploads\/2024\/09\/SOPHIA-RED-PUSH-UP-and-BRAZILIAN-HIGH-WAIST-REAR-scaled.jpg\"  title=\"SOPHIA RED PUSH-UP and BRAZILIAN HIGH WAIST REAR\" ><\/div><div class=\"thumbnail-overlay\"><div class=\"rbsTitle \">SOPHIA RED PUSH-UP and BRAZILIAN HIGH WAIST REAR<\/div><div class=\"rbsIcons\"><i class=\"fa fa-search-plus rbsZoomIcon \" ><\/i><\/div><\/div><\/div><\/div><div class=\"rbs-img  category3504 \" ><div class=\"rbs-img-image   rbs-lightbox \" ><div class=\"rbs-img-thumbs\"  data-thumbnail=\"https:\/\/www.paripari-lingerie.com\/wp-content\/uploads\/2024\/09\/SOPHIA-RED-SOFT-and-BRAZILIAN-FRONT-683x1024.jpg\"  title=\"SOPHIA RED SOFT and BRAZILIAN FRONT\"  data-width=\"683\"  data-height=\"1024\" ><\/div><div class=\"rbs-img-data-popup\"  data-popup=\"https:\/\/www.paripari-lingerie.com\/wp-content\/uploads\/2024\/09\/SOPHIA-RED-SOFT-and-BRAZILIAN-FRONT-scaled.jpg\"  title=\"SOPHIA RED SOFT and BRAZILIAN FRONT\" ><\/div><div class=\"thumbnail-overlay\"><div class=\"rbsTitle \">SOPHIA RED SOFT and BRAZILIAN FRONT<\/div><div class=\"rbsIcons\"><i class=\"fa fa-search-plus rbsZoomIcon \" ><\/i><\/div><\/div><\/div><\/div><div class=\"rbs-img  category3504 \" ><div class=\"rbs-img-image   rbs-lightbox \" ><div class=\"rbs-img-thumbs\"  data-thumbnail=\"https:\/\/www.paripari-lingerie.com\/wp-content\/uploads\/2024\/09\/SOPHIA-RED-SOFT-and-BRAZILIAN-REAR-683x1024.jpg\"  title=\"SOPHIA RED SOFT and BRAZILIAN REAR\"  data-width=\"683\"  data-height=\"1024\" ><\/div><div class=\"rbs-img-data-popup\"  data-popup=\"https:\/\/www.paripari-lingerie.com\/wp-content\/uploads\/2024\/09\/SOPHIA-RED-SOFT-and-BRAZILIAN-REAR-scaled.jpg\"  title=\"SOPHIA RED SOFT and BRAZILIAN REAR\" ><\/div><div class=\"thumbnail-overlay\"><div class=\"rbsTitle \">SOPHIA RED SOFT and BRAZILIAN REAR<\/div><div class=\"rbsIcons\"><i class=\"fa fa-search-plus rbsZoomIcon \" ><\/i><\/div><\/div><\/div><\/div><\/div><\/div><\/div><script>var rbs_gallery_69fa0fa53bfe8 = {\"version\":\"5.1.4\",\"id\":3504,\"class\":\"id3504\",\"roboGalleryDelay\":1000,\"mainContainer\":\"#robo_gallery_main_block_rbs_gallery_69fa0fa53bfe8\",\"loadingContainer\":\"#rbs_gallery_69fa0fa53bfe8-block-loader\",\"loadingContainerObj\":\"rbs_gallery_69fa0fa53bfe8-block-loader\",\"columnWidth\":\"auto\",\"columns\":3,\"resolutions\":[{\"columnWidth\":\"auto\",\"columns\":3,\"maxWidth\":960},{\"columnWidth\":\"auto\",\"columns\":2,\"maxWidth\":650},{\"columnWidth\":\"auto\",\"columns\":1,\"maxWidth\":450}],\"lightboxOptions\":{\"gallery\":{\"enabled\":true,\"tCounter\":\"%curr% of %total%\"}},\"overlayEffect\":\"direction-aware-fade\",\"boxesToLoadStart\":12,\"boxesToLoad\":8,\"waitUntilThumbLoads\":1,\"LoadingWord\":\"Loading...\",\"loadMoreWord\":\"Load More\",\"noMoreEntriesWord\":\"No More Entries\",\"horizontalSpaceBetweenBoxes\":15,\"verticalSpaceBetweenBoxes\":15,\"lazyLoad\":1,\"wrapContainer\":\"#robo-gallery-wrap-rbs_gallery_69fa0fa53bfe8\",\"filterContainer\":\"#rbs_gallery_69fa0fa53bfe8filter\",\"loadMoreClass\":\"button-border-caution \"};<\/script><\/p>\n<p><p><a href=\"\/sizes-table\">Tabela rozmiar\u00f3w <strong>bielizny PariPari<\/strong><\/a><br \/>\n<\/p><br \/>\n<p><\/p>\n<table class=\"sizeTable\">\n<tbody>\n<tr>\n<td><b>BIUSTONOSZ PUSH-UP<\/b><\/td>\n<\/tr>\n<tr>\n<td>65&nbsp;&nbsp;CDEFGH<\/td>\n<\/tr>\n<tr>\n<td>70&nbsp;&nbsp;BCDEFG<\/td>\n<\/tr>\n<tr>\n<td>75&nbsp;&nbsp;ABCDEFGH<\/td>\n<\/tr>\n<tr>\n<td>80&nbsp;&nbsp;ABCDEFG<\/td>\n<\/tr>\n<tr>\n<td>85&nbsp;&nbsp;ABCDE<\/td>\n<\/tr>\n<tr>\n<td>90&nbsp;&nbsp;BCDE<\/td>\n<\/tr>\n<tr>\n<td>95&nbsp;&nbsp;BCD<\/td>\n<\/tr>\n<tr>\n<td>100&nbsp;&nbsp;BC<\/td>\n<\/tr>\n<tr>\n<td>105&nbsp;&nbsp;B<\/td>\n<\/tr>\n<tr>\n<td><b>BIUSTONOSZ MI\u0118KKI<\/b><\/td>\n<\/tr>\n<tr>\n<td>65&nbsp;&nbsp;CDEFGH<\/td>\n<\/tr>\n<tr>\n<td>70&nbsp;&nbsp;BCDEFG<\/td>\n<\/tr>\n<tr>\n<td>75&nbsp;&nbsp;ABCDE<\/td>\n<\/tr>\n<tr>\n<td>80&nbsp;&nbsp;ABCDE<\/td>\n<\/tr>\n<tr>\n<td>85&nbsp;&nbsp;ABCD<\/td>\n<\/tr>\n<tr>\n<td>90&nbsp;&nbsp;BC<\/td>\n<\/tr>\n<tr>\n<td>95&nbsp;&nbsp;B<\/td>\n<\/tr>\n<tr>\n<td><b>FIGI PE\u0141NE<\/b><\/td>\n<\/tr>\n<tr>\n<td>S&nbsp;&nbsp;M&nbsp;&nbsp;L&nbsp;&nbsp;XL&nbsp;&nbsp;XXL&nbsp;&nbsp;XXXL<\/td>\n<\/tr>\n<tr>\n<td><b>FIGI BRAZYLIJKI<\/b><\/td>\n<\/tr>\n<tr>\n<td>S&nbsp;&nbsp;M&nbsp;&nbsp;L&nbsp;&nbsp;XL&nbsp;&nbsp;XXL&nbsp;&nbsp;XXXL<\/td>\n<\/tr>\n<tr>\n<td><b>FIGI BRAZYLIJKI WYSOKI STAN (HW)<\/b><\/td>\n<\/tr>\n<tr>\n<td>S&nbsp;&nbsp;M&nbsp;&nbsp;L&nbsp;&nbsp;XL&nbsp;&nbsp;XXL&nbsp;&nbsp;XXXL<\/td>\n<\/tr>\n<\/tbody>\n<\/table>\n<p><\/p><\/p>\n<p><p><\/p>\n<div style=\"display: flex; align-items: center; gap: 15px; margin-top: 20px; width: 100%;\">\n    <img decoding=\"async\" src=\"https:\/\/www.paripari-lingerie.com\/wp-content\/uploads\/2024\/10\/handshake_icon.png\" alt=\"Ikona wsp\u00f3\u0142pracy\" style=\"width: 50px; height: auto;\"\/><\/p>\n<div>\n        <b>Chcesz nawi\u0105za\u0107 wsp\u00f3\u0142prac\u0119 i zosta\u0107 dystrybutorem bielizny PariPari?<br \/>\n        <a href=\"https:\/\/www.paripari-lingerie.com\/cooperation-resell-paripari-lingerie-and-build-your-success-with-our-brand\/\">Tu znajdziesz wi\u0119cej informacji<\/a>, skontaktuj si\u0119 z nami \u2013 zapraszamy!<\/b>\n    <\/div>\n<\/div>\n<p><\/p><br \/>\n<\/p>","protected":false},"excerpt":{"rendered":"","protected":false},"author":1,"featured_media":0,"parent":1564,"menu_order":29,"comment_status":"closed","ping_status":"closed","template":"","meta":{"footnotes":""},"class_list":["post-3552","page","type-page","status-publish","czr-hentry"],"_links":{"self":[{"href":"https:\/\/www.paripari-lingerie.com\/pl\/wp-json\/wp\/v2\/pages\/3552","targetHints":{"allow":["GET"]}}],"collection":[{"href":"https:\/\/www.paripari-lingerie.com\/pl\/wp-json\/wp\/v2\/pages"}],"about":[{"href":"https:\/\/www.paripari-lingerie.com\/pl\/wp-json\/wp\/v2\/types\/page"}],"author":[{"embeddable":true,"href":"https:\/\/www.paripari-lingerie.com\/pl\/wp-json\/wp\/v2\/users\/1"}],"replies":[{"embeddable":true,"href":"https:\/\/www.paripari-lingerie.com\/pl\/wp-json\/wp\/v2\/comments?post=3552"}],"version-history":[{"count":4,"href":"https:\/\/www.paripari-lingerie.com\/pl\/wp-json\/wp\/v2\/pages\/3552\/revisions"}],"predecessor-version":[{"id":3808,"href":"https:\/\/www.paripari-lingerie.com\/pl\/wp-json\/wp\/v2\/pages\/3552\/revisions\/3808"}],"up":[{"embeddable":true,"href":"https:\/\/www.paripari-lingerie.com\/pl\/wp-json\/wp\/v2\/pages\/1564"}],"wp:attachment":[{"href":"https:\/\/www.paripari-lingerie.com\/pl\/wp-json\/wp\/v2\/media?parent=3552"}],"curies":[{"name":"wp","href":"https:\/\/api.w.org\/{rel}","templated":true}]}}