{"id":3633,"date":"2024-12-02T12:52:38","date_gmt":"2024-12-02T11:52:38","guid":{"rendered":"https:\/\/www.paripari-lingerie.com\/?page_id=3633"},"modified":"2024-12-20T12:54:49","modified_gmt":"2024-12-20T11:54:49","slug":"sylvie-black","status":"publish","type":"page","link":"https:\/\/www.paripari-lingerie.com\/pl\/collection\/sylvie-black\/","title":{"rendered":"SYLVIE CZARNA"},"content":{"rendered":"<p><p><\/p>\n<div class=\"product-description\">\n<p><strong>SYLVIE \u2013 Wyrafinowana Zmys\u0142owo\u015b\u0107<\/strong><\/p>\n<p>\n        Kolekcja SYLVIE to kwintesencja klasy i delikatnej kobieco\u015bci. Biustonosz push-up zosta\u0142 zaprojektowany tak,<br \/>\n        aby pi\u0119knie wyeksponowa\u0107 biust i podkre\u015bli\u0107 jego naturalny kszta\u0142t. Koronkowe miseczki z kwiatowym wzorem nadaj\u0105 ca\u0142o\u015bci lekko\u015bci i romantycznego wdzi\u0119ku,<br \/>\n        podczas gdy boczki z elastycznej mikrofibry idealnie dopasowuj\u0105 si\u0119 do cia\u0142a, zapewniaj\u0105c wygod\u0119 przez ca\u0142y dzie\u0144.<br \/>\n        Biustonosz wyko\u0144czony jest szerok\u0105 haftk\u0105 (3&#215;3), co gwarantuje pewne podtrzymanie i stabilno\u015b\u0107.\n    <\/p>\n<p>\n        W sk\u0142ad kolekcji wchodz\u0105 r\u00f3wnie\u017c trzy rodzaje majtek, dzi\u0119ki czemu ka\u017cda kobieta znajdzie co\u015b dla siebie:<\/p>\n<ul>\n<li>Klasyczne figi \u2013 ponadczasowy wyb\u00f3r dla tych, kt\u00f3re ceni\u0105 komfort i prostot\u0119.<\/li>\n<li>Stringi \u2013 doskona\u0142e dla pa\u0144, kt\u00f3re pragn\u0105 podkre\u015bli\u0107 swoj\u0105 zmys\u0142owo\u015b\u0107.<\/li>\n<li>Figi z wysokim stanem \u2013 stylowe i praktyczne, zapewniaj\u0105ce dodatkowe wsparcie.<\/li>\n<\/ul>\n<p>\n        Kolekcja SYLVIE jest stworzona z my\u015bl\u0105 o kobietach, kt\u00f3re pragn\u0105 czu\u0107 si\u0119 wyj\u0105tkowo ka\u017cdego dnia, niezale\u017cnie od okazji.<br \/>\n        Po\u0142\u0105czenie pi\u0119knych detali i wysokiej funkcjonalno\u015bci sprawia, \u017ce jest to idealny wyb\u00f3r dla ka\u017cdej kobiety.\n    <\/p>\n<p>Odkryj wyj\u0105tkowy charakter kolekcji SYLVIE, ogl\u0105daj\u0105c jej pe\u0142ni\u0119 pi\u0119kna na zdj\u0119ciach.<\/p>\n<\/div>\n<p><\/p><p><a href=\"https:\/\/www.google.com\/search?q=PariPari+Sylvie&#038;hl=pl\" target=\"_blank\">Wyszukaj i kup model PariPari Sylvie<\/a><\/p><\/p>\n<p style=\"text-align: center;\"><style type=\"text\/css\" scoped>.rbs_gallery_69e7373065cb2Spinner{\r\n\t\t\t\tmargin: 50px auto;\r\n\t\t\t\twidth: 50px;\r\n\t\t\t\theight: 40px;\r\n\t\t\t\ttext-align: center;\r\n\t\t\t\tfont-size: 10px;\r\n\t\t\t}\r\n\t\t\t.rbs_gallery_69e7373065cb2Spinner > div{\r\n\t\t\t  background-color: #333;\r\n\t\t\t  height: 100%;\r\n\t\t\t  width: 6px;\r\n\t\t\t  display: inline-block;\r\n\t\t\t  -webkit-animation: rbs_gallery_69e7373065cb2-stretchdelay 1.2s infinite ease-in-out;\r\n\t\t\t  animation: rbs_gallery_69e7373065cb2-stretchdelay 1.2s infinite ease-in-out;\r\n\t\t\t}\r\n\t\t\t.rbs_gallery_69e7373065cb2Spinner .rbs_gallery_69e7373065cb2Rect2 {\r\n\t\t\t  -webkit-animation-delay: -1.1s;\r\n\t\t\t  animation-delay: -1.1s;\r\n\t\t\t}\r\n\t\t\t.rbs_gallery_69e7373065cb2Spinner .rbs_gallery_69e7373065cb2Rect3 {\r\n\t\t\t  -webkit-animation-delay: -1.0s;\r\n\t\t\t  animation-delay: -1.0s;\r\n\t\t\t}\r\n\t\t\t.rbs_gallery_69e7373065cb2Spinner .rbs_gallery_69e7373065cb2Rect4 {\r\n\t\t\t  -webkit-animation-delay: -0.9s;\r\n\t\t\t  animation-delay: -0.9s;\r\n\t\t\t}\r\n\t\t\t.rbs_gallery_69e7373065cb2Spinner .rbs_gallery_69e7373065cb2Rect5 {\r\n\t\t\t  -webkit-animation-delay: -0.8s;\r\n\t\t\t  animation-delay: -0.8s;\r\n\t\t\t}\r\n\t\t\t@-webkit-keyframes rbs_gallery_69e7373065cb2-stretchdelay {\r\n\t\t\t  0%, 40%, 100% { -webkit-transform: scaleY(0.4) }  \r\n\t\t\t  20% { -webkit-transform: scaleY(1.0) }\r\n\t\t\t}\r\n\t\t\t@keyframes rbs_gallery_69e7373065cb2-stretchdelay {\r\n\t\t\t  0%, 40%, 100% { \r\n\t\t\t    transform: scaleY(0.4);\r\n\t\t\t    -webkit-transform: scaleY(0.4);\r\n\t\t\t  }  20% { \r\n\t\t\t    transform: scaleY(1.0);\r\n\t\t\t    -webkit-transform: scaleY(1.0);\r\n\t\t\t  }\r\n\t\t\t}\r\n\t\t<\/style><div class=\"robo-gallery-wrap robo-gallery-wrap-id3531 robo-gallery-\" ><div id=\"rbs_gallery_69e7373065cb2-block-loader\" class=\"rbs_gallery_69e7373065cb2Spinner\"><div class=\"rbs_gallery_69e7373065cb2Rect1\"><\/div> <div class=\"rbs_gallery_69e7373065cb2Rect2\"><\/div> <div class=\"rbs_gallery_69e7373065cb2Rect3\"><\/div> <div class=\"rbs_gallery_69e7373065cb2Rect4\"><\/div> <div class=\"rbs_gallery_69e7373065cb2Rect5\"><\/div><\/div><div id=\"robo_gallery_main_block_rbs_gallery_69e7373065cb2\" class=\"robogallery-gallery-3531\" style=\"width:100%;  display: none;\"><div id=\"rbs_gallery_69e7373065cb2\" data-options=\"rbs_gallery_69e7373065cb2\" style=\"width:100%;\" class=\"robo_gallery  \"><div class=\"rbs-img  category3531 \" ><div class=\"rbs-img-image   rbs-lightbox \" ><div class=\"rbs-img-thumbs\"  data-thumbnail=\"https:\/\/www.paripari-lingerie.com\/wp-content\/uploads\/2024\/09\/SYLVIE-BLACK-PUSH-UP-and-FULL-HIGH-WAIST-FRONT-683x1024.jpg\"  title=\"SYLVIE BLACK PUSH-UP and FULL HIGH WAIST FRONT\"  data-width=\"683\"  data-height=\"1024\" ><\/div><div class=\"rbs-img-data-popup\"  data-popup=\"https:\/\/www.paripari-lingerie.com\/wp-content\/uploads\/2024\/09\/SYLVIE-BLACK-PUSH-UP-and-FULL-HIGH-WAIST-FRONT-scaled.jpg\"  title=\"SYLVIE BLACK PUSH-UP and FULL HIGH WAIST FRONT\" ><\/div><div class=\"thumbnail-overlay\"><div class=\"rbsTitle \">SYLVIE BLACK PUSH-UP and FULL HIGH WAIST FRONT<\/div><div class=\"rbsIcons\"><i class=\"fa fa-search-plus rbsZoomIcon \" ><\/i><\/div><\/div><\/div><\/div><div class=\"rbs-img  category3531 \" ><div class=\"rbs-img-image   rbs-lightbox \" ><div class=\"rbs-img-thumbs\"  data-thumbnail=\"https:\/\/www.paripari-lingerie.com\/wp-content\/uploads\/2024\/09\/SYLVIE-BLACK-FULL-HIGH-WAIST-REAR-683x1024.jpg\"  title=\"SYLVIE BLACK FULL HIGH WAIST REAR\"  data-width=\"683\"  data-height=\"1024\" ><\/div><div class=\"rbs-img-data-popup\"  data-popup=\"https:\/\/www.paripari-lingerie.com\/wp-content\/uploads\/2024\/09\/SYLVIE-BLACK-FULL-HIGH-WAIST-REAR-scaled.jpg\"  title=\"SYLVIE BLACK FULL HIGH WAIST REAR\" ><\/div><div class=\"thumbnail-overlay\"><div class=\"rbsTitle \">SYLVIE BLACK FULL HIGH WAIST REAR<\/div><div class=\"rbsIcons\"><i class=\"fa fa-search-plus rbsZoomIcon \" ><\/i><\/div><\/div><\/div><\/div><div class=\"rbs-img  category3531 \" ><div class=\"rbs-img-image   rbs-lightbox \" ><div class=\"rbs-img-thumbs\"  data-thumbnail=\"https:\/\/www.paripari-lingerie.com\/wp-content\/uploads\/2024\/09\/SYLVIE-BLACK-PUSH-UP-and-FULL-FRONT-683x1024.jpg\"  title=\"SYLVIE BLACK PUSH-UP and FULL FRONT\"  data-width=\"683\"  data-height=\"1024\" ><\/div><div class=\"rbs-img-data-popup\"  data-popup=\"https:\/\/www.paripari-lingerie.com\/wp-content\/uploads\/2024\/09\/SYLVIE-BLACK-PUSH-UP-and-FULL-FRONT-scaled.jpg\"  title=\"SYLVIE BLACK PUSH-UP and FULL FRONT\" ><\/div><div class=\"thumbnail-overlay\"><div class=\"rbsTitle \">SYLVIE BLACK PUSH-UP and FULL FRONT<\/div><div class=\"rbsIcons\"><i class=\"fa fa-search-plus rbsZoomIcon \" ><\/i><\/div><\/div><\/div><\/div><div class=\"rbs-img  category3531 \" ><div class=\"rbs-img-image   rbs-lightbox \" ><div class=\"rbs-img-thumbs\"  data-thumbnail=\"https:\/\/www.paripari-lingerie.com\/wp-content\/uploads\/2024\/09\/SYLVIE-BLACK-FULL-REAR-683x1024.jpg\"  title=\"SYLVIE BLACK FULL REAR\"  data-width=\"683\"  data-height=\"1024\" ><\/div><div class=\"rbs-img-data-popup\"  data-popup=\"https:\/\/www.paripari-lingerie.com\/wp-content\/uploads\/2024\/09\/SYLVIE-BLACK-FULL-REAR-scaled.jpg\"  title=\"SYLVIE BLACK FULL REAR\" ><\/div><div class=\"thumbnail-overlay\"><div class=\"rbsTitle \">SYLVIE BLACK FULL REAR<\/div><div class=\"rbsIcons\"><i class=\"fa fa-search-plus rbsZoomIcon \" ><\/i><\/div><\/div><\/div><\/div><div class=\"rbs-img  category3531 \" ><div class=\"rbs-img-image   rbs-lightbox \" ><div class=\"rbs-img-thumbs\"  data-thumbnail=\"https:\/\/www.paripari-lingerie.com\/wp-content\/uploads\/2024\/09\/SYLVIE-BLACK-PUSH-UP-and-STRING-FRONT-683x1024.jpg\"  title=\"SYLVIE BLACK PUSH-UP and STRING FRONT\"  data-width=\"683\"  data-height=\"1024\" ><\/div><div class=\"rbs-img-data-popup\"  data-popup=\"https:\/\/www.paripari-lingerie.com\/wp-content\/uploads\/2024\/09\/SYLVIE-BLACK-PUSH-UP-and-STRING-FRONT-scaled.jpg\"  title=\"SYLVIE BLACK PUSH-UP and STRING FRONT\" ><\/div><div class=\"thumbnail-overlay\"><div class=\"rbsTitle \">SYLVIE BLACK PUSH-UP and STRING FRONT<\/div><div class=\"rbsIcons\"><i class=\"fa fa-search-plus rbsZoomIcon \" ><\/i><\/div><\/div><\/div><\/div><div class=\"rbs-img  category3531 \" ><div class=\"rbs-img-image   rbs-lightbox \" ><div class=\"rbs-img-thumbs\"  data-thumbnail=\"https:\/\/www.paripari-lingerie.com\/wp-content\/uploads\/2024\/09\/SYLVIE-BLACK-STRING-REAR-683x1024.jpg\"  title=\"SYLVIE BLACK STRING REAR\"  data-width=\"683\"  data-height=\"1024\" ><\/div><div class=\"rbs-img-data-popup\"  data-popup=\"https:\/\/www.paripari-lingerie.com\/wp-content\/uploads\/2024\/09\/SYLVIE-BLACK-STRING-REAR-scaled.jpg\"  title=\"SYLVIE BLACK STRING REAR\" ><\/div><div class=\"thumbnail-overlay\"><div class=\"rbsTitle \">SYLVIE BLACK STRING REAR<\/div><div class=\"rbsIcons\"><i class=\"fa fa-search-plus rbsZoomIcon \" ><\/i><\/div><\/div><\/div><\/div><\/div><\/div><\/div><script>var rbs_gallery_69e7373065cb2 = {\"version\":\"5.1.4\",\"id\":3531,\"class\":\"id3531\",\"roboGalleryDelay\":1000,\"mainContainer\":\"#robo_gallery_main_block_rbs_gallery_69e7373065cb2\",\"loadingContainer\":\"#rbs_gallery_69e7373065cb2-block-loader\",\"loadingContainerObj\":\"rbs_gallery_69e7373065cb2-block-loader\",\"columnWidth\":\"auto\",\"columns\":3,\"resolutions\":[{\"columnWidth\":\"auto\",\"columns\":3,\"maxWidth\":960},{\"columnWidth\":\"auto\",\"columns\":2,\"maxWidth\":650},{\"columnWidth\":\"auto\",\"columns\":1,\"maxWidth\":450}],\"lightboxOptions\":{\"gallery\":{\"enabled\":true,\"tCounter\":\"%curr% of %total%\"}},\"overlayEffect\":\"direction-aware-fade\",\"boxesToLoadStart\":12,\"boxesToLoad\":8,\"waitUntilThumbLoads\":1,\"LoadingWord\":\"Loading...\",\"loadMoreWord\":\"Load More\",\"noMoreEntriesWord\":\"No More Entries\",\"horizontalSpaceBetweenBoxes\":15,\"verticalSpaceBetweenBoxes\":15,\"lazyLoad\":0,\"wrapContainer\":\"#robo-gallery-wrap-rbs_gallery_69e7373065cb2\"};<\/script><\/p>\n<p><p><a href=\"\/sizes-table\">Tabela rozmiar\u00f3w <strong>bielizny PariPari<\/strong><\/a><br \/>\n<\/p><br \/>\n<p><\/p>\n<table class=\"sizeTable\">\n<tbody>\n<tr>\n<td><b>BIUSTONOSZ PUSH-UP<\/b><\/td>\n<\/tr>\n<tr>\n<td>65&nbsp;&nbsp;CDEFGH<\/td>\n<\/tr>\n<tr>\n<td>70&nbsp;&nbsp;BCDEFG<\/td>\n<\/tr>\n<tr>\n<td>75&nbsp;&nbsp;ABCDEFGH<\/td>\n<\/tr>\n<tr>\n<td>80&nbsp;&nbsp;ABCDEFG<\/td>\n<\/tr>\n<tr>\n<td>85&nbsp;&nbsp;ABCDE<\/td>\n<\/tr>\n<tr>\n<td>90&nbsp;&nbsp;BCDE<\/td>\n<\/tr>\n<tr>\n<td>95&nbsp;&nbsp;BCD<\/td>\n<\/tr>\n<tr>\n<td>100&nbsp;&nbsp;BC<\/td>\n<\/tr>\n<tr>\n<td>105&nbsp;&nbsp;B<\/td>\n<\/tr>\n<tr>\n<td><b>FIGI PE\u0141NE<\/b><\/td>\n<\/tr>\n<tr>\n<td>S&nbsp;&nbsp;M&nbsp;&nbsp;L&nbsp;&nbsp;XL&nbsp;&nbsp;XXL&nbsp;&nbsp;XXXL<\/td>\n<\/tr>\n<tr>\n<td><b>FIGI PE\u0141NE WYSOKI STAN (HW)<\/b><\/td>\n<\/tr>\n<tr>\n<td>S&nbsp;&nbsp;M&nbsp;&nbsp;L&nbsp;&nbsp;XL&nbsp;&nbsp;XXL&nbsp;&nbsp;XXXL<\/td>\n<\/tr>\n<tr>\n<td><b>STRINGI<\/b><\/td>\n<\/tr>\n<tr>\n<td>S&nbsp;&nbsp;M&nbsp;&nbsp;L&nbsp;&nbsp;XL&nbsp;&nbsp;XXL&nbsp;&nbsp;XXXL<\/td>\n<\/tr>\n<\/tbody>\n<\/table>\n<p><\/p><\/p>\n<p><p><\/p>\n<div style=\"display: flex; align-items: center; gap: 15px; margin-top: 20px; width: 100%;\">\n    <img decoding=\"async\" src=\"https:\/\/www.paripari-lingerie.com\/wp-content\/uploads\/2024\/10\/handshake_icon.png\" alt=\"Ikona wsp\u00f3\u0142pracy\" style=\"width: 50px; height: auto;\"\/><\/p>\n<div>\n        <b>Chcesz nawi\u0105za\u0107 wsp\u00f3\u0142prac\u0119 i zosta\u0107 dystrybutorem bielizny PariPari?<br \/>\n        <a href=\"https:\/\/www.paripari-lingerie.com\/cooperation-resell-paripari-lingerie-and-build-your-success-with-our-brand\/\">Tu znajdziesz wi\u0119cej informacji<\/a>, skontaktuj si\u0119 z nami \u2013 zapraszamy!<\/b>\n    <\/div>\n<\/div>\n<p><\/p><br \/>\n<\/p>\n<p><\/p>","protected":false},"excerpt":{"rendered":"","protected":false},"author":1,"featured_media":0,"parent":1564,"menu_order":28,"comment_status":"closed","ping_status":"closed","template":"","meta":{"footnotes":""},"class_list":["post-3633","page","type-page","status-publish","czr-hentry"],"_links":{"self":[{"href":"https:\/\/www.paripari-lingerie.com\/pl\/wp-json\/wp\/v2\/pages\/3633","targetHints":{"allow":["GET"]}}],"collection":[{"href":"https:\/\/www.paripari-lingerie.com\/pl\/wp-json\/wp\/v2\/pages"}],"about":[{"href":"https:\/\/www.paripari-lingerie.com\/pl\/wp-json\/wp\/v2\/types\/page"}],"author":[{"embeddable":true,"href":"https:\/\/www.paripari-lingerie.com\/pl\/wp-json\/wp\/v2\/users\/1"}],"replies":[{"embeddable":true,"href":"https:\/\/www.paripari-lingerie.com\/pl\/wp-json\/wp\/v2\/comments?post=3633"}],"version-history":[{"count":7,"href":"https:\/\/www.paripari-lingerie.com\/pl\/wp-json\/wp\/v2\/pages\/3633\/revisions"}],"predecessor-version":[{"id":3811,"href":"https:\/\/www.paripari-lingerie.com\/pl\/wp-json\/wp\/v2\/pages\/3633\/revisions\/3811"}],"up":[{"embeddable":true,"href":"https:\/\/www.paripari-lingerie.com\/pl\/wp-json\/wp\/v2\/pages\/1564"}],"wp:attachment":[{"href":"https:\/\/www.paripari-lingerie.com\/pl\/wp-json\/wp\/v2\/media?parent=3633"}],"curies":[{"name":"wp","href":"https:\/\/api.w.org\/{rel}","templated":true}]}}