{"id":3833,"date":"2025-05-26T13:17:31","date_gmt":"2025-05-26T12:17:31","guid":{"rendered":"https:\/\/www.paripari-lingerie.com\/?page_id=3833"},"modified":"2025-10-06T11:56:10","modified_gmt":"2025-10-06T10:56:10","slug":"laila-black","status":"publish","type":"page","link":"https:\/\/www.paripari-lingerie.com\/pl\/collection\/laila-black\/","title":{"rendered":"LAILA CZARNA"},"content":{"rendered":"<p><br \/>\n<\/p>\n<p style=\"text-align: center;\"><style type=\"text\/css\" scoped>.rbs_gallery_69fafd13ce644Spinner{\r\n\t\t\t\tmargin: 50px auto;\r\n\t\t\t\twidth: 50px;\r\n\t\t\t\theight: 40px;\r\n\t\t\t\ttext-align: center;\r\n\t\t\t\tfont-size: 10px;\r\n\t\t\t}\r\n\t\t\t.rbs_gallery_69fafd13ce644Spinner > div{\r\n\t\t\t  background-color: #333;\r\n\t\t\t  height: 100%;\r\n\t\t\t  width: 6px;\r\n\t\t\t  display: inline-block;\r\n\t\t\t  -webkit-animation: rbs_gallery_69fafd13ce644-stretchdelay 1.2s infinite ease-in-out;\r\n\t\t\t  animation: rbs_gallery_69fafd13ce644-stretchdelay 1.2s infinite ease-in-out;\r\n\t\t\t}\r\n\t\t\t.rbs_gallery_69fafd13ce644Spinner .rbs_gallery_69fafd13ce644Rect2 {\r\n\t\t\t  -webkit-animation-delay: -1.1s;\r\n\t\t\t  animation-delay: -1.1s;\r\n\t\t\t}\r\n\t\t\t.rbs_gallery_69fafd13ce644Spinner .rbs_gallery_69fafd13ce644Rect3 {\r\n\t\t\t  -webkit-animation-delay: -1.0s;\r\n\t\t\t  animation-delay: -1.0s;\r\n\t\t\t}\r\n\t\t\t.rbs_gallery_69fafd13ce644Spinner .rbs_gallery_69fafd13ce644Rect4 {\r\n\t\t\t  -webkit-animation-delay: -0.9s;\r\n\t\t\t  animation-delay: -0.9s;\r\n\t\t\t}\r\n\t\t\t.rbs_gallery_69fafd13ce644Spinner .rbs_gallery_69fafd13ce644Rect5 {\r\n\t\t\t  -webkit-animation-delay: -0.8s;\r\n\t\t\t  animation-delay: -0.8s;\r\n\t\t\t}\r\n\t\t\t@-webkit-keyframes rbs_gallery_69fafd13ce644-stretchdelay {\r\n\t\t\t  0%, 40%, 100% { -webkit-transform: scaleY(0.4) }  \r\n\t\t\t  20% { -webkit-transform: scaleY(1.0) }\r\n\t\t\t}\r\n\t\t\t@keyframes rbs_gallery_69fafd13ce644-stretchdelay {\r\n\t\t\t  0%, 40%, 100% { \r\n\t\t\t    transform: scaleY(0.4);\r\n\t\t\t    -webkit-transform: scaleY(0.4);\r\n\t\t\t  }  20% { \r\n\t\t\t    transform: scaleY(1.0);\r\n\t\t\t    -webkit-transform: scaleY(1.0);\r\n\t\t\t  }\r\n\t\t\t}\r\n\t\t<\/style><div class=\"robo-gallery-wrap robo-gallery-wrap-id3841 robo-gallery-\" ><div id=\"rbs_gallery_69fafd13ce644-block-loader\" class=\"rbs_gallery_69fafd13ce644Spinner\"><div class=\"rbs_gallery_69fafd13ce644Rect1\"><\/div> <div class=\"rbs_gallery_69fafd13ce644Rect2\"><\/div> <div class=\"rbs_gallery_69fafd13ce644Rect3\"><\/div> <div class=\"rbs_gallery_69fafd13ce644Rect4\"><\/div> <div class=\"rbs_gallery_69fafd13ce644Rect5\"><\/div><\/div><div id=\"robo_gallery_main_block_rbs_gallery_69fafd13ce644\" class=\"robogallery-gallery-3841\" style=\"width:100%;  display: none;\"><div id=\"rbs_gallery_69fafd13ce644\" data-options=\"rbs_gallery_69fafd13ce644\" style=\"width:100%;\" class=\"robo_gallery  \"><div class=\"rbs-img  category3841 \" ><div class=\"rbs-img-image   rbs-lightbox \" ><div class=\"rbs-img-thumbs\"  data-thumbnail=\"https:\/\/www.paripari-lingerie.com\/wp-content\/uploads\/2025\/05\/LAILA_BLACK_BRA_PUSH-UP_FRONT-683x1024.jpg\"  title=\"LAILA_BLACK_BRA_PUSH-UP_FRONT\"  data-width=\"683\"  data-height=\"1024\" ><\/div><div class=\"rbs-img-data-popup\"  data-popup=\"https:\/\/www.paripari-lingerie.com\/wp-content\/uploads\/2025\/05\/LAILA_BLACK_BRA_PUSH-UP_FRONT.jpg\"  title=\"LAILA_BLACK_BRA_PUSH-UP_FRONT\" ><\/div><div class=\"thumbnail-overlay\"><div class=\"rbsTitle \">LAILA_BLACK_BRA_PUSH-UP_FRONT<\/div><div class=\"rbsIcons\"><i class=\"fa fa-search-plus rbsZoomIcon \" ><\/i><\/div><\/div><\/div><\/div><div class=\"rbs-img  category3841 \" ><div class=\"rbs-img-image   rbs-lightbox \" ><div class=\"rbs-img-thumbs\"  data-thumbnail=\"https:\/\/www.paripari-lingerie.com\/wp-content\/uploads\/2025\/10\/LAILA_BLACK_BRA_SOFT_FRONT-683x1024.jpg\"  title=\"LAILA_BLACK_BRA_SOFT_FRONT\"  data-width=\"683\"  data-height=\"1024\" ><\/div><div class=\"rbs-img-data-popup\"  data-popup=\"https:\/\/www.paripari-lingerie.com\/wp-content\/uploads\/2025\/10\/LAILA_BLACK_BRA_SOFT_FRONT.jpg\"  title=\"LAILA_BLACK_BRA_SOFT_FRONT\" ><\/div><div class=\"thumbnail-overlay\"><div class=\"rbsTitle \">LAILA_BLACK_BRA_SOFT_FRONT<\/div><div class=\"rbsIcons\"><i class=\"fa fa-search-plus rbsZoomIcon \" ><\/i><\/div><\/div><\/div><\/div><div class=\"rbs-img  category3841 \" ><div class=\"rbs-img-image   rbs-lightbox \" ><div class=\"rbs-img-thumbs\"  data-thumbnail=\"https:\/\/www.paripari-lingerie.com\/wp-content\/uploads\/2025\/10\/LAILA_BLACK_PANTY_FULL_FRONT-683x1024.jpg\"  title=\"LAILA_BLACK_PANTY_FULL_FRONT\"  data-width=\"683\"  data-height=\"1024\" ><\/div><div class=\"rbs-img-data-popup\"  data-popup=\"https:\/\/www.paripari-lingerie.com\/wp-content\/uploads\/2025\/10\/LAILA_BLACK_PANTY_FULL_FRONT.jpg\"  title=\"LAILA_BLACK_PANTY_FULL_FRONT\" ><\/div><div class=\"thumbnail-overlay\"><div class=\"rbsTitle \">LAILA_BLACK_PANTY_FULL_FRONT<\/div><div class=\"rbsIcons\"><i class=\"fa fa-search-plus rbsZoomIcon \" ><\/i><\/div><\/div><\/div><\/div><div class=\"rbs-img  category3841 \" ><div class=\"rbs-img-image   rbs-lightbox \" ><div class=\"rbs-img-thumbs\"  data-thumbnail=\"https:\/\/www.paripari-lingerie.com\/wp-content\/uploads\/2025\/10\/LAILA_BLACK_PANTY_FULL_REAR-683x1024.jpg\"  title=\"LAILA_BLACK_PANTY_FULL_REAR\"  data-width=\"683\"  data-height=\"1024\" ><\/div><div class=\"rbs-img-data-popup\"  data-popup=\"https:\/\/www.paripari-lingerie.com\/wp-content\/uploads\/2025\/10\/LAILA_BLACK_PANTY_FULL_REAR.jpg\"  title=\"LAILA_BLACK_PANTY_FULL_REAR\" ><\/div><div class=\"thumbnail-overlay\"><div class=\"rbsTitle \">LAILA_BLACK_PANTY_FULL_REAR<\/div><div class=\"rbsIcons\"><i class=\"fa fa-search-plus rbsZoomIcon \" ><\/i><\/div><\/div><\/div><\/div><div class=\"rbs-img  category3841 \" ><div class=\"rbs-img-image   rbs-lightbox \" ><div class=\"rbs-img-thumbs\"  data-thumbnail=\"https:\/\/www.paripari-lingerie.com\/wp-content\/uploads\/2025\/05\/LAILA_BLACK_PANTY_BRAZIL_HW_FRONT-683x1024.jpg\"  title=\"LAILA_BLACK_PANTY_BRAZIL_HW_FRONT\"  data-width=\"683\"  data-height=\"1024\" ><\/div><div class=\"rbs-img-data-popup\"  data-popup=\"https:\/\/www.paripari-lingerie.com\/wp-content\/uploads\/2025\/05\/LAILA_BLACK_PANTY_BRAZIL_HW_FRONT.jpg\"  title=\"LAILA_BLACK_PANTY_BRAZIL_HW_FRONT\" ><\/div><div class=\"thumbnail-overlay\"><div class=\"rbsTitle \">LAILA_BLACK_PANTY_BRAZIL_HW_FRONT<\/div><div class=\"rbsIcons\"><i class=\"fa fa-search-plus rbsZoomIcon \" ><\/i><\/div><\/div><\/div><\/div><div class=\"rbs-img  category3841 \" ><div class=\"rbs-img-image   rbs-lightbox \" ><div class=\"rbs-img-thumbs\"  data-thumbnail=\"https:\/\/www.paripari-lingerie.com\/wp-content\/uploads\/2025\/05\/LAILA_BLACK_PANTY_BRAZIL_HW_REAR-683x1024.jpg\"  title=\"LAILA_BLACK_PANTY_BRAZIL_HW_REAR\"  data-width=\"683\"  data-height=\"1024\" ><\/div><div class=\"rbs-img-data-popup\"  data-popup=\"https:\/\/www.paripari-lingerie.com\/wp-content\/uploads\/2025\/05\/LAILA_BLACK_PANTY_BRAZIL_HW_REAR.jpg\"  title=\"LAILA_BLACK_PANTY_BRAZIL_HW_REAR\" ><\/div><div class=\"thumbnail-overlay\"><div class=\"rbsTitle \">LAILA_BLACK_PANTY_BRAZIL_HW_REAR<\/div><div class=\"rbsIcons\"><i class=\"fa fa-search-plus rbsZoomIcon \" ><\/i><\/div><\/div><\/div><\/div><div class=\"rbs-img  category3841 \" ><div class=\"rbs-img-image   rbs-lightbox \" ><div class=\"rbs-img-thumbs\"  data-thumbnail=\"https:\/\/www.paripari-lingerie.com\/wp-content\/uploads\/2025\/05\/LAILA_BLACK_PANTY_FULL_HW_FRONT-683x1024.jpg\"  title=\"LAILA_BLACK_PANTY_FULL_HW_FRONT\"  data-width=\"683\"  data-height=\"1024\" ><\/div><div class=\"rbs-img-data-popup\"  data-popup=\"https:\/\/www.paripari-lingerie.com\/wp-content\/uploads\/2025\/05\/LAILA_BLACK_PANTY_FULL_HW_FRONT.jpg\"  title=\"LAILA_BLACK_PANTY_FULL_HW_FRONT\" ><\/div><div class=\"thumbnail-overlay\"><div class=\"rbsTitle \">LAILA_BLACK_PANTY_FULL_HW_FRONT<\/div><div class=\"rbsIcons\"><i class=\"fa fa-search-plus rbsZoomIcon \" ><\/i><\/div><\/div><\/div><\/div><div class=\"rbs-img  category3841 \" ><div class=\"rbs-img-image   rbs-lightbox \" ><div class=\"rbs-img-thumbs\"  data-thumbnail=\"https:\/\/www.paripari-lingerie.com\/wp-content\/uploads\/2025\/05\/LAILA_BLACK_PANTY_FULL_HW_REAR-683x1024.jpg\"  title=\"LAILA_BLACK_PANTY_FULL_HW_REAR\"  data-width=\"683\"  data-height=\"1024\" ><\/div><div class=\"rbs-img-data-popup\"  data-popup=\"https:\/\/www.paripari-lingerie.com\/wp-content\/uploads\/2025\/05\/LAILA_BLACK_PANTY_FULL_HW_REAR.jpg\"  title=\"LAILA_BLACK_PANTY_FULL_HW_REAR\" ><\/div><div class=\"thumbnail-overlay\"><div class=\"rbsTitle \">LAILA_BLACK_PANTY_FULL_HW_REAR<\/div><div class=\"rbsIcons\"><i class=\"fa fa-search-plus rbsZoomIcon \" ><\/i><\/div><\/div><\/div><\/div><\/div><\/div><\/div><script>var rbs_gallery_69fafd13ce644 = {\"version\":\"5.1.4\",\"id\":3841,\"class\":\"id3841\",\"roboGalleryDelay\":1000,\"mainContainer\":\"#robo_gallery_main_block_rbs_gallery_69fafd13ce644\",\"loadingContainer\":\"#rbs_gallery_69fafd13ce644-block-loader\",\"loadingContainerObj\":\"rbs_gallery_69fafd13ce644-block-loader\",\"columnWidth\":\"auto\",\"columns\":3,\"resolutions\":[{\"columnWidth\":\"auto\",\"columns\":3,\"maxWidth\":960},{\"columnWidth\":\"auto\",\"columns\":2,\"maxWidth\":650},{\"columnWidth\":\"auto\",\"columns\":1,\"maxWidth\":450}],\"lightboxOptions\":{\"gallery\":{\"enabled\":true,\"tCounter\":\"%curr% of %total%\"}},\"overlayEffect\":\"direction-aware-fade\",\"boxesToLoadStart\":12,\"boxesToLoad\":8,\"waitUntilThumbLoads\":1,\"LoadingWord\":\"Loading...\",\"loadMoreWord\":\"Load More\",\"noMoreEntriesWord\":\"No More Entries\",\"horizontalSpaceBetweenBoxes\":15,\"verticalSpaceBetweenBoxes\":15,\"lazyLoad\":0,\"wrapContainer\":\"#robo-gallery-wrap-rbs_gallery_69fafd13ce644\"};<\/script><\/p>\n<p><\/p>\n<div class=\"product-description\">\n<p><strong>LAILA \u2013 elegancja na co dzie\u0144<\/strong><\/p>\n<p>  <!-- SOFT --><\/p>\n<p><strong>Biustonosz SOFT (nieusztywniany)<\/strong><\/p>\n<p>\n    Mi\u0119kki biustonosz z kwiatowej koronki i g\u0142adkiej mikrofibry dla naturalnego kszta\u0142tu i komfortu.<br \/>\n    G\u00f3rna cz\u0119\u015b\u0107 miseczki z transparentnej siateczki, dolna \u2013 koronkowa, podszyta siateczk\u0105 dla wi\u0119kszej stabilno\u015bci.<br \/>\n    Konstrukcja zapewnia pewne podtrzymanie tak\u017ce przy wi\u0119kszych biustach. Dost\u0119pny do rozmiaru <strong>115B<\/strong>.\n  <\/p>\n<ul>\n<li>Zapewnia naturalny kszta\u0142t i pewne podtrzymanie biustu.<\/li>\n<li>Regulowane, nieodpinane rami\u0105czka.<\/li>\n<li>G\u0142adkie boczki \u2013 dyskretne pod ubraniem.<\/li>\n<\/ul>\n<p>  <!-- PUSH --><\/p>\n<p><strong>Biustonosz PUSH-UP<\/strong><\/p>\n<p>\n    Zmys\u0142owy biustonosz push-up z kwiatowej koronki, stworzony dla kobiet ceni\u0105cych komfort i elegancj\u0119.<br \/>\n    Usztywniane miseczki z wyjmowanymi poduszeczkami subtelnie unosz\u0105 i modeluj\u0105 biust, podkre\u015blaj\u0105c dekolt.<br \/>\n    G\u0142adkie boczki uk\u0142adaj\u0105 si\u0119 idealnie pod ubraniem, a regulowane, nieodpinane rami\u0105czka gwarantuj\u0105 stabilne podtrzymanie.<br \/>\n    Idealny na co dzie\u0144 i na wyj\u0105tkowe okazje.\n  <\/p>\n<p>  <!-- FULL --><\/p>\n<p><strong>Figi FULL (klasyczne)<\/strong><\/p>\n<p>\n    Klasyczne figi, kt\u00f3re \u0142\u0105cz\u0105 wygod\u0119 z kobiecym stylem. Ty\u0142 z g\u0142adkiej mikrofibry zapewnia niewidoczno\u015b\u0107 pod ubraniem,<br \/>\n    a prz\u00f3d zdobi kwiatowa koronka z dwiema tr\u00f3jk\u0105tnymi wstawkami z transparentnej siateczki, dodaj\u0105c lekko\u015bci i finezji.<br \/>\n    Na \u015brodku \u2013 subtelny kwiatuszek. Dost\u0119pne w rozmiarach a\u017c do <strong>5XL<\/strong>.\n  <\/p>\n<p>  <!-- BRAZIL HW --><\/p>\n<p><strong>Figi BRAZIL HW (brazylijskie z wysokim stanem)<\/strong><\/p>\n<p>\n    Zmys\u0142owe brazylijki z wysokim stanem, \u0142\u0105cz\u0105ce komfort i kobiecy wdzi\u0119k.<br \/>\n    Ty\u0142 tworzy pi\u0119kna koronka po\u0142\u0105czona z delikatn\u0105 siateczk\u0105 \u2013 g\u0142adko przylega i nie odznacza si\u0119 pod ubraniem,<br \/>\n    zmys\u0142owo otulaj\u0105c po\u015bladki. Prz\u00f3d z kwiecistej koronki i transparentnej siateczki optycznie wysmukla sylwetk\u0119.<br \/>\n    Ca\u0142o\u015b\u0107 dope\u0142nia subtelny kwiatuszek na \u015brodku.\n  <\/p>\n<p>  <!-- FULL HW --><\/p>\n<p><strong>Figi FULL HW (z wysokim stanem)<\/strong><\/p>\n<p>\n    Klasyczne figi z wysokim stanem, doskonale \u0142\u0105cz\u0105ce wygod\u0119 i kobiecy styl.<br \/>\n    Ty\u0142 z g\u0142adkiej mikrofibry pozostaje niewidoczny pod ubraniem, a prz\u00f3d zdobi kwiatowa koronka<br \/>\n    z dwiema tr\u00f3jk\u0105tnymi wstawkami z transparentnej siateczki, dodaj\u0105c lekko\u015bci i finezji.<br \/>\n    Na \u015brodku \u2013 delikatny kwiatuszek jako subtelny akcent.\n  <\/p>\n<\/div>\n<p><\/p>\n<p><\/p>\n<table class=\"sizeTable\">\n<tbody>\n<tr>\n<td><b>BIUSTONOSZ PUSH-UP<\/b><\/td>\n<\/tr>\n<tr>\n<td>65&nbsp;&nbsp;CDEFGH<\/td>\n<\/tr>\n<tr>\n<td>70&nbsp;&nbsp;BCDEFG<\/td>\n<\/tr>\n<tr>\n<td>75&nbsp;&nbsp;ABCDEFGH<\/td>\n<\/tr>\n<tr>\n<td>80&nbsp;&nbsp;ABCDEFG<\/td>\n<\/tr>\n<tr>\n<td>85&nbsp;&nbsp;ABCDEF<\/td>\n<\/tr>\n<tr>\n<td>90&nbsp;&nbsp;BCDE<\/td>\n<\/tr>\n<tr>\n<td>95&nbsp;&nbsp;BCD<\/td>\n<\/tr>\n<tr>\n<td>100&nbsp;&nbsp;BC<\/td>\n<\/tr>\n<tr>\n<td>105&nbsp;&nbsp;B<\/td>\n<\/tr>\n<tr>\n<td><b>BIUSTONOSZ MI\u0118KKI<\/b><\/td>\n<\/tr>\n<tr>\n<td>65&nbsp;&nbsp;DEFGH<\/td>\n<\/tr>\n<tr>\n<td>70&nbsp;&nbsp;CDEFG<\/td>\n<\/tr>\n<tr>\n<td>75&nbsp;&nbsp;BCDEFGHIJ<\/td>\n<\/tr>\n<tr>\n<td>80&nbsp;&nbsp;ABCDEFGHI<\/td>\n<\/tr>\n<tr>\n<td>85&nbsp;&nbsp;ABCDEFGH<\/td>\n<\/tr>\n<tr>\n<td>90&nbsp;&nbsp;BCDEFG<\/td>\n<\/tr>\n<tr>\n<td>95&nbsp;&nbsp;BCDEF<\/td>\n<\/tr>\n<tr>\n<td>100&nbsp;&nbsp;BCDE<\/td>\n<\/tr>\n<tr>\n<td>105&nbsp;&nbsp;BCD<\/td>\n<\/tr>\n<tr>\n<td>110&nbsp;&nbsp;BC<\/td>\n<\/tr>\n<tr>\n<td>115&nbsp;&nbsp;B<\/td>\n<\/tr>\n<tr>\n<td><b>FIGI PE\u0141NE<\/b><\/td>\n<\/tr>\n<tr>\n<td>S&nbsp;&nbsp;M&nbsp;&nbsp;L&nbsp;&nbsp;XL&nbsp;&nbsp;XXL&nbsp;&nbsp;XXXL&nbsp;&nbsp;4XL&nbsp;&nbsp;5XL<\/td>\n<\/tr>\n<tr>\n<td><b>FIGI WYSOKIE (HW)<\/b><\/td>\n<\/tr>\n<tr>\n<td>S&nbsp;&nbsp;M&nbsp;&nbsp;L&nbsp;&nbsp;XL&nbsp;&nbsp;XXL&nbsp;&nbsp;XXXL<\/td>\n<\/tr>\n<tr>\n<td><b>FIGI BRAZYLIJSKIE WYSOKIE (HW)<\/b><\/td>\n<\/tr>\n<tr>\n<td>S&nbsp;&nbsp;M&nbsp;&nbsp;L&nbsp;&nbsp;XL&nbsp;&nbsp;XXL&nbsp;&nbsp;XXXL<\/td>\n<\/tr>\n<\/tbody>\n<\/table>\n<p><\/p>\n<p><p><\/p>\n<div style=\"display: flex; align-items: center; gap: 15px; margin-top: 20px; width: 100%;\">\n    <img decoding=\"async\" src=\"https:\/\/www.paripari-lingerie.com\/wp-content\/uploads\/2024\/10\/handshake_icon.png\" alt=\"Ikona wsp\u00f3\u0142pracy\" style=\"width: 50px; height: auto;\"\/><\/p>\n<div>\n        <b>Chcesz nawi\u0105za\u0107 wsp\u00f3\u0142prac\u0119 i zosta\u0107 dystrybutorem bielizny PariPari?<br \/>\n        <a href=\"https:\/\/www.paripari-lingerie.com\/cooperation-resell-paripari-lingerie-and-build-your-success-with-our-brand\/\">Tu znajdziesz wi\u0119cej informacji<\/a>, skontaktuj si\u0119 z nami \u2013 zapraszamy!<\/b>\n    <\/div>\n<\/div>\n<p><\/p><br \/>\n <\/p>\n","protected":false},"excerpt":{"rendered":"","protected":false},"author":1,"featured_media":0,"parent":1564,"menu_order":20,"comment_status":"closed","ping_status":"closed","template":"","meta":{"footnotes":""},"class_list":["post-3833","page","type-page","status-publish","czr-hentry"],"_links":{"self":[{"href":"https:\/\/www.paripari-lingerie.com\/pl\/wp-json\/wp\/v2\/pages\/3833","targetHints":{"allow":["GET"]}}],"collection":[{"href":"https:\/\/www.paripari-lingerie.com\/pl\/wp-json\/wp\/v2\/pages"}],"about":[{"href":"https:\/\/www.paripari-lingerie.com\/pl\/wp-json\/wp\/v2\/types\/page"}],"author":[{"embeddable":true,"href":"https:\/\/www.paripari-lingerie.com\/pl\/wp-json\/wp\/v2\/users\/1"}],"replies":[{"embeddable":true,"href":"https:\/\/www.paripari-lingerie.com\/pl\/wp-json\/wp\/v2\/comments?post=3833"}],"version-history":[{"count":3,"href":"https:\/\/www.paripari-lingerie.com\/pl\/wp-json\/wp\/v2\/pages\/3833\/revisions"}],"predecessor-version":[{"id":3920,"href":"https:\/\/www.paripari-lingerie.com\/pl\/wp-json\/wp\/v2\/pages\/3833\/revisions\/3920"}],"up":[{"embeddable":true,"href":"https:\/\/www.paripari-lingerie.com\/pl\/wp-json\/wp\/v2\/pages\/1564"}],"wp:attachment":[{"href":"https:\/\/www.paripari-lingerie.com\/pl\/wp-json\/wp\/v2\/media?parent=3833"}],"curies":[{"name":"wp","href":"https:\/\/api.w.org\/{rel}","templated":true}]}}