{"id":1586,"date":"2016-11-02T11:29:01","date_gmt":"2016-11-02T11:29:01","guid":{"rendered":"http:\/\/192.168.0.111\/pp2016\/?page_id=1586"},"modified":"2024-12-20T10:54:14","modified_gmt":"2024-12-20T09:54:14","slug":"about-us","status":"publish","type":"page","link":"https:\/\/www.paripari-lingerie.com\/pt\/about-us\/","title":{"rendered":"Sobre n\u00f3s"},"content":{"rendered":"<p><img loading=\"lazy\" decoding=\"async\" class=\"alignleft wp-image-1588 size-full\" src=\"http:\/\/www.paripari-lingerie.com\/wp-content\/uploads\/2016\/05\/paripari_logo_aboutus.png\" alt=\"paripari_logo_aboutus\" width=\"350\" height=\"177\" srcset=\"https:\/\/www.paripari-lingerie.com\/wp-content\/uploads\/2016\/05\/paripari_logo_aboutus.png 350w, https:\/\/www.paripari-lingerie.com\/wp-content\/uploads\/2016\/05\/paripari_logo_aboutus-300x152.png 300w\" sizes=\"auto, (max-width: 350px) 100vw, 350px\" \/><br \/>\nPariPari (do italiano &#8220;pari pari&#8221; \u2013 literalmente &#8220;palavra por palavra&#8221;) \u00e9 uma marca moderna de lingerie feminina que, desde 2013, conquista com sucesso novos mercados, mantendo os mais altos padr\u00f5es de qualidade. O mais importante \u00e9 que constru\u00edmos uma confian\u00e7a duradoura com os nossos clientes, a maioria dos quais nos acompanha desde o in\u00edcio da nossa atividade. As nossas conquistas s\u00e3o o resultado de quase 30 anos de experi\u00eancia da nossa equipe na ind\u00fastria de lingerie feminina. PariPari \u00e9 uma marca aberta a novas tend\u00eancias e ideias frescas, sempre se adaptando \u00e0s expectativas em constante mudan\u00e7a das nossas clientes.<\/p>\n<p><img loading=\"lazy\" decoding=\"async\" class=\"wp-image-1589 size-full alignright\" src=\"http:\/\/www.paripari-lingerie.com\/wp-content\/uploads\/2016\/05\/tavia-about-us.jpg\" alt=\"\" width=\"267\" height=\"400\" srcset=\"https:\/\/www.paripari-lingerie.com\/wp-content\/uploads\/2016\/05\/tavia-about-us.jpg 267w, https:\/\/www.paripari-lingerie.com\/wp-content\/uploads\/2016\/05\/tavia-about-us-200x300.jpg 200w\" sizes=\"auto, (max-width: 267px) 100vw, 267px\" \/><\/p>\n<p>A nossa lingerie \u00e9 escolhida pelas mulheres pela sua qualidade excepcional, conforto e durabilidade. Elas retornam frequentemente em busca de novos modelos, o que tem um valor imensur\u00e1vel para n\u00f3s. A satisfa\u00e7\u00e3o de uma mulher com uma lingerie bem ajustada, especialmente um suti\u00e3, \u00e9 um elemento-chave que nos diferencia da concorr\u00eancia. Uma lingerie bem adaptada n\u00e3o s\u00f3 real\u00e7a a beleza, como tamb\u00e9m garante conforto di\u00e1rio, o que \u00e9 a nossa prioridade.<\/p>\n<p>A nossa presen\u00e7a em muitos mercados internacionais e o desenvolvimento din\u00e2mico da nossa rede de distribui\u00e7\u00e3o permitem-nos acreditar que a lingerie exclusiva da PariPari realiza os sonhos das mulheres em todo o mundo. Oferecemos produtos que n\u00e3o s\u00f3 refor\u00e7am a confian\u00e7a de cada mulher, mas tamb\u00e9m encantam pelo design. A nossa lingerie, destacada pela eleg\u00e2ncia e sensualidade, \u00e9 apreciada n\u00e3o apenas pelas mulheres, mas tamb\u00e9m se torna uma excelente escolha para homens que procuram presentes especiais para os seus entes queridos.<\/p>\n<p>A lingerie da PariPari \u00e9 o presente perfeito para qualquer mulher especial. Para destacar a exclusividade dos nossos modelos, projetamos embalagens elegantes e estilizadas que se apresentam como uma refinada pir\u00e2mide. Basta adicionar uma fita para obter um presente de luxo pronto para oferecer \u2013 n\u00e3o apenas belo em apar\u00eancia, mas tamb\u00e9m especial pelo que cont\u00e9m. Esta combina\u00e7\u00e3o de est\u00e9tica e estilo refinado torna cada um dos nossos produtos mais do que apenas lingerie: \u00e9 uma pequena obra de arte que provoca sorrisos e alegria.<\/p>\n<p>Convidamo-lo cordialmente a embarcar numa viagem ao mundo da lingerie de luxo da PariPari. A nossa oferta \u00e9 dirigida a mulheres que desejam sentir-se especiais todos os dias, bem como a homens que querem oferecer algo \u00fanico e elegante. A nossa lingerie combina um design refinado, uma qualidade excecional e conforto, permitindo a cada mulher sentir-se confiante e sedutora. Descubra voc\u00ea mesmo o qu\u00e3o especial pode ser a lingerie da PariPari \u2013 n\u00e3o apenas para ocasi\u00f5es especiais, mas tamb\u00e9m para o dia a dia, porque cada mulher merece um toque de luxo.<\/p>\n<div class=\"product-info\">\n<h3>Informa\u00e7\u00f5es sobre a lingerie feminina PariPari<\/h3>\n<h4 style=\"font-weight: normal;\">1. Nome completo, endere\u00e7o e contacto do fabricante:<\/h4>\n<p>\n        Empresa respons\u00e1vel: PariPari Sp. z o.o.<br \/>\n        Endere\u00e7o: ul. Filomat\u00f3w 36,<br \/>\n        42-217 Cz\u0119stochowa, Pol\u00f3nia<br \/>\n        E-mail: <a href=\"mailto:info@paripari-lingerie.com\">info@paripari-lingerie.com<\/a><br \/>\n        Telefone: <a href=\"tel:+48796616400\">+48 796 616 400<\/a>\n    <\/p>\n<h4 style=\"font-weight: normal;\">2. Avisos e precau\u00e7\u00f5es:<\/h4>\n<p>\n        Lingerie destinada a adultos. Utilizar conforme a finalidade. Os produtos usados devem ser descartados de acordo com as normas de reciclagem.\n    <\/p>\n<h4 style=\"font-weight: normal;\">3. Instru\u00e7\u00f5es de utiliza\u00e7\u00e3o:<\/h4>\n<p>\n        Lingerie feminina destinada a ser usada diretamente no corpo. O armazenamento e cuidado adequados, conforme as recomenda\u00e7\u00f5es da etiqueta, prolongam a vida \u00fatil do produto.\n    <\/p>\n<h4 style=\"font-weight: normal;\">4. Informa\u00e7\u00f5es sobre durabilidade e cuidados:<\/h4>\n<ul>\n<li>Lavar \u00e0 m\u00e3o a uma temperatura m\u00e1xima de 40&#176;C.<\/li>\n<li>Lavar com cores similares.<\/li>\n<li>\u00c9 recomendado lavar \u00e0 m\u00e3o.<\/li>\n<li>N\u00e3o secar na m\u00e1quina de secar roupa.<\/li>\n<li>N\u00e3o utilizar cloro.<\/li>\n<li>N\u00e3o passar a ferro.<\/li>\n<li>N\u00e3o limpar a seco.<\/li>\n<li>Utilizar conforme as indica\u00e7\u00f5es da etiqueta.<\/li>\n<\/ul>\n<h4 style=\"font-weight: normal;\">5. Garantia:<\/h4>\n<p>A garantia dos nossos produtos \u00e9 de 2 anos.<\/p>\n<h4 style=\"font-weight: normal;\">6. Certificados e conformidade:<\/h4>\n<p>Os nossos produtos s\u00e3o fabricados na Pol\u00f3nia. Todos os elementos met\u00e1licos dos produtos s\u00e3o livres de n\u00edquel.<\/p>\n<h4 style=\"font-weight: normal;\">7. Poss\u00edveis riscos e informa\u00e7\u00f5es adicionais:<\/h4>\n<p>N\u00e3o foram identificados riscos adicionais associados ao uso dos nossos produtos.<\/p>\n<h4 style=\"font-weight: normal;\">8. Identificador do produto:<\/h4>\n<p>\n        Cada produto possui um identificador \u00fanico composto pela combina\u00e7\u00e3o MODELO TIPO COR TAMANHO, por exemplo: VESTA BRA PUSH-UP WHITE 75D. Para cada combina\u00e7\u00e3o, \u00e9 atribu\u00eddo um n\u00famero EAN-13 \u00fanico.<br \/>\n        A s\u00e9rie (ano e m\u00eas de produ\u00e7\u00e3o) \u00e9 indicada no formato bin\u00e1rio separado por uma barra vertical (por exemplo: 1011|1100 corresponde a dezembro de 2024). O c\u00f3digo est\u00e1 localizado abaixo do c\u00f3digo de barras, tanto na embalagem quanto na etiqueta do produto.\n    <\/p>\n<h4 style=\"font-weight: normal;\">9. Especifica\u00e7\u00f5es t\u00e9cnicas:<\/h4>\n<p>\n        As composi\u00e7\u00f5es dos materiais est\u00e3o indicadas na etiqueta de cada produto. A maioria dos produtos \u00e9 composta por:\n    <\/p>\n<ul>\n<li>Poliamida 78%<\/li>\n<li>Elastano 17%<\/li>\n<li>Algod\u00e3o 5%<\/li>\n<\/ul>\n<p>Os suti\u00e3s macios s\u00e3o uma exce\u00e7\u00e3o, pois n\u00e3o cont\u00eam algod\u00e3o:<\/p>\n<ul>\n<li>Poliamida 80%<\/li>\n<li>Elastano 20%<\/li>\n<\/ul>\n<\/div>\n<p><\/p>","protected":false},"excerpt":{"rendered":"<p>PariPari (do italiano &#8220;pari pari&#8221; \u2013 literalmente &#8220;palavra por palavra&#8221;) \u00e9 uma marca moderna de lingerie feminina que, desde 2013, conquista com sucesso novos mercados, mantendo os mais altos padr\u00f5es de qualidade. O mais importante \u00e9 que constru\u00edmos uma confian\u00e7a duradoura com os nossos clientes, a maioria dos quais nos acompanha desde o in\u00edcio da [&hellip;]<\/p>\n","protected":false},"author":1,"featured_media":3089,"parent":0,"menu_order":1,"comment_status":"closed","ping_status":"closed","template":"","meta":{"footnotes":""},"class_list":["post-1586","page","type-page","status-publish","has-post-thumbnail","czr-hentry"],"_links":{"self":[{"href":"https:\/\/www.paripari-lingerie.com\/pt\/wp-json\/wp\/v2\/pages\/1586","targetHints":{"allow":["GET"]}}],"collection":[{"href":"https:\/\/www.paripari-lingerie.com\/pt\/wp-json\/wp\/v2\/pages"}],"about":[{"href":"https:\/\/www.paripari-lingerie.com\/pt\/wp-json\/wp\/v2\/types\/page"}],"author":[{"embeddable":true,"href":"https:\/\/www.paripari-lingerie.com\/pt\/wp-json\/wp\/v2\/users\/1"}],"replies":[{"embeddable":true,"href":"https:\/\/www.paripari-lingerie.com\/pt\/wp-json\/wp\/v2\/comments?post=1586"}],"version-history":[{"count":28,"href":"https:\/\/www.paripari-lingerie.com\/pt\/wp-json\/wp\/v2\/pages\/1586\/revisions"}],"predecessor-version":[{"id":3743,"href":"https:\/\/www.paripari-lingerie.com\/pt\/wp-json\/wp\/v2\/pages\/1586\/revisions\/3743"}],"wp:featuredmedia":[{"embeddable":true,"href":"https:\/\/www.paripari-lingerie.com\/pt\/wp-json\/wp\/v2\/media\/3089"}],"wp:attachment":[{"href":"https:\/\/www.paripari-lingerie.com\/pt\/wp-json\/wp\/v2\/media?parent=1586"}],"curies":[{"name":"wp","href":"https:\/\/api.w.org\/{rel}","templated":true}]}}