{"id":1770,"date":"2016-11-02T14:31:11","date_gmt":"2016-11-02T14:31:11","guid":{"rendered":"http:\/\/www.paripari-lingerie.com\/beta_\/?page_id=1770"},"modified":"2024-12-20T13:00:30","modified_gmt":"2024-12-20T12:00:30","slug":"vesta-white","status":"publish","type":"page","link":"https:\/\/www.paripari-lingerie.com\/pt\/collection\/vesta-white\/","title":{"rendered":"VESTA BRANCA"},"content":{"rendered":"<p><br \/>\n<\/p>\n<p style=\"text-align: center;\"><style type=\"text\/css\" scoped>.rbs_gallery_69e3558b856b2Spinner{\r\n\t\t\t\tmargin: 50px auto;\r\n\t\t\t\twidth: 50px;\r\n\t\t\t\theight: 40px;\r\n\t\t\t\ttext-align: center;\r\n\t\t\t\tfont-size: 10px;\r\n\t\t\t}\r\n\t\t\t.rbs_gallery_69e3558b856b2Spinner > div{\r\n\t\t\t  background-color: #333;\r\n\t\t\t  height: 100%;\r\n\t\t\t  width: 6px;\r\n\t\t\t  display: inline-block;\r\n\t\t\t  -webkit-animation: rbs_gallery_69e3558b856b2-stretchdelay 1.2s infinite ease-in-out;\r\n\t\t\t  animation: rbs_gallery_69e3558b856b2-stretchdelay 1.2s infinite ease-in-out;\r\n\t\t\t}\r\n\t\t\t.rbs_gallery_69e3558b856b2Spinner .rbs_gallery_69e3558b856b2Rect2 {\r\n\t\t\t  -webkit-animation-delay: -1.1s;\r\n\t\t\t  animation-delay: -1.1s;\r\n\t\t\t}\r\n\t\t\t.rbs_gallery_69e3558b856b2Spinner .rbs_gallery_69e3558b856b2Rect3 {\r\n\t\t\t  -webkit-animation-delay: -1.0s;\r\n\t\t\t  animation-delay: -1.0s;\r\n\t\t\t}\r\n\t\t\t.rbs_gallery_69e3558b856b2Spinner .rbs_gallery_69e3558b856b2Rect4 {\r\n\t\t\t  -webkit-animation-delay: -0.9s;\r\n\t\t\t  animation-delay: -0.9s;\r\n\t\t\t}\r\n\t\t\t.rbs_gallery_69e3558b856b2Spinner .rbs_gallery_69e3558b856b2Rect5 {\r\n\t\t\t  -webkit-animation-delay: -0.8s;\r\n\t\t\t  animation-delay: -0.8s;\r\n\t\t\t}\r\n\t\t\t@-webkit-keyframes rbs_gallery_69e3558b856b2-stretchdelay {\r\n\t\t\t  0%, 40%, 100% { -webkit-transform: scaleY(0.4) }  \r\n\t\t\t  20% { -webkit-transform: scaleY(1.0) }\r\n\t\t\t}\r\n\t\t\t@keyframes rbs_gallery_69e3558b856b2-stretchdelay {\r\n\t\t\t  0%, 40%, 100% { \r\n\t\t\t    transform: scaleY(0.4);\r\n\t\t\t    -webkit-transform: scaleY(0.4);\r\n\t\t\t  }  20% { \r\n\t\t\t    transform: scaleY(1.0);\r\n\t\t\t    -webkit-transform: scaleY(1.0);\r\n\t\t\t  }\r\n\t\t\t}\r\n\t\t<\/style><div class=\"robo-gallery-wrap robo-gallery-wrap-id2103 robo-gallery-\" ><div id=\"rbs_gallery_69e3558b856b2-block-loader\" class=\"rbs_gallery_69e3558b856b2Spinner\"><div class=\"rbs_gallery_69e3558b856b2Rect1\"><\/div> <div class=\"rbs_gallery_69e3558b856b2Rect2\"><\/div> <div class=\"rbs_gallery_69e3558b856b2Rect3\"><\/div> <div class=\"rbs_gallery_69e3558b856b2Rect4\"><\/div> <div class=\"rbs_gallery_69e3558b856b2Rect5\"><\/div><\/div><div class=\"rbs_gallery_button  rbs_gallery_align_left\" id=\"rbs_gallery_69e3558b856b2filter\" style=\" display: none;\" ><a class=\"button button-border-caution  \" href=\"#\" data-filter=\"*\">All<\/a><\/div><div id=\"robo_gallery_main_block_rbs_gallery_69e3558b856b2\" class=\"robogallery-gallery-2103\" style=\"width:100%;  display: none;\"><div id=\"rbs_gallery_69e3558b856b2\" data-options=\"rbs_gallery_69e3558b856b2\" style=\"width:100%;\" class=\"robo_gallery  \"><div class=\"rbs-img  category2103 \" ><div class=\"rbs-img-image   rbs-lightbox \" ><div class=\"rbs-img-thumbs\"  data-thumbnail=\"https:\/\/www.paripari-lingerie.com\/wp-content\/uploads\/2022\/04\/VESTA-WHITE-PUSH-UP-and-BOXERS-FRONT-683x1024.jpg\"  title=\"VESTA WHITE PUSH-UP and BOXERS FRONT\"  data-width=\"683\"  data-height=\"1024\" ><\/div><div class=\"rbs-img-data-popup\"  data-popup=\"https:\/\/www.paripari-lingerie.com\/wp-content\/uploads\/2022\/04\/VESTA-WHITE-PUSH-UP-and-BOXERS-FRONT.jpg\"  title=\"VESTA WHITE PUSH-UP and BOXERS FRONT\" ><\/div><div class=\"thumbnail-overlay\"><div class=\"rbsTitle \">VESTA WHITE PUSH-UP and BOXERS FRONT<\/div><div class=\"rbsIcons\"><i class=\"fa fa-search-plus rbsZoomIcon \" ><\/i><\/div><\/div><\/div><\/div><div class=\"rbs-img  category2103 \" ><div class=\"rbs-img-image   rbs-lightbox \" ><div class=\"rbs-img-thumbs\"  data-thumbnail=\"https:\/\/www.paripari-lingerie.com\/wp-content\/uploads\/2022\/04\/VESTA-WHITE-PUSH-UP-and-FULL-FRONT-683x1024.jpg\"  title=\"VESTA WHITE PUSH-UP and FULL FRONT\"  data-width=\"683\"  data-height=\"1024\" ><\/div><div class=\"rbs-img-data-popup\"  data-popup=\"https:\/\/www.paripari-lingerie.com\/wp-content\/uploads\/2022\/04\/VESTA-WHITE-PUSH-UP-and-FULL-FRONT.jpg\"  title=\"VESTA WHITE PUSH-UP and FULL FRONT\" ><\/div><div class=\"thumbnail-overlay\"><div class=\"rbsTitle \">VESTA WHITE PUSH-UP and FULL FRONT<\/div><div class=\"rbsIcons\"><i class=\"fa fa-search-plus rbsZoomIcon \" ><\/i><\/div><\/div><\/div><\/div><div class=\"rbs-img  category2103 \" ><div class=\"rbs-img-image   rbs-lightbox \" ><div class=\"rbs-img-thumbs\"  data-thumbnail=\"https:\/\/www.paripari-lingerie.com\/wp-content\/uploads\/2022\/04\/VESTA-WHITE-PUSH-UP-and-STRING-FRONT-683x1024.jpg\"  title=\"VESTA WHITE PUSH-UP and STRING FRONT\"  data-width=\"683\"  data-height=\"1024\" ><\/div><div class=\"rbs-img-data-popup\"  data-popup=\"https:\/\/www.paripari-lingerie.com\/wp-content\/uploads\/2022\/04\/VESTA-WHITE-PUSH-UP-and-STRING-FRONT.jpg\"  title=\"VESTA WHITE PUSH-UP and STRING FRONT\" ><\/div><div class=\"thumbnail-overlay\"><div class=\"rbsTitle \">VESTA WHITE PUSH-UP and STRING FRONT<\/div><div class=\"rbsIcons\"><i class=\"fa fa-search-plus rbsZoomIcon \" ><\/i><\/div><\/div><\/div><\/div><div class=\"rbs-img  category2103 \" ><div class=\"rbs-img-image   rbs-lightbox \" ><div class=\"rbs-img-thumbs\"  data-thumbnail=\"https:\/\/www.paripari-lingerie.com\/wp-content\/uploads\/2022\/04\/VESTA-WHITE-SHIRT-FRONT-683x1024.jpg\"  title=\"VESTA WHITE SHIRT FRONT\"  data-width=\"683\"  data-height=\"1024\" ><\/div><div class=\"rbs-img-data-popup\"  data-popup=\"https:\/\/www.paripari-lingerie.com\/wp-content\/uploads\/2022\/04\/VESTA-WHITE-SHIRT-FRONT.jpg\"  title=\"VESTA WHITE SHIRT FRONT\" ><\/div><div class=\"thumbnail-overlay\"><div class=\"rbsTitle \">VESTA WHITE SHIRT FRONT<\/div><div class=\"rbsIcons\"><i class=\"fa fa-search-plus rbsZoomIcon \" ><\/i><\/div><\/div><\/div><\/div><div class=\"rbs-img  category2103 \" ><div class=\"rbs-img-image   rbs-lightbox \" ><div class=\"rbs-img-thumbs\"  data-thumbnail=\"https:\/\/www.paripari-lingerie.com\/wp-content\/uploads\/2022\/04\/VESTA-WHITE-PUSH-UP-and-BOXERS-REAR-683x1024.jpg\"  title=\"VESTA WHITE PUSH-UP and BOXERS REAR\"  data-width=\"683\"  data-height=\"1024\" ><\/div><div class=\"rbs-img-data-popup\"  data-popup=\"https:\/\/www.paripari-lingerie.com\/wp-content\/uploads\/2022\/04\/VESTA-WHITE-PUSH-UP-and-BOXERS-REAR.jpg\"  title=\"VESTA WHITE PUSH-UP and BOXERS REAR\" ><\/div><div class=\"thumbnail-overlay\"><div class=\"rbsTitle \">VESTA WHITE PUSH-UP and BOXERS REAR<\/div><div class=\"rbsIcons\"><i class=\"fa fa-search-plus rbsZoomIcon \" ><\/i><\/div><\/div><\/div><\/div><div class=\"rbs-img  category2103 \" ><div class=\"rbs-img-image   rbs-lightbox \" ><div class=\"rbs-img-thumbs\"  data-thumbnail=\"https:\/\/www.paripari-lingerie.com\/wp-content\/uploads\/2022\/04\/VESTA-WHITE-PUSH-UP-and-STRING-REAR-683x1024.jpg\"  title=\"VESTA WHITE PUSH-UP and STRING REAR\"  data-width=\"683\"  data-height=\"1024\" ><\/div><div class=\"rbs-img-data-popup\"  data-popup=\"https:\/\/www.paripari-lingerie.com\/wp-content\/uploads\/2022\/04\/VESTA-WHITE-PUSH-UP-and-STRING-REAR.jpg\"  title=\"VESTA WHITE PUSH-UP and STRING REAR\" ><\/div><div class=\"thumbnail-overlay\"><div class=\"rbsTitle \">VESTA WHITE PUSH-UP and STRING REAR<\/div><div class=\"rbsIcons\"><i class=\"fa fa-search-plus rbsZoomIcon \" ><\/i><\/div><\/div><\/div><\/div><div class=\"rbs-img  category2103 \" ><div class=\"rbs-img-image   rbs-lightbox \" ><div class=\"rbs-img-thumbs\"  data-thumbnail=\"https:\/\/www.paripari-lingerie.com\/wp-content\/uploads\/2022\/04\/VESTA-WHITE-PUSH-UP-and-FULL-REAR-683x1024.jpg\"  title=\"VESTA WHITE PUSH-UP and FULL REAR\"  data-width=\"683\"  data-height=\"1024\" ><\/div><div class=\"rbs-img-data-popup\"  data-popup=\"https:\/\/www.paripari-lingerie.com\/wp-content\/uploads\/2022\/04\/VESTA-WHITE-PUSH-UP-and-FULL-REAR.jpg\"  title=\"VESTA WHITE PUSH-UP and FULL REAR\" ><\/div><div class=\"thumbnail-overlay\"><div class=\"rbsTitle \">VESTA WHITE PUSH-UP and FULL REAR<\/div><div class=\"rbsIcons\"><i class=\"fa fa-search-plus rbsZoomIcon \" ><\/i><\/div><\/div><\/div><\/div><div class=\"rbs-img  category2103 \" ><div class=\"rbs-img-image   rbs-lightbox \" ><div class=\"rbs-img-thumbs\"  data-thumbnail=\"https:\/\/www.paripari-lingerie.com\/wp-content\/uploads\/2022\/04\/VESTA-WHITE-SHIRT-REAR-683x1024.jpg\"  title=\"VESTA WHITE SHIRT REAR\"  data-width=\"683\"  data-height=\"1024\" ><\/div><div class=\"rbs-img-data-popup\"  data-popup=\"https:\/\/www.paripari-lingerie.com\/wp-content\/uploads\/2022\/04\/VESTA-WHITE-SHIRT-REAR.jpg\"  title=\"VESTA WHITE SHIRT REAR\" ><\/div><div class=\"thumbnail-overlay\"><div class=\"rbsTitle \">VESTA WHITE SHIRT REAR<\/div><div class=\"rbsIcons\"><i class=\"fa fa-search-plus rbsZoomIcon \" ><\/i><\/div><\/div><\/div><\/div><\/div><\/div><\/div><script>var rbs_gallery_69e3558b856b2 = {\"version\":\"5.1.4\",\"id\":2103,\"class\":\"id2103\",\"roboGalleryDelay\":1000,\"mainContainer\":\"#robo_gallery_main_block_rbs_gallery_69e3558b856b2\",\"loadingContainer\":\"#rbs_gallery_69e3558b856b2-block-loader\",\"loadingContainerObj\":\"rbs_gallery_69e3558b856b2-block-loader\",\"columnWidth\":\"auto\",\"columns\":3,\"resolutions\":[{\"columnWidth\":\"auto\",\"columns\":3,\"maxWidth\":960},{\"columnWidth\":\"auto\",\"columns\":2,\"maxWidth\":650},{\"columnWidth\":\"auto\",\"columns\":1,\"maxWidth\":450}],\"lightboxOptions\":{\"gallery\":{\"enabled\":true,\"tCounter\":\"%curr% of %total%\"}},\"overlayEffect\":\"direction-aware-fade\",\"boxesToLoadStart\":12,\"boxesToLoad\":8,\"waitUntilThumbLoads\":1,\"LoadingWord\":\"Loading...\",\"loadMoreWord\":\"Load More\",\"noMoreEntriesWord\":\"No More Entries\",\"horizontalSpaceBetweenBoxes\":15,\"verticalSpaceBetweenBoxes\":15,\"lazyLoad\":1,\"wrapContainer\":\"#robo-gallery-wrap-rbs_gallery_69e3558b856b2\",\"filterContainer\":\"#rbs_gallery_69e3558b856b2filter\",\"loadMoreClass\":\"button-border-caution \"};<\/script><\/p>\n<p><p><b>Suti\u00e3 Vesta<\/b> \u00e9 um elegante push-up feito de delicada renda, destacando sua leveza e charme feminino. Equipado com almofadas remov\u00edveis e copas acolchoadas, modela perfeitamente o busto. La\u00e7os sutis entre as copas e nas al\u00e7as adicionam um toque de gra\u00e7a. O suti\u00e3 possui al\u00e7as ajust\u00e1veis e destac\u00e1veis, aros laterais para um ajuste perfeito e fecho traseiro com dois ou tr\u00eas ganchos (dependendo do tamanho) com ajuste de tr\u00eas n\u00edveis. \u00c9 uma escolha perfeita para qualquer ocasi\u00e3o.<\/p>\n<p>Os seguintes itens da cole\u00e7\u00e3o Vesta combinam perfeitamente:<\/p>\n<ul>\n<li><b>Calcinha Completa Vesta<\/b>: Calcinha cl\u00e1ssica que combina o charme refinado da renda com o conforto da microfibra. O corte confort\u00e1vel acentua a beleza da silhueta feminina, oferecendo eleg\u00e2ncia e conforto di\u00e1rio.<\/li>\n<li><b>Fio Dental Vesta<\/b>: Estas belas calcinhas fio dental combinam o charme sensual da renda com a praticidade da microfibra, destacando perfeitamente as curvas femininas. Uma mistura de eleg\u00e2ncia sutil e conforto moderno.<\/li>\n<li><b>Shorts Vesta<\/b>: Encantadores shorts onde a delicada renda real\u00e7a lindamente a figura. Um la\u00e7o de cetim adiciona um toque \u00fanico de charme, e as costas feitas de microfibra elegante garantem conforto.<\/li>\n<li><b>Camiseta Vesta<\/b>: Uma camiseta sutil e sensual que combina a suavidade da microfibra com o charme da renda. Gra\u00e7as \u00e0s propriedades modeladoras da microfibra, a camiseta ajusta-se perfeitamente \u00e0 silhueta, destacando sua beleza natural.<\/li>\n<\/ul>\n<p>O conjunto completo cria uma linha de lingerie feminina, sensual e coerente, que oferece tanto conforto quanto uma apar\u00eancia impressionante em qualquer situa\u00e7\u00e3o.<\/p>\n<p><\/p><br \/>\n<p><a href=\"\/sizes-table\">Tabela de tamanhos de <strong>lingerie PariPari<\/strong><\/a><br \/>\n<\/p><br \/>\n<p><\/p>\n<table class=\"sizeTable\">\n<tbody>\n<tr>\n<td><b>SUTI\u00c3 PUSH-UP<\/b><br \/>\n65 CDEFGH<br \/>\n70 BCDEFG<br \/>\n75 ABCDEFGH<br \/>\n80 ABCDEFG<br \/>\n85 ABCDEF<br \/>\n90 BCDE<br \/>\n95 BCD<br \/>\n100 BC<br \/>\n105 B<\/td>\n<\/tr>\n<\/tbody>\n<\/table>\n<p><\/p><\/p>\n<p><\/p>\n<table class=\"sizeTable\">\n<tbody>\n<tr>\n<td><b>CALCINHAS CL\u00c1SSICAS<\/b><br \/>\nS, M, L, XL, XXL<\/td>\n<td><b>FIO DENTAL<\/b><br \/>\nS, M, L, XL, XXL<\/td>\n<td><b>BOXER<\/b><br \/>\nS, M, L, XL, XXL<\/td>\n<\/tr>\n<\/tbody>\n<\/table>\n<p><\/p>\n<p><\/p>\n<table class=\"sizeTable\">\n<tbody>\n<tr>\n<td><b>CAMISOLA<\/b><br \/>\nS, M, L, XL, XXL<\/td>\n<\/tr>\n<\/tbody>\n<\/table>\n<p><\/p>\n<p><p><\/p>\n<div style=\"display: flex; align-items: center; gap: 15px; margin-top: 20px; width: 100%;\">\n    <img decoding=\"async\" src=\"https:\/\/www.paripari-lingerie.com\/wp-content\/uploads\/2024\/10\/handshake_icon.png\" alt=\"\u00cdcone de colabora\u00e7\u00e3o\" style=\"width: 50px; height: auto;\"\/><\/p>\n<div>\n        <b>Est\u00e1 interessado em colaborar conosco e tornar-se um distribuidor de lingerie PariPari?<br \/>\n        <a href=\"https:\/\/www.paripari-lingerie.com\/cooperation-resell-paripari-lingerie-and-build-your-success-with-our-brand\/\">Encontre mais informa\u00e7\u00f5es aqui<\/a>, entre em contato conosco \u2013 estamos ansiosos para ouvir de voc\u00ea!<\/b>\n    <\/div>\n<\/div>\n<p><\/p><br \/>\n<br \/>\n<\/p>","protected":false},"excerpt":{"rendered":"","protected":false},"author":1,"featured_media":0,"parent":1564,"menu_order":29,"comment_status":"closed","ping_status":"closed","template":"","meta":{"footnotes":""},"class_list":["post-1770","page","type-page","status-publish","czr-hentry"],"_links":{"self":[{"href":"https:\/\/www.paripari-lingerie.com\/pt\/wp-json\/wp\/v2\/pages\/1770","targetHints":{"allow":["GET"]}}],"collection":[{"href":"https:\/\/www.paripari-lingerie.com\/pt\/wp-json\/wp\/v2\/pages"}],"about":[{"href":"https:\/\/www.paripari-lingerie.com\/pt\/wp-json\/wp\/v2\/types\/page"}],"author":[{"embeddable":true,"href":"https:\/\/www.paripari-lingerie.com\/pt\/wp-json\/wp\/v2\/users\/1"}],"replies":[{"embeddable":true,"href":"https:\/\/www.paripari-lingerie.com\/pt\/wp-json\/wp\/v2\/comments?post=1770"}],"version-history":[{"count":12,"href":"https:\/\/www.paripari-lingerie.com\/pt\/wp-json\/wp\/v2\/pages\/1770\/revisions"}],"predecessor-version":[{"id":3815,"href":"https:\/\/www.paripari-lingerie.com\/pt\/wp-json\/wp\/v2\/pages\/1770\/revisions\/3815"}],"up":[{"embeddable":true,"href":"https:\/\/www.paripari-lingerie.com\/pt\/wp-json\/wp\/v2\/pages\/1564"}],"wp:attachment":[{"href":"https:\/\/www.paripari-lingerie.com\/pt\/wp-json\/wp\/v2\/media?parent=1770"}],"curies":[{"name":"wp","href":"https:\/\/api.w.org\/{rel}","templated":true}]}}