{"id":1839,"date":"2016-11-02T19:21:44","date_gmt":"2016-11-02T19:21:44","guid":{"rendered":"http:\/\/www.paripari-lingerie.com\/beta_\/?page_id=1839"},"modified":"2024-12-20T00:21:02","modified_gmt":"2024-12-19T23:21:02","slug":"strona-glowna","status":"publish","type":"page","link":"https:\/\/www.paripari-lingerie.com\/pt\/","title":{"rendered":"Home"},"content":{"rendered":"<p><\/p>\n<div id=\"MainDivBottomText\">\n<h1>Lingerie PariPari<\/h1>\n<p>PariPari \u00e9 uma marca moderna de lingerie feminina que combina quase 30 anos de experi\u00eancia na ind\u00fastria da lingerie na Pol\u00f3nia e no estrangeiro com abertura a novas tend\u00eancias, ideias originais e solu\u00e7\u00f5es interessantes. Os produtos PariPari representam uma oferta de alt\u00edssima qualidade, adaptada tanto a mulheres magras como \u00e0s que usam tamanhos maiores. Na nossa cole\u00e7\u00e3o, encontrar\u00e1 conjuntos cl\u00e1ssicos de lingerie, ligas, camisas, camisas de noite, cuecas, tangas, cuecas de cintura alta, cuecas originais, bem como soutiens suaves e push-up. Para as m\u00e3es que amamentam, tamb\u00e9m oferecemos um modelo com al\u00e7a destac\u00e1vel \u2013 Jasmine.<\/p>\n<h2>Lingerie polaca<\/h2>\n<p>A lingerie PariPari \u00e9 sin\u00f3nimo de alta qualidade. Como fabricante de lingerie, os nossos modelos \u00fanicos s\u00e3o confeccionados na Pol\u00f3nia, utilizando os melhores materiais, como rendas bonitas e elegantes, bordados \u00fanicos, tule macio e microfibra confort\u00e1vel. Cada detalhe dos nossos produtos \u00e9 criado com o maior cuidado para garantir a m\u00e1xima qualidade. Gra\u00e7as ao seu estilo \u00fanico, a lingerie PariPari \u00e9 o presente perfeito para cada mulher especial, tanto para o dia a dia como para ocasi\u00f5es especiais, como noivados, anivers\u00e1rios, Natal, Dia dos Namorados ou casamentos.<\/p>\n<h2>Lingerie sexy<\/h2>\n<p>Estamos convencidos de que a lingerie exclusiva PariPari realiza os sonhos das mulheres e encanta os homens como lingerie feminina sexy. Para destacar ainda mais a beleza dos nossos modelos, concebemos embalagens \u00fanicas que se transformam numa elegante pir\u00e2mide. Basta adicionar uma fita para criar um presente excecional que encanta tanto pela sua forma como, o mais importante, pelo seu conte\u00fado.\n<\/p><\/div>\n<p style=\"text-align: right;\"><p><a href=\"https:\/\/www.paripari-lingerie.com\/paripari-privacy-policy\/\">Pol\u00edtica de privacidade, GDPR<\/a><br \/>\n<\/p><\/p>\n<p><\/p>","protected":false},"excerpt":{"rendered":"<p>Lingerie PariPari PariPari \u00e9 uma marca moderna de lingerie feminina que combina quase 30 anos de experi\u00eancia na ind\u00fastria da lingerie na Pol\u00f3nia e no estrangeiro com abertura a novas tend\u00eancias, ideias originais e solu\u00e7\u00f5es interessantes. Os produtos PariPari representam uma oferta de alt\u00edssima qualidade, adaptada tanto a mulheres magras como \u00e0s que usam tamanhos [&hellip;]<\/p>\n","protected":false},"author":1,"featured_media":0,"parent":0,"menu_order":2,"comment_status":"closed","ping_status":"closed","template":"","meta":{"footnotes":""},"class_list":["post-1839","page","type-page","status-publish","czr-hentry"],"_links":{"self":[{"href":"https:\/\/www.paripari-lingerie.com\/pt\/wp-json\/wp\/v2\/pages\/1839","targetHints":{"allow":["GET"]}}],"collection":[{"href":"https:\/\/www.paripari-lingerie.com\/pt\/wp-json\/wp\/v2\/pages"}],"about":[{"href":"https:\/\/www.paripari-lingerie.com\/pt\/wp-json\/wp\/v2\/types\/page"}],"author":[{"embeddable":true,"href":"https:\/\/www.paripari-lingerie.com\/pt\/wp-json\/wp\/v2\/users\/1"}],"replies":[{"embeddable":true,"href":"https:\/\/www.paripari-lingerie.com\/pt\/wp-json\/wp\/v2\/comments?post=1839"}],"version-history":[{"count":9,"href":"https:\/\/www.paripari-lingerie.com\/pt\/wp-json\/wp\/v2\/pages\/1839\/revisions"}],"predecessor-version":[{"id":3729,"href":"https:\/\/www.paripari-lingerie.com\/pt\/wp-json\/wp\/v2\/pages\/1839\/revisions\/3729"}],"wp:attachment":[{"href":"https:\/\/www.paripari-lingerie.com\/pt\/wp-json\/wp\/v2\/media?parent=1839"}],"curies":[{"name":"wp","href":"https:\/\/api.w.org\/{rel}","templated":true}]}}