{"id":1843,"date":"2016-12-17T09:15:07","date_gmt":"2016-12-17T08:15:07","guid":{"rendered":"http:\/\/www.paripari-lingerie.com\/beta_\/cookie-policy\/"},"modified":"2024-12-20T00:29:12","modified_gmt":"2024-12-19T23:29:12","slug":"cookie-policy","status":"publish","type":"page","link":"https:\/\/www.paripari-lingerie.com\/pt\/cookie-policy\/","title":{"rendered":"Cookies information"},"content":{"rendered":"<p><\/p>\n<div id=\"CookieInfoHeader\"><\/div>\n<p>No nosso site, utilizamos cookies. Ao continuar a utilizar o nosso site com as configura\u00e7\u00f5es padr\u00e3o de cookies, estes ser\u00e3o armazenados no seu dispositivo. Para evitar isso, pode alterar as configura\u00e7\u00f5es de cookies no seu navegador a qualquer momento. Mais detalhes est\u00e3o dispon\u00edveis na nossa Pol\u00edtica de Privacidade.<\/p>\n<h2>Pol\u00edtica de Privacidade do site PariPari<\/h2>\n<div id=\"MainDiv\">\n<p>No site da PariPari, s\u00e3o fornecidos links para servi\u00e7os externos que n\u00e3o seguem esta pol\u00edtica. A PariPari sp. z o.o. (doravante, &#8220;PariPari&#8221;) n\u00e3o se responsabiliza pelas pol\u00edticas de privacidade aplicadas nesses sites. Recomendamos que consulte as pol\u00edticas de privacidade de cada site.<\/p>\n<p><strong>Dados n\u00e3o pessoais<\/strong><\/p>\n<p>A PariPari compromete-se a proteger a privacidade deste site. O site utiliza um mecanismo chamado &#8220;cookies&#8221;. Mais informa\u00e7\u00f5es sobre o mecanismo de &#8220;cookies&#8221; est\u00e3o dispon\u00edveis numa pol\u00edtica separada de privacidade e uso de cookies nos sites da PariPari sp. z o.o.<\/p>\n<h2>Pol\u00edtica de privacidade e uso de cookies nos sites da PariPari sp. z o.o.<\/h2>\n<p>Os dados recolhidos nos registos de logs s\u00e3o utilizados exclusivamente para fins de administra\u00e7\u00e3o do site. N\u00e3o tentamos identificar os utilizadores dos sites pertencentes \u00e0 PariPari sp. z o.o.<\/p>\n<p><strong>Recolha de dados<\/strong><\/p>\n<p>De acordo com a pr\u00e1tica comum da maioria dos sites, armazenamos pedidos HTTP enviados ao nosso servidor. Isso significa que conhecemos os endere\u00e7os IP p\u00fablicos dos quais os utilizadores acedem aos conte\u00fados informativos dos nossos servi\u00e7os. Os recursos visualizados s\u00e3o identificados por endere\u00e7os URL.<\/p>\n<p>Esses dados n\u00e3o est\u00e3o associados a pessoas espec\u00edficas que visitam os sites da PariPari sp. z o.o.<\/p>\n<p><strong>Uso de dados<\/strong><\/p>\n<p>Os registos recolhidos s\u00e3o armazenados para fins administrativos. As informa\u00e7\u00f5es neles contidas n\u00e3o s\u00e3o divulgadas a ningu\u00e9m, exceto ao pessoal autorizado a administrar os servidores da PariPari sp. z o.o. Com base nos registos, podem ser geradas estat\u00edsticas \u00fateis para a administra\u00e7\u00e3o. Os resumos agregados nessas estat\u00edsticas n\u00e3o cont\u00eam nenhuma caracter\u00edstica que identifique os visitantes do site.<\/p>\n<p><strong>Mecanismo de cookies nos sites da PariPari sp. z o.o.<\/strong><\/p>\n<p>O mecanismo de cookies n\u00e3o \u00e9 utilizado para obter informa\u00e7\u00f5es sobre os utilizadores do site nem para rastrear a sua navega\u00e7\u00e3o. Os cookies utilizados nos sites pertencentes \u00e0 PariPari sp. z o.o. n\u00e3o armazenam dados pessoais dos utilizadores. Os cookies s\u00e3o utilizados para manter uma sess\u00e3o entre o navegador e o servidor (os cookies s\u00e3o apagados ao fechar o navegador) e para lembrar a \u00faltima vers\u00e3o de idioma selecionada no site.<\/p>\n<p><strong>O que s\u00e3o cookies?<\/strong><\/p>\n<p>Os cookies s\u00e3o pequenos &#8220;fragmentos&#8221; de informa\u00e7\u00e3o armazenados pelo seu navegador. Gra\u00e7as aos cookies, os sites lembram as suas prefer\u00eancias.<\/p>\n<p><strong>Como gerir os cookies:<\/strong><\/p>\n<p>Se n\u00e3o desejar receber cookies, pode alterar as configura\u00e7\u00f5es do seu navegador. Note que desativar os cookies necess\u00e1rios para registo, seguran\u00e7a e manuten\u00e7\u00e3o de prefer\u00eancias do utilizador pode dificultar a utiliza\u00e7\u00e3o dos sites da PariPari sp. z o.o. e, em casos extremos, impossibilitar o seu uso.<\/p>\n<p>Para gerir as configura\u00e7\u00f5es de cookies, selecione o seu navegador na lista abaixo e siga as instru\u00e7\u00f5es:<br \/>\n\u00b7 Internet Explorer &#8211;\u00a0<a href=\"http:\/\/support.microsoft.com\/kb\/196955\" target=\"_blank\" rel=\"noopener\">http:\/\/support.microsoft.com\/kb\/196955<\/a><br \/>\n\u00b7 Chrome &#8211;\u00a0<a href=\"http:\/\/support.google.com\/chrome\/bin\/answer.py?hl=pt&amp;answer=95647\" target=\"_blank\" rel=\"noopener\">http:\/\/support.google.com\/chrome\/bin\/answer.py?hl=pt&amp;answer=95647<\/a><br \/>\n\u00b7 Safari &#8211;\u00a0<a href=\"http:\/\/support.apple.com\/kb\/PH5042\" target=\"_blank\" rel=\"noopener\">http:\/\/support.apple.com\/kb\/PH5042<\/a><br \/>\n\u00b7 Firefox &#8211;\u00a0<a href=\"http:\/\/support.mozilla.org\/pt\/kb\/ativar-e-desativar-cookies\" target=\"_blank\" rel=\"noopener\">http:\/\/support.mozilla.org\/pt\/kb\/ativar-e-desativar-cookies<\/a><br \/>\n\u00b7 Opera &#8211;\u00a0<a href=\"http:\/\/help.opera.com\/Windows\/12.10\/pt\/cookies.html\" target=\"_blank\" rel=\"noopener\">http:\/\/help.opera.com\/Windows\/12.10\/pt\/cookies.html<\/a><\/p>\n<p>Dispositivos m\u00f3veis:<br \/>\n\u00b7 Android &#8211;\u00a0<a href=\"http:\/\/support.google.com\/chrome\/bin\/answer.py?hl=pt&amp;answer=95647\" target=\"_blank\" rel=\"noopener\">http:\/\/support.google.com\/chrome\/bin\/answer.py?hl=pt&amp;answer=95647<\/a><br \/>\n\u00b7 Safari &#8211;\u00a0<a href=\"http:\/\/support.apple.com\/kb\/HT1677?viewlocale=pt_PT\" target=\"_blank\" rel=\"noopener\">http:\/\/support.apple.com\/kb\/HT1677?viewlocale=pt_PT<\/a><br \/>\n\u00b7 Windows Phone &#8211;\u00a0<a href=\"http:\/\/www.windowsphone.com\/pt-pt\/how-to\/wp7\/web\/changing-privacy-and-other-browser-settings\" target=\"_blank\" rel=\"noopener\">http:\/\/www.windowsphone.com\/pt-pt\/how-to\/wp7\/web\/changing-privacy-and-other-browser-settings<\/a><br \/>\n\u00b7 Blackberry &#8211;\u00a0<a href=\"http:\/\/docs.blackberry.com\/en\/smartphone_users\/deliverables\/32004\/Turn_off_cookies_in_the_browser_60_1072866_11.jsp\" target=\"_blank\" rel=\"noopener\">http:\/\/docs.blackberry.com\/en\/smartphone_users\/deliverables\/32004\/Turn_off_cookies_in_the_browser_60_1072866_11.jsp<\/a><\/p>\n<p><strong>Links para outros sites<\/strong><\/p>\n<p>Os servi\u00e7os pertencentes \u00e0 PariPari sp. z o.o. podem conter links para outros sites. A PariPari sp. z o.o. n\u00e3o se responsabiliza pelas pol\u00edticas de privacidade aplicadas nesses sites. Recomendamos que, ao aceder a outros sites, leia as pol\u00edticas de privacidade definidas por eles. Esta pol\u00edtica de privacidade aplica-se apenas aos sites pertencentes \u00e0 PariPari sp. z o.o.<\/p>\n<p><strong>Estat\u00edsticas do Google Analytics<\/strong><\/p>\n<p>O tr\u00e1fego nos sites \u00e9 monitorado atrav\u00e9s das estat\u00edsticas do Google Analytics. O objetivo \u00e9 recolher dados sobre o uso e a popularidade dos nossos sites. Ao utilizar os sites, aceita que os seus dados sejam analisados pelo Google Analytics para os fins aqui descritos.<\/p>\n<\/div>\n<div id=\"topMenuLine\"><\/div>\n<p><\/p>","protected":false},"excerpt":{"rendered":"<p>No nosso site, utilizamos cookies. Ao continuar a utilizar o nosso site com as configura\u00e7\u00f5es padr\u00e3o de cookies, estes ser\u00e3o armazenados no seu dispositivo. Para evitar isso, pode alterar as configura\u00e7\u00f5es de cookies no seu navegador a qualquer momento. Mais detalhes est\u00e3o dispon\u00edveis na nossa Pol\u00edtica de Privacidade. Pol\u00edtica de Privacidade do site PariPari No [&hellip;]<\/p>\n","protected":false},"author":1,"featured_media":0,"parent":0,"menu_order":7,"comment_status":"closed","ping_status":"closed","template":"","meta":{"footnotes":""},"class_list":["post-1843","page","type-page","status-publish","czr-hentry"],"_links":{"self":[{"href":"https:\/\/www.paripari-lingerie.com\/pt\/wp-json\/wp\/v2\/pages\/1843","targetHints":{"allow":["GET"]}}],"collection":[{"href":"https:\/\/www.paripari-lingerie.com\/pt\/wp-json\/wp\/v2\/pages"}],"about":[{"href":"https:\/\/www.paripari-lingerie.com\/pt\/wp-json\/wp\/v2\/types\/page"}],"author":[{"embeddable":true,"href":"https:\/\/www.paripari-lingerie.com\/pt\/wp-json\/wp\/v2\/users\/1"}],"replies":[{"embeddable":true,"href":"https:\/\/www.paripari-lingerie.com\/pt\/wp-json\/wp\/v2\/comments?post=1843"}],"version-history":[{"count":6,"href":"https:\/\/www.paripari-lingerie.com\/pt\/wp-json\/wp\/v2\/pages\/1843\/revisions"}],"predecessor-version":[{"id":3737,"href":"https:\/\/www.paripari-lingerie.com\/pt\/wp-json\/wp\/v2\/pages\/1843\/revisions\/3737"}],"wp:attachment":[{"href":"https:\/\/www.paripari-lingerie.com\/pt\/wp-json\/wp\/v2\/media?parent=1843"}],"curies":[{"name":"wp","href":"https:\/\/api.w.org\/{rel}","templated":true}]}}